{"id":4123,"date":"2021-12-22T08:27:03","date_gmt":"2021-12-22T08:27:03","guid":{"rendered":"https:\/\/www.ahotech.com\/?post_type=product&#038;p=4123"},"modified":"2022-02-19T12:31:49","modified_gmt":"2022-02-19T12:31:49","slug":"3-kpl-7-v-18650-litiumparistoa","status":"publish","type":"product","link":"https:\/\/www.ahotech.com\/fi\/product\/3-7v-18650-lithium-battery\/","title":{"rendered":"3,7 V 18650 litiumparisto"},"content":{"rendered":"<p>3,7 V 18650 litiumparisto<\/p>\n<p>Korkealaatuinen nikkel\u00f6ity ter\u00e4skotelo, hyv\u00e4 korroosionkest\u00e4vyys, ei ruostu<\/p>\n<p><img fetchpriority=\"high\" decoding=\"async\" class=\"alignnone size-medium wp-image-4131\" src=\"https:\/\/www.ahotech.com\/wp-content\/uploads\/2021\/12\/3.6V-18650-lithium-battery-1-300x300.jpg\" alt=\"3,7 V 18650 litiumparisto\" width=\"300\" height=\"300\" srcset=\"https:\/\/www.ahotech.com\/wp-content\/uploads\/2021\/12\/3.6V-18650-lithium-battery-1-300x300.jpg 300w, https:\/\/www.ahotech.com\/wp-content\/uploads\/2021\/12\/3.6V-18650-lithium-battery-1-150x150.jpg 150w, https:\/\/www.ahotech.com\/wp-content\/uploads\/2021\/12\/3.6V-18650-lithium-battery-1-768x768.jpg 768w, https:\/\/www.ahotech.com\/wp-content\/uploads\/2021\/12\/3.6V-18650-lithium-battery-1-600x600.jpg 600w, https:\/\/www.ahotech.com\/wp-content\/uploads\/2021\/12\/3.6V-18650-lithium-battery-1-100x100.jpg 100w, https:\/\/www.ahotech.com\/wp-content\/uploads\/2021\/12\/3.6V-18650-lithium-battery-1.jpg 800w\" sizes=\"(max-width: 300px) 100vw, 300px\" \/><\/p>\n<p>Jatkuva purkaus t\u00e4ydell\u00e4 kuormalla<\/p>\n<p>Pitk\u00e4 kest\u00e4vyys, ei muistivaikutusta, pitk\u00e4 k\u00e4ytt\u00f6ik\u00e4<\/p>\n<p><img decoding=\"async\" class=\"alignnone size-medium wp-image-4132\" src=\"https:\/\/www.ahotech.com\/wp-content\/uploads\/2021\/12\/18650-lithium-battery-custom\uff082\uff09-300x300.jpg\" alt=\"18650 litiumparisto mukautettu (2)\" width=\"300\" height=\"300\" srcset=\"https:\/\/www.ahotech.com\/wp-content\/uploads\/2021\/12\/18650-lithium-battery-custom\uff082\uff09-300x300.jpg 300w, https:\/\/www.ahotech.com\/wp-content\/uploads\/2021\/12\/18650-lithium-battery-custom\uff082\uff09-150x150.jpg 150w, https:\/\/www.ahotech.com\/wp-content\/uploads\/2021\/12\/18650-lithium-battery-custom\uff082\uff09-768x768.jpg 768w, https:\/\/www.ahotech.com\/wp-content\/uploads\/2021\/12\/18650-lithium-battery-custom\uff082\uff09-600x600.jpg 600w, https:\/\/www.ahotech.com\/wp-content\/uploads\/2021\/12\/18650-lithium-battery-custom\uff082\uff09-100x100.jpg 100w, https:\/\/www.ahotech.com\/wp-content\/uploads\/2021\/12\/18650-lithium-battery-custom\uff082\uff09.jpg 800w\" sizes=\"(max-width: 300px) 100vw, 300px\" \/><\/p>\n<p>Akun kapasiteetti on riitt\u00e4v\u00e4 ja se voidaan ladata ja purkaa yli 1000 kertaa. 1000 kerran j\u00e4lkeen kapasiteetti laskee 30%. (Kun akku on t\u00e4yteen ladattu, se kuluu loppuun yhden lataussyklin ajan.)<\/p>\n<p>Pitk\u00e4aikainen varastointi, alhainen itsepurkautuminen ja alhaisen itsepurkautumisen tekniikka v\u00e4hent\u00e4v\u00e4t tehokkaasti luonnollista s\u00e4hk\u00f6n menetyst\u00e4.<\/p>","protected":false},"excerpt":{"rendered":"<p>J\u00e4nnite: 3,7 V<\/p>\n<p>Koko: 18 * 65 mm<\/p>\n<p>Nimellisj\u00e4nnite: 3,7 V (t\u00e4yteen ladattu j\u00e4nnite 4,2 V, purkausj\u00e4nnite 2,75 V)<\/p>\n<p>L\u00e4ht\u00f6virta: \u22642A<\/p>\n<p>Kapasiteetti: 5800 MWH, 9800 MWH, 12580 MWH vastaavasti<\/p>\n<p>Sis\u00e4inen vastus: alle 50m \u03c9<\/p>\n<p>Kertak\u00e4ytt\u00f6inen: pienelle tuulettimelle, kannettavalle virtal\u00e4hteelle, taskulampulle<br \/>\nYhdistetty k\u00e4ytt\u00f6: kokoa eri j\u00e4nnitteill\u00e4 ja kapasiteeteilla varustettuja akkuja<\/p>","protected":false},"featured_media":4122,"template":"","meta":{"_acf_changed":false,"site-sidebar-layout":"default","site-content-layout":"default","ast-site-content-layout":"","site-content-style":"default","site-sidebar-style":"default","ast-global-header-display":"","ast-banner-title-visibility":"","ast-main-header-display":"","ast-hfb-above-header-display":"","ast-hfb-below-header-display":"","ast-hfb-mobile-header-display":"","site-post-title":"","ast-breadcrumbs-content":"","ast-featured-img":"","footer-sml-layout":"","theme-transparent-header-meta":"default","adv-header-id-meta":"","stick-header-meta":"","header-above-stick-meta":"","header-main-stick-meta":"","header-below-stick-meta":"","astra-migrate-meta-layouts":"default","ast-page-background-enabled":"default","ast-page-background-meta":{"desktop":{"background-color":"","background-image":"","background-repeat":"repeat","background-position":"center center","background-size":"auto","background-attachment":"scroll","background-type":"","background-media":"","overlay-type":"","overlay-color":"","overlay-opacity":"","overlay-gradient":""},"tablet":{"background-color":"","background-image":"","background-repeat":"repeat","background-position":"center center","background-size":"auto","background-attachment":"scroll","background-type":"","background-media":"","overlay-type":"","overlay-color":"","overlay-opacity":"","overlay-gradient":""},"mobile":{"background-color":"","background-image":"","background-repeat":"repeat","background-position":"center center","background-size":"auto","background-attachment":"scroll","background-type":"","background-media":"","overlay-type":"","overlay-color":"","overlay-opacity":"","overlay-gradient":""}},"ast-content-background-meta":{"desktop":{"background-color":"var(--ast-global-color-5)","background-image":"","background-repeat":"repeat","background-position":"center center","background-size":"auto","background-attachment":"scroll","background-type":"","background-media":"","overlay-type":"","overlay-color":"","overlay-opacity":"","overlay-gradient":""},"tablet":{"background-color":"var(--ast-global-color-5)","background-image":"","background-repeat":"repeat","background-position":"center center","background-size":"auto","background-attachment":"scroll","background-type":"","background-media":"","overlay-type":"","overlay-color":"","overlay-opacity":"","overlay-gradient":""},"mobile":{"background-color":"var(--ast-global-color-5)","background-image":"","background-repeat":"repeat","background-position":"center center","background-size":"auto","background-attachment":"scroll","background-type":"","background-media":"","overlay-type":"","overlay-color":"","overlay-opacity":"","overlay-gradient":""}}},"product_brand":[],"product_cat":[41],"product_tag":[],"class_list":{"0":"post-4123","1":"product","2":"type-product","3":"status-publish","4":"has-post-thumbnail","6":"product_cat-rechargeable-lithium-battery","7":"desktop-align-left","8":"tablet-align-left","9":"mobile-align-left","11":"first","12":"instock","13":"shipping-taxable","14":"product-type-simple"},"acf":[],"yoast_head":"<!-- This site is optimized with the Yoast SEO plugin v27.3 - https:\/\/yoast.com\/product\/yoast-seo-wordpress\/ -->\n<title>3.7V 18650 lithium battery - Ahotech.com<\/title>\n<meta name=\"robots\" content=\"index, follow, max-snippet:-1, max-image-preview:large, max-video-preview:-1\" \/>\n<link rel=\"canonical\" href=\"https:\/\/www.ahotech.com\/fi\/tuote\/3-kpl-7-v-18650-litiumparistoa\/\" \/>\n<meta property=\"og:locale\" content=\"fi_FI\" \/>\n<meta property=\"og:type\" content=\"article\" \/>\n<meta property=\"og:title\" content=\"3.7V 18650 lithium battery - Ahotech.com\" \/>\n<meta property=\"og:description\" content=\"Voltage: 3.7 V  Size\uff1a18*65mm  Nominal voltage: 3.7V (fully charged voltage 4.2V, discharge cut-off voltage 2.75V)  Output current: \u22642A  Capacity: 5800MWH, 9800MWH, 12580MWH respectively  Internal resistance: less than 50m \u03c9  Single use: for small fan, mobile power supply, flashlight Combined use: assemble battery packs with different voltages and capacities\" \/>\n<meta property=\"og:url\" content=\"https:\/\/www.ahotech.com\/fi\/tuote\/3-kpl-7-v-18650-litiumparistoa\/\" \/>\n<meta property=\"og:site_name\" content=\"Ahotech.com\" \/>\n<meta property=\"article:modified_time\" content=\"2022-02-19T12:31:49+00:00\" \/>\n<meta property=\"og:image\" content=\"https:\/\/www.ahotech.com\/wp-content\/uploads\/2021\/12\/3.6V-18650-lithium-battery.jpg\" \/>\n\t<meta property=\"og:image:width\" content=\"800\" \/>\n\t<meta property=\"og:image:height\" content=\"800\" \/>\n\t<meta property=\"og:image:type\" content=\"image\/jpeg\" \/>\n<meta name=\"twitter:card\" content=\"summary_large_image\" \/>\n<script type=\"application\/ld+json\" class=\"yoast-schema-graph\">{\"@context\":\"https:\\\/\\\/schema.org\",\"@graph\":[{\"@type\":\"WebPage\",\"@id\":\"https:\\\/\\\/www.ahotech.com\\\/product\\\/3-7v-18650-lithium-battery\\\/\",\"url\":\"https:\\\/\\\/www.ahotech.com\\\/product\\\/3-7v-18650-lithium-battery\\\/\",\"name\":\"3.7V 18650 lithium battery - Ahotech.com\",\"isPartOf\":{\"@id\":\"https:\\\/\\\/www.ahotech.com\\\/es\\\/#website\"},\"primaryImageOfPage\":{\"@id\":\"https:\\\/\\\/www.ahotech.com\\\/product\\\/3-7v-18650-lithium-battery\\\/#primaryimage\"},\"image\":{\"@id\":\"https:\\\/\\\/www.ahotech.com\\\/product\\\/3-7v-18650-lithium-battery\\\/#primaryimage\"},\"thumbnailUrl\":\"https:\\\/\\\/www.ahotech.com\\\/wp-content\\\/uploads\\\/2021\\\/12\\\/3.6V-18650-lithium-battery.jpg\",\"datePublished\":\"2021-12-22T08:27:03+00:00\",\"dateModified\":\"2022-02-19T12:31:49+00:00\",\"breadcrumb\":{\"@id\":\"https:\\\/\\\/www.ahotech.com\\\/product\\\/3-7v-18650-lithium-battery\\\/#breadcrumb\"},\"inLanguage\":\"fi\",\"potentialAction\":[{\"@type\":\"ReadAction\",\"target\":[\"https:\\\/\\\/www.ahotech.com\\\/product\\\/3-7v-18650-lithium-battery\\\/\"]}]},{\"@type\":\"ImageObject\",\"inLanguage\":\"fi\",\"@id\":\"https:\\\/\\\/www.ahotech.com\\\/product\\\/3-7v-18650-lithium-battery\\\/#primaryimage\",\"url\":\"https:\\\/\\\/www.ahotech.com\\\/wp-content\\\/uploads\\\/2021\\\/12\\\/3.6V-18650-lithium-battery.jpg\",\"contentUrl\":\"https:\\\/\\\/www.ahotech.com\\\/wp-content\\\/uploads\\\/2021\\\/12\\\/3.6V-18650-lithium-battery.jpg\",\"width\":800,\"height\":800,\"caption\":\"3.7V 18650 lithium battery\"},{\"@type\":\"BreadcrumbList\",\"@id\":\"https:\\\/\\\/www.ahotech.com\\\/product\\\/3-7v-18650-lithium-battery\\\/#breadcrumb\",\"itemListElement\":[{\"@type\":\"ListItem\",\"position\":1,\"name\":\"Home\",\"item\":\"https:\\\/\\\/de.ahotech.com\\\/\"},{\"@type\":\"ListItem\",\"position\":2,\"name\":\"Store\",\"item\":\"https:\\\/\\\/de.ahotech.com\\\/speichern\\\/\"},{\"@type\":\"ListItem\",\"position\":3,\"name\":\"3.7V 18650 lithium battery\"}]},{\"@type\":\"WebSite\",\"@id\":\"https:\\\/\\\/www.ahotech.com\\\/es\\\/#website\",\"url\":\"https:\\\/\\\/www.ahotech.com\\\/es\\\/\",\"name\":\"Ahotech.com\",\"description\":\"lithium battery manufacturers\",\"publisher\":{\"@id\":\"https:\\\/\\\/www.ahotech.com\\\/es\\\/#organization\"},\"potentialAction\":[{\"@type\":\"SearchAction\",\"target\":{\"@type\":\"EntryPoint\",\"urlTemplate\":\"https:\\\/\\\/www.ahotech.com\\\/es\\\/?s={search_term_string}\"},\"query-input\":{\"@type\":\"PropertyValueSpecification\",\"valueRequired\":true,\"valueName\":\"search_term_string\"}}],\"inLanguage\":\"fi\"},{\"@type\":\"Organization\",\"@id\":\"https:\\\/\\\/www.ahotech.com\\\/es\\\/#organization\",\"name\":\"Ahotech.com\",\"url\":\"https:\\\/\\\/www.ahotech.com\\\/es\\\/\",\"logo\":{\"@type\":\"ImageObject\",\"inLanguage\":\"fi\",\"@id\":\"https:\\\/\\\/www.ahotech.com\\\/es\\\/#\\\/schema\\\/logo\\\/image\\\/\",\"url\":\"https:\\\/\\\/www.ahotech.com\\\/wp-content\\\/uploads\\\/2021\\\/10\\\/battery-site-logo.jpg\",\"contentUrl\":\"https:\\\/\\\/www.ahotech.com\\\/wp-content\\\/uploads\\\/2021\\\/10\\\/battery-site-logo.jpg\",\"width\":1297,\"height\":465,\"caption\":\"Ahotech.com\"},\"image\":{\"@id\":\"https:\\\/\\\/www.ahotech.com\\\/es\\\/#\\\/schema\\\/logo\\\/image\\\/\"}}]}<\/script>\n<!-- \/ Yoast SEO plugin. -->","yoast_head_json":{"title":"3,7 V 18650 litiumparisto - Ahotech.com","robots":{"index":"index","follow":"follow","max-snippet":"max-snippet:-1","max-image-preview":"max-image-preview:large","max-video-preview":"max-video-preview:-1"},"canonical":"https:\/\/www.ahotech.com\/fi\/tuote\/3-kpl-7-v-18650-litiumparistoa\/","og_locale":"fi_FI","og_type":"article","og_title":"3.7V 18650 lithium battery - Ahotech.com","og_description":"Voltage: 3.7 V  Size\uff1a18*65mm  Nominal voltage: 3.7V (fully charged voltage 4.2V, discharge cut-off voltage 2.75V)  Output current: \u22642A  Capacity: 5800MWH, 9800MWH, 12580MWH respectively  Internal resistance: less than 50m \u03c9  Single use: for small fan, mobile power supply, flashlight Combined use: assemble battery packs with different voltages and capacities","og_url":"https:\/\/www.ahotech.com\/fi\/tuote\/3-kpl-7-v-18650-litiumparistoa\/","og_site_name":"Ahotech.com","article_modified_time":"2022-02-19T12:31:49+00:00","og_image":[{"width":800,"height":800,"url":"https:\/\/www.ahotech.com\/wp-content\/uploads\/2021\/12\/3.6V-18650-lithium-battery.jpg","type":"image\/jpeg"}],"twitter_card":"summary_large_image","schema":{"@context":"https:\/\/schema.org","@graph":[{"@type":"WebPage","@id":"https:\/\/www.ahotech.com\/product\/3-7v-18650-lithium-battery\/","url":"https:\/\/www.ahotech.com\/product\/3-7v-18650-lithium-battery\/","name":"3,7 V 18650 litiumparisto - Ahotech.com","isPartOf":{"@id":"https:\/\/www.ahotech.com\/es\/#website"},"primaryImageOfPage":{"@id":"https:\/\/www.ahotech.com\/product\/3-7v-18650-lithium-battery\/#primaryimage"},"image":{"@id":"https:\/\/www.ahotech.com\/product\/3-7v-18650-lithium-battery\/#primaryimage"},"thumbnailUrl":"https:\/\/www.ahotech.com\/wp-content\/uploads\/2021\/12\/3.6V-18650-lithium-battery.jpg","datePublished":"2021-12-22T08:27:03+00:00","dateModified":"2022-02-19T12:31:49+00:00","breadcrumb":{"@id":"https:\/\/www.ahotech.com\/product\/3-7v-18650-lithium-battery\/#breadcrumb"},"inLanguage":"fi","potentialAction":[{"@type":"ReadAction","target":["https:\/\/www.ahotech.com\/product\/3-7v-18650-lithium-battery\/"]}]},{"@type":"ImageObject","inLanguage":"fi","@id":"https:\/\/www.ahotech.com\/product\/3-7v-18650-lithium-battery\/#primaryimage","url":"https:\/\/www.ahotech.com\/wp-content\/uploads\/2021\/12\/3.6V-18650-lithium-battery.jpg","contentUrl":"https:\/\/www.ahotech.com\/wp-content\/uploads\/2021\/12\/3.6V-18650-lithium-battery.jpg","width":800,"height":800,"caption":"3.7V 18650 lithium battery"},{"@type":"BreadcrumbList","@id":"https:\/\/www.ahotech.com\/product\/3-7v-18650-lithium-battery\/#breadcrumb","itemListElement":[{"@type":"ListItem","position":1,"name":"Home","item":"https:\/\/de.ahotech.com\/"},{"@type":"ListItem","position":2,"name":"Store","item":"https:\/\/de.ahotech.com\/speichern\/"},{"@type":"ListItem","position":3,"name":"3.7V 18650 lithium battery"}]},{"@type":"WebSite","@id":"https:\/\/www.ahotech.com\/es\/#website","url":"https:\/\/www.ahotech.com\/es\/","name":"Ahotech.com","description":"litium-akkujen valmistajat","publisher":{"@id":"https:\/\/www.ahotech.com\/es\/#organization"},"potentialAction":[{"@type":"SearchAction","target":{"@type":"EntryPoint","urlTemplate":"https:\/\/www.ahotech.com\/es\/?s={search_term_string}"},"query-input":{"@type":"PropertyValueSpecification","valueRequired":true,"valueName":"search_term_string"}}],"inLanguage":"fi"},{"@type":"Organization","@id":"https:\/\/www.ahotech.com\/es\/#organization","name":"Ahotech.com","url":"https:\/\/www.ahotech.com\/es\/","logo":{"@type":"ImageObject","inLanguage":"fi","@id":"https:\/\/www.ahotech.com\/es\/#\/schema\/logo\/image\/","url":"https:\/\/www.ahotech.com\/wp-content\/uploads\/2021\/10\/battery-site-logo.jpg","contentUrl":"https:\/\/www.ahotech.com\/wp-content\/uploads\/2021\/10\/battery-site-logo.jpg","width":1297,"height":465,"caption":"Ahotech.com"},"image":{"@id":"https:\/\/www.ahotech.com\/es\/#\/schema\/logo\/image\/"}}]}},"_links":{"self":[{"href":"https:\/\/www.ahotech.com\/fi\/wp-json\/wp\/v2\/product\/4123","targetHints":{"allow":["GET"]}}],"collection":[{"href":"https:\/\/www.ahotech.com\/fi\/wp-json\/wp\/v2\/product"}],"about":[{"href":"https:\/\/www.ahotech.com\/fi\/wp-json\/wp\/v2\/types\/product"}],"version-history":[{"count":4,"href":"https:\/\/www.ahotech.com\/fi\/wp-json\/wp\/v2\/product\/4123\/revisions"}],"predecessor-version":[{"id":4133,"href":"https:\/\/www.ahotech.com\/fi\/wp-json\/wp\/v2\/product\/4123\/revisions\/4133"}],"wp:featuredmedia":[{"embeddable":true,"href":"https:\/\/www.ahotech.com\/fi\/wp-json\/wp\/v2\/media\/4122"}],"wp:attachment":[{"href":"https:\/\/www.ahotech.com\/fi\/wp-json\/wp\/v2\/media?parent=4123"}],"wp:term":[{"taxonomy":"product_brand","embeddable":true,"href":"https:\/\/www.ahotech.com\/fi\/wp-json\/wp\/v2\/product_brand?post=4123"},{"taxonomy":"product_cat","embeddable":true,"href":"https:\/\/www.ahotech.com\/fi\/wp-json\/wp\/v2\/product_cat?post=4123"},{"taxonomy":"product_tag","embeddable":true,"href":"https:\/\/www.ahotech.com\/fi\/wp-json\/wp\/v2\/product_tag?post=4123"}],"curies":[{"name":"wp","href":"https:\/\/api.w.org\/{rel}","templated":true}]}}