{"id":3488,"date":"2021-10-23T16:06:37","date_gmt":"2021-10-23T16:06:37","guid":{"rendered":"https:\/\/www.ahotech.com\/?post_type=product&#038;p=3488"},"modified":"2025-05-26T21:11:32","modified_gmt":"2025-05-26T21:11:32","slug":"hybridikondensaattoriakku-1550-tadiran-1550-hlc-1550","status":"publish","type":"product","link":"https:\/\/www.ahotech.com\/fi\/product\/hybrid-capacitor-battery-1550-tadiran-1550-hlc-1550\/","title":{"rendered":"Hybridikondensaattori akku 1550, tadiran 1550, hlc 1550"},"content":{"rendered":"<p>Hybridikondensaattoriakku HPC 1550 on vaihtoehto Tadiran 1550:lle, hlc 1550 -akulle, jota kutsumme hybridipulssikondensaattoriksi (HPC). Se on er\u00e4\u00e4nlainen ladattava akku, jota k\u00e4ytet\u00e4\u00e4n kondensaattorina IoT-akkupakkauksessa, jossa ne on kytketty rinnan puolatyyppiseen laitteeseen. <a href=\"https:\/\/www.ahotech.com\/fi\/tuote-osasto\/litiumtionyylikloridi-li-socl2-akku\/\">litiumtionyylikloridi-LiSOCl2-akku<\/a>, mink\u00e4 seurauksena <span class=\"___SText_jyp83-red-team\" data-ui-name=\"Link.Text\">pitk\u00e4kestoinen akku.<\/span> HPC-akkujen impedanssi on alhainen, ja ne voivat tuottaa suuria virtapulsseja. IoT-akkupakettimme tarjoaa maksimaalisen sek\u00e4 energian ett\u00e4 tehotiheyden erityyppisille IoT-sovelluksille.<\/p>\n<p>HPC 1550 -kennoja voidaan ladata tasavirralla tai yhdist\u00e4\u00e4 aurinkos\u00e4hk\u00f6j\u00e4rjestelmiin tai muihin energiankeruulaitteisiin luotettavan pitk\u00e4aikaisen virran tuottamiseksi. Se on edullisempi ratkaisu kuin Tadiran 1550.<\/p>\n<div style=\"width: 960px;\" class=\"wp-video\"><video class=\"wp-video-shortcode\" id=\"video-3488-1\" width=\"960\" height=\"540\" preload=\"metadata\" controls=\"controls\"><source type=\"video\/mp4\" src=\"https:\/\/www.ahotech.com\/wp-content\/uploads\/2021\/10\/hybrid-capacitor-battery-1550.mp4?_=1\" \/><a href=\"https:\/\/www.ahotech.com\/wp-content\/uploads\/2021\/10\/hybrid-capacitor-battery-1550.mp4\">https:\/\/www.ahotech.com\/wp-content\/uploads\/2021\/10\/hybrid-capacitor-battery-1550.mp4<\/a><\/video><\/div>\n<table class=\"tablesaw table-striped table-bordered table-hover tablesaw-sortable tablesaw-swipe\" width=\"1365\" cellspacing=\"0\" cellpadding=\"0\" data-tablesaw-mode=\"swipe\" data-tablesaw-sortable=\"\">\n<tbody>\n<tr class=\"firstRow\">\n<td width=\"156\" height=\"56\">Mallinumero<\/td>\n<td width=\"128\">Max. latausj\u00e4nnite<\/td>\n<td width=\"149\">Nimellinen. latausvirta<\/td>\n<td width=\"121\">Nimellinen purkausvirta<\/td>\n<td width=\"121\">Max. jatkuva purkausvirta<\/td>\n<td width=\"91\">Max. kapasiteettia<\/td>\n<td width=\"97\">3,67V kapasiteetti<\/td>\n<td width=\"113\">3,90V kapasiteetti<\/td>\n<td width=\"97\">Purkaus pois j\u00e4nnite<\/td>\n<td width=\"81\">Resistanssi<\/td>\n<td width=\"104\">Ty\u00f6l\u00e4mp\u00f6tila<\/td>\n<td width=\"105\">Max. ulkomitta (mm)<\/td>\n<\/tr>\n<tr>\n<td height=\"21\"><a href=\"https:\/\/www.ahotech.com\/fi\/tuote\/hybridi-kondensaattoriakku-1020\/\" target=\"_blank\" rel=\"noopener\">HPC1020<\/a><\/td>\n<td>4,1V<\/td>\n<td>8mA<\/td>\n<td>150mA<\/td>\n<td>750 mA<\/td>\n<td>36 mAh<\/td>\n<td>10 mAh<\/td>\n<td>28 mAh<\/td>\n<td>2,5V<\/td>\n<td>\u2264300m\u03a9<\/td>\n<td>-40 \u2103 ~ +85 \u2103<\/td>\n<td>10 \u00d7 20<\/td>\n<\/tr>\n<tr>\n<td height=\"21\"><a href=\"https:\/\/www.ahotech.com\/fi\/tuote\/hybridi-kondensaattoriakku-1520\/\" target=\"_blank\" rel=\"noopener\">HPC1520<\/a><\/td>\n<td>4,1V<\/td>\n<td>20mA<\/td>\n<td>500mA<\/td>\n<td>2000mA<\/td>\n<td>80 mAh<\/td>\n<td>40 mAh<\/td>\n<td>60 mAh<\/td>\n<td>2,5V<\/td>\n<td>\u2264160m\u03a9<\/td>\n<td>-40 \u2103 ~ +85 \u2103<\/td>\n<td>15 \u00d7 20<\/td>\n<\/tr>\n<tr>\n<td height=\"21\"><a href=\"https:\/\/www.ahotech.com\/fi\/tuote\/hybridikondensaattoriakku-1530\/\" target=\"_blank\" rel=\"noopener\">HPC1530<\/a><\/td>\n<td>4,1V<\/td>\n<td>50mA<\/td>\n<td>800mA<\/td>\n<td>3000 mA<\/td>\n<td>180mAh<\/td>\n<td>70 mAh<\/td>\n<td>150 mAh<\/td>\n<td>2,5V<\/td>\n<td>\u2264110m\u03a9<\/td>\n<td>-40 \u2103 ~ +85 \u2103<\/td>\n<td>15 \u00d7 30<\/td>\n<\/tr>\n<tr>\n<td height=\"21\"><a href=\"https:\/\/www.ahotech.com\/fi\/tuote\/hybrid-capacitor-battery-1550\/\" target=\"_blank\" rel=\"noopener\">HPC1550<\/a><\/td>\n<td>4,1V<\/td>\n<td>100mA<\/td>\n<td>2000mA<\/td>\n<td>5000 mA<\/td>\n<td>450 mAh<\/td>\n<td>175 mAh<\/td>\n<td>350mAh<\/td>\n<td>2,5V<\/td>\n<td>\u226460m\u03a9<\/td>\n<td>-40 \u2103 ~ +85 \u2103<\/td>\n<td>15 \u00d7 50<\/td>\n<\/tr>\n<\/tbody>\n<\/table>\n<h4>HPC1550-hybridikondensaattoriakun ominaisuudet:<\/h4>\n<ul>\n<li>Erinomainen s\u00e4ilyvyys (10 vuotta huoneenl\u00e4mm\u00f6ss\u00e4).<\/li>\n<li>Paras soveltuva pienivirtapurkaus<\/li>\n<li>Laaja l\u00e4mp\u00f6tila-alue -40 \u2103 - +85 \u2103<\/li>\n<li>Alhainen itsepurkaus (1% tai v\u00e4hemm\u00e4n vuodessa)<\/li>\n<\/ul>\n<h4>HPC1550-hybridikondensaattoriakun sovellukset<\/h4>\n<p>Vesimittarit, kaasumittarit, kilowattituntimittarit, elektroniset pakkausmittarit, PC:n reaaliaikakellot, l\u00e4\u00e4ketieteelliset laitteet, CMOS-muistin varmuuskopiointi<\/p>\n<p>&nbsp;<\/p>\n<p>Meid\u00e4n <strong>Hybridikondensaattoriakku<\/strong> ovat UL1642-, IEC62133-, UN38.3- ja RoHs-standardien mukaisia.<\/p>","protected":false},"excerpt":{"rendered":"<p><strong>Mallinumero:<\/strong> HPC 1550<\/p>\n<p><strong>Maks. latausj\u00e4nnite:<\/strong> 4,1V<\/p>\n<p><strong>Nimellinen latausvirta:<\/strong> 100mA<\/p>\n<p><strong>Nimellinen purkausvirta:<\/strong> 2000mA<\/p>\n<p><strong>Max. jatkuva purkausvirta:<\/strong> 5000 mA<\/p>\n<p><strong>Maksimikapasiteetti:<\/strong> 450 mAh<\/p>\n<p><strong>3,67 V:n kapasiteetti:<\/strong> 175 mAh<\/p>\n<p><strong>3,90 V:n kapasiteetti:<\/strong> 350mAh<\/p>\n<p><strong>Purkausj\u00e4nnite:<\/strong>2,5V<\/p>\n<p><strong>Vastus:<\/strong> \u226460m\u03a9<\/p>\n<p><strong>K\u00e4ytt\u00f6l\u00e4mp\u00f6tila:<\/strong> -40 \u2103 ~ +85 \u2103<\/p>\n<p><strong>Suurin ulkomitta (mm):<\/strong> 15*50<\/p>","protected":false},"featured_media":3491,"template":"","meta":{"_acf_changed":false,"site-sidebar-layout":"default","site-content-layout":"default","ast-site-content-layout":"","site-content-style":"default","site-sidebar-style":"default","ast-global-header-display":"","ast-banner-title-visibility":"","ast-main-header-display":"","ast-hfb-above-header-display":"","ast-hfb-below-header-display":"","ast-hfb-mobile-header-display":"","site-post-title":"","ast-breadcrumbs-content":"","ast-featured-img":"","footer-sml-layout":"","theme-transparent-header-meta":"default","adv-header-id-meta":"","stick-header-meta":"","header-above-stick-meta":"","header-main-stick-meta":"","header-below-stick-meta":"","astra-migrate-meta-layouts":"default","ast-page-background-enabled":"default","ast-page-background-meta":{"desktop":{"background-color":"","background-image":"","background-repeat":"repeat","background-position":"center center","background-size":"auto","background-attachment":"scroll","background-type":"","background-media":"","overlay-type":"","overlay-color":"","overlay-opacity":"","overlay-gradient":""},"tablet":{"background-color":"","background-image":"","background-repeat":"repeat","background-position":"center center","background-size":"auto","background-attachment":"scroll","background-type":"","background-media":"","overlay-type":"","overlay-color":"","overlay-opacity":"","overlay-gradient":""},"mobile":{"background-color":"","background-image":"","background-repeat":"repeat","background-position":"center center","background-size":"auto","background-attachment":"scroll","background-type":"","background-media":"","overlay-type":"","overlay-color":"","overlay-opacity":"","overlay-gradient":""}},"ast-content-background-meta":{"desktop":{"background-color":"var(--ast-global-color-5)","background-image":"","background-repeat":"repeat","background-position":"center center","background-size":"auto","background-attachment":"scroll","background-type":"","background-media":"","overlay-type":"","overlay-color":"","overlay-opacity":"","overlay-gradient":""},"tablet":{"background-color":"var(--ast-global-color-5)","background-image":"","background-repeat":"repeat","background-position":"center center","background-size":"auto","background-attachment":"scroll","background-type":"","background-media":"","overlay-type":"","overlay-color":"","overlay-opacity":"","overlay-gradient":""},"mobile":{"background-color":"var(--ast-global-color-5)","background-image":"","background-repeat":"repeat","background-position":"center center","background-size":"auto","background-attachment":"scroll","background-type":"","background-media":"","overlay-type":"","overlay-color":"","overlay-opacity":"","overlay-gradient":""}}},"product_brand":[],"product_cat":[34],"product_tag":[],"class_list":{"0":"post-3488","1":"product","2":"type-product","3":"status-publish","4":"has-post-thumbnail","6":"product_cat-hybrid-pulse-capacitor","7":"desktop-align-left","8":"tablet-align-left","9":"mobile-align-left","11":"first","12":"instock","13":"shipping-taxable","14":"product-type-simple"},"acf":[],"yoast_head":"<!-- This site is optimized with the Yoast SEO plugin v27.3 - https:\/\/yoast.com\/product\/yoast-seo-wordpress\/ -->\n<title>Hybrid capacitor battery 1550, tadiran 1550, hlc 1550 - Ahotech.com<\/title>\n<meta name=\"description\" content=\"Hybrid capacitor battery 1550, an alternative to tadiran 1550, also referd as hlc 1550, hlc battery wholesale directly from manufacture!\" \/>\n<meta name=\"robots\" content=\"index, follow, max-snippet:-1, max-image-preview:large, max-video-preview:-1\" \/>\n<link rel=\"canonical\" href=\"https:\/\/www.ahotech.com\/fi\/tuote\/hybridikondensaattoriakku-1550-tadiran-1550-hlc-1550\/\" \/>\n<meta property=\"og:locale\" content=\"fi_FI\" \/>\n<meta property=\"og:type\" content=\"article\" \/>\n<meta property=\"og:title\" content=\"Hybrid capacitor battery 1550, tadiran 1550, hlc 1550 - Ahotech.com\" \/>\n<meta property=\"og:description\" content=\"Hybrid capacitor battery 1550, an alternative to tadiran 1550, also referd as hlc 1550, hlc battery wholesale directly from manufacture!\" \/>\n<meta property=\"og:url\" content=\"https:\/\/www.ahotech.com\/fi\/tuote\/hybridikondensaattoriakku-1550-tadiran-1550-hlc-1550\/\" \/>\n<meta property=\"og:site_name\" content=\"Ahotech.com\" \/>\n<meta property=\"article:modified_time\" content=\"2025-05-26T21:11:32+00:00\" \/>\n<meta property=\"og:image\" content=\"https:\/\/www.ahotech.com\/wp-content\/uploads\/2021\/10\/hybrid-capacitor-battery-1550-3.jpg\" \/>\n\t<meta property=\"og:image:width\" content=\"800\" \/>\n\t<meta property=\"og:image:height\" content=\"800\" \/>\n\t<meta property=\"og:image:type\" content=\"image\/jpeg\" \/>\n<meta name=\"twitter:card\" content=\"summary_large_image\" \/>\n<meta name=\"twitter:label1\" content=\"Arvioitu lukuaika\" \/>\n\t<meta name=\"twitter:data1\" content=\"2 minuuttia\" \/>\n<script type=\"application\/ld+json\" class=\"yoast-schema-graph\">{\"@context\":\"https:\\\/\\\/schema.org\",\"@graph\":[{\"@type\":\"WebPage\",\"@id\":\"https:\\\/\\\/www.ahotech.com\\\/da\\\/produkt\\\/hybridkondensatorbatteri-1550-tadiran-1550-hlc-1550\\\/\",\"url\":\"https:\\\/\\\/www.ahotech.com\\\/da\\\/produkt\\\/hybridkondensatorbatteri-1550-tadiran-1550-hlc-1550\\\/\",\"name\":\"Hybrid capacitor battery 1550, tadiran 1550, hlc 1550 - Ahotech.com\",\"isPartOf\":{\"@id\":\"https:\\\/\\\/www.ahotech.com\\\/es\\\/#website\"},\"primaryImageOfPage\":{\"@id\":\"https:\\\/\\\/www.ahotech.com\\\/da\\\/produkt\\\/hybridkondensatorbatteri-1550-tadiran-1550-hlc-1550\\\/#primaryimage\"},\"image\":{\"@id\":\"https:\\\/\\\/www.ahotech.com\\\/da\\\/produkt\\\/hybridkondensatorbatteri-1550-tadiran-1550-hlc-1550\\\/#primaryimage\"},\"thumbnailUrl\":\"https:\\\/\\\/www.ahotech.com\\\/wp-content\\\/uploads\\\/2021\\\/10\\\/hybrid-capacitor-battery-1550-3.jpg\",\"datePublished\":\"2021-10-23T16:06:37+00:00\",\"dateModified\":\"2025-05-26T21:11:32+00:00\",\"description\":\"Hybrid capacitor battery 1550, an alternative to tadiran 1550, also referd as hlc 1550, hlc battery wholesale directly from manufacture!\",\"breadcrumb\":{\"@id\":\"https:\\\/\\\/www.ahotech.com\\\/da\\\/produkt\\\/hybridkondensatorbatteri-1550-tadiran-1550-hlc-1550\\\/#breadcrumb\"},\"inLanguage\":\"fi\",\"potentialAction\":[{\"@type\":\"ReadAction\",\"target\":[\"https:\\\/\\\/www.ahotech.com\\\/da\\\/produkt\\\/hybridkondensatorbatteri-1550-tadiran-1550-hlc-1550\\\/\"]}]},{\"@type\":\"ImageObject\",\"inLanguage\":\"fi\",\"@id\":\"https:\\\/\\\/www.ahotech.com\\\/da\\\/produkt\\\/hybridkondensatorbatteri-1550-tadiran-1550-hlc-1550\\\/#primaryimage\",\"url\":\"https:\\\/\\\/www.ahotech.com\\\/wp-content\\\/uploads\\\/2021\\\/10\\\/hybrid-capacitor-battery-1550-3.jpg\",\"contentUrl\":\"https:\\\/\\\/www.ahotech.com\\\/wp-content\\\/uploads\\\/2021\\\/10\\\/hybrid-capacitor-battery-1550-3.jpg\",\"width\":800,\"height\":800,\"caption\":\"hybrid capacitor battery\"},{\"@type\":\"BreadcrumbList\",\"@id\":\"https:\\\/\\\/www.ahotech.com\\\/da\\\/produkt\\\/hybridkondensatorbatteri-1550-tadiran-1550-hlc-1550\\\/#breadcrumb\",\"itemListElement\":[{\"@type\":\"ListItem\",\"position\":1,\"name\":\"Home\",\"item\":\"https:\\\/\\\/www.ahotech.com\\\/es\\\/\"},{\"@type\":\"ListItem\",\"position\":2,\"name\":\"Store\",\"item\":\"https:\\\/\\\/www.ahotech.com\\\/es\\\/store\\\/\"},{\"@type\":\"ListItem\",\"position\":3,\"name\":\"Hybrid capacitor battery 1550, tadiran 1550, hlc 1550\"}]},{\"@type\":\"WebSite\",\"@id\":\"https:\\\/\\\/www.ahotech.com\\\/es\\\/#website\",\"url\":\"https:\\\/\\\/www.ahotech.com\\\/es\\\/\",\"name\":\"Ahotech.com\",\"description\":\"lithium battery manufacturers\",\"publisher\":{\"@id\":\"https:\\\/\\\/www.ahotech.com\\\/es\\\/#organization\"},\"potentialAction\":[{\"@type\":\"SearchAction\",\"target\":{\"@type\":\"EntryPoint\",\"urlTemplate\":\"https:\\\/\\\/www.ahotech.com\\\/es\\\/?s={search_term_string}\"},\"query-input\":{\"@type\":\"PropertyValueSpecification\",\"valueRequired\":true,\"valueName\":\"search_term_string\"}}],\"inLanguage\":\"fi\"},{\"@type\":\"Organization\",\"@id\":\"https:\\\/\\\/www.ahotech.com\\\/es\\\/#organization\",\"name\":\"Ahotech.com\",\"url\":\"https:\\\/\\\/www.ahotech.com\\\/es\\\/\",\"logo\":{\"@type\":\"ImageObject\",\"inLanguage\":\"fi\",\"@id\":\"https:\\\/\\\/www.ahotech.com\\\/es\\\/#\\\/schema\\\/logo\\\/image\\\/\",\"url\":\"https:\\\/\\\/www.ahotech.com\\\/wp-content\\\/uploads\\\/2021\\\/10\\\/battery-site-logo.jpg\",\"contentUrl\":\"https:\\\/\\\/www.ahotech.com\\\/wp-content\\\/uploads\\\/2021\\\/10\\\/battery-site-logo.jpg\",\"width\":1297,\"height\":465,\"caption\":\"Ahotech.com\"},\"image\":{\"@id\":\"https:\\\/\\\/www.ahotech.com\\\/es\\\/#\\\/schema\\\/logo\\\/image\\\/\"}}]}<\/script>\n<!-- \/ Yoast SEO plugin. -->","yoast_head_json":{"title":"Hybridikondensaattoriakku 1550, tadiran 1550, hlc 1550 - Ahotech.com","description":"Hybridikondensaattoriakku 1550, vaihtoehto Tadiran 1550:lle, tunnetaan my\u00f6s nimell\u00e4 HLC 1550, HLC-akku tukkumyynnist\u00e4 suoraan valmistajalta!","robots":{"index":"index","follow":"follow","max-snippet":"max-snippet:-1","max-image-preview":"max-image-preview:large","max-video-preview":"max-video-preview:-1"},"canonical":"https:\/\/www.ahotech.com\/fi\/tuote\/hybridikondensaattoriakku-1550-tadiran-1550-hlc-1550\/","og_locale":"fi_FI","og_type":"article","og_title":"Hybrid capacitor battery 1550, tadiran 1550, hlc 1550 - Ahotech.com","og_description":"Hybrid capacitor battery 1550, an alternative to tadiran 1550, also referd as hlc 1550, hlc battery wholesale directly from manufacture!","og_url":"https:\/\/www.ahotech.com\/fi\/tuote\/hybridikondensaattoriakku-1550-tadiran-1550-hlc-1550\/","og_site_name":"Ahotech.com","article_modified_time":"2025-05-26T21:11:32+00:00","og_image":[{"width":800,"height":800,"url":"https:\/\/www.ahotech.com\/wp-content\/uploads\/2021\/10\/hybrid-capacitor-battery-1550-3.jpg","type":"image\/jpeg"}],"twitter_card":"summary_large_image","twitter_misc":{"Arvioitu lukuaika":"2 minuuttia"},"schema":{"@context":"https:\/\/schema.org","@graph":[{"@type":"WebPage","@id":"https:\/\/www.ahotech.com\/da\/produkt\/hybridkondensatorbatteri-1550-tadiran-1550-hlc-1550\/","url":"https:\/\/www.ahotech.com\/da\/produkt\/hybridkondensatorbatteri-1550-tadiran-1550-hlc-1550\/","name":"Hybridikondensaattoriakku 1550, tadiran 1550, hlc 1550 - Ahotech.com","isPartOf":{"@id":"https:\/\/www.ahotech.com\/es\/#website"},"primaryImageOfPage":{"@id":"https:\/\/www.ahotech.com\/da\/produkt\/hybridkondensatorbatteri-1550-tadiran-1550-hlc-1550\/#primaryimage"},"image":{"@id":"https:\/\/www.ahotech.com\/da\/produkt\/hybridkondensatorbatteri-1550-tadiran-1550-hlc-1550\/#primaryimage"},"thumbnailUrl":"https:\/\/www.ahotech.com\/wp-content\/uploads\/2021\/10\/hybrid-capacitor-battery-1550-3.jpg","datePublished":"2021-10-23T16:06:37+00:00","dateModified":"2025-05-26T21:11:32+00:00","description":"Hybridikondensaattoriakku 1550, vaihtoehto Tadiran 1550:lle, tunnetaan my\u00f6s nimell\u00e4 HLC 1550, HLC-akku tukkumyynnist\u00e4 suoraan valmistajalta!","breadcrumb":{"@id":"https:\/\/www.ahotech.com\/da\/produkt\/hybridkondensatorbatteri-1550-tadiran-1550-hlc-1550\/#breadcrumb"},"inLanguage":"fi","potentialAction":[{"@type":"ReadAction","target":["https:\/\/www.ahotech.com\/da\/produkt\/hybridkondensatorbatteri-1550-tadiran-1550-hlc-1550\/"]}]},{"@type":"ImageObject","inLanguage":"fi","@id":"https:\/\/www.ahotech.com\/da\/produkt\/hybridkondensatorbatteri-1550-tadiran-1550-hlc-1550\/#primaryimage","url":"https:\/\/www.ahotech.com\/wp-content\/uploads\/2021\/10\/hybrid-capacitor-battery-1550-3.jpg","contentUrl":"https:\/\/www.ahotech.com\/wp-content\/uploads\/2021\/10\/hybrid-capacitor-battery-1550-3.jpg","width":800,"height":800,"caption":"hybrid capacitor battery"},{"@type":"BreadcrumbList","@id":"https:\/\/www.ahotech.com\/da\/produkt\/hybridkondensatorbatteri-1550-tadiran-1550-hlc-1550\/#breadcrumb","itemListElement":[{"@type":"ListItem","position":1,"name":"Home","item":"https:\/\/www.ahotech.com\/es\/"},{"@type":"ListItem","position":2,"name":"Store","item":"https:\/\/www.ahotech.com\/es\/store\/"},{"@type":"ListItem","position":3,"name":"Hybrid capacitor battery 1550, tadiran 1550, hlc 1550"}]},{"@type":"WebSite","@id":"https:\/\/www.ahotech.com\/es\/#website","url":"https:\/\/www.ahotech.com\/es\/","name":"Ahotech.com","description":"litium-akkujen valmistajat","publisher":{"@id":"https:\/\/www.ahotech.com\/es\/#organization"},"potentialAction":[{"@type":"SearchAction","target":{"@type":"EntryPoint","urlTemplate":"https:\/\/www.ahotech.com\/es\/?s={search_term_string}"},"query-input":{"@type":"PropertyValueSpecification","valueRequired":true,"valueName":"search_term_string"}}],"inLanguage":"fi"},{"@type":"Organization","@id":"https:\/\/www.ahotech.com\/es\/#organization","name":"Ahotech.com","url":"https:\/\/www.ahotech.com\/es\/","logo":{"@type":"ImageObject","inLanguage":"fi","@id":"https:\/\/www.ahotech.com\/es\/#\/schema\/logo\/image\/","url":"https:\/\/www.ahotech.com\/wp-content\/uploads\/2021\/10\/battery-site-logo.jpg","contentUrl":"https:\/\/www.ahotech.com\/wp-content\/uploads\/2021\/10\/battery-site-logo.jpg","width":1297,"height":465,"caption":"Ahotech.com"},"image":{"@id":"https:\/\/www.ahotech.com\/es\/#\/schema\/logo\/image\/"}}]}},"_links":{"self":[{"href":"https:\/\/www.ahotech.com\/fi\/wp-json\/wp\/v2\/product\/3488","targetHints":{"allow":["GET"]}}],"collection":[{"href":"https:\/\/www.ahotech.com\/fi\/wp-json\/wp\/v2\/product"}],"about":[{"href":"https:\/\/www.ahotech.com\/fi\/wp-json\/wp\/v2\/types\/product"}],"version-history":[{"count":7,"href":"https:\/\/www.ahotech.com\/fi\/wp-json\/wp\/v2\/product\/3488\/revisions"}],"predecessor-version":[{"id":4511,"href":"https:\/\/www.ahotech.com\/fi\/wp-json\/wp\/v2\/product\/3488\/revisions\/4511"}],"wp:featuredmedia":[{"embeddable":true,"href":"https:\/\/www.ahotech.com\/fi\/wp-json\/wp\/v2\/media\/3491"}],"wp:attachment":[{"href":"https:\/\/www.ahotech.com\/fi\/wp-json\/wp\/v2\/media?parent=3488"}],"wp:term":[{"taxonomy":"product_brand","embeddable":true,"href":"https:\/\/www.ahotech.com\/fi\/wp-json\/wp\/v2\/product_brand?post=3488"},{"taxonomy":"product_cat","embeddable":true,"href":"https:\/\/www.ahotech.com\/fi\/wp-json\/wp\/v2\/product_cat?post=3488"},{"taxonomy":"product_tag","embeddable":true,"href":"https:\/\/www.ahotech.com\/fi\/wp-json\/wp\/v2\/product_tag?post=3488"}],"curies":[{"name":"wp","href":"https:\/\/api.w.org\/{rel}","templated":true}]}}