{"id":3481,"date":"2021-10-23T16:03:45","date_gmt":"2021-10-23T16:03:45","guid":{"rendered":"https:\/\/www.ahotech.com\/?post_type=product&#038;p=3481"},"modified":"2025-02-22T08:41:14","modified_gmt":"2025-02-22T08:41:14","slug":"hybridikondensaattoriakku-1530","status":"publish","type":"product","link":"https:\/\/www.ahotech.com\/fi\/product\/hybrid-capacitor-battery-1530\/","title":{"rendered":"Hybridikondensaattori akku 1530"},"content":{"rendered":"<p>Hybridikondensaattoriakku voi korvata Tadiran HLC1530:n suorituskyvyn. Kutsumme sit\u00e4 hybridipulssikondensaattoriksi (HPC). Se on er\u00e4\u00e4nlainen ladattava akku. Niit\u00e4 k\u00e4ytet\u00e4\u00e4n kondensaattorina IoT-akkupakkauksissa, joissa ne on kytketty rinnan puolatyyppisiin akkuihin. <a href=\"https:\/\/www.ahotech.com\/fi\/tuote-osasto\/litiumtionyylikloridi-li-socl2-akku\/\">litiumtionyylikloridi-LiSOCl2-akku<\/a>HPC-akkujen impedanssi on alhainen, ja ne voivat tuottaa suuria virtapulsseja. IoT-akkupakettimme tarjoaa maksimaalisen sek\u00e4 energian ett\u00e4 tehotiheyden erityyppisille IoT-sovelluksille.<\/p>\n<table class=\"tablesaw table-striped table-bordered table-hover tablesaw-sortable tablesaw-swipe\" width=\"1365\" cellspacing=\"0\" cellpadding=\"0\" data-tablesaw-mode=\"swipe\" data-tablesaw-sortable=\"\">\n<tbody>\n<tr class=\"firstRow\">\n<td width=\"156\" height=\"56\">Mallinumero<\/td>\n<td width=\"128\">Max. latausj\u00e4nnite<\/td>\n<td width=\"149\">Nimellinen. latausvirta<\/td>\n<td width=\"121\">Nimellinen purkausvirta<\/td>\n<td width=\"121\">Max. jatkuva purkausvirta<\/td>\n<td width=\"91\">Max. kapasiteettia<\/td>\n<td width=\"97\">3,67V kapasiteetti<\/td>\n<td width=\"113\">3,90V kapasiteetti<\/td>\n<td width=\"97\">Purkaus pois j\u00e4nnite<\/td>\n<td width=\"81\">Resistanssi<\/td>\n<td width=\"104\">Ty\u00f6l\u00e4mp\u00f6tila<\/td>\n<td width=\"105\">Max. ulkomitta (mm)<\/td>\n<\/tr>\n<tr>\n<td height=\"21\"><a href=\"https:\/\/www.ahotech.com\/fi\/tuote\/hybridi-kondensaattoriakku-1020\/\" target=\"_blank\" rel=\"noopener\">HPC1020<\/a><\/td>\n<td>4,1V<\/td>\n<td>8mA<\/td>\n<td>150mA<\/td>\n<td>750 mA<\/td>\n<td>36 mAh<\/td>\n<td>10 mAh<\/td>\n<td>28 mAh<\/td>\n<td>2,5V<\/td>\n<td>\u2264300m\u03a9<\/td>\n<td>-40 \u2103 ~ +85 \u2103<\/td>\n<td>10 \u00d7 20<\/td>\n<\/tr>\n<tr>\n<td height=\"21\"><a href=\"https:\/\/www.ahotech.com\/fi\/tuote\/hybridi-kondensaattoriakku-1520\/\" target=\"_blank\" rel=\"noopener\">HPC1520<\/a><\/td>\n<td>4,1V<\/td>\n<td>20mA<\/td>\n<td>500mA<\/td>\n<td>2000mA<\/td>\n<td>80 mAh<\/td>\n<td>40 mAh<\/td>\n<td>60 mAh<\/td>\n<td>2,5V<\/td>\n<td>\u2264160m\u03a9<\/td>\n<td>-40 \u2103 ~ +85 \u2103<\/td>\n<td>15 \u00d7 20<\/td>\n<\/tr>\n<tr>\n<td height=\"21\"><a href=\"https:\/\/www.ahotech.com\/fi\/tuote\/hybridikondensaattoriakku-1530\/\" target=\"_blank\" rel=\"noopener\">HPC1530<\/a><\/td>\n<td>4,1V<\/td>\n<td>50mA<\/td>\n<td>800mA<\/td>\n<td>3000 mA<\/td>\n<td>180mAh<\/td>\n<td>70 mAh<\/td>\n<td>150 mAh<\/td>\n<td>2,5V<\/td>\n<td>\u2264110m\u03a9<\/td>\n<td>-40 \u2103 ~ +85 \u2103<\/td>\n<td>15 \u00d7 30<\/td>\n<\/tr>\n<tr>\n<td height=\"21\"><a href=\"https:\/\/www.ahotech.com\/fi\/tuote\/hybrid-capacitor-battery-1550\/\" target=\"_blank\" rel=\"noopener\">HPC1550<\/a><\/td>\n<td>4,1V<\/td>\n<td>100mA<\/td>\n<td>2000mA<\/td>\n<td>5000 mA<\/td>\n<td>450 mAh<\/td>\n<td>175 mAh<\/td>\n<td>350mAh<\/td>\n<td>2,5V<\/td>\n<td>\u226460m\u03a9<\/td>\n<td>-40 \u2103 ~ +85 \u2103<\/td>\n<td>15 \u00d7 50<\/td>\n<\/tr>\n<\/tbody>\n<\/table>\n<h4>HPC1530-hybridikondensaattoriakun ominaisuudet:<\/h4>\n<ul>\n<li>Erinomainen s\u00e4ilyvyys (10 vuotta huoneenl\u00e4mm\u00f6ss\u00e4).<\/li>\n<li>Paras soveltuva pienivirtapurkaus<\/li>\n<li>Laaja l\u00e4mp\u00f6tila-alue -40 \u2103 - +85 \u2103<\/li>\n<li>Alhainen itsepurkaus (1% tai v\u00e4hemm\u00e4n vuodessa)<\/li>\n<\/ul>\n<h4>HPC1530-hybridikondensaattoriakun sovellukset<\/h4>\n<p>Vesimittarit, kaasumittarit, kilowattituntimittarit, elektroniset pakkausmittarit, PC:n reaaliaikakellot, l\u00e4\u00e4ketieteelliset laitteet, CMOS-muistin varmuuskopiointi<\/p>\n<p>&nbsp;<\/p>\n<p>Meid\u00e4n <strong>Hybridikondensaattoriakku<\/strong> ovat UL1642-, IEC62133-, UN38.3- ja RoHs-standardien mukaisia.<\/p>","protected":false},"excerpt":{"rendered":"<p><strong>Mallinumero:<\/strong> HPC 1530<\/p>\n<p><strong>Maks. latausj\u00e4nnite:<\/strong> 4,1V<\/p>\n<p><strong>Nimellinen latausvirta:<\/strong> 50mA<\/p>\n<p><strong>Nimellinen purkausvirta:<\/strong> 800mA<\/p>\n<p><strong>Max. jatkuva purkausvirta:<\/strong> 3000 mA<\/p>\n<p><strong>Maksimikapasiteetti:<\/strong> 180mAh<\/p>\n<p><strong>3,67 V:n kapasiteetti:<\/strong> 70 mAh<\/p>\n<p><strong>3,90 V:n kapasiteetti:<\/strong>150 mAh<\/p>\n<p><strong>Purkausj\u00e4nnite:<\/strong>2,5V<\/p>\n<p><strong>Vastus:<\/strong> \u2264110m\u03a9<\/p>\n<p><strong>K\u00e4ytt\u00f6l\u00e4mp\u00f6tila:<\/strong> -40 \u2103 ~ +85 \u2103<\/p>\n<p><strong>Suurin ulkomitta (mm):<\/strong> 15 \u00d7 30<\/p>","protected":false},"featured_media":3486,"template":"","meta":{"_acf_changed":false,"site-sidebar-layout":"default","site-content-layout":"default","ast-site-content-layout":"","site-content-style":"default","site-sidebar-style":"default","ast-global-header-display":"","ast-banner-title-visibility":"","ast-main-header-display":"","ast-hfb-above-header-display":"","ast-hfb-below-header-display":"","ast-hfb-mobile-header-display":"","site-post-title":"","ast-breadcrumbs-content":"","ast-featured-img":"","footer-sml-layout":"","theme-transparent-header-meta":"default","adv-header-id-meta":"","stick-header-meta":"","header-above-stick-meta":"","header-main-stick-meta":"","header-below-stick-meta":"","astra-migrate-meta-layouts":"default","ast-page-background-enabled":"default","ast-page-background-meta":{"desktop":{"background-color":"","background-image":"","background-repeat":"repeat","background-position":"center center","background-size":"auto","background-attachment":"scroll","background-type":"","background-media":"","overlay-type":"","overlay-color":"","overlay-opacity":"","overlay-gradient":""},"tablet":{"background-color":"","background-image":"","background-repeat":"repeat","background-position":"center center","background-size":"auto","background-attachment":"scroll","background-type":"","background-media":"","overlay-type":"","overlay-color":"","overlay-opacity":"","overlay-gradient":""},"mobile":{"background-color":"","background-image":"","background-repeat":"repeat","background-position":"center center","background-size":"auto","background-attachment":"scroll","background-type":"","background-media":"","overlay-type":"","overlay-color":"","overlay-opacity":"","overlay-gradient":""}},"ast-content-background-meta":{"desktop":{"background-color":"var(--ast-global-color-5)","background-image":"","background-repeat":"repeat","background-position":"center center","background-size":"auto","background-attachment":"scroll","background-type":"","background-media":"","overlay-type":"","overlay-color":"","overlay-opacity":"","overlay-gradient":""},"tablet":{"background-color":"var(--ast-global-color-5)","background-image":"","background-repeat":"repeat","background-position":"center center","background-size":"auto","background-attachment":"scroll","background-type":"","background-media":"","overlay-type":"","overlay-color":"","overlay-opacity":"","overlay-gradient":""},"mobile":{"background-color":"var(--ast-global-color-5)","background-image":"","background-repeat":"repeat","background-position":"center center","background-size":"auto","background-attachment":"scroll","background-type":"","background-media":"","overlay-type":"","overlay-color":"","overlay-opacity":"","overlay-gradient":""}}},"product_brand":[],"product_cat":[34],"product_tag":[],"class_list":{"0":"post-3481","1":"product","2":"type-product","3":"status-publish","4":"has-post-thumbnail","6":"product_cat-hybrid-pulse-capacitor","7":"desktop-align-left","8":"tablet-align-left","9":"mobile-align-left","11":"first","12":"instock","13":"shipping-taxable","14":"product-type-simple"},"acf":[],"yoast_head":"<!-- This site is optimized with the Yoast SEO plugin v27.3 - https:\/\/yoast.com\/product\/yoast-seo-wordpress\/ -->\n<title>Hybrid capacitor battery 1530 - Ahotech.com<\/title>\n<meta name=\"robots\" content=\"index, follow, max-snippet:-1, max-image-preview:large, max-video-preview:-1\" \/>\n<link rel=\"canonical\" href=\"https:\/\/www.ahotech.com\/fi\/tuote\/hybridikondensaattoriakku-1530\/\" \/>\n<meta property=\"og:locale\" content=\"fi_FI\" \/>\n<meta property=\"og:type\" content=\"article\" \/>\n<meta property=\"og:title\" content=\"Hybrid capacitor battery 1530 - Ahotech.com\" \/>\n<meta property=\"og:description\" content=\"Model number\uff1a HPC 1530  Max. charging voltage\uff1a 4.1V  Nominal . charging current\uff1a 50mA  Nominal discharge current\uff1a 800mA  Max. continuous discharge current\uff1a 3000mA  Max. capacity\uff1a 180mAh  3.67V capacity\uff1a 70mAh  3.90V capacity\uff1a150mAh  Discharge off voltage\uff1a2.5V  Resistance\uff1a \u2264110m\u03a9  Working temperature\uff1a -40\u2103~+85\u2103  Max. external dimension(mm)\uff1a 15x30\" \/>\n<meta property=\"og:url\" content=\"https:\/\/www.ahotech.com\/fi\/tuote\/hybridikondensaattoriakku-1530\/\" \/>\n<meta property=\"og:site_name\" content=\"Ahotech.com\" \/>\n<meta property=\"article:modified_time\" content=\"2025-02-22T08:41:14+00:00\" \/>\n<meta property=\"og:image\" content=\"https:\/\/de.ahotech.com\/wp-content\/uploads\/2021\/10\/hybrid-capacitor-battery-1530-5.jpg\" \/>\n\t<meta property=\"og:image:width\" content=\"800\" \/>\n\t<meta property=\"og:image:height\" content=\"800\" \/>\n\t<meta property=\"og:image:type\" content=\"image\/jpeg\" \/>\n<meta name=\"twitter:card\" content=\"summary_large_image\" \/>\n<meta name=\"twitter:label1\" content=\"Arvioitu lukuaika\" \/>\n\t<meta name=\"twitter:data1\" content=\"1 minuutti\" \/>\n<script type=\"application\/ld+json\" class=\"yoast-schema-graph\">{\"@context\":\"https:\\\/\\\/schema.org\",\"@graph\":[{\"@type\":\"WebPage\",\"@id\":\"https:\\\/\\\/de.ahotech.com\\\/product\\\/hybrid-kondensatorbatterie-1530\\\/\",\"url\":\"https:\\\/\\\/de.ahotech.com\\\/product\\\/hybrid-kondensatorbatterie-1530\\\/\",\"name\":\"Hybrid capacitor battery 1530 - Ahotech.com\",\"isPartOf\":{\"@id\":\"https:\\\/\\\/www.ahotech.com\\\/es\\\/#website\"},\"primaryImageOfPage\":{\"@id\":\"https:\\\/\\\/de.ahotech.com\\\/product\\\/hybrid-kondensatorbatterie-1530\\\/#primaryimage\"},\"image\":{\"@id\":\"https:\\\/\\\/de.ahotech.com\\\/product\\\/hybrid-kondensatorbatterie-1530\\\/#primaryimage\"},\"thumbnailUrl\":\"https:\\\/\\\/www.ahotech.com\\\/wp-content\\\/uploads\\\/2021\\\/10\\\/hybrid-capacitor-battery-1530-5.jpg\",\"datePublished\":\"2021-10-23T16:03:45+00:00\",\"dateModified\":\"2025-02-22T08:41:14+00:00\",\"breadcrumb\":{\"@id\":\"https:\\\/\\\/de.ahotech.com\\\/product\\\/hybrid-kondensatorbatterie-1530\\\/#breadcrumb\"},\"inLanguage\":\"fi\",\"potentialAction\":[{\"@type\":\"ReadAction\",\"target\":[\"https:\\\/\\\/de.ahotech.com\\\/product\\\/hybrid-kondensatorbatterie-1530\\\/\"]}]},{\"@type\":\"ImageObject\",\"inLanguage\":\"fi\",\"@id\":\"https:\\\/\\\/de.ahotech.com\\\/product\\\/hybrid-kondensatorbatterie-1530\\\/#primaryimage\",\"url\":\"https:\\\/\\\/www.ahotech.com\\\/wp-content\\\/uploads\\\/2021\\\/10\\\/hybrid-capacitor-battery-1530-5.jpg\",\"contentUrl\":\"https:\\\/\\\/www.ahotech.com\\\/wp-content\\\/uploads\\\/2021\\\/10\\\/hybrid-capacitor-battery-1530-5.jpg\",\"width\":800,\"height\":800,\"caption\":\"hybrid capacitor battery\"},{\"@type\":\"BreadcrumbList\",\"@id\":\"https:\\\/\\\/de.ahotech.com\\\/product\\\/hybrid-kondensatorbatterie-1530\\\/#breadcrumb\",\"itemListElement\":[{\"@type\":\"ListItem\",\"position\":1,\"name\":\"Home\",\"item\":\"https:\\\/\\\/www.ahotech.com\\\/es\\\/\"},{\"@type\":\"ListItem\",\"position\":2,\"name\":\"Store\",\"item\":\"https:\\\/\\\/www.ahotech.com\\\/es\\\/store\\\/\"},{\"@type\":\"ListItem\",\"position\":3,\"name\":\"Hybrid capacitor battery 1530\"}]},{\"@type\":\"WebSite\",\"@id\":\"https:\\\/\\\/www.ahotech.com\\\/es\\\/#website\",\"url\":\"https:\\\/\\\/www.ahotech.com\\\/es\\\/\",\"name\":\"Ahotech.com\",\"description\":\"lithium battery manufacturers\",\"publisher\":{\"@id\":\"https:\\\/\\\/www.ahotech.com\\\/es\\\/#organization\"},\"potentialAction\":[{\"@type\":\"SearchAction\",\"target\":{\"@type\":\"EntryPoint\",\"urlTemplate\":\"https:\\\/\\\/www.ahotech.com\\\/es\\\/?s={search_term_string}\"},\"query-input\":{\"@type\":\"PropertyValueSpecification\",\"valueRequired\":true,\"valueName\":\"search_term_string\"}}],\"inLanguage\":\"fi\"},{\"@type\":\"Organization\",\"@id\":\"https:\\\/\\\/www.ahotech.com\\\/es\\\/#organization\",\"name\":\"Ahotech.com\",\"url\":\"https:\\\/\\\/www.ahotech.com\\\/es\\\/\",\"logo\":{\"@type\":\"ImageObject\",\"inLanguage\":\"fi\",\"@id\":\"https:\\\/\\\/www.ahotech.com\\\/es\\\/#\\\/schema\\\/logo\\\/image\\\/\",\"url\":\"https:\\\/\\\/www.ahotech.com\\\/wp-content\\\/uploads\\\/2021\\\/10\\\/battery-site-logo.jpg\",\"contentUrl\":\"https:\\\/\\\/www.ahotech.com\\\/wp-content\\\/uploads\\\/2021\\\/10\\\/battery-site-logo.jpg\",\"width\":1297,\"height\":465,\"caption\":\"Ahotech.com\"},\"image\":{\"@id\":\"https:\\\/\\\/www.ahotech.com\\\/es\\\/#\\\/schema\\\/logo\\\/image\\\/\"}}]}<\/script>\n<!-- \/ Yoast SEO plugin. -->","yoast_head_json":{"title":"Hybridikondensaattoriakku 1530 - Ahotech.com","robots":{"index":"index","follow":"follow","max-snippet":"max-snippet:-1","max-image-preview":"max-image-preview:large","max-video-preview":"max-video-preview:-1"},"canonical":"https:\/\/www.ahotech.com\/fi\/tuote\/hybridikondensaattoriakku-1530\/","og_locale":"fi_FI","og_type":"article","og_title":"Hybrid capacitor battery 1530 - Ahotech.com","og_description":"Model number\uff1a HPC 1530  Max. charging voltage\uff1a 4.1V  Nominal . charging current\uff1a 50mA  Nominal discharge current\uff1a 800mA  Max. continuous discharge current\uff1a 3000mA  Max. capacity\uff1a 180mAh  3.67V capacity\uff1a 70mAh  3.90V capacity\uff1a150mAh  Discharge off voltage\uff1a2.5V  Resistance\uff1a \u2264110m\u03a9  Working temperature\uff1a -40\u2103~+85\u2103  Max. external dimension(mm)\uff1a 15x30","og_url":"https:\/\/www.ahotech.com\/fi\/tuote\/hybridikondensaattoriakku-1530\/","og_site_name":"Ahotech.com","article_modified_time":"2025-02-22T08:41:14+00:00","og_image":[{"width":800,"height":800,"url":"https:\/\/de.ahotech.com\/wp-content\/uploads\/2021\/10\/hybrid-capacitor-battery-1530-5.jpg","type":"image\/jpeg"}],"twitter_card":"summary_large_image","twitter_misc":{"Arvioitu lukuaika":"1 minuutti"},"schema":{"@context":"https:\/\/schema.org","@graph":[{"@type":"WebPage","@id":"https:\/\/de.ahotech.com\/product\/hybrid-kondensatorbatterie-1530\/","url":"https:\/\/de.ahotech.com\/product\/hybrid-kondensatorbatterie-1530\/","name":"Hybridikondensaattoriakku 1530 - Ahotech.com","isPartOf":{"@id":"https:\/\/www.ahotech.com\/es\/#website"},"primaryImageOfPage":{"@id":"https:\/\/de.ahotech.com\/product\/hybrid-kondensatorbatterie-1530\/#primaryimage"},"image":{"@id":"https:\/\/de.ahotech.com\/product\/hybrid-kondensatorbatterie-1530\/#primaryimage"},"thumbnailUrl":"https:\/\/www.ahotech.com\/wp-content\/uploads\/2021\/10\/hybrid-capacitor-battery-1530-5.jpg","datePublished":"2021-10-23T16:03:45+00:00","dateModified":"2025-02-22T08:41:14+00:00","breadcrumb":{"@id":"https:\/\/de.ahotech.com\/product\/hybrid-kondensatorbatterie-1530\/#breadcrumb"},"inLanguage":"fi","potentialAction":[{"@type":"ReadAction","target":["https:\/\/de.ahotech.com\/product\/hybrid-kondensatorbatterie-1530\/"]}]},{"@type":"ImageObject","inLanguage":"fi","@id":"https:\/\/de.ahotech.com\/product\/hybrid-kondensatorbatterie-1530\/#primaryimage","url":"https:\/\/www.ahotech.com\/wp-content\/uploads\/2021\/10\/hybrid-capacitor-battery-1530-5.jpg","contentUrl":"https:\/\/www.ahotech.com\/wp-content\/uploads\/2021\/10\/hybrid-capacitor-battery-1530-5.jpg","width":800,"height":800,"caption":"hybrid capacitor battery"},{"@type":"BreadcrumbList","@id":"https:\/\/de.ahotech.com\/product\/hybrid-kondensatorbatterie-1530\/#breadcrumb","itemListElement":[{"@type":"ListItem","position":1,"name":"Home","item":"https:\/\/www.ahotech.com\/es\/"},{"@type":"ListItem","position":2,"name":"Store","item":"https:\/\/www.ahotech.com\/es\/store\/"},{"@type":"ListItem","position":3,"name":"Hybrid capacitor battery 1530"}]},{"@type":"WebSite","@id":"https:\/\/www.ahotech.com\/es\/#website","url":"https:\/\/www.ahotech.com\/es\/","name":"Ahotech.com","description":"litium-akkujen valmistajat","publisher":{"@id":"https:\/\/www.ahotech.com\/es\/#organization"},"potentialAction":[{"@type":"SearchAction","target":{"@type":"EntryPoint","urlTemplate":"https:\/\/www.ahotech.com\/es\/?s={search_term_string}"},"query-input":{"@type":"PropertyValueSpecification","valueRequired":true,"valueName":"search_term_string"}}],"inLanguage":"fi"},{"@type":"Organization","@id":"https:\/\/www.ahotech.com\/es\/#organization","name":"Ahotech.com","url":"https:\/\/www.ahotech.com\/es\/","logo":{"@type":"ImageObject","inLanguage":"fi","@id":"https:\/\/www.ahotech.com\/es\/#\/schema\/logo\/image\/","url":"https:\/\/www.ahotech.com\/wp-content\/uploads\/2021\/10\/battery-site-logo.jpg","contentUrl":"https:\/\/www.ahotech.com\/wp-content\/uploads\/2021\/10\/battery-site-logo.jpg","width":1297,"height":465,"caption":"Ahotech.com"},"image":{"@id":"https:\/\/www.ahotech.com\/es\/#\/schema\/logo\/image\/"}}]}},"_links":{"self":[{"href":"https:\/\/www.ahotech.com\/fi\/wp-json\/wp\/v2\/product\/3481","targetHints":{"allow":["GET"]}}],"collection":[{"href":"https:\/\/www.ahotech.com\/fi\/wp-json\/wp\/v2\/product"}],"about":[{"href":"https:\/\/www.ahotech.com\/fi\/wp-json\/wp\/v2\/types\/product"}],"version-history":[{"count":4,"href":"https:\/\/www.ahotech.com\/fi\/wp-json\/wp\/v2\/product\/3481\/revisions"}],"predecessor-version":[{"id":4434,"href":"https:\/\/www.ahotech.com\/fi\/wp-json\/wp\/v2\/product\/3481\/revisions\/4434"}],"wp:featuredmedia":[{"embeddable":true,"href":"https:\/\/www.ahotech.com\/fi\/wp-json\/wp\/v2\/media\/3486"}],"wp:attachment":[{"href":"https:\/\/www.ahotech.com\/fi\/wp-json\/wp\/v2\/media?parent=3481"}],"wp:term":[{"taxonomy":"product_brand","embeddable":true,"href":"https:\/\/www.ahotech.com\/fi\/wp-json\/wp\/v2\/product_brand?post=3481"},{"taxonomy":"product_cat","embeddable":true,"href":"https:\/\/www.ahotech.com\/fi\/wp-json\/wp\/v2\/product_cat?post=3481"},{"taxonomy":"product_tag","embeddable":true,"href":"https:\/\/www.ahotech.com\/fi\/wp-json\/wp\/v2\/product_tag?post=3481"}],"curies":[{"name":"wp","href":"https:\/\/api.w.org\/{rel}","templated":true}]}}