{"id":3421,"date":"2021-10-21T00:18:17","date_gmt":"2021-10-21T00:18:17","guid":{"rendered":"https:\/\/www.ahotech.com\/?post_type=product&#038;p=3421"},"modified":"2026-03-18T19:50:56","modified_gmt":"2026-03-18T19:50:56","slug":"omnicel-er14250-akku-er14250-litiumparisto-36-v","status":"publish","type":"product","link":"https:\/\/www.ahotech.com\/fi\/product\/omnicel-er14250-battery-er14250-lithium-battery-3-6-v\/","title":{"rendered":"Omnicel er14250 akku, er14250 litiumakku 3,6 v"},"content":{"rendered":"<p><a href=\"https:\/\/www.ahotech.com\/wp-content\/uploads\/2026\/03\/ER14250.pdf\" target=\"_blank\" rel=\"noreferrer noopener\"><img decoding=\"async\" width=\"60\" height=\"60\" class=\"alignnone wp-image-4815\" src=\"https:\/\/www.ahotech.com\/wp-content\/uploads\/2022\/05\/PDF-icon.png\" alt=\"PDF-kuvake\" srcset=\"https:\/\/www.ahotech.com\/wp-content\/uploads\/2022\/05\/PDF-icon.png 256w, https:\/\/www.ahotech.com\/wp-content\/uploads\/2022\/05\/PDF-icon-150x150.png 150w, https:\/\/www.ahotech.com\/wp-content\/uploads\/2022\/05\/PDF-icon-100x100.png 100w\" sizes=\"(max-width: 60px) 100vw, 60px\" \/>ER14250-spesifikaatio<\/a><\/p>\n\n\n\n<p>Omnicel er14250 -litiumparisto tarjoaa h<span class=\"a-list-item\">korkea energia, eritt\u00e4in luotettava 3,6 voltin virtal\u00e4hde, l<\/span><span class=\"a-list-item\">Itsepurkautumisnopeus antaa t\u00e4lle kennolle 10 vuoden s\u00e4ilyvyysajan. Vakaa j\u00e4nnite ja laaja l\u00e4mp\u00f6tila<\/span><\/p>\n\n\n\n<p>1\/2 AA-kokoiset litiumparistot. Tyypillisesti k\u00e4ytet\u00e4\u00e4n muistin (CMOS) varmuuskopioinnissa, s\u00e4hk\u00f6nkulutuksen mittaamisessa, langattomissa h\u00e4lytyksiss\u00e4 ja turvalaitteissa, tietokoneiden reaaliaikakelloissa, autoelektroniikassa, h\u00e4t\u00e4merkkivaloissa, pieniss\u00e4 teollisuus- ja ammattitason elektronisissa laitteissa ja muissa laitteissa. 1\/2 AA-kokoiset paristot tarjoavat optimaalisen ratkaisun pitk\u00e4aikaiseen akkujen k\u00e4ytt\u00f6\u00f6n.<\/p>\n\n\n\n<h4 class=\"wp-block-heading\">ER14250-akun ominaisuudet:<\/h4>\n\n\n\n<ul class=\"wp-block-list\">\n<li>Erinomainen s\u00e4ilyvyys (10 vuotta huoneenl\u00e4mm\u00f6ss\u00e4).<\/li>\n\n\n\n<li>Paras soveltuva pienivirtapurkaus<\/li>\n\n\n\n<li>Laaja l\u00e4mp\u00f6tila-alue -55 \u2103 - +85 \u2103<\/li>\n\n\n\n<li>Alhainen itsepurkaus (1% tai v\u00e4hemm\u00e4n vuodessa)<\/li>\n<\/ul>\n\n\n\n<h4 class=\"wp-block-heading\">ER14250:n sovellukset<\/h4>\n\n\n\n<p>Vesimittarit, kaasumittarit, kilowattituntimittarit, elektroniset pakkausmittarit, PC:n reaaliaikakellot, l\u00e4\u00e4ketieteelliset laitteet, CMOS-muistin varmuuskopiointi<\/p>","protected":false},"excerpt":{"rendered":"<p><strong>Mallinumero:<\/strong> ER14250<\/p>\n<p><strong>Nimellisj\u00e4nnite:<\/strong>\u00a03,6V<\/p>\n<p><strong>Nimellinen kapasiteetti:<\/strong> 1200 mAh<\/p>\n<p><strong>Max. jatkuva purkausvirta:<\/strong> 20mA<\/p>\n<p><strong>Max. pulssipurkausvirta:<\/strong> 50mA<\/p>\n<p><strong>K\u00e4ytt\u00f6l\u00e4mp\u00f6tila:<\/strong>\u00a0-55 \u2103 - 85 \u2103<\/p>\n<p><strong>Kemia:\u00a0<\/strong>Litiumtionyylikloridi-akku<\/p>\n<p><strong>Akun tyyppi: <\/strong>LiSOCI2<\/p>","protected":false},"featured_media":3423,"template":"","meta":{"_acf_changed":false,"site-sidebar-layout":"default","site-content-layout":"default","ast-site-content-layout":"default","site-content-style":"default","site-sidebar-style":"default","ast-global-header-display":"","ast-banner-title-visibility":"","ast-main-header-display":"","ast-hfb-above-header-display":"","ast-hfb-below-header-display":"","ast-hfb-mobile-header-display":"","site-post-title":"","ast-breadcrumbs-content":"","ast-featured-img":"","footer-sml-layout":"","theme-transparent-header-meta":"default","adv-header-id-meta":"","stick-header-meta":"","header-above-stick-meta":"","header-main-stick-meta":"","header-below-stick-meta":"","astra-migrate-meta-layouts":"set","ast-page-background-enabled":"default","ast-page-background-meta":{"desktop":{"background-color":"","background-image":"","background-repeat":"repeat","background-position":"center center","background-size":"auto","background-attachment":"scroll","background-type":"","background-media":"","overlay-type":"","overlay-color":"","overlay-opacity":"","overlay-gradient":""},"tablet":{"background-color":"","background-image":"","background-repeat":"repeat","background-position":"center center","background-size":"auto","background-attachment":"scroll","background-type":"","background-media":"","overlay-type":"","overlay-color":"","overlay-opacity":"","overlay-gradient":""},"mobile":{"background-color":"","background-image":"","background-repeat":"repeat","background-position":"center center","background-size":"auto","background-attachment":"scroll","background-type":"","background-media":"","overlay-type":"","overlay-color":"","overlay-opacity":"","overlay-gradient":""}},"ast-content-background-meta":{"desktop":{"background-color":"var(--ast-global-color-5)","background-image":"","background-repeat":"repeat","background-position":"center center","background-size":"auto","background-attachment":"scroll","background-type":"","background-media":"","overlay-type":"","overlay-color":"","overlay-opacity":"","overlay-gradient":""},"tablet":{"background-color":"var(--ast-global-color-5)","background-image":"","background-repeat":"repeat","background-position":"center center","background-size":"auto","background-attachment":"scroll","background-type":"","background-media":"","overlay-type":"","overlay-color":"","overlay-opacity":"","overlay-gradient":""},"mobile":{"background-color":"var(--ast-global-color-5)","background-image":"","background-repeat":"repeat","background-position":"center center","background-size":"auto","background-attachment":"scroll","background-type":"","background-media":"","overlay-type":"","overlay-color":"","overlay-opacity":"","overlay-gradient":""}}},"product_brand":[],"product_cat":[33],"product_tag":[],"class_list":{"0":"post-3421","1":"product","2":"type-product","3":"status-publish","4":"has-post-thumbnail","6":"product_cat-lithium-thionyl-chloride-li-socl2-battery","7":"desktop-align-left","8":"tablet-align-left","9":"mobile-align-left","11":"first","12":"instock","13":"sale","14":"shipping-taxable","15":"purchasable","16":"product-type-simple"},"acf":[],"yoast_head":"<!-- This site is optimized with the Yoast SEO plugin v27.3 - https:\/\/yoast.com\/product\/yoast-seo-wordpress\/ -->\n<title>Omnicel er14250 battery, er14250 lithium battery 3.6 v 1\/2AA Batteries<\/title>\n<meta name=\"description\" content=\"Omnicel er14250 battery, 3.6V &amp; 1200 mAh 1\/2AA Size Lithium Batteries wholesale, optimal solution for long term battery use.\" \/>\n<meta name=\"robots\" content=\"index, follow, max-snippet:-1, max-image-preview:large, max-video-preview:-1\" \/>\n<link rel=\"canonical\" href=\"https:\/\/www.ahotech.com\/fi\/tuote\/omnicel-er14250-akku-er14250-litiumparisto-36-v\/\" \/>\n<meta property=\"og:locale\" content=\"fi_FI\" \/>\n<meta property=\"og:type\" content=\"article\" \/>\n<meta property=\"og:title\" content=\"Omnicel er14250 battery, er14250 lithium battery 3.6 v 1\/2AA Batteries\" \/>\n<meta property=\"og:description\" content=\"Omnicel er14250 battery, 3.6V &amp; 1200 mAh 1\/2AA Size Lithium Batteries wholesale, optimal solution for long term battery use.\" \/>\n<meta property=\"og:url\" content=\"https:\/\/www.ahotech.com\/fi\/tuote\/omnicel-er14250-akku-er14250-litiumparisto-36-v\/\" \/>\n<meta property=\"og:site_name\" content=\"Ahotech.com\" \/>\n<meta property=\"article:modified_time\" content=\"2026-03-18T19:50:56+00:00\" \/>\n<meta property=\"og:image\" content=\"https:\/\/de.ahotech.com\/wp-content\/uploads\/2021\/10\/er14250-lithium-battery-a.jpg\" \/>\n\t<meta property=\"og:image:width\" content=\"800\" \/>\n\t<meta property=\"og:image:height\" content=\"800\" \/>\n\t<meta property=\"og:image:type\" content=\"image\/jpeg\" \/>\n<meta name=\"twitter:card\" content=\"summary_large_image\" \/>\n<meta name=\"twitter:label1\" content=\"Arvioitu lukuaika\" \/>\n\t<meta name=\"twitter:data1\" content=\"1 minuutti\" \/>\n<script type=\"application\/ld+json\" class=\"yoast-schema-graph\">{\"@context\":\"https:\\\/\\\/schema.org\",\"@graph\":[{\"@type\":\"WebPage\",\"@id\":\"https:\\\/\\\/de.ahotech.com\\\/product\\\/omnicel-er14250-akku-er14250-lithium-akku-36-v\\\/\",\"url\":\"https:\\\/\\\/de.ahotech.com\\\/product\\\/omnicel-er14250-akku-er14250-lithium-akku-36-v\\\/\",\"name\":\"Omnicel er14250 battery, er14250 lithium battery 3.6 v 1\\\/2AA Batteries\",\"isPartOf\":{\"@id\":\"https:\\\/\\\/www.ahotech.com\\\/es\\\/#website\"},\"primaryImageOfPage\":{\"@id\":\"https:\\\/\\\/de.ahotech.com\\\/product\\\/omnicel-er14250-akku-er14250-lithium-akku-36-v\\\/#primaryimage\"},\"image\":{\"@id\":\"https:\\\/\\\/de.ahotech.com\\\/product\\\/omnicel-er14250-akku-er14250-lithium-akku-36-v\\\/#primaryimage\"},\"thumbnailUrl\":\"https:\\\/\\\/www.ahotech.com\\\/wp-content\\\/uploads\\\/2021\\\/10\\\/er14250-lithium-battery-a.jpg\",\"datePublished\":\"2021-10-21T00:18:17+00:00\",\"dateModified\":\"2026-03-18T19:50:56+00:00\",\"description\":\"Omnicel er14250 battery, 3.6V & 1200 mAh 1\\\/2AA Size Lithium Batteries wholesale, optimal solution for long term battery use.\",\"breadcrumb\":{\"@id\":\"https:\\\/\\\/de.ahotech.com\\\/product\\\/omnicel-er14250-akku-er14250-lithium-akku-36-v\\\/#breadcrumb\"},\"inLanguage\":\"fi\",\"potentialAction\":[{\"@type\":\"ReadAction\",\"target\":[\"https:\\\/\\\/de.ahotech.com\\\/product\\\/omnicel-er14250-akku-er14250-lithium-akku-36-v\\\/\"]}]},{\"@type\":\"ImageObject\",\"inLanguage\":\"fi\",\"@id\":\"https:\\\/\\\/de.ahotech.com\\\/product\\\/omnicel-er14250-akku-er14250-lithium-akku-36-v\\\/#primaryimage\",\"url\":\"https:\\\/\\\/www.ahotech.com\\\/wp-content\\\/uploads\\\/2021\\\/10\\\/er14250-lithium-battery-a.jpg\",\"contentUrl\":\"https:\\\/\\\/www.ahotech.com\\\/wp-content\\\/uploads\\\/2021\\\/10\\\/er14250-lithium-battery-a.jpg\",\"width\":800,\"height\":800,\"caption\":\"er14250 battery\"},{\"@type\":\"BreadcrumbList\",\"@id\":\"https:\\\/\\\/de.ahotech.com\\\/product\\\/omnicel-er14250-akku-er14250-lithium-akku-36-v\\\/#breadcrumb\",\"itemListElement\":[{\"@type\":\"ListItem\",\"position\":1,\"name\":\"Home\",\"item\":\"https:\\\/\\\/www.ahotech.com\\\/es\\\/\"},{\"@type\":\"ListItem\",\"position\":2,\"name\":\"Store\",\"item\":\"https:\\\/\\\/www.ahotech.com\\\/es\\\/store\\\/\"},{\"@type\":\"ListItem\",\"position\":3,\"name\":\"Omnicel er14250 battery, er14250 lithium battery 3.6 v\"}]},{\"@type\":\"WebSite\",\"@id\":\"https:\\\/\\\/www.ahotech.com\\\/es\\\/#website\",\"url\":\"https:\\\/\\\/www.ahotech.com\\\/es\\\/\",\"name\":\"Ahotech.com\",\"description\":\"lithium battery manufacturers\",\"publisher\":{\"@id\":\"https:\\\/\\\/www.ahotech.com\\\/es\\\/#organization\"},\"potentialAction\":[{\"@type\":\"SearchAction\",\"target\":{\"@type\":\"EntryPoint\",\"urlTemplate\":\"https:\\\/\\\/www.ahotech.com\\\/es\\\/?s={search_term_string}\"},\"query-input\":{\"@type\":\"PropertyValueSpecification\",\"valueRequired\":true,\"valueName\":\"search_term_string\"}}],\"inLanguage\":\"fi\"},{\"@type\":\"Organization\",\"@id\":\"https:\\\/\\\/www.ahotech.com\\\/es\\\/#organization\",\"name\":\"Ahotech.com\",\"url\":\"https:\\\/\\\/www.ahotech.com\\\/es\\\/\",\"logo\":{\"@type\":\"ImageObject\",\"inLanguage\":\"fi\",\"@id\":\"https:\\\/\\\/www.ahotech.com\\\/es\\\/#\\\/schema\\\/logo\\\/image\\\/\",\"url\":\"https:\\\/\\\/www.ahotech.com\\\/wp-content\\\/uploads\\\/2021\\\/10\\\/battery-site-logo.jpg\",\"contentUrl\":\"https:\\\/\\\/www.ahotech.com\\\/wp-content\\\/uploads\\\/2021\\\/10\\\/battery-site-logo.jpg\",\"width\":1297,\"height\":465,\"caption\":\"Ahotech.com\"},\"image\":{\"@id\":\"https:\\\/\\\/www.ahotech.com\\\/es\\\/#\\\/schema\\\/logo\\\/image\\\/\"}}]}<\/script>\n<!-- \/ Yoast SEO plugin. -->","yoast_head_json":{"title":"Omnicel ER14250 -akku, ER14250 litiumparisto 3,6 V 1\/2 AA-paristoa","description":"Omnicel ER14250 -akku, 3,6 V ja 1200 mAh 1\/2 AA-kokoiset litiumparistot tukkumyynnist\u00e4, optimaalinen ratkaisu pitk\u00e4aikaiseen akkujen k\u00e4ytt\u00f6\u00f6n.","robots":{"index":"index","follow":"follow","max-snippet":"max-snippet:-1","max-image-preview":"max-image-preview:large","max-video-preview":"max-video-preview:-1"},"canonical":"https:\/\/www.ahotech.com\/fi\/tuote\/omnicel-er14250-akku-er14250-litiumparisto-36-v\/","og_locale":"fi_FI","og_type":"article","og_title":"Omnicel er14250 battery, er14250 lithium battery 3.6 v 1\/2AA Batteries","og_description":"Omnicel er14250 battery, 3.6V & 1200 mAh 1\/2AA Size Lithium Batteries wholesale, optimal solution for long term battery use.","og_url":"https:\/\/www.ahotech.com\/fi\/tuote\/omnicel-er14250-akku-er14250-litiumparisto-36-v\/","og_site_name":"Ahotech.com","article_modified_time":"2026-03-18T19:50:56+00:00","og_image":[{"width":800,"height":800,"url":"https:\/\/de.ahotech.com\/wp-content\/uploads\/2021\/10\/er14250-lithium-battery-a.jpg","type":"image\/jpeg"}],"twitter_card":"summary_large_image","twitter_misc":{"Arvioitu lukuaika":"1 minuutti"},"schema":{"@context":"https:\/\/schema.org","@graph":[{"@type":"WebPage","@id":"https:\/\/de.ahotech.com\/product\/omnicel-er14250-akku-er14250-lithium-akku-36-v\/","url":"https:\/\/de.ahotech.com\/product\/omnicel-er14250-akku-er14250-lithium-akku-36-v\/","name":"Omnicel ER14250 -akku, ER14250 litiumparisto 3,6 V 1\/2 AA-paristoa","isPartOf":{"@id":"https:\/\/www.ahotech.com\/es\/#website"},"primaryImageOfPage":{"@id":"https:\/\/de.ahotech.com\/product\/omnicel-er14250-akku-er14250-lithium-akku-36-v\/#primaryimage"},"image":{"@id":"https:\/\/de.ahotech.com\/product\/omnicel-er14250-akku-er14250-lithium-akku-36-v\/#primaryimage"},"thumbnailUrl":"https:\/\/www.ahotech.com\/wp-content\/uploads\/2021\/10\/er14250-lithium-battery-a.jpg","datePublished":"2021-10-21T00:18:17+00:00","dateModified":"2026-03-18T19:50:56+00:00","description":"Omnicel ER14250 -akku, 3,6 V ja 1200 mAh 1\/2 AA-kokoiset litiumparistot tukkumyynnist\u00e4, optimaalinen ratkaisu pitk\u00e4aikaiseen akkujen k\u00e4ytt\u00f6\u00f6n.","breadcrumb":{"@id":"https:\/\/de.ahotech.com\/product\/omnicel-er14250-akku-er14250-lithium-akku-36-v\/#breadcrumb"},"inLanguage":"fi","potentialAction":[{"@type":"ReadAction","target":["https:\/\/de.ahotech.com\/product\/omnicel-er14250-akku-er14250-lithium-akku-36-v\/"]}]},{"@type":"ImageObject","inLanguage":"fi","@id":"https:\/\/de.ahotech.com\/product\/omnicel-er14250-akku-er14250-lithium-akku-36-v\/#primaryimage","url":"https:\/\/www.ahotech.com\/wp-content\/uploads\/2021\/10\/er14250-lithium-battery-a.jpg","contentUrl":"https:\/\/www.ahotech.com\/wp-content\/uploads\/2021\/10\/er14250-lithium-battery-a.jpg","width":800,"height":800,"caption":"er14250 battery"},{"@type":"BreadcrumbList","@id":"https:\/\/de.ahotech.com\/product\/omnicel-er14250-akku-er14250-lithium-akku-36-v\/#breadcrumb","itemListElement":[{"@type":"ListItem","position":1,"name":"Home","item":"https:\/\/www.ahotech.com\/es\/"},{"@type":"ListItem","position":2,"name":"Store","item":"https:\/\/www.ahotech.com\/es\/store\/"},{"@type":"ListItem","position":3,"name":"Omnicel er14250 battery, er14250 lithium battery 3.6 v"}]},{"@type":"WebSite","@id":"https:\/\/www.ahotech.com\/es\/#website","url":"https:\/\/www.ahotech.com\/es\/","name":"Ahotech.com","description":"litium-akkujen valmistajat","publisher":{"@id":"https:\/\/www.ahotech.com\/es\/#organization"},"potentialAction":[{"@type":"SearchAction","target":{"@type":"EntryPoint","urlTemplate":"https:\/\/www.ahotech.com\/es\/?s={search_term_string}"},"query-input":{"@type":"PropertyValueSpecification","valueRequired":true,"valueName":"search_term_string"}}],"inLanguage":"fi"},{"@type":"Organization","@id":"https:\/\/www.ahotech.com\/es\/#organization","name":"Ahotech.com","url":"https:\/\/www.ahotech.com\/es\/","logo":{"@type":"ImageObject","inLanguage":"fi","@id":"https:\/\/www.ahotech.com\/es\/#\/schema\/logo\/image\/","url":"https:\/\/www.ahotech.com\/wp-content\/uploads\/2021\/10\/battery-site-logo.jpg","contentUrl":"https:\/\/www.ahotech.com\/wp-content\/uploads\/2021\/10\/battery-site-logo.jpg","width":1297,"height":465,"caption":"Ahotech.com"},"image":{"@id":"https:\/\/www.ahotech.com\/es\/#\/schema\/logo\/image\/"}}]}},"_links":{"self":[{"href":"https:\/\/www.ahotech.com\/fi\/wp-json\/wp\/v2\/product\/3421","targetHints":{"allow":["GET"]}}],"collection":[{"href":"https:\/\/www.ahotech.com\/fi\/wp-json\/wp\/v2\/product"}],"about":[{"href":"https:\/\/www.ahotech.com\/fi\/wp-json\/wp\/v2\/types\/product"}],"version-history":[{"count":7,"href":"https:\/\/www.ahotech.com\/fi\/wp-json\/wp\/v2\/product\/3421\/revisions"}],"predecessor-version":[{"id":5063,"href":"https:\/\/www.ahotech.com\/fi\/wp-json\/wp\/v2\/product\/3421\/revisions\/5063"}],"wp:featuredmedia":[{"embeddable":true,"href":"https:\/\/www.ahotech.com\/fi\/wp-json\/wp\/v2\/media\/3423"}],"wp:attachment":[{"href":"https:\/\/www.ahotech.com\/fi\/wp-json\/wp\/v2\/media?parent=3421"}],"wp:term":[{"taxonomy":"product_brand","embeddable":true,"href":"https:\/\/www.ahotech.com\/fi\/wp-json\/wp\/v2\/product_brand?post=3421"},{"taxonomy":"product_cat","embeddable":true,"href":"https:\/\/www.ahotech.com\/fi\/wp-json\/wp\/v2\/product_cat?post=3421"},{"taxonomy":"product_tag","embeddable":true,"href":"https:\/\/www.ahotech.com\/fi\/wp-json\/wp\/v2\/product_tag?post=3421"}],"curies":[{"name":"wp","href":"https:\/\/api.w.org\/{rel}","templated":true}]}}