{"id":3412,"date":"2021-10-19T14:59:42","date_gmt":"2021-10-19T14:59:42","guid":{"rendered":"https:\/\/www.ahotech.com\/?post_type=product&#038;p=3412"},"modified":"2026-03-18T19:51:57","modified_gmt":"2026-03-18T19:51:57","slug":"omnicel-er14505-akku-er14505-aa-3-6-v-litiumparisto","status":"publish","type":"product","link":"https:\/\/www.ahotech.com\/fi\/product\/omnicel-er14505-battery-er14505-aa-3-6-v-lithium-battery\/","title":{"rendered":"Omnicel er14505 akku, er14505 aa 3,6 V litiumakku"},"content":{"rendered":"<p><a href=\"https:\/\/www.ahotech.com\/wp-content\/uploads\/2022\/06\/ER14505_LS.pdf\" target=\"_blank\" rel=\"noopener\"><img decoding=\"async\" class=\"alignnone wp-image-4815\" src=\"https:\/\/www.ahotech.com\/wp-content\/uploads\/2022\/05\/PDF-icon.png\" alt=\"PDF-kuvake\" width=\"60\" height=\"60\" srcset=\"https:\/\/www.ahotech.com\/wp-content\/uploads\/2022\/05\/PDF-icon.png 256w, https:\/\/www.ahotech.com\/wp-content\/uploads\/2022\/05\/PDF-icon-150x150.png 150w, https:\/\/www.ahotech.com\/wp-content\/uploads\/2022\/05\/PDF-icon-100x100.png 100w\" sizes=\"(max-width: 60px) 100vw, 60px\" \/>ER14505-spesifikaatio<\/a><\/p>\n<p>Omnicel er14505 -litiumparisto tarjoaa h<span class=\"a-list-item\">korkea energia, eritt\u00e4in luotettava 3,6 voltin virtal\u00e4hde, l<\/span><span class=\"a-list-item\">Itsepurkautumisnopeus antaa t\u00e4lle kennolle 10 vuoden s\u00e4ilyvyysajan. Vakaa j\u00e4nnite ja laaja l\u00e4mp\u00f6tila<\/span><\/p>\n<h4>ER14505 akun ominaisuudet:<\/h4>\n<ul>\n<li>Erinomainen s\u00e4ilyvyys (10 vuotta huoneenl\u00e4mm\u00f6ss\u00e4).<\/li>\n<li>Paras soveltuva pienivirtapurkaus<\/li>\n<li>Laaja l\u00e4mp\u00f6tila-alue -55 \u2103 - +85 \u2103<\/li>\n<li>Alhainen itsepurkaus (1% tai v\u00e4hemm\u00e4n vuodessa)<\/li>\n<\/ul>\n<p><span class=\"tgt\" data-section=\"0\" data-sentence=\"0\" data-group=\"0-0\">Longsing Technologiesin er14505, AA suurikapasiteettinen 3,6 V litiumakku;<\/span><span class=\"tgt\" data-section=\"0\" data-sentence=\"1\" data-group=\"0-1\"> Suorituskykyinen ja SFTA litiumtionyylikloridiakku ER14500, Tadiran korkean energian litiumakku AA<\/span><\/p>\n<p>Er14505-litiumparistomme on edullisempi vaihtoehto turvalliselle er14505-akulle.<br \/>\nER14505 litiumtionyylikloridi-akku ei ole ladattava ja t\u00e4m\u00e4 akku passivoi kemiansa vuoksi<\/p>\n<h4>ER14505:n sovellukset<\/h4>\n<p>Vesimittarit, kaasumittarit, kilowattituntimittarit, elektroniset pakkausmittarit, PC:n reaaliaikakellot, l\u00e4\u00e4ketieteelliset laitteet, CMOS-muistin varmuuskopiointi<\/p>\n<p>Lis\u00e4\u00e4 tuotteita:<\/p>\n<p><a href=\"https:\/\/www.ahotech.com\/fi\/tuote\/omnicel-er14250-akku-er14250-litiumparisto-36-v\/\">ER14250<\/a>, <a href=\"https:\/\/www.ahotech.com\/fi\/tuote\/omnicel-er17505-akku-er17505-litiumparisto-36-v\/\">ER17505<\/a><\/p>","protected":false},"excerpt":{"rendered":"<p><strong>Mallinumero:<\/strong> ER14505<\/p>\n<p><strong>Nimellisj\u00e4nnite:<\/strong>\u00a03,6V<\/p>\n<p><strong>Nimellinen kapasiteetti:<\/strong> 2600 mAh<\/p>\n<p><strong>Max. jatkuva purkausvirta:<\/strong> 50mA<\/p>\n<p><strong>Max. pulssipurkausvirta:<\/strong> 100mA<\/p>\n<p><strong>K\u00e4ytt\u00f6l\u00e4mp\u00f6tila:<\/strong>\u00a0-55 \u2103 - 85 \u2103<\/p>\n<p><strong>Kemia:\u00a0<\/strong>Litiumtionyylikloridi-akku<\/p>\n<p><strong>Akun tyyppi: <\/strong>LiSOCI2<\/p>\n<p><strong>ER14505<\/strong> on 3,6 V ei-ladattava AA-litiumtionyylikloridi-akku; 2600 mAh LiSOCl2 AA-kokoinen puolakenno<\/p>","protected":false},"featured_media":3417,"template":"","meta":{"_acf_changed":false,"site-sidebar-layout":"default","site-content-layout":"default","ast-site-content-layout":"default","site-content-style":"default","site-sidebar-style":"default","ast-global-header-display":"","ast-banner-title-visibility":"","ast-main-header-display":"","ast-hfb-above-header-display":"","ast-hfb-below-header-display":"","ast-hfb-mobile-header-display":"","site-post-title":"","ast-breadcrumbs-content":"","ast-featured-img":"","footer-sml-layout":"","theme-transparent-header-meta":"default","adv-header-id-meta":"","stick-header-meta":"","header-above-stick-meta":"","header-main-stick-meta":"","header-below-stick-meta":"","astra-migrate-meta-layouts":"set","ast-page-background-enabled":"default","ast-page-background-meta":{"desktop":{"background-color":"","background-image":"","background-repeat":"repeat","background-position":"center center","background-size":"auto","background-attachment":"scroll","background-type":"","background-media":"","overlay-type":"","overlay-color":"","overlay-opacity":"","overlay-gradient":""},"tablet":{"background-color":"","background-image":"","background-repeat":"repeat","background-position":"center center","background-size":"auto","background-attachment":"scroll","background-type":"","background-media":"","overlay-type":"","overlay-color":"","overlay-opacity":"","overlay-gradient":""},"mobile":{"background-color":"","background-image":"","background-repeat":"repeat","background-position":"center center","background-size":"auto","background-attachment":"scroll","background-type":"","background-media":"","overlay-type":"","overlay-color":"","overlay-opacity":"","overlay-gradient":""}},"ast-content-background-meta":{"desktop":{"background-color":"var(--ast-global-color-5)","background-image":"","background-repeat":"repeat","background-position":"center center","background-size":"auto","background-attachment":"scroll","background-type":"","background-media":"","overlay-type":"","overlay-color":"","overlay-opacity":"","overlay-gradient":""},"tablet":{"background-color":"var(--ast-global-color-5)","background-image":"","background-repeat":"repeat","background-position":"center center","background-size":"auto","background-attachment":"scroll","background-type":"","background-media":"","overlay-type":"","overlay-color":"","overlay-opacity":"","overlay-gradient":""},"mobile":{"background-color":"var(--ast-global-color-5)","background-image":"","background-repeat":"repeat","background-position":"center center","background-size":"auto","background-attachment":"scroll","background-type":"","background-media":"","overlay-type":"","overlay-color":"","overlay-opacity":"","overlay-gradient":""}}},"product_brand":[],"product_cat":[33],"product_tag":[],"class_list":{"0":"post-3412","1":"product","2":"type-product","3":"status-publish","4":"has-post-thumbnail","6":"product_cat-lithium-thionyl-chloride-li-socl2-battery","7":"desktop-align-left","8":"tablet-align-left","9":"mobile-align-left","11":"first","12":"instock","13":"sale","14":"shipping-taxable","15":"purchasable","16":"product-type-simple"},"acf":[],"yoast_head":"<!-- This site is optimized with the Yoast SEO plugin v27.3 - https:\/\/yoast.com\/product\/yoast-seo-wordpress\/ -->\n<title>Omnicel er14505 battery, er14505 aa 3.6 v lithium battery, 2600 mAh cell<\/title>\n<meta name=\"description\" content=\"omnicel er14505 lithium battery Wholesale, 3.6V LiSOCl2 Non-rechargeable AA-Size 2600 mAh Bobbin Cell for sale\" \/>\n<meta name=\"robots\" content=\"index, follow, max-snippet:-1, max-image-preview:large, max-video-preview:-1\" \/>\n<link rel=\"canonical\" href=\"https:\/\/www.ahotech.com\/fi\/tuote\/omnicel-er14505-akku-er14505-aa-3-6-v-litiumparisto\/\" \/>\n<meta property=\"og:locale\" content=\"fi_FI\" \/>\n<meta property=\"og:type\" content=\"article\" \/>\n<meta property=\"og:title\" content=\"Omnicel er14505 battery, er14505 aa 3.6 v lithium battery, 2600 mAh cell\" \/>\n<meta property=\"og:description\" content=\"omnicel er14505 lithium battery Wholesale, 3.6V LiSOCl2 Non-rechargeable AA-Size 2600 mAh Bobbin Cell for sale\" \/>\n<meta property=\"og:url\" content=\"https:\/\/www.ahotech.com\/fi\/tuote\/omnicel-er14505-akku-er14505-aa-3-6-v-litiumparisto\/\" \/>\n<meta property=\"og:site_name\" content=\"Ahotech.com\" \/>\n<meta property=\"article:modified_time\" content=\"2026-03-18T19:51:57+00:00\" \/>\n<meta property=\"og:image\" content=\"https:\/\/www.ahotech.com\/wp-content\/uploads\/2021\/10\/er14505-lithium-battery-3-scaled.jpg\" \/>\n\t<meta property=\"og:image:width\" content=\"2560\" \/>\n\t<meta property=\"og:image:height\" content=\"2560\" \/>\n\t<meta property=\"og:image:type\" content=\"image\/jpeg\" \/>\n<meta name=\"twitter:card\" content=\"summary_large_image\" \/>\n<meta name=\"twitter:label1\" content=\"Arvioitu lukuaika\" \/>\n\t<meta name=\"twitter:data1\" content=\"2 minuuttia\" \/>\n<script type=\"application\/ld+json\" class=\"yoast-schema-graph\">{\"@context\":\"https:\\\/\\\/schema.org\",\"@graph\":[{\"@type\":\"WebPage\",\"@id\":\"https:\\\/\\\/www.ahotech.com\\\/fi\\\/product\\\/omnicel-er14505-battery-er14505-aa-3-6-v-lithium-battery\\\/\",\"url\":\"https:\\\/\\\/www.ahotech.com\\\/fi\\\/product\\\/omnicel-er14505-battery-er14505-aa-3-6-v-lithium-battery\\\/\",\"name\":\"Omnicel er14505 battery, er14505 aa 3.6 v lithium battery, 2600 mAh cell\",\"isPartOf\":{\"@id\":\"https:\\\/\\\/de.ahotech.com\\\/#website\"},\"primaryImageOfPage\":{\"@id\":\"https:\\\/\\\/www.ahotech.com\\\/fi\\\/product\\\/omnicel-er14505-battery-er14505-aa-3-6-v-lithium-battery\\\/#primaryimage\"},\"image\":{\"@id\":\"https:\\\/\\\/www.ahotech.com\\\/fi\\\/product\\\/omnicel-er14505-battery-er14505-aa-3-6-v-lithium-battery\\\/#primaryimage\"},\"thumbnailUrl\":\"https:\\\/\\\/www.ahotech.com\\\/wp-content\\\/uploads\\\/2021\\\/10\\\/er14505-lithium-battery-3-scaled.jpg\",\"datePublished\":\"2021-10-19T14:59:42+00:00\",\"dateModified\":\"2026-03-18T19:51:57+00:00\",\"description\":\"omnicel er14505 lithium battery Wholesale, 3.6V LiSOCl2 Non-rechargeable AA-Size 2600 mAh Bobbin Cell for sale\",\"breadcrumb\":{\"@id\":\"https:\\\/\\\/www.ahotech.com\\\/fi\\\/product\\\/omnicel-er14505-battery-er14505-aa-3-6-v-lithium-battery\\\/#breadcrumb\"},\"inLanguage\":\"fi\",\"potentialAction\":[{\"@type\":\"ReadAction\",\"target\":[\"https:\\\/\\\/www.ahotech.com\\\/fi\\\/product\\\/omnicel-er14505-battery-er14505-aa-3-6-v-lithium-battery\\\/\"]}]},{\"@type\":\"ImageObject\",\"inLanguage\":\"fi\",\"@id\":\"https:\\\/\\\/www.ahotech.com\\\/fi\\\/product\\\/omnicel-er14505-battery-er14505-aa-3-6-v-lithium-battery\\\/#primaryimage\",\"url\":\"https:\\\/\\\/www.ahotech.com\\\/wp-content\\\/uploads\\\/2021\\\/10\\\/er14505-lithium-battery-3-scaled.jpg\",\"contentUrl\":\"https:\\\/\\\/www.ahotech.com\\\/wp-content\\\/uploads\\\/2021\\\/10\\\/er14505-lithium-battery-3-scaled.jpg\",\"width\":2560,\"height\":2560,\"caption\":\"lithium battery er14505 size aa 3.6 volts\"},{\"@type\":\"BreadcrumbList\",\"@id\":\"https:\\\/\\\/www.ahotech.com\\\/fi\\\/product\\\/omnicel-er14505-battery-er14505-aa-3-6-v-lithium-battery\\\/#breadcrumb\",\"itemListElement\":[{\"@type\":\"ListItem\",\"position\":1,\"name\":\"Home\",\"item\":\"https:\\\/\\\/de.ahotech.com\\\/\"},{\"@type\":\"ListItem\",\"position\":2,\"name\":\"Store\",\"item\":\"https:\\\/\\\/www.ahotech.com\\\/es\\\/store\\\/\"},{\"@type\":\"ListItem\",\"position\":3,\"name\":\"Omnicel er14505 battery, er14505 aa 3.6 v lithium battery\"}]},{\"@type\":\"WebSite\",\"@id\":\"https:\\\/\\\/de.ahotech.com\\\/#website\",\"url\":\"https:\\\/\\\/de.ahotech.com\\\/\",\"name\":\"Ahotech.com\",\"description\":\"lithium battery manufacturers\",\"publisher\":{\"@id\":\"https:\\\/\\\/de.ahotech.com\\\/#organization\"},\"potentialAction\":[{\"@type\":\"SearchAction\",\"target\":{\"@type\":\"EntryPoint\",\"urlTemplate\":\"https:\\\/\\\/de.ahotech.com\\\/?s={search_term_string}\"},\"query-input\":{\"@type\":\"PropertyValueSpecification\",\"valueRequired\":true,\"valueName\":\"search_term_string\"}}],\"inLanguage\":\"fi\"},{\"@type\":\"Organization\",\"@id\":\"https:\\\/\\\/de.ahotech.com\\\/#organization\",\"name\":\"Ahotech.com\",\"url\":\"https:\\\/\\\/de.ahotech.com\\\/\",\"logo\":{\"@type\":\"ImageObject\",\"inLanguage\":\"fi\",\"@id\":\"https:\\\/\\\/de.ahotech.com\\\/#\\\/schema\\\/logo\\\/image\\\/\",\"url\":\"https:\\\/\\\/www.ahotech.com\\\/wp-content\\\/uploads\\\/2021\\\/10\\\/battery-site-logo.jpg\",\"contentUrl\":\"https:\\\/\\\/www.ahotech.com\\\/wp-content\\\/uploads\\\/2021\\\/10\\\/battery-site-logo.jpg\",\"width\":1297,\"height\":465,\"caption\":\"Ahotech.com\"},\"image\":{\"@id\":\"https:\\\/\\\/de.ahotech.com\\\/#\\\/schema\\\/logo\\\/image\\\/\"}}]}<\/script>\n<!-- \/ Yoast SEO plugin. -->","yoast_head_json":{"title":"Omnicel ER14505 akku, ER14505 AA 3.6 V litiumparisto, 2600 mAh kenno","description":"omnicel er14505 litiumparisto tukkumyynniss\u00e4, 3,6 V:n LiSOCl2-ladattava AA-kokoinen 2600 mAh:n puolaparisto myyt\u00e4v\u00e4n\u00e4","robots":{"index":"index","follow":"follow","max-snippet":"max-snippet:-1","max-image-preview":"max-image-preview:large","max-video-preview":"max-video-preview:-1"},"canonical":"https:\/\/www.ahotech.com\/fi\/tuote\/omnicel-er14505-akku-er14505-aa-3-6-v-litiumparisto\/","og_locale":"fi_FI","og_type":"article","og_title":"Omnicel er14505 battery, er14505 aa 3.6 v lithium battery, 2600 mAh cell","og_description":"omnicel er14505 lithium battery Wholesale, 3.6V LiSOCl2 Non-rechargeable AA-Size 2600 mAh Bobbin Cell for sale","og_url":"https:\/\/www.ahotech.com\/fi\/tuote\/omnicel-er14505-akku-er14505-aa-3-6-v-litiumparisto\/","og_site_name":"Ahotech.com","article_modified_time":"2026-03-18T19:51:57+00:00","og_image":[{"width":2560,"height":2560,"url":"https:\/\/www.ahotech.com\/wp-content\/uploads\/2021\/10\/er14505-lithium-battery-3-scaled.jpg","type":"image\/jpeg"}],"twitter_card":"summary_large_image","twitter_misc":{"Arvioitu lukuaika":"2 minuuttia"},"schema":{"@context":"https:\/\/schema.org","@graph":[{"@type":"WebPage","@id":"https:\/\/www.ahotech.com\/fi\/product\/omnicel-er14505-battery-er14505-aa-3-6-v-lithium-battery\/","url":"https:\/\/www.ahotech.com\/fi\/product\/omnicel-er14505-battery-er14505-aa-3-6-v-lithium-battery\/","name":"Omnicel ER14505 akku, ER14505 AA 3.6 V litiumparisto, 2600 mAh kenno","isPartOf":{"@id":"https:\/\/de.ahotech.com\/#website"},"primaryImageOfPage":{"@id":"https:\/\/www.ahotech.com\/fi\/product\/omnicel-er14505-battery-er14505-aa-3-6-v-lithium-battery\/#primaryimage"},"image":{"@id":"https:\/\/www.ahotech.com\/fi\/product\/omnicel-er14505-battery-er14505-aa-3-6-v-lithium-battery\/#primaryimage"},"thumbnailUrl":"https:\/\/www.ahotech.com\/wp-content\/uploads\/2021\/10\/er14505-lithium-battery-3-scaled.jpg","datePublished":"2021-10-19T14:59:42+00:00","dateModified":"2026-03-18T19:51:57+00:00","description":"omnicel er14505 litiumparisto tukkumyynniss\u00e4, 3,6 V:n LiSOCl2-ladattava AA-kokoinen 2600 mAh:n puolaparisto myyt\u00e4v\u00e4n\u00e4","breadcrumb":{"@id":"https:\/\/www.ahotech.com\/fi\/product\/omnicel-er14505-battery-er14505-aa-3-6-v-lithium-battery\/#breadcrumb"},"inLanguage":"fi","potentialAction":[{"@type":"ReadAction","target":["https:\/\/www.ahotech.com\/fi\/product\/omnicel-er14505-battery-er14505-aa-3-6-v-lithium-battery\/"]}]},{"@type":"ImageObject","inLanguage":"fi","@id":"https:\/\/www.ahotech.com\/fi\/product\/omnicel-er14505-battery-er14505-aa-3-6-v-lithium-battery\/#primaryimage","url":"https:\/\/www.ahotech.com\/wp-content\/uploads\/2021\/10\/er14505-lithium-battery-3-scaled.jpg","contentUrl":"https:\/\/www.ahotech.com\/wp-content\/uploads\/2021\/10\/er14505-lithium-battery-3-scaled.jpg","width":2560,"height":2560,"caption":"lithium battery er14505 size aa 3.6 volts"},{"@type":"BreadcrumbList","@id":"https:\/\/www.ahotech.com\/fi\/product\/omnicel-er14505-battery-er14505-aa-3-6-v-lithium-battery\/#breadcrumb","itemListElement":[{"@type":"ListItem","position":1,"name":"Home","item":"https:\/\/de.ahotech.com\/"},{"@type":"ListItem","position":2,"name":"Store","item":"https:\/\/www.ahotech.com\/es\/store\/"},{"@type":"ListItem","position":3,"name":"Omnicel er14505 battery, er14505 aa 3.6 v lithium battery"}]},{"@type":"WebSite","@id":"https:\/\/de.ahotech.com\/#website","url":"https:\/\/de.ahotech.com\/","name":"Ahotech.com","description":"litium-akkujen valmistajat","publisher":{"@id":"https:\/\/de.ahotech.com\/#organization"},"potentialAction":[{"@type":"SearchAction","target":{"@type":"EntryPoint","urlTemplate":"https:\/\/de.ahotech.com\/?s={search_term_string}"},"query-input":{"@type":"PropertyValueSpecification","valueRequired":true,"valueName":"search_term_string"}}],"inLanguage":"fi"},{"@type":"Organization","@id":"https:\/\/de.ahotech.com\/#organization","name":"Ahotech.com","url":"https:\/\/de.ahotech.com\/","logo":{"@type":"ImageObject","inLanguage":"fi","@id":"https:\/\/de.ahotech.com\/#\/schema\/logo\/image\/","url":"https:\/\/www.ahotech.com\/wp-content\/uploads\/2021\/10\/battery-site-logo.jpg","contentUrl":"https:\/\/www.ahotech.com\/wp-content\/uploads\/2021\/10\/battery-site-logo.jpg","width":1297,"height":465,"caption":"Ahotech.com"},"image":{"@id":"https:\/\/de.ahotech.com\/#\/schema\/logo\/image\/"}}]}},"_links":{"self":[{"href":"https:\/\/www.ahotech.com\/fi\/wp-json\/wp\/v2\/product\/3412","targetHints":{"allow":["GET"]}}],"collection":[{"href":"https:\/\/www.ahotech.com\/fi\/wp-json\/wp\/v2\/product"}],"about":[{"href":"https:\/\/www.ahotech.com\/fi\/wp-json\/wp\/v2\/types\/product"}],"version-history":[{"count":6,"href":"https:\/\/www.ahotech.com\/fi\/wp-json\/wp\/v2\/product\/3412\/revisions"}],"predecessor-version":[{"id":5000,"href":"https:\/\/www.ahotech.com\/fi\/wp-json\/wp\/v2\/product\/3412\/revisions\/5000"}],"wp:featuredmedia":[{"embeddable":true,"href":"https:\/\/www.ahotech.com\/fi\/wp-json\/wp\/v2\/media\/3417"}],"wp:attachment":[{"href":"https:\/\/www.ahotech.com\/fi\/wp-json\/wp\/v2\/media?parent=3412"}],"wp:term":[{"taxonomy":"product_brand","embeddable":true,"href":"https:\/\/www.ahotech.com\/fi\/wp-json\/wp\/v2\/product_brand?post=3412"},{"taxonomy":"product_cat","embeddable":true,"href":"https:\/\/www.ahotech.com\/fi\/wp-json\/wp\/v2\/product_cat?post=3412"},{"taxonomy":"product_tag","embeddable":true,"href":"https:\/\/www.ahotech.com\/fi\/wp-json\/wp\/v2\/product_tag?post=3412"}],"curies":[{"name":"wp","href":"https:\/\/api.w.org\/{rel}","templated":true}]}}