{"id":3993,"date":"2021-12-06T02:19:09","date_gmt":"2021-12-06T02:19:09","guid":{"rendered":"https:\/\/www.ahotech.com\/?page_id=3993"},"modified":"2021-12-06T02:19:10","modified_gmt":"2021-12-06T02:19:10","slug":"alykas-agv-kasittelyrobotti","status":"publish","type":"page","link":"https:\/\/www.ahotech.com\/fi\/agv-intelligent-handling-robot\/","title":{"rendered":"\u00c4lyk\u00e4s AGV-k\u00e4sittelyrobotti"},"content":{"rendered":"<p>Useimpien pienten ja keskisuurten yritysten tuotantopajoissa osa tuotannon automatisointitasosta on v\u00e4hitellen kypsynyt, mutta my\u00f6s ty\u00f6pajan logistiikka ja kuljetus on p\u00e4\u00e4asiassa ty\u00f6voiman varassa. Ty\u00f6voimakustannusten noustessa ja nuorten ja keski-ik\u00e4isten ty\u00f6voiman vakavan pulan vuoksi teollisuudessa on tullut t\u00e4rke\u00e4ksi tavaksi parantaa yritysten tuotantotehokkuutta korvaamalla ihmiset roboteilla logistiikan ja kuljetuksen ratkaisemiseksi.<\/p>\n\n\n\n<figure class=\"wp-block-image size-full\"><img fetchpriority=\"high\" decoding=\"async\" width=\"556\" height=\"479\" src=\"https:\/\/www.ahotech.com\/wp-content\/uploads\/2021\/11\/AGV-intelligent-handling-robot.jpg\" alt=\"\u00c4lyk\u00e4s AGV-k\u00e4sittelyrobotti\" class=\"wp-image-3775\" srcset=\"https:\/\/www.ahotech.com\/wp-content\/uploads\/2021\/11\/AGV-intelligent-handling-robot.jpg 556w, https:\/\/www.ahotech.com\/wp-content\/uploads\/2021\/11\/AGV-intelligent-handling-robot-300x258.jpg 300w\" sizes=\"(max-width: 556px) 100vw, 556px\" \/><\/figure>\n\n\n\n<p>AGV-sovelluksen edut<\/p>\n\n\n\n<p>1. Generation-kantajana AGV korvaa manuaalisen k\u00e4sittelyn ja v\u00e4hent\u00e4\u00e4 inhimillisten virheiden m\u00e4\u00e4r\u00e4\u00e4<\/p>\n\n\n\n<p>2, AGV-automaattivaihteisto lyhent\u00e4\u00e4 odotusaikaa ja parantaa kuljetustehokkuutta<\/p>\n\n\n\n<p>3, AGV \u00e4lyk\u00e4s k\u00e4sittely, voi automaattisesti skannata koodin tunnistaakseen jokaisen materiaalin siirtotarpeen, materiaali kuljetetaan automaattisesti m\u00e4\u00e4r\u00e4ttyyn paikkaan<\/p>\n\n\n\n<p>4, AGV-hallintaj\u00e4rjestelm\u00e4 sis\u00e4lt\u00e4\u00e4 liikenteenhallintatoimintoja, jotka v\u00e4hent\u00e4v\u00e4t turvallisuusriskej\u00e4<\/p>\n\n\n\n<p>Tietenkin, jotta robotti toimisi ihanteellisesti, \u00e4lykk\u00e4\u00e4n AGV-robotin litiumparistoteknologian kehitt\u00e4minen on my\u00f6s t\u00e4rke\u00e4 osa, sill\u00e4 akku on \u00e4lykk\u00e4\u00e4n robotin ty\u00f6n ydinvoimanl\u00e4hde.<\/p>\n\n\n\n<p>\u00c4lyk\u00e4s AGV-robotin akkutyyppi<\/p>\n\n\n\n<p>\u00c4lykk\u00e4\u00e4t AGV-robottiakut voidaan jakaa p\u00e4\u00e4asiassa lyijyakkuihin, nikkelimetallihydridi-akkuihin ja litium-akkuihin kolmeen ryhm\u00e4\u00e4n. Litium-akut jaetaan ter\u00e4skuorisiin lieri\u00f6m\u00e4isiin litium-akkuihin, litiumrautafosfaatti-akkuihin, tavallisiin litium-akkuihin ja tehokkaisiin polymeerilitium-akkuihin. Suuren purkausnopeuden ja ymp\u00e4rist\u00f6nsuojeluvaatimusten vuoksi lyijyakut vet\u00e4ytyv\u00e4t v\u00e4hitellen markkinoilta. Litium- ja nikkelimetallihydridi-akut ovat edullisempia. Nikkelimetallihydridi- ja litium-akkujen purkausnopeus ei ole kovin korkea, joten suuren purkauksen aikana litium-akun purkausnopeus on huonompi. Nikkelimetallihydridi-akkujen kustannukset ovat alhaiset ja niill\u00e4 on tietty kilpailuetu.<\/p>\n\n\n\n<figure class=\"wp-block-image size-full\"><img decoding=\"async\" width=\"800\" height=\"800\" src=\"https:\/\/www.ahotech.com\/wp-content\/uploads\/2021\/12\/lithium-ion-rv-battery.jpg\" alt=\"\" class=\"wp-image-3995\" srcset=\"https:\/\/www.ahotech.com\/wp-content\/uploads\/2021\/12\/lithium-ion-rv-battery.jpg 800w, https:\/\/www.ahotech.com\/wp-content\/uploads\/2021\/12\/lithium-ion-rv-battery-300x300.jpg 300w, https:\/\/www.ahotech.com\/wp-content\/uploads\/2021\/12\/lithium-ion-rv-battery-150x150.jpg 150w, https:\/\/www.ahotech.com\/wp-content\/uploads\/2021\/12\/lithium-ion-rv-battery-768x768.jpg 768w, https:\/\/www.ahotech.com\/wp-content\/uploads\/2021\/12\/lithium-ion-rv-battery-600x600.jpg 600w, https:\/\/www.ahotech.com\/wp-content\/uploads\/2021\/12\/lithium-ion-rv-battery-100x100.jpg 100w\" sizes=\"(max-width: 800px) 100vw, 800px\" \/><\/figure>\n\n\n\n<p>\u00c4lyk\u00e4s tavaroiden siirt\u00e4miseen tarkoitettu robotti k\u00e4ytt\u00e4\u00e4 valtavirran 48 V:n litiumpariston j\u00e4nnitett\u00e4, kun taas toiset robotit k\u00e4ytt\u00e4v\u00e4t 36 V:n, 52 V:n ja 72 V:n j\u00e4nnitteit\u00e4. Koska akku on suhteellisen reaaliaikainen datal\u00e4hde, ei yleens\u00e4 ole virtuaalista kohdekoteloa. Akun kapasitanssi vaihtelee ja akun kapasiteetti muuttuu k\u00e4yt\u00f6n ja tietojen muuttuessa, kuten sis\u00e4isen resistanssin kasvaessa. Tehollinen kapasiteetti pienenee. Akun kapasiteettia s\u00e4\u00e4det\u00e4\u00e4n luonnollisesti k\u00e4ytt\u00f6vaatimusten mukaan. Keskikokoisen akun kapasiteetti on yleens\u00e4 noin 80 Ah. Akun koko riippuu asiakkaan erityistarpeista.<\/p>\n\n\n\n<p>\u00c4lyk\u00e4s lastink\u00e4sittelyrobotin litiumparisto on virtal\u00e4hde litiumparistoille, joten nykyinen k\u00e4ytt\u00f6 on enemm\u00e4n tehoa 18650 litiumparistolle ja teholitiumrautafosfaattiakulle.<\/p>","protected":false},"excerpt":{"rendered":"<p>In the production workshop of most small and medium-sized enterprises, part of the production automation level has been gradually mature, but in the workshop logistics and transportation also mainly rely on manpower to solve. With the increasing cost of employment and the serious shortage of young and middle-aged labor force in the manufacturing industry, it [&hellip;]<\/p>\n","protected":false},"author":1,"featured_media":0,"parent":0,"menu_order":0,"comment_status":"closed","ping_status":"closed","template":"","meta":{"_acf_changed":false,"site-sidebar-layout":"default","site-content-layout":"","ast-site-content-layout":"","site-content-style":"default","site-sidebar-style":"default","ast-global-header-display":"","ast-banner-title-visibility":"","ast-main-header-display":"","ast-hfb-above-header-display":"","ast-hfb-below-header-display":"","ast-hfb-mobile-header-display":"","site-post-title":"","ast-breadcrumbs-content":"","ast-featured-img":"","footer-sml-layout":"","theme-transparent-header-meta":"","adv-header-id-meta":"","stick-header-meta":"","header-above-stick-meta":"","header-main-stick-meta":"","header-below-stick-meta":"","astra-migrate-meta-layouts":"default","ast-page-background-enabled":"default","ast-page-background-meta":{"desktop":{"background-color":"","background-image":"","background-repeat":"repeat","background-position":"center center","background-size":"auto","background-attachment":"scroll","background-type":"","background-media":"","overlay-type":"","overlay-color":"","overlay-opacity":"","overlay-gradient":""},"tablet":{"background-color":"","background-image":"","background-repeat":"repeat","background-position":"center center","background-size":"auto","background-attachment":"scroll","background-type":"","background-media":"","overlay-type":"","overlay-color":"","overlay-opacity":"","overlay-gradient":""},"mobile":{"background-color":"","background-image":"","background-repeat":"repeat","background-position":"center center","background-size":"auto","background-attachment":"scroll","background-type":"","background-media":"","overlay-type":"","overlay-color":"","overlay-opacity":"","overlay-gradient":""}},"ast-content-background-meta":{"desktop":{"background-color":"var(--ast-global-color-5)","background-image":"","background-repeat":"repeat","background-position":"center center","background-size":"auto","background-attachment":"scroll","background-type":"","background-media":"","overlay-type":"","overlay-color":"","overlay-opacity":"","overlay-gradient":""},"tablet":{"background-color":"var(--ast-global-color-5)","background-image":"","background-repeat":"repeat","background-position":"center center","background-size":"auto","background-attachment":"scroll","background-type":"","background-media":"","overlay-type":"","overlay-color":"","overlay-opacity":"","overlay-gradient":""},"mobile":{"background-color":"var(--ast-global-color-5)","background-image":"","background-repeat":"repeat","background-position":"center center","background-size":"auto","background-attachment":"scroll","background-type":"","background-media":"","overlay-type":"","overlay-color":"","overlay-opacity":"","overlay-gradient":""}},"footnotes":""},"class_list":["post-3993","page","type-page","status-publish","hentry"],"acf":[],"yoast_head":"<!-- This site is optimized with the Yoast SEO plugin v27.3 - https:\/\/yoast.com\/product\/yoast-seo-wordpress\/ -->\n<title>AGV intelligent handling robot - Ahotech.com<\/title>\n<meta name=\"robots\" content=\"index, follow, max-snippet:-1, max-image-preview:large, max-video-preview:-1\" \/>\n<link rel=\"canonical\" href=\"https:\/\/www.ahotech.com\/fi\/alykas-agv-kasittelyrobotti\/\" \/>\n<meta property=\"og:locale\" content=\"fi_FI\" \/>\n<meta property=\"og:type\" content=\"article\" \/>\n<meta property=\"og:title\" content=\"AGV intelligent handling robot - Ahotech.com\" \/>\n<meta property=\"og:description\" content=\"In the production workshop of most small and medium-sized enterprises, part of the production automation level has been gradually mature, but in the workshop logistics and transportation also mainly rely on manpower to solve. With the increasing cost of employment and the serious shortage of young and middle-aged labor force in the manufacturing industry, it [&hellip;]\" \/>\n<meta property=\"og:url\" content=\"https:\/\/www.ahotech.com\/fi\/alykas-agv-kasittelyrobotti\/\" \/>\n<meta property=\"og:site_name\" content=\"Ahotech.com\" \/>\n<meta property=\"article:modified_time\" content=\"2021-12-06T02:19:10+00:00\" \/>\n<meta property=\"og:image\" content=\"https:\/\/www.ahotech.com\/wp-content\/uploads\/2021\/11\/AGV-intelligent-handling-robot.jpg\" \/>\n<meta name=\"twitter:card\" content=\"summary_large_image\" \/>\n<meta name=\"twitter:label1\" content=\"Arvioitu lukuaika\" \/>\n\t<meta name=\"twitter:data1\" content=\"3 minuuttia\" \/>\n<script type=\"application\/ld+json\" class=\"yoast-schema-graph\">{\"@context\":\"https:\\\/\\\/schema.org\",\"@graph\":[{\"@type\":\"WebPage\",\"@id\":\"https:\\\/\\\/de.ahotech.com\\\/agv-intelligenter-handhabungsroboter\\\/\",\"url\":\"https:\\\/\\\/de.ahotech.com\\\/agv-intelligenter-handhabungsroboter\\\/\",\"name\":\"AGV intelligent handling robot - Ahotech.com\",\"isPartOf\":{\"@id\":\"https:\\\/\\\/www.ahotech.com\\\/es\\\/#website\"},\"primaryImageOfPage\":{\"@id\":\"https:\\\/\\\/de.ahotech.com\\\/agv-intelligenter-handhabungsroboter\\\/#primaryimage\"},\"image\":{\"@id\":\"https:\\\/\\\/de.ahotech.com\\\/agv-intelligenter-handhabungsroboter\\\/#primaryimage\"},\"thumbnailUrl\":\"https:\\\/\\\/www.ahotech.com\\\/wp-content\\\/uploads\\\/2021\\\/11\\\/AGV-intelligent-handling-robot.jpg\",\"datePublished\":\"2021-12-06T02:19:09+00:00\",\"dateModified\":\"2021-12-06T02:19:10+00:00\",\"breadcrumb\":{\"@id\":\"https:\\\/\\\/de.ahotech.com\\\/agv-intelligenter-handhabungsroboter\\\/#breadcrumb\"},\"inLanguage\":\"fi\",\"potentialAction\":[{\"@type\":\"ReadAction\",\"target\":[\"https:\\\/\\\/de.ahotech.com\\\/agv-intelligenter-handhabungsroboter\\\/\"]}]},{\"@type\":\"ImageObject\",\"inLanguage\":\"fi\",\"@id\":\"https:\\\/\\\/de.ahotech.com\\\/agv-intelligenter-handhabungsroboter\\\/#primaryimage\",\"url\":\"https:\\\/\\\/www.ahotech.com\\\/wp-content\\\/uploads\\\/2021\\\/11\\\/AGV-intelligent-handling-robot.jpg\",\"contentUrl\":\"https:\\\/\\\/www.ahotech.com\\\/wp-content\\\/uploads\\\/2021\\\/11\\\/AGV-intelligent-handling-robot.jpg\"},{\"@type\":\"BreadcrumbList\",\"@id\":\"https:\\\/\\\/de.ahotech.com\\\/agv-intelligenter-handhabungsroboter\\\/#breadcrumb\",\"itemListElement\":[{\"@type\":\"ListItem\",\"position\":1,\"name\":\"Home\",\"item\":\"https:\\\/\\\/de.ahotech.com\\\/\"},{\"@type\":\"ListItem\",\"position\":2,\"name\":\"AGV intelligent handling robot\"}]},{\"@type\":\"WebSite\",\"@id\":\"https:\\\/\\\/www.ahotech.com\\\/es\\\/#website\",\"url\":\"https:\\\/\\\/www.ahotech.com\\\/es\\\/\",\"name\":\"Ahotech.com\",\"description\":\"lithium battery manufacturers\",\"publisher\":{\"@id\":\"https:\\\/\\\/www.ahotech.com\\\/es\\\/#organization\"},\"potentialAction\":[{\"@type\":\"SearchAction\",\"target\":{\"@type\":\"EntryPoint\",\"urlTemplate\":\"https:\\\/\\\/www.ahotech.com\\\/es\\\/?s={search_term_string}\"},\"query-input\":{\"@type\":\"PropertyValueSpecification\",\"valueRequired\":true,\"valueName\":\"search_term_string\"}}],\"inLanguage\":\"fi\"},{\"@type\":\"Organization\",\"@id\":\"https:\\\/\\\/www.ahotech.com\\\/es\\\/#organization\",\"name\":\"Ahotech.com\",\"url\":\"https:\\\/\\\/www.ahotech.com\\\/es\\\/\",\"logo\":{\"@type\":\"ImageObject\",\"inLanguage\":\"fi\",\"@id\":\"https:\\\/\\\/www.ahotech.com\\\/es\\\/#\\\/schema\\\/logo\\\/image\\\/\",\"url\":\"https:\\\/\\\/www.ahotech.com\\\/wp-content\\\/uploads\\\/2021\\\/10\\\/battery-site-logo.jpg\",\"contentUrl\":\"https:\\\/\\\/www.ahotech.com\\\/wp-content\\\/uploads\\\/2021\\\/10\\\/battery-site-logo.jpg\",\"width\":1297,\"height\":465,\"caption\":\"Ahotech.com\"},\"image\":{\"@id\":\"https:\\\/\\\/www.ahotech.com\\\/es\\\/#\\\/schema\\\/logo\\\/image\\\/\"}}]}<\/script>\n<!-- \/ Yoast SEO plugin. -->","yoast_head_json":{"title":"\u00c4lyk\u00e4s AGV-k\u00e4sittelyrobotti - Ahotech.com","robots":{"index":"index","follow":"follow","max-snippet":"max-snippet:-1","max-image-preview":"max-image-preview:large","max-video-preview":"max-video-preview:-1"},"canonical":"https:\/\/www.ahotech.com\/fi\/alykas-agv-kasittelyrobotti\/","og_locale":"fi_FI","og_type":"article","og_title":"AGV intelligent handling robot - Ahotech.com","og_description":"In the production workshop of most small and medium-sized enterprises, part of the production automation level has been gradually mature, but in the workshop logistics and transportation also mainly rely on manpower to solve. With the increasing cost of employment and the serious shortage of young and middle-aged labor force in the manufacturing industry, it [&hellip;]","og_url":"https:\/\/www.ahotech.com\/fi\/alykas-agv-kasittelyrobotti\/","og_site_name":"Ahotech.com","article_modified_time":"2021-12-06T02:19:10+00:00","og_image":[{"url":"https:\/\/www.ahotech.com\/wp-content\/uploads\/2021\/11\/AGV-intelligent-handling-robot.jpg","type":"","width":"","height":""}],"twitter_card":"summary_large_image","twitter_misc":{"Arvioitu lukuaika":"3 minuuttia"},"schema":{"@context":"https:\/\/schema.org","@graph":[{"@type":"WebPage","@id":"https:\/\/de.ahotech.com\/agv-intelligenter-handhabungsroboter\/","url":"https:\/\/de.ahotech.com\/agv-intelligenter-handhabungsroboter\/","name":"\u00c4lyk\u00e4s AGV-k\u00e4sittelyrobotti - Ahotech.com","isPartOf":{"@id":"https:\/\/www.ahotech.com\/es\/#website"},"primaryImageOfPage":{"@id":"https:\/\/de.ahotech.com\/agv-intelligenter-handhabungsroboter\/#primaryimage"},"image":{"@id":"https:\/\/de.ahotech.com\/agv-intelligenter-handhabungsroboter\/#primaryimage"},"thumbnailUrl":"https:\/\/www.ahotech.com\/wp-content\/uploads\/2021\/11\/AGV-intelligent-handling-robot.jpg","datePublished":"2021-12-06T02:19:09+00:00","dateModified":"2021-12-06T02:19:10+00:00","breadcrumb":{"@id":"https:\/\/de.ahotech.com\/agv-intelligenter-handhabungsroboter\/#breadcrumb"},"inLanguage":"fi","potentialAction":[{"@type":"ReadAction","target":["https:\/\/de.ahotech.com\/agv-intelligenter-handhabungsroboter\/"]}]},{"@type":"ImageObject","inLanguage":"fi","@id":"https:\/\/de.ahotech.com\/agv-intelligenter-handhabungsroboter\/#primaryimage","url":"https:\/\/www.ahotech.com\/wp-content\/uploads\/2021\/11\/AGV-intelligent-handling-robot.jpg","contentUrl":"https:\/\/www.ahotech.com\/wp-content\/uploads\/2021\/11\/AGV-intelligent-handling-robot.jpg"},{"@type":"BreadcrumbList","@id":"https:\/\/de.ahotech.com\/agv-intelligenter-handhabungsroboter\/#breadcrumb","itemListElement":[{"@type":"ListItem","position":1,"name":"Home","item":"https:\/\/de.ahotech.com\/"},{"@type":"ListItem","position":2,"name":"AGV intelligent handling robot"}]},{"@type":"WebSite","@id":"https:\/\/www.ahotech.com\/es\/#website","url":"https:\/\/www.ahotech.com\/es\/","name":"Ahotech.com","description":"litium-akkujen valmistajat","publisher":{"@id":"https:\/\/www.ahotech.com\/es\/#organization"},"potentialAction":[{"@type":"SearchAction","target":{"@type":"EntryPoint","urlTemplate":"https:\/\/www.ahotech.com\/es\/?s={search_term_string}"},"query-input":{"@type":"PropertyValueSpecification","valueRequired":true,"valueName":"search_term_string"}}],"inLanguage":"fi"},{"@type":"Organization","@id":"https:\/\/www.ahotech.com\/es\/#organization","name":"Ahotech.com","url":"https:\/\/www.ahotech.com\/es\/","logo":{"@type":"ImageObject","inLanguage":"fi","@id":"https:\/\/www.ahotech.com\/es\/#\/schema\/logo\/image\/","url":"https:\/\/www.ahotech.com\/wp-content\/uploads\/2021\/10\/battery-site-logo.jpg","contentUrl":"https:\/\/www.ahotech.com\/wp-content\/uploads\/2021\/10\/battery-site-logo.jpg","width":1297,"height":465,"caption":"Ahotech.com"},"image":{"@id":"https:\/\/www.ahotech.com\/es\/#\/schema\/logo\/image\/"}}]}},"_links":{"self":[{"href":"https:\/\/www.ahotech.com\/fi\/wp-json\/wp\/v2\/pages\/3993","targetHints":{"allow":["GET"]}}],"collection":[{"href":"https:\/\/www.ahotech.com\/fi\/wp-json\/wp\/v2\/pages"}],"about":[{"href":"https:\/\/www.ahotech.com\/fi\/wp-json\/wp\/v2\/types\/page"}],"author":[{"embeddable":true,"href":"https:\/\/www.ahotech.com\/fi\/wp-json\/wp\/v2\/users\/1"}],"replies":[{"embeddable":true,"href":"https:\/\/www.ahotech.com\/fi\/wp-json\/wp\/v2\/comments?post=3993"}],"version-history":[{"count":1,"href":"https:\/\/www.ahotech.com\/fi\/wp-json\/wp\/v2\/pages\/3993\/revisions"}],"predecessor-version":[{"id":3996,"href":"https:\/\/www.ahotech.com\/fi\/wp-json\/wp\/v2\/pages\/3993\/revisions\/3996"}],"wp:attachment":[{"href":"https:\/\/www.ahotech.com\/fi\/wp-json\/wp\/v2\/media?parent=3993"}],"curies":[{"name":"wp","href":"https:\/\/api.w.org\/{rel}","templated":true}]}}