{"id":3990,"date":"2021-12-06T01:45:15","date_gmt":"2021-12-06T01:45:15","guid":{"rendered":"https:\/\/www.ahotech.com\/?page_id=3990"},"modified":"2021-12-06T01:45:16","modified_gmt":"2021-12-06T01:45:16","slug":"nb-iot-alymittariprojektin-tapaus","status":"publish","type":"page","link":"https:\/\/www.ahotech.com\/fi\/nb-iot-smart-meter-project-case\/","title":{"rendered":"NB-iot-\u00e4lymittariprojektin tapaus"},"content":{"rendered":"<p>Kiinan kaupunkien modernisaation kiihtyess\u00e4 veden, l\u00e4mm\u00f6n, s\u00e4hk\u00f6n, kaasun ja muiden energial\u00e4hteiden hintojen uudistus on ollut viime vuosina Keski-taloudellisen ty\u00f6konferenssin keski\u00f6ss\u00e4.<\/p>\n\n\n\n<figure class=\"wp-block-image size-full\"><img fetchpriority=\"high\" decoding=\"async\" width=\"800\" height=\"800\" src=\"https:\/\/www.ahotech.com\/wp-content\/uploads\/2021\/11\/battery-and-capacitor-in-series-1.jpg\" alt=\"akku ja kondensaattori sarjassa\" class=\"wp-image-3774\" srcset=\"https:\/\/www.ahotech.com\/wp-content\/uploads\/2021\/11\/battery-and-capacitor-in-series-1.jpg 800w, https:\/\/www.ahotech.com\/wp-content\/uploads\/2021\/11\/battery-and-capacitor-in-series-1-300x300.jpg 300w, https:\/\/www.ahotech.com\/wp-content\/uploads\/2021\/11\/battery-and-capacitor-in-series-1-150x150.jpg 150w, https:\/\/www.ahotech.com\/wp-content\/uploads\/2021\/11\/battery-and-capacitor-in-series-1-768x768.jpg 768w, https:\/\/www.ahotech.com\/wp-content\/uploads\/2021\/11\/battery-and-capacitor-in-series-1-600x600.jpg 600w, https:\/\/www.ahotech.com\/wp-content\/uploads\/2021\/11\/battery-and-capacitor-in-series-1-100x100.jpg 100w\" sizes=\"(max-width: 800px) 100vw, 800px\" \/><\/figure>\n\n\n\n<p>NB-iot on nouseva viestint\u00e4teknologia esineiden internetin alalla, ja se on uusi kapeakaistainen matkapuhelinverkkoon perustuva LPWAN-teknologia (Low power Wide Area Network). Sen etuna on laaja peittoalue, alhainen virrankulutus, alhaiset kustannukset, suuri yhteyskapasiteetti ja korkea turvallisuus. Se soveltuu pitk\u00e4n matkan, alhaisen virrankulutuksen ja monip\u00e4\u00e4tteiden esineiden internet -palveluihin, ja sill\u00e4 on laaja valikoima sovellusmahdollisuuksia.<\/p>\n\n\n\n<p>NB-iot-teknologiasopimus hyv\u00e4ksyttiin 3GPP:n langattoman verkkoyhteyden (RAN) teknisten eritelmien ty\u00f6ryhm\u00e4n kokouksessa 16. kes\u00e4kuuta 2016, ja standardointi saatiin onnistuneesti p\u00e4\u00e4t\u00f6kseen, mik\u00e4 osoittaa, ett\u00e4 NB-iot siirtyy pian kaupalliseen vaiheeseen. \u00c4lyk\u00e4st\u00e4 vesi-, kaasu-, l\u00e4mp\u00f6- ja s\u00e4hk\u00f6mittaria edistet\u00e4\u00e4n laajalti, koska se mahdollistaa reaaliaikaisen energianmittauksen, et\u00e4mittarin lukemisen, et\u00e4maksun ja muita toimintoja. N\u00e4iss\u00e4 mittareissa k\u00e4ytet\u00e4\u00e4n yleisesti litium-akkuja tai IoT-akkuja k\u00e4ytt\u00f6- ja varavirtal\u00e4hteen\u00e4. Samaan aikaan virtausmittarit, kaasumittarit ja muut \u00e4lykk\u00e4\u00e4t instrumentit siirtyv\u00e4t v\u00e4hitellen kertak\u00e4ytt\u00f6isiin litium-akkuihin pitk\u00e4n k\u00e4ytt\u00f6i\u00e4n vaatimusten t\u00e4ytt\u00e4miseksi. Voidaan sanoa, ett\u00e4 \u00e4lykk\u00e4iden instrumenttien kehityksell\u00e4 tulevaisuudessa on yh\u00e4 l\u00e4heisempi ja erottamattomampi suhde kertak\u00e4ytt\u00f6isiin litium-akkuihin.<\/p>\n\n\n\n<figure class=\"wp-block-image size-full\"><img decoding=\"async\" width=\"800\" height=\"800\" src=\"https:\/\/www.ahotech.com\/wp-content\/uploads\/2021\/11\/combine-battery-and-capacitor-for-energy-storage-2.jpg\" alt=\"Yhdist\u00e4 akku ja kondensaattori energian varastointiin\" class=\"wp-image-3960\" srcset=\"https:\/\/www.ahotech.com\/wp-content\/uploads\/2021\/11\/combine-battery-and-capacitor-for-energy-storage-2.jpg 800w, https:\/\/www.ahotech.com\/wp-content\/uploads\/2021\/11\/combine-battery-and-capacitor-for-energy-storage-2-300x300.jpg 300w, https:\/\/www.ahotech.com\/wp-content\/uploads\/2021\/11\/combine-battery-and-capacitor-for-energy-storage-2-150x150.jpg 150w, https:\/\/www.ahotech.com\/wp-content\/uploads\/2021\/11\/combine-battery-and-capacitor-for-energy-storage-2-768x768.jpg 768w, https:\/\/www.ahotech.com\/wp-content\/uploads\/2021\/11\/combine-battery-and-capacitor-for-energy-storage-2-600x600.jpg 600w, https:\/\/www.ahotech.com\/wp-content\/uploads\/2021\/11\/combine-battery-and-capacitor-for-energy-storage-2-100x100.jpg 100w\" sizes=\"(max-width: 800px) 100vw, 800px\" \/><\/figure>\n\n\n\n<p><\/p>","protected":false},"excerpt":{"rendered":"<p>With the acceleration of China&#8217;s urban modernization, the reform of water, heat, electricity, gas and other energy prices has been the focus of the Central Economic Work Conference in recent years. As an emerging communication technology in the field of Internet of Things, NB-iot is a new narrowband cellular communication LPWAN (Low power Wide area [&hellip;]<\/p>\n","protected":false},"author":1,"featured_media":0,"parent":0,"menu_order":0,"comment_status":"closed","ping_status":"closed","template":"","meta":{"_acf_changed":false,"site-sidebar-layout":"default","site-content-layout":"","ast-site-content-layout":"","site-content-style":"default","site-sidebar-style":"default","ast-global-header-display":"","ast-banner-title-visibility":"","ast-main-header-display":"","ast-hfb-above-header-display":"","ast-hfb-below-header-display":"","ast-hfb-mobile-header-display":"","site-post-title":"","ast-breadcrumbs-content":"","ast-featured-img":"","footer-sml-layout":"","theme-transparent-header-meta":"","adv-header-id-meta":"","stick-header-meta":"","header-above-stick-meta":"","header-main-stick-meta":"","header-below-stick-meta":"","astra-migrate-meta-layouts":"default","ast-page-background-enabled":"default","ast-page-background-meta":{"desktop":{"background-color":"","background-image":"","background-repeat":"repeat","background-position":"center center","background-size":"auto","background-attachment":"scroll","background-type":"","background-media":"","overlay-type":"","overlay-color":"","overlay-opacity":"","overlay-gradient":""},"tablet":{"background-color":"","background-image":"","background-repeat":"repeat","background-position":"center center","background-size":"auto","background-attachment":"scroll","background-type":"","background-media":"","overlay-type":"","overlay-color":"","overlay-opacity":"","overlay-gradient":""},"mobile":{"background-color":"","background-image":"","background-repeat":"repeat","background-position":"center center","background-size":"auto","background-attachment":"scroll","background-type":"","background-media":"","overlay-type":"","overlay-color":"","overlay-opacity":"","overlay-gradient":""}},"ast-content-background-meta":{"desktop":{"background-color":"var(--ast-global-color-5)","background-image":"","background-repeat":"repeat","background-position":"center center","background-size":"auto","background-attachment":"scroll","background-type":"","background-media":"","overlay-type":"","overlay-color":"","overlay-opacity":"","overlay-gradient":""},"tablet":{"background-color":"var(--ast-global-color-5)","background-image":"","background-repeat":"repeat","background-position":"center center","background-size":"auto","background-attachment":"scroll","background-type":"","background-media":"","overlay-type":"","overlay-color":"","overlay-opacity":"","overlay-gradient":""},"mobile":{"background-color":"var(--ast-global-color-5)","background-image":"","background-repeat":"repeat","background-position":"center center","background-size":"auto","background-attachment":"scroll","background-type":"","background-media":"","overlay-type":"","overlay-color":"","overlay-opacity":"","overlay-gradient":""}},"footnotes":""},"class_list":["post-3990","page","type-page","status-publish","hentry"],"acf":[],"yoast_head":"<!-- This site is optimized with the Yoast SEO plugin v27.3 - https:\/\/yoast.com\/product\/yoast-seo-wordpress\/ -->\n<title>NB-iot Smart Meter project case - Ahotech.com<\/title>\n<meta name=\"robots\" content=\"index, follow, max-snippet:-1, max-image-preview:large, max-video-preview:-1\" \/>\n<link rel=\"canonical\" href=\"https:\/\/www.ahotech.com\/fi\/nb-iot-alymittariprojektin-tapaus\/\" \/>\n<meta property=\"og:locale\" content=\"fi_FI\" \/>\n<meta property=\"og:type\" content=\"article\" \/>\n<meta property=\"og:title\" content=\"NB-iot Smart Meter project case - Ahotech.com\" \/>\n<meta property=\"og:description\" content=\"With the acceleration of China&#8217;s urban modernization, the reform of water, heat, electricity, gas and other energy prices has been the focus of the Central Economic Work Conference in recent years. As an emerging communication technology in the field of Internet of Things, NB-iot is a new narrowband cellular communication LPWAN (Low power Wide area [&hellip;]\" \/>\n<meta property=\"og:url\" content=\"https:\/\/www.ahotech.com\/fi\/nb-iot-alymittariprojektin-tapaus\/\" \/>\n<meta property=\"og:site_name\" content=\"Ahotech.com\" \/>\n<meta property=\"article:modified_time\" content=\"2021-12-06T01:45:16+00:00\" \/>\n<meta property=\"og:image\" content=\"https:\/\/www.ahotech.com\/wp-content\/uploads\/2021\/11\/battery-and-capacitor-in-series-1.jpg\" \/>\n<meta name=\"twitter:card\" content=\"summary_large_image\" \/>\n<meta name=\"twitter:label1\" content=\"Arvioitu lukuaika\" \/>\n\t<meta name=\"twitter:data1\" content=\"2 minuuttia\" \/>\n<script type=\"application\/ld+json\" class=\"yoast-schema-graph\">{\"@context\":\"https:\\\/\\\/schema.org\",\"@graph\":[{\"@type\":\"WebPage\",\"@id\":\"https:\\\/\\\/de.ahotech.com\\\/fallstudie-zum-nb-iot-smart-meter-projekt\\\/\",\"url\":\"https:\\\/\\\/de.ahotech.com\\\/fallstudie-zum-nb-iot-smart-meter-projekt\\\/\",\"name\":\"NB-iot Smart Meter project case - Ahotech.com\",\"isPartOf\":{\"@id\":\"https:\\\/\\\/de.ahotech.com\\\/#website\"},\"primaryImageOfPage\":{\"@id\":\"https:\\\/\\\/de.ahotech.com\\\/fallstudie-zum-nb-iot-smart-meter-projekt\\\/#primaryimage\"},\"image\":{\"@id\":\"https:\\\/\\\/de.ahotech.com\\\/fallstudie-zum-nb-iot-smart-meter-projekt\\\/#primaryimage\"},\"thumbnailUrl\":\"https:\\\/\\\/www.ahotech.com\\\/wp-content\\\/uploads\\\/2021\\\/11\\\/battery-and-capacitor-in-series-1.jpg\",\"datePublished\":\"2021-12-06T01:45:15+00:00\",\"dateModified\":\"2021-12-06T01:45:16+00:00\",\"breadcrumb\":{\"@id\":\"https:\\\/\\\/de.ahotech.com\\\/fallstudie-zum-nb-iot-smart-meter-projekt\\\/#breadcrumb\"},\"inLanguage\":\"fi\",\"potentialAction\":[{\"@type\":\"ReadAction\",\"target\":[\"https:\\\/\\\/de.ahotech.com\\\/fallstudie-zum-nb-iot-smart-meter-projekt\\\/\"]}]},{\"@type\":\"ImageObject\",\"inLanguage\":\"fi\",\"@id\":\"https:\\\/\\\/de.ahotech.com\\\/fallstudie-zum-nb-iot-smart-meter-projekt\\\/#primaryimage\",\"url\":\"https:\\\/\\\/www.ahotech.com\\\/wp-content\\\/uploads\\\/2021\\\/11\\\/battery-and-capacitor-in-series-1.jpg\",\"contentUrl\":\"https:\\\/\\\/www.ahotech.com\\\/wp-content\\\/uploads\\\/2021\\\/11\\\/battery-and-capacitor-in-series-1.jpg\"},{\"@type\":\"BreadcrumbList\",\"@id\":\"https:\\\/\\\/de.ahotech.com\\\/fallstudie-zum-nb-iot-smart-meter-projekt\\\/#breadcrumb\",\"itemListElement\":[{\"@type\":\"ListItem\",\"position\":1,\"name\":\"Home\",\"item\":\"https:\\\/\\\/de.ahotech.com\\\/\"},{\"@type\":\"ListItem\",\"position\":2,\"name\":\"NB-iot Smart Meter project case\"}]},{\"@type\":\"WebSite\",\"@id\":\"https:\\\/\\\/de.ahotech.com\\\/#website\",\"url\":\"https:\\\/\\\/de.ahotech.com\\\/\",\"name\":\"Ahotech.com\",\"description\":\"lithium battery manufacturers\",\"publisher\":{\"@id\":\"https:\\\/\\\/de.ahotech.com\\\/#organization\"},\"potentialAction\":[{\"@type\":\"SearchAction\",\"target\":{\"@type\":\"EntryPoint\",\"urlTemplate\":\"https:\\\/\\\/de.ahotech.com\\\/?s={search_term_string}\"},\"query-input\":{\"@type\":\"PropertyValueSpecification\",\"valueRequired\":true,\"valueName\":\"search_term_string\"}}],\"inLanguage\":\"fi\"},{\"@type\":\"Organization\",\"@id\":\"https:\\\/\\\/de.ahotech.com\\\/#organization\",\"name\":\"Ahotech.com\",\"url\":\"https:\\\/\\\/de.ahotech.com\\\/\",\"logo\":{\"@type\":\"ImageObject\",\"inLanguage\":\"fi\",\"@id\":\"https:\\\/\\\/de.ahotech.com\\\/#\\\/schema\\\/logo\\\/image\\\/\",\"url\":\"https:\\\/\\\/www.ahotech.com\\\/wp-content\\\/uploads\\\/2021\\\/10\\\/battery-site-logo.jpg\",\"contentUrl\":\"https:\\\/\\\/www.ahotech.com\\\/wp-content\\\/uploads\\\/2021\\\/10\\\/battery-site-logo.jpg\",\"width\":1297,\"height\":465,\"caption\":\"Ahotech.com\"},\"image\":{\"@id\":\"https:\\\/\\\/de.ahotech.com\\\/#\\\/schema\\\/logo\\\/image\\\/\"}}]}<\/script>\n<!-- \/ Yoast SEO plugin. -->","yoast_head_json":{"title":"NB-iot-\u00e4lymittarin projektiesimerkki - Ahotech.com","robots":{"index":"index","follow":"follow","max-snippet":"max-snippet:-1","max-image-preview":"max-image-preview:large","max-video-preview":"max-video-preview:-1"},"canonical":"https:\/\/www.ahotech.com\/fi\/nb-iot-alymittariprojektin-tapaus\/","og_locale":"fi_FI","og_type":"article","og_title":"NB-iot Smart Meter project case - Ahotech.com","og_description":"With the acceleration of China&#8217;s urban modernization, the reform of water, heat, electricity, gas and other energy prices has been the focus of the Central Economic Work Conference in recent years. As an emerging communication technology in the field of Internet of Things, NB-iot is a new narrowband cellular communication LPWAN (Low power Wide area [&hellip;]","og_url":"https:\/\/www.ahotech.com\/fi\/nb-iot-alymittariprojektin-tapaus\/","og_site_name":"Ahotech.com","article_modified_time":"2021-12-06T01:45:16+00:00","og_image":[{"url":"https:\/\/www.ahotech.com\/wp-content\/uploads\/2021\/11\/battery-and-capacitor-in-series-1.jpg","type":"","width":"","height":""}],"twitter_card":"summary_large_image","twitter_misc":{"Arvioitu lukuaika":"2 minuuttia"},"schema":{"@context":"https:\/\/schema.org","@graph":[{"@type":"WebPage","@id":"https:\/\/de.ahotech.com\/fallstudie-zum-nb-iot-smart-meter-projekt\/","url":"https:\/\/de.ahotech.com\/fallstudie-zum-nb-iot-smart-meter-projekt\/","name":"NB-iot-\u00e4lymittarin projektiesimerkki - Ahotech.com","isPartOf":{"@id":"https:\/\/de.ahotech.com\/#website"},"primaryImageOfPage":{"@id":"https:\/\/de.ahotech.com\/fallstudie-zum-nb-iot-smart-meter-projekt\/#primaryimage"},"image":{"@id":"https:\/\/de.ahotech.com\/fallstudie-zum-nb-iot-smart-meter-projekt\/#primaryimage"},"thumbnailUrl":"https:\/\/www.ahotech.com\/wp-content\/uploads\/2021\/11\/battery-and-capacitor-in-series-1.jpg","datePublished":"2021-12-06T01:45:15+00:00","dateModified":"2021-12-06T01:45:16+00:00","breadcrumb":{"@id":"https:\/\/de.ahotech.com\/fallstudie-zum-nb-iot-smart-meter-projekt\/#breadcrumb"},"inLanguage":"fi","potentialAction":[{"@type":"ReadAction","target":["https:\/\/de.ahotech.com\/fallstudie-zum-nb-iot-smart-meter-projekt\/"]}]},{"@type":"ImageObject","inLanguage":"fi","@id":"https:\/\/de.ahotech.com\/fallstudie-zum-nb-iot-smart-meter-projekt\/#primaryimage","url":"https:\/\/www.ahotech.com\/wp-content\/uploads\/2021\/11\/battery-and-capacitor-in-series-1.jpg","contentUrl":"https:\/\/www.ahotech.com\/wp-content\/uploads\/2021\/11\/battery-and-capacitor-in-series-1.jpg"},{"@type":"BreadcrumbList","@id":"https:\/\/de.ahotech.com\/fallstudie-zum-nb-iot-smart-meter-projekt\/#breadcrumb","itemListElement":[{"@type":"ListItem","position":1,"name":"Home","item":"https:\/\/de.ahotech.com\/"},{"@type":"ListItem","position":2,"name":"NB-iot Smart Meter project case"}]},{"@type":"WebSite","@id":"https:\/\/de.ahotech.com\/#website","url":"https:\/\/de.ahotech.com\/","name":"Ahotech.com","description":"litium-akkujen valmistajat","publisher":{"@id":"https:\/\/de.ahotech.com\/#organization"},"potentialAction":[{"@type":"SearchAction","target":{"@type":"EntryPoint","urlTemplate":"https:\/\/de.ahotech.com\/?s={search_term_string}"},"query-input":{"@type":"PropertyValueSpecification","valueRequired":true,"valueName":"search_term_string"}}],"inLanguage":"fi"},{"@type":"Organization","@id":"https:\/\/de.ahotech.com\/#organization","name":"Ahotech.com","url":"https:\/\/de.ahotech.com\/","logo":{"@type":"ImageObject","inLanguage":"fi","@id":"https:\/\/de.ahotech.com\/#\/schema\/logo\/image\/","url":"https:\/\/www.ahotech.com\/wp-content\/uploads\/2021\/10\/battery-site-logo.jpg","contentUrl":"https:\/\/www.ahotech.com\/wp-content\/uploads\/2021\/10\/battery-site-logo.jpg","width":1297,"height":465,"caption":"Ahotech.com"},"image":{"@id":"https:\/\/de.ahotech.com\/#\/schema\/logo\/image\/"}}]}},"_links":{"self":[{"href":"https:\/\/www.ahotech.com\/fi\/wp-json\/wp\/v2\/pages\/3990","targetHints":{"allow":["GET"]}}],"collection":[{"href":"https:\/\/www.ahotech.com\/fi\/wp-json\/wp\/v2\/pages"}],"about":[{"href":"https:\/\/www.ahotech.com\/fi\/wp-json\/wp\/v2\/types\/page"}],"author":[{"embeddable":true,"href":"https:\/\/www.ahotech.com\/fi\/wp-json\/wp\/v2\/users\/1"}],"replies":[{"embeddable":true,"href":"https:\/\/www.ahotech.com\/fi\/wp-json\/wp\/v2\/comments?post=3990"}],"version-history":[{"count":1,"href":"https:\/\/www.ahotech.com\/fi\/wp-json\/wp\/v2\/pages\/3990\/revisions"}],"predecessor-version":[{"id":3992,"href":"https:\/\/www.ahotech.com\/fi\/wp-json\/wp\/v2\/pages\/3990\/revisions\/3992"}],"wp:attachment":[{"href":"https:\/\/www.ahotech.com\/fi\/wp-json\/wp\/v2\/media?parent=3990"}],"curies":[{"name":"wp","href":"https:\/\/api.w.org\/{rel}","templated":true}]}}