{"id":3984,"date":"2021-12-06T01:31:40","date_gmt":"2021-12-06T01:31:40","guid":{"rendered":"https:\/\/www.ahotech.com\/?page_id=3984"},"modified":"2021-12-06T01:31:41","modified_gmt":"2021-12-06T01:31:41","slug":"alykas-logistiikka-goocontainer-alykas-konttiprojekti","status":"publish","type":"page","link":"https:\/\/www.ahotech.com\/fi\/intelligent-logistics-goocontainer-intelligent-container-project\/","title":{"rendered":"\u00c4lyk\u00e4s logistiikka - &quot;GOOCONTAINER&quot; \u00c4lyk\u00e4s konttiprojekti"},"content":{"rendered":"<p>S\u00e4ili\u00f6tyyppisi\u00e4 laitteita k\u00e4ytet\u00e4\u00e4n p\u00e4\u00e4asiassa teollisuuskaasuun, koko teollisuuskaasuteollisuuden ketju on jaettu kulutusp\u00e4\u00e4h\u00e4n, kuljetusp\u00e4\u00e4h\u00e4n, kaasul\u00e4hdep\u00e4\u00e4h\u00e4n ja tuotantop\u00e4\u00e4h\u00e4n. Tuotantop\u00e4\u00e4st\u00e4 kaasun l\u00e4hdep\u00e4\u00e4h\u00e4n, kaasun l\u00e4hteest\u00e4 kuljetusp\u00e4\u00e4h\u00e4n ja kuljetusp\u00e4\u00e4st\u00e4 kulutusp\u00e4\u00e4h\u00e4n t\u00e4m\u00e4 on tyypillinen teollisuuskaasuteollisuuden ketju. P\u00e4\u00e4kalusto on varastokalusto, mukaan lukien s\u00e4ili\u00f6 ja varastos\u00e4ili\u00f6, sek\u00e4 kuljetuskalusto, kuten s\u00e4ili\u00f6kontti ja s\u00e4ili\u00f6auto, my\u00f6s multimodaalinen kuljetuskontti. Teollisuuden kaasunkuljetusteollisuudessa on useita ongelmia, toisin sanoen kuinka hallita ja tarttua markkinoihin, sitten m\u00e4\u00e4ritt\u00e4\u00e4 kaasun l\u00e4hde, konfiguroida tuotanto ja myynti ja sitten optimoida, l\u00e4hett\u00e4\u00e4 ja jakaa, aivan kuten teollisuuskaasupula Pohjois-Kiinassa. Jos p\u00e4ivitt\u00e4inen kulutus voidaan ennustaa tarkasti, voidaan saavuttaa s\u00e4\u00e4nn\u00f6llinen tuotanto ja tehokkaat logistiset kuljetukset. Teollisuuskaasuteollisuuden yrityksille ei ole muuta kuin kiinnitt\u00e4\u00e4 huomiota n\u00e4ihin useisiin kysymyksiin, joista ensimm\u00e4inen on tehokkuus, mukaan lukien jakelutehokkuus, johtamisen tehokkuus. Toinen on hallinta, mukaan lukien toiminnanhallinta ja omaisuudenhallinta. Kolmas on turvallisuus. T\u00e4m\u00e4 on sarja toimialan huolestuttavia asioita, mutta esimerkiksi nykytilanteessa meill\u00e4 ei ole selke\u00e4\u00e4 k\u00e4sityst\u00e4 asiakkaiden varastosta, jakelun ajoitus ei ole tarkka ja jakelun tehokkuus on suhteellisen alhainen. Lis\u00e4ksi oma toiminnanhallinta, mukaan lukien omaisuudenhallinta, toiminnan tehokkuuden hallinta ovat ongelmallisia, toimintaprosessissa on joukko muita turvallisuuskysymyksi\u00e4. Kuinka ratkaista n\u00e4m\u00e4 ongelmat? Se on Tank-tyyppisten IoT-laitteiden j\u00e4rjestelm\u00e4, joka sis\u00e4lt\u00e4\u00e4 tekniikan ja toiminnan.<\/p>\n\n\n\n<figure class=\"wp-block-image size-full\"><img fetchpriority=\"high\" decoding=\"async\" width=\"600\" height=\"400\" src=\"https:\/\/www.ahotech.com\/wp-content\/uploads\/2021\/11\/battery-and-capacitor-combination.jpg\" alt=\"akun ja kondensaattorin yhdistelm\u00e4\" class=\"wp-image-3772\" srcset=\"https:\/\/www.ahotech.com\/wp-content\/uploads\/2021\/11\/battery-and-capacitor-combination.jpg 600w, https:\/\/www.ahotech.com\/wp-content\/uploads\/2021\/11\/battery-and-capacitor-combination-300x200.jpg 300w\" sizes=\"(max-width: 600px) 100vw, 600px\" \/><figcaption>akun ja kondensaattorin yhdistelm\u00e4<\/figcaption><\/figure>\n\n\n\n<p>Ensimm\u00e4inen askel on toteuttaa kaikkien laitteiden visualisointi ja \u00e4lykkyys. Visualisointi voidaan toteuttaa laitteiden \u00e4lykkyyden avulla. Toteuttaa konttien, s\u00e4ili\u00f6iden ja s\u00e4ili\u00f6autojen visualisointi Internetiss\u00e4, mukaan lukien sijaintisi, tilasi, sis\u00e4lt\u00f6si ja niin edelleen. Tekem\u00e4ll\u00e4 t\u00e4m\u00e4n voit selv\u00e4sti tarttua markkinoihin. Ved\u00e4t esimerkiksi kaasuyhti\u00f6t\u00e4 ja laitat varastos\u00e4ili\u00f6t ja siirrett\u00e4v\u00e4t s\u00e4ili\u00f6t syntien kulutuspisteet kuten sairaala ja tehdas, kunkin tankin ja kulutusp\u00e4\u00e4tteen tilanne voidaan tiet\u00e4\u00e4 reaaliajassa. T\u00e4ll\u00e4 tavoin markkinat voidaan tarttua tarkasti ja kaasul\u00e4hteiden toimitus- ja jakeluhallinta voidaan tehd\u00e4 hyvin markkinoiden perusteella. Jos py\u00f6rit\u00e4t yrityst\u00e4, voit n\u00e4hd\u00e4 nettisivuiltasi ilmanl\u00e4hteen sy\u00f6tt\u00f6pisteen tilanteen koko l\u00e4hialueellasi tai eri puolilla maata, mukaan lukien mit\u00e4 siihen on asennettu, kuinka paljon on j\u00e4ljell\u00e4 ja kuinka paljon voidaan kuluttaa. T\u00e4m\u00e4 voi edist\u00e4\u00e4 markkinoita ja jakelua. Toiminnan tehokkuutta voidaan parantaa kulutuksen ja markkinoiden kulutuksen visualisoinnilla ja tietysti varustamalla matkapuhelimen ohjelmistopalvelusarjalla. Jos pystymme ymm\u00e4rt\u00e4m\u00e4\u00e4n tarkasti markkinoiden kulutuksen, voimme j\u00e4rjest\u00e4\u00e4, koordinoida tuotantoa ja jakelua vuorotellen, ty\u00f6nt\u00e4\u00e4 tilauksen loppuasiakkaalta j\u00e4rjestelm\u00e4tilaukseen, sitten j\u00e4rjest\u00e4\u00e4 jakelun, suorittaa kohtuullisen aikataulutuksen ja hallinnan sek\u00e4 toteuttaa toiminnan \u00e4lykkyyden.<\/p>\n\n\n\n<p>Markkinoita tarkkaan tarttumalla, markkinoita visualisoimalla ja selkeytt\u00e4m\u00e4ll\u00e4 sek\u00e4 my\u00f6hemmin ajoittamisella saadaan selvitetty\u00e4 yrityksen toimintaa big data -analyysill\u00e4, mukaan lukien asiakastilastot, asiakasoptimointi ja asiakkaiden kaasunkulutuksen dynaaminen varoitus, jota voidaan aktiivisesti hallita, mukaan lukien asiakasmaksujen hallinta.<\/p>\n\n\n\n<p>Teollisuuskaasu- tai logistiikkayrityksiss\u00e4 kassavirta on omaisuutta, erityisesti liikkuvaa omaisuutta, ja varat ovat yrityksen kassavirran valmistuksen ty\u00f6kalu, joten omaisuuden hallinta on yritykselle eritt\u00e4in t\u00e4rke\u00e4\u00e4. T\u00e4ll\u00e4 alustalla voidaan seurata ja hallita kaikkien yritysten omaisuutta ja irtainta omaisuutta koko elinkaaren ajan, mukaan lukien autot, s\u00e4ili\u00f6t ja laatikot. Sanalla sanoen teollisuuskaasuteollisuuden kaikkea omaisuutta hallitaan koko elinkaaren ajan, mik\u00e4 on dynaamista hallintaa, olipa auto tyhj\u00e4 tai raskas, sek\u00e4 omaisuuden kierron tilastollinen analyysi ja big data -analyysi.<\/p>\n\n\n\n<p>Turvallisuuskysymykset ovat suuri huolenaihe teollisuuskaasulle, teollisuuskaasuyrityksille ja hallitukselle. Kun laitteiston \u00e4lykkyys on ymm\u00e4rretty, j\u00e4rjestelm\u00e4\u00e4n l\u00e4hetet\u00e4\u00e4n ajoissa sarja ep\u00e4normaaleja tilanteita laitteen toiminnassa tai varastoinnissa. Voi olla matkapuhelimen tai s\u00e4hk\u00f6postin kautta reaaliaikainen h\u00e4lytys ja muistutus, turvallisuus varhaisvaroitus ja turvallisuuden ehk\u00e4isy sek\u00e4 oikea-aikainen palaute ja vastaus turvallisuusonnettomuuksiin. T\u00e4m\u00e4 on laitteiden \u00e4lykkyyden toteuttaminen \u00e4lykkyyden kautta ja sitten toiminnan \u00e4lykkyyden toteuttaminen, joka on koko konsepti ja joukko k\u00e4yt\u00e4nt\u00f6j\u00e4.<\/p>\n\n\n\n<p>Teollisuuskaasun Internetin ekologinen ketju muodostuu IoT-tekniikan kautta. Olipa kyseess\u00e4 toimitusketjurahoituksen tai muiden toimialojen tekeminen, ydin on muuttaa tumma kortti kirkkaaksi kortiksi. Jos emme pysty toteuttamaan laitteiden visualisointia Internetiss\u00e4 tai emme pysty toteuttamaan laitteiden visualisointia IoT-tekniikan avulla, ei ole mit\u00e4\u00e4n keinoa saavuttaa l\u00e4pin\u00e4kyv\u00e4\u00e4 ja tarkkaa toimintaa, eik\u00e4 tapaa yhdist\u00e4\u00e4 kaikkia ekologisen ketjun kohtia tarkasti. T\u00e4ll\u00e4 edistet\u00e4\u00e4n teollisen kaasun Internetin ekologisen ketjun resurssien muodostumista IoT:n teknologian avulla saavuttaen win-win-jakaminen integroimalla online-resurssit, offline-teknologia ja teollisuuden integraatio.<\/p>\n\n\n\n<p><\/p>","protected":false},"excerpt":{"rendered":"<p>Tank type equipment is mainly used for industrial gas, the whole industrial gas industry chain is divided into consumption end, transportation end, gas source end and production end. From the production end to the gas source end, from the gas source end to the transportation end, and from the transportation end to the consumption end, [&hellip;]<\/p>\n","protected":false},"author":1,"featured_media":0,"parent":0,"menu_order":0,"comment_status":"closed","ping_status":"closed","template":"","meta":{"_acf_changed":false,"site-sidebar-layout":"default","site-content-layout":"","ast-site-content-layout":"","site-content-style":"default","site-sidebar-style":"default","ast-global-header-display":"","ast-banner-title-visibility":"","ast-main-header-display":"","ast-hfb-above-header-display":"","ast-hfb-below-header-display":"","ast-hfb-mobile-header-display":"","site-post-title":"","ast-breadcrumbs-content":"","ast-featured-img":"","footer-sml-layout":"","theme-transparent-header-meta":"","adv-header-id-meta":"","stick-header-meta":"","header-above-stick-meta":"","header-main-stick-meta":"","header-below-stick-meta":"","astra-migrate-meta-layouts":"default","ast-page-background-enabled":"default","ast-page-background-meta":{"desktop":{"background-color":"","background-image":"","background-repeat":"repeat","background-position":"center center","background-size":"auto","background-attachment":"scroll","background-type":"","background-media":"","overlay-type":"","overlay-color":"","overlay-opacity":"","overlay-gradient":""},"tablet":{"background-color":"","background-image":"","background-repeat":"repeat","background-position":"center center","background-size":"auto","background-attachment":"scroll","background-type":"","background-media":"","overlay-type":"","overlay-color":"","overlay-opacity":"","overlay-gradient":""},"mobile":{"background-color":"","background-image":"","background-repeat":"repeat","background-position":"center center","background-size":"auto","background-attachment":"scroll","background-type":"","background-media":"","overlay-type":"","overlay-color":"","overlay-opacity":"","overlay-gradient":""}},"ast-content-background-meta":{"desktop":{"background-color":"var(--ast-global-color-5)","background-image":"","background-repeat":"repeat","background-position":"center center","background-size":"auto","background-attachment":"scroll","background-type":"","background-media":"","overlay-type":"","overlay-color":"","overlay-opacity":"","overlay-gradient":""},"tablet":{"background-color":"var(--ast-global-color-5)","background-image":"","background-repeat":"repeat","background-position":"center center","background-size":"auto","background-attachment":"scroll","background-type":"","background-media":"","overlay-type":"","overlay-color":"","overlay-opacity":"","overlay-gradient":""},"mobile":{"background-color":"var(--ast-global-color-5)","background-image":"","background-repeat":"repeat","background-position":"center center","background-size":"auto","background-attachment":"scroll","background-type":"","background-media":"","overlay-type":"","overlay-color":"","overlay-opacity":"","overlay-gradient":""}},"footnotes":""},"class_list":["post-3984","page","type-page","status-publish","hentry"],"acf":[],"yoast_head":"<!-- This site is optimized with the Yoast SEO plugin v27.3 - https:\/\/yoast.com\/product\/yoast-seo-wordpress\/ -->\n<title>Intelligent Logistics - &quot;GOOCONTAINER&quot; Intelligent Container Project - Ahotech.com<\/title>\n<meta name=\"robots\" content=\"index, follow, max-snippet:-1, max-image-preview:large, max-video-preview:-1\" \/>\n<link rel=\"canonical\" href=\"https:\/\/www.ahotech.com\/fi\/alykas-logistiikka-goocontainer-alykas-konttiprojekti\/\" \/>\n<meta property=\"og:locale\" content=\"fi_FI\" \/>\n<meta property=\"og:type\" content=\"article\" \/>\n<meta property=\"og:title\" content=\"Intelligent Logistics - &quot;GOOCONTAINER&quot; Intelligent Container Project - Ahotech.com\" \/>\n<meta property=\"og:description\" content=\"Tank type equipment is mainly used for industrial gas, the whole industrial gas industry chain is divided into consumption end, transportation end, gas source end and production end. From the production end to the gas source end, from the gas source end to the transportation end, and from the transportation end to the consumption end, [&hellip;]\" \/>\n<meta property=\"og:url\" content=\"https:\/\/www.ahotech.com\/fi\/alykas-logistiikka-goocontainer-alykas-konttiprojekti\/\" \/>\n<meta property=\"og:site_name\" content=\"Ahotech.com\" \/>\n<meta property=\"article:modified_time\" content=\"2021-12-06T01:31:41+00:00\" \/>\n<meta property=\"og:image\" content=\"https:\/\/www.ahotech.com\/wp-content\/uploads\/2021\/11\/battery-and-capacitor-combination.jpg\" \/>\n<meta name=\"twitter:card\" content=\"summary_large_image\" \/>\n<meta name=\"twitter:label1\" content=\"Arvioitu lukuaika\" \/>\n\t<meta name=\"twitter:data1\" content=\"5 minuuttia\" \/>\n<script type=\"application\/ld+json\" class=\"yoast-schema-graph\">{\"@context\":\"https:\\\/\\\/schema.org\",\"@graph\":[{\"@type\":\"WebPage\",\"@id\":\"https:\\\/\\\/de.ahotech.com\\\/intelligente-logistik-gocontainer-intelligentes-containerprojekt\\\/\",\"url\":\"https:\\\/\\\/de.ahotech.com\\\/intelligente-logistik-gocontainer-intelligentes-containerprojekt\\\/\",\"name\":\"Intelligent Logistics - \\\"GOOCONTAINER\\\" Intelligent Container Project - Ahotech.com\",\"isPartOf\":{\"@id\":\"https:\\\/\\\/www.ahotech.com\\\/es\\\/#website\"},\"primaryImageOfPage\":{\"@id\":\"https:\\\/\\\/de.ahotech.com\\\/intelligente-logistik-gocontainer-intelligentes-containerprojekt\\\/#primaryimage\"},\"image\":{\"@id\":\"https:\\\/\\\/de.ahotech.com\\\/intelligente-logistik-gocontainer-intelligentes-containerprojekt\\\/#primaryimage\"},\"thumbnailUrl\":\"https:\\\/\\\/www.ahotech.com\\\/wp-content\\\/uploads\\\/2021\\\/11\\\/battery-and-capacitor-combination.jpg\",\"datePublished\":\"2021-12-06T01:31:40+00:00\",\"dateModified\":\"2021-12-06T01:31:41+00:00\",\"breadcrumb\":{\"@id\":\"https:\\\/\\\/de.ahotech.com\\\/intelligente-logistik-gocontainer-intelligentes-containerprojekt\\\/#breadcrumb\"},\"inLanguage\":\"fi\",\"potentialAction\":[{\"@type\":\"ReadAction\",\"target\":[\"https:\\\/\\\/de.ahotech.com\\\/intelligente-logistik-gocontainer-intelligentes-containerprojekt\\\/\"]}]},{\"@type\":\"ImageObject\",\"inLanguage\":\"fi\",\"@id\":\"https:\\\/\\\/de.ahotech.com\\\/intelligente-logistik-gocontainer-intelligentes-containerprojekt\\\/#primaryimage\",\"url\":\"https:\\\/\\\/www.ahotech.com\\\/wp-content\\\/uploads\\\/2021\\\/11\\\/battery-and-capacitor-combination.jpg\",\"contentUrl\":\"https:\\\/\\\/www.ahotech.com\\\/wp-content\\\/uploads\\\/2021\\\/11\\\/battery-and-capacitor-combination.jpg\"},{\"@type\":\"BreadcrumbList\",\"@id\":\"https:\\\/\\\/de.ahotech.com\\\/intelligente-logistik-gocontainer-intelligentes-containerprojekt\\\/#breadcrumb\",\"itemListElement\":[{\"@type\":\"ListItem\",\"position\":1,\"name\":\"Home\",\"item\":\"https:\\\/\\\/de.ahotech.com\\\/\"},{\"@type\":\"ListItem\",\"position\":2,\"name\":\"Intelligent Logistics &#8212; &#8220;GOOCONTAINER&#8221; Intelligent Container Project\"}]},{\"@type\":\"WebSite\",\"@id\":\"https:\\\/\\\/www.ahotech.com\\\/es\\\/#website\",\"url\":\"https:\\\/\\\/www.ahotech.com\\\/es\\\/\",\"name\":\"Ahotech.com\",\"description\":\"lithium battery manufacturers\",\"publisher\":{\"@id\":\"https:\\\/\\\/www.ahotech.com\\\/es\\\/#organization\"},\"potentialAction\":[{\"@type\":\"SearchAction\",\"target\":{\"@type\":\"EntryPoint\",\"urlTemplate\":\"https:\\\/\\\/www.ahotech.com\\\/es\\\/?s={search_term_string}\"},\"query-input\":{\"@type\":\"PropertyValueSpecification\",\"valueRequired\":true,\"valueName\":\"search_term_string\"}}],\"inLanguage\":\"fi\"},{\"@type\":\"Organization\",\"@id\":\"https:\\\/\\\/www.ahotech.com\\\/es\\\/#organization\",\"name\":\"Ahotech.com\",\"url\":\"https:\\\/\\\/www.ahotech.com\\\/es\\\/\",\"logo\":{\"@type\":\"ImageObject\",\"inLanguage\":\"fi\",\"@id\":\"https:\\\/\\\/www.ahotech.com\\\/es\\\/#\\\/schema\\\/logo\\\/image\\\/\",\"url\":\"https:\\\/\\\/www.ahotech.com\\\/wp-content\\\/uploads\\\/2021\\\/10\\\/battery-site-logo.jpg\",\"contentUrl\":\"https:\\\/\\\/www.ahotech.com\\\/wp-content\\\/uploads\\\/2021\\\/10\\\/battery-site-logo.jpg\",\"width\":1297,\"height\":465,\"caption\":\"Ahotech.com\"},\"image\":{\"@id\":\"https:\\\/\\\/www.ahotech.com\\\/es\\\/#\\\/schema\\\/logo\\\/image\\\/\"}}]}<\/script>\n<!-- \/ Yoast SEO plugin. -->","yoast_head_json":{"title":"\u00c4lyk\u00e4s logistiikka - &quot;GOOCONTAINER&quot; \u00e4lyk\u00e4s konttiprojekti - Ahotech.com","robots":{"index":"index","follow":"follow","max-snippet":"max-snippet:-1","max-image-preview":"max-image-preview:large","max-video-preview":"max-video-preview:-1"},"canonical":"https:\/\/www.ahotech.com\/fi\/alykas-logistiikka-goocontainer-alykas-konttiprojekti\/","og_locale":"fi_FI","og_type":"article","og_title":"Intelligent Logistics - \"GOOCONTAINER\" Intelligent Container Project - Ahotech.com","og_description":"Tank type equipment is mainly used for industrial gas, the whole industrial gas industry chain is divided into consumption end, transportation end, gas source end and production end. From the production end to the gas source end, from the gas source end to the transportation end, and from the transportation end to the consumption end, [&hellip;]","og_url":"https:\/\/www.ahotech.com\/fi\/alykas-logistiikka-goocontainer-alykas-konttiprojekti\/","og_site_name":"Ahotech.com","article_modified_time":"2021-12-06T01:31:41+00:00","og_image":[{"url":"https:\/\/www.ahotech.com\/wp-content\/uploads\/2021\/11\/battery-and-capacitor-combination.jpg","type":"","width":"","height":""}],"twitter_card":"summary_large_image","twitter_misc":{"Arvioitu lukuaika":"5 minuuttia"},"schema":{"@context":"https:\/\/schema.org","@graph":[{"@type":"WebPage","@id":"https:\/\/de.ahotech.com\/intelligente-logistik-gocontainer-intelligentes-containerprojekt\/","url":"https:\/\/de.ahotech.com\/intelligente-logistik-gocontainer-intelligentes-containerprojekt\/","name":"\u00c4lyk\u00e4s logistiikka - &quot;GOOCONTAINER&quot; \u00e4lyk\u00e4s konttiprojekti - Ahotech.com","isPartOf":{"@id":"https:\/\/www.ahotech.com\/es\/#website"},"primaryImageOfPage":{"@id":"https:\/\/de.ahotech.com\/intelligente-logistik-gocontainer-intelligentes-containerprojekt\/#primaryimage"},"image":{"@id":"https:\/\/de.ahotech.com\/intelligente-logistik-gocontainer-intelligentes-containerprojekt\/#primaryimage"},"thumbnailUrl":"https:\/\/www.ahotech.com\/wp-content\/uploads\/2021\/11\/battery-and-capacitor-combination.jpg","datePublished":"2021-12-06T01:31:40+00:00","dateModified":"2021-12-06T01:31:41+00:00","breadcrumb":{"@id":"https:\/\/de.ahotech.com\/intelligente-logistik-gocontainer-intelligentes-containerprojekt\/#breadcrumb"},"inLanguage":"fi","potentialAction":[{"@type":"ReadAction","target":["https:\/\/de.ahotech.com\/intelligente-logistik-gocontainer-intelligentes-containerprojekt\/"]}]},{"@type":"ImageObject","inLanguage":"fi","@id":"https:\/\/de.ahotech.com\/intelligente-logistik-gocontainer-intelligentes-containerprojekt\/#primaryimage","url":"https:\/\/www.ahotech.com\/wp-content\/uploads\/2021\/11\/battery-and-capacitor-combination.jpg","contentUrl":"https:\/\/www.ahotech.com\/wp-content\/uploads\/2021\/11\/battery-and-capacitor-combination.jpg"},{"@type":"BreadcrumbList","@id":"https:\/\/de.ahotech.com\/intelligente-logistik-gocontainer-intelligentes-containerprojekt\/#breadcrumb","itemListElement":[{"@type":"ListItem","position":1,"name":"Home","item":"https:\/\/de.ahotech.com\/"},{"@type":"ListItem","position":2,"name":"Intelligent Logistics &#8212; &#8220;GOOCONTAINER&#8221; Intelligent Container Project"}]},{"@type":"WebSite","@id":"https:\/\/www.ahotech.com\/es\/#website","url":"https:\/\/www.ahotech.com\/es\/","name":"Ahotech.com","description":"litium-akkujen valmistajat","publisher":{"@id":"https:\/\/www.ahotech.com\/es\/#organization"},"potentialAction":[{"@type":"SearchAction","target":{"@type":"EntryPoint","urlTemplate":"https:\/\/www.ahotech.com\/es\/?s={search_term_string}"},"query-input":{"@type":"PropertyValueSpecification","valueRequired":true,"valueName":"search_term_string"}}],"inLanguage":"fi"},{"@type":"Organization","@id":"https:\/\/www.ahotech.com\/es\/#organization","name":"Ahotech.com","url":"https:\/\/www.ahotech.com\/es\/","logo":{"@type":"ImageObject","inLanguage":"fi","@id":"https:\/\/www.ahotech.com\/es\/#\/schema\/logo\/image\/","url":"https:\/\/www.ahotech.com\/wp-content\/uploads\/2021\/10\/battery-site-logo.jpg","contentUrl":"https:\/\/www.ahotech.com\/wp-content\/uploads\/2021\/10\/battery-site-logo.jpg","width":1297,"height":465,"caption":"Ahotech.com"},"image":{"@id":"https:\/\/www.ahotech.com\/es\/#\/schema\/logo\/image\/"}}]}},"_links":{"self":[{"href":"https:\/\/www.ahotech.com\/fi\/wp-json\/wp\/v2\/pages\/3984","targetHints":{"allow":["GET"]}}],"collection":[{"href":"https:\/\/www.ahotech.com\/fi\/wp-json\/wp\/v2\/pages"}],"about":[{"href":"https:\/\/www.ahotech.com\/fi\/wp-json\/wp\/v2\/types\/page"}],"author":[{"embeddable":true,"href":"https:\/\/www.ahotech.com\/fi\/wp-json\/wp\/v2\/users\/1"}],"replies":[{"embeddable":true,"href":"https:\/\/www.ahotech.com\/fi\/wp-json\/wp\/v2\/comments?post=3984"}],"version-history":[{"count":1,"href":"https:\/\/www.ahotech.com\/fi\/wp-json\/wp\/v2\/pages\/3984\/revisions"}],"predecessor-version":[{"id":3986,"href":"https:\/\/www.ahotech.com\/fi\/wp-json\/wp\/v2\/pages\/3984\/revisions\/3986"}],"wp:attachment":[{"href":"https:\/\/www.ahotech.com\/fi\/wp-json\/wp\/v2\/media?parent=3984"}],"curies":[{"name":"wp","href":"https:\/\/api.w.org\/{rel}","templated":true}]}}