{"id":4914,"date":"2025-08-31T06:32:32","date_gmt":"2025-08-31T06:32:32","guid":{"rendered":"https:\/\/www.ahotech.com\/?post_type=product&#038;p=4914"},"modified":"2025-09-08T07:28:02","modified_gmt":"2025-09-08T07:28:02","slug":"drooni-aku-23-1v-22000mah","status":"publish","type":"product","link":"https:\/\/www.ahotech.com\/et\/product\/drone-battery-23-1v-22000mah\/","title":{"rendered":"Drooni aku 15,4 V 22000 mAh"},"content":{"rendered":"<p class=\"tw-data-text tw-text-large tw-ta\">Droonide akud koosnevad peamiselt suure energiatihedusega ja kergetest liitiumpol\u00fcmeerakudest (Li-Po), mille eelised on k\u00f5rge kiirus, k\u00f5rge energiatase, k\u00f5rge j\u00f5udlus, k\u00f5rge ohutus, pikk eluiga, keskkonnakaitse ja saastevaba konstruktsioon ning kerge kaal.<\/p>\n\n\n\n<p>T\u00f6\u00f6pinge: 3,85 V<\/p>\n\n\n\n<p>Mahutavus: 22000 mAh<\/p>\n\n\n\n<p>Laadimispiiri pinge: 4,35 V<\/p>\n\n\n\n<p>Laadimise v\u00e4ljal\u00fclitusvool: 220mA<\/p>\n\n\n\n<p>T\u00fchjenduspiiri pinge: 3,0 V<\/p>\n\n\n\n<p>Standardlaadimine: 0,5C (11000mA)<\/p>\n\n\n\n<p>Standardne t\u00fchjendusvool: 0,5 \u00b0C (11000 mA)<\/p>\n\n\n\n<p>Maksimaalne laadimisvoolu vool: 1C (22000mA)<\/p>\n\n\n\n<p>Maksimaalne t\u00fchjendusvool j\u00e4tkub: 15 \u00b0C (330 A)<\/p>\n\n\n\n<p>Rakkude kaal: \u2264365g<\/p>\n\n\n\n<p>Lahtri v\u00e4lism\u00f5\u00f5t: k\u00f5rgus \u2264190,8 mm, laius \u226490,8 mm, paksus \u226410,0 mm<\/p>","protected":false},"excerpt":{"rendered":"<p>Drone batteries are mainly composed of high energy density, lightweight lithium polymer batteries (Li-Po), which have the advantages of high rate, high energy ratio, high performance, high safety, long life, environmental protection and pollution-free, and light weight. OperatingVoltage\uff1a3.85V Capacity\uff1a22000mAh Charging Limit Voltage: 4.35V Charging Cut-off Current: 220mA Discharge Cut-off Voltage:3.0V Standard Charge: 0.5C(11000mA) Standard Discharge: [&hellip;]<\/p>\n","protected":false},"featured_media":4955,"template":"","meta":{"_acf_changed":false,"site-sidebar-layout":"default","site-content-layout":"","ast-site-content-layout":"default","site-content-style":"default","site-sidebar-style":"default","ast-global-header-display":"","ast-banner-title-visibility":"","ast-main-header-display":"","ast-hfb-above-header-display":"","ast-hfb-below-header-display":"","ast-hfb-mobile-header-display":"","site-post-title":"","ast-breadcrumbs-content":"","ast-featured-img":"","footer-sml-layout":"","theme-transparent-header-meta":"default","adv-header-id-meta":"","stick-header-meta":"","header-above-stick-meta":"","header-main-stick-meta":"","header-below-stick-meta":"","astra-migrate-meta-layouts":"set","ast-page-background-enabled":"default","ast-page-background-meta":{"desktop":{"background-color":"","background-image":"","background-repeat":"repeat","background-position":"center center","background-size":"auto","background-attachment":"scroll","background-type":"","background-media":"","overlay-type":"","overlay-color":"","overlay-opacity":"","overlay-gradient":""},"tablet":{"background-color":"","background-image":"","background-repeat":"repeat","background-position":"center center","background-size":"auto","background-attachment":"scroll","background-type":"","background-media":"","overlay-type":"","overlay-color":"","overlay-opacity":"","overlay-gradient":""},"mobile":{"background-color":"","background-image":"","background-repeat":"repeat","background-position":"center center","background-size":"auto","background-attachment":"scroll","background-type":"","background-media":"","overlay-type":"","overlay-color":"","overlay-opacity":"","overlay-gradient":""}},"ast-content-background-meta":{"desktop":{"background-color":"var(--ast-global-color-5)","background-image":"","background-repeat":"repeat","background-position":"center center","background-size":"auto","background-attachment":"scroll","background-type":"","background-media":"","overlay-type":"","overlay-color":"","overlay-opacity":"","overlay-gradient":""},"tablet":{"background-color":"var(--ast-global-color-5)","background-image":"","background-repeat":"repeat","background-position":"center center","background-size":"auto","background-attachment":"scroll","background-type":"","background-media":"","overlay-type":"","overlay-color":"","overlay-opacity":"","overlay-gradient":""},"mobile":{"background-color":"var(--ast-global-color-5)","background-image":"","background-repeat":"repeat","background-position":"center center","background-size":"auto","background-attachment":"scroll","background-type":"","background-media":"","overlay-type":"","overlay-color":"","overlay-opacity":"","overlay-gradient":""}}},"product_brand":[],"product_cat":[45],"product_tag":[],"class_list":{"0":"post-4914","1":"product","2":"type-product","3":"status-publish","4":"has-post-thumbnail","6":"product_cat-drone-battery","7":"desktop-align-left","8":"tablet-align-left","9":"mobile-align-left","11":"first","12":"instock","13":"shipping-taxable","14":"product-type-simple"},"acf":[],"yoast_head":"<!-- This site is optimized with the Yoast SEO plugin v27.3 - https:\/\/yoast.com\/product\/yoast-seo-wordpress\/ -->\n<title>Drone Battery 15.4V 22000mAh - Ahotech.com<\/title>\n<meta name=\"description\" content=\"which have the advantages of high rate, high energy ratio, high performance, high safety, long life, environmental protection and pollution-free, and light weight.\" \/>\n<meta name=\"robots\" content=\"index, follow, max-snippet:-1, max-image-preview:large, max-video-preview:-1\" \/>\n<link rel=\"canonical\" href=\"https:\/\/www.ahotech.com\/et\/toode\/drooni-aku-23-1v-22000mah\/\" \/>\n<meta property=\"og:locale\" content=\"et_EE\" \/>\n<meta property=\"og:type\" content=\"article\" \/>\n<meta property=\"og:title\" content=\"Drone Battery 15.4V 22000mAh - Ahotech.com\" \/>\n<meta property=\"og:description\" content=\"which have the advantages of high rate, high energy ratio, high performance, high safety, long life, environmental protection and pollution-free, and light weight.\" \/>\n<meta property=\"og:url\" content=\"https:\/\/www.ahotech.com\/et\/toode\/drooni-aku-23-1v-22000mah\/\" \/>\n<meta property=\"og:site_name\" content=\"Ahotech.com\" \/>\n<meta property=\"article:modified_time\" content=\"2025-09-08T07:28:02+00:00\" \/>\n<meta property=\"og:image\" content=\"https:\/\/de.ahotech.com\/wp-content\/uploads\/2025\/08\/Picture-of-a-drone-battery1-scaled.jpg\" \/>\n\t<meta property=\"og:image:width\" content=\"2560\" \/>\n\t<meta property=\"og:image:height\" content=\"1920\" \/>\n\t<meta property=\"og:image:type\" content=\"image\/jpeg\" \/>\n<meta name=\"twitter:card\" content=\"summary_large_image\" \/>\n<meta name=\"twitter:label1\" content=\"Est. reading time\" \/>\n\t<meta name=\"twitter:data1\" content=\"1 minut\" \/>\n<script type=\"application\/ld+json\" class=\"yoast-schema-graph\">{\"@context\":\"https:\\\/\\\/schema.org\",\"@graph\":[{\"@type\":\"WebPage\",\"@id\":\"https:\\\/\\\/de.ahotech.com\\\/product\\\/drohnenakku-23-1v-22000mah\\\/\",\"url\":\"https:\\\/\\\/de.ahotech.com\\\/product\\\/drohnenakku-23-1v-22000mah\\\/\",\"name\":\"Drone Battery 15.4V 22000mAh - Ahotech.com\",\"isPartOf\":{\"@id\":\"https:\\\/\\\/www.ahotech.com\\\/es\\\/#website\"},\"primaryImageOfPage\":{\"@id\":\"https:\\\/\\\/de.ahotech.com\\\/product\\\/drohnenakku-23-1v-22000mah\\\/#primaryimage\"},\"image\":{\"@id\":\"https:\\\/\\\/de.ahotech.com\\\/product\\\/drohnenakku-23-1v-22000mah\\\/#primaryimage\"},\"thumbnailUrl\":\"https:\\\/\\\/www.ahotech.com\\\/wp-content\\\/uploads\\\/2025\\\/08\\\/Picture-of-a-drone-battery1-scaled.jpg\",\"datePublished\":\"2025-08-31T06:32:32+00:00\",\"dateModified\":\"2025-09-08T07:28:02+00:00\",\"description\":\"which have the advantages of high rate, high energy ratio, high performance, high safety, long life, environmental protection and pollution-free, and light weight.\",\"breadcrumb\":{\"@id\":\"https:\\\/\\\/de.ahotech.com\\\/product\\\/drohnenakku-23-1v-22000mah\\\/#breadcrumb\"},\"inLanguage\":\"et\",\"potentialAction\":[{\"@type\":\"ReadAction\",\"target\":[\"https:\\\/\\\/de.ahotech.com\\\/product\\\/drohnenakku-23-1v-22000mah\\\/\"]}]},{\"@type\":\"ImageObject\",\"inLanguage\":\"et\",\"@id\":\"https:\\\/\\\/de.ahotech.com\\\/product\\\/drohnenakku-23-1v-22000mah\\\/#primaryimage\",\"url\":\"https:\\\/\\\/www.ahotech.com\\\/wp-content\\\/uploads\\\/2025\\\/08\\\/Picture-of-a-drone-battery1-scaled.jpg\",\"contentUrl\":\"https:\\\/\\\/www.ahotech.com\\\/wp-content\\\/uploads\\\/2025\\\/08\\\/Picture-of-a-drone-battery1-scaled.jpg\",\"width\":2560,\"height\":1920},{\"@type\":\"BreadcrumbList\",\"@id\":\"https:\\\/\\\/de.ahotech.com\\\/product\\\/drohnenakku-23-1v-22000mah\\\/#breadcrumb\",\"itemListElement\":[{\"@type\":\"ListItem\",\"position\":1,\"name\":\"Home\",\"item\":\"https:\\\/\\\/de.ahotech.com\\\/\"},{\"@type\":\"ListItem\",\"position\":2,\"name\":\"Store\",\"item\":\"https:\\\/\\\/de.ahotech.com\\\/speichern\\\/\"},{\"@type\":\"ListItem\",\"position\":3,\"name\":\"Drone Battery 15.4V 22000mAh\"}]},{\"@type\":\"WebSite\",\"@id\":\"https:\\\/\\\/www.ahotech.com\\\/es\\\/#website\",\"url\":\"https:\\\/\\\/www.ahotech.com\\\/es\\\/\",\"name\":\"Ahotech.com\",\"description\":\"lithium battery manufacturers\",\"publisher\":{\"@id\":\"https:\\\/\\\/www.ahotech.com\\\/es\\\/#organization\"},\"potentialAction\":[{\"@type\":\"SearchAction\",\"target\":{\"@type\":\"EntryPoint\",\"urlTemplate\":\"https:\\\/\\\/www.ahotech.com\\\/es\\\/?s={search_term_string}\"},\"query-input\":{\"@type\":\"PropertyValueSpecification\",\"valueRequired\":true,\"valueName\":\"search_term_string\"}}],\"inLanguage\":\"et\"},{\"@type\":\"Organization\",\"@id\":\"https:\\\/\\\/www.ahotech.com\\\/es\\\/#organization\",\"name\":\"Ahotech.com\",\"url\":\"https:\\\/\\\/www.ahotech.com\\\/es\\\/\",\"logo\":{\"@type\":\"ImageObject\",\"inLanguage\":\"et\",\"@id\":\"https:\\\/\\\/www.ahotech.com\\\/es\\\/#\\\/schema\\\/logo\\\/image\\\/\",\"url\":\"https:\\\/\\\/www.ahotech.com\\\/wp-content\\\/uploads\\\/2021\\\/10\\\/battery-site-logo.jpg\",\"contentUrl\":\"https:\\\/\\\/www.ahotech.com\\\/wp-content\\\/uploads\\\/2021\\\/10\\\/battery-site-logo.jpg\",\"width\":1297,\"height\":465,\"caption\":\"Ahotech.com\"},\"image\":{\"@id\":\"https:\\\/\\\/www.ahotech.com\\\/es\\\/#\\\/schema\\\/logo\\\/image\\\/\"}}]}<\/script>\n<!-- \/ Yoast SEO plugin. -->","yoast_head_json":{"title":"Drooni aku 15.4V 22000mAh - Ahotech.com","description":"millel on eelised k\u00f5rge kiirus, k\u00f5rge energia suhe, k\u00f5rge j\u00f5udlus, k\u00f5rge ohutus, pikk eluiga, keskkonnakaitse ja saastevaba ning kerge kaal.","robots":{"index":"index","follow":"follow","max-snippet":"max-snippet:-1","max-image-preview":"max-image-preview:large","max-video-preview":"max-video-preview:-1"},"canonical":"https:\/\/www.ahotech.com\/et\/toode\/drooni-aku-23-1v-22000mah\/","og_locale":"et_EE","og_type":"article","og_title":"Drone Battery 15.4V 22000mAh - Ahotech.com","og_description":"which have the advantages of high rate, high energy ratio, high performance, high safety, long life, environmental protection and pollution-free, and light weight.","og_url":"https:\/\/www.ahotech.com\/et\/toode\/drooni-aku-23-1v-22000mah\/","og_site_name":"Ahotech.com","article_modified_time":"2025-09-08T07:28:02+00:00","og_image":[{"width":2560,"height":1920,"url":"https:\/\/de.ahotech.com\/wp-content\/uploads\/2025\/08\/Picture-of-a-drone-battery1-scaled.jpg","type":"image\/jpeg"}],"twitter_card":"summary_large_image","twitter_misc":{"Est. reading time":"1 minut"},"schema":{"@context":"https:\/\/schema.org","@graph":[{"@type":"WebPage","@id":"https:\/\/de.ahotech.com\/product\/drohnenakku-23-1v-22000mah\/","url":"https:\/\/de.ahotech.com\/product\/drohnenakku-23-1v-22000mah\/","name":"Drooni aku 15.4V 22000mAh - Ahotech.com","isPartOf":{"@id":"https:\/\/www.ahotech.com\/es\/#website"},"primaryImageOfPage":{"@id":"https:\/\/de.ahotech.com\/product\/drohnenakku-23-1v-22000mah\/#primaryimage"},"image":{"@id":"https:\/\/de.ahotech.com\/product\/drohnenakku-23-1v-22000mah\/#primaryimage"},"thumbnailUrl":"https:\/\/www.ahotech.com\/wp-content\/uploads\/2025\/08\/Picture-of-a-drone-battery1-scaled.jpg","datePublished":"2025-08-31T06:32:32+00:00","dateModified":"2025-09-08T07:28:02+00:00","description":"millel on eelised k\u00f5rge kiirus, k\u00f5rge energia suhe, k\u00f5rge j\u00f5udlus, k\u00f5rge ohutus, pikk eluiga, keskkonnakaitse ja saastevaba ning kerge kaal.","breadcrumb":{"@id":"https:\/\/de.ahotech.com\/product\/drohnenakku-23-1v-22000mah\/#breadcrumb"},"inLanguage":"et","potentialAction":[{"@type":"ReadAction","target":["https:\/\/de.ahotech.com\/product\/drohnenakku-23-1v-22000mah\/"]}]},{"@type":"ImageObject","inLanguage":"et","@id":"https:\/\/de.ahotech.com\/product\/drohnenakku-23-1v-22000mah\/#primaryimage","url":"https:\/\/www.ahotech.com\/wp-content\/uploads\/2025\/08\/Picture-of-a-drone-battery1-scaled.jpg","contentUrl":"https:\/\/www.ahotech.com\/wp-content\/uploads\/2025\/08\/Picture-of-a-drone-battery1-scaled.jpg","width":2560,"height":1920},{"@type":"BreadcrumbList","@id":"https:\/\/de.ahotech.com\/product\/drohnenakku-23-1v-22000mah\/#breadcrumb","itemListElement":[{"@type":"ListItem","position":1,"name":"Home","item":"https:\/\/de.ahotech.com\/"},{"@type":"ListItem","position":2,"name":"Store","item":"https:\/\/de.ahotech.com\/speichern\/"},{"@type":"ListItem","position":3,"name":"Drone Battery 15.4V 22000mAh"}]},{"@type":"WebSite","@id":"https:\/\/www.ahotech.com\/es\/#website","url":"https:\/\/www.ahotech.com\/es\/","name":"Ahotech.com","description":"liitiumakude tootjad","publisher":{"@id":"https:\/\/www.ahotech.com\/es\/#organization"},"potentialAction":[{"@type":"SearchAction","target":{"@type":"EntryPoint","urlTemplate":"https:\/\/www.ahotech.com\/es\/?s={search_term_string}"},"query-input":{"@type":"PropertyValueSpecification","valueRequired":true,"valueName":"search_term_string"}}],"inLanguage":"et"},{"@type":"Organization","@id":"https:\/\/www.ahotech.com\/es\/#organization","name":"Ahotech.com","url":"https:\/\/www.ahotech.com\/es\/","logo":{"@type":"ImageObject","inLanguage":"et","@id":"https:\/\/www.ahotech.com\/es\/#\/schema\/logo\/image\/","url":"https:\/\/www.ahotech.com\/wp-content\/uploads\/2021\/10\/battery-site-logo.jpg","contentUrl":"https:\/\/www.ahotech.com\/wp-content\/uploads\/2021\/10\/battery-site-logo.jpg","width":1297,"height":465,"caption":"Ahotech.com"},"image":{"@id":"https:\/\/www.ahotech.com\/es\/#\/schema\/logo\/image\/"}}]}},"_links":{"self":[{"href":"https:\/\/www.ahotech.com\/et\/wp-json\/wp\/v2\/product\/4914","targetHints":{"allow":["GET"]}}],"collection":[{"href":"https:\/\/www.ahotech.com\/et\/wp-json\/wp\/v2\/product"}],"about":[{"href":"https:\/\/www.ahotech.com\/et\/wp-json\/wp\/v2\/types\/product"}],"version-history":[{"count":6,"href":"https:\/\/www.ahotech.com\/et\/wp-json\/wp\/v2\/product\/4914\/revisions"}],"predecessor-version":[{"id":4960,"href":"https:\/\/www.ahotech.com\/et\/wp-json\/wp\/v2\/product\/4914\/revisions\/4960"}],"wp:featuredmedia":[{"embeddable":true,"href":"https:\/\/www.ahotech.com\/et\/wp-json\/wp\/v2\/media\/4955"}],"wp:attachment":[{"href":"https:\/\/www.ahotech.com\/et\/wp-json\/wp\/v2\/media?parent=4914"}],"wp:term":[{"taxonomy":"product_brand","embeddable":true,"href":"https:\/\/www.ahotech.com\/et\/wp-json\/wp\/v2\/product_brand?post=4914"},{"taxonomy":"product_cat","embeddable":true,"href":"https:\/\/www.ahotech.com\/et\/wp-json\/wp\/v2\/product_cat?post=4914"},{"taxonomy":"product_tag","embeddable":true,"href":"https:\/\/www.ahotech.com\/et\/wp-json\/wp\/v2\/product_tag?post=4914"}],"curies":[{"name":"t\u00f6\u00f6leht","href":"https:\/\/api.w.org\/{rel}","templated":true}]}}