{"id":4803,"date":"2022-05-13T07:06:18","date_gmt":"2022-05-13T07:06:18","guid":{"rendered":"https:\/\/www.ahotech.com\/?post_type=product&#038;p=4803"},"modified":"2022-05-13T07:06:26","modified_gmt":"2022-05-13T07:06:26","slug":"patareid-nooppatareid-cr2032-patareid","status":"publish","type":"product","link":"https:\/\/www.ahotech.com\/et\/product\/batteries-button-cells-cr2032-batteries\/","title":{"rendered":"Patareid n\u00f6\u00f6pelemendid CR2032 Patareid"},"content":{"rendered":"<p>Patareid n\u00f6\u00f6ppatareid, CR2032 patareid, liitiummangaandioksiid 3V n\u00f6\u00f6ppatarei<\/p>\n<p>Kasutamine: elektrilised jalgrattad\/t\u00f5ukerattad, elektriautod, elektrilised ratastoolid<\/p>\n<p>Maksimaalne pidev vool: 5mA<\/p>\n<p>Maksimaalne impulsiv\u00f5ime: t\u00fc\u00fcpiliselt kuni 15 mA<\/p>\n<p>T\u00f6\u00f6temperatuuri vahemik: -20 \u2103 ~ +60 \u2103<\/p>\n<p>CR2032 silindrilised patareid. Kuumm\u00fc\u00fck. Suure energiatarbega 3,0 V 220 mAh mittelaetav primaarne Li-MnO2 aku.<\/p>","protected":false},"excerpt":{"rendered":"<table width=\"578\">\n<tbody>\n<tr>\n<td width=\"226\">Mudeli number<\/td>\n<td style=\"text-align: center;\" width=\"352\">CR2032<\/td>\n<\/tr>\n<tr>\n<td width=\"226\">Aku t\u00fc\u00fcp<\/td>\n<td style=\"text-align: center;\" width=\"352\">Li-MnO2<\/td>\n<\/tr>\n<tr>\n<td width=\"226\">Nimiv\u00f5imsus<\/td>\n<td style=\"text-align: center;\" width=\"352\">220 mAh<\/td>\n<\/tr>\n<tr>\n<td width=\"226\">Nimipinge<\/td>\n<td style=\"text-align: center;\" width=\"352\">3,0 V<\/td>\n<\/tr>\n<tr>\n<td width=\"226\">Aku suurus<\/td>\n<td style=\"text-align: center;\" width=\"352\">20.0+3.2<\/td>\n<\/tr>\n<tr>\n<td width=\"226\">Kaubam\u00e4rgi nimi<\/td>\n<td style=\"text-align: center;\" width=\"352\">Kaua laulda<\/td>\n<\/tr>\n<tr>\n<td width=\"226\">Sertifitseerimine<\/td>\n<td style=\"text-align: center;\" width=\"352\">\u00dcRO38.3<\/td>\n<\/tr>\n<tr>\n<td width=\"226\">P\u00e4ritolukoht<\/td>\n<td style=\"text-align: center;\" width=\"352\">Hiina<\/td>\n<\/tr>\n<tr>\n<td width=\"226\">Kuju<\/td>\n<td style=\"text-align: center;\" width=\"352\">Silindriline<\/td>\n<\/tr>\n<tr>\n<td width=\"226\">Kaal<\/td>\n<td style=\"text-align: center;\" width=\"352\">3,0 g<\/td>\n<\/tr>\n<\/tbody>\n<\/table>","protected":false},"featured_media":4804,"template":"","meta":{"_acf_changed":false,"site-sidebar-layout":"default","site-content-layout":"default","ast-site-content-layout":"","site-content-style":"default","site-sidebar-style":"default","ast-global-header-display":"","ast-banner-title-visibility":"","ast-main-header-display":"","ast-hfb-above-header-display":"","ast-hfb-below-header-display":"","ast-hfb-mobile-header-display":"","site-post-title":"","ast-breadcrumbs-content":"","ast-featured-img":"","footer-sml-layout":"","theme-transparent-header-meta":"default","adv-header-id-meta":"","stick-header-meta":"","header-above-stick-meta":"","header-main-stick-meta":"","header-below-stick-meta":"","astra-migrate-meta-layouts":"default","ast-page-background-enabled":"default","ast-page-background-meta":{"desktop":{"background-color":"","background-image":"","background-repeat":"repeat","background-position":"center center","background-size":"auto","background-attachment":"scroll","background-type":"","background-media":"","overlay-type":"","overlay-color":"","overlay-opacity":"","overlay-gradient":""},"tablet":{"background-color":"","background-image":"","background-repeat":"repeat","background-position":"center center","background-size":"auto","background-attachment":"scroll","background-type":"","background-media":"","overlay-type":"","overlay-color":"","overlay-opacity":"","overlay-gradient":""},"mobile":{"background-color":"","background-image":"","background-repeat":"repeat","background-position":"center center","background-size":"auto","background-attachment":"scroll","background-type":"","background-media":"","overlay-type":"","overlay-color":"","overlay-opacity":"","overlay-gradient":""}},"ast-content-background-meta":{"desktop":{"background-color":"var(--ast-global-color-5)","background-image":"","background-repeat":"repeat","background-position":"center center","background-size":"auto","background-attachment":"scroll","background-type":"","background-media":"","overlay-type":"","overlay-color":"","overlay-opacity":"","overlay-gradient":""},"tablet":{"background-color":"var(--ast-global-color-5)","background-image":"","background-repeat":"repeat","background-position":"center center","background-size":"auto","background-attachment":"scroll","background-type":"","background-media":"","overlay-type":"","overlay-color":"","overlay-opacity":"","overlay-gradient":""},"mobile":{"background-color":"var(--ast-global-color-5)","background-image":"","background-repeat":"repeat","background-position":"center center","background-size":"auto","background-attachment":"scroll","background-type":"","background-media":"","overlay-type":"","overlay-color":"","overlay-opacity":"","overlay-gradient":""}}},"product_brand":[],"product_cat":[43],"product_tag":[],"class_list":{"0":"post-4803","1":"product","2":"type-product","3":"status-publish","4":"has-post-thumbnail","6":"product_cat-lithium-manganese-battery","7":"desktop-align-left","8":"tablet-align-left","9":"mobile-align-left","11":"first","12":"instock","13":"shipping-taxable","14":"product-type-simple"},"acf":[],"yoast_head":"<!-- This site is optimized with the Yoast SEO plugin v27.3 - https:\/\/yoast.com\/product\/yoast-seo-wordpress\/ -->\n<title>Batteries button cells CR2032 Batteries - Ahotech.com<\/title>\n<meta name=\"description\" content=\"Batteries button cells, CR2032 Batteries,Lithium Manganese Dioxide 3V Button Cell Battery\" \/>\n<meta name=\"robots\" content=\"index, follow, max-snippet:-1, max-image-preview:large, max-video-preview:-1\" \/>\n<link rel=\"canonical\" href=\"https:\/\/www.ahotech.com\/et\/toode\/patareid-nooppatareid-cr2032-patareid\/\" \/>\n<meta property=\"og:locale\" content=\"et_EE\" \/>\n<meta property=\"og:type\" content=\"article\" \/>\n<meta property=\"og:title\" content=\"Batteries button cells CR2032 Batteries - Ahotech.com\" \/>\n<meta property=\"og:description\" content=\"Batteries button cells, CR2032 Batteries,Lithium Manganese Dioxide 3V Button Cell Battery\" \/>\n<meta property=\"og:url\" content=\"https:\/\/www.ahotech.com\/et\/toode\/patareid-nooppatareid-cr2032-patareid\/\" \/>\n<meta property=\"og:site_name\" content=\"Ahotech.com\" \/>\n<meta property=\"article:modified_time\" content=\"2022-05-13T07:06:26+00:00\" \/>\n<meta property=\"og:image\" content=\"https:\/\/www.ahotech.com\/wp-content\/uploads\/2022\/05\/CR2032-battery.jpg\" \/>\n\t<meta property=\"og:image:width\" content=\"800\" \/>\n\t<meta property=\"og:image:height\" content=\"800\" \/>\n\t<meta property=\"og:image:type\" content=\"image\/jpeg\" \/>\n<meta name=\"twitter:card\" content=\"summary_large_image\" \/>\n<meta name=\"twitter:label1\" content=\"Est. reading time\" \/>\n\t<meta name=\"twitter:data1\" content=\"1 minut\" \/>\n<script type=\"application\/ld+json\" class=\"yoast-schema-graph\">{\"@context\":\"https:\\\/\\\/schema.org\",\"@graph\":[{\"@type\":\"WebPage\",\"@id\":\"https:\\\/\\\/www.ahotech.com\\\/da\\\/produkt\\\/batterier-knapceller-cr2032-batterier\\\/\",\"url\":\"https:\\\/\\\/www.ahotech.com\\\/da\\\/produkt\\\/batterier-knapceller-cr2032-batterier\\\/\",\"name\":\"Batteries button cells CR2032 Batteries - Ahotech.com\",\"isPartOf\":{\"@id\":\"https:\\\/\\\/www.ahotech.com\\\/es\\\/#website\"},\"primaryImageOfPage\":{\"@id\":\"https:\\\/\\\/www.ahotech.com\\\/da\\\/produkt\\\/batterier-knapceller-cr2032-batterier\\\/#primaryimage\"},\"image\":{\"@id\":\"https:\\\/\\\/www.ahotech.com\\\/da\\\/produkt\\\/batterier-knapceller-cr2032-batterier\\\/#primaryimage\"},\"thumbnailUrl\":\"https:\\\/\\\/www.ahotech.com\\\/wp-content\\\/uploads\\\/2022\\\/05\\\/CR2032-battery.jpg\",\"datePublished\":\"2022-05-13T07:06:18+00:00\",\"dateModified\":\"2022-05-13T07:06:26+00:00\",\"description\":\"Batteries button cells, CR2032 Batteries,Lithium Manganese Dioxide 3V Button Cell Battery\",\"breadcrumb\":{\"@id\":\"https:\\\/\\\/www.ahotech.com\\\/da\\\/produkt\\\/batterier-knapceller-cr2032-batterier\\\/#breadcrumb\"},\"inLanguage\":\"et\",\"potentialAction\":[{\"@type\":\"ReadAction\",\"target\":[\"https:\\\/\\\/www.ahotech.com\\\/da\\\/produkt\\\/batterier-knapceller-cr2032-batterier\\\/\"]}]},{\"@type\":\"ImageObject\",\"inLanguage\":\"et\",\"@id\":\"https:\\\/\\\/www.ahotech.com\\\/da\\\/produkt\\\/batterier-knapceller-cr2032-batterier\\\/#primaryimage\",\"url\":\"https:\\\/\\\/www.ahotech.com\\\/wp-content\\\/uploads\\\/2022\\\/05\\\/CR2032-battery.jpg\",\"contentUrl\":\"https:\\\/\\\/www.ahotech.com\\\/wp-content\\\/uploads\\\/2022\\\/05\\\/CR2032-battery.jpg\",\"width\":800,\"height\":800,\"caption\":\"CR2032 battery\"},{\"@type\":\"BreadcrumbList\",\"@id\":\"https:\\\/\\\/www.ahotech.com\\\/da\\\/produkt\\\/batterier-knapceller-cr2032-batterier\\\/#breadcrumb\",\"itemListElement\":[{\"@type\":\"ListItem\",\"position\":1,\"name\":\"Home\",\"item\":\"https:\\\/\\\/www.ahotech.com\\\/es\\\/\"},{\"@type\":\"ListItem\",\"position\":2,\"name\":\"Store\",\"item\":\"https:\\\/\\\/www.ahotech.com\\\/es\\\/store\\\/\"},{\"@type\":\"ListItem\",\"position\":3,\"name\":\"Batteries button cells CR2032 Batteries\"}]},{\"@type\":\"WebSite\",\"@id\":\"https:\\\/\\\/www.ahotech.com\\\/es\\\/#website\",\"url\":\"https:\\\/\\\/www.ahotech.com\\\/es\\\/\",\"name\":\"Ahotech.com\",\"description\":\"lithium battery manufacturers\",\"publisher\":{\"@id\":\"https:\\\/\\\/www.ahotech.com\\\/es\\\/#organization\"},\"potentialAction\":[{\"@type\":\"SearchAction\",\"target\":{\"@type\":\"EntryPoint\",\"urlTemplate\":\"https:\\\/\\\/www.ahotech.com\\\/es\\\/?s={search_term_string}\"},\"query-input\":{\"@type\":\"PropertyValueSpecification\",\"valueRequired\":true,\"valueName\":\"search_term_string\"}}],\"inLanguage\":\"et\"},{\"@type\":\"Organization\",\"@id\":\"https:\\\/\\\/www.ahotech.com\\\/es\\\/#organization\",\"name\":\"Ahotech.com\",\"url\":\"https:\\\/\\\/www.ahotech.com\\\/es\\\/\",\"logo\":{\"@type\":\"ImageObject\",\"inLanguage\":\"et\",\"@id\":\"https:\\\/\\\/www.ahotech.com\\\/es\\\/#\\\/schema\\\/logo\\\/image\\\/\",\"url\":\"https:\\\/\\\/www.ahotech.com\\\/wp-content\\\/uploads\\\/2021\\\/10\\\/battery-site-logo.jpg\",\"contentUrl\":\"https:\\\/\\\/www.ahotech.com\\\/wp-content\\\/uploads\\\/2021\\\/10\\\/battery-site-logo.jpg\",\"width\":1297,\"height\":465,\"caption\":\"Ahotech.com\"},\"image\":{\"@id\":\"https:\\\/\\\/www.ahotech.com\\\/es\\\/#\\\/schema\\\/logo\\\/image\\\/\"}}]}<\/script>\n<!-- \/ Yoast SEO plugin. -->","yoast_head_json":{"title":"Patareid, n\u00f6\u00f6ppatareid, CR2032 patareid - Ahotech.com","description":"Patareid n\u00f6\u00f6ppatareid, CR2032 patareid, liitiummangaandioksiid 3V n\u00f6\u00f6ppatarei","robots":{"index":"index","follow":"follow","max-snippet":"max-snippet:-1","max-image-preview":"max-image-preview:large","max-video-preview":"max-video-preview:-1"},"canonical":"https:\/\/www.ahotech.com\/et\/toode\/patareid-nooppatareid-cr2032-patareid\/","og_locale":"et_EE","og_type":"article","og_title":"Batteries button cells CR2032 Batteries - Ahotech.com","og_description":"Batteries button cells, CR2032 Batteries,Lithium Manganese Dioxide 3V Button Cell Battery","og_url":"https:\/\/www.ahotech.com\/et\/toode\/patareid-nooppatareid-cr2032-patareid\/","og_site_name":"Ahotech.com","article_modified_time":"2022-05-13T07:06:26+00:00","og_image":[{"width":800,"height":800,"url":"https:\/\/www.ahotech.com\/wp-content\/uploads\/2022\/05\/CR2032-battery.jpg","type":"image\/jpeg"}],"twitter_card":"summary_large_image","twitter_misc":{"Est. reading time":"1 minut"},"schema":{"@context":"https:\/\/schema.org","@graph":[{"@type":"WebPage","@id":"https:\/\/www.ahotech.com\/da\/produkt\/batterier-knapceller-cr2032-batterier\/","url":"https:\/\/www.ahotech.com\/da\/produkt\/batterier-knapceller-cr2032-batterier\/","name":"Patareid, n\u00f6\u00f6ppatareid, CR2032 patareid - Ahotech.com","isPartOf":{"@id":"https:\/\/www.ahotech.com\/es\/#website"},"primaryImageOfPage":{"@id":"https:\/\/www.ahotech.com\/da\/produkt\/batterier-knapceller-cr2032-batterier\/#primaryimage"},"image":{"@id":"https:\/\/www.ahotech.com\/da\/produkt\/batterier-knapceller-cr2032-batterier\/#primaryimage"},"thumbnailUrl":"https:\/\/www.ahotech.com\/wp-content\/uploads\/2022\/05\/CR2032-battery.jpg","datePublished":"2022-05-13T07:06:18+00:00","dateModified":"2022-05-13T07:06:26+00:00","description":"Patareid n\u00f6\u00f6ppatareid, CR2032 patareid, liitiummangaandioksiid 3V n\u00f6\u00f6ppatarei","breadcrumb":{"@id":"https:\/\/www.ahotech.com\/da\/produkt\/batterier-knapceller-cr2032-batterier\/#breadcrumb"},"inLanguage":"et","potentialAction":[{"@type":"ReadAction","target":["https:\/\/www.ahotech.com\/da\/produkt\/batterier-knapceller-cr2032-batterier\/"]}]},{"@type":"ImageObject","inLanguage":"et","@id":"https:\/\/www.ahotech.com\/da\/produkt\/batterier-knapceller-cr2032-batterier\/#primaryimage","url":"https:\/\/www.ahotech.com\/wp-content\/uploads\/2022\/05\/CR2032-battery.jpg","contentUrl":"https:\/\/www.ahotech.com\/wp-content\/uploads\/2022\/05\/CR2032-battery.jpg","width":800,"height":800,"caption":"CR2032 battery"},{"@type":"BreadcrumbList","@id":"https:\/\/www.ahotech.com\/da\/produkt\/batterier-knapceller-cr2032-batterier\/#breadcrumb","itemListElement":[{"@type":"ListItem","position":1,"name":"Home","item":"https:\/\/www.ahotech.com\/es\/"},{"@type":"ListItem","position":2,"name":"Store","item":"https:\/\/www.ahotech.com\/es\/store\/"},{"@type":"ListItem","position":3,"name":"Batteries button cells CR2032 Batteries"}]},{"@type":"WebSite","@id":"https:\/\/www.ahotech.com\/es\/#website","url":"https:\/\/www.ahotech.com\/es\/","name":"Ahotech.com","description":"liitiumakude tootjad","publisher":{"@id":"https:\/\/www.ahotech.com\/es\/#organization"},"potentialAction":[{"@type":"SearchAction","target":{"@type":"EntryPoint","urlTemplate":"https:\/\/www.ahotech.com\/es\/?s={search_term_string}"},"query-input":{"@type":"PropertyValueSpecification","valueRequired":true,"valueName":"search_term_string"}}],"inLanguage":"et"},{"@type":"Organization","@id":"https:\/\/www.ahotech.com\/es\/#organization","name":"Ahotech.com","url":"https:\/\/www.ahotech.com\/es\/","logo":{"@type":"ImageObject","inLanguage":"et","@id":"https:\/\/www.ahotech.com\/es\/#\/schema\/logo\/image\/","url":"https:\/\/www.ahotech.com\/wp-content\/uploads\/2021\/10\/battery-site-logo.jpg","contentUrl":"https:\/\/www.ahotech.com\/wp-content\/uploads\/2021\/10\/battery-site-logo.jpg","width":1297,"height":465,"caption":"Ahotech.com"},"image":{"@id":"https:\/\/www.ahotech.com\/es\/#\/schema\/logo\/image\/"}}]}},"_links":{"self":[{"href":"https:\/\/www.ahotech.com\/et\/wp-json\/wp\/v2\/product\/4803","targetHints":{"allow":["GET"]}}],"collection":[{"href":"https:\/\/www.ahotech.com\/et\/wp-json\/wp\/v2\/product"}],"about":[{"href":"https:\/\/www.ahotech.com\/et\/wp-json\/wp\/v2\/types\/product"}],"version-history":[{"count":1,"href":"https:\/\/www.ahotech.com\/et\/wp-json\/wp\/v2\/product\/4803\/revisions"}],"predecessor-version":[{"id":4806,"href":"https:\/\/www.ahotech.com\/et\/wp-json\/wp\/v2\/product\/4803\/revisions\/4806"}],"wp:featuredmedia":[{"embeddable":true,"href":"https:\/\/www.ahotech.com\/et\/wp-json\/wp\/v2\/media\/4804"}],"wp:attachment":[{"href":"https:\/\/www.ahotech.com\/et\/wp-json\/wp\/v2\/media?parent=4803"}],"wp:term":[{"taxonomy":"product_brand","embeddable":true,"href":"https:\/\/www.ahotech.com\/et\/wp-json\/wp\/v2\/product_brand?post=4803"},{"taxonomy":"product_cat","embeddable":true,"href":"https:\/\/www.ahotech.com\/et\/wp-json\/wp\/v2\/product_cat?post=4803"},{"taxonomy":"product_tag","embeddable":true,"href":"https:\/\/www.ahotech.com\/et\/wp-json\/wp\/v2\/product_tag?post=4803"}],"curies":[{"name":"t\u00f6\u00f6leht","href":"https:\/\/api.w.org\/{rel}","templated":true}]}}