{"id":4587,"date":"2022-03-17T05:51:24","date_gmt":"2022-03-17T05:51:24","guid":{"rendered":"https:\/\/www.ahotech.com\/?post_type=product&#038;p=4587"},"modified":"2022-03-17T05:51:25","modified_gmt":"2022-03-17T05:51:25","slug":"kohandatud-akuploki-tootja","status":"publish","type":"product","link":"https:\/\/www.ahotech.com\/et\/product\/custom-battery-pack-manufacturer\/","title":{"rendered":"kohandatud akuploki tootja"},"content":{"rendered":"<p><span class=\"tgt\" data-section=\"0\" data-sentence=\"0\" data-group=\"0-0\">Longsing Technology on p\u00fchendunud akutehnoloogia kohandatud akude tootja uurimis-, arendus- ja rakendust\u00f6\u00f6dele. Pideva arenduse kaudu on ettev\u00f5te varustatud primaarakude (liitiumsulfur\u00fc\u00fclkloriid), sekundaarakude (liitiumioonaku) uurimis- ja arendustegevuse ning tootmisv\u00f5imsusega.<\/span><span class=\"tgt\" data-section=\"0\" data-sentence=\"1\" data-group=\"0-1\"> Kohandatud akupakettide disainide, kohandatud akupakettide jaoks <a href=\"https:\/\/www.ahotech.com\/et\/toode\/3-7-v-liitiumaku-21700\/\">liitiumakud<\/a>, laetavate akude komponendid, pakume k\u00f5iki teie kohandatud akuvajadusi, saame pakkuda toitelahendusi rakendustele, mis vajavad usaldusv\u00e4\u00e4rset kaasaskantavat toimimist erinevates standardsetes ja karmides keskkondades.<\/span><span class=\"tgt highlight\" data-section=\"0\" data-sentence=\"2\" data-group=\"0-2\"> Kohandatud liitiumakusid kasutatakse laialdaselt 3C tarbeelektroonikas, meditsiinis, nutikates r\u00f5ivastes, avalikus julgeolekus, elektrienergia kommunikatsioonis, autot\u00f6\u00f6stuse toiteallikates, turvakommunikatsioonis, transpordilogistikas, kaardistamisel, fotogalvaanilise energia salvestamisel, politsei j\u00e4lgimisel ja erivaldkondades.<\/span><\/p>\n<p class=\"tgt\" data-section=\"0\"><span class=\"tgt\" data-section=\"0\" data-sentence=\"0\" data-group=\"0-0\">Kuidas kohandatud akud t\u00f6\u00f6tavad:<\/span><\/p>\n<p class=\"tgt\" data-section=\"1\"><span class=\"tgt\" data-section=\"1\" data-sentence=\"0\" data-group=\"1-0\">Liitiumaku on liitiumaku, mille energiatihedus on l\u00e4hedane s\u00fcsivesinikule, mis on akutehnoloogia tulevikusuund.<\/span><span class=\"tgt\" data-section=\"1\" data-sentence=\"1\" data-group=\"1-1\"> N\u00fc\u00fcd saab liitiumaku suurimaks puuduseks olla ainult v\u00e4ike voolu t\u00fchjenemine, n\u00e4iteks ER34615 v\u00f5ib olla ainult 2 mA, p\u00fcsiva temperatuuri ja niiskuse tingimustes toatemperatuuril, et saavutada teoreetiline v\u00f5imsus 19Ah, vool, temperatuurimuutus m\u00f5jutab j\u00f5udlust tohutult, nii et v\u00e4ikese voolu seadmete \u00fcldine kasutamine.<\/span><span class=\"tgt highlight\" data-section=\"1\" data-sentence=\"2\" data-group=\"1-2\"> Liitiumioonakude mahutavuse t\u00e4ielikuks \u00e4rakasutamiseks t\u00f6\u00f6tas Lonson Technology v\u00e4lja HPC. Liitiumioonakude j\u00f5udluse maksimeerimiseks on IOT akupakkidel pika eluea eelis.<\/span><\/p>\n<p class=\"tgt\" data-section=\"0\"><span class=\"tgt\" data-section=\"0\" data-sentence=\"0\" data-group=\"0-0\">Toimivusomadused:<\/span><\/p>\n<p class=\"tgt\" data-section=\"1\"><span class=\"tgt\" data-section=\"1\" data-sentence=\"0\" data-group=\"1-0\">k\u00f5rge impulssvoolu v\u00f5ime;<\/span><\/p>\n<p class=\"tgt\" data-section=\"2\"><span class=\"tgt\" data-section=\"2\" data-sentence=\"0\" data-group=\"2-0\">Kiire pingereaktsioon (pinge viivitus puudub);<\/span><\/p>\n<p class=\"tgt\" data-section=\"3\"><span class=\"tgt\" data-section=\"3\" data-sentence=\"0\" data-group=\"3-0\">K\u00f5rge t\u00f6\u00f6kindlus (laserkeevitus, klaas-metalli tihend, kohaneda m\u00e4rja keskkonnaga, v\u00e4ltida lekkeid);<\/span><\/p>\n<p class=\"tgt\" data-section=\"4\"><span class=\"tgt\" data-section=\"4\" data-sentence=\"0\" data-group=\"4-0\">Suurep\u00e4rane s\u00e4ilivus (10 aastat);<\/span><\/p>\n<p class=\"tgt\" data-section=\"5\"><span class=\"tgt\" data-section=\"5\" data-sentence=\"0\" data-group=\"5-0\">Pikaealisuse aku, aku otsa j\u00f5udlus on garanteeritud;<\/span><\/p>\n<p class=\"tgt\" data-section=\"6\"><span class=\"tgt\" data-section=\"6\" data-sentence=\"0\" data-group=\"6-0\">\u00dclipikk eluts\u00fckkel: 5000 100%DOD ts\u00fcklit;<\/span><\/p>\n<p class=\"tgt\" data-section=\"7\"><span class=\"tgt\" data-section=\"7\" data-sentence=\"0\" data-group=\"7-0\">\u00c4\u00e4rmiselt madal temperatuur v\u00f5ib olla normaalse koormuse toiteallikas;<\/span><\/p>\n<p data-section=\"7\"><span class=\"tgt\" data-section=\"0\" data-sentence=\"0\" data-group=\"0-0\">Longsing Technology on professionaalne kohandatud akude tootja, ohutu ja usaldusv\u00e4\u00e4rne, kondensaatori plahvatuskindel l\u00e4bi Ameerika \u00dchendriikide ja Euroopa Liidu ohutussertifikaadi, ohutuskaitse osas: k\u00f5ik HPC seeriad on l\u00e4binud UL1642, HPC seeriad on l\u00e4binud IEC62133 sertifikaadi;<\/span><span class=\"tgt\" data-section=\"0\" data-sentence=\"1\" data-group=\"0-1\"> Keskkonnakaitse m\u00f5ttes: kogu HPC seeria on l\u00e4binud k\u00fcmme ROHS testi;<\/span><span class=\"tgt\" data-section=\"0\" data-sentence=\"2\" data-group=\"0-2\"> Transpordi osas: K\u00d5IK HPC seeriad on saanud UN38.3 ohutustranspordi sertifikaadi;<\/span><\/p>\n<p data-section=\"7\">Oleme professionaalne kohandatud akude tootja Hiinas, keskendudes liitiumakude kohandamise valdkonnale 22 aastat, omades liitiumakude kohandamise valdkonnas \u00fcle 3000 kvaliteetse kesta, mis on p\u00fchendunud konkurentsiv\u00f5imelisemate liitiumakude kohandamise lahenduste ja toodete pakkumisele \u00fclemaailmsetele kasutajatele.<\/p>","protected":false},"excerpt":{"rendered":"<p class=\"tgt\" data-section=\"0\"><span class=\"tgt\" data-section=\"0\" data-sentence=\"0\" data-group=\"0-0\">Toote mudel: ER34615-2S4P+HPC1550-2S2P<\/span><\/p>\n<p class=\"tgt\" data-section=\"1\"><span class=\"tgt\" data-section=\"1\" data-sentence=\"0\" data-group=\"1-0\">Nimipinge (V): 7,2<\/span><\/p>\n<p class=\"tgt\" data-section=\"2\"><span class=\"tgt\" data-section=\"2\" data-sentence=\"0\" data-group=\"2-0\">Nimimaht (mAh): 76000<\/span><\/p>\n<p class=\"tgt\" data-section=\"3\"><span class=\"tgt\" data-section=\"3\" data-sentence=\"0\" data-group=\"3-0\">Maksimaalne pidev t\u00fchjendusvool (mA): 6A<\/span><\/p>\n<p class=\"tgt\" data-section=\"4\"><span class=\"tgt\" data-section=\"4\" data-sentence=\"0\" data-group=\"4-0\">T\u00f6\u00f6temperatuur (\u2103): -40~+85<\/span><\/p>\n<p class=\"tgt\" data-section=\"5\"><span class=\"tgt\" data-section=\"5\" data-sentence=\"0\" data-group=\"5-0\">Aastane iset\u00fchjenemise m\u00e4\u00e4r: &lt; 2%<\/span><\/p>","protected":false},"featured_media":4589,"template":"","meta":{"_acf_changed":false,"site-sidebar-layout":"default","site-content-layout":"default","ast-site-content-layout":"","site-content-style":"default","site-sidebar-style":"default","ast-global-header-display":"","ast-banner-title-visibility":"","ast-main-header-display":"","ast-hfb-above-header-display":"","ast-hfb-below-header-display":"","ast-hfb-mobile-header-display":"","site-post-title":"","ast-breadcrumbs-content":"","ast-featured-img":"","footer-sml-layout":"","theme-transparent-header-meta":"default","adv-header-id-meta":"","stick-header-meta":"","header-above-stick-meta":"","header-main-stick-meta":"","header-below-stick-meta":"","astra-migrate-meta-layouts":"default","ast-page-background-enabled":"default","ast-page-background-meta":{"desktop":{"background-color":"","background-image":"","background-repeat":"repeat","background-position":"center center","background-size":"auto","background-attachment":"scroll","background-type":"","background-media":"","overlay-type":"","overlay-color":"","overlay-opacity":"","overlay-gradient":""},"tablet":{"background-color":"","background-image":"","background-repeat":"repeat","background-position":"center center","background-size":"auto","background-attachment":"scroll","background-type":"","background-media":"","overlay-type":"","overlay-color":"","overlay-opacity":"","overlay-gradient":""},"mobile":{"background-color":"","background-image":"","background-repeat":"repeat","background-position":"center center","background-size":"auto","background-attachment":"scroll","background-type":"","background-media":"","overlay-type":"","overlay-color":"","overlay-opacity":"","overlay-gradient":""}},"ast-content-background-meta":{"desktop":{"background-color":"var(--ast-global-color-5)","background-image":"","background-repeat":"repeat","background-position":"center center","background-size":"auto","background-attachment":"scroll","background-type":"","background-media":"","overlay-type":"","overlay-color":"","overlay-opacity":"","overlay-gradient":""},"tablet":{"background-color":"var(--ast-global-color-5)","background-image":"","background-repeat":"repeat","background-position":"center center","background-size":"auto","background-attachment":"scroll","background-type":"","background-media":"","overlay-type":"","overlay-color":"","overlay-opacity":"","overlay-gradient":""},"mobile":{"background-color":"var(--ast-global-color-5)","background-image":"","background-repeat":"repeat","background-position":"center center","background-size":"auto","background-attachment":"scroll","background-type":"","background-media":"","overlay-type":"","overlay-color":"","overlay-opacity":"","overlay-gradient":""}}},"product_brand":[],"product_cat":[39],"product_tag":[],"class_list":{"0":"post-4587","1":"product","2":"type-product","3":"status-publish","4":"has-post-thumbnail","6":"product_cat-custom-iot-battery-pack","7":"desktop-align-left","8":"tablet-align-left","9":"mobile-align-left","11":"first","12":"instock","13":"shipping-taxable","14":"product-type-simple"},"acf":[],"yoast_head":"<!-- This site is optimized with the Yoast SEO plugin v27.3 - https:\/\/yoast.com\/product\/yoast-seo-wordpress\/ -->\n<title>custom battery pack manufacturer - Ahotech.com<\/title>\n<meta name=\"robots\" content=\"index, follow, max-snippet:-1, max-image-preview:large, max-video-preview:-1\" \/>\n<link rel=\"canonical\" href=\"https:\/\/www.ahotech.com\/et\/toode\/kohandatud-akuploki-tootja\/\" \/>\n<meta property=\"og:locale\" content=\"et_EE\" \/>\n<meta property=\"og:type\" content=\"article\" \/>\n<meta property=\"og:title\" content=\"custom battery pack manufacturer - Ahotech.com\" \/>\n<meta property=\"og:description\" content=\"Product model: ER34615-2S4P+HPC1550-2S2P Rated voltage (V) : 7.2 Nominal capacity (mAh) : 76000 Maximum continuous discharge current (mA):6A Operating temperature (\u2103) : -40~+85 Annual self-discharge rate: &lt; 2%\" \/>\n<meta property=\"og:url\" content=\"https:\/\/www.ahotech.com\/et\/toode\/kohandatud-akuploki-tootja\/\" \/>\n<meta property=\"og:site_name\" content=\"Ahotech.com\" \/>\n<meta property=\"article:modified_time\" content=\"2022-03-17T05:51:25+00:00\" \/>\n<meta property=\"og:image\" content=\"https:\/\/de.ahotech.com\/wp-content\/uploads\/2022\/03\/custom-battery-packs-1.jpg\" \/>\n\t<meta property=\"og:image:width\" content=\"800\" \/>\n\t<meta property=\"og:image:height\" content=\"800\" \/>\n\t<meta property=\"og:image:type\" content=\"image\/jpeg\" \/>\n<meta name=\"twitter:card\" content=\"summary_large_image\" \/>\n<meta name=\"twitter:label1\" content=\"Est. reading time\" \/>\n\t<meta name=\"twitter:data1\" content=\"2 minutit\" \/>\n<script type=\"application\/ld+json\" class=\"yoast-schema-graph\">{\"@context\":\"https:\\\/\\\/schema.org\",\"@graph\":[{\"@type\":\"WebPage\",\"@id\":\"https:\\\/\\\/de.ahotech.com\\\/product\\\/hersteller-kundenspezifischer-akkupacks\\\/\",\"url\":\"https:\\\/\\\/de.ahotech.com\\\/product\\\/hersteller-kundenspezifischer-akkupacks\\\/\",\"name\":\"custom battery pack manufacturer - Ahotech.com\",\"isPartOf\":{\"@id\":\"https:\\\/\\\/www.ahotech.com\\\/es\\\/#website\"},\"primaryImageOfPage\":{\"@id\":\"https:\\\/\\\/de.ahotech.com\\\/product\\\/hersteller-kundenspezifischer-akkupacks\\\/#primaryimage\"},\"image\":{\"@id\":\"https:\\\/\\\/de.ahotech.com\\\/product\\\/hersteller-kundenspezifischer-akkupacks\\\/#primaryimage\"},\"thumbnailUrl\":\"https:\\\/\\\/www.ahotech.com\\\/wp-content\\\/uploads\\\/2022\\\/03\\\/custom-battery-packs-1.jpg\",\"datePublished\":\"2022-03-17T05:51:24+00:00\",\"dateModified\":\"2022-03-17T05:51:25+00:00\",\"breadcrumb\":{\"@id\":\"https:\\\/\\\/de.ahotech.com\\\/product\\\/hersteller-kundenspezifischer-akkupacks\\\/#breadcrumb\"},\"inLanguage\":\"et\",\"potentialAction\":[{\"@type\":\"ReadAction\",\"target\":[\"https:\\\/\\\/de.ahotech.com\\\/product\\\/hersteller-kundenspezifischer-akkupacks\\\/\"]}]},{\"@type\":\"ImageObject\",\"inLanguage\":\"et\",\"@id\":\"https:\\\/\\\/de.ahotech.com\\\/product\\\/hersteller-kundenspezifischer-akkupacks\\\/#primaryimage\",\"url\":\"https:\\\/\\\/www.ahotech.com\\\/wp-content\\\/uploads\\\/2022\\\/03\\\/custom-battery-packs-1.jpg\",\"contentUrl\":\"https:\\\/\\\/www.ahotech.com\\\/wp-content\\\/uploads\\\/2022\\\/03\\\/custom-battery-packs-1.jpg\",\"width\":800,\"height\":800,\"caption\":\"custom battery packs\"},{\"@type\":\"BreadcrumbList\",\"@id\":\"https:\\\/\\\/de.ahotech.com\\\/product\\\/hersteller-kundenspezifischer-akkupacks\\\/#breadcrumb\",\"itemListElement\":[{\"@type\":\"ListItem\",\"position\":1,\"name\":\"Home\",\"item\":\"https:\\\/\\\/www.ahotech.com\\\/fi\\\/\"},{\"@type\":\"ListItem\",\"position\":2,\"name\":\"Store\",\"item\":\"https:\\\/\\\/de.ahotech.com\\\/speichern\\\/\"},{\"@type\":\"ListItem\",\"position\":3,\"name\":\"custom battery pack manufacturer\"}]},{\"@type\":\"WebSite\",\"@id\":\"https:\\\/\\\/www.ahotech.com\\\/es\\\/#website\",\"url\":\"https:\\\/\\\/www.ahotech.com\\\/es\\\/\",\"name\":\"Ahotech.com\",\"description\":\"lithium battery manufacturers\",\"publisher\":{\"@id\":\"https:\\\/\\\/www.ahotech.com\\\/es\\\/#organization\"},\"potentialAction\":[{\"@type\":\"SearchAction\",\"target\":{\"@type\":\"EntryPoint\",\"urlTemplate\":\"https:\\\/\\\/www.ahotech.com\\\/es\\\/?s={search_term_string}\"},\"query-input\":{\"@type\":\"PropertyValueSpecification\",\"valueRequired\":true,\"valueName\":\"search_term_string\"}}],\"inLanguage\":\"et\"},{\"@type\":\"Organization\",\"@id\":\"https:\\\/\\\/www.ahotech.com\\\/es\\\/#organization\",\"name\":\"Ahotech.com\",\"url\":\"https:\\\/\\\/www.ahotech.com\\\/es\\\/\",\"logo\":{\"@type\":\"ImageObject\",\"inLanguage\":\"et\",\"@id\":\"https:\\\/\\\/www.ahotech.com\\\/es\\\/#\\\/schema\\\/logo\\\/image\\\/\",\"url\":\"https:\\\/\\\/www.ahotech.com\\\/wp-content\\\/uploads\\\/2021\\\/10\\\/battery-site-logo.jpg\",\"contentUrl\":\"https:\\\/\\\/www.ahotech.com\\\/wp-content\\\/uploads\\\/2021\\\/10\\\/battery-site-logo.jpg\",\"width\":1297,\"height\":465,\"caption\":\"Ahotech.com\"},\"image\":{\"@id\":\"https:\\\/\\\/www.ahotech.com\\\/es\\\/#\\\/schema\\\/logo\\\/image\\\/\"}}]}<\/script>\n<!-- \/ Yoast SEO plugin. -->","yoast_head_json":{"title":"Kohandatud akupakkide tootja - Ahotech.com","robots":{"index":"index","follow":"follow","max-snippet":"max-snippet:-1","max-image-preview":"max-image-preview:large","max-video-preview":"max-video-preview:-1"},"canonical":"https:\/\/www.ahotech.com\/et\/toode\/kohandatud-akuploki-tootja\/","og_locale":"et_EE","og_type":"article","og_title":"custom battery pack manufacturer - Ahotech.com","og_description":"Product model: ER34615-2S4P+HPC1550-2S2P Rated voltage (V) : 7.2 Nominal capacity (mAh) : 76000 Maximum continuous discharge current (mA):6A Operating temperature (\u2103) : -40~+85 Annual self-discharge rate: &lt; 2%","og_url":"https:\/\/www.ahotech.com\/et\/toode\/kohandatud-akuploki-tootja\/","og_site_name":"Ahotech.com","article_modified_time":"2022-03-17T05:51:25+00:00","og_image":[{"width":800,"height":800,"url":"https:\/\/de.ahotech.com\/wp-content\/uploads\/2022\/03\/custom-battery-packs-1.jpg","type":"image\/jpeg"}],"twitter_card":"summary_large_image","twitter_misc":{"Est. reading time":"2 minutit"},"schema":{"@context":"https:\/\/schema.org","@graph":[{"@type":"WebPage","@id":"https:\/\/de.ahotech.com\/product\/hersteller-kundenspezifischer-akkupacks\/","url":"https:\/\/de.ahotech.com\/product\/hersteller-kundenspezifischer-akkupacks\/","name":"Kohandatud akupakkide tootja - Ahotech.com","isPartOf":{"@id":"https:\/\/www.ahotech.com\/es\/#website"},"primaryImageOfPage":{"@id":"https:\/\/de.ahotech.com\/product\/hersteller-kundenspezifischer-akkupacks\/#primaryimage"},"image":{"@id":"https:\/\/de.ahotech.com\/product\/hersteller-kundenspezifischer-akkupacks\/#primaryimage"},"thumbnailUrl":"https:\/\/www.ahotech.com\/wp-content\/uploads\/2022\/03\/custom-battery-packs-1.jpg","datePublished":"2022-03-17T05:51:24+00:00","dateModified":"2022-03-17T05:51:25+00:00","breadcrumb":{"@id":"https:\/\/de.ahotech.com\/product\/hersteller-kundenspezifischer-akkupacks\/#breadcrumb"},"inLanguage":"et","potentialAction":[{"@type":"ReadAction","target":["https:\/\/de.ahotech.com\/product\/hersteller-kundenspezifischer-akkupacks\/"]}]},{"@type":"ImageObject","inLanguage":"et","@id":"https:\/\/de.ahotech.com\/product\/hersteller-kundenspezifischer-akkupacks\/#primaryimage","url":"https:\/\/www.ahotech.com\/wp-content\/uploads\/2022\/03\/custom-battery-packs-1.jpg","contentUrl":"https:\/\/www.ahotech.com\/wp-content\/uploads\/2022\/03\/custom-battery-packs-1.jpg","width":800,"height":800,"caption":"custom battery packs"},{"@type":"BreadcrumbList","@id":"https:\/\/de.ahotech.com\/product\/hersteller-kundenspezifischer-akkupacks\/#breadcrumb","itemListElement":[{"@type":"ListItem","position":1,"name":"Home","item":"https:\/\/www.ahotech.com\/fi\/"},{"@type":"ListItem","position":2,"name":"Store","item":"https:\/\/de.ahotech.com\/speichern\/"},{"@type":"ListItem","position":3,"name":"custom battery pack manufacturer"}]},{"@type":"WebSite","@id":"https:\/\/www.ahotech.com\/es\/#website","url":"https:\/\/www.ahotech.com\/es\/","name":"Ahotech.com","description":"liitiumakude tootjad","publisher":{"@id":"https:\/\/www.ahotech.com\/es\/#organization"},"potentialAction":[{"@type":"SearchAction","target":{"@type":"EntryPoint","urlTemplate":"https:\/\/www.ahotech.com\/es\/?s={search_term_string}"},"query-input":{"@type":"PropertyValueSpecification","valueRequired":true,"valueName":"search_term_string"}}],"inLanguage":"et"},{"@type":"Organization","@id":"https:\/\/www.ahotech.com\/es\/#organization","name":"Ahotech.com","url":"https:\/\/www.ahotech.com\/es\/","logo":{"@type":"ImageObject","inLanguage":"et","@id":"https:\/\/www.ahotech.com\/es\/#\/schema\/logo\/image\/","url":"https:\/\/www.ahotech.com\/wp-content\/uploads\/2021\/10\/battery-site-logo.jpg","contentUrl":"https:\/\/www.ahotech.com\/wp-content\/uploads\/2021\/10\/battery-site-logo.jpg","width":1297,"height":465,"caption":"Ahotech.com"},"image":{"@id":"https:\/\/www.ahotech.com\/es\/#\/schema\/logo\/image\/"}}]}},"_links":{"self":[{"href":"https:\/\/www.ahotech.com\/et\/wp-json\/wp\/v2\/product\/4587","targetHints":{"allow":["GET"]}}],"collection":[{"href":"https:\/\/www.ahotech.com\/et\/wp-json\/wp\/v2\/product"}],"about":[{"href":"https:\/\/www.ahotech.com\/et\/wp-json\/wp\/v2\/types\/product"}],"version-history":[{"count":1,"href":"https:\/\/www.ahotech.com\/et\/wp-json\/wp\/v2\/product\/4587\/revisions"}],"predecessor-version":[{"id":4593,"href":"https:\/\/www.ahotech.com\/et\/wp-json\/wp\/v2\/product\/4587\/revisions\/4593"}],"wp:featuredmedia":[{"embeddable":true,"href":"https:\/\/www.ahotech.com\/et\/wp-json\/wp\/v2\/media\/4589"}],"wp:attachment":[{"href":"https:\/\/www.ahotech.com\/et\/wp-json\/wp\/v2\/media?parent=4587"}],"wp:term":[{"taxonomy":"product_brand","embeddable":true,"href":"https:\/\/www.ahotech.com\/et\/wp-json\/wp\/v2\/product_brand?post=4587"},{"taxonomy":"product_cat","embeddable":true,"href":"https:\/\/www.ahotech.com\/et\/wp-json\/wp\/v2\/product_cat?post=4587"},{"taxonomy":"product_tag","embeddable":true,"href":"https:\/\/www.ahotech.com\/et\/wp-json\/wp\/v2\/product_tag?post=4587"}],"curies":[{"name":"t\u00f6\u00f6leht","href":"https:\/\/api.w.org\/{rel}","templated":true}]}}