{"id":4517,"date":"2022-03-14T07:34:25","date_gmt":"2022-03-14T07:34:25","guid":{"rendered":"https:\/\/www.ahotech.com\/?post_type=product&#038;p=4517"},"modified":"2022-04-01T05:26:57","modified_gmt":"2022-04-01T05:26:57","slug":"er14505-akupakk-3-6v","status":"publish","type":"product","link":"https:\/\/www.ahotech.com\/et\/product\/er14505-battery-pack-3-6v\/","title":{"rendered":"er14505 aku 3,6V"},"content":{"rendered":"<p>ER14505 aku on <a href=\"https:\/\/www.ahotech.com\/et\/toode\/omnicel-er14505-aku-er14505-aa-3-6-v-liitiumaku\/\">3,6 V liitiumaku<\/a>, See on \u00fchekordselt kasutatav aku, tooteid kasutatakse peamiselt intelligentsete instrumentide jaoks.<\/p>\n<p><span class=\"tgt\" data-section=\"0\" data-sentence=\"0\" data-group=\"0-0\">Longsing Technologies asutati 2000. aastal ning on p\u00fchendunud akutehnoloogia uurimisele, arendamisele ja rakendamisele.<\/span><span class=\"tgt\" data-section=\"0\" data-sentence=\"1\" data-group=\"0-1\"> Ettev\u00f5ttel on<a href=\"https:\/\/www.ahotech.com\/et\/toode\/omnicel-er14250-aku-er14250-liitiumaku-36-v\/\"> liitiumprimaarpatarei<\/a> (liitiumsulfur\u00fc\u00fclkloriid), teisene aku <a href=\"https:\/\/www.ahotech.com\/et\/toode\/hubriidkondensaator-aku-1520\/\">HPC<\/a> (liitiumioonaku) teadus- ja arendustegevus, tootmisv\u00f5imsus.<\/span><span class=\"tgt\" data-section=\"0\" data-sentence=\"2\" data-group=\"0-2\"> Viimastel aastatel on ettev\u00f5te Hongkongi emaettev\u00f5ttele toetudes ja aktiivselt koost\u00f6\u00f6d tehes rahvusvaheliste teadusasutustega edukalt v\u00e4lja t\u00f6\u00f6tanud laia temperatuuriga asjade Interneti aku (koosneb liitiumtion\u00fc\u00fclkloriidi akust paralleelselt komposiit-impulsskondensaatoriga), mis suudab stabiilselt t\u00f6\u00f6tada temperatuurivahemikus -40 \u2103 kuni + 85 \u2103, murdes l\u00e4bi liitiumkloriidioonpudeli tehnilise aku.<\/span><span class=\"tgt\" data-section=\"0\" data-sentence=\"3\" data-group=\"0-3\"> Ja taotles enam kui 30 leiutise patenti.<\/span><span class=\"tgt\" data-section=\"0\" data-sentence=\"4\" data-group=\"0-4\"> J\u00e4tkame innovatsiooni ja uute toodete v\u00e4ljat\u00f6\u00f6tamist, et vastata asjade Interneti tehnoloogia tulevase arengu vajadustele.<\/span><span class=\"tgt\" data-section=\"0\" data-sentence=\"5\" data-group=\"0-5\"> N\u00e4iteks intelligentne transport, konteinerite intelligentne s\u00fcsteem, GPS-positsioneerimiss\u00fcsteem, merep\u00f5hja positsioneerimine, logistika ja transpordis\u00fcsteem.<\/span><\/p>\n<p class=\"tgt\" data-section=\"0\"><span class=\"tgt\" data-section=\"0\" data-sentence=\"0\" data-group=\"0-0\">er14505 akupaki j\u00f5udlusn\u00e4itajad:<\/span><\/p>\n<p class=\"tgt\" data-section=\"2\"><span class=\"tgt\" data-section=\"2\" data-sentence=\"0\" data-group=\"2-0\">Suure mahutavusega aku, pika elueaga aku, aku j\u00f5udlus perioodi l\u00f5pus on garanteeritud;<\/span><\/p>\n<p class=\"tgt\" data-section=\"3\"><span class=\"tgt\" data-section=\"3\" data-sentence=\"0\" data-group=\"3-0\">Pidev t\u00fchjendamine;<\/span><\/p>\n<p class=\"tgt\" data-section=\"4\"><span class=\"tgt\" data-section=\"4\" data-sentence=\"0\" data-group=\"4-0\">Kiire pingereaktsioon;<\/span><\/p>\n<p class=\"tgt\" data-section=\"5\"><span class=\"tgt\" data-section=\"5\" data-sentence=\"0\" data-group=\"5-0\">K\u00f5rge t\u00f6\u00f6kindlus (laserkeevitus, klaas-metalli tihend, kohaneda m\u00e4rja keskkonnaga, v\u00e4ltida lekkeid);<\/span><\/p>\n<p class=\"tgt\" data-section=\"6\"><span class=\"tgt\" data-section=\"6\" data-sentence=\"0\" data-group=\"6-0\">Suurep\u00e4rane s\u00e4ilivus (10 aastat);<\/span><\/p>\n<p class=\"tgt\" data-section=\"7\"><span class=\"tgt\" data-section=\"7\" data-sentence=\"0\" data-group=\"7-0\">\u00c4\u00e4rmiselt madal temperatuur v\u00f5ib olla normaalse koormuse toiteallikas;<\/span><\/p>\n<p class=\"tgt\" data-section=\"8\"><span class=\"tgt\" data-section=\"8\" data-sentence=\"0\" data-group=\"8-0\">Erinevalt liitiumakudest ei saa er14505 akupaketti 3,6 V laadida.<\/span><\/p>\n<p data-section=\"8\">er14505h liitiumaku <span class=\"tgt\" data-section=\"0\" data-sentence=\"0\" data-group=\"0-0\">S\u00f5jaline kokkupanekuprotsess: liitiumaku on spetsiaalselt projekteeritud ja toodetud rangelt vastavalt s\u00f5jalisele tehnoloogiale. Enne kokkupanekut tuleks valida akupaki j\u00e4rjepidevuse ja stabiilsuse kontrollimiseks \u00fchtlane pinge ja sisetakistus, et v\u00e4ltida \u00fche aku eba\u00fchtlasest olekust tulenevaid ohtlikke \u00f5nnetusi.<\/span><span class=\"tgt\" data-section=\"0\" data-sentence=\"1\" data-group=\"0-1\"> Lansen kontrollib enne saatmist rangelt iga akur\u00fchma kvaliteeti, n\u00e4iteks: koormuspinge, avatud vooluahela pinge, aku sisetakistus ja muud kvaliteedikontrolli seeriad;<\/span><\/p>\n<p data-section=\"8\">Kui teie seade vajab sideandmete taustal \u00fcleslaadimiseks siiski rohkem voolu, saate liitiumtion\u00fc\u00fclkloriidi aku kokku panna koos komposiit-impulsskondensaatoriga HPC, mis v\u00f5ib pikendada teie seadme eluiga, s\u00e4ilitada k\u00f5rge vooluimpulss, pinge stabiilsus, madal temperatuur -40\u00b0 k\u00f5rge voolu t\u00fchjenemine.<\/p>","protected":false},"excerpt":{"rendered":"<p class=\"tgt\" data-section=\"0\"><span class=\"tgt\" data-section=\"0\" data-sentence=\"0\" data-group=\"0-0\">Toote mudel: er14505-6P<\/span><\/p>\n<p class=\"tgt\" data-section=\"1\"><span class=\"tgt\" data-section=\"1\" data-sentence=\"0\" data-group=\"1-0\">Nimipinge (V) : 3.6<\/span><\/p>\n<p class=\"tgt\" data-section=\"2\"><span class=\"tgt\" data-section=\"2\" data-sentence=\"0\" data-group=\"2-0\">Nimimaht (mAh): 15600<\/span><\/p>\n<p class=\"tgt\" data-section=\"3\"><span class=\"tgt\" data-section=\"3\" data-sentence=\"0\" data-group=\"3-0\">Maksimaalne pidev t\u00fchjendusvool (mA): 50<\/span><\/p>\n<p class=\"tgt\" data-section=\"4\"><span class=\"tgt\" data-section=\"4\" data-sentence=\"0\" data-group=\"4-0\">T\u00f6\u00f6temperatuur (\u2103): -40~+85<\/span><\/p>\n<p class=\"tgt\" data-section=\"5\"><span class=\"tgt\" data-section=\"5\" data-sentence=\"0\" data-group=\"5-0\">Aastane iset\u00fchjenemise m\u00e4\u00e4r: &lt; 2%<\/span><\/p>","protected":false},"featured_media":4519,"template":"","meta":{"_acf_changed":false,"site-sidebar-layout":"default","site-content-layout":"default","ast-site-content-layout":"","site-content-style":"default","site-sidebar-style":"default","ast-global-header-display":"","ast-banner-title-visibility":"","ast-main-header-display":"","ast-hfb-above-header-display":"","ast-hfb-below-header-display":"","ast-hfb-mobile-header-display":"","site-post-title":"","ast-breadcrumbs-content":"","ast-featured-img":"","footer-sml-layout":"","theme-transparent-header-meta":"default","adv-header-id-meta":"","stick-header-meta":"","header-above-stick-meta":"","header-main-stick-meta":"","header-below-stick-meta":"","astra-migrate-meta-layouts":"default","ast-page-background-enabled":"default","ast-page-background-meta":{"desktop":{"background-color":"","background-image":"","background-repeat":"repeat","background-position":"center center","background-size":"auto","background-attachment":"scroll","background-type":"","background-media":"","overlay-type":"","overlay-color":"","overlay-opacity":"","overlay-gradient":""},"tablet":{"background-color":"","background-image":"","background-repeat":"repeat","background-position":"center center","background-size":"auto","background-attachment":"scroll","background-type":"","background-media":"","overlay-type":"","overlay-color":"","overlay-opacity":"","overlay-gradient":""},"mobile":{"background-color":"","background-image":"","background-repeat":"repeat","background-position":"center center","background-size":"auto","background-attachment":"scroll","background-type":"","background-media":"","overlay-type":"","overlay-color":"","overlay-opacity":"","overlay-gradient":""}},"ast-content-background-meta":{"desktop":{"background-color":"var(--ast-global-color-5)","background-image":"","background-repeat":"repeat","background-position":"center center","background-size":"auto","background-attachment":"scroll","background-type":"","background-media":"","overlay-type":"","overlay-color":"","overlay-opacity":"","overlay-gradient":""},"tablet":{"background-color":"var(--ast-global-color-5)","background-image":"","background-repeat":"repeat","background-position":"center center","background-size":"auto","background-attachment":"scroll","background-type":"","background-media":"","overlay-type":"","overlay-color":"","overlay-opacity":"","overlay-gradient":""},"mobile":{"background-color":"var(--ast-global-color-5)","background-image":"","background-repeat":"repeat","background-position":"center center","background-size":"auto","background-attachment":"scroll","background-type":"","background-media":"","overlay-type":"","overlay-color":"","overlay-opacity":"","overlay-gradient":""}}},"product_brand":[],"product_cat":[39],"product_tag":[],"class_list":{"0":"post-4517","1":"product","2":"type-product","3":"status-publish","4":"has-post-thumbnail","6":"product_cat-custom-iot-battery-pack","7":"desktop-align-left","8":"tablet-align-left","9":"mobile-align-left","11":"first","12":"instock","13":"shipping-taxable","14":"product-type-simple"},"acf":[],"yoast_head":"<!-- This site is optimized with the Yoast SEO plugin v27.3 - https:\/\/yoast.com\/product\/yoast-seo-wordpress\/ -->\n<title>er14505 battery pack 3.6V - Ahotech.com<\/title>\n<meta name=\"robots\" content=\"index, follow, max-snippet:-1, max-image-preview:large, max-video-preview:-1\" \/>\n<link rel=\"canonical\" href=\"https:\/\/www.ahotech.com\/et\/toode\/er14505-akupakk-3-6v\/\" \/>\n<meta property=\"og:locale\" content=\"et_EE\" \/>\n<meta property=\"og:type\" content=\"article\" \/>\n<meta property=\"og:title\" content=\"er14505 battery pack 3.6V - Ahotech.com\" \/>\n<meta property=\"og:description\" content=\"Product Model: er14505-6P Rated voltage (V) : 3.6 Nominal capacity (mAh) : 15600 Maximum continuous discharge current (mA):50 Operating temperature (\u2103) : -40~+85 Annual self-discharge rate: &lt; 2%\" \/>\n<meta property=\"og:url\" content=\"https:\/\/www.ahotech.com\/et\/toode\/er14505-akupakk-3-6v\/\" \/>\n<meta property=\"og:site_name\" content=\"Ahotech.com\" \/>\n<meta property=\"article:modified_time\" content=\"2022-04-01T05:26:57+00:00\" \/>\n<meta property=\"og:image\" content=\"https:\/\/www.ahotech.com\/wp-content\/uploads\/2022\/03\/er14505-battery-3.6v.jpg\" \/>\n\t<meta property=\"og:image:width\" content=\"800\" \/>\n\t<meta property=\"og:image:height\" content=\"800\" \/>\n\t<meta property=\"og:image:type\" content=\"image\/jpeg\" \/>\n<meta name=\"twitter:card\" content=\"summary_large_image\" \/>\n<meta name=\"twitter:label1\" content=\"Est. reading time\" \/>\n\t<meta name=\"twitter:data1\" content=\"2 minutit\" \/>\n<script type=\"application\/ld+json\" class=\"yoast-schema-graph\">{\"@context\":\"https:\\\/\\\/schema.org\",\"@graph\":[{\"@type\":\"WebPage\",\"@id\":\"https:\\\/\\\/www.ahotech.com\\\/ru\\\/product\\\/er14505-battery-pack-3-6v\\\/\",\"url\":\"https:\\\/\\\/www.ahotech.com\\\/ru\\\/product\\\/er14505-battery-pack-3-6v\\\/\",\"name\":\"er14505 battery pack 3.6V - Ahotech.com\",\"isPartOf\":{\"@id\":\"https:\\\/\\\/www.ahotech.com\\\/es\\\/#website\"},\"primaryImageOfPage\":{\"@id\":\"https:\\\/\\\/www.ahotech.com\\\/ru\\\/product\\\/er14505-battery-pack-3-6v\\\/#primaryimage\"},\"image\":{\"@id\":\"https:\\\/\\\/www.ahotech.com\\\/ru\\\/product\\\/er14505-battery-pack-3-6v\\\/#primaryimage\"},\"thumbnailUrl\":\"https:\\\/\\\/www.ahotech.com\\\/wp-content\\\/uploads\\\/2022\\\/03\\\/er14505-battery-3.6v.jpg\",\"datePublished\":\"2022-03-14T07:34:25+00:00\",\"dateModified\":\"2022-04-01T05:26:57+00:00\",\"breadcrumb\":{\"@id\":\"https:\\\/\\\/www.ahotech.com\\\/ru\\\/product\\\/er14505-battery-pack-3-6v\\\/#breadcrumb\"},\"inLanguage\":\"et\",\"potentialAction\":[{\"@type\":\"ReadAction\",\"target\":[\"https:\\\/\\\/www.ahotech.com\\\/ru\\\/product\\\/er14505-battery-pack-3-6v\\\/\"]}]},{\"@type\":\"ImageObject\",\"inLanguage\":\"et\",\"@id\":\"https:\\\/\\\/www.ahotech.com\\\/ru\\\/product\\\/er14505-battery-pack-3-6v\\\/#primaryimage\",\"url\":\"https:\\\/\\\/www.ahotech.com\\\/wp-content\\\/uploads\\\/2022\\\/03\\\/er14505-battery-3.6v.jpg\",\"contentUrl\":\"https:\\\/\\\/www.ahotech.com\\\/wp-content\\\/uploads\\\/2022\\\/03\\\/er14505-battery-3.6v.jpg\",\"width\":800,\"height\":800,\"caption\":\"er14505 battery 3.6v\"},{\"@type\":\"BreadcrumbList\",\"@id\":\"https:\\\/\\\/www.ahotech.com\\\/ru\\\/product\\\/er14505-battery-pack-3-6v\\\/#breadcrumb\",\"itemListElement\":[{\"@type\":\"ListItem\",\"position\":1,\"name\":\"Home\",\"item\":\"https:\\\/\\\/de.ahotech.com\\\/\"},{\"@type\":\"ListItem\",\"position\":2,\"name\":\"Store\",\"item\":\"https:\\\/\\\/de.ahotech.com\\\/speichern\\\/\"},{\"@type\":\"ListItem\",\"position\":3,\"name\":\"er14505 battery pack 3.6V\"}]},{\"@type\":\"WebSite\",\"@id\":\"https:\\\/\\\/www.ahotech.com\\\/es\\\/#website\",\"url\":\"https:\\\/\\\/www.ahotech.com\\\/es\\\/\",\"name\":\"Ahotech.com\",\"description\":\"lithium battery manufacturers\",\"publisher\":{\"@id\":\"https:\\\/\\\/www.ahotech.com\\\/es\\\/#organization\"},\"potentialAction\":[{\"@type\":\"SearchAction\",\"target\":{\"@type\":\"EntryPoint\",\"urlTemplate\":\"https:\\\/\\\/www.ahotech.com\\\/es\\\/?s={search_term_string}\"},\"query-input\":{\"@type\":\"PropertyValueSpecification\",\"valueRequired\":true,\"valueName\":\"search_term_string\"}}],\"inLanguage\":\"et\"},{\"@type\":\"Organization\",\"@id\":\"https:\\\/\\\/www.ahotech.com\\\/es\\\/#organization\",\"name\":\"Ahotech.com\",\"url\":\"https:\\\/\\\/www.ahotech.com\\\/es\\\/\",\"logo\":{\"@type\":\"ImageObject\",\"inLanguage\":\"et\",\"@id\":\"https:\\\/\\\/www.ahotech.com\\\/es\\\/#\\\/schema\\\/logo\\\/image\\\/\",\"url\":\"https:\\\/\\\/www.ahotech.com\\\/wp-content\\\/uploads\\\/2021\\\/10\\\/battery-site-logo.jpg\",\"contentUrl\":\"https:\\\/\\\/www.ahotech.com\\\/wp-content\\\/uploads\\\/2021\\\/10\\\/battery-site-logo.jpg\",\"width\":1297,\"height\":465,\"caption\":\"Ahotech.com\"},\"image\":{\"@id\":\"https:\\\/\\\/www.ahotech.com\\\/es\\\/#\\\/schema\\\/logo\\\/image\\\/\"}}]}<\/script>\n<!-- \/ Yoast SEO plugin. -->","yoast_head_json":{"title":"er14505 akupakk 3,6 V - Ahotech.com","robots":{"index":"index","follow":"follow","max-snippet":"max-snippet:-1","max-image-preview":"max-image-preview:large","max-video-preview":"max-video-preview:-1"},"canonical":"https:\/\/www.ahotech.com\/et\/toode\/er14505-akupakk-3-6v\/","og_locale":"et_EE","og_type":"article","og_title":"er14505 battery pack 3.6V - Ahotech.com","og_description":"Product Model: er14505-6P Rated voltage (V) : 3.6 Nominal capacity (mAh) : 15600 Maximum continuous discharge current (mA):50 Operating temperature (\u2103) : -40~+85 Annual self-discharge rate: &lt; 2%","og_url":"https:\/\/www.ahotech.com\/et\/toode\/er14505-akupakk-3-6v\/","og_site_name":"Ahotech.com","article_modified_time":"2022-04-01T05:26:57+00:00","og_image":[{"width":800,"height":800,"url":"https:\/\/www.ahotech.com\/wp-content\/uploads\/2022\/03\/er14505-battery-3.6v.jpg","type":"image\/jpeg"}],"twitter_card":"summary_large_image","twitter_misc":{"Est. reading time":"2 minutit"},"schema":{"@context":"https:\/\/schema.org","@graph":[{"@type":"WebPage","@id":"https:\/\/www.ahotech.com\/ru\/product\/er14505-battery-pack-3-6v\/","url":"https:\/\/www.ahotech.com\/ru\/product\/er14505-battery-pack-3-6v\/","name":"er14505 akupakk 3,6 V - Ahotech.com","isPartOf":{"@id":"https:\/\/www.ahotech.com\/es\/#website"},"primaryImageOfPage":{"@id":"https:\/\/www.ahotech.com\/ru\/product\/er14505-battery-pack-3-6v\/#primaryimage"},"image":{"@id":"https:\/\/www.ahotech.com\/ru\/product\/er14505-battery-pack-3-6v\/#primaryimage"},"thumbnailUrl":"https:\/\/www.ahotech.com\/wp-content\/uploads\/2022\/03\/er14505-battery-3.6v.jpg","datePublished":"2022-03-14T07:34:25+00:00","dateModified":"2022-04-01T05:26:57+00:00","breadcrumb":{"@id":"https:\/\/www.ahotech.com\/ru\/product\/er14505-battery-pack-3-6v\/#breadcrumb"},"inLanguage":"et","potentialAction":[{"@type":"ReadAction","target":["https:\/\/www.ahotech.com\/ru\/product\/er14505-battery-pack-3-6v\/"]}]},{"@type":"ImageObject","inLanguage":"et","@id":"https:\/\/www.ahotech.com\/ru\/product\/er14505-battery-pack-3-6v\/#primaryimage","url":"https:\/\/www.ahotech.com\/wp-content\/uploads\/2022\/03\/er14505-battery-3.6v.jpg","contentUrl":"https:\/\/www.ahotech.com\/wp-content\/uploads\/2022\/03\/er14505-battery-3.6v.jpg","width":800,"height":800,"caption":"er14505 battery 3.6v"},{"@type":"BreadcrumbList","@id":"https:\/\/www.ahotech.com\/ru\/product\/er14505-battery-pack-3-6v\/#breadcrumb","itemListElement":[{"@type":"ListItem","position":1,"name":"Home","item":"https:\/\/de.ahotech.com\/"},{"@type":"ListItem","position":2,"name":"Store","item":"https:\/\/de.ahotech.com\/speichern\/"},{"@type":"ListItem","position":3,"name":"er14505 battery pack 3.6V"}]},{"@type":"WebSite","@id":"https:\/\/www.ahotech.com\/es\/#website","url":"https:\/\/www.ahotech.com\/es\/","name":"Ahotech.com","description":"liitiumakude tootjad","publisher":{"@id":"https:\/\/www.ahotech.com\/es\/#organization"},"potentialAction":[{"@type":"SearchAction","target":{"@type":"EntryPoint","urlTemplate":"https:\/\/www.ahotech.com\/es\/?s={search_term_string}"},"query-input":{"@type":"PropertyValueSpecification","valueRequired":true,"valueName":"search_term_string"}}],"inLanguage":"et"},{"@type":"Organization","@id":"https:\/\/www.ahotech.com\/es\/#organization","name":"Ahotech.com","url":"https:\/\/www.ahotech.com\/es\/","logo":{"@type":"ImageObject","inLanguage":"et","@id":"https:\/\/www.ahotech.com\/es\/#\/schema\/logo\/image\/","url":"https:\/\/www.ahotech.com\/wp-content\/uploads\/2021\/10\/battery-site-logo.jpg","contentUrl":"https:\/\/www.ahotech.com\/wp-content\/uploads\/2021\/10\/battery-site-logo.jpg","width":1297,"height":465,"caption":"Ahotech.com"},"image":{"@id":"https:\/\/www.ahotech.com\/es\/#\/schema\/logo\/image\/"}}]}},"_links":{"self":[{"href":"https:\/\/www.ahotech.com\/et\/wp-json\/wp\/v2\/product\/4517","targetHints":{"allow":["GET"]}}],"collection":[{"href":"https:\/\/www.ahotech.com\/et\/wp-json\/wp\/v2\/product"}],"about":[{"href":"https:\/\/www.ahotech.com\/et\/wp-json\/wp\/v2\/types\/product"}],"version-history":[{"count":3,"href":"https:\/\/www.ahotech.com\/et\/wp-json\/wp\/v2\/product\/4517\/revisions"}],"predecessor-version":[{"id":4674,"href":"https:\/\/www.ahotech.com\/et\/wp-json\/wp\/v2\/product\/4517\/revisions\/4674"}],"wp:featuredmedia":[{"embeddable":true,"href":"https:\/\/www.ahotech.com\/et\/wp-json\/wp\/v2\/media\/4519"}],"wp:attachment":[{"href":"https:\/\/www.ahotech.com\/et\/wp-json\/wp\/v2\/media?parent=4517"}],"wp:term":[{"taxonomy":"product_brand","embeddable":true,"href":"https:\/\/www.ahotech.com\/et\/wp-json\/wp\/v2\/product_brand?post=4517"},{"taxonomy":"product_cat","embeddable":true,"href":"https:\/\/www.ahotech.com\/et\/wp-json\/wp\/v2\/product_cat?post=4517"},{"taxonomy":"product_tag","embeddable":true,"href":"https:\/\/www.ahotech.com\/et\/wp-json\/wp\/v2\/product_tag?post=4517"}],"curies":[{"name":"t\u00f6\u00f6leht","href":"https:\/\/api.w.org\/{rel}","templated":true}]}}