{"id":4468,"date":"2022-03-08T05:56:59","date_gmt":"2022-03-08T05:56:59","guid":{"rendered":"https:\/\/www.ahotech.com\/?post_type=product&#038;p=4468"},"modified":"2022-03-09T01:13:42","modified_gmt":"2022-03-09T01:13:42","slug":"kohandatud-liitiumakude-tootjad","status":"publish","type":"product","link":"https:\/\/www.ahotech.com\/et\/product\/custom-lithium-battery-manufacturers\/","title":{"rendered":"kohandatud liitiumakude tootjad"},"content":{"rendered":"<p data-section=\"0\"><span class=\"tgt\" data-section=\"0\" data-sentence=\"0\" data-group=\"0-0\">Longsing Technologies asutati aastal 2000 ja on p\u00fchendunud akutehnoloogia uurimisele, arendamisele ja rakendamisele. Meie oleme kohandatud liitiumakude tootjad.<\/span><\/p>\n<p data-section=\"0\"><span class=\"tgt\" data-section=\"0\" data-sentence=\"1\" data-group=\"0-1\">Pideva arendustegevuse kaudu on ettev\u00f5ttel primaarpatareide (liitiumsulfur\u00fc\u00fclkloriid) ja sekundaarpatareide (liitiumioonakude) uurimis- ja arendustegevus ning tootmisv\u00f5imsus.<\/span><span class=\"tgt\" data-section=\"0\" data-sentence=\"2\" data-group=\"0-2\"> Viimastel aastatel on ettev\u00f5te Hongkongi emaettev\u00f5ttele toetudes ja aktiivselt koost\u00f6\u00f6d tehes rahvusvaheliste teadusasutustega edukalt v\u00e4lja t\u00f6\u00f6tanud laia temperatuuriga asjade Interneti aku (koosneb liitiumtion\u00fc\u00fclkloriidi akust paralleelselt komposiit-impulsskondensaatoriga), mis suudab stabiilselt t\u00f6\u00f6tada temperatuurivahemikus -40 \u2103 kuni + 85 \u2103, murdes l\u00e4bi liitiumkloriidioonpudeli tehnilise aku.<\/span><span class=\"tgt\" data-section=\"0\" data-sentence=\"3\" data-group=\"0-3\"> Ja taotles enam kui 30 leiutise patenti.<\/span><span class=\"tgt\" data-section=\"0\" data-sentence=\"4\" data-group=\"0-4\"> J\u00e4tkame innovatsiooni ja uute toodete v\u00e4ljat\u00f6\u00f6tamist, et vastata asjade Interneti tehnoloogia tulevase arengu vajadustele.<\/span><span class=\"tgt\" data-section=\"0\" data-sentence=\"5\" data-group=\"0-5\"> N\u00e4iteks intelligentne transport, konteinerite intelligentne s\u00fcsteem, GPS-positsioneerimiss\u00fcsteem, merep\u00f5hja positsioneerimine, logistika ja transpordis\u00fcsteem.<\/span><span class=\"tgt\" data-section=\"0\" data-sentence=\"6\" data-group=\"0-6\"> Samal ajal rajasime ka oma PACKi tehase, mis saab akupakke kohandada.<\/span><\/p>\n<p class=\"tgt\" data-section=\"0\"><span class=\"tgt\" data-section=\"0\" data-sentence=\"0\" data-group=\"0-0\">Enne aku kohandamist vaatame asjade interneti aku t\u00f6\u00f6p\u00f5him\u00f5tet:<\/span><\/p>\n<p class=\"tgt\" data-section=\"1\"><span class=\"tgt\" data-section=\"1\" data-sentence=\"0\" data-group=\"1-0\">Liitiumaku on liitiumaku, mille energiatihedus on l\u00e4hedane s\u00fcsivesinikule, mis on akutehnoloogia tulevikusuund.<\/span><\/p>\n<p class=\"tgt\" data-section=\"2\"><span class=\"tgt\" data-section=\"2\" data-sentence=\"0\" data-group=\"2-0\">N\u00fc\u00fcd saab liitiumaku suurimaks puuduseks olla ainult v\u00e4ike voolu t\u00fchjenemine, n\u00e4iteks ER34615 v\u00f5ib olla ainult 2 mA, p\u00fcsiva temperatuuri ja niiskuse tingimustes toatemperatuuril, et saavutada teoreetiline v\u00f5imsus 19Ah, vool, temperatuurimuutus m\u00f5jutab j\u00f5udlust tohutult, nii et v\u00e4ikese voolu seadmete \u00fcldine kasutamine.<\/span><\/p>\n<p data-section=\"2\">Liitiumioonakude mahutavuse t\u00e4ielikuks \u00e4rakasutamiseks t\u00f6\u00f6tas Lonson Technology v\u00e4lja HPC. Liitiumioonakude j\u00f5udluse maksimeerimiseks on IOT akupakkidel pika eluea eelis.<\/p>\n<p data-section=\"2\"><span class=\"tgt\" data-section=\"0\" data-sentence=\"0\" data-group=\"0-0\"><a href=\"https:\/\/www.ahotech.com\/et\/toode\/omnicel-er34615-aku-er34615-liitiumaku\/\">ER34615<\/a> ja <a href=\"https:\/\/www.ahotech.com\/et\/toode\/hybrid-capacitor-battery-1550\/\">HPC1550<\/a> paralleelselt on kahe pinge alati sama, v\u00e4lise toiteallikaga, HPC1550 kannab suurema osa voolu v\u00e4ljundist;<\/span><span class=\"tgt\" data-section=\"0\" data-sentence=\"1\" data-group=\"0-1\"> Staatilisel t\u00f6\u00f6tamisel on ER34615 avatud vooluahela pingel instinkt t\u00f5usta ja see tekitab kondensaatoriga koheselt pingeerinevuse, moodustades laengu, kuid see on vaid tasakaalupunkti hetk.<\/span><span class=\"tgt\" data-section=\"0\" data-sentence=\"2\" data-group=\"0-2\"> Nii t\u00f5mbab ER korduvalt kogu akupaki pinget \u00fcles, kuni pinge j\u00f5uab 3,66V-ni ja seda ei saa enam t\u00f5mmata ja tasakaalustada.<\/span><span class=\"tgt\" data-section=\"0\" data-sentence=\"3\" data-group=\"0-3\"> Enne j\u00e4rgmise impulsi saabumist loputab ER34615 HPC1550 sobiva pingeni, kuna HPC t\u00fchjendusv\u00f5imsus vastab pingele.<\/span><span class=\"tgt\" data-section=\"0\" data-sentence=\"4\" data-group=\"0-4\"> Seda ts\u00fcklit korratakse seni, kuni ER-aku maht on ammendatud, tagades, et akupatarei pikk kasutusiga ja t\u00fchjenemisv\u00f5ime j\u00e4\u00e4vad hinnangulistesse vahemikesse.<\/span><\/p>\n<p class=\"tgt\" data-section=\"0\"><span class=\"tgt\" data-section=\"0\" data-sentence=\"0\" data-group=\"0-0\">Toimivusomadused:<\/span><\/p>\n<p class=\"tgt\" data-section=\"1\"><span class=\"tgt\" data-section=\"1\" data-sentence=\"0\" data-group=\"1-0\">k\u00f5rge impulssvoolu v\u00f5ime;<\/span><\/p>\n<p class=\"tgt\" data-section=\"2\"><span class=\"tgt\" data-section=\"2\" data-sentence=\"0\" data-group=\"2-0\">Kiire pingereaktsioon (pinge viivitus puudub);<\/span><\/p>\n<p class=\"tgt\" data-section=\"3\"><span class=\"tgt\" data-section=\"3\" data-sentence=\"0\" data-group=\"3-0\">K\u00f5rge t\u00f6\u00f6kindlus (laserkeevitus, klaas-metalli tihend, kohaneda m\u00e4rja keskkonnaga, v\u00e4ltida lekkeid);<\/span><\/p>\n<p class=\"tgt\" data-section=\"4\"><span class=\"tgt\" data-section=\"4\" data-sentence=\"0\" data-group=\"4-0\">Suurep\u00e4rane s\u00e4ilivus (10 aastat);<\/span><\/p>\n<p class=\"tgt\" data-section=\"5\"><span class=\"tgt\" data-section=\"5\" data-sentence=\"0\" data-group=\"5-0\">Pikaealisuse aku, aku otsa j\u00f5udlus on garanteeritud;<\/span><\/p>\n<p class=\"tgt\" data-section=\"6\"><span class=\"tgt\" data-section=\"6\" data-sentence=\"0\" data-group=\"6-0\">\u00dclipikk eluts\u00fckkel: 5000 100%DOD ts\u00fcklit;<\/span><\/p>\n<p class=\"tgt\" data-section=\"7\"><span class=\"tgt\" data-section=\"7\" data-sentence=\"0\" data-group=\"7-0\">\u00c4\u00e4rmiselt madal temperatuur v\u00f5ib olla normaalse koormuse toiteallikas;<\/span><\/p>\n<p class=\"tgt\" data-section=\"8\"><span class=\"tgt\" data-section=\"8\" data-sentence=\"0\" data-group=\"8-0\">Ohutu ja usaldusv\u00e4\u00e4rne, kondensaatori plahvatuskindel l\u00e4bi Ameerika \u00dchendriikide ja Euroopa Liidu ohutussertifikaadi, ohutuskaitse osas: K\u00d5IK HPC seeriad l\u00e4bivad UL1642, K\u00d5IK HPC seeriad l\u00e4bivad IEC62133 sertifikaadi;<\/span><span class=\"tgt\" data-section=\"8\" data-sentence=\"1\" data-group=\"8-1\"> Keskkonnakaitse m\u00f5ttes: kogu HPC seeria on l\u00e4binud k\u00fcmme ROHS testi;<\/span><span class=\"tgt\" data-section=\"8\" data-sentence=\"2\" data-group=\"8-2\"> Transpordi osas: K\u00d5IK HPC seeriad on saanud UN38.3 ohutustranspordi sertifikaadi;<\/span><\/p>\n<p class=\"tgt\" data-section=\"9\"><span class=\"tgt\" data-section=\"9\" data-sentence=\"0\" data-group=\"9-0\">S\u00f5jat\u00f6\u00f6stuse monteerimisprotsess: liitiumaku spetsiaalne disain vastab mahtuvuse omadustele, lang-liitrite tootmine rangelt koosk\u00f5las s\u00f5jatehnoloogiaga, enne montaa\u017ei peab valima pinge, liitiumakude sisetakistuse, kontrollima aku konsistentsi ja stabiilsust, v\u00e4ltima aku kasutamist \u00fche monomeerpatarei oleku kasutamisel ja kaasama \u00f5nnetuste ohu.<\/span><span class=\"tgt\" data-section=\"9\" data-sentence=\"1\" data-group=\"9-1\"> Lansen kontrollib enne saatmist rangelt iga akur\u00fchma kvaliteeti, n\u00e4iteks: koormuspinge, avatud vooluahela pinge, aku sisetakistus ja muud kvaliteedikontrolli seeriad;<\/span><\/p>\n<p data-section=\"9\">Tere tulemast teie k\u00f5nele, me <span class=\"tgt\" data-section=\"0\" data-sentence=\"0\" data-group=\"0-0\">Kohandatud liitiumakude tootjad.<\/span><\/p>","protected":false},"excerpt":{"rendered":"<p class=\"tgt\" data-section=\"0\"><span class=\"tgt\" data-section=\"0\" data-sentence=\"0\" data-group=\"0-0\">Mudel: ER34615-6p\/HPC1550<\/span><\/p>\n<p class=\"tgt\" data-section=\"1\"><span class=\"tgt\" data-section=\"1\" data-sentence=\"0\" data-group=\"1-0\">Pinge: 3,6 V<\/span><\/p>\n<p class=\"tgt\" data-section=\"2\"><span class=\"tgt\" data-section=\"2\" data-sentence=\"0\" data-group=\"2-0\">Mahutavus: 114 ah<\/span><\/p>\n<p class=\"tgt\" data-section=\"3\"><span class=\"tgt\" data-section=\"3\" data-sentence=\"0\" data-group=\"3-0\">Maksimaalne impulssvool: 5A (toatemperatuuril)<\/span><\/p>\n<p class=\"tgt\" data-section=\"4\"><span class=\"tgt\" data-section=\"4\" data-sentence=\"0\" data-group=\"4-0\">T\u00f6\u00f6temperatuuri vahemik: -40\u2103 ~ +85\u2103<\/span><\/p>\n<p class=\"tgt\" data-section=\"5\"><span class=\"tgt\" data-section=\"5\" data-sentence=\"0\" data-group=\"5-0\">Aasta keskmine v\u00f5imsuse languse m\u00e4\u00e4r: \u22641%<\/span><\/p>","protected":false},"featured_media":4470,"template":"","meta":{"_acf_changed":false,"site-sidebar-layout":"default","site-content-layout":"default","ast-site-content-layout":"","site-content-style":"default","site-sidebar-style":"default","ast-global-header-display":"","ast-banner-title-visibility":"","ast-main-header-display":"","ast-hfb-above-header-display":"","ast-hfb-below-header-display":"","ast-hfb-mobile-header-display":"","site-post-title":"","ast-breadcrumbs-content":"","ast-featured-img":"","footer-sml-layout":"","theme-transparent-header-meta":"default","adv-header-id-meta":"","stick-header-meta":"","header-above-stick-meta":"","header-main-stick-meta":"","header-below-stick-meta":"","astra-migrate-meta-layouts":"default","ast-page-background-enabled":"default","ast-page-background-meta":{"desktop":{"background-color":"","background-image":"","background-repeat":"repeat","background-position":"center center","background-size":"auto","background-attachment":"scroll","background-type":"","background-media":"","overlay-type":"","overlay-color":"","overlay-opacity":"","overlay-gradient":""},"tablet":{"background-color":"","background-image":"","background-repeat":"repeat","background-position":"center center","background-size":"auto","background-attachment":"scroll","background-type":"","background-media":"","overlay-type":"","overlay-color":"","overlay-opacity":"","overlay-gradient":""},"mobile":{"background-color":"","background-image":"","background-repeat":"repeat","background-position":"center center","background-size":"auto","background-attachment":"scroll","background-type":"","background-media":"","overlay-type":"","overlay-color":"","overlay-opacity":"","overlay-gradient":""}},"ast-content-background-meta":{"desktop":{"background-color":"var(--ast-global-color-5)","background-image":"","background-repeat":"repeat","background-position":"center center","background-size":"auto","background-attachment":"scroll","background-type":"","background-media":"","overlay-type":"","overlay-color":"","overlay-opacity":"","overlay-gradient":""},"tablet":{"background-color":"var(--ast-global-color-5)","background-image":"","background-repeat":"repeat","background-position":"center center","background-size":"auto","background-attachment":"scroll","background-type":"","background-media":"","overlay-type":"","overlay-color":"","overlay-opacity":"","overlay-gradient":""},"mobile":{"background-color":"var(--ast-global-color-5)","background-image":"","background-repeat":"repeat","background-position":"center center","background-size":"auto","background-attachment":"scroll","background-type":"","background-media":"","overlay-type":"","overlay-color":"","overlay-opacity":"","overlay-gradient":""}}},"product_brand":[],"product_cat":[39],"product_tag":[],"class_list":{"0":"post-4468","1":"product","2":"type-product","3":"status-publish","4":"has-post-thumbnail","6":"product_cat-custom-iot-battery-pack","7":"desktop-align-left","8":"tablet-align-left","9":"mobile-align-left","11":"first","12":"instock","13":"shipping-taxable","14":"product-type-simple"},"acf":[],"yoast_head":"<!-- This site is optimized with the Yoast SEO plugin v27.3 - https:\/\/yoast.com\/product\/yoast-seo-wordpress\/ -->\n<title>custom lithium battery manufacturers - Ahotech.com<\/title>\n<meta name=\"robots\" content=\"index, follow, max-snippet:-1, max-image-preview:large, max-video-preview:-1\" \/>\n<link rel=\"canonical\" href=\"https:\/\/www.ahotech.com\/et\/toode\/kohandatud-liitiumakude-tootjad\/\" \/>\n<meta property=\"og:locale\" content=\"et_EE\" \/>\n<meta property=\"og:type\" content=\"article\" \/>\n<meta property=\"og:title\" content=\"custom lithium battery manufacturers - Ahotech.com\" \/>\n<meta property=\"og:description\" content=\"Model: ER34615-6p\/HPC1550 Voltage: 3.6 V Capacity: 114 ah Maximum pulse current: 5A (at room temperature) Operating temperature range: -40\u2103 ~ +85\u2103 Annual average capacity drop rate: \u22641%\" \/>\n<meta property=\"og:url\" content=\"https:\/\/www.ahotech.com\/et\/toode\/kohandatud-liitiumakude-tootjad\/\" \/>\n<meta property=\"og:site_name\" content=\"Ahotech.com\" \/>\n<meta property=\"article:modified_time\" content=\"2022-03-09T01:13:42+00:00\" \/>\n<meta property=\"og:image\" content=\"https:\/\/www.ahotech.com\/wp-content\/uploads\/2022\/03\/custom-li-ion-battery-pack.jpg\" \/>\n\t<meta property=\"og:image:width\" content=\"800\" \/>\n\t<meta property=\"og:image:height\" content=\"800\" \/>\n\t<meta property=\"og:image:type\" content=\"image\/jpeg\" \/>\n<meta name=\"twitter:card\" content=\"summary_large_image\" \/>\n<meta name=\"twitter:label1\" content=\"Est. reading time\" \/>\n\t<meta name=\"twitter:data1\" content=\"3 minutit\" \/>\n<script type=\"application\/ld+json\" class=\"yoast-schema-graph\">{\"@context\":\"https:\\\/\\\/schema.org\",\"@graph\":[{\"@type\":\"WebPage\",\"@id\":\"https:\\\/\\\/www.ahotech.com\\\/et\\\/product\\\/custom-lithium-battery-manufacturers\\\/\",\"url\":\"https:\\\/\\\/www.ahotech.com\\\/et\\\/product\\\/custom-lithium-battery-manufacturers\\\/\",\"name\":\"custom lithium battery manufacturers - Ahotech.com\",\"isPartOf\":{\"@id\":\"https:\\\/\\\/de.ahotech.com\\\/#website\"},\"primaryImageOfPage\":{\"@id\":\"https:\\\/\\\/www.ahotech.com\\\/et\\\/product\\\/custom-lithium-battery-manufacturers\\\/#primaryimage\"},\"image\":{\"@id\":\"https:\\\/\\\/www.ahotech.com\\\/et\\\/product\\\/custom-lithium-battery-manufacturers\\\/#primaryimage\"},\"thumbnailUrl\":\"https:\\\/\\\/www.ahotech.com\\\/wp-content\\\/uploads\\\/2022\\\/03\\\/custom-li-ion-battery-pack.jpg\",\"datePublished\":\"2022-03-08T05:56:59+00:00\",\"dateModified\":\"2022-03-09T01:13:42+00:00\",\"breadcrumb\":{\"@id\":\"https:\\\/\\\/www.ahotech.com\\\/et\\\/product\\\/custom-lithium-battery-manufacturers\\\/#breadcrumb\"},\"inLanguage\":\"et\",\"potentialAction\":[{\"@type\":\"ReadAction\",\"target\":[\"https:\\\/\\\/www.ahotech.com\\\/et\\\/product\\\/custom-lithium-battery-manufacturers\\\/\"]}]},{\"@type\":\"ImageObject\",\"inLanguage\":\"et\",\"@id\":\"https:\\\/\\\/www.ahotech.com\\\/et\\\/product\\\/custom-lithium-battery-manufacturers\\\/#primaryimage\",\"url\":\"https:\\\/\\\/www.ahotech.com\\\/wp-content\\\/uploads\\\/2022\\\/03\\\/custom-li-ion-battery-pack.jpg\",\"contentUrl\":\"https:\\\/\\\/www.ahotech.com\\\/wp-content\\\/uploads\\\/2022\\\/03\\\/custom-li-ion-battery-pack.jpg\",\"width\":800,\"height\":800,\"caption\":\"custom li ion battery pack\"},{\"@type\":\"BreadcrumbList\",\"@id\":\"https:\\\/\\\/www.ahotech.com\\\/et\\\/product\\\/custom-lithium-battery-manufacturers\\\/#breadcrumb\",\"itemListElement\":[{\"@type\":\"ListItem\",\"position\":1,\"name\":\"Home\",\"item\":\"https:\\\/\\\/de.ahotech.com\\\/\"},{\"@type\":\"ListItem\",\"position\":2,\"name\":\"Store\",\"item\":\"https:\\\/\\\/www.ahotech.com\\\/es\\\/store\\\/\"},{\"@type\":\"ListItem\",\"position\":3,\"name\":\"custom lithium battery manufacturers\"}]},{\"@type\":\"WebSite\",\"@id\":\"https:\\\/\\\/de.ahotech.com\\\/#website\",\"url\":\"https:\\\/\\\/de.ahotech.com\\\/\",\"name\":\"Ahotech.com\",\"description\":\"lithium battery manufacturers\",\"publisher\":{\"@id\":\"https:\\\/\\\/de.ahotech.com\\\/#organization\"},\"potentialAction\":[{\"@type\":\"SearchAction\",\"target\":{\"@type\":\"EntryPoint\",\"urlTemplate\":\"https:\\\/\\\/de.ahotech.com\\\/?s={search_term_string}\"},\"query-input\":{\"@type\":\"PropertyValueSpecification\",\"valueRequired\":true,\"valueName\":\"search_term_string\"}}],\"inLanguage\":\"et\"},{\"@type\":\"Organization\",\"@id\":\"https:\\\/\\\/de.ahotech.com\\\/#organization\",\"name\":\"Ahotech.com\",\"url\":\"https:\\\/\\\/de.ahotech.com\\\/\",\"logo\":{\"@type\":\"ImageObject\",\"inLanguage\":\"et\",\"@id\":\"https:\\\/\\\/de.ahotech.com\\\/#\\\/schema\\\/logo\\\/image\\\/\",\"url\":\"https:\\\/\\\/www.ahotech.com\\\/wp-content\\\/uploads\\\/2021\\\/10\\\/battery-site-logo.jpg\",\"contentUrl\":\"https:\\\/\\\/www.ahotech.com\\\/wp-content\\\/uploads\\\/2021\\\/10\\\/battery-site-logo.jpg\",\"width\":1297,\"height\":465,\"caption\":\"Ahotech.com\"},\"image\":{\"@id\":\"https:\\\/\\\/de.ahotech.com\\\/#\\\/schema\\\/logo\\\/image\\\/\"}}]}<\/script>\n<!-- \/ Yoast SEO plugin. -->","yoast_head_json":{"title":"Kohandatud liitiumakude tootjad - Ahotech.com","robots":{"index":"index","follow":"follow","max-snippet":"max-snippet:-1","max-image-preview":"max-image-preview:large","max-video-preview":"max-video-preview:-1"},"canonical":"https:\/\/www.ahotech.com\/et\/toode\/kohandatud-liitiumakude-tootjad\/","og_locale":"et_EE","og_type":"article","og_title":"custom lithium battery manufacturers - Ahotech.com","og_description":"Model: ER34615-6p\/HPC1550 Voltage: 3.6 V Capacity: 114 ah Maximum pulse current: 5A (at room temperature) Operating temperature range: -40\u2103 ~ +85\u2103 Annual average capacity drop rate: \u22641%","og_url":"https:\/\/www.ahotech.com\/et\/toode\/kohandatud-liitiumakude-tootjad\/","og_site_name":"Ahotech.com","article_modified_time":"2022-03-09T01:13:42+00:00","og_image":[{"width":800,"height":800,"url":"https:\/\/www.ahotech.com\/wp-content\/uploads\/2022\/03\/custom-li-ion-battery-pack.jpg","type":"image\/jpeg"}],"twitter_card":"summary_large_image","twitter_misc":{"Est. reading time":"3 minutit"},"schema":{"@context":"https:\/\/schema.org","@graph":[{"@type":"WebPage","@id":"https:\/\/www.ahotech.com\/et\/product\/custom-lithium-battery-manufacturers\/","url":"https:\/\/www.ahotech.com\/et\/product\/custom-lithium-battery-manufacturers\/","name":"Kohandatud liitiumakude tootjad - Ahotech.com","isPartOf":{"@id":"https:\/\/de.ahotech.com\/#website"},"primaryImageOfPage":{"@id":"https:\/\/www.ahotech.com\/et\/product\/custom-lithium-battery-manufacturers\/#primaryimage"},"image":{"@id":"https:\/\/www.ahotech.com\/et\/product\/custom-lithium-battery-manufacturers\/#primaryimage"},"thumbnailUrl":"https:\/\/www.ahotech.com\/wp-content\/uploads\/2022\/03\/custom-li-ion-battery-pack.jpg","datePublished":"2022-03-08T05:56:59+00:00","dateModified":"2022-03-09T01:13:42+00:00","breadcrumb":{"@id":"https:\/\/www.ahotech.com\/et\/product\/custom-lithium-battery-manufacturers\/#breadcrumb"},"inLanguage":"et","potentialAction":[{"@type":"ReadAction","target":["https:\/\/www.ahotech.com\/et\/product\/custom-lithium-battery-manufacturers\/"]}]},{"@type":"ImageObject","inLanguage":"et","@id":"https:\/\/www.ahotech.com\/et\/product\/custom-lithium-battery-manufacturers\/#primaryimage","url":"https:\/\/www.ahotech.com\/wp-content\/uploads\/2022\/03\/custom-li-ion-battery-pack.jpg","contentUrl":"https:\/\/www.ahotech.com\/wp-content\/uploads\/2022\/03\/custom-li-ion-battery-pack.jpg","width":800,"height":800,"caption":"custom li ion battery pack"},{"@type":"BreadcrumbList","@id":"https:\/\/www.ahotech.com\/et\/product\/custom-lithium-battery-manufacturers\/#breadcrumb","itemListElement":[{"@type":"ListItem","position":1,"name":"Home","item":"https:\/\/de.ahotech.com\/"},{"@type":"ListItem","position":2,"name":"Store","item":"https:\/\/www.ahotech.com\/es\/store\/"},{"@type":"ListItem","position":3,"name":"custom lithium battery manufacturers"}]},{"@type":"WebSite","@id":"https:\/\/de.ahotech.com\/#website","url":"https:\/\/de.ahotech.com\/","name":"Ahotech.com","description":"liitiumakude tootjad","publisher":{"@id":"https:\/\/de.ahotech.com\/#organization"},"potentialAction":[{"@type":"SearchAction","target":{"@type":"EntryPoint","urlTemplate":"https:\/\/de.ahotech.com\/?s={search_term_string}"},"query-input":{"@type":"PropertyValueSpecification","valueRequired":true,"valueName":"search_term_string"}}],"inLanguage":"et"},{"@type":"Organization","@id":"https:\/\/de.ahotech.com\/#organization","name":"Ahotech.com","url":"https:\/\/de.ahotech.com\/","logo":{"@type":"ImageObject","inLanguage":"et","@id":"https:\/\/de.ahotech.com\/#\/schema\/logo\/image\/","url":"https:\/\/www.ahotech.com\/wp-content\/uploads\/2021\/10\/battery-site-logo.jpg","contentUrl":"https:\/\/www.ahotech.com\/wp-content\/uploads\/2021\/10\/battery-site-logo.jpg","width":1297,"height":465,"caption":"Ahotech.com"},"image":{"@id":"https:\/\/de.ahotech.com\/#\/schema\/logo\/image\/"}}]}},"_links":{"self":[{"href":"https:\/\/www.ahotech.com\/et\/wp-json\/wp\/v2\/product\/4468","targetHints":{"allow":["GET"]}}],"collection":[{"href":"https:\/\/www.ahotech.com\/et\/wp-json\/wp\/v2\/product"}],"about":[{"href":"https:\/\/www.ahotech.com\/et\/wp-json\/wp\/v2\/types\/product"}],"version-history":[{"count":7,"href":"https:\/\/www.ahotech.com\/et\/wp-json\/wp\/v2\/product\/4468\/revisions"}],"predecessor-version":[{"id":4482,"href":"https:\/\/www.ahotech.com\/et\/wp-json\/wp\/v2\/product\/4468\/revisions\/4482"}],"wp:featuredmedia":[{"embeddable":true,"href":"https:\/\/www.ahotech.com\/et\/wp-json\/wp\/v2\/media\/4470"}],"wp:attachment":[{"href":"https:\/\/www.ahotech.com\/et\/wp-json\/wp\/v2\/media?parent=4468"}],"wp:term":[{"taxonomy":"product_brand","embeddable":true,"href":"https:\/\/www.ahotech.com\/et\/wp-json\/wp\/v2\/product_brand?post=4468"},{"taxonomy":"product_cat","embeddable":true,"href":"https:\/\/www.ahotech.com\/et\/wp-json\/wp\/v2\/product_cat?post=4468"},{"taxonomy":"product_tag","embeddable":true,"href":"https:\/\/www.ahotech.com\/et\/wp-json\/wp\/v2\/product_tag?post=4468"}],"curies":[{"name":"t\u00f6\u00f6leht","href":"https:\/\/api.w.org\/{rel}","templated":true}]}}