{"id":4459,"date":"2022-03-07T08:22:00","date_gmt":"2022-03-07T08:22:00","guid":{"rendered":"https:\/\/www.ahotech.com\/?post_type=product&#038;p=4459"},"modified":"2022-04-01T05:47:36","modified_gmt":"2022-04-01T05:47:36","slug":"pikima-tooeaga-aku","status":"publish","type":"product","link":"https:\/\/www.ahotech.com\/et\/product\/longest-lasting-battery\/","title":{"rendered":"pikima t\u00f6\u00f6eaga aku"},"content":{"rendered":"<p class=\"tgt\" data-section=\"0\"><span class=\"tgt\" data-section=\"0\" data-sentence=\"0\" data-group=\"0-0\">Kas otsite k\u00f5ige kauem kestvat akut? Selle kohta saate lugeda IOT aku t\u00f6\u00f6p\u00f5him\u00f5tte kohta:<\/span><\/p>\n<p class=\"tgt\" data-section=\"1\"><span class=\"tgt\" data-section=\"1\" data-sentence=\"0\" data-group=\"1-0\">Liitiumaku on liitiumaku, mille energiatihedus on l\u00e4hedane s\u00fcsivesinikule, mis on akutehnoloogia tulevikusuund.<\/span><\/p>\n<p class=\"tgt\" data-section=\"2\"><span class=\"tgt\" data-section=\"2\" data-sentence=\"0\" data-group=\"2-0\">N\u00fc\u00fcd saab liitiumaku suurimaks puuduseks olla ainult v\u00e4ike voolu t\u00fchjenemine, n\u00e4iteks ER34615 v\u00f5ib olla ainult 2 mA, p\u00fcsiva temperatuuri ja niiskuse tingimustes toatemperatuuril, et saavutada teoreetiline v\u00f5imsus 19Ah, vool, temperatuurimuutus m\u00f5jutab j\u00f5udlust tohutult, nii et v\u00e4ikese voolu seadmete \u00fcldine kasutamine.<\/span><\/p>\n<p data-section=\"2\"><span class=\"tgt\" data-section=\"0\" data-sentence=\"0\" data-group=\"0-0\"><a href=\"https:\/\/www.ahotech.com\/et\/toode\/omnicel-er34615-aku-er34615-liitiumaku\/\">ER34615<\/a> aku ja HPC1550 paralleelselt, kahe pinge on alati sama, v\u00e4line toiteallikas, <a href=\"https:\/\/www.ahotech.com\/et\/toode\/hybrid-capacitor-battery-1550\/\">HPC1550<\/a> kannavad suurema osa voolu v\u00e4ljundist;<\/span><span class=\"tgt\" data-section=\"0\" data-sentence=\"1\" data-group=\"0-1\"> Staatilisel t\u00f6\u00f6tamisel on ER34615 avatud vooluahela pingel instinkt t\u00f5usta ja see tekitab kondensaatoriga koheselt pingeerinevuse, moodustades laengu, kuid see on vaid tasakaalupunkti hetk.<\/span><span class=\"tgt\" data-section=\"0\" data-sentence=\"2\" data-group=\"0-2\"> Nii t\u00f5mbab ER korduvalt kogu akupaki pinget \u00fcles, kuni pinge j\u00f5uab 3,66V-ni ja seda ei saa enam t\u00f5mmata ja tasakaalustada.<\/span><span class=\"tgt\" data-section=\"0\" data-sentence=\"3\" data-group=\"0-3\"> Enne j\u00e4rgmise impulsi saabumist loputab ER34615 HPC1550 sobiva pingeni, kuna HPC t\u00fchjendusv\u00f5imsus vastab pingele.<\/span><span class=\"tgt\" data-section=\"0\" data-sentence=\"4\" data-group=\"0-4\"> Seda ts\u00fcklit korratakse seni, kuni ER-aku maht on ammendatud, tagades, et akupatarei pikk kasutusiga ja t\u00fchjenemisv\u00f5ime j\u00e4\u00e4vad hinnangulistesse vahemikesse.<\/span><\/p>\n<p class=\"tgt\" data-section=\"0\"><span class=\"tgt\" data-section=\"0\" data-sentence=\"0\" data-group=\"0-0\">pika elueaga aku Toimivusomadused:<\/span><\/p>\n<p class=\"tgt\" data-section=\"1\"><span class=\"tgt\" data-section=\"1\" data-sentence=\"0\" data-group=\"1-0\">k\u00f5rge impulssvoolu v\u00f5ime;<\/span><\/p>\n<p class=\"tgt\" data-section=\"2\"><span class=\"tgt\" data-section=\"2\" data-sentence=\"0\" data-group=\"2-0\">Kiire pingereaktsioon (pinge viivitus puudub);<\/span><\/p>\n<p class=\"tgt\" data-section=\"3\"><span class=\"tgt\" data-section=\"3\" data-sentence=\"0\" data-group=\"3-0\">K\u00f5rge t\u00f6\u00f6kindlus (laserkeevitus, klaas-metalli tihend, kohaneda m\u00e4rja keskkonnaga, v\u00e4ltida lekkeid);<\/span><\/p>\n<p class=\"tgt\" data-section=\"4\"><span class=\"tgt\" data-section=\"4\" data-sentence=\"0\" data-group=\"4-0\">Suurep\u00e4rane s\u00e4ilivus (10 aastat);<\/span><\/p>\n<p class=\"tgt\" data-section=\"5\"><span class=\"tgt\" data-section=\"5\" data-sentence=\"0\" data-group=\"5-0\">Pikaealisuse aku, aku otsa j\u00f5udlus on garanteeritud;<\/span><\/p>\n<p class=\"tgt\" data-section=\"6\"><span class=\"tgt\" data-section=\"6\" data-sentence=\"0\" data-group=\"6-0\">\u00dclipikk eluts\u00fckkel: 5000 100%DOD ts\u00fcklit;<\/span><\/p>\n<p class=\"tgt\" data-section=\"7\"><span class=\"tgt\" data-section=\"7\" data-sentence=\"0\" data-group=\"7-0\">\u00c4\u00e4rmiselt madal temperatuur v\u00f5ib olla normaalse koormuse toiteallikas;<\/span><\/p>\n<p class=\"tgt\" data-section=\"8\"><span class=\"tgt\" data-section=\"8\" data-sentence=\"0\" data-group=\"8-0\">pikima t\u00f6\u00f6eaga aku Ohutu ja t\u00f6\u00f6kindel, kondensaatorite plahvatuskindel Ameerika \u00dchendriikide ja Euroopa Liidu kaudu. Ohutuskaitse sertifikaat: K\u00d5IK HPC seeria kuni UL1642, K\u00d5IK HPC seeria IEC62133 sertifikaat;<\/span><span class=\"tgt\" data-section=\"8\" data-sentence=\"1\" data-group=\"8-1\"> Keskkonnakaitse m\u00f5ttes: kogu HPC seeria on l\u00e4binud k\u00fcmme ROHS testi;<\/span><span class=\"tgt\" data-section=\"8\" data-sentence=\"2\" data-group=\"8-2\"> Transpordi osas: K\u00d5IK HPC seeriad on saanud UN38.3 ohutustranspordi sertifikaadi;<\/span><\/p>\n<p class=\"tgt\" data-section=\"9\"><span class=\"tgt\" data-section=\"9\" data-sentence=\"0\" data-group=\"9-0\">S\u00f5jat\u00f6\u00f6stuse monteerimisprotsess: liitiumaku spetsiaalne disain vastab mahtuvuse omadustele, lang-liitrite tootmine rangelt koosk\u00f5las s\u00f5jatehnoloogiaga, enne montaa\u017ei peab valima pinge, liitiumakude sisetakistuse, kontrollima aku konsistentsi ja stabiilsust, v\u00e4ltima aku kasutamist \u00fche monomeerpatarei oleku kasutamisel ja kaasama \u00f5nnetuste ohu.<\/span><span class=\"tgt\" data-section=\"9\" data-sentence=\"1\" data-group=\"9-1\"> Lansen kontrollib enne saatmist rangelt iga akur\u00fchma kvaliteeti, n\u00e4iteks: koormuspinge, avatud vooluahela pinge, aku sisetakistus ja muud kvaliteedikontrolli seeriad;<\/span><\/p>\n<p data-section=\"9\">Tere tulemast teie konsultatsiooni pikima t\u00f6\u00f6eaga aku kohta.<\/p>","protected":false},"excerpt":{"rendered":"<p>Mudel: ER34615-2S16P+HPC1550-2S2P<br \/>\nPinge: 7,2 V<br \/>\nMahutavus: 304 ah<br \/>\nMaksimaalne impulssvool: 10A toatemperatuuril<br \/>\nT\u00f6\u00f6temperatuuri vahemik: -40\u2103 ~ +85\u2103<br \/>\nAasta keskmine v\u00f5imsuse languse m\u00e4\u00e4r: \u22641%<\/p>","protected":false},"featured_media":4461,"template":"","meta":{"_acf_changed":false,"site-sidebar-layout":"default","site-content-layout":"default","ast-site-content-layout":"","site-content-style":"default","site-sidebar-style":"default","ast-global-header-display":"","ast-banner-title-visibility":"","ast-main-header-display":"","ast-hfb-above-header-display":"","ast-hfb-below-header-display":"","ast-hfb-mobile-header-display":"","site-post-title":"","ast-breadcrumbs-content":"","ast-featured-img":"","footer-sml-layout":"","theme-transparent-header-meta":"default","adv-header-id-meta":"","stick-header-meta":"","header-above-stick-meta":"","header-main-stick-meta":"","header-below-stick-meta":"","astra-migrate-meta-layouts":"default","ast-page-background-enabled":"default","ast-page-background-meta":{"desktop":{"background-color":"","background-image":"","background-repeat":"repeat","background-position":"center center","background-size":"auto","background-attachment":"scroll","background-type":"","background-media":"","overlay-type":"","overlay-color":"","overlay-opacity":"","overlay-gradient":""},"tablet":{"background-color":"","background-image":"","background-repeat":"repeat","background-position":"center center","background-size":"auto","background-attachment":"scroll","background-type":"","background-media":"","overlay-type":"","overlay-color":"","overlay-opacity":"","overlay-gradient":""},"mobile":{"background-color":"","background-image":"","background-repeat":"repeat","background-position":"center center","background-size":"auto","background-attachment":"scroll","background-type":"","background-media":"","overlay-type":"","overlay-color":"","overlay-opacity":"","overlay-gradient":""}},"ast-content-background-meta":{"desktop":{"background-color":"var(--ast-global-color-5)","background-image":"","background-repeat":"repeat","background-position":"center center","background-size":"auto","background-attachment":"scroll","background-type":"","background-media":"","overlay-type":"","overlay-color":"","overlay-opacity":"","overlay-gradient":""},"tablet":{"background-color":"var(--ast-global-color-5)","background-image":"","background-repeat":"repeat","background-position":"center center","background-size":"auto","background-attachment":"scroll","background-type":"","background-media":"","overlay-type":"","overlay-color":"","overlay-opacity":"","overlay-gradient":""},"mobile":{"background-color":"var(--ast-global-color-5)","background-image":"","background-repeat":"repeat","background-position":"center center","background-size":"auto","background-attachment":"scroll","background-type":"","background-media":"","overlay-type":"","overlay-color":"","overlay-opacity":"","overlay-gradient":""}}},"product_brand":[],"product_cat":[39],"product_tag":[],"class_list":{"0":"post-4459","1":"product","2":"type-product","3":"status-publish","4":"has-post-thumbnail","6":"product_cat-custom-iot-battery-pack","7":"desktop-align-left","8":"tablet-align-left","9":"mobile-align-left","11":"first","12":"instock","13":"shipping-taxable","14":"product-type-simple"},"acf":[],"yoast_head":"<!-- This site is optimized with the Yoast SEO plugin v27.3 - https:\/\/yoast.com\/product\/yoast-seo-wordpress\/ -->\n<title>longest lasting battery - Ahotech.com<\/title>\n<meta name=\"description\" content=\"Cr123a battery performance parameters (standard value within one year of battery life)\" \/>\n<meta name=\"robots\" content=\"index, follow, max-snippet:-1, max-image-preview:large, max-video-preview:-1\" \/>\n<link rel=\"canonical\" href=\"https:\/\/www.ahotech.com\/et\/toode\/pikima-tooeaga-aku\/\" \/>\n<meta property=\"og:locale\" content=\"et_EE\" \/>\n<meta property=\"og:type\" content=\"article\" \/>\n<meta property=\"og:title\" content=\"longest lasting battery - Ahotech.com\" \/>\n<meta property=\"og:description\" content=\"Cr123a battery performance parameters (standard value within one year of battery life)\" \/>\n<meta property=\"og:url\" content=\"https:\/\/www.ahotech.com\/et\/toode\/pikima-tooeaga-aku\/\" \/>\n<meta property=\"og:site_name\" content=\"Ahotech.com\" \/>\n<meta property=\"article:modified_time\" content=\"2022-04-01T05:47:36+00:00\" \/>\n<meta property=\"og:image\" content=\"https:\/\/www.ahotech.com\/wp-content\/uploads\/2022\/03\/long-life-battery-pack.jpg\" \/>\n\t<meta property=\"og:image:width\" content=\"800\" \/>\n\t<meta property=\"og:image:height\" content=\"800\" \/>\n\t<meta property=\"og:image:type\" content=\"image\/jpeg\" \/>\n<meta name=\"twitter:card\" content=\"summary_large_image\" \/>\n<meta name=\"twitter:label1\" content=\"Est. reading time\" \/>\n\t<meta name=\"twitter:data1\" content=\"2 minutit\" \/>\n<script type=\"application\/ld+json\" class=\"yoast-schema-graph\">{\"@context\":\"https:\\\/\\\/schema.org\",\"@graph\":[{\"@type\":\"WebPage\",\"@id\":\"https:\\\/\\\/www.ahotech.com\\\/product\\\/longest-lasting-battery\\\/\",\"url\":\"https:\\\/\\\/www.ahotech.com\\\/product\\\/longest-lasting-battery\\\/\",\"name\":\"longest lasting battery - Ahotech.com\",\"isPartOf\":{\"@id\":\"https:\\\/\\\/www.ahotech.com\\\/es\\\/#website\"},\"primaryImageOfPage\":{\"@id\":\"https:\\\/\\\/www.ahotech.com\\\/product\\\/longest-lasting-battery\\\/#primaryimage\"},\"image\":{\"@id\":\"https:\\\/\\\/www.ahotech.com\\\/product\\\/longest-lasting-battery\\\/#primaryimage\"},\"thumbnailUrl\":\"https:\\\/\\\/www.ahotech.com\\\/wp-content\\\/uploads\\\/2022\\\/03\\\/long-life-battery-pack.jpg\",\"datePublished\":\"2022-03-07T08:22:00+00:00\",\"dateModified\":\"2022-04-01T05:47:36+00:00\",\"description\":\"Cr123a battery performance parameters (standard value within one year of battery life)\",\"breadcrumb\":{\"@id\":\"https:\\\/\\\/www.ahotech.com\\\/product\\\/longest-lasting-battery\\\/#breadcrumb\"},\"inLanguage\":\"et\",\"potentialAction\":[{\"@type\":\"ReadAction\",\"target\":[\"https:\\\/\\\/www.ahotech.com\\\/product\\\/longest-lasting-battery\\\/\"]}]},{\"@type\":\"ImageObject\",\"inLanguage\":\"et\",\"@id\":\"https:\\\/\\\/www.ahotech.com\\\/product\\\/longest-lasting-battery\\\/#primaryimage\",\"url\":\"https:\\\/\\\/www.ahotech.com\\\/wp-content\\\/uploads\\\/2022\\\/03\\\/long-life-battery-pack.jpg\",\"contentUrl\":\"https:\\\/\\\/www.ahotech.com\\\/wp-content\\\/uploads\\\/2022\\\/03\\\/long-life-battery-pack.jpg\",\"width\":800,\"height\":800,\"caption\":\"long life battery pack\"},{\"@type\":\"BreadcrumbList\",\"@id\":\"https:\\\/\\\/www.ahotech.com\\\/product\\\/longest-lasting-battery\\\/#breadcrumb\",\"itemListElement\":[{\"@type\":\"ListItem\",\"position\":1,\"name\":\"Home\",\"item\":\"https:\\\/\\\/www.ahotech.com\\\/es\\\/\"},{\"@type\":\"ListItem\",\"position\":2,\"name\":\"Store\",\"item\":\"https:\\\/\\\/www.ahotech.com\\\/es\\\/store\\\/\"},{\"@type\":\"ListItem\",\"position\":3,\"name\":\"longest lasting battery\"}]},{\"@type\":\"WebSite\",\"@id\":\"https:\\\/\\\/www.ahotech.com\\\/es\\\/#website\",\"url\":\"https:\\\/\\\/www.ahotech.com\\\/es\\\/\",\"name\":\"Ahotech.com\",\"description\":\"lithium battery manufacturers\",\"publisher\":{\"@id\":\"https:\\\/\\\/www.ahotech.com\\\/es\\\/#organization\"},\"potentialAction\":[{\"@type\":\"SearchAction\",\"target\":{\"@type\":\"EntryPoint\",\"urlTemplate\":\"https:\\\/\\\/www.ahotech.com\\\/es\\\/?s={search_term_string}\"},\"query-input\":{\"@type\":\"PropertyValueSpecification\",\"valueRequired\":true,\"valueName\":\"search_term_string\"}}],\"inLanguage\":\"et\"},{\"@type\":\"Organization\",\"@id\":\"https:\\\/\\\/www.ahotech.com\\\/es\\\/#organization\",\"name\":\"Ahotech.com\",\"url\":\"https:\\\/\\\/www.ahotech.com\\\/es\\\/\",\"logo\":{\"@type\":\"ImageObject\",\"inLanguage\":\"et\",\"@id\":\"https:\\\/\\\/www.ahotech.com\\\/es\\\/#\\\/schema\\\/logo\\\/image\\\/\",\"url\":\"https:\\\/\\\/www.ahotech.com\\\/wp-content\\\/uploads\\\/2021\\\/10\\\/battery-site-logo.jpg\",\"contentUrl\":\"https:\\\/\\\/www.ahotech.com\\\/wp-content\\\/uploads\\\/2021\\\/10\\\/battery-site-logo.jpg\",\"width\":1297,\"height\":465,\"caption\":\"Ahotech.com\"},\"image\":{\"@id\":\"https:\\\/\\\/www.ahotech.com\\\/es\\\/#\\\/schema\\\/logo\\\/image\\\/\"}}]}<\/script>\n<!-- \/ Yoast SEO plugin. -->","yoast_head_json":{"title":"k\u00f5ige kauem kestev aku - Ahotech.com","description":"Cr123a aku j\u00f5udlusparameetrid (standardv\u00e4\u00e4rtus aku \u00fche aasta jooksul)","robots":{"index":"index","follow":"follow","max-snippet":"max-snippet:-1","max-image-preview":"max-image-preview:large","max-video-preview":"max-video-preview:-1"},"canonical":"https:\/\/www.ahotech.com\/et\/toode\/pikima-tooeaga-aku\/","og_locale":"et_EE","og_type":"article","og_title":"longest lasting battery - Ahotech.com","og_description":"Cr123a battery performance parameters (standard value within one year of battery life)","og_url":"https:\/\/www.ahotech.com\/et\/toode\/pikima-tooeaga-aku\/","og_site_name":"Ahotech.com","article_modified_time":"2022-04-01T05:47:36+00:00","og_image":[{"width":800,"height":800,"url":"https:\/\/www.ahotech.com\/wp-content\/uploads\/2022\/03\/long-life-battery-pack.jpg","type":"image\/jpeg"}],"twitter_card":"summary_large_image","twitter_misc":{"Est. reading time":"2 minutit"},"schema":{"@context":"https:\/\/schema.org","@graph":[{"@type":"WebPage","@id":"https:\/\/www.ahotech.com\/product\/longest-lasting-battery\/","url":"https:\/\/www.ahotech.com\/product\/longest-lasting-battery\/","name":"k\u00f5ige kauem kestev aku - Ahotech.com","isPartOf":{"@id":"https:\/\/www.ahotech.com\/es\/#website"},"primaryImageOfPage":{"@id":"https:\/\/www.ahotech.com\/product\/longest-lasting-battery\/#primaryimage"},"image":{"@id":"https:\/\/www.ahotech.com\/product\/longest-lasting-battery\/#primaryimage"},"thumbnailUrl":"https:\/\/www.ahotech.com\/wp-content\/uploads\/2022\/03\/long-life-battery-pack.jpg","datePublished":"2022-03-07T08:22:00+00:00","dateModified":"2022-04-01T05:47:36+00:00","description":"Cr123a aku j\u00f5udlusparameetrid (standardv\u00e4\u00e4rtus aku \u00fche aasta jooksul)","breadcrumb":{"@id":"https:\/\/www.ahotech.com\/product\/longest-lasting-battery\/#breadcrumb"},"inLanguage":"et","potentialAction":[{"@type":"ReadAction","target":["https:\/\/www.ahotech.com\/product\/longest-lasting-battery\/"]}]},{"@type":"ImageObject","inLanguage":"et","@id":"https:\/\/www.ahotech.com\/product\/longest-lasting-battery\/#primaryimage","url":"https:\/\/www.ahotech.com\/wp-content\/uploads\/2022\/03\/long-life-battery-pack.jpg","contentUrl":"https:\/\/www.ahotech.com\/wp-content\/uploads\/2022\/03\/long-life-battery-pack.jpg","width":800,"height":800,"caption":"long life battery pack"},{"@type":"BreadcrumbList","@id":"https:\/\/www.ahotech.com\/product\/longest-lasting-battery\/#breadcrumb","itemListElement":[{"@type":"ListItem","position":1,"name":"Home","item":"https:\/\/www.ahotech.com\/es\/"},{"@type":"ListItem","position":2,"name":"Store","item":"https:\/\/www.ahotech.com\/es\/store\/"},{"@type":"ListItem","position":3,"name":"longest lasting battery"}]},{"@type":"WebSite","@id":"https:\/\/www.ahotech.com\/es\/#website","url":"https:\/\/www.ahotech.com\/es\/","name":"Ahotech.com","description":"liitiumakude tootjad","publisher":{"@id":"https:\/\/www.ahotech.com\/es\/#organization"},"potentialAction":[{"@type":"SearchAction","target":{"@type":"EntryPoint","urlTemplate":"https:\/\/www.ahotech.com\/es\/?s={search_term_string}"},"query-input":{"@type":"PropertyValueSpecification","valueRequired":true,"valueName":"search_term_string"}}],"inLanguage":"et"},{"@type":"Organization","@id":"https:\/\/www.ahotech.com\/es\/#organization","name":"Ahotech.com","url":"https:\/\/www.ahotech.com\/es\/","logo":{"@type":"ImageObject","inLanguage":"et","@id":"https:\/\/www.ahotech.com\/es\/#\/schema\/logo\/image\/","url":"https:\/\/www.ahotech.com\/wp-content\/uploads\/2021\/10\/battery-site-logo.jpg","contentUrl":"https:\/\/www.ahotech.com\/wp-content\/uploads\/2021\/10\/battery-site-logo.jpg","width":1297,"height":465,"caption":"Ahotech.com"},"image":{"@id":"https:\/\/www.ahotech.com\/es\/#\/schema\/logo\/image\/"}}]}},"_links":{"self":[{"href":"https:\/\/www.ahotech.com\/et\/wp-json\/wp\/v2\/product\/4459","targetHints":{"allow":["GET"]}}],"collection":[{"href":"https:\/\/www.ahotech.com\/et\/wp-json\/wp\/v2\/product"}],"about":[{"href":"https:\/\/www.ahotech.com\/et\/wp-json\/wp\/v2\/types\/product"}],"version-history":[{"count":5,"href":"https:\/\/www.ahotech.com\/et\/wp-json\/wp\/v2\/product\/4459\/revisions"}],"predecessor-version":[{"id":4675,"href":"https:\/\/www.ahotech.com\/et\/wp-json\/wp\/v2\/product\/4459\/revisions\/4675"}],"wp:featuredmedia":[{"embeddable":true,"href":"https:\/\/www.ahotech.com\/et\/wp-json\/wp\/v2\/media\/4461"}],"wp:attachment":[{"href":"https:\/\/www.ahotech.com\/et\/wp-json\/wp\/v2\/media?parent=4459"}],"wp:term":[{"taxonomy":"product_brand","embeddable":true,"href":"https:\/\/www.ahotech.com\/et\/wp-json\/wp\/v2\/product_brand?post=4459"},{"taxonomy":"product_cat","embeddable":true,"href":"https:\/\/www.ahotech.com\/et\/wp-json\/wp\/v2\/product_cat?post=4459"},{"taxonomy":"product_tag","embeddable":true,"href":"https:\/\/www.ahotech.com\/et\/wp-json\/wp\/v2\/product_tag?post=4459"}],"curies":[{"name":"t\u00f6\u00f6leht","href":"https:\/\/api.w.org\/{rel}","templated":true}]}}