{"id":4408,"date":"2022-03-04T07:41:20","date_gmt":"2022-03-04T07:41:20","guid":{"rendered":"https:\/\/www.ahotech.com\/?post_type=product&#038;p=4408"},"modified":"2022-03-04T07:41:34","modified_gmt":"2022-03-04T07:41:34","slug":"liitiumioonaku-paikeseenergia-jaoks-24v","status":"publish","type":"product","link":"https:\/\/www.ahotech.com\/et\/product\/lithium-ion-battery-for-solar-24v\/","title":{"rendered":"liitiumioonaku p\u00e4ikeseenergia 24V jaoks"},"content":{"rendered":"<p class=\"tgt\" data-section=\"0\">liitiumioonaku p\u00e4ikeseenergia 24V jaoks<\/p>\n<p class=\"tgt\" data-section=\"1\"><span class=\"tgt\" data-section=\"1\" data-sentence=\"0\" data-group=\"1-0\">Sisseehitatud BMS aku halduss\u00fcsteem, intelligentne kaitseaku, et tagada kasutaja ohutus.<\/span><\/p>\n<p class=\"tgt\" data-section=\"2\"><span class=\"tgt\" data-section=\"2\" data-sentence=\"0\" data-group=\"2-0\">Kaheksa ohutuskaitset: \u00fclelaadimiskaitse, \u00fclevoolukaitse, \u00fclet\u00fchjenemiskaitse, temperatuurikaitse, elektrilise ennetamise funktsioon, pinge tasakaalustamine, l\u00fchisekaitse, l\u00fchisekaitse.<\/span><\/p>\n<p class=\"tgt\" data-section=\"3\"><span class=\"tgt\" data-section=\"3\" data-sentence=\"0\" data-group=\"3-0\">Eelis:<\/span><\/p>\n<p class=\"tgt\" data-section=\"4\"><span class=\"tgt\" data-section=\"4\" data-sentence=\"0\" data-group=\"4-0\">Pikk ts\u00fckli eluiga: kvaliteetne liitiumraudfosfaat-aku, ts\u00fckli eluiga kuni 2500 korda.<\/span><\/p>\n<p class=\"tgt\" data-section=\"5\"><span class=\"tgt\" data-section=\"5\" data-sentence=\"0\" data-group=\"5-0\">Kvaliteetne kandiline liitiumraudfosfaat aku: v\u00f5rreldes traditsioonilise pliiakuga on sellel suurem energiatihedus ja ts\u00fckli eluiga, parem elektriline j\u00f5udlus, ohutus, keskkonnakaitse ja reostuse puudumine.<\/span><\/p>\n<p class=\"tgt\" data-section=\"6\"><span class=\"tgt\" data-section=\"6\" data-sentence=\"0\" data-group=\"6-0\">Suurep\u00e4rane elektriline j\u00f5udlus: madal sisetakistus, k\u00f5rge pidevvoolu laadimis- ja t\u00fchjendusj\u00f5udlus, suur t\u00f6\u00f6temperatuuride vahemik, praktilisem.<\/span><\/p>\n<p class=\"tgt\" data-section=\"7\"><span class=\"tgt\" data-section=\"7\" data-sentence=\"0\" data-group=\"7-0\">Toetab mitut sideprotokolli: Toetab mitut sideprotokolli, n\u00e4iteks RS485, h\u00f5lbustades aku t\u00f5husat haldamist ja hooldust.<\/span><\/p>\n<p class=\"tgt\" data-section=\"8\"><span class=\"tgt\" data-section=\"8\" data-sentence=\"0\" data-group=\"8-0\">Intelligentne BMS aku halduss\u00fcsteem: pakub akule \u00fclelaadimise ja \u00fclet\u00fchjenemise kaitset, \u00fclekoormuse kaitset, k\u00f5rge temperatuuri kaitset, aku tasakaalu, ebanormaalse alarmi ja muid funktsioone.<\/span><\/p>\n<p class=\"tgt\" data-section=\"9\"><span class=\"tgt\" data-section=\"9\" data-sentence=\"0\" data-group=\"9-0\">Hea ohutusn\u00e4itaja: \u00fclima ohutusn\u00e4itajate testi k\u00e4igus aku ei s\u00fctti, ei plahvata, ei leki ja on ohutum kasutada.<\/span><\/p>\n<p class=\"tgt\" data-section=\"10\"><span class=\"tgt\" data-section=\"10\" data-sentence=\"0\" data-group=\"10-0\">Rakendus: FOTOVOLTAISE energia tootmine, fotogalvaanilise energia salvestamine, side baasjaam, varutoiteallikas jne.<\/span><\/p>\n<p class=\"tgt\" data-section=\"11\"><span class=\"tgt\" data-section=\"11\" data-sentence=\"0\" data-group=\"11-0\">Miks just meie?<\/span><\/p>\n<p class=\"tgt\" data-section=\"12\"><span class=\"tgt\" data-section=\"12\" data-sentence=\"0\" data-group=\"12-0\">1, v\u00e4ike suurus, kerge kaal;<\/span><\/p>\n<p class=\"tgt\" data-section=\"13\"><span class=\"tgt\" data-section=\"13\" data-sentence=\"0\" data-group=\"13-0\">2, &gt; 2000 ts\u00fcklit, usaldusv\u00e4\u00e4rne j\u00f5udlus;<\/span><\/p>\n<p class=\"tgt\" data-section=\"14\"><span class=\"tgt\" data-section=\"14\" data-sentence=\"0\" data-group=\"14-0\">3. Varustatud t\u00e4iusliku BMS-i sideprotokolliga;<\/span><\/p>\n<p class=\"tgt\" data-section=\"15\"><span class=\"tgt\" data-section=\"15\" data-sentence=\"0\" data-group=\"15-0\">4. Lihtne paigaldus ja lihtne kasutamine;<\/span><\/p>\n<p class=\"tgt\" data-section=\"16\"><span class=\"tgt\" data-section=\"16\" data-sentence=\"0\" data-group=\"16-0\">5. Longsing Technology asutati aastal 2000. J\u00e4rgides ettev\u00f5tlusvaimu pragmaatilisuse, aususe, paindlikkuse ja pideva innovatsiooni p\u00f5him\u00f5tteid, on Longsing Technology p\u00fchendunud akutehnoloogia uurimisele, arendamisele ja rakendamisele.<\/span><span class=\"tgt\" data-section=\"16\" data-sentence=\"1\" data-group=\"16-1\"> T\u00e4nu pidevale arendustegevusele on ettev\u00f5ttel esmane aku (<a href=\"https:\/\/www.ahotech.com\/et\/toode\/omnicel-er26500-aku-er26500-liitiumaku\/\">liitiumsulfur\u00fc\u00fclkloriid<\/a>), teisene aku (<a href=\"https:\/\/www.ahotech.com\/et\/toode\/3-7v-18650-liitiumaku\/\">liitiumioonaku<\/a>) teadus- ja arendustegevus, tootmisv\u00f5imsus.<\/span><span class=\"tgt\" data-section=\"16\" data-sentence=\"2\" data-group=\"16-2\"> Vastavalt teie vajadustele pakume konstruktsioonide projekteerimist, elektriprojekti, vedelike simulatsiooni projekteerimist, BMS-i professionaalse vastavuskontrolli testi, kontrolltesti ja muud tehnilist tuge.<\/span><\/p>\n<p class=\"tgt\" data-section=\"17\"><span class=\"tgt\" data-section=\"17\" data-sentence=\"0\" data-group=\"17-0\">6, pikk kasutusiga, madal hind;<\/span><\/p>","protected":false},"excerpt":{"rendered":"<p class=\"tgt\" data-section=\"0\"><span class=\"tgt\" data-section=\"0\" data-sentence=\"0\" data-group=\"0-0\">P\u00e4ikesepatarei 24V 200AH<\/span><\/p>\n<p class=\"tgt\" data-section=\"1\"><span class=\"tgt\" data-section=\"1\" data-sentence=\"0\" data-group=\"1-0\">Aku t\u00fc\u00fcp: liitiumaku<\/span><\/p>\n<p class=\"tgt\" data-section=\"2\"><span class=\"tgt\" data-section=\"2\" data-sentence=\"0\" data-group=\"2-0\">Kombineeritud re\u017eiim: 8S<\/span><\/p>\n<p class=\"tgt\" data-section=\"3\"><span class=\"tgt\" data-section=\"3\" data-sentence=\"0\" data-group=\"3-0\">Nimipinge: 24V<\/span><\/p>\n<p class=\"tgt\" data-section=\"4\"><span class=\"tgt\" data-section=\"4\" data-sentence=\"0\" data-group=\"4-0\">Nimimaht: 200 Ah<\/span><\/p>\n<p class=\"tgt\" data-section=\"5\"><span class=\"tgt\" data-section=\"5\" data-sentence=\"0\" data-group=\"5-0\">Ts\u00fcklid: 2500<\/span><\/p>\n<p class=\"tgt\" data-section=\"6\"><span class=\"tgt\" data-section=\"6\" data-sentence=\"0\" data-group=\"6-0\">Kaitsefunktsioon: laadimis- ja t\u00fchjenemiskaitsega<\/span><\/p>\n<p class=\"tgt\" data-section=\"7\"><span class=\"tgt\" data-section=\"7\" data-sentence=\"0\" data-group=\"7-0\">Laadimispinge: 29,2 V<\/span><\/p>\n<p class=\"tgt\" data-section=\"8\"><span class=\"tgt\" data-section=\"8\" data-sentence=\"0\" data-group=\"8-0\">T\u00fchjenduspinge: 20\u201329,2 V<\/span><\/p>\n<p class=\"tgt\" data-section=\"9\"><span class=\"tgt\" data-section=\"9\" data-sentence=\"0\" data-group=\"9-0\">Laadimisvool: 20A<\/span><\/p>\n<p class=\"tgt\" data-section=\"10\"><span class=\"tgt\" data-section=\"10\" data-sentence=\"0\" data-group=\"10-0\">T\u00fchjendusvool: 0,5 \u00b0C<\/span><\/p>\n<p class=\"tgt\" data-section=\"11\"><span class=\"tgt\" data-section=\"11\" data-sentence=\"0\" data-group=\"11-0\">Maksimaalne pidev t\u00fchjendusvool: 200A<\/span><\/p>\n<p class=\"tgt\" data-section=\"12\"><span class=\"tgt\" data-section=\"12\" data-sentence=\"0\" data-group=\"12-0\">Maksimaalne pidev laadimisvool: 20A<\/span><\/p>\n<p class=\"tgt\" data-section=\"13\"><span class=\"tgt\" data-section=\"13\" data-sentence=\"0\" data-group=\"13-0\">Laadimistemperatuur: normaalne temperatuur<\/span><\/p>\n<p class=\"tgt\" data-section=\"14\"><span class=\"tgt\" data-section=\"14\" data-sentence=\"0\" data-group=\"14-0\">T\u00fchjendustemperatuur: -20\u00b0~60\u00b0<\/span><\/p>\n<p class=\"tgt\" data-section=\"15\"><span class=\"tgt\" data-section=\"15\" data-sentence=\"0\" data-group=\"15-0\">Seeria: liitium-raudfosfaat aku<\/span><\/p>","protected":false},"featured_media":4410,"template":"","meta":{"_acf_changed":false,"site-sidebar-layout":"default","site-content-layout":"default","ast-site-content-layout":"","site-content-style":"default","site-sidebar-style":"default","ast-global-header-display":"","ast-banner-title-visibility":"","ast-main-header-display":"","ast-hfb-above-header-display":"","ast-hfb-below-header-display":"","ast-hfb-mobile-header-display":"","site-post-title":"","ast-breadcrumbs-content":"","ast-featured-img":"","footer-sml-layout":"","theme-transparent-header-meta":"default","adv-header-id-meta":"","stick-header-meta":"","header-above-stick-meta":"","header-main-stick-meta":"","header-below-stick-meta":"","astra-migrate-meta-layouts":"default","ast-page-background-enabled":"default","ast-page-background-meta":{"desktop":{"background-color":"","background-image":"","background-repeat":"repeat","background-position":"center center","background-size":"auto","background-attachment":"scroll","background-type":"","background-media":"","overlay-type":"","overlay-color":"","overlay-opacity":"","overlay-gradient":""},"tablet":{"background-color":"","background-image":"","background-repeat":"repeat","background-position":"center center","background-size":"auto","background-attachment":"scroll","background-type":"","background-media":"","overlay-type":"","overlay-color":"","overlay-opacity":"","overlay-gradient":""},"mobile":{"background-color":"","background-image":"","background-repeat":"repeat","background-position":"center center","background-size":"auto","background-attachment":"scroll","background-type":"","background-media":"","overlay-type":"","overlay-color":"","overlay-opacity":"","overlay-gradient":""}},"ast-content-background-meta":{"desktop":{"background-color":"var(--ast-global-color-5)","background-image":"","background-repeat":"repeat","background-position":"center center","background-size":"auto","background-attachment":"scroll","background-type":"","background-media":"","overlay-type":"","overlay-color":"","overlay-opacity":"","overlay-gradient":""},"tablet":{"background-color":"var(--ast-global-color-5)","background-image":"","background-repeat":"repeat","background-position":"center center","background-size":"auto","background-attachment":"scroll","background-type":"","background-media":"","overlay-type":"","overlay-color":"","overlay-opacity":"","overlay-gradient":""},"mobile":{"background-color":"var(--ast-global-color-5)","background-image":"","background-repeat":"repeat","background-position":"center center","background-size":"auto","background-attachment":"scroll","background-type":"","background-media":"","overlay-type":"","overlay-color":"","overlay-opacity":"","overlay-gradient":""}}},"product_brand":[],"product_cat":[40,41],"product_tag":[],"class_list":{"0":"post-4408","1":"product","2":"type-product","3":"status-publish","4":"has-post-thumbnail","6":"product_cat-lifepo4-battery","7":"product_cat-rechargeable-lithium-battery","8":"desktop-align-left","9":"tablet-align-left","10":"mobile-align-left","12":"first","13":"instock","14":"shipping-taxable","15":"product-type-simple"},"acf":[],"yoast_head":"<!-- This site is optimized with the Yoast SEO plugin v27.3 - https:\/\/yoast.com\/product\/yoast-seo-wordpress\/ -->\n<title>lithium ion battery for solar 24V - Ahotech.com<\/title>\n<meta name=\"robots\" content=\"index, follow, max-snippet:-1, max-image-preview:large, max-video-preview:-1\" \/>\n<link rel=\"canonical\" href=\"https:\/\/www.ahotech.com\/et\/toode\/liitiumioonaku-paikeseenergia-jaoks-24v\/\" \/>\n<meta property=\"og:locale\" content=\"et_EE\" \/>\n<meta property=\"og:type\" content=\"article\" \/>\n<meta property=\"og:title\" content=\"lithium ion battery for solar 24V - Ahotech.com\" \/>\n<meta property=\"og:description\" content=\"Solar cell 24V 200AH Battery type: lithium battery Combination mode: 8S Nominal voltage: 24V Nominal capacity: 200AH Cycles: 2500 Protection function: with charge and discharge protection Charging voltage: 29.2V Discharge voltage: 20-29.2V Charging current: 20A Discharge current: 0.5C Maximum continuous discharge current: 200A Maximum continuous charging current: 20A Charging temperature: normal temperature Discharge temperature: -20\u00b0~60\u00b0 Series: Lithium iron phosphate battery pack\" \/>\n<meta property=\"og:url\" content=\"https:\/\/www.ahotech.com\/et\/toode\/liitiumioonaku-paikeseenergia-jaoks-24v\/\" \/>\n<meta property=\"og:site_name\" content=\"Ahotech.com\" \/>\n<meta property=\"article:modified_time\" content=\"2022-03-04T07:41:34+00:00\" \/>\n<meta property=\"og:image\" content=\"https:\/\/www.ahotech.com\/wp-content\/uploads\/2022\/03\/24v-lithium-ion-battery-for-solar.jpg\" \/>\n\t<meta property=\"og:image:width\" content=\"800\" \/>\n\t<meta property=\"og:image:height\" content=\"800\" \/>\n\t<meta property=\"og:image:type\" content=\"image\/jpeg\" \/>\n<meta name=\"twitter:card\" content=\"summary_large_image\" \/>\n<meta name=\"twitter:label1\" content=\"Est. reading time\" \/>\n\t<meta name=\"twitter:data1\" content=\"2 minutit\" \/>\n<script type=\"application\/ld+json\" class=\"yoast-schema-graph\">{\"@context\":\"https:\\\/\\\/schema.org\",\"@graph\":[{\"@type\":\"WebPage\",\"@id\":\"https:\\\/\\\/www.ahotech.com\\\/fr\\\/product\\\/lithium-ion-battery-for-solar-24v\\\/\",\"url\":\"https:\\\/\\\/www.ahotech.com\\\/fr\\\/product\\\/lithium-ion-battery-for-solar-24v\\\/\",\"name\":\"lithium ion battery for solar 24V - Ahotech.com\",\"isPartOf\":{\"@id\":\"https:\\\/\\\/www.ahotech.com\\\/#website\"},\"primaryImageOfPage\":{\"@id\":\"https:\\\/\\\/www.ahotech.com\\\/fr\\\/product\\\/lithium-ion-battery-for-solar-24v\\\/#primaryimage\"},\"image\":{\"@id\":\"https:\\\/\\\/www.ahotech.com\\\/fr\\\/product\\\/lithium-ion-battery-for-solar-24v\\\/#primaryimage\"},\"thumbnailUrl\":\"https:\\\/\\\/www.ahotech.com\\\/wp-content\\\/uploads\\\/2022\\\/03\\\/24v-lithium-ion-battery-for-solar.jpg\",\"datePublished\":\"2022-03-04T07:41:20+00:00\",\"dateModified\":\"2022-03-04T07:41:34+00:00\",\"breadcrumb\":{\"@id\":\"https:\\\/\\\/www.ahotech.com\\\/fr\\\/product\\\/lithium-ion-battery-for-solar-24v\\\/#breadcrumb\"},\"inLanguage\":\"et\",\"potentialAction\":[{\"@type\":\"ReadAction\",\"target\":[\"https:\\\/\\\/www.ahotech.com\\\/fr\\\/product\\\/lithium-ion-battery-for-solar-24v\\\/\"]}]},{\"@type\":\"ImageObject\",\"inLanguage\":\"et\",\"@id\":\"https:\\\/\\\/www.ahotech.com\\\/fr\\\/product\\\/lithium-ion-battery-for-solar-24v\\\/#primaryimage\",\"url\":\"https:\\\/\\\/www.ahotech.com\\\/wp-content\\\/uploads\\\/2022\\\/03\\\/24v-lithium-ion-battery-for-solar.jpg\",\"contentUrl\":\"https:\\\/\\\/www.ahotech.com\\\/wp-content\\\/uploads\\\/2022\\\/03\\\/24v-lithium-ion-battery-for-solar.jpg\",\"width\":800,\"height\":800,\"caption\":\"24v lithium ion battery for solar\"},{\"@type\":\"BreadcrumbList\",\"@id\":\"https:\\\/\\\/www.ahotech.com\\\/fr\\\/product\\\/lithium-ion-battery-for-solar-24v\\\/#breadcrumb\",\"itemListElement\":[{\"@type\":\"ListItem\",\"position\":1,\"name\":\"Home\",\"item\":\"https:\\\/\\\/www.ahotech.com\\\/\"},{\"@type\":\"ListItem\",\"position\":2,\"name\":\"Store\",\"item\":\"https:\\\/\\\/www.ahotech.com\\\/es\\\/store\\\/\"},{\"@type\":\"ListItem\",\"position\":3,\"name\":\"lithium ion battery for solar 24V\"}]},{\"@type\":\"WebSite\",\"@id\":\"https:\\\/\\\/www.ahotech.com\\\/#website\",\"url\":\"https:\\\/\\\/www.ahotech.com\\\/\",\"name\":\"Ahotech.com\",\"description\":\"lithium battery manufacturers\",\"publisher\":{\"@id\":\"https:\\\/\\\/www.ahotech.com\\\/#organization\"},\"potentialAction\":[{\"@type\":\"SearchAction\",\"target\":{\"@type\":\"EntryPoint\",\"urlTemplate\":\"https:\\\/\\\/www.ahotech.com\\\/?s={search_term_string}\"},\"query-input\":{\"@type\":\"PropertyValueSpecification\",\"valueRequired\":true,\"valueName\":\"search_term_string\"}}],\"inLanguage\":\"et\"},{\"@type\":\"Organization\",\"@id\":\"https:\\\/\\\/www.ahotech.com\\\/#organization\",\"name\":\"Ahotech.com\",\"url\":\"https:\\\/\\\/www.ahotech.com\\\/\",\"logo\":{\"@type\":\"ImageObject\",\"inLanguage\":\"et\",\"@id\":\"https:\\\/\\\/www.ahotech.com\\\/#\\\/schema\\\/logo\\\/image\\\/\",\"url\":\"https:\\\/\\\/www.ahotech.com\\\/wp-content\\\/uploads\\\/2021\\\/10\\\/battery-site-logo.jpg\",\"contentUrl\":\"https:\\\/\\\/www.ahotech.com\\\/wp-content\\\/uploads\\\/2021\\\/10\\\/battery-site-logo.jpg\",\"width\":1297,\"height\":465,\"caption\":\"Ahotech.com\"},\"image\":{\"@id\":\"https:\\\/\\\/www.ahotech.com\\\/#\\\/schema\\\/logo\\\/image\\\/\"}}]}<\/script>\n<!-- \/ Yoast SEO plugin. -->","yoast_head_json":{"title":"Liitiumioonaku p\u00e4ikesepaneelidele 24V - Ahotech.com","robots":{"index":"index","follow":"follow","max-snippet":"max-snippet:-1","max-image-preview":"max-image-preview:large","max-video-preview":"max-video-preview:-1"},"canonical":"https:\/\/www.ahotech.com\/et\/toode\/liitiumioonaku-paikeseenergia-jaoks-24v\/","og_locale":"et_EE","og_type":"article","og_title":"lithium ion battery for solar 24V - Ahotech.com","og_description":"Solar cell 24V 200AH Battery type: lithium battery Combination mode: 8S Nominal voltage: 24V Nominal capacity: 200AH Cycles: 2500 Protection function: with charge and discharge protection Charging voltage: 29.2V Discharge voltage: 20-29.2V Charging current: 20A Discharge current: 0.5C Maximum continuous discharge current: 200A Maximum continuous charging current: 20A Charging temperature: normal temperature Discharge temperature: -20\u00b0~60\u00b0 Series: Lithium iron phosphate battery pack","og_url":"https:\/\/www.ahotech.com\/et\/toode\/liitiumioonaku-paikeseenergia-jaoks-24v\/","og_site_name":"Ahotech.com","article_modified_time":"2022-03-04T07:41:34+00:00","og_image":[{"width":800,"height":800,"url":"https:\/\/www.ahotech.com\/wp-content\/uploads\/2022\/03\/24v-lithium-ion-battery-for-solar.jpg","type":"image\/jpeg"}],"twitter_card":"summary_large_image","twitter_misc":{"Est. reading time":"2 minutit"},"schema":{"@context":"https:\/\/schema.org","@graph":[{"@type":"WebPage","@id":"https:\/\/www.ahotech.com\/fr\/product\/lithium-ion-battery-for-solar-24v\/","url":"https:\/\/www.ahotech.com\/fr\/product\/lithium-ion-battery-for-solar-24v\/","name":"Liitiumioonaku p\u00e4ikesepaneelidele 24V - Ahotech.com","isPartOf":{"@id":"https:\/\/www.ahotech.com\/#website"},"primaryImageOfPage":{"@id":"https:\/\/www.ahotech.com\/fr\/product\/lithium-ion-battery-for-solar-24v\/#primaryimage"},"image":{"@id":"https:\/\/www.ahotech.com\/fr\/product\/lithium-ion-battery-for-solar-24v\/#primaryimage"},"thumbnailUrl":"https:\/\/www.ahotech.com\/wp-content\/uploads\/2022\/03\/24v-lithium-ion-battery-for-solar.jpg","datePublished":"2022-03-04T07:41:20+00:00","dateModified":"2022-03-04T07:41:34+00:00","breadcrumb":{"@id":"https:\/\/www.ahotech.com\/fr\/product\/lithium-ion-battery-for-solar-24v\/#breadcrumb"},"inLanguage":"et","potentialAction":[{"@type":"ReadAction","target":["https:\/\/www.ahotech.com\/fr\/product\/lithium-ion-battery-for-solar-24v\/"]}]},{"@type":"ImageObject","inLanguage":"et","@id":"https:\/\/www.ahotech.com\/fr\/product\/lithium-ion-battery-for-solar-24v\/#primaryimage","url":"https:\/\/www.ahotech.com\/wp-content\/uploads\/2022\/03\/24v-lithium-ion-battery-for-solar.jpg","contentUrl":"https:\/\/www.ahotech.com\/wp-content\/uploads\/2022\/03\/24v-lithium-ion-battery-for-solar.jpg","width":800,"height":800,"caption":"24v lithium ion battery for solar"},{"@type":"BreadcrumbList","@id":"https:\/\/www.ahotech.com\/fr\/product\/lithium-ion-battery-for-solar-24v\/#breadcrumb","itemListElement":[{"@type":"ListItem","position":1,"name":"Home","item":"https:\/\/www.ahotech.com\/"},{"@type":"ListItem","position":2,"name":"Store","item":"https:\/\/www.ahotech.com\/es\/store\/"},{"@type":"ListItem","position":3,"name":"lithium ion battery for solar 24V"}]},{"@type":"WebSite","@id":"https:\/\/www.ahotech.com\/#website","url":"https:\/\/www.ahotech.com\/","name":"Ahotech.com","description":"liitiumakude tootjad","publisher":{"@id":"https:\/\/www.ahotech.com\/#organization"},"potentialAction":[{"@type":"SearchAction","target":{"@type":"EntryPoint","urlTemplate":"https:\/\/www.ahotech.com\/?s={search_term_string}"},"query-input":{"@type":"PropertyValueSpecification","valueRequired":true,"valueName":"search_term_string"}}],"inLanguage":"et"},{"@type":"Organization","@id":"https:\/\/www.ahotech.com\/#organization","name":"Ahotech.com","url":"https:\/\/www.ahotech.com\/","logo":{"@type":"ImageObject","inLanguage":"et","@id":"https:\/\/www.ahotech.com\/#\/schema\/logo\/image\/","url":"https:\/\/www.ahotech.com\/wp-content\/uploads\/2021\/10\/battery-site-logo.jpg","contentUrl":"https:\/\/www.ahotech.com\/wp-content\/uploads\/2021\/10\/battery-site-logo.jpg","width":1297,"height":465,"caption":"Ahotech.com"},"image":{"@id":"https:\/\/www.ahotech.com\/#\/schema\/logo\/image\/"}}]}},"_links":{"self":[{"href":"https:\/\/www.ahotech.com\/et\/wp-json\/wp\/v2\/product\/4408","targetHints":{"allow":["GET"]}}],"collection":[{"href":"https:\/\/www.ahotech.com\/et\/wp-json\/wp\/v2\/product"}],"about":[{"href":"https:\/\/www.ahotech.com\/et\/wp-json\/wp\/v2\/types\/product"}],"version-history":[{"count":1,"href":"https:\/\/www.ahotech.com\/et\/wp-json\/wp\/v2\/product\/4408\/revisions"}],"predecessor-version":[{"id":4415,"href":"https:\/\/www.ahotech.com\/et\/wp-json\/wp\/v2\/product\/4408\/revisions\/4415"}],"wp:featuredmedia":[{"embeddable":true,"href":"https:\/\/www.ahotech.com\/et\/wp-json\/wp\/v2\/media\/4410"}],"wp:attachment":[{"href":"https:\/\/www.ahotech.com\/et\/wp-json\/wp\/v2\/media?parent=4408"}],"wp:term":[{"taxonomy":"product_brand","embeddable":true,"href":"https:\/\/www.ahotech.com\/et\/wp-json\/wp\/v2\/product_brand?post=4408"},{"taxonomy":"product_cat","embeddable":true,"href":"https:\/\/www.ahotech.com\/et\/wp-json\/wp\/v2\/product_cat?post=4408"},{"taxonomy":"product_tag","embeddable":true,"href":"https:\/\/www.ahotech.com\/et\/wp-json\/wp\/v2\/product_tag?post=4408"}],"curies":[{"name":"t\u00f6\u00f6leht","href":"https:\/\/api.w.org\/{rel}","templated":true}]}}