{"id":4377,"date":"2022-03-02T14:28:09","date_gmt":"2022-03-02T14:28:09","guid":{"rendered":"https:\/\/www.ahotech.com\/?post_type=product&#038;p=4377"},"modified":"2022-06-11T08:45:45","modified_gmt":"2022-06-11T08:45:45","slug":"cr14250-aku","status":"publish","type":"product","link":"https:\/\/www.ahotech.com\/et\/product\/cr14250-battery\/","title":{"rendered":"cr14250 aku"},"content":{"rendered":"<p><a href=\"https:\/\/www.ahotech.com\/wp-content\/uploads\/2022\/06\/EN-CR14250H-LONGSING2.pdf\" target=\"_blank\" rel=\"noopener\"><img decoding=\"async\" class=\"alignnone wp-image-4815\" src=\"https:\/\/www.ahotech.com\/wp-content\/uploads\/2022\/05\/PDF-icon.png\" alt=\"PDF-ikoon\" width=\"60\" height=\"60\" srcset=\"https:\/\/www.ahotech.com\/wp-content\/uploads\/2022\/05\/PDF-icon.png 256w, https:\/\/www.ahotech.com\/wp-content\/uploads\/2022\/05\/PDF-icon-150x150.png 150w, https:\/\/www.ahotech.com\/wp-content\/uploads\/2022\/05\/PDF-icon-100x100.png 100w\" sizes=\"(max-width: 60px) 100vw, 60px\" \/>CR2450 spetsifikatsioon<\/a><\/p>\n<p>Cr14250 j\u00f5udlusparameetrid (standardv\u00e4\u00e4rtus \u00fche aasta jooksul p\u00e4rast aku kasutusiga)<br \/>\nNimiv\u00f5imsus: 950mAH (t\u00fchjendusv\u00f5imsus 5mA juures, +25\u00b0C, 2,0V l\u00f5pppinge)<br \/>\nMaksimaalne lubatud pidevlahendusvool: 7mA (25\u00b0C kuni 2,0V, kuni 50% nimiv\u00f5imsus)<br \/>\nMaksimaalne impulsslahendusv\u00f5imsus: 70 mA (15 sekundit, kuni 2,0 V, 25 \u00b0C, 5 mA, t\u00fchjenduss\u00fcgavus 50%)<\/p>\n<p>Cr14250 aku ristviite toote omadused:<\/p>\n<p>1, cr14250 aku Walmart k\u00f5rge monomeeri pinge: avatud vooluahela pinge 2,8 C ~ 3,2 V<br \/>\n2, lai temperatuurivahemik: saab kasutada vahemikus -60 \u2103 kuni 85 \u2103<br \/>\n3, k\u00f5rge erienergia: aku erienergia on kuni 400Wh\/kg, 600Wh\/dm\u00b3; Suur v\u00f5imsus, stabiilne j\u00f5udlus. T\u00fchjenduspinge on stabiilne ilma pinge viivituseta. V\u00f5ib pakkuda suure voolu t\u00fchjenemist.<br \/>\n4, hea s\u00e4ilivusaeg: sellel on v\u00e4ga madalad iset\u00fchjenemisomadused, aastane iset\u00fchjenemise m\u00e4\u00e4r \u22642% ja selle valmistamisel kasutatakse roostevabast terasest kesta ja metall-klaasist suletud \u00f5hukindlat keevitusstruktuuri.<br \/>\n5, ohutusmudel saastevaba: ei sisalda elavh\u00f5bedat, kaadmiumi, pliid ja muid raskmetalle, ei saasta keskkonda.<br \/>\n6. Hea tihendusv\u00f5ime: tion\u00fc\u00fclkloriidi aku on t\u00e4ielikult suletud, aku kaas on keevitatud aku kesta k\u00fclge, positiivsed ja negatiivsed elektroodid on isoleeritud ja suletud klaasmetallist tihendiga ning vedeliku sissepritseava on t\u00e4ielikult suletud teraskuulkeevitusega.<br \/>\n7, spetsiaalse tihendustehnoloogia kasutamine, kahekordse m\u00e4ssuvastase augu konstruktsiooniga ohutu jahutusava, parandab aku stabiilsust, et akut paremini kaitsta.<br \/>\n8. cr14250 kuulub \u00fchekordseks kasutamiseks m\u00f5eldud aku, mis erineb <a href=\"https:\/\/www.ahotech.com\/et\/toode\/lifepo4-akuelemendid\/\">laetav aku<\/a>. Laadimine on keelatud.<\/p>","protected":false},"excerpt":{"rendered":"<p>Tootemudel: CR14250<br \/>\nT\u00fc\u00fcp: esmane liitiummangaan aku<br \/>\nIEC mudel: 1\/2AA<br \/>\nNimipinge (V) : 3,0<br \/>\nKaal (g): 12<br \/>\nNimiv\u00f5imsusvool (mAh\\mA) : 950\\0,5<br \/>\nMaksimaalne pidevlahendusvool (mA): 7<br \/>\nT\u00f6\u00f6temperatuur (\u2103): -40~+70<br \/>\nL\u00f5pppinge (V) : 2,0<br \/>\nAastane iset\u00fchjenemise m\u00e4\u00e4r: &lt; 2%<br \/>\nM\u00f5\u00f5tmed: 14,5 (l\u00e4bim\u00f5\u00f5t) * 25,0 (H) mm<\/p>\n<p><img fetchpriority=\"high\" decoding=\"async\" class=\"alignnone size-medium wp-image-4381\" src=\"https:\/\/www.ahotech.com\/wp-content\/uploads\/2022\/03\/cr14250-3v-size-1-236x300.png\" alt=\"cr14250 3v suurus\" width=\"236\" height=\"300\" srcset=\"https:\/\/www.ahotech.com\/wp-content\/uploads\/2022\/03\/cr14250-3v-size-1-236x300.png 236w, https:\/\/www.ahotech.com\/wp-content\/uploads\/2022\/03\/cr14250-3v-size-1-768x977.png 768w, https:\/\/www.ahotech.com\/wp-content\/uploads\/2022\/03\/cr14250-3v-size-1-600x763.png 600w, https:\/\/www.ahotech.com\/wp-content\/uploads\/2022\/03\/cr14250-3v-size-1.png 790w\" sizes=\"(max-width: 236px) 100vw, 236px\" \/><\/p>","protected":false},"featured_media":4379,"template":"","meta":{"_acf_changed":false,"site-sidebar-layout":"default","site-content-layout":"default","ast-site-content-layout":"","site-content-style":"default","site-sidebar-style":"default","ast-global-header-display":"","ast-banner-title-visibility":"","ast-main-header-display":"","ast-hfb-above-header-display":"","ast-hfb-below-header-display":"","ast-hfb-mobile-header-display":"","site-post-title":"","ast-breadcrumbs-content":"","ast-featured-img":"","footer-sml-layout":"","theme-transparent-header-meta":"default","adv-header-id-meta":"","stick-header-meta":"","header-above-stick-meta":"","header-main-stick-meta":"","header-below-stick-meta":"","astra-migrate-meta-layouts":"default","ast-page-background-enabled":"default","ast-page-background-meta":{"desktop":{"background-color":"","background-image":"","background-repeat":"repeat","background-position":"center center","background-size":"auto","background-attachment":"scroll","background-type":"","background-media":"","overlay-type":"","overlay-color":"","overlay-opacity":"","overlay-gradient":""},"tablet":{"background-color":"","background-image":"","background-repeat":"repeat","background-position":"center center","background-size":"auto","background-attachment":"scroll","background-type":"","background-media":"","overlay-type":"","overlay-color":"","overlay-opacity":"","overlay-gradient":""},"mobile":{"background-color":"","background-image":"","background-repeat":"repeat","background-position":"center center","background-size":"auto","background-attachment":"scroll","background-type":"","background-media":"","overlay-type":"","overlay-color":"","overlay-opacity":"","overlay-gradient":""}},"ast-content-background-meta":{"desktop":{"background-color":"var(--ast-global-color-5)","background-image":"","background-repeat":"repeat","background-position":"center center","background-size":"auto","background-attachment":"scroll","background-type":"","background-media":"","overlay-type":"","overlay-color":"","overlay-opacity":"","overlay-gradient":""},"tablet":{"background-color":"var(--ast-global-color-5)","background-image":"","background-repeat":"repeat","background-position":"center center","background-size":"auto","background-attachment":"scroll","background-type":"","background-media":"","overlay-type":"","overlay-color":"","overlay-opacity":"","overlay-gradient":""},"mobile":{"background-color":"var(--ast-global-color-5)","background-image":"","background-repeat":"repeat","background-position":"center center","background-size":"auto","background-attachment":"scroll","background-type":"","background-media":"","overlay-type":"","overlay-color":"","overlay-opacity":"","overlay-gradient":""}}},"product_brand":[],"product_cat":[43],"product_tag":[],"class_list":{"0":"post-4377","1":"product","2":"type-product","3":"status-publish","4":"has-post-thumbnail","6":"product_cat-lithium-manganese-battery","7":"desktop-align-left","8":"tablet-align-left","9":"mobile-align-left","11":"first","12":"instock","13":"shipping-taxable","14":"product-type-simple"},"acf":[],"yoast_head":"<!-- This site is optimized with the Yoast SEO plugin v27.3 - https:\/\/yoast.com\/product\/yoast-seo-wordpress\/ -->\n<title>cr14250 battery - Ahotech.com<\/title>\n<meta name=\"robots\" content=\"index, follow, max-snippet:-1, max-image-preview:large, max-video-preview:-1\" \/>\n<link rel=\"canonical\" href=\"https:\/\/www.ahotech.com\/et\/toode\/cr14250-aku\/\" \/>\n<meta property=\"og:locale\" content=\"et_EE\" \/>\n<meta property=\"og:type\" content=\"article\" \/>\n<meta property=\"og:title\" content=\"cr14250 battery - Ahotech.com\" \/>\n<meta property=\"og:description\" content=\"Product model: CR14250 Type: Primary lithium manganese battery IEC model: 1\/2AA Rated voltage (V) : 3.0 Weight (g) : 12 Nominal capacity current (mAhmA) : 950.5 Maximum continuous discharge current (mA) : 7 Operating temperature (\u2103) : -40~+70 Termination voltage (V) : 2.0 Annual self-discharge rate: &lt; 2% Dimensions: 14.5(dia) * 25.0(H)mm\" \/>\n<meta property=\"og:url\" content=\"https:\/\/www.ahotech.com\/et\/toode\/cr14250-aku\/\" \/>\n<meta property=\"og:site_name\" content=\"Ahotech.com\" \/>\n<meta property=\"article:modified_time\" content=\"2022-06-11T08:45:45+00:00\" \/>\n<meta property=\"og:image\" content=\"https:\/\/www.ahotech.com\/wp-content\/uploads\/2022\/03\/cr14250.jpg\" \/>\n\t<meta property=\"og:image:width\" content=\"800\" \/>\n\t<meta property=\"og:image:height\" content=\"800\" \/>\n\t<meta property=\"og:image:type\" content=\"image\/jpeg\" \/>\n<meta name=\"twitter:card\" content=\"summary_large_image\" \/>\n<meta name=\"twitter:label1\" content=\"Est. reading time\" \/>\n\t<meta name=\"twitter:data1\" content=\"2 minutit\" \/>\n<script type=\"application\/ld+json\" class=\"yoast-schema-graph\">{\"@context\":\"https:\\\/\\\/schema.org\",\"@graph\":[{\"@type\":\"WebPage\",\"@id\":\"https:\\\/\\\/www.ahotech.com\\\/da\\\/produkt\\\/cr14250-batteri\\\/\",\"url\":\"https:\\\/\\\/www.ahotech.com\\\/da\\\/produkt\\\/cr14250-batteri\\\/\",\"name\":\"cr14250 battery - Ahotech.com\",\"isPartOf\":{\"@id\":\"https:\\\/\\\/www.ahotech.com\\\/es\\\/#website\"},\"primaryImageOfPage\":{\"@id\":\"https:\\\/\\\/www.ahotech.com\\\/da\\\/produkt\\\/cr14250-batteri\\\/#primaryimage\"},\"image\":{\"@id\":\"https:\\\/\\\/www.ahotech.com\\\/da\\\/produkt\\\/cr14250-batteri\\\/#primaryimage\"},\"thumbnailUrl\":\"https:\\\/\\\/www.ahotech.com\\\/wp-content\\\/uploads\\\/2022\\\/03\\\/cr14250.jpg\",\"datePublished\":\"2022-03-02T14:28:09+00:00\",\"dateModified\":\"2022-06-11T08:45:45+00:00\",\"breadcrumb\":{\"@id\":\"https:\\\/\\\/www.ahotech.com\\\/da\\\/produkt\\\/cr14250-batteri\\\/#breadcrumb\"},\"inLanguage\":\"et\",\"potentialAction\":[{\"@type\":\"ReadAction\",\"target\":[\"https:\\\/\\\/www.ahotech.com\\\/da\\\/produkt\\\/cr14250-batteri\\\/\"]}]},{\"@type\":\"ImageObject\",\"inLanguage\":\"et\",\"@id\":\"https:\\\/\\\/www.ahotech.com\\\/da\\\/produkt\\\/cr14250-batteri\\\/#primaryimage\",\"url\":\"https:\\\/\\\/www.ahotech.com\\\/wp-content\\\/uploads\\\/2022\\\/03\\\/cr14250.jpg\",\"contentUrl\":\"https:\\\/\\\/www.ahotech.com\\\/wp-content\\\/uploads\\\/2022\\\/03\\\/cr14250.jpg\",\"width\":800,\"height\":800,\"caption\":\"cr14250\"},{\"@type\":\"BreadcrumbList\",\"@id\":\"https:\\\/\\\/www.ahotech.com\\\/da\\\/produkt\\\/cr14250-batteri\\\/#breadcrumb\",\"itemListElement\":[{\"@type\":\"ListItem\",\"position\":1,\"name\":\"Home\",\"item\":\"https:\\\/\\\/www.ahotech.com\\\/es\\\/\"},{\"@type\":\"ListItem\",\"position\":2,\"name\":\"Store\",\"item\":\"https:\\\/\\\/www.ahotech.com\\\/es\\\/store\\\/\"},{\"@type\":\"ListItem\",\"position\":3,\"name\":\"cr14250 battery\"}]},{\"@type\":\"WebSite\",\"@id\":\"https:\\\/\\\/www.ahotech.com\\\/es\\\/#website\",\"url\":\"https:\\\/\\\/www.ahotech.com\\\/es\\\/\",\"name\":\"Ahotech.com\",\"description\":\"lithium battery manufacturers\",\"publisher\":{\"@id\":\"https:\\\/\\\/www.ahotech.com\\\/es\\\/#organization\"},\"potentialAction\":[{\"@type\":\"SearchAction\",\"target\":{\"@type\":\"EntryPoint\",\"urlTemplate\":\"https:\\\/\\\/www.ahotech.com\\\/es\\\/?s={search_term_string}\"},\"query-input\":{\"@type\":\"PropertyValueSpecification\",\"valueRequired\":true,\"valueName\":\"search_term_string\"}}],\"inLanguage\":\"et\"},{\"@type\":\"Organization\",\"@id\":\"https:\\\/\\\/www.ahotech.com\\\/es\\\/#organization\",\"name\":\"Ahotech.com\",\"url\":\"https:\\\/\\\/www.ahotech.com\\\/es\\\/\",\"logo\":{\"@type\":\"ImageObject\",\"inLanguage\":\"et\",\"@id\":\"https:\\\/\\\/www.ahotech.com\\\/es\\\/#\\\/schema\\\/logo\\\/image\\\/\",\"url\":\"https:\\\/\\\/www.ahotech.com\\\/wp-content\\\/uploads\\\/2021\\\/10\\\/battery-site-logo.jpg\",\"contentUrl\":\"https:\\\/\\\/www.ahotech.com\\\/wp-content\\\/uploads\\\/2021\\\/10\\\/battery-site-logo.jpg\",\"width\":1297,\"height\":465,\"caption\":\"Ahotech.com\"},\"image\":{\"@id\":\"https:\\\/\\\/www.ahotech.com\\\/es\\\/#\\\/schema\\\/logo\\\/image\\\/\"}}]}<\/script>\n<!-- \/ Yoast SEO plugin. -->","yoast_head_json":{"title":"CR14250 patarei - Ahotech.com","robots":{"index":"index","follow":"follow","max-snippet":"max-snippet:-1","max-image-preview":"max-image-preview:large","max-video-preview":"max-video-preview:-1"},"canonical":"https:\/\/www.ahotech.com\/et\/toode\/cr14250-aku\/","og_locale":"et_EE","og_type":"article","og_title":"cr14250 battery - Ahotech.com","og_description":"Product model: CR14250 Type: Primary lithium manganese battery IEC model: 1\/2AA Rated voltage (V) : 3.0 Weight (g) : 12 Nominal capacity current (mAhmA) : 950.5 Maximum continuous discharge current (mA) : 7 Operating temperature (\u2103) : -40~+70 Termination voltage (V) : 2.0 Annual self-discharge rate: &lt; 2% Dimensions: 14.5(dia) * 25.0(H)mm","og_url":"https:\/\/www.ahotech.com\/et\/toode\/cr14250-aku\/","og_site_name":"Ahotech.com","article_modified_time":"2022-06-11T08:45:45+00:00","og_image":[{"width":800,"height":800,"url":"https:\/\/www.ahotech.com\/wp-content\/uploads\/2022\/03\/cr14250.jpg","type":"image\/jpeg"}],"twitter_card":"summary_large_image","twitter_misc":{"Est. reading time":"2 minutit"},"schema":{"@context":"https:\/\/schema.org","@graph":[{"@type":"WebPage","@id":"https:\/\/www.ahotech.com\/da\/produkt\/cr14250-batteri\/","url":"https:\/\/www.ahotech.com\/da\/produkt\/cr14250-batteri\/","name":"CR14250 patarei - Ahotech.com","isPartOf":{"@id":"https:\/\/www.ahotech.com\/es\/#website"},"primaryImageOfPage":{"@id":"https:\/\/www.ahotech.com\/da\/produkt\/cr14250-batteri\/#primaryimage"},"image":{"@id":"https:\/\/www.ahotech.com\/da\/produkt\/cr14250-batteri\/#primaryimage"},"thumbnailUrl":"https:\/\/www.ahotech.com\/wp-content\/uploads\/2022\/03\/cr14250.jpg","datePublished":"2022-03-02T14:28:09+00:00","dateModified":"2022-06-11T08:45:45+00:00","breadcrumb":{"@id":"https:\/\/www.ahotech.com\/da\/produkt\/cr14250-batteri\/#breadcrumb"},"inLanguage":"et","potentialAction":[{"@type":"ReadAction","target":["https:\/\/www.ahotech.com\/da\/produkt\/cr14250-batteri\/"]}]},{"@type":"ImageObject","inLanguage":"et","@id":"https:\/\/www.ahotech.com\/da\/produkt\/cr14250-batteri\/#primaryimage","url":"https:\/\/www.ahotech.com\/wp-content\/uploads\/2022\/03\/cr14250.jpg","contentUrl":"https:\/\/www.ahotech.com\/wp-content\/uploads\/2022\/03\/cr14250.jpg","width":800,"height":800,"caption":"cr14250"},{"@type":"BreadcrumbList","@id":"https:\/\/www.ahotech.com\/da\/produkt\/cr14250-batteri\/#breadcrumb","itemListElement":[{"@type":"ListItem","position":1,"name":"Home","item":"https:\/\/www.ahotech.com\/es\/"},{"@type":"ListItem","position":2,"name":"Store","item":"https:\/\/www.ahotech.com\/es\/store\/"},{"@type":"ListItem","position":3,"name":"cr14250 battery"}]},{"@type":"WebSite","@id":"https:\/\/www.ahotech.com\/es\/#website","url":"https:\/\/www.ahotech.com\/es\/","name":"Ahotech.com","description":"liitiumakude tootjad","publisher":{"@id":"https:\/\/www.ahotech.com\/es\/#organization"},"potentialAction":[{"@type":"SearchAction","target":{"@type":"EntryPoint","urlTemplate":"https:\/\/www.ahotech.com\/es\/?s={search_term_string}"},"query-input":{"@type":"PropertyValueSpecification","valueRequired":true,"valueName":"search_term_string"}}],"inLanguage":"et"},{"@type":"Organization","@id":"https:\/\/www.ahotech.com\/es\/#organization","name":"Ahotech.com","url":"https:\/\/www.ahotech.com\/es\/","logo":{"@type":"ImageObject","inLanguage":"et","@id":"https:\/\/www.ahotech.com\/es\/#\/schema\/logo\/image\/","url":"https:\/\/www.ahotech.com\/wp-content\/uploads\/2021\/10\/battery-site-logo.jpg","contentUrl":"https:\/\/www.ahotech.com\/wp-content\/uploads\/2021\/10\/battery-site-logo.jpg","width":1297,"height":465,"caption":"Ahotech.com"},"image":{"@id":"https:\/\/www.ahotech.com\/es\/#\/schema\/logo\/image\/"}}]}},"_links":{"self":[{"href":"https:\/\/www.ahotech.com\/et\/wp-json\/wp\/v2\/product\/4377","targetHints":{"allow":["GET"]}}],"collection":[{"href":"https:\/\/www.ahotech.com\/et\/wp-json\/wp\/v2\/product"}],"about":[{"href":"https:\/\/www.ahotech.com\/et\/wp-json\/wp\/v2\/types\/product"}],"version-history":[{"count":3,"href":"https:\/\/www.ahotech.com\/et\/wp-json\/wp\/v2\/product\/4377\/revisions"}],"predecessor-version":[{"id":4822,"href":"https:\/\/www.ahotech.com\/et\/wp-json\/wp\/v2\/product\/4377\/revisions\/4822"}],"wp:featuredmedia":[{"embeddable":true,"href":"https:\/\/www.ahotech.com\/et\/wp-json\/wp\/v2\/media\/4379"}],"wp:attachment":[{"href":"https:\/\/www.ahotech.com\/et\/wp-json\/wp\/v2\/media?parent=4377"}],"wp:term":[{"taxonomy":"product_brand","embeddable":true,"href":"https:\/\/www.ahotech.com\/et\/wp-json\/wp\/v2\/product_brand?post=4377"},{"taxonomy":"product_cat","embeddable":true,"href":"https:\/\/www.ahotech.com\/et\/wp-json\/wp\/v2\/product_cat?post=4377"},{"taxonomy":"product_tag","embeddable":true,"href":"https:\/\/www.ahotech.com\/et\/wp-json\/wp\/v2\/product_tag?post=4377"}],"curies":[{"name":"t\u00f6\u00f6leht","href":"https:\/\/api.w.org\/{rel}","templated":true}]}}