{"id":4329,"date":"2022-02-25T06:52:03","date_gmt":"2022-02-25T06:52:03","guid":{"rendered":"https:\/\/www.ahotech.com\/?post_type=product&#038;p=4329"},"modified":"2022-02-25T06:52:05","modified_gmt":"2022-02-25T06:52:05","slug":"lifepo4-aku-12v-200ah","status":"publish","type":"product","link":"https:\/\/www.ahotech.com\/et\/product\/lifepo4-battery-12v-200ah\/","title":{"rendered":"lifepo4 aku 12v 200ah"},"content":{"rendered":"<p>Kvaliteetne kandiline lifepo4 aku 12v: v\u00f5rreldes traditsioonilise pliiakuga on sellel suurem energiatihedus ja ts\u00fckli eluiga, parem elektriline j\u00f5udlus, ohutus, keskkonnakaitse ja reostuse puudumine.<\/p>\n<p><img fetchpriority=\"high\" decoding=\"async\" class=\"alignnone size-medium wp-image-4334\" src=\"https:\/\/www.ahotech.com\/wp-content\/uploads\/2022\/02\/12v-lithium-ion-battery-pack-300x300.jpg\" alt=\"12 V liitiumioonaku\" width=\"300\" height=\"300\" srcset=\"https:\/\/www.ahotech.com\/wp-content\/uploads\/2022\/02\/12v-lithium-ion-battery-pack-300x300.jpg 300w, https:\/\/www.ahotech.com\/wp-content\/uploads\/2022\/02\/12v-lithium-ion-battery-pack-150x150.jpg 150w, https:\/\/www.ahotech.com\/wp-content\/uploads\/2022\/02\/12v-lithium-ion-battery-pack-768x768.jpg 768w, https:\/\/www.ahotech.com\/wp-content\/uploads\/2022\/02\/12v-lithium-ion-battery-pack-600x600.jpg 600w, https:\/\/www.ahotech.com\/wp-content\/uploads\/2022\/02\/12v-lithium-ion-battery-pack-100x100.jpg 100w, https:\/\/www.ahotech.com\/wp-content\/uploads\/2022\/02\/12v-lithium-ion-battery-pack.jpg 800w\" sizes=\"(max-width: 300px) 100vw, 300px\" \/><br \/>\nSuurep\u00e4rane elektriline j\u00f5udlus: madal sisetakistus, k\u00f5rge pidevvoolu laadimis- ja t\u00fchjendusj\u00f5udlus, suur t\u00f6\u00f6temperatuuride vahemik, praktilisem.<\/p>\n<p>Toetab mitut sideprotokolli: Toetab mitut sideprotokolli, n\u00e4iteks RS485, h\u00f5lbustades aku t\u00f5husat haldamist ja hooldust.<\/p>\n<p>Intelligentne BMS aku halduss\u00fcsteem: pakub akule \u00fclelaadimise ja \u00fclet\u00fchjenemise kaitset, \u00fclekoormuse kaitset, k\u00f5rge temperatuuri kaitset, aku tasakaalu, ebanormaalse alarmi ja muid funktsioone.<\/p>\n<p><img decoding=\"async\" class=\"alignnone size-medium wp-image-4320\" src=\"https:\/\/www.ahotech.com\/wp-content\/uploads\/2022\/02\/The-battery-pack-BMS-300x300.jpg\" alt=\"Akupakett BMS\" width=\"300\" height=\"300\" srcset=\"https:\/\/www.ahotech.com\/wp-content\/uploads\/2022\/02\/The-battery-pack-BMS-300x300.jpg 300w, https:\/\/www.ahotech.com\/wp-content\/uploads\/2022\/02\/The-battery-pack-BMS-150x150.jpg 150w, https:\/\/www.ahotech.com\/wp-content\/uploads\/2022\/02\/The-battery-pack-BMS-768x768.jpg 768w, https:\/\/www.ahotech.com\/wp-content\/uploads\/2022\/02\/The-battery-pack-BMS-600x600.jpg 600w, https:\/\/www.ahotech.com\/wp-content\/uploads\/2022\/02\/The-battery-pack-BMS-100x100.jpg 100w, https:\/\/www.ahotech.com\/wp-content\/uploads\/2022\/02\/The-battery-pack-BMS.jpg 800w\" sizes=\"(max-width: 300px) 100vw, 300px\" \/><\/p>\n<p>Hea ohutusn\u00e4itaja: \u00fclima ohutusn\u00e4itajate testi k\u00e4igus aku ei s\u00fctti, ei plahvata, ei leki ja on ohutum kasutada.<\/p>\n<p>Liitiumakude tootmisprotsessile on palju n\u00f5udeid ja mittevastavad mitmesugused kaubam\u00e4rgid v\u00f5ivad kujutada endast turvariske. Longsing on investeerinud suuri summasid spetsialiseeritud tootmisliinidesse.<br \/>\n1, k\u00f5rge automatiseeritus: k\u00f5rgelt automatiseeritud tootmisseadmed aku j\u00f5udluse j\u00e4rjepidevuse tagamiseks.<\/p>\n<p><img decoding=\"async\" class=\"alignnone size-medium wp-image-4336\" src=\"https:\/\/www.ahotech.com\/wp-content\/uploads\/2022\/02\/Lithium-iron-phosphate-battery-production-line\uff082\uff09-300x198.png\" alt=\"Liitiumraudfosfaatakude tootmisliin\" width=\"300\" height=\"198\" srcset=\"https:\/\/www.ahotech.com\/wp-content\/uploads\/2022\/02\/Lithium-iron-phosphate-battery-production-line\uff082\uff09-300x198.png 300w, https:\/\/www.ahotech.com\/wp-content\/uploads\/2022\/02\/Lithium-iron-phosphate-battery-production-line\uff082\uff09-1024x676.png 1024w, https:\/\/www.ahotech.com\/wp-content\/uploads\/2022\/02\/Lithium-iron-phosphate-battery-production-line\uff082\uff09-768x507.png 768w, https:\/\/www.ahotech.com\/wp-content\/uploads\/2022\/02\/Lithium-iron-phosphate-battery-production-line\uff082\uff09-600x396.png 600w, https:\/\/www.ahotech.com\/wp-content\/uploads\/2022\/02\/Lithium-iron-phosphate-battery-production-line\uff082\uff09.png 1167w\" sizes=\"(max-width: 300px) 100vw, 300px\" \/> <img loading=\"lazy\" decoding=\"async\" class=\"alignnone size-medium wp-image-4337\" src=\"https:\/\/www.ahotech.com\/wp-content\/uploads\/2022\/02\/Lithium-iron-phosphate-battery-production-line-300x199.png\" alt=\"Liitiumraudfosfaatakude tootmisliin\" width=\"300\" height=\"199\" srcset=\"https:\/\/www.ahotech.com\/wp-content\/uploads\/2022\/02\/Lithium-iron-phosphate-battery-production-line-300x199.png 300w, https:\/\/www.ahotech.com\/wp-content\/uploads\/2022\/02\/Lithium-iron-phosphate-battery-production-line-1024x678.png 1024w, https:\/\/www.ahotech.com\/wp-content\/uploads\/2022\/02\/Lithium-iron-phosphate-battery-production-line-768x508.png 768w, https:\/\/www.ahotech.com\/wp-content\/uploads\/2022\/02\/Lithium-iron-phosphate-battery-production-line-600x397.png 600w, https:\/\/www.ahotech.com\/wp-content\/uploads\/2022\/02\/Lithium-iron-phosphate-battery-production-line.png 1151w\" sizes=\"(max-width: 300px) 100vw, 300px\" \/><br \/>\n2, k\u00f5rge ohutustase: kandiline alumiiniumist kestkonstruktsioon ja plahvatuskindla klapiga kombineeritud katteplaat, lekkeid pole.<\/p>\n<p><img loading=\"lazy\" decoding=\"async\" class=\"alignnone size-medium wp-image-4338\" src=\"https:\/\/www.ahotech.com\/wp-content\/uploads\/2022\/02\/Lithium-iron-phosphate-battery-housing-300x182.png\" alt=\"Liitium-raudfosfaat aku korpus\" width=\"300\" height=\"182\" srcset=\"https:\/\/www.ahotech.com\/wp-content\/uploads\/2022\/02\/Lithium-iron-phosphate-battery-housing-300x182.png 300w, https:\/\/www.ahotech.com\/wp-content\/uploads\/2022\/02\/Lithium-iron-phosphate-battery-housing-1024x622.png 1024w, https:\/\/www.ahotech.com\/wp-content\/uploads\/2022\/02\/Lithium-iron-phosphate-battery-housing-768x467.png 768w, https:\/\/www.ahotech.com\/wp-content\/uploads\/2022\/02\/Lithium-iron-phosphate-battery-housing-600x365.png 600w, https:\/\/www.ahotech.com\/wp-content\/uploads\/2022\/02\/Lithium-iron-phosphate-battery-housing.png 1132w\" sizes=\"(max-width: 300px) 100vw, 300px\" \/><br \/>\n3, k\u00f5rge t\u00fchjenemiskiirus: madal aku takistus, k\u00f5rge t\u00fchjenemiskiirus, stabiilne t\u00fchjenemisplatvorm.<br \/>\n4, kohandatud disain: toote j\u00e4rjepidevus on k\u00f5rge, seda saab tarnida grupiga, saab vastu v\u00f5tta kohandatud teenuseid.<\/p>\n<p><img loading=\"lazy\" decoding=\"async\" class=\"alignnone size-medium wp-image-4339\" src=\"https:\/\/www.ahotech.com\/wp-content\/uploads\/2022\/02\/Lithium-iron-phosphate-battery-Pack-300x219.png\" alt=\"Liitium-raudfosfaadi aku\" width=\"300\" height=\"219\" srcset=\"https:\/\/www.ahotech.com\/wp-content\/uploads\/2022\/02\/Lithium-iron-phosphate-battery-Pack-300x219.png 300w, https:\/\/www.ahotech.com\/wp-content\/uploads\/2022\/02\/Lithium-iron-phosphate-battery-Pack.png 564w\" sizes=\"(max-width: 300px) 100vw, 300px\" \/><br \/>\n5, pikk ts\u00fckkel<br \/>\n6, roheline keskkonnakaitse: ISO14000 keskkonnas\u00fcsteemi sertifitseerimise kaudu vastavad tooted GB, \u00dcRO ja ROHS juhistele.<br \/>\nKasutusala: sedaanauto, sideenergia salvestamine, elektriauto, laev.<\/p>","protected":false},"excerpt":{"rendered":"<p>Rakk<br \/>\nMudel\uff1aLP71173207<br \/>\nT\u00fc\u00fcp: liitiumraudfosfaat aku<br \/>\nMahutavus: 280Ah<br \/>\nNimipinge: 3,2 V<br \/>\nPakendi standard: mahtuvuse erinevus \u22645%; takistuse erinevus \u22643m\u03a9; pinge h\u00e4lve \u226410 mV<\/p>\n<p>Paki register<br \/>\nPakkimismeetod: 4s1p<br \/>\nNimiv\u00f5imsus: 280AH<br \/>\nNimipinge: 12,8 V<br \/>\nL\u00f5pp-v\u00e4ljalaskepinge: 10 V<br \/>\nMaksimaalne laadimispinge: 14,6 V<br \/>\nStandardne laadimisvool: 56A<br \/>\nMaksimaalne laadimisvool pidev: 280A<br \/>\nPidev t\u00fchjendusvool: 140A<br \/>\nMaksimaalne pidev t\u00fchjendusvool: 280A<br \/>\n\u00dclevoolutugevuse v\u00e4\u00e4rtus: 294A (saab seadistada)<br \/>\n\u00dclekoormuskaitse viivitus: 20S (saab seadistada)<br \/>\nL\u00fchise taastumise tingimused: \u00dchendage koormus automaatse taastumise lahti<br \/>\nL\u00fchisekaitse: 200uS<br \/>\nLaadimistemperatuuri kaitse: 0 \u2103 ~ 60 \u2103<br \/>\nT\u00fchjendustemperatuuri kaitse: -20 \u2103 ~ 60 \u2103<br \/>\nEluiga (kestus v\u00f5i ts\u00fcklid): ts\u00fcklid: minimaalselt 5000 80% mahtuvust 1C laadimise\/t\u00fchjendamisega<br \/>\nMaksimaalne kaal: 21,42 kg (ilma kestata)<br \/>\nAku suurus: P: 285,8 \u00b1 3 mm, L: 173,8 \u00b1 3 mm, K: 207,15 \u00b1 3 mm<\/p>","protected":false},"featured_media":4331,"template":"","meta":{"_acf_changed":false,"site-sidebar-layout":"default","site-content-layout":"default","ast-site-content-layout":"","site-content-style":"default","site-sidebar-style":"default","ast-global-header-display":"","ast-banner-title-visibility":"","ast-main-header-display":"","ast-hfb-above-header-display":"","ast-hfb-below-header-display":"","ast-hfb-mobile-header-display":"","site-post-title":"","ast-breadcrumbs-content":"","ast-featured-img":"","footer-sml-layout":"","theme-transparent-header-meta":"default","adv-header-id-meta":"","stick-header-meta":"","header-above-stick-meta":"","header-main-stick-meta":"","header-below-stick-meta":"","astra-migrate-meta-layouts":"default","ast-page-background-enabled":"default","ast-page-background-meta":{"desktop":{"background-color":"","background-image":"","background-repeat":"repeat","background-position":"center center","background-size":"auto","background-attachment":"scroll","background-type":"","background-media":"","overlay-type":"","overlay-color":"","overlay-opacity":"","overlay-gradient":""},"tablet":{"background-color":"","background-image":"","background-repeat":"repeat","background-position":"center center","background-size":"auto","background-attachment":"scroll","background-type":"","background-media":"","overlay-type":"","overlay-color":"","overlay-opacity":"","overlay-gradient":""},"mobile":{"background-color":"","background-image":"","background-repeat":"repeat","background-position":"center center","background-size":"auto","background-attachment":"scroll","background-type":"","background-media":"","overlay-type":"","overlay-color":"","overlay-opacity":"","overlay-gradient":""}},"ast-content-background-meta":{"desktop":{"background-color":"var(--ast-global-color-5)","background-image":"","background-repeat":"repeat","background-position":"center center","background-size":"auto","background-attachment":"scroll","background-type":"","background-media":"","overlay-type":"","overlay-color":"","overlay-opacity":"","overlay-gradient":""},"tablet":{"background-color":"var(--ast-global-color-5)","background-image":"","background-repeat":"repeat","background-position":"center center","background-size":"auto","background-attachment":"scroll","background-type":"","background-media":"","overlay-type":"","overlay-color":"","overlay-opacity":"","overlay-gradient":""},"mobile":{"background-color":"var(--ast-global-color-5)","background-image":"","background-repeat":"repeat","background-position":"center center","background-size":"auto","background-attachment":"scroll","background-type":"","background-media":"","overlay-type":"","overlay-color":"","overlay-opacity":"","overlay-gradient":""}}},"product_brand":[],"product_cat":[40,41],"product_tag":[],"class_list":{"0":"post-4329","1":"product","2":"type-product","3":"status-publish","4":"has-post-thumbnail","6":"product_cat-lifepo4-battery","7":"product_cat-rechargeable-lithium-battery","8":"desktop-align-left","9":"tablet-align-left","10":"mobile-align-left","12":"first","13":"instock","14":"shipping-taxable","15":"product-type-simple"},"acf":[],"yoast_head":"<!-- This site is optimized with the Yoast SEO plugin v27.3 - https:\/\/yoast.com\/product\/yoast-seo-wordpress\/ -->\n<title>lifepo4 battery 12v 200ah - Ahotech.com<\/title>\n<meta name=\"robots\" content=\"index, follow, max-snippet:-1, max-image-preview:large, max-video-preview:-1\" \/>\n<link rel=\"canonical\" href=\"https:\/\/www.ahotech.com\/et\/toode\/lifepo4-aku-12v-200ah\/\" \/>\n<meta property=\"og:locale\" content=\"et_EE\" \/>\n<meta property=\"og:type\" content=\"article\" \/>\n<meta property=\"og:title\" content=\"lifepo4 battery 12v 200ah - Ahotech.com\" \/>\n<meta property=\"og:description\" content=\"Cell Model\uff1aLP71173207 Type\uff1aLithium Iron Phosphate Battery Capacity\uff1a280Ah Rated Voltage\uff1a3.2V Pack Standard\uff1aCapacity Difference\u22645%\uff1bResistance Difference\u2264 3m\u03a9\uff1bVoltage deviation\u2264 10 mv  Pack Index Pack Method\uff1a4s1p Rated Capacity\uff1a280AH Nominal Voltage\uff1a12.8V End-off Discharge voltage\uff1a10V Max. Charge Voltage\uff1a14.6V Standard Charge Current\uff1a56A Maximum Charge continuous Current\uff1a280A Continuous discharge current\uff1a140A Maximum continuous discharge current\uff1a280A Overcurrent value\uff1a294A\uff08Can be set up\uff09 Overcurrent protection delay\uff1a20S\uff08Can be set up\uff09 Short circuit recovery conditions\uff1aDisconnect the load automatic recovery Short circuit protection\uff1a200uS Charging temperature protection\uff1a0\u2103 ~ 60\u2103 Discharge temperature protection\uff1a-20\u2103 ~ 60\u2103 Lifetime (duration or cycles)\uff1aCycles: minimum 5000 80% capacity 1C charge\/discharge Max Weight \uff1a21.42kg\uff08Does not contain the shell\uff09 Battery size\uff1aL\uff1a285.8\u00b13mm W\uff1a173.8\u00b13mm H\uff1a207.15\u00b13mm\" \/>\n<meta property=\"og:url\" content=\"https:\/\/www.ahotech.com\/et\/toode\/lifepo4-aku-12v-200ah\/\" \/>\n<meta property=\"og:site_name\" content=\"Ahotech.com\" \/>\n<meta property=\"article:modified_time\" content=\"2022-02-25T06:52:05+00:00\" \/>\n<meta property=\"og:image\" content=\"https:\/\/de.ahotech.com\/wp-content\/uploads\/2022\/02\/12v-lithium-battery-pack-2.jpg\" \/>\n\t<meta property=\"og:image:width\" content=\"800\" \/>\n\t<meta property=\"og:image:height\" content=\"800\" \/>\n\t<meta property=\"og:image:type\" content=\"image\/jpeg\" \/>\n<meta name=\"twitter:card\" content=\"summary_large_image\" \/>\n<meta name=\"twitter:label1\" content=\"Est. reading time\" \/>\n\t<meta name=\"twitter:data1\" content=\"1 minut\" \/>\n<script type=\"application\/ld+json\" class=\"yoast-schema-graph\">{\"@context\":\"https:\\\/\\\/schema.org\",\"@graph\":[{\"@type\":\"WebPage\",\"@id\":\"https:\\\/\\\/de.ahotech.com\\\/product\\\/lifepo4-akku-12-v-200-ah\\\/\",\"url\":\"https:\\\/\\\/de.ahotech.com\\\/product\\\/lifepo4-akku-12-v-200-ah\\\/\",\"name\":\"lifepo4 battery 12v 200ah - Ahotech.com\",\"isPartOf\":{\"@id\":\"https:\\\/\\\/www.ahotech.com\\\/es\\\/#website\"},\"primaryImageOfPage\":{\"@id\":\"https:\\\/\\\/de.ahotech.com\\\/product\\\/lifepo4-akku-12-v-200-ah\\\/#primaryimage\"},\"image\":{\"@id\":\"https:\\\/\\\/de.ahotech.com\\\/product\\\/lifepo4-akku-12-v-200-ah\\\/#primaryimage\"},\"thumbnailUrl\":\"https:\\\/\\\/www.ahotech.com\\\/wp-content\\\/uploads\\\/2022\\\/02\\\/12v-lithium-battery-pack-2.jpg\",\"datePublished\":\"2022-02-25T06:52:03+00:00\",\"dateModified\":\"2022-02-25T06:52:05+00:00\",\"breadcrumb\":{\"@id\":\"https:\\\/\\\/de.ahotech.com\\\/product\\\/lifepo4-akku-12-v-200-ah\\\/#breadcrumb\"},\"inLanguage\":\"et\",\"potentialAction\":[{\"@type\":\"ReadAction\",\"target\":[\"https:\\\/\\\/de.ahotech.com\\\/product\\\/lifepo4-akku-12-v-200-ah\\\/\"]}]},{\"@type\":\"ImageObject\",\"inLanguage\":\"et\",\"@id\":\"https:\\\/\\\/de.ahotech.com\\\/product\\\/lifepo4-akku-12-v-200-ah\\\/#primaryimage\",\"url\":\"https:\\\/\\\/www.ahotech.com\\\/wp-content\\\/uploads\\\/2022\\\/02\\\/12v-lithium-battery-pack-2.jpg\",\"contentUrl\":\"https:\\\/\\\/www.ahotech.com\\\/wp-content\\\/uploads\\\/2022\\\/02\\\/12v-lithium-battery-pack-2.jpg\",\"width\":800,\"height\":800,\"caption\":\"12v lithium battery pack\"},{\"@type\":\"BreadcrumbList\",\"@id\":\"https:\\\/\\\/de.ahotech.com\\\/product\\\/lifepo4-akku-12-v-200-ah\\\/#breadcrumb\",\"itemListElement\":[{\"@type\":\"ListItem\",\"position\":1,\"name\":\"Home\",\"item\":\"https:\\\/\\\/www.ahotech.com\\\/es\\\/\"},{\"@type\":\"ListItem\",\"position\":2,\"name\":\"Store\",\"item\":\"https:\\\/\\\/www.ahotech.com\\\/es\\\/store\\\/\"},{\"@type\":\"ListItem\",\"position\":3,\"name\":\"lifepo4 battery 12v 200ah\"}]},{\"@type\":\"WebSite\",\"@id\":\"https:\\\/\\\/www.ahotech.com\\\/es\\\/#website\",\"url\":\"https:\\\/\\\/www.ahotech.com\\\/es\\\/\",\"name\":\"Ahotech.com\",\"description\":\"lithium battery manufacturers\",\"publisher\":{\"@id\":\"https:\\\/\\\/www.ahotech.com\\\/es\\\/#organization\"},\"potentialAction\":[{\"@type\":\"SearchAction\",\"target\":{\"@type\":\"EntryPoint\",\"urlTemplate\":\"https:\\\/\\\/www.ahotech.com\\\/es\\\/?s={search_term_string}\"},\"query-input\":{\"@type\":\"PropertyValueSpecification\",\"valueRequired\":true,\"valueName\":\"search_term_string\"}}],\"inLanguage\":\"et\"},{\"@type\":\"Organization\",\"@id\":\"https:\\\/\\\/www.ahotech.com\\\/es\\\/#organization\",\"name\":\"Ahotech.com\",\"url\":\"https:\\\/\\\/www.ahotech.com\\\/es\\\/\",\"logo\":{\"@type\":\"ImageObject\",\"inLanguage\":\"et\",\"@id\":\"https:\\\/\\\/www.ahotech.com\\\/es\\\/#\\\/schema\\\/logo\\\/image\\\/\",\"url\":\"https:\\\/\\\/www.ahotech.com\\\/wp-content\\\/uploads\\\/2021\\\/10\\\/battery-site-logo.jpg\",\"contentUrl\":\"https:\\\/\\\/www.ahotech.com\\\/wp-content\\\/uploads\\\/2021\\\/10\\\/battery-site-logo.jpg\",\"width\":1297,\"height\":465,\"caption\":\"Ahotech.com\"},\"image\":{\"@id\":\"https:\\\/\\\/www.ahotech.com\\\/es\\\/#\\\/schema\\\/logo\\\/image\\\/\"}}]}<\/script>\n<!-- \/ Yoast SEO plugin. -->","yoast_head_json":{"title":"lifepo4 aku 12v 200ah - Ahotech.com","robots":{"index":"index","follow":"follow","max-snippet":"max-snippet:-1","max-image-preview":"max-image-preview:large","max-video-preview":"max-video-preview:-1"},"canonical":"https:\/\/www.ahotech.com\/et\/toode\/lifepo4-aku-12v-200ah\/","og_locale":"et_EE","og_type":"article","og_title":"lifepo4 battery 12v 200ah - Ahotech.com","og_description":"Cell Model\uff1aLP71173207 Type\uff1aLithium Iron Phosphate Battery Capacity\uff1a280Ah Rated Voltage\uff1a3.2V Pack Standard\uff1aCapacity Difference\u22645%\uff1bResistance Difference\u2264 3m\u03a9\uff1bVoltage deviation\u2264 10 mv  Pack Index Pack Method\uff1a4s1p Rated Capacity\uff1a280AH Nominal Voltage\uff1a12.8V End-off Discharge voltage\uff1a10V Max. Charge Voltage\uff1a14.6V Standard Charge Current\uff1a56A Maximum Charge continuous Current\uff1a280A Continuous discharge current\uff1a140A Maximum continuous discharge current\uff1a280A Overcurrent value\uff1a294A\uff08Can be set up\uff09 Overcurrent protection delay\uff1a20S\uff08Can be set up\uff09 Short circuit recovery conditions\uff1aDisconnect the load automatic recovery Short circuit protection\uff1a200uS Charging temperature protection\uff1a0\u2103 ~ 60\u2103 Discharge temperature protection\uff1a-20\u2103 ~ 60\u2103 Lifetime (duration or cycles)\uff1aCycles: minimum 5000 80% capacity 1C charge\/discharge Max Weight \uff1a21.42kg\uff08Does not contain the shell\uff09 Battery size\uff1aL\uff1a285.8\u00b13mm W\uff1a173.8\u00b13mm H\uff1a207.15\u00b13mm","og_url":"https:\/\/www.ahotech.com\/et\/toode\/lifepo4-aku-12v-200ah\/","og_site_name":"Ahotech.com","article_modified_time":"2022-02-25T06:52:05+00:00","og_image":[{"width":800,"height":800,"url":"https:\/\/de.ahotech.com\/wp-content\/uploads\/2022\/02\/12v-lithium-battery-pack-2.jpg","type":"image\/jpeg"}],"twitter_card":"summary_large_image","twitter_misc":{"Est. reading time":"1 minut"},"schema":{"@context":"https:\/\/schema.org","@graph":[{"@type":"WebPage","@id":"https:\/\/de.ahotech.com\/product\/lifepo4-akku-12-v-200-ah\/","url":"https:\/\/de.ahotech.com\/product\/lifepo4-akku-12-v-200-ah\/","name":"lifepo4 aku 12v 200ah - Ahotech.com","isPartOf":{"@id":"https:\/\/www.ahotech.com\/es\/#website"},"primaryImageOfPage":{"@id":"https:\/\/de.ahotech.com\/product\/lifepo4-akku-12-v-200-ah\/#primaryimage"},"image":{"@id":"https:\/\/de.ahotech.com\/product\/lifepo4-akku-12-v-200-ah\/#primaryimage"},"thumbnailUrl":"https:\/\/www.ahotech.com\/wp-content\/uploads\/2022\/02\/12v-lithium-battery-pack-2.jpg","datePublished":"2022-02-25T06:52:03+00:00","dateModified":"2022-02-25T06:52:05+00:00","breadcrumb":{"@id":"https:\/\/de.ahotech.com\/product\/lifepo4-akku-12-v-200-ah\/#breadcrumb"},"inLanguage":"et","potentialAction":[{"@type":"ReadAction","target":["https:\/\/de.ahotech.com\/product\/lifepo4-akku-12-v-200-ah\/"]}]},{"@type":"ImageObject","inLanguage":"et","@id":"https:\/\/de.ahotech.com\/product\/lifepo4-akku-12-v-200-ah\/#primaryimage","url":"https:\/\/www.ahotech.com\/wp-content\/uploads\/2022\/02\/12v-lithium-battery-pack-2.jpg","contentUrl":"https:\/\/www.ahotech.com\/wp-content\/uploads\/2022\/02\/12v-lithium-battery-pack-2.jpg","width":800,"height":800,"caption":"12v lithium battery pack"},{"@type":"BreadcrumbList","@id":"https:\/\/de.ahotech.com\/product\/lifepo4-akku-12-v-200-ah\/#breadcrumb","itemListElement":[{"@type":"ListItem","position":1,"name":"Home","item":"https:\/\/www.ahotech.com\/es\/"},{"@type":"ListItem","position":2,"name":"Store","item":"https:\/\/www.ahotech.com\/es\/store\/"},{"@type":"ListItem","position":3,"name":"lifepo4 battery 12v 200ah"}]},{"@type":"WebSite","@id":"https:\/\/www.ahotech.com\/es\/#website","url":"https:\/\/www.ahotech.com\/es\/","name":"Ahotech.com","description":"liitiumakude tootjad","publisher":{"@id":"https:\/\/www.ahotech.com\/es\/#organization"},"potentialAction":[{"@type":"SearchAction","target":{"@type":"EntryPoint","urlTemplate":"https:\/\/www.ahotech.com\/es\/?s={search_term_string}"},"query-input":{"@type":"PropertyValueSpecification","valueRequired":true,"valueName":"search_term_string"}}],"inLanguage":"et"},{"@type":"Organization","@id":"https:\/\/www.ahotech.com\/es\/#organization","name":"Ahotech.com","url":"https:\/\/www.ahotech.com\/es\/","logo":{"@type":"ImageObject","inLanguage":"et","@id":"https:\/\/www.ahotech.com\/es\/#\/schema\/logo\/image\/","url":"https:\/\/www.ahotech.com\/wp-content\/uploads\/2021\/10\/battery-site-logo.jpg","contentUrl":"https:\/\/www.ahotech.com\/wp-content\/uploads\/2021\/10\/battery-site-logo.jpg","width":1297,"height":465,"caption":"Ahotech.com"},"image":{"@id":"https:\/\/www.ahotech.com\/es\/#\/schema\/logo\/image\/"}}]}},"_links":{"self":[{"href":"https:\/\/www.ahotech.com\/et\/wp-json\/wp\/v2\/product\/4329","targetHints":{"allow":["GET"]}}],"collection":[{"href":"https:\/\/www.ahotech.com\/et\/wp-json\/wp\/v2\/product"}],"about":[{"href":"https:\/\/www.ahotech.com\/et\/wp-json\/wp\/v2\/types\/product"}],"version-history":[{"count":1,"href":"https:\/\/www.ahotech.com\/et\/wp-json\/wp\/v2\/product\/4329\/revisions"}],"predecessor-version":[{"id":4340,"href":"https:\/\/www.ahotech.com\/et\/wp-json\/wp\/v2\/product\/4329\/revisions\/4340"}],"wp:featuredmedia":[{"embeddable":true,"href":"https:\/\/www.ahotech.com\/et\/wp-json\/wp\/v2\/media\/4331"}],"wp:attachment":[{"href":"https:\/\/www.ahotech.com\/et\/wp-json\/wp\/v2\/media?parent=4329"}],"wp:term":[{"taxonomy":"product_brand","embeddable":true,"href":"https:\/\/www.ahotech.com\/et\/wp-json\/wp\/v2\/product_brand?post=4329"},{"taxonomy":"product_cat","embeddable":true,"href":"https:\/\/www.ahotech.com\/et\/wp-json\/wp\/v2\/product_cat?post=4329"},{"taxonomy":"product_tag","embeddable":true,"href":"https:\/\/www.ahotech.com\/et\/wp-json\/wp\/v2\/product_tag?post=4329"}],"curies":[{"name":"t\u00f6\u00f6leht","href":"https:\/\/api.w.org\/{rel}","templated":true}]}}