{"id":4290,"date":"2022-02-22T04:09:01","date_gmt":"2022-02-22T04:09:01","guid":{"rendered":"https:\/\/www.ahotech.com\/?post_type=product&#038;p=4290"},"modified":"2022-02-22T04:35:19","modified_gmt":"2022-02-22T04:35:19","slug":"lifepo4-aku-12v","status":"publish","type":"product","link":"https:\/\/www.ahotech.com\/et\/product\/lifepo4-battery-12v\/","title":{"rendered":"lifepo4 aku 12v"},"content":{"rendered":"<p class=\"tgt\" data-section=\"1\"><span class=\"tgt\" data-section=\"1\" data-sentence=\"0\" data-group=\"1-0\">lifepo4 aku 12v sisseehitatud BMS aku halduss\u00fcsteem, intelligentne kaitseaku string kasutaja ohutuse tagamiseks.<\/span><\/p>\n<p class=\"tgt\" data-section=\"2\"><span class=\"tgt\" data-section=\"2\" data-sentence=\"0\" data-group=\"2-0\">Kaheksa ohutuskaitset: \u00fclelaadimiskaitse, \u00fclevoolukaitse, \u00fclet\u00fchjenemiskaitse, temperatuurikaitse, elektrilise ennetamise funktsioon, pinge tasakaalustamine, l\u00fchisekaitse, l\u00fchisekaitse.<\/span><\/p>\n<p data-section=\"2\"><img fetchpriority=\"high\" decoding=\"async\" class=\"alignnone size-medium wp-image-4295\" src=\"https:\/\/www.ahotech.com\/wp-content\/uploads\/2022\/02\/Lithium-iron-phosphate-battery-pack-BMS-300x192.png\" alt=\"Liitium-raudfosfaat akupakett BMS\" width=\"300\" height=\"192\" srcset=\"https:\/\/www.ahotech.com\/wp-content\/uploads\/2022\/02\/Lithium-iron-phosphate-battery-pack-BMS-300x192.png 300w, https:\/\/www.ahotech.com\/wp-content\/uploads\/2022\/02\/Lithium-iron-phosphate-battery-pack-BMS.png 358w\" sizes=\"(max-width: 300px) 100vw, 300px\" \/><\/p>\n<p class=\"tgt\" data-section=\"3\"><span class=\"tgt\" data-section=\"3\" data-sentence=\"0\" data-group=\"3-0\">Eelis:<\/span><\/p>\n<p class=\"tgt\" data-section=\"4\"><span class=\"tgt\" data-section=\"4\" data-sentence=\"0\" data-group=\"4-0\">Pikk ts\u00fckkel: k\u00f5rge kvaliteet <a href=\"https:\/\/www.ahotech.com\/et\/toode\/liitium-raudfosfaat-aku-3-2v\/\">liitiumraudfosfaatelement<\/a>, ts\u00fckli eluiga kuni rohkem kui 2000 korda.<\/span><\/p>\n<p class=\"tgt\" data-section=\"5\"><span class=\"tgt\" data-section=\"5\" data-sentence=\"0\" data-group=\"5-0\">Kvaliteetne kandiline lifepo4 aku 12v: v\u00f5rreldes traditsioonilise pliiakuga on sellel suurem energiatihedus ja ts\u00fckli eluiga, parem elektriline j\u00f5udlus, ohutus, keskkonnakaitse ja reostuse puudumine.<\/span><\/p>\n<p class=\"tgt\" data-section=\"6\"><span class=\"tgt\" data-section=\"6\" data-sentence=\"0\" data-group=\"6-0\">Suurep\u00e4rane elektriline j\u00f5udlus: madal sisetakistus, k\u00f5rge pidevvoolu laadimis- ja t\u00fchjendusj\u00f5udlus, suur t\u00f6\u00f6temperatuuride vahemik, praktilisem.<\/span><\/p>\n<p class=\"tgt\" data-section=\"7\"><span class=\"tgt\" data-section=\"7\" data-sentence=\"0\" data-group=\"7-0\">Toetab mitut sideprotokolli: Toetab mitut sideprotokolli, n\u00e4iteks RS485, h\u00f5lbustades aku t\u00f5husat haldamist ja hooldust.<\/span><\/p>\n<p class=\"tgt\" data-section=\"8\"><span class=\"tgt\" data-section=\"8\" data-sentence=\"0\" data-group=\"8-0\">Intelligentne BMS aku halduss\u00fcsteem: pakub akule \u00fclelaadimise ja \u00fclet\u00fchjenemise kaitset, \u00fclekoormuse kaitset, k\u00f5rge temperatuuri kaitset, aku tasakaalu, ebanormaalse alarmi ja muid funktsioone.<\/span><\/p>\n<p class=\"tgt\" data-section=\"9\"><span class=\"tgt\" data-section=\"9\" data-sentence=\"0\" data-group=\"9-0\">Hea ohutusn\u00e4itaja: \u00fclima ohutusn\u00e4itajate testi k\u00e4igus aku ei s\u00fctti, ei plahvata, ei leki ja on ohutum kasutada.<\/span><\/p>\n<p class=\"tgt\" data-section=\"10\"><span class=\"tgt\" data-section=\"10\" data-sentence=\"0\" data-group=\"10-0\">Rakendus: FOTOVOLTAISE energia tootmine, fotogalvaanilise energia salvestamine, side baasjaam, varutoiteallikas jne.<\/span><\/p>\n<p class=\"tgt\" data-section=\"0\"><span class=\"tgt\" data-section=\"0\" data-sentence=\"0\" data-group=\"0-0\">Miks meile lifepo4 aku 12v?<\/span><\/p>\n<p class=\"tgt\" data-section=\"0\"><span class=\"tgt\" data-section=\"0\" data-sentence=\"0\" data-group=\"0-0\">1, v\u00e4ike suurus, kerge kaal;<\/span><\/p>\n<p class=\"tgt\" data-section=\"1\"><span class=\"tgt\" data-section=\"1\" data-sentence=\"0\" data-group=\"1-0\">2, &gt; 2000 ts\u00fcklit, usaldusv\u00e4\u00e4rne j\u00f5udlus;<\/span><\/p>\n<p class=\"tgt\" data-section=\"2\"><span class=\"tgt\" data-section=\"2\" data-sentence=\"0\" data-group=\"2-0\">3. Varustatud t\u00e4iusliku BMS-i sideprotokolliga;<\/span><\/p>\n<p class=\"tgt\" data-section=\"3\"><span class=\"tgt\" data-section=\"3\" data-sentence=\"0\" data-group=\"3-0\">4. Lihtne paigaldus ja lihtne kasutamine;<\/span><\/p>\n<p class=\"tgt\" data-section=\"0\"><span class=\"tgt\" data-section=\"0\" data-sentence=\"0\" data-group=\"0-0\">Longsing Technology asutati aastal 2000. J\u00e4rgides ettev\u00f5tlusvaimu pragmaatilisust, ausust, paindlikkust ja pidevat innovatsiooni, on Longsing Technology p\u00fchendunud akutehnoloogia uurimisele, arendamisele ja rakendamisele.<\/span><span class=\"tgt\" data-section=\"0\" data-sentence=\"1\" data-group=\"0-1\"> Pideva arendustegevuse kaudu on ettev\u00f5ttel primaarpatareide (liitiumsulfur\u00fc\u00fclkloriid) ja sekundaarpatareide (liitiumioonakude) uurimis- ja arendustegevus ning tootmisv\u00f5imsus.<\/span><span class=\"tgt\" data-section=\"0\" data-sentence=\"2\" data-group=\"0-2\"> Vastavalt teie vajadustele pakume konstruktsioonide projekteerimist, elektriprojekti, vedelike simulatsiooni projekteerimist, BMS-i professionaalse vastavuskontrolli testi, kontrolltesti ja muud tehnilist tuge.<\/span><\/p>\n<p class=\"tgt\" data-section=\"1\"><span class=\"tgt\" data-section=\"1\" data-sentence=\"0\" data-group=\"1-0\">6, pikk kasutusiga, madal hind;<\/span><\/p>","protected":false},"excerpt":{"rendered":"<p>Rakk<br \/>\nMudel\uff1aLP27148134<br \/>\nT\u00fc\u00fcp: liitiumraudfosfaat aku<br \/>\nMahutavus: 40Ah<br \/>\nNimipinge: 3,2 V<br \/>\nPaki standard:<br \/>\nMahtuvuste erinevus \u22645% \uff1bTakistuse erinevus \u22643m\u03a9 \uff1bPinge h\u00e4lve \u226410 mV<\/p>\n<p>Paki register<br \/>\nPakkimismeetod: 5P4S<br \/>\nNimiv\u00f5imsus: 200AH<br \/>\nNimipinge: 12,8 V<br \/>\nL\u00f5pp-v\u00e4ljalaskepinge: 8V<br \/>\nMaksimaalne laadimispinge: 14,6 V<br \/>\nStandardne laadimisvool: 40A<br \/>\nMaksimaalne laadimisvool pidev: 200A<br \/>\nPidev t\u00fchjendusvool: 100A<br \/>\nMaksimaalne pidev t\u00fchjendusvool: 200A<br \/>\nL\u00fchise taastumise tingimused: \u00dchendage koormus automaatse taastumise lahti<br \/>\nL\u00fchisekaitse: 200uS<br \/>\nLaadimistemperatuuri kaitse: 0 \u2103 ~ 60 \u2103<br \/>\nT\u00fchjendustemperatuuri kaitse: -20 \u2103 ~ 60 \u2103<br \/>\nEluiga (kestus v\u00f5i ts\u00fcklid): ts\u00fcklid: minimaalselt 5000 80% mahtuvust 1C laadimise\/t\u00fchjendamisega<br \/>\nAku suurus:<br \/>\nPikkus: 275 \u00b1 3 mm<br \/>\nLaius: 296 \u00b1 3 mm<br \/>\nK\u00f5rgus: 132,6 \u00b1 3 mm<\/p>","protected":false},"featured_media":4292,"template":"","meta":{"_acf_changed":false,"site-sidebar-layout":"default","site-content-layout":"default","ast-site-content-layout":"","site-content-style":"default","site-sidebar-style":"default","ast-global-header-display":"","ast-banner-title-visibility":"","ast-main-header-display":"","ast-hfb-above-header-display":"","ast-hfb-below-header-display":"","ast-hfb-mobile-header-display":"","site-post-title":"","ast-breadcrumbs-content":"","ast-featured-img":"","footer-sml-layout":"","theme-transparent-header-meta":"default","adv-header-id-meta":"","stick-header-meta":"","header-above-stick-meta":"","header-main-stick-meta":"","header-below-stick-meta":"","astra-migrate-meta-layouts":"default","ast-page-background-enabled":"default","ast-page-background-meta":{"desktop":{"background-color":"","background-image":"","background-repeat":"repeat","background-position":"center center","background-size":"auto","background-attachment":"scroll","background-type":"","background-media":"","overlay-type":"","overlay-color":"","overlay-opacity":"","overlay-gradient":""},"tablet":{"background-color":"","background-image":"","background-repeat":"repeat","background-position":"center center","background-size":"auto","background-attachment":"scroll","background-type":"","background-media":"","overlay-type":"","overlay-color":"","overlay-opacity":"","overlay-gradient":""},"mobile":{"background-color":"","background-image":"","background-repeat":"repeat","background-position":"center center","background-size":"auto","background-attachment":"scroll","background-type":"","background-media":"","overlay-type":"","overlay-color":"","overlay-opacity":"","overlay-gradient":""}},"ast-content-background-meta":{"desktop":{"background-color":"var(--ast-global-color-5)","background-image":"","background-repeat":"repeat","background-position":"center center","background-size":"auto","background-attachment":"scroll","background-type":"","background-media":"","overlay-type":"","overlay-color":"","overlay-opacity":"","overlay-gradient":""},"tablet":{"background-color":"var(--ast-global-color-5)","background-image":"","background-repeat":"repeat","background-position":"center center","background-size":"auto","background-attachment":"scroll","background-type":"","background-media":"","overlay-type":"","overlay-color":"","overlay-opacity":"","overlay-gradient":""},"mobile":{"background-color":"var(--ast-global-color-5)","background-image":"","background-repeat":"repeat","background-position":"center center","background-size":"auto","background-attachment":"scroll","background-type":"","background-media":"","overlay-type":"","overlay-color":"","overlay-opacity":"","overlay-gradient":""}}},"product_brand":[],"product_cat":[40,41],"product_tag":[],"class_list":{"0":"post-4290","1":"product","2":"type-product","3":"status-publish","4":"has-post-thumbnail","6":"product_cat-lifepo4-battery","7":"product_cat-rechargeable-lithium-battery","8":"desktop-align-left","9":"tablet-align-left","10":"mobile-align-left","12":"first","13":"instock","14":"shipping-taxable","15":"product-type-simple"},"acf":[],"yoast_head":"<!-- This site is optimized with the Yoast SEO plugin v27.3 - https:\/\/yoast.com\/product\/yoast-seo-wordpress\/ -->\n<title>lifepo4 battery 12v - Ahotech.com<\/title>\n<meta name=\"robots\" content=\"index, follow, max-snippet:-1, max-image-preview:large, max-video-preview:-1\" \/>\n<link rel=\"canonical\" href=\"https:\/\/www.ahotech.com\/et\/toode\/lifepo4-aku-12v\/\" \/>\n<meta property=\"og:locale\" content=\"et_EE\" \/>\n<meta property=\"og:type\" content=\"article\" \/>\n<meta property=\"og:title\" content=\"lifepo4 battery 12v - Ahotech.com\" \/>\n<meta property=\"og:description\" content=\"Cell Model\uff1aLP27148134 Type\uff1aLithium Iron Phosphate Battery Capacity\uff1a40Ah Rated Voltage\uff1a3.2V Pack Standard\uff1a Capacity Difference\u22645%\uff1bResistance Difference\u2264 3m\u03a9\uff1bVoltage deviation\u2264 10 mv  Pack Index Pack Method\uff1a5P4S Rated Capacity\uff1a200AH Nominal Voltage\uff1a12.8V End-off Discharge voltage\uff1a8V Max. Charge Voltage\uff1a14.6V Standard Charge Current\uff1a40A Maximum Charge continuous Current\uff1a200A Continuous discharge current\uff1a100A Maximum continuous discharge current \uff1a200A Short circuit recovery conditions\uff1aDisconnect the load automatic recovery Short circuit protection\uff1a200uS Charging temperature protection\uff1a0\u2103 ~ 60\u2103 Discharge temperature protection\uff1a-20\u2103 ~ 60\u2103 Lifetime (duration or cycles)\uff1aCycles: minimum 5000 80% capacity 1C charge\/discharge Battery size\uff1a L\uff1a275\u00b13mm W:296\u00b13mm H:132.6\u00b13mm\" \/>\n<meta property=\"og:url\" content=\"https:\/\/www.ahotech.com\/et\/toode\/lifepo4-aku-12v\/\" \/>\n<meta property=\"og:site_name\" content=\"Ahotech.com\" \/>\n<meta property=\"article:modified_time\" content=\"2022-02-22T04:35:19+00:00\" \/>\n<meta property=\"og:image\" content=\"https:\/\/de.ahotech.com\/wp-content\/uploads\/2022\/02\/lifepo4-battery-12v.jpg\" \/>\n\t<meta property=\"og:image:width\" content=\"800\" \/>\n\t<meta property=\"og:image:height\" content=\"800\" \/>\n\t<meta property=\"og:image:type\" content=\"image\/jpeg\" \/>\n<meta name=\"twitter:card\" content=\"summary_large_image\" \/>\n<meta name=\"twitter:label1\" content=\"Est. reading time\" \/>\n\t<meta name=\"twitter:data1\" content=\"2 minutit\" \/>\n<script type=\"application\/ld+json\" class=\"yoast-schema-graph\">{\"@context\":\"https:\\\/\\\/schema.org\",\"@graph\":[{\"@type\":\"WebPage\",\"@id\":\"https:\\\/\\\/de.ahotech.com\\\/product\\\/lifepo4-akku-12-v\\\/\",\"url\":\"https:\\\/\\\/de.ahotech.com\\\/product\\\/lifepo4-akku-12-v\\\/\",\"name\":\"lifepo4 battery 12v - Ahotech.com\",\"isPartOf\":{\"@id\":\"https:\\\/\\\/www.ahotech.com\\\/es\\\/#website\"},\"primaryImageOfPage\":{\"@id\":\"https:\\\/\\\/de.ahotech.com\\\/product\\\/lifepo4-akku-12-v\\\/#primaryimage\"},\"image\":{\"@id\":\"https:\\\/\\\/de.ahotech.com\\\/product\\\/lifepo4-akku-12-v\\\/#primaryimage\"},\"thumbnailUrl\":\"https:\\\/\\\/www.ahotech.com\\\/wp-content\\\/uploads\\\/2022\\\/02\\\/lifepo4-battery-12v.jpg\",\"datePublished\":\"2022-02-22T04:09:01+00:00\",\"dateModified\":\"2022-02-22T04:35:19+00:00\",\"breadcrumb\":{\"@id\":\"https:\\\/\\\/de.ahotech.com\\\/product\\\/lifepo4-akku-12-v\\\/#breadcrumb\"},\"inLanguage\":\"et\",\"potentialAction\":[{\"@type\":\"ReadAction\",\"target\":[\"https:\\\/\\\/de.ahotech.com\\\/product\\\/lifepo4-akku-12-v\\\/\"]}]},{\"@type\":\"ImageObject\",\"inLanguage\":\"et\",\"@id\":\"https:\\\/\\\/de.ahotech.com\\\/product\\\/lifepo4-akku-12-v\\\/#primaryimage\",\"url\":\"https:\\\/\\\/www.ahotech.com\\\/wp-content\\\/uploads\\\/2022\\\/02\\\/lifepo4-battery-12v.jpg\",\"contentUrl\":\"https:\\\/\\\/www.ahotech.com\\\/wp-content\\\/uploads\\\/2022\\\/02\\\/lifepo4-battery-12v.jpg\",\"width\":800,\"height\":800,\"caption\":\"lifepo4 battery 12v\"},{\"@type\":\"BreadcrumbList\",\"@id\":\"https:\\\/\\\/de.ahotech.com\\\/product\\\/lifepo4-akku-12-v\\\/#breadcrumb\",\"itemListElement\":[{\"@type\":\"ListItem\",\"position\":1,\"name\":\"Home\",\"item\":\"https:\\\/\\\/www.ahotech.com\\\/es\\\/\"},{\"@type\":\"ListItem\",\"position\":2,\"name\":\"Store\",\"item\":\"https:\\\/\\\/www.ahotech.com\\\/es\\\/store\\\/\"},{\"@type\":\"ListItem\",\"position\":3,\"name\":\"lifepo4 battery 12v\"}]},{\"@type\":\"WebSite\",\"@id\":\"https:\\\/\\\/www.ahotech.com\\\/es\\\/#website\",\"url\":\"https:\\\/\\\/www.ahotech.com\\\/es\\\/\",\"name\":\"Ahotech.com\",\"description\":\"lithium battery manufacturers\",\"publisher\":{\"@id\":\"https:\\\/\\\/www.ahotech.com\\\/es\\\/#organization\"},\"potentialAction\":[{\"@type\":\"SearchAction\",\"target\":{\"@type\":\"EntryPoint\",\"urlTemplate\":\"https:\\\/\\\/www.ahotech.com\\\/es\\\/?s={search_term_string}\"},\"query-input\":{\"@type\":\"PropertyValueSpecification\",\"valueRequired\":true,\"valueName\":\"search_term_string\"}}],\"inLanguage\":\"et\"},{\"@type\":\"Organization\",\"@id\":\"https:\\\/\\\/www.ahotech.com\\\/es\\\/#organization\",\"name\":\"Ahotech.com\",\"url\":\"https:\\\/\\\/www.ahotech.com\\\/es\\\/\",\"logo\":{\"@type\":\"ImageObject\",\"inLanguage\":\"et\",\"@id\":\"https:\\\/\\\/www.ahotech.com\\\/es\\\/#\\\/schema\\\/logo\\\/image\\\/\",\"url\":\"https:\\\/\\\/www.ahotech.com\\\/wp-content\\\/uploads\\\/2021\\\/10\\\/battery-site-logo.jpg\",\"contentUrl\":\"https:\\\/\\\/www.ahotech.com\\\/wp-content\\\/uploads\\\/2021\\\/10\\\/battery-site-logo.jpg\",\"width\":1297,\"height\":465,\"caption\":\"Ahotech.com\"},\"image\":{\"@id\":\"https:\\\/\\\/www.ahotech.com\\\/es\\\/#\\\/schema\\\/logo\\\/image\\\/\"}}]}<\/script>\n<!-- \/ Yoast SEO plugin. -->","yoast_head_json":{"title":"12v lifepo4 aku - Ahotech.com","robots":{"index":"index","follow":"follow","max-snippet":"max-snippet:-1","max-image-preview":"max-image-preview:large","max-video-preview":"max-video-preview:-1"},"canonical":"https:\/\/www.ahotech.com\/et\/toode\/lifepo4-aku-12v\/","og_locale":"et_EE","og_type":"article","og_title":"lifepo4 battery 12v - Ahotech.com","og_description":"Cell Model\uff1aLP27148134 Type\uff1aLithium Iron Phosphate Battery Capacity\uff1a40Ah Rated Voltage\uff1a3.2V Pack Standard\uff1a Capacity Difference\u22645%\uff1bResistance Difference\u2264 3m\u03a9\uff1bVoltage deviation\u2264 10 mv  Pack Index Pack Method\uff1a5P4S Rated Capacity\uff1a200AH Nominal Voltage\uff1a12.8V End-off Discharge voltage\uff1a8V Max. Charge Voltage\uff1a14.6V Standard Charge Current\uff1a40A Maximum Charge continuous Current\uff1a200A Continuous discharge current\uff1a100A Maximum continuous discharge current \uff1a200A Short circuit recovery conditions\uff1aDisconnect the load automatic recovery Short circuit protection\uff1a200uS Charging temperature protection\uff1a0\u2103 ~ 60\u2103 Discharge temperature protection\uff1a-20\u2103 ~ 60\u2103 Lifetime (duration or cycles)\uff1aCycles: minimum 5000 80% capacity 1C charge\/discharge Battery size\uff1a L\uff1a275\u00b13mm W:296\u00b13mm H:132.6\u00b13mm","og_url":"https:\/\/www.ahotech.com\/et\/toode\/lifepo4-aku-12v\/","og_site_name":"Ahotech.com","article_modified_time":"2022-02-22T04:35:19+00:00","og_image":[{"width":800,"height":800,"url":"https:\/\/de.ahotech.com\/wp-content\/uploads\/2022\/02\/lifepo4-battery-12v.jpg","type":"image\/jpeg"}],"twitter_card":"summary_large_image","twitter_misc":{"Est. reading time":"2 minutit"},"schema":{"@context":"https:\/\/schema.org","@graph":[{"@type":"WebPage","@id":"https:\/\/de.ahotech.com\/product\/lifepo4-akku-12-v\/","url":"https:\/\/de.ahotech.com\/product\/lifepo4-akku-12-v\/","name":"12v lifepo4 aku - Ahotech.com","isPartOf":{"@id":"https:\/\/www.ahotech.com\/es\/#website"},"primaryImageOfPage":{"@id":"https:\/\/de.ahotech.com\/product\/lifepo4-akku-12-v\/#primaryimage"},"image":{"@id":"https:\/\/de.ahotech.com\/product\/lifepo4-akku-12-v\/#primaryimage"},"thumbnailUrl":"https:\/\/www.ahotech.com\/wp-content\/uploads\/2022\/02\/lifepo4-battery-12v.jpg","datePublished":"2022-02-22T04:09:01+00:00","dateModified":"2022-02-22T04:35:19+00:00","breadcrumb":{"@id":"https:\/\/de.ahotech.com\/product\/lifepo4-akku-12-v\/#breadcrumb"},"inLanguage":"et","potentialAction":[{"@type":"ReadAction","target":["https:\/\/de.ahotech.com\/product\/lifepo4-akku-12-v\/"]}]},{"@type":"ImageObject","inLanguage":"et","@id":"https:\/\/de.ahotech.com\/product\/lifepo4-akku-12-v\/#primaryimage","url":"https:\/\/www.ahotech.com\/wp-content\/uploads\/2022\/02\/lifepo4-battery-12v.jpg","contentUrl":"https:\/\/www.ahotech.com\/wp-content\/uploads\/2022\/02\/lifepo4-battery-12v.jpg","width":800,"height":800,"caption":"lifepo4 battery 12v"},{"@type":"BreadcrumbList","@id":"https:\/\/de.ahotech.com\/product\/lifepo4-akku-12-v\/#breadcrumb","itemListElement":[{"@type":"ListItem","position":1,"name":"Home","item":"https:\/\/www.ahotech.com\/es\/"},{"@type":"ListItem","position":2,"name":"Store","item":"https:\/\/www.ahotech.com\/es\/store\/"},{"@type":"ListItem","position":3,"name":"lifepo4 battery 12v"}]},{"@type":"WebSite","@id":"https:\/\/www.ahotech.com\/es\/#website","url":"https:\/\/www.ahotech.com\/es\/","name":"Ahotech.com","description":"liitiumakude tootjad","publisher":{"@id":"https:\/\/www.ahotech.com\/es\/#organization"},"potentialAction":[{"@type":"SearchAction","target":{"@type":"EntryPoint","urlTemplate":"https:\/\/www.ahotech.com\/es\/?s={search_term_string}"},"query-input":{"@type":"PropertyValueSpecification","valueRequired":true,"valueName":"search_term_string"}}],"inLanguage":"et"},{"@type":"Organization","@id":"https:\/\/www.ahotech.com\/es\/#organization","name":"Ahotech.com","url":"https:\/\/www.ahotech.com\/es\/","logo":{"@type":"ImageObject","inLanguage":"et","@id":"https:\/\/www.ahotech.com\/es\/#\/schema\/logo\/image\/","url":"https:\/\/www.ahotech.com\/wp-content\/uploads\/2021\/10\/battery-site-logo.jpg","contentUrl":"https:\/\/www.ahotech.com\/wp-content\/uploads\/2021\/10\/battery-site-logo.jpg","width":1297,"height":465,"caption":"Ahotech.com"},"image":{"@id":"https:\/\/www.ahotech.com\/es\/#\/schema\/logo\/image\/"}}]}},"_links":{"self":[{"href":"https:\/\/www.ahotech.com\/et\/wp-json\/wp\/v2\/product\/4290","targetHints":{"allow":["GET"]}}],"collection":[{"href":"https:\/\/www.ahotech.com\/et\/wp-json\/wp\/v2\/product"}],"about":[{"href":"https:\/\/www.ahotech.com\/et\/wp-json\/wp\/v2\/types\/product"}],"version-history":[{"count":9,"href":"https:\/\/www.ahotech.com\/et\/wp-json\/wp\/v2\/product\/4290\/revisions"}],"predecessor-version":[{"id":4308,"href":"https:\/\/www.ahotech.com\/et\/wp-json\/wp\/v2\/product\/4290\/revisions\/4308"}],"wp:featuredmedia":[{"embeddable":true,"href":"https:\/\/www.ahotech.com\/et\/wp-json\/wp\/v2\/media\/4292"}],"wp:attachment":[{"href":"https:\/\/www.ahotech.com\/et\/wp-json\/wp\/v2\/media?parent=4290"}],"wp:term":[{"taxonomy":"product_brand","embeddable":true,"href":"https:\/\/www.ahotech.com\/et\/wp-json\/wp\/v2\/product_brand?post=4290"},{"taxonomy":"product_cat","embeddable":true,"href":"https:\/\/www.ahotech.com\/et\/wp-json\/wp\/v2\/product_cat?post=4290"},{"taxonomy":"product_tag","embeddable":true,"href":"https:\/\/www.ahotech.com\/et\/wp-json\/wp\/v2\/product_tag?post=4290"}],"curies":[{"name":"t\u00f6\u00f6leht","href":"https:\/\/api.w.org\/{rel}","templated":true}]}}