{"id":4259,"date":"2022-02-21T06:52:13","date_gmt":"2022-02-21T06:52:13","guid":{"rendered":"https:\/\/www.ahotech.com\/?post_type=product&#038;p=4259"},"modified":"2022-02-25T06:28:51","modified_gmt":"2022-02-25T06:28:51","slug":"3-2v-lifepo4-aku","status":"publish","type":"product","link":"https:\/\/www.ahotech.com\/et\/product\/3-2v-lifepo4-battery\/","title":{"rendered":"3,2 V lifepo4 aku"},"content":{"rendered":"<p><a href=\"https:\/\/www.ahotech.com\/et\/toode\/lifepo4-aku\/\">Lifepo4 aku<\/a> Sellel on mitmeid unikaalseid eeliseid, nagu k\u00f5rge t\u00f6\u00f6pinge, k\u00f5rge energiatihedus, pikk eluts\u00fckkel, roheline keskkonnakaitse ja astmevaba laiendamise tugi. P\u00e4rast energiasalvestuss\u00fcsteemi moodustamist saab seda kasutada suuremahuliseks elektrienergia salvestamiseks. Liitiumfosfaataku energiasalvestuss\u00fcsteem koosneb liitiumfosfaatakust, aku halduss\u00fcsteemist (BMS), muundurseadmest (alaldi, inverter), kesksest j\u00e4lgimiss\u00fcsteemist, trafost jne.<\/p>\n<p>Lisaks toetab see astmevaba laiendamist ja sobib suuremahuliseks energia salvestamiseks. Sellel on head rakendusv\u00f5imalused taastuvenergia elektrijaamade elektrienergia tootmise ohutuse ja v\u00f5rgu\u00fchenduse, elektriv\u00f5rgu tippkoormuse reguleerimise, hajutatud elektrijaamade, UPS-toiteallikate, avariitoites\u00fcsteemide jms valdkonnas.<br \/>\nLiitiumioonaku 26650-3600mAh-3.2V karakteristikute k\u00f5ver:<\/p>\n<p><img fetchpriority=\"high\" decoding=\"async\" class=\"alignnone size-medium wp-image-4265\" src=\"https:\/\/www.ahotech.com\/wp-content\/uploads\/2022\/02\/lifepo4-battery-Characteristics-Curve--300x175.png\" alt=\"lifepo4 aku omaduste k\u00f5ver \" width=\"300\" height=\"175\" srcset=\"https:\/\/www.ahotech.com\/wp-content\/uploads\/2022\/02\/lifepo4-battery-Characteristics-Curve--300x175.png 300w, https:\/\/www.ahotech.com\/wp-content\/uploads\/2022\/02\/lifepo4-battery-Characteristics-Curve--1024x597.png 1024w, https:\/\/www.ahotech.com\/wp-content\/uploads\/2022\/02\/lifepo4-battery-Characteristics-Curve--768x448.png 768w, https:\/\/www.ahotech.com\/wp-content\/uploads\/2022\/02\/lifepo4-battery-Characteristics-Curve--600x350.png 600w, https:\/\/www.ahotech.com\/wp-content\/uploads\/2022\/02\/lifepo4-battery-Characteristics-Curve-.png 1058w\" sizes=\"(max-width: 300px) 100vw, 300px\" \/><\/p>\n<p>Elektrilised omadused<\/p>\n<p>1. T\u00fchjendusmaht normaaltemperatuuril: P\u00e4rast t\u00e4ielikku laadimist saab katse 10 minutiks ootele panna; 0,2C t\u00fchjenemine 2,5V-ni v\u00f5imaldab viis kordust. Kui kolme j\u00e4rjestikuse katse ulatus on v\u00e4iksem kui 3% nimimahutavusest, saab katse enne t\u00e4htaega l\u00f5pule viia ja saada testi tulemuste maksimaalse v\u00e4\u00e4rtuse.<\/p>\n<p>2. T\u00fchjendusj\u00f5udlus erinevatel temperatuuridel: P\u00e4rast tavaliste akude standardlaadimist tuleks neid hoida v\u00e4hemalt 12 tundi konstantsel temperatuuril vastavalt \u201320 \u2103, \u201310 \u2103, 0 \u2103, 10 \u2103 ja 25 \u2103 ning 5 tundi temperatuuril 60 \u2103. Seej\u00e4rel t\u00fchjendage 0,5C vooluga vastava l\u00f5pppingeni. Kui \u00fcmbritseva \u00f5hu temperatuur on \u00fcle 15 \u2103, on l\u00f5pppinge 2,5 V, kui alla 15 \u2103, on see 2,0 V.<\/p>\n<p>&nbsp;<\/p>","protected":false},"excerpt":{"rendered":"<p>Mudel: liitiumioonaku 26650-3600mAh-3.2V<br \/>\nStandardmaht: 3600mAh 0,2C (voolutugevus 3600mA 1C juures)<br \/>\nMinimaalne mahtuvus: 3550mAh 0.2<br \/>\nStandardpinge: 3,2 V<br \/>\nVahelduv sisemine takistus: \u226425m\u03a9<br \/>\nLaadimistingimused\uff1aL\u00fclituspinge 3,65 \u00b1 0,05 VL\u00fclitusvool 0,01 C konstantse vooluga laadimine kuni 3,65 V 0,5 \u00b0C juures, konstantse pingega laadimine peatatakse kuni 0,01 C mA-ni<br \/>\nMaksimaalne laadimisvool: 3,6 A<br \/>\nT\u00fchjenduspiiri pinge: 2,5 V<br \/>\nStandardne t\u00fchjendusvool: 1,8 A<br \/>\nKiire t\u00fchjendusvool: 3,6 A. See voolutugevus on elementide kombinatsiooni jaoks soovitatav maksimaalne voolutugevus ja konkreetne v\u00e4\u00e4rtus tuleks m\u00e4\u00e4rata vastavalt kombinatsiooni struktuurile. Maksimaalne t\u00f6\u00f6vool on seatud temperatuurile, mis ei \u00fcleta 60 \u2103.<br \/>\nMaksimaalne pidev t\u00fchjendusvool: 10,8 A Ainult \u00fcheelemendilise aku puhul<br \/>\nImpulssvoolu t\u00fchjendusvool: 20A, 5s<br \/>\nTs\u00fckli karakteristik: 2000 korda (100%DOD), 4000 korda (80%DOD), 7000 korda (50%DOD). J\u00e4\u00e4kmahtuvus on 1C kiirusel v\u00e4hemalt 80% nimimahutavusest.<\/p>\n<p>Suuruse pilt:<\/p>\n<p><img decoding=\"async\" class=\"alignnone size-medium wp-image-4266\" src=\"https:\/\/www.ahotech.com\/wp-content\/uploads\/2022\/02\/Lithium-iron-phosphate-battery-Size-300x219.png\" alt=\"Liitium-raudfosfaat aku suurus\" width=\"300\" height=\"219\" srcset=\"https:\/\/www.ahotech.com\/wp-content\/uploads\/2022\/02\/Lithium-iron-phosphate-battery-Size-300x219.png 300w, https:\/\/www.ahotech.com\/wp-content\/uploads\/2022\/02\/Lithium-iron-phosphate-battery-Size.png 572w\" sizes=\"(max-width: 300px) 100vw, 300px\" \/><\/p>\n<p>&nbsp;<\/p>","protected":false},"featured_media":4261,"template":"","meta":{"_acf_changed":false,"site-sidebar-layout":"default","site-content-layout":"default","ast-site-content-layout":"","site-content-style":"default","site-sidebar-style":"default","ast-global-header-display":"","ast-banner-title-visibility":"","ast-main-header-display":"","ast-hfb-above-header-display":"","ast-hfb-below-header-display":"","ast-hfb-mobile-header-display":"","site-post-title":"","ast-breadcrumbs-content":"","ast-featured-img":"","footer-sml-layout":"","theme-transparent-header-meta":"default","adv-header-id-meta":"","stick-header-meta":"","header-above-stick-meta":"","header-main-stick-meta":"","header-below-stick-meta":"","astra-migrate-meta-layouts":"default","ast-page-background-enabled":"default","ast-page-background-meta":{"desktop":{"background-color":"","background-image":"","background-repeat":"repeat","background-position":"center center","background-size":"auto","background-attachment":"scroll","background-type":"","background-media":"","overlay-type":"","overlay-color":"","overlay-opacity":"","overlay-gradient":""},"tablet":{"background-color":"","background-image":"","background-repeat":"repeat","background-position":"center center","background-size":"auto","background-attachment":"scroll","background-type":"","background-media":"","overlay-type":"","overlay-color":"","overlay-opacity":"","overlay-gradient":""},"mobile":{"background-color":"","background-image":"","background-repeat":"repeat","background-position":"center center","background-size":"auto","background-attachment":"scroll","background-type":"","background-media":"","overlay-type":"","overlay-color":"","overlay-opacity":"","overlay-gradient":""}},"ast-content-background-meta":{"desktop":{"background-color":"var(--ast-global-color-5)","background-image":"","background-repeat":"repeat","background-position":"center center","background-size":"auto","background-attachment":"scroll","background-type":"","background-media":"","overlay-type":"","overlay-color":"","overlay-opacity":"","overlay-gradient":""},"tablet":{"background-color":"var(--ast-global-color-5)","background-image":"","background-repeat":"repeat","background-position":"center center","background-size":"auto","background-attachment":"scroll","background-type":"","background-media":"","overlay-type":"","overlay-color":"","overlay-opacity":"","overlay-gradient":""},"mobile":{"background-color":"var(--ast-global-color-5)","background-image":"","background-repeat":"repeat","background-position":"center center","background-size":"auto","background-attachment":"scroll","background-type":"","background-media":"","overlay-type":"","overlay-color":"","overlay-opacity":"","overlay-gradient":""}}},"product_brand":[],"product_cat":[40,41],"product_tag":[],"class_list":{"0":"post-4259","1":"product","2":"type-product","3":"status-publish","4":"has-post-thumbnail","6":"product_cat-lifepo4-battery","7":"product_cat-rechargeable-lithium-battery","8":"desktop-align-left","9":"tablet-align-left","10":"mobile-align-left","12":"first","13":"instock","14":"shipping-taxable","15":"product-type-simple"},"acf":[],"yoast_head":"<!-- This site is optimized with the Yoast SEO plugin v27.3 - https:\/\/yoast.com\/product\/yoast-seo-wordpress\/ -->\n<title>3.2V lifepo4 battery - Ahotech.com<\/title>\n<meta name=\"robots\" content=\"index, follow, max-snippet:-1, max-image-preview:large, max-video-preview:-1\" \/>\n<link rel=\"canonical\" href=\"https:\/\/www.ahotech.com\/et\/toode\/3-2v-lifepo4-aku\/\" \/>\n<meta property=\"og:locale\" content=\"et_EE\" \/>\n<meta property=\"og:type\" content=\"article\" \/>\n<meta property=\"og:title\" content=\"3.2V lifepo4 battery - Ahotech.com\" \/>\n<meta property=\"og:description\" content=\"Model\uff1aLithium-ion Cell 26650-3600mAh-3.2V Standard Capacity\uff1a3600mAh 0.2C,( current value of 3600mA at 1C\uff09 Minimum Capacity\uff1a3550mAh 0.2 Standard Voltage\uff1a3.2 V Alternating Internal Resistance\uff1a \u226425m\u03a9 Charge Conditions\uff1aCut-off Voltage 3.65\u00b10.05V Cut-off Current 0.01C constant-current charge to 3.65V at 0.5C, constant voltage charge to stop until 0.01C mA Max. Charging Current\uff1a3.6A Discharge Cut-off Voltage\uff1a2.5V Standard Discharge Current\uff1a1.8A Fast Discharge Curre\uff1a3.6A This current is the maximum current recommended for the combination of cells, and the specific value should be determined according to the combination structure. The maximum operating current is set at a temperature not exceeding 60 \u2103. Max. Continuous Discharge Current: 10.8A Only for single cell Pulse Discharge Current\uff1a20A\uff0c5s Cycle Characteristic\uff1a2000 times\uff08100%DOD\uff09 4000 times\uff0880%DOD\uff09 7000 times\uff0850%DOD\uff09the residual capacity is no less than 80% of rated capacity at 1C rate.  Size picture\uff1a    &nbsp;\" \/>\n<meta property=\"og:url\" content=\"https:\/\/www.ahotech.com\/et\/toode\/3-2v-lifepo4-aku\/\" \/>\n<meta property=\"og:site_name\" content=\"Ahotech.com\" \/>\n<meta property=\"article:modified_time\" content=\"2022-02-25T06:28:51+00:00\" \/>\n<meta property=\"og:image\" content=\"https:\/\/www.ahotech.com\/wp-content\/uploads\/2022\/02\/lifepo4-lithium-ion-battery.jpg\" \/>\n\t<meta property=\"og:image:width\" content=\"800\" \/>\n\t<meta property=\"og:image:height\" content=\"800\" \/>\n\t<meta property=\"og:image:type\" content=\"image\/jpeg\" \/>\n<meta name=\"twitter:card\" content=\"summary_large_image\" \/>\n<meta name=\"twitter:label1\" content=\"Est. reading time\" \/>\n\t<meta name=\"twitter:data1\" content=\"2 minutit\" \/>\n<script type=\"application\/ld+json\" class=\"yoast-schema-graph\">{\"@context\":\"https:\\\/\\\/schema.org\",\"@graph\":[{\"@type\":\"WebPage\",\"@id\":\"https:\\\/\\\/www.ahotech.com\\\/es\\\/producto\\\/bateria-lifepo4-de-32-v\\\/\",\"url\":\"https:\\\/\\\/www.ahotech.com\\\/es\\\/producto\\\/bateria-lifepo4-de-32-v\\\/\",\"name\":\"3.2V lifepo4 battery - Ahotech.com\",\"isPartOf\":{\"@id\":\"https:\\\/\\\/www.ahotech.com\\\/es\\\/#website\"},\"primaryImageOfPage\":{\"@id\":\"https:\\\/\\\/www.ahotech.com\\\/es\\\/producto\\\/bateria-lifepo4-de-32-v\\\/#primaryimage\"},\"image\":{\"@id\":\"https:\\\/\\\/www.ahotech.com\\\/es\\\/producto\\\/bateria-lifepo4-de-32-v\\\/#primaryimage\"},\"thumbnailUrl\":\"https:\\\/\\\/www.ahotech.com\\\/wp-content\\\/uploads\\\/2022\\\/02\\\/lifepo4-lithium-ion-battery.jpg\",\"datePublished\":\"2022-02-21T06:52:13+00:00\",\"dateModified\":\"2022-02-25T06:28:51+00:00\",\"breadcrumb\":{\"@id\":\"https:\\\/\\\/www.ahotech.com\\\/es\\\/producto\\\/bateria-lifepo4-de-32-v\\\/#breadcrumb\"},\"inLanguage\":\"et\",\"potentialAction\":[{\"@type\":\"ReadAction\",\"target\":[\"https:\\\/\\\/www.ahotech.com\\\/es\\\/producto\\\/bateria-lifepo4-de-32-v\\\/\"]}]},{\"@type\":\"ImageObject\",\"inLanguage\":\"et\",\"@id\":\"https:\\\/\\\/www.ahotech.com\\\/es\\\/producto\\\/bateria-lifepo4-de-32-v\\\/#primaryimage\",\"url\":\"https:\\\/\\\/www.ahotech.com\\\/wp-content\\\/uploads\\\/2022\\\/02\\\/lifepo4-lithium-ion-battery.jpg\",\"contentUrl\":\"https:\\\/\\\/www.ahotech.com\\\/wp-content\\\/uploads\\\/2022\\\/02\\\/lifepo4-lithium-ion-battery.jpg\",\"width\":800,\"height\":800,\"caption\":\"lifepo4 lithium ion battery\"},{\"@type\":\"BreadcrumbList\",\"@id\":\"https:\\\/\\\/www.ahotech.com\\\/es\\\/producto\\\/bateria-lifepo4-de-32-v\\\/#breadcrumb\",\"itemListElement\":[{\"@type\":\"ListItem\",\"position\":1,\"name\":\"Home\",\"item\":\"https:\\\/\\\/www.ahotech.com\\\/es\\\/\"},{\"@type\":\"ListItem\",\"position\":2,\"name\":\"Store\",\"item\":\"https:\\\/\\\/www.ahotech.com\\\/es\\\/store\\\/\"},{\"@type\":\"ListItem\",\"position\":3,\"name\":\"3.2V lifepo4 battery\"}]},{\"@type\":\"WebSite\",\"@id\":\"https:\\\/\\\/www.ahotech.com\\\/es\\\/#website\",\"url\":\"https:\\\/\\\/www.ahotech.com\\\/es\\\/\",\"name\":\"Ahotech.com\",\"description\":\"lithium battery manufacturers\",\"publisher\":{\"@id\":\"https:\\\/\\\/www.ahotech.com\\\/es\\\/#organization\"},\"potentialAction\":[{\"@type\":\"SearchAction\",\"target\":{\"@type\":\"EntryPoint\",\"urlTemplate\":\"https:\\\/\\\/www.ahotech.com\\\/es\\\/?s={search_term_string}\"},\"query-input\":{\"@type\":\"PropertyValueSpecification\",\"valueRequired\":true,\"valueName\":\"search_term_string\"}}],\"inLanguage\":\"et\"},{\"@type\":\"Organization\",\"@id\":\"https:\\\/\\\/www.ahotech.com\\\/es\\\/#organization\",\"name\":\"Ahotech.com\",\"url\":\"https:\\\/\\\/www.ahotech.com\\\/es\\\/\",\"logo\":{\"@type\":\"ImageObject\",\"inLanguage\":\"et\",\"@id\":\"https:\\\/\\\/www.ahotech.com\\\/es\\\/#\\\/schema\\\/logo\\\/image\\\/\",\"url\":\"https:\\\/\\\/www.ahotech.com\\\/wp-content\\\/uploads\\\/2021\\\/10\\\/battery-site-logo.jpg\",\"contentUrl\":\"https:\\\/\\\/www.ahotech.com\\\/wp-content\\\/uploads\\\/2021\\\/10\\\/battery-site-logo.jpg\",\"width\":1297,\"height\":465,\"caption\":\"Ahotech.com\"},\"image\":{\"@id\":\"https:\\\/\\\/www.ahotech.com\\\/es\\\/#\\\/schema\\\/logo\\\/image\\\/\"}}]}<\/script>\n<!-- \/ Yoast SEO plugin. -->","yoast_head_json":{"title":"3,2 V lifepo4 aku - Ahotech.com","robots":{"index":"index","follow":"follow","max-snippet":"max-snippet:-1","max-image-preview":"max-image-preview:large","max-video-preview":"max-video-preview:-1"},"canonical":"https:\/\/www.ahotech.com\/et\/toode\/3-2v-lifepo4-aku\/","og_locale":"et_EE","og_type":"article","og_title":"3.2V lifepo4 battery - Ahotech.com","og_description":"Model\uff1aLithium-ion Cell 26650-3600mAh-3.2V Standard Capacity\uff1a3600mAh 0.2C,( current value of 3600mA at 1C\uff09 Minimum Capacity\uff1a3550mAh 0.2 Standard Voltage\uff1a3.2 V Alternating Internal Resistance\uff1a \u226425m\u03a9 Charge Conditions\uff1aCut-off Voltage 3.65\u00b10.05V Cut-off Current 0.01C constant-current charge to 3.65V at 0.5C, constant voltage charge to stop until 0.01C mA Max. Charging Current\uff1a3.6A Discharge Cut-off Voltage\uff1a2.5V Standard Discharge Current\uff1a1.8A Fast Discharge Curre\uff1a3.6A This current is the maximum current recommended for the combination of cells, and the specific value should be determined according to the combination structure. The maximum operating current is set at a temperature not exceeding 60 \u2103. Max. Continuous Discharge Current: 10.8A Only for single cell Pulse Discharge Current\uff1a20A\uff0c5s Cycle Characteristic\uff1a2000 times\uff08100%DOD\uff09 4000 times\uff0880%DOD\uff09 7000 times\uff0850%DOD\uff09the residual capacity is no less than 80% of rated capacity at 1C rate.  Size picture\uff1a    &nbsp;","og_url":"https:\/\/www.ahotech.com\/et\/toode\/3-2v-lifepo4-aku\/","og_site_name":"Ahotech.com","article_modified_time":"2022-02-25T06:28:51+00:00","og_image":[{"width":800,"height":800,"url":"https:\/\/www.ahotech.com\/wp-content\/uploads\/2022\/02\/lifepo4-lithium-ion-battery.jpg","type":"image\/jpeg"}],"twitter_card":"summary_large_image","twitter_misc":{"Est. reading time":"2 minutit"},"schema":{"@context":"https:\/\/schema.org","@graph":[{"@type":"WebPage","@id":"https:\/\/www.ahotech.com\/es\/producto\/bateria-lifepo4-de-32-v\/","url":"https:\/\/www.ahotech.com\/es\/producto\/bateria-lifepo4-de-32-v\/","name":"3,2 V lifepo4 aku - Ahotech.com","isPartOf":{"@id":"https:\/\/www.ahotech.com\/es\/#website"},"primaryImageOfPage":{"@id":"https:\/\/www.ahotech.com\/es\/producto\/bateria-lifepo4-de-32-v\/#primaryimage"},"image":{"@id":"https:\/\/www.ahotech.com\/es\/producto\/bateria-lifepo4-de-32-v\/#primaryimage"},"thumbnailUrl":"https:\/\/www.ahotech.com\/wp-content\/uploads\/2022\/02\/lifepo4-lithium-ion-battery.jpg","datePublished":"2022-02-21T06:52:13+00:00","dateModified":"2022-02-25T06:28:51+00:00","breadcrumb":{"@id":"https:\/\/www.ahotech.com\/es\/producto\/bateria-lifepo4-de-32-v\/#breadcrumb"},"inLanguage":"et","potentialAction":[{"@type":"ReadAction","target":["https:\/\/www.ahotech.com\/es\/producto\/bateria-lifepo4-de-32-v\/"]}]},{"@type":"ImageObject","inLanguage":"et","@id":"https:\/\/www.ahotech.com\/es\/producto\/bateria-lifepo4-de-32-v\/#primaryimage","url":"https:\/\/www.ahotech.com\/wp-content\/uploads\/2022\/02\/lifepo4-lithium-ion-battery.jpg","contentUrl":"https:\/\/www.ahotech.com\/wp-content\/uploads\/2022\/02\/lifepo4-lithium-ion-battery.jpg","width":800,"height":800,"caption":"lifepo4 lithium ion battery"},{"@type":"BreadcrumbList","@id":"https:\/\/www.ahotech.com\/es\/producto\/bateria-lifepo4-de-32-v\/#breadcrumb","itemListElement":[{"@type":"ListItem","position":1,"name":"Home","item":"https:\/\/www.ahotech.com\/es\/"},{"@type":"ListItem","position":2,"name":"Store","item":"https:\/\/www.ahotech.com\/es\/store\/"},{"@type":"ListItem","position":3,"name":"3.2V lifepo4 battery"}]},{"@type":"WebSite","@id":"https:\/\/www.ahotech.com\/es\/#website","url":"https:\/\/www.ahotech.com\/es\/","name":"Ahotech.com","description":"liitiumakude tootjad","publisher":{"@id":"https:\/\/www.ahotech.com\/es\/#organization"},"potentialAction":[{"@type":"SearchAction","target":{"@type":"EntryPoint","urlTemplate":"https:\/\/www.ahotech.com\/es\/?s={search_term_string}"},"query-input":{"@type":"PropertyValueSpecification","valueRequired":true,"valueName":"search_term_string"}}],"inLanguage":"et"},{"@type":"Organization","@id":"https:\/\/www.ahotech.com\/es\/#organization","name":"Ahotech.com","url":"https:\/\/www.ahotech.com\/es\/","logo":{"@type":"ImageObject","inLanguage":"et","@id":"https:\/\/www.ahotech.com\/es\/#\/schema\/logo\/image\/","url":"https:\/\/www.ahotech.com\/wp-content\/uploads\/2021\/10\/battery-site-logo.jpg","contentUrl":"https:\/\/www.ahotech.com\/wp-content\/uploads\/2021\/10\/battery-site-logo.jpg","width":1297,"height":465,"caption":"Ahotech.com"},"image":{"@id":"https:\/\/www.ahotech.com\/es\/#\/schema\/logo\/image\/"}}]}},"_links":{"self":[{"href":"https:\/\/www.ahotech.com\/et\/wp-json\/wp\/v2\/product\/4259","targetHints":{"allow":["GET"]}}],"collection":[{"href":"https:\/\/www.ahotech.com\/et\/wp-json\/wp\/v2\/product"}],"about":[{"href":"https:\/\/www.ahotech.com\/et\/wp-json\/wp\/v2\/types\/product"}],"version-history":[{"count":4,"href":"https:\/\/www.ahotech.com\/et\/wp-json\/wp\/v2\/product\/4259\/revisions"}],"predecessor-version":[{"id":4328,"href":"https:\/\/www.ahotech.com\/et\/wp-json\/wp\/v2\/product\/4259\/revisions\/4328"}],"wp:featuredmedia":[{"embeddable":true,"href":"https:\/\/www.ahotech.com\/et\/wp-json\/wp\/v2\/media\/4261"}],"wp:attachment":[{"href":"https:\/\/www.ahotech.com\/et\/wp-json\/wp\/v2\/media?parent=4259"}],"wp:term":[{"taxonomy":"product_brand","embeddable":true,"href":"https:\/\/www.ahotech.com\/et\/wp-json\/wp\/v2\/product_brand?post=4259"},{"taxonomy":"product_cat","embeddable":true,"href":"https:\/\/www.ahotech.com\/et\/wp-json\/wp\/v2\/product_cat?post=4259"},{"taxonomy":"product_tag","embeddable":true,"href":"https:\/\/www.ahotech.com\/et\/wp-json\/wp\/v2\/product_tag?post=4259"}],"curies":[{"name":"t\u00f6\u00f6leht","href":"https:\/\/api.w.org\/{rel}","templated":true}]}}