{"id":4151,"date":"2021-12-27T03:09:52","date_gmt":"2021-12-27T03:09:52","guid":{"rendered":"https:\/\/www.ahotech.com\/?post_type=product&#038;p=4151"},"modified":"2022-02-19T12:49:11","modified_gmt":"2022-02-19T12:49:11","slug":"liitium-raudfosfaat-aku-3-2v","status":"publish","type":"product","link":"https:\/\/www.ahotech.com\/et\/product\/lithium-iron-phosphate-battery-3-2v\/","title":{"rendered":"Liitium-raudfosfaat aku 3,2 V"},"content":{"rendered":"<p>Tugevate rakkude ohutu kasutamine<br \/>\nSupermahutavus 72AH<br \/>\nMaksimaalne t\u00fchjendusvool 3C<br \/>\nLiitiumaku jaoks on vaja kasutada spetsiaalset laadijat, millel on sobiv pinge, ning samal ajal tuleb see \u00fchendada sobiva kaitseplaadiga (laadimiseks ja t\u00fchjendamiseks), kuna iga sobimatu pinge v\u00f5ib p\u00f5hjustada elementide kahjustumist v\u00f5i praaki.<\/p>\n<p>Akupaki kokkupanek:<br \/>\n12 V: 4 seeria<br \/>\n24 V: 8. seeria<br \/>\n36 v:12 seeria<br \/>\n48 v: 16 seeria<\/p>\n<p><img fetchpriority=\"high\" decoding=\"async\" class=\"alignnone size-medium wp-image-4153\" src=\"https:\/\/www.ahotech.com\/wp-content\/uploads\/2021\/12\/Lithium-iron-phosphate-power-battery-300x300.jpg\" alt=\"Liitium-raudfosfaadi aku\" width=\"300\" height=\"300\" srcset=\"https:\/\/www.ahotech.com\/wp-content\/uploads\/2021\/12\/Lithium-iron-phosphate-power-battery-300x300.jpg 300w, https:\/\/www.ahotech.com\/wp-content\/uploads\/2021\/12\/Lithium-iron-phosphate-power-battery-150x150.jpg 150w, https:\/\/www.ahotech.com\/wp-content\/uploads\/2021\/12\/Lithium-iron-phosphate-power-battery-768x768.jpg 768w, https:\/\/www.ahotech.com\/wp-content\/uploads\/2021\/12\/Lithium-iron-phosphate-power-battery-600x600.jpg 600w, https:\/\/www.ahotech.com\/wp-content\/uploads\/2021\/12\/Lithium-iron-phosphate-power-battery-100x100.jpg 100w, https:\/\/www.ahotech.com\/wp-content\/uploads\/2021\/12\/Lithium-iron-phosphate-power-battery.jpg 800w\" sizes=\"(max-width: 300px) 100vw, 300px\" \/><\/p>\n<p>Aku kokkupanekul, et tagada l\u00f6\u00f6gikindlus, isolatsioon ja muud detailid hea t\u00f6\u00f6 tegemiseks, tuleks p\u00f6\u00f6rata t\u00e4helepanu igale detailile, iga v\u00e4ike vale l\u00fcli v\u00f5ib p\u00f5hjustada aku ebanormaalset toimimist.<\/p>\n<p>Esimesel kasutamisel tuleb m\u00f5\u00f5ta pinget, et n\u00e4ha, kas kaitsepinge on normi piires. Kui see on ebanormaalne, kontrollige uuesti, kas aku on kokku pandud, vastasel juhul v\u00f5ib see aku kahjustada v\u00f5i praakida.<\/p>\n<p>&nbsp;<\/p>","protected":false},"excerpt":{"rendered":"<p>Pinge: 3,2 V<br \/>\nMahutavus: 72 ah<br \/>\nMaksimaalne t\u00fchjendusvool: 3C<br \/>\nPaksus: 30 mm<br \/>\nLaius: 135<br \/>\nK\u00f5rgus: 220 mm<\/p>","protected":false},"featured_media":4153,"template":"","meta":{"_acf_changed":false,"site-sidebar-layout":"default","site-content-layout":"default","ast-site-content-layout":"","site-content-style":"default","site-sidebar-style":"default","ast-global-header-display":"","ast-banner-title-visibility":"","ast-main-header-display":"","ast-hfb-above-header-display":"","ast-hfb-below-header-display":"","ast-hfb-mobile-header-display":"","site-post-title":"","ast-breadcrumbs-content":"","ast-featured-img":"","footer-sml-layout":"","theme-transparent-header-meta":"default","adv-header-id-meta":"","stick-header-meta":"","header-above-stick-meta":"","header-main-stick-meta":"","header-below-stick-meta":"","astra-migrate-meta-layouts":"default","ast-page-background-enabled":"default","ast-page-background-meta":{"desktop":{"background-color":"","background-image":"","background-repeat":"repeat","background-position":"center center","background-size":"auto","background-attachment":"scroll","background-type":"","background-media":"","overlay-type":"","overlay-color":"","overlay-opacity":"","overlay-gradient":""},"tablet":{"background-color":"","background-image":"","background-repeat":"repeat","background-position":"center center","background-size":"auto","background-attachment":"scroll","background-type":"","background-media":"","overlay-type":"","overlay-color":"","overlay-opacity":"","overlay-gradient":""},"mobile":{"background-color":"","background-image":"","background-repeat":"repeat","background-position":"center center","background-size":"auto","background-attachment":"scroll","background-type":"","background-media":"","overlay-type":"","overlay-color":"","overlay-opacity":"","overlay-gradient":""}},"ast-content-background-meta":{"desktop":{"background-color":"var(--ast-global-color-5)","background-image":"","background-repeat":"repeat","background-position":"center center","background-size":"auto","background-attachment":"scroll","background-type":"","background-media":"","overlay-type":"","overlay-color":"","overlay-opacity":"","overlay-gradient":""},"tablet":{"background-color":"var(--ast-global-color-5)","background-image":"","background-repeat":"repeat","background-position":"center center","background-size":"auto","background-attachment":"scroll","background-type":"","background-media":"","overlay-type":"","overlay-color":"","overlay-opacity":"","overlay-gradient":""},"mobile":{"background-color":"var(--ast-global-color-5)","background-image":"","background-repeat":"repeat","background-position":"center center","background-size":"auto","background-attachment":"scroll","background-type":"","background-media":"","overlay-type":"","overlay-color":"","overlay-opacity":"","overlay-gradient":""}}},"product_brand":[],"product_cat":[40],"product_tag":[],"class_list":{"0":"post-4151","1":"product","2":"type-product","3":"status-publish","4":"has-post-thumbnail","6":"product_cat-lifepo4-battery","7":"desktop-align-left","8":"tablet-align-left","9":"mobile-align-left","11":"first","12":"instock","13":"shipping-taxable","14":"product-type-simple"},"acf":[],"yoast_head":"<!-- This site is optimized with the Yoast SEO plugin v27.3 - https:\/\/yoast.com\/product\/yoast-seo-wordpress\/ -->\n<title>Lithium iron phosphate battery 3.2V - Ahotech.com<\/title>\n<meta name=\"robots\" content=\"index, follow, max-snippet:-1, max-image-preview:large, max-video-preview:-1\" \/>\n<link rel=\"canonical\" href=\"https:\/\/www.ahotech.com\/et\/toode\/liitium-raudfosfaat-aku-3-2v\/\" \/>\n<meta property=\"og:locale\" content=\"et_EE\" \/>\n<meta property=\"og:type\" content=\"article\" \/>\n<meta property=\"og:title\" content=\"Lithium iron phosphate battery 3.2V - Ahotech.com\" \/>\n<meta property=\"og:description\" content=\"Voltage: 3.2 V Capacity: 72 ah Maximum discharge current: 3C Thickness: 30 mm Width: 135 Height: 220 mm\" \/>\n<meta property=\"og:url\" content=\"https:\/\/www.ahotech.com\/et\/toode\/liitium-raudfosfaat-aku-3-2v\/\" \/>\n<meta property=\"og:site_name\" content=\"Ahotech.com\" \/>\n<meta property=\"article:modified_time\" content=\"2022-02-19T12:49:11+00:00\" \/>\n<meta property=\"og:image\" content=\"https:\/\/www.ahotech.com\/wp-content\/uploads\/2021\/12\/Lithium-iron-phosphate-power-battery.jpg\" \/>\n\t<meta property=\"og:image:width\" content=\"800\" \/>\n\t<meta property=\"og:image:height\" content=\"800\" \/>\n\t<meta property=\"og:image:type\" content=\"image\/jpeg\" \/>\n<meta name=\"twitter:card\" content=\"summary_large_image\" \/>\n<meta name=\"twitter:label1\" content=\"Est. reading time\" \/>\n\t<meta name=\"twitter:data1\" content=\"1 minut\" \/>\n<script type=\"application\/ld+json\" class=\"yoast-schema-graph\">{\"@context\":\"https:\\\/\\\/schema.org\",\"@graph\":[{\"@type\":\"WebPage\",\"@id\":\"https:\\\/\\\/www.ahotech.com\\\/product\\\/lithium-iron-phosphate-battery-3-2v\\\/\",\"url\":\"https:\\\/\\\/www.ahotech.com\\\/product\\\/lithium-iron-phosphate-battery-3-2v\\\/\",\"name\":\"Lithium iron phosphate battery 3.2V - Ahotech.com\",\"isPartOf\":{\"@id\":\"https:\\\/\\\/www.ahotech.com\\\/es\\\/#website\"},\"primaryImageOfPage\":{\"@id\":\"https:\\\/\\\/www.ahotech.com\\\/product\\\/lithium-iron-phosphate-battery-3-2v\\\/#primaryimage\"},\"image\":{\"@id\":\"https:\\\/\\\/www.ahotech.com\\\/product\\\/lithium-iron-phosphate-battery-3-2v\\\/#primaryimage\"},\"thumbnailUrl\":\"https:\\\/\\\/www.ahotech.com\\\/wp-content\\\/uploads\\\/2021\\\/12\\\/Lithium-iron-phosphate-power-battery.jpg\",\"datePublished\":\"2021-12-27T03:09:52+00:00\",\"dateModified\":\"2022-02-19T12:49:11+00:00\",\"breadcrumb\":{\"@id\":\"https:\\\/\\\/www.ahotech.com\\\/product\\\/lithium-iron-phosphate-battery-3-2v\\\/#breadcrumb\"},\"inLanguage\":\"et\",\"potentialAction\":[{\"@type\":\"ReadAction\",\"target\":[\"https:\\\/\\\/www.ahotech.com\\\/product\\\/lithium-iron-phosphate-battery-3-2v\\\/\"]}]},{\"@type\":\"ImageObject\",\"inLanguage\":\"et\",\"@id\":\"https:\\\/\\\/www.ahotech.com\\\/product\\\/lithium-iron-phosphate-battery-3-2v\\\/#primaryimage\",\"url\":\"https:\\\/\\\/www.ahotech.com\\\/wp-content\\\/uploads\\\/2021\\\/12\\\/Lithium-iron-phosphate-power-battery.jpg\",\"contentUrl\":\"https:\\\/\\\/www.ahotech.com\\\/wp-content\\\/uploads\\\/2021\\\/12\\\/Lithium-iron-phosphate-power-battery.jpg\",\"width\":800,\"height\":800,\"caption\":\"Lithium iron phosphate power battery\"},{\"@type\":\"BreadcrumbList\",\"@id\":\"https:\\\/\\\/www.ahotech.com\\\/product\\\/lithium-iron-phosphate-battery-3-2v\\\/#breadcrumb\",\"itemListElement\":[{\"@type\":\"ListItem\",\"position\":1,\"name\":\"Home\",\"item\":\"https:\\\/\\\/www.ahotech.com\\\/es\\\/\"},{\"@type\":\"ListItem\",\"position\":2,\"name\":\"Store\",\"item\":\"https:\\\/\\\/www.ahotech.com\\\/es\\\/store\\\/\"},{\"@type\":\"ListItem\",\"position\":3,\"name\":\"Lithium iron phosphate battery 3.2V\"}]},{\"@type\":\"WebSite\",\"@id\":\"https:\\\/\\\/www.ahotech.com\\\/es\\\/#website\",\"url\":\"https:\\\/\\\/www.ahotech.com\\\/es\\\/\",\"name\":\"Ahotech.com\",\"description\":\"lithium battery manufacturers\",\"publisher\":{\"@id\":\"https:\\\/\\\/www.ahotech.com\\\/es\\\/#organization\"},\"potentialAction\":[{\"@type\":\"SearchAction\",\"target\":{\"@type\":\"EntryPoint\",\"urlTemplate\":\"https:\\\/\\\/www.ahotech.com\\\/es\\\/?s={search_term_string}\"},\"query-input\":{\"@type\":\"PropertyValueSpecification\",\"valueRequired\":true,\"valueName\":\"search_term_string\"}}],\"inLanguage\":\"et\"},{\"@type\":\"Organization\",\"@id\":\"https:\\\/\\\/www.ahotech.com\\\/es\\\/#organization\",\"name\":\"Ahotech.com\",\"url\":\"https:\\\/\\\/www.ahotech.com\\\/es\\\/\",\"logo\":{\"@type\":\"ImageObject\",\"inLanguage\":\"et\",\"@id\":\"https:\\\/\\\/www.ahotech.com\\\/es\\\/#\\\/schema\\\/logo\\\/image\\\/\",\"url\":\"https:\\\/\\\/www.ahotech.com\\\/wp-content\\\/uploads\\\/2021\\\/10\\\/battery-site-logo.jpg\",\"contentUrl\":\"https:\\\/\\\/www.ahotech.com\\\/wp-content\\\/uploads\\\/2021\\\/10\\\/battery-site-logo.jpg\",\"width\":1297,\"height\":465,\"caption\":\"Ahotech.com\"},\"image\":{\"@id\":\"https:\\\/\\\/www.ahotech.com\\\/es\\\/#\\\/schema\\\/logo\\\/image\\\/\"}}]}<\/script>\n<!-- \/ Yoast SEO plugin. -->","yoast_head_json":{"title":"Liitiumraudfosfaatpatarei 3,2 V - Ahotech.com","robots":{"index":"index","follow":"follow","max-snippet":"max-snippet:-1","max-image-preview":"max-image-preview:large","max-video-preview":"max-video-preview:-1"},"canonical":"https:\/\/www.ahotech.com\/et\/toode\/liitium-raudfosfaat-aku-3-2v\/","og_locale":"et_EE","og_type":"article","og_title":"Lithium iron phosphate battery 3.2V - Ahotech.com","og_description":"Voltage: 3.2 V Capacity: 72 ah Maximum discharge current: 3C Thickness: 30 mm Width: 135 Height: 220 mm","og_url":"https:\/\/www.ahotech.com\/et\/toode\/liitium-raudfosfaat-aku-3-2v\/","og_site_name":"Ahotech.com","article_modified_time":"2022-02-19T12:49:11+00:00","og_image":[{"width":800,"height":800,"url":"https:\/\/www.ahotech.com\/wp-content\/uploads\/2021\/12\/Lithium-iron-phosphate-power-battery.jpg","type":"image\/jpeg"}],"twitter_card":"summary_large_image","twitter_misc":{"Est. reading time":"1 minut"},"schema":{"@context":"https:\/\/schema.org","@graph":[{"@type":"WebPage","@id":"https:\/\/www.ahotech.com\/product\/lithium-iron-phosphate-battery-3-2v\/","url":"https:\/\/www.ahotech.com\/product\/lithium-iron-phosphate-battery-3-2v\/","name":"Liitiumraudfosfaatpatarei 3,2 V - Ahotech.com","isPartOf":{"@id":"https:\/\/www.ahotech.com\/es\/#website"},"primaryImageOfPage":{"@id":"https:\/\/www.ahotech.com\/product\/lithium-iron-phosphate-battery-3-2v\/#primaryimage"},"image":{"@id":"https:\/\/www.ahotech.com\/product\/lithium-iron-phosphate-battery-3-2v\/#primaryimage"},"thumbnailUrl":"https:\/\/www.ahotech.com\/wp-content\/uploads\/2021\/12\/Lithium-iron-phosphate-power-battery.jpg","datePublished":"2021-12-27T03:09:52+00:00","dateModified":"2022-02-19T12:49:11+00:00","breadcrumb":{"@id":"https:\/\/www.ahotech.com\/product\/lithium-iron-phosphate-battery-3-2v\/#breadcrumb"},"inLanguage":"et","potentialAction":[{"@type":"ReadAction","target":["https:\/\/www.ahotech.com\/product\/lithium-iron-phosphate-battery-3-2v\/"]}]},{"@type":"ImageObject","inLanguage":"et","@id":"https:\/\/www.ahotech.com\/product\/lithium-iron-phosphate-battery-3-2v\/#primaryimage","url":"https:\/\/www.ahotech.com\/wp-content\/uploads\/2021\/12\/Lithium-iron-phosphate-power-battery.jpg","contentUrl":"https:\/\/www.ahotech.com\/wp-content\/uploads\/2021\/12\/Lithium-iron-phosphate-power-battery.jpg","width":800,"height":800,"caption":"Lithium iron phosphate power battery"},{"@type":"BreadcrumbList","@id":"https:\/\/www.ahotech.com\/product\/lithium-iron-phosphate-battery-3-2v\/#breadcrumb","itemListElement":[{"@type":"ListItem","position":1,"name":"Home","item":"https:\/\/www.ahotech.com\/es\/"},{"@type":"ListItem","position":2,"name":"Store","item":"https:\/\/www.ahotech.com\/es\/store\/"},{"@type":"ListItem","position":3,"name":"Lithium iron phosphate battery 3.2V"}]},{"@type":"WebSite","@id":"https:\/\/www.ahotech.com\/es\/#website","url":"https:\/\/www.ahotech.com\/es\/","name":"Ahotech.com","description":"liitiumakude tootjad","publisher":{"@id":"https:\/\/www.ahotech.com\/es\/#organization"},"potentialAction":[{"@type":"SearchAction","target":{"@type":"EntryPoint","urlTemplate":"https:\/\/www.ahotech.com\/es\/?s={search_term_string}"},"query-input":{"@type":"PropertyValueSpecification","valueRequired":true,"valueName":"search_term_string"}}],"inLanguage":"et"},{"@type":"Organization","@id":"https:\/\/www.ahotech.com\/es\/#organization","name":"Ahotech.com","url":"https:\/\/www.ahotech.com\/es\/","logo":{"@type":"ImageObject","inLanguage":"et","@id":"https:\/\/www.ahotech.com\/es\/#\/schema\/logo\/image\/","url":"https:\/\/www.ahotech.com\/wp-content\/uploads\/2021\/10\/battery-site-logo.jpg","contentUrl":"https:\/\/www.ahotech.com\/wp-content\/uploads\/2021\/10\/battery-site-logo.jpg","width":1297,"height":465,"caption":"Ahotech.com"},"image":{"@id":"https:\/\/www.ahotech.com\/es\/#\/schema\/logo\/image\/"}}]}},"_links":{"self":[{"href":"https:\/\/www.ahotech.com\/et\/wp-json\/wp\/v2\/product\/4151","targetHints":{"allow":["GET"]}}],"collection":[{"href":"https:\/\/www.ahotech.com\/et\/wp-json\/wp\/v2\/product"}],"about":[{"href":"https:\/\/www.ahotech.com\/et\/wp-json\/wp\/v2\/types\/product"}],"version-history":[{"count":4,"href":"https:\/\/www.ahotech.com\/et\/wp-json\/wp\/v2\/product\/4151\/revisions"}],"predecessor-version":[{"id":4173,"href":"https:\/\/www.ahotech.com\/et\/wp-json\/wp\/v2\/product\/4151\/revisions\/4173"}],"wp:featuredmedia":[{"embeddable":true,"href":"https:\/\/www.ahotech.com\/et\/wp-json\/wp\/v2\/media\/4153"}],"wp:attachment":[{"href":"https:\/\/www.ahotech.com\/et\/wp-json\/wp\/v2\/media?parent=4151"}],"wp:term":[{"taxonomy":"product_brand","embeddable":true,"href":"https:\/\/www.ahotech.com\/et\/wp-json\/wp\/v2\/product_brand?post=4151"},{"taxonomy":"product_cat","embeddable":true,"href":"https:\/\/www.ahotech.com\/et\/wp-json\/wp\/v2\/product_cat?post=4151"},{"taxonomy":"product_tag","embeddable":true,"href":"https:\/\/www.ahotech.com\/et\/wp-json\/wp\/v2\/product_tag?post=4151"}],"curies":[{"name":"t\u00f6\u00f6leht","href":"https:\/\/api.w.org\/{rel}","templated":true}]}}