{"id":4135,"date":"2021-12-23T09:07:45","date_gmt":"2021-12-23T09:07:45","guid":{"rendered":"https:\/\/www.ahotech.com\/?post_type=product&#038;p=4135"},"modified":"2021-12-27T03:18:16","modified_gmt":"2021-12-27T03:18:16","slug":"laetav-liitiumaku-26650","status":"publish","type":"product","link":"https:\/\/www.ahotech.com\/et\/product\/rechargeable-lithium-battery-26650\/","title":{"rendered":"Laetav liitiumaku 26650"},"content":{"rendered":"<p>Laetav liitiumaku 26650<\/p>\n<p>Suure mahutavusega, k\u00f5rge ohutuse, sisemise takistuse, pika eluea ja k\u00f5rge kvaliteediga liitiumaku, mida kasutatakse igasuguste seadmete v\u00f5imsuse sobitamisel;<\/p>\n<p>T\u00e4ielikult isekontrolliv kaitseklapp, plahvatuskindel ja lekkekindel, kasutades t\u00e4ielikku kontrolli sekundaarse plahvatuskindla konstruktsiooniga, ohutu ja kindel kasutamine;<\/p>\n<p>Madal iset\u00fchjenemine, pikaajaline ladustamine, tehnoloogia LSD nutiluku elekter, &quot;Low Self Discharge&quot; l\u00fchend LSD-st, st p\u00e4rast t\u00e4ielikku madalat iset\u00fchjenemist saab ikkagi s\u00e4\u00e4sta umbes 85% elektrienergiast, v\u00e4hendades t\u00f5husalt elektrienergia loomulikku kadu.<\/p>\n<p>Taaskasutus, positiivne keskkonnakaitse, energias\u00e4\u00e4st ja keskkonnakaitse, laadimist saab ts\u00fckliga l\u00e4bi viia umbes 1200 korda.<\/p>\n<p>Nikkeliga kaetud terasest korpus, korrosioonikindel ja l\u00e4ikiv positiivse elektroodi kate laadimise efektiivsuse parandamiseks.<\/p>\n<p><img fetchpriority=\"high\" decoding=\"async\" class=\"alignnone size-medium wp-image-4142\" src=\"https:\/\/www.ahotech.com\/wp-content\/uploads\/2021\/12\/Rechargeable-lithium-battery-300x300.jpg\" alt=\"\" width=\"300\" height=\"300\" srcset=\"https:\/\/www.ahotech.com\/wp-content\/uploads\/2021\/12\/Rechargeable-lithium-battery-300x300.jpg 300w, https:\/\/www.ahotech.com\/wp-content\/uploads\/2021\/12\/Rechargeable-lithium-battery-150x150.jpg 150w, https:\/\/www.ahotech.com\/wp-content\/uploads\/2021\/12\/Rechargeable-lithium-battery-768x768.jpg 768w, https:\/\/www.ahotech.com\/wp-content\/uploads\/2021\/12\/Rechargeable-lithium-battery-600x600.jpg 600w, https:\/\/www.ahotech.com\/wp-content\/uploads\/2021\/12\/Rechargeable-lithium-battery-100x100.jpg 100w, https:\/\/www.ahotech.com\/wp-content\/uploads\/2021\/12\/Rechargeable-lithium-battery.jpg 800w\" sizes=\"(max-width: 300px) 100vw, 300px\" \/><\/p>\n<p>Akut saab kasutada \u00fcksi v\u00f5i saab akupaketti kohandada vastavalt kliendi pinge- ja mahutavusn\u00f5uetele.<\/p>","protected":false},"excerpt":{"rendered":"<p>Toote mudel: 26650<\/p>\n<p>Pinge: 3,7 V<\/p>\n<p>Mahutavus: 5500 mAh<\/p>\n<p>T\u00f6\u00f6temperatuur: -20\u00b0+60\u00b0<\/p>\n<p>K\u00f5rgus: 65 mm<\/p>\n<p>L\u00e4bim\u00f5\u00f5t: 26 mm<\/p>\n<p>M\u00e4rkus: Saate kohandada erinevaid akupakke erinevate pingetega, n\u00e4iteks 12 V ja 24 V.<\/p>","protected":false},"featured_media":4137,"template":"","meta":{"_acf_changed":false,"site-sidebar-layout":"default","site-content-layout":"default","ast-site-content-layout":"","site-content-style":"default","site-sidebar-style":"default","ast-global-header-display":"","ast-banner-title-visibility":"","ast-main-header-display":"","ast-hfb-above-header-display":"","ast-hfb-below-header-display":"","ast-hfb-mobile-header-display":"","site-post-title":"","ast-breadcrumbs-content":"","ast-featured-img":"","footer-sml-layout":"","theme-transparent-header-meta":"default","adv-header-id-meta":"","stick-header-meta":"","header-above-stick-meta":"","header-main-stick-meta":"","header-below-stick-meta":"","astra-migrate-meta-layouts":"default","ast-page-background-enabled":"default","ast-page-background-meta":{"desktop":{"background-color":"","background-image":"","background-repeat":"repeat","background-position":"center center","background-size":"auto","background-attachment":"scroll","background-type":"","background-media":"","overlay-type":"","overlay-color":"","overlay-opacity":"","overlay-gradient":""},"tablet":{"background-color":"","background-image":"","background-repeat":"repeat","background-position":"center center","background-size":"auto","background-attachment":"scroll","background-type":"","background-media":"","overlay-type":"","overlay-color":"","overlay-opacity":"","overlay-gradient":""},"mobile":{"background-color":"","background-image":"","background-repeat":"repeat","background-position":"center center","background-size":"auto","background-attachment":"scroll","background-type":"","background-media":"","overlay-type":"","overlay-color":"","overlay-opacity":"","overlay-gradient":""}},"ast-content-background-meta":{"desktop":{"background-color":"var(--ast-global-color-5)","background-image":"","background-repeat":"repeat","background-position":"center center","background-size":"auto","background-attachment":"scroll","background-type":"","background-media":"","overlay-type":"","overlay-color":"","overlay-opacity":"","overlay-gradient":""},"tablet":{"background-color":"var(--ast-global-color-5)","background-image":"","background-repeat":"repeat","background-position":"center center","background-size":"auto","background-attachment":"scroll","background-type":"","background-media":"","overlay-type":"","overlay-color":"","overlay-opacity":"","overlay-gradient":""},"mobile":{"background-color":"var(--ast-global-color-5)","background-image":"","background-repeat":"repeat","background-position":"center center","background-size":"auto","background-attachment":"scroll","background-type":"","background-media":"","overlay-type":"","overlay-color":"","overlay-opacity":"","overlay-gradient":""}}},"product_brand":[],"product_cat":[41],"product_tag":[],"class_list":{"0":"post-4135","1":"product","2":"type-product","3":"status-publish","4":"has-post-thumbnail","6":"product_cat-rechargeable-lithium-battery","7":"desktop-align-left","8":"tablet-align-left","9":"mobile-align-left","11":"first","12":"instock","13":"shipping-taxable","14":"product-type-simple"},"acf":[],"yoast_head":"<!-- This site is optimized with the Yoast SEO plugin v27.3 - https:\/\/yoast.com\/product\/yoast-seo-wordpress\/ -->\n<title>Rechargeable lithium battery 26650 - Ahotech.com<\/title>\n<meta name=\"robots\" content=\"index, follow, max-snippet:-1, max-image-preview:large, max-video-preview:-1\" \/>\n<link rel=\"canonical\" href=\"https:\/\/www.ahotech.com\/et\/toode\/laetav-liitiumaku-26650\/\" \/>\n<meta property=\"og:locale\" content=\"et_EE\" \/>\n<meta property=\"og:type\" content=\"article\" \/>\n<meta property=\"og:title\" content=\"Rechargeable lithium battery 26650 - Ahotech.com\" \/>\n<meta property=\"og:description\" content=\"Product Model: 26650  Voltage: 3.7 V  Capacity: 5500 mah  Operating temperature: -20\u00b0+60\u00b0  Height: 65 mm  Diameter: 26 mm  Note: You can customize different battery packs with different voltages such as 12V and 24V\" \/>\n<meta property=\"og:url\" content=\"https:\/\/www.ahotech.com\/et\/toode\/laetav-liitiumaku-26650\/\" \/>\n<meta property=\"og:site_name\" content=\"Ahotech.com\" \/>\n<meta property=\"article:modified_time\" content=\"2021-12-27T03:18:16+00:00\" \/>\n<meta property=\"og:image\" content=\"https:\/\/de.ahotech.com\/wp-content\/uploads\/2021\/12\/Rechargeable-lithium-battery-26650\uff081\uff09.jpg\" \/>\n\t<meta property=\"og:image:width\" content=\"800\" \/>\n\t<meta property=\"og:image:height\" content=\"800\" \/>\n\t<meta property=\"og:image:type\" content=\"image\/jpeg\" \/>\n<meta name=\"twitter:card\" content=\"summary_large_image\" \/>\n<meta name=\"twitter:label1\" content=\"Est. reading time\" \/>\n\t<meta name=\"twitter:data1\" content=\"1 minut\" \/>\n<script type=\"application\/ld+json\" class=\"yoast-schema-graph\">{\"@context\":\"https:\\\/\\\/schema.org\",\"@graph\":[{\"@type\":\"WebPage\",\"@id\":\"https:\\\/\\\/de.ahotech.com\\\/product\\\/wiederaufladbarer-lithium-akku-26650\\\/\",\"url\":\"https:\\\/\\\/de.ahotech.com\\\/product\\\/wiederaufladbarer-lithium-akku-26650\\\/\",\"name\":\"Rechargeable lithium battery 26650 - Ahotech.com\",\"isPartOf\":{\"@id\":\"https:\\\/\\\/www.ahotech.com\\\/es\\\/#website\"},\"primaryImageOfPage\":{\"@id\":\"https:\\\/\\\/de.ahotech.com\\\/product\\\/wiederaufladbarer-lithium-akku-26650\\\/#primaryimage\"},\"image\":{\"@id\":\"https:\\\/\\\/de.ahotech.com\\\/product\\\/wiederaufladbarer-lithium-akku-26650\\\/#primaryimage\"},\"thumbnailUrl\":\"https:\\\/\\\/www.ahotech.com\\\/wp-content\\\/uploads\\\/2021\\\/12\\\/Rechargeable-lithium-battery-26650\uff081\uff09.jpg\",\"datePublished\":\"2021-12-23T09:07:45+00:00\",\"dateModified\":\"2021-12-27T03:18:16+00:00\",\"breadcrumb\":{\"@id\":\"https:\\\/\\\/de.ahotech.com\\\/product\\\/wiederaufladbarer-lithium-akku-26650\\\/#breadcrumb\"},\"inLanguage\":\"et\",\"potentialAction\":[{\"@type\":\"ReadAction\",\"target\":[\"https:\\\/\\\/de.ahotech.com\\\/product\\\/wiederaufladbarer-lithium-akku-26650\\\/\"]}]},{\"@type\":\"ImageObject\",\"inLanguage\":\"et\",\"@id\":\"https:\\\/\\\/de.ahotech.com\\\/product\\\/wiederaufladbarer-lithium-akku-26650\\\/#primaryimage\",\"url\":\"https:\\\/\\\/www.ahotech.com\\\/wp-content\\\/uploads\\\/2021\\\/12\\\/Rechargeable-lithium-battery-26650\uff081\uff09.jpg\",\"contentUrl\":\"https:\\\/\\\/www.ahotech.com\\\/wp-content\\\/uploads\\\/2021\\\/12\\\/Rechargeable-lithium-battery-26650\uff081\uff09.jpg\",\"width\":800,\"height\":800,\"caption\":\"Rechargeable lithium battery 26650\uff081\uff09\"},{\"@type\":\"BreadcrumbList\",\"@id\":\"https:\\\/\\\/de.ahotech.com\\\/product\\\/wiederaufladbarer-lithium-akku-26650\\\/#breadcrumb\",\"itemListElement\":[{\"@type\":\"ListItem\",\"position\":1,\"name\":\"Home\",\"item\":\"https:\\\/\\\/de.ahotech.com\\\/\"},{\"@type\":\"ListItem\",\"position\":2,\"name\":\"Store\",\"item\":\"https:\\\/\\\/de.ahotech.com\\\/speichern\\\/\"},{\"@type\":\"ListItem\",\"position\":3,\"name\":\"Rechargeable lithium battery 26650\"}]},{\"@type\":\"WebSite\",\"@id\":\"https:\\\/\\\/www.ahotech.com\\\/es\\\/#website\",\"url\":\"https:\\\/\\\/www.ahotech.com\\\/es\\\/\",\"name\":\"Ahotech.com\",\"description\":\"lithium battery manufacturers\",\"publisher\":{\"@id\":\"https:\\\/\\\/www.ahotech.com\\\/es\\\/#organization\"},\"potentialAction\":[{\"@type\":\"SearchAction\",\"target\":{\"@type\":\"EntryPoint\",\"urlTemplate\":\"https:\\\/\\\/www.ahotech.com\\\/es\\\/?s={search_term_string}\"},\"query-input\":{\"@type\":\"PropertyValueSpecification\",\"valueRequired\":true,\"valueName\":\"search_term_string\"}}],\"inLanguage\":\"et\"},{\"@type\":\"Organization\",\"@id\":\"https:\\\/\\\/www.ahotech.com\\\/es\\\/#organization\",\"name\":\"Ahotech.com\",\"url\":\"https:\\\/\\\/www.ahotech.com\\\/es\\\/\",\"logo\":{\"@type\":\"ImageObject\",\"inLanguage\":\"et\",\"@id\":\"https:\\\/\\\/www.ahotech.com\\\/es\\\/#\\\/schema\\\/logo\\\/image\\\/\",\"url\":\"https:\\\/\\\/www.ahotech.com\\\/wp-content\\\/uploads\\\/2021\\\/10\\\/battery-site-logo.jpg\",\"contentUrl\":\"https:\\\/\\\/www.ahotech.com\\\/wp-content\\\/uploads\\\/2021\\\/10\\\/battery-site-logo.jpg\",\"width\":1297,\"height\":465,\"caption\":\"Ahotech.com\"},\"image\":{\"@id\":\"https:\\\/\\\/www.ahotech.com\\\/es\\\/#\\\/schema\\\/logo\\\/image\\\/\"}}]}<\/script>\n<!-- \/ Yoast SEO plugin. -->","yoast_head_json":{"title":"Laetav liitiumaku 26650 - Ahotech.com","robots":{"index":"index","follow":"follow","max-snippet":"max-snippet:-1","max-image-preview":"max-image-preview:large","max-video-preview":"max-video-preview:-1"},"canonical":"https:\/\/www.ahotech.com\/et\/toode\/laetav-liitiumaku-26650\/","og_locale":"et_EE","og_type":"article","og_title":"Rechargeable lithium battery 26650 - Ahotech.com","og_description":"Product Model: 26650  Voltage: 3.7 V  Capacity: 5500 mah  Operating temperature: -20\u00b0+60\u00b0  Height: 65 mm  Diameter: 26 mm  Note: You can customize different battery packs with different voltages such as 12V and 24V","og_url":"https:\/\/www.ahotech.com\/et\/toode\/laetav-liitiumaku-26650\/","og_site_name":"Ahotech.com","article_modified_time":"2021-12-27T03:18:16+00:00","og_image":[{"width":800,"height":800,"url":"https:\/\/de.ahotech.com\/wp-content\/uploads\/2021\/12\/Rechargeable-lithium-battery-26650\uff081\uff09.jpg","type":"image\/jpeg"}],"twitter_card":"summary_large_image","twitter_misc":{"Est. reading time":"1 minut"},"schema":{"@context":"https:\/\/schema.org","@graph":[{"@type":"WebPage","@id":"https:\/\/de.ahotech.com\/product\/wiederaufladbarer-lithium-akku-26650\/","url":"https:\/\/de.ahotech.com\/product\/wiederaufladbarer-lithium-akku-26650\/","name":"Laetav liitiumaku 26650 - Ahotech.com","isPartOf":{"@id":"https:\/\/www.ahotech.com\/es\/#website"},"primaryImageOfPage":{"@id":"https:\/\/de.ahotech.com\/product\/wiederaufladbarer-lithium-akku-26650\/#primaryimage"},"image":{"@id":"https:\/\/de.ahotech.com\/product\/wiederaufladbarer-lithium-akku-26650\/#primaryimage"},"thumbnailUrl":"https:\/\/www.ahotech.com\/wp-content\/uploads\/2021\/12\/Rechargeable-lithium-battery-26650\uff081\uff09.jpg","datePublished":"2021-12-23T09:07:45+00:00","dateModified":"2021-12-27T03:18:16+00:00","breadcrumb":{"@id":"https:\/\/de.ahotech.com\/product\/wiederaufladbarer-lithium-akku-26650\/#breadcrumb"},"inLanguage":"et","potentialAction":[{"@type":"ReadAction","target":["https:\/\/de.ahotech.com\/product\/wiederaufladbarer-lithium-akku-26650\/"]}]},{"@type":"ImageObject","inLanguage":"et","@id":"https:\/\/de.ahotech.com\/product\/wiederaufladbarer-lithium-akku-26650\/#primaryimage","url":"https:\/\/www.ahotech.com\/wp-content\/uploads\/2021\/12\/Rechargeable-lithium-battery-26650\uff081\uff09.jpg","contentUrl":"https:\/\/www.ahotech.com\/wp-content\/uploads\/2021\/12\/Rechargeable-lithium-battery-26650\uff081\uff09.jpg","width":800,"height":800,"caption":"Rechargeable lithium battery 26650\uff081\uff09"},{"@type":"BreadcrumbList","@id":"https:\/\/de.ahotech.com\/product\/wiederaufladbarer-lithium-akku-26650\/#breadcrumb","itemListElement":[{"@type":"ListItem","position":1,"name":"Home","item":"https:\/\/de.ahotech.com\/"},{"@type":"ListItem","position":2,"name":"Store","item":"https:\/\/de.ahotech.com\/speichern\/"},{"@type":"ListItem","position":3,"name":"Rechargeable lithium battery 26650"}]},{"@type":"WebSite","@id":"https:\/\/www.ahotech.com\/es\/#website","url":"https:\/\/www.ahotech.com\/es\/","name":"Ahotech.com","description":"liitiumakude tootjad","publisher":{"@id":"https:\/\/www.ahotech.com\/es\/#organization"},"potentialAction":[{"@type":"SearchAction","target":{"@type":"EntryPoint","urlTemplate":"https:\/\/www.ahotech.com\/es\/?s={search_term_string}"},"query-input":{"@type":"PropertyValueSpecification","valueRequired":true,"valueName":"search_term_string"}}],"inLanguage":"et"},{"@type":"Organization","@id":"https:\/\/www.ahotech.com\/es\/#organization","name":"Ahotech.com","url":"https:\/\/www.ahotech.com\/es\/","logo":{"@type":"ImageObject","inLanguage":"et","@id":"https:\/\/www.ahotech.com\/es\/#\/schema\/logo\/image\/","url":"https:\/\/www.ahotech.com\/wp-content\/uploads\/2021\/10\/battery-site-logo.jpg","contentUrl":"https:\/\/www.ahotech.com\/wp-content\/uploads\/2021\/10\/battery-site-logo.jpg","width":1297,"height":465,"caption":"Ahotech.com"},"image":{"@id":"https:\/\/www.ahotech.com\/es\/#\/schema\/logo\/image\/"}}]}},"_links":{"self":[{"href":"https:\/\/www.ahotech.com\/et\/wp-json\/wp\/v2\/product\/4135","targetHints":{"allow":["GET"]}}],"collection":[{"href":"https:\/\/www.ahotech.com\/et\/wp-json\/wp\/v2\/product"}],"about":[{"href":"https:\/\/www.ahotech.com\/et\/wp-json\/wp\/v2\/types\/product"}],"version-history":[{"count":4,"href":"https:\/\/www.ahotech.com\/et\/wp-json\/wp\/v2\/product\/4135\/revisions"}],"predecessor-version":[{"id":4162,"href":"https:\/\/www.ahotech.com\/et\/wp-json\/wp\/v2\/product\/4135\/revisions\/4162"}],"wp:featuredmedia":[{"embeddable":true,"href":"https:\/\/www.ahotech.com\/et\/wp-json\/wp\/v2\/media\/4137"}],"wp:attachment":[{"href":"https:\/\/www.ahotech.com\/et\/wp-json\/wp\/v2\/media?parent=4135"}],"wp:term":[{"taxonomy":"product_brand","embeddable":true,"href":"https:\/\/www.ahotech.com\/et\/wp-json\/wp\/v2\/product_brand?post=4135"},{"taxonomy":"product_cat","embeddable":true,"href":"https:\/\/www.ahotech.com\/et\/wp-json\/wp\/v2\/product_cat?post=4135"},{"taxonomy":"product_tag","embeddable":true,"href":"https:\/\/www.ahotech.com\/et\/wp-json\/wp\/v2\/product_tag?post=4135"}],"curies":[{"name":"t\u00f6\u00f6leht","href":"https:\/\/api.w.org\/{rel}","templated":true}]}}