{"id":4123,"date":"2021-12-22T08:27:03","date_gmt":"2021-12-22T08:27:03","guid":{"rendered":"https:\/\/www.ahotech.com\/?post_type=product&#038;p=4123"},"modified":"2022-02-19T12:31:49","modified_gmt":"2022-02-19T12:31:49","slug":"3-7v-18650-liitiumaku","status":"publish","type":"product","link":"https:\/\/www.ahotech.com\/et\/product\/3-7v-18650-lithium-battery\/","title":{"rendered":"3,7 V 18650 liitiumaku"},"content":{"rendered":"<p>3,7 V 18650 liitiumaku<\/p>\n<p>Kvaliteetne nikeldatud terasest korpus, hea korrosioonikindlus, roosteta<\/p>\n<p><img fetchpriority=\"high\" decoding=\"async\" class=\"alignnone size-medium wp-image-4131\" src=\"https:\/\/www.ahotech.com\/wp-content\/uploads\/2021\/12\/3.6V-18650-lithium-battery-1-300x300.jpg\" alt=\"3,7 V 18650 liitiumaku\" width=\"300\" height=\"300\" srcset=\"https:\/\/www.ahotech.com\/wp-content\/uploads\/2021\/12\/3.6V-18650-lithium-battery-1-300x300.jpg 300w, https:\/\/www.ahotech.com\/wp-content\/uploads\/2021\/12\/3.6V-18650-lithium-battery-1-150x150.jpg 150w, https:\/\/www.ahotech.com\/wp-content\/uploads\/2021\/12\/3.6V-18650-lithium-battery-1-768x768.jpg 768w, https:\/\/www.ahotech.com\/wp-content\/uploads\/2021\/12\/3.6V-18650-lithium-battery-1-600x600.jpg 600w, https:\/\/www.ahotech.com\/wp-content\/uploads\/2021\/12\/3.6V-18650-lithium-battery-1-100x100.jpg 100w, https:\/\/www.ahotech.com\/wp-content\/uploads\/2021\/12\/3.6V-18650-lithium-battery-1.jpg 800w\" sizes=\"(max-width: 300px) 100vw, 300px\" \/><\/p>\n<p>P\u00fcsiv t\u00fchjenemine t\u00e4iskoormuse energiaga<\/p>\n<p>Pikk vastupidavus, m\u00e4luefekti puudumine, pikk kasutusiga<\/p>\n<p><img decoding=\"async\" class=\"alignnone size-medium wp-image-4132\" src=\"https:\/\/www.ahotech.com\/wp-content\/uploads\/2021\/12\/18650-lithium-battery-custom\uff082\uff09-300x300.jpg\" alt=\"18650 liitiumaku kohandatud (2)\" width=\"300\" height=\"300\" srcset=\"https:\/\/www.ahotech.com\/wp-content\/uploads\/2021\/12\/18650-lithium-battery-custom\uff082\uff09-300x300.jpg 300w, https:\/\/www.ahotech.com\/wp-content\/uploads\/2021\/12\/18650-lithium-battery-custom\uff082\uff09-150x150.jpg 150w, https:\/\/www.ahotech.com\/wp-content\/uploads\/2021\/12\/18650-lithium-battery-custom\uff082\uff09-768x768.jpg 768w, https:\/\/www.ahotech.com\/wp-content\/uploads\/2021\/12\/18650-lithium-battery-custom\uff082\uff09-600x600.jpg 600w, https:\/\/www.ahotech.com\/wp-content\/uploads\/2021\/12\/18650-lithium-battery-custom\uff082\uff09-100x100.jpg 100w, https:\/\/www.ahotech.com\/wp-content\/uploads\/2021\/12\/18650-lithium-battery-custom\uff082\uff09.jpg 800w\" sizes=\"(max-width: 300px) 100vw, 300px\" \/><\/p>\n<p>Akul on piisav maht ja seda saab laadida ja t\u00fchjendada enam kui 1000 korda. P\u00e4rast 1000 laadimist v\u00e4heneb mahtuvus 30% v\u00f5rra. (Kui aku on t\u00e4ielikult laetud, kulub see ts\u00fckli jooksul \u00e4ra.)<\/p>\n<p>Pikaajaline ladustamine, madal iset\u00fchjenemine ja madala iset\u00fchjenemise tehnoloogia kasutamine v\u00e4hendavad t\u00f5husalt elektrienergia loomulikku kadu.<\/p>","protected":false},"excerpt":{"rendered":"<p>Pinge: 3,7 V<\/p>\n<p>Suurus: 18 * 65 mm<\/p>\n<p>Nimipinge: 3,7 V (t\u00e4islaetud pinge 4,2 V, t\u00fchjenemise piirpinge 2,75 V)<\/p>\n<p>V\u00e4ljundvool: \u22642A<\/p>\n<p>V\u00f5imsus: vastavalt 5800 MWH, 9800 MWH, 12580 MWH<\/p>\n<p>Sisemine takistus: alla 50 m \u03c9<\/p>\n<p>\u00dchekordne kasutamine: v\u00e4ikese ventilaatori, mobiilse toiteallika, taskulambi jaoks<br \/>\nKombineeritud kasutamine: erinevate pingete ja mahtuvustega akupakkide kokkupanek<\/p>","protected":false},"featured_media":4122,"template":"","meta":{"_acf_changed":false,"site-sidebar-layout":"default","site-content-layout":"default","ast-site-content-layout":"","site-content-style":"default","site-sidebar-style":"default","ast-global-header-display":"","ast-banner-title-visibility":"","ast-main-header-display":"","ast-hfb-above-header-display":"","ast-hfb-below-header-display":"","ast-hfb-mobile-header-display":"","site-post-title":"","ast-breadcrumbs-content":"","ast-featured-img":"","footer-sml-layout":"","theme-transparent-header-meta":"default","adv-header-id-meta":"","stick-header-meta":"","header-above-stick-meta":"","header-main-stick-meta":"","header-below-stick-meta":"","astra-migrate-meta-layouts":"default","ast-page-background-enabled":"default","ast-page-background-meta":{"desktop":{"background-color":"","background-image":"","background-repeat":"repeat","background-position":"center center","background-size":"auto","background-attachment":"scroll","background-type":"","background-media":"","overlay-type":"","overlay-color":"","overlay-opacity":"","overlay-gradient":""},"tablet":{"background-color":"","background-image":"","background-repeat":"repeat","background-position":"center center","background-size":"auto","background-attachment":"scroll","background-type":"","background-media":"","overlay-type":"","overlay-color":"","overlay-opacity":"","overlay-gradient":""},"mobile":{"background-color":"","background-image":"","background-repeat":"repeat","background-position":"center center","background-size":"auto","background-attachment":"scroll","background-type":"","background-media":"","overlay-type":"","overlay-color":"","overlay-opacity":"","overlay-gradient":""}},"ast-content-background-meta":{"desktop":{"background-color":"var(--ast-global-color-5)","background-image":"","background-repeat":"repeat","background-position":"center center","background-size":"auto","background-attachment":"scroll","background-type":"","background-media":"","overlay-type":"","overlay-color":"","overlay-opacity":"","overlay-gradient":""},"tablet":{"background-color":"var(--ast-global-color-5)","background-image":"","background-repeat":"repeat","background-position":"center center","background-size":"auto","background-attachment":"scroll","background-type":"","background-media":"","overlay-type":"","overlay-color":"","overlay-opacity":"","overlay-gradient":""},"mobile":{"background-color":"var(--ast-global-color-5)","background-image":"","background-repeat":"repeat","background-position":"center center","background-size":"auto","background-attachment":"scroll","background-type":"","background-media":"","overlay-type":"","overlay-color":"","overlay-opacity":"","overlay-gradient":""}}},"product_brand":[],"product_cat":[41],"product_tag":[],"class_list":{"0":"post-4123","1":"product","2":"type-product","3":"status-publish","4":"has-post-thumbnail","6":"product_cat-rechargeable-lithium-battery","7":"desktop-align-left","8":"tablet-align-left","9":"mobile-align-left","11":"first","12":"instock","13":"shipping-taxable","14":"product-type-simple"},"acf":[],"yoast_head":"<!-- This site is optimized with the Yoast SEO plugin v27.3 - https:\/\/yoast.com\/product\/yoast-seo-wordpress\/ -->\n<title>3.7V 18650 lithium battery - Ahotech.com<\/title>\n<meta name=\"robots\" content=\"index, follow, max-snippet:-1, max-image-preview:large, max-video-preview:-1\" \/>\n<link rel=\"canonical\" href=\"https:\/\/www.ahotech.com\/et\/toode\/3-7v-18650-liitiumaku\/\" \/>\n<meta property=\"og:locale\" content=\"et_EE\" \/>\n<meta property=\"og:type\" content=\"article\" \/>\n<meta property=\"og:title\" content=\"3.7V 18650 lithium battery - Ahotech.com\" \/>\n<meta property=\"og:description\" content=\"Voltage: 3.7 V  Size\uff1a18*65mm  Nominal voltage: 3.7V (fully charged voltage 4.2V, discharge cut-off voltage 2.75V)  Output current: \u22642A  Capacity: 5800MWH, 9800MWH, 12580MWH respectively  Internal resistance: less than 50m \u03c9  Single use: for small fan, mobile power supply, flashlight Combined use: assemble battery packs with different voltages and capacities\" \/>\n<meta property=\"og:url\" content=\"https:\/\/www.ahotech.com\/et\/toode\/3-7v-18650-liitiumaku\/\" \/>\n<meta property=\"og:site_name\" content=\"Ahotech.com\" \/>\n<meta property=\"article:modified_time\" content=\"2022-02-19T12:31:49+00:00\" \/>\n<meta property=\"og:image\" content=\"https:\/\/www.ahotech.com\/wp-content\/uploads\/2021\/12\/3.6V-18650-lithium-battery.jpg\" \/>\n\t<meta property=\"og:image:width\" content=\"800\" \/>\n\t<meta property=\"og:image:height\" content=\"800\" \/>\n\t<meta property=\"og:image:type\" content=\"image\/jpeg\" \/>\n<meta name=\"twitter:card\" content=\"summary_large_image\" \/>\n<script type=\"application\/ld+json\" class=\"yoast-schema-graph\">{\"@context\":\"https:\\\/\\\/schema.org\",\"@graph\":[{\"@type\":\"WebPage\",\"@id\":\"https:\\\/\\\/www.ahotech.com\\\/es\\\/product\\\/3-7v-18650-lithium-battery\\\/\",\"url\":\"https:\\\/\\\/www.ahotech.com\\\/es\\\/product\\\/3-7v-18650-lithium-battery\\\/\",\"name\":\"3.7V 18650 lithium battery - Ahotech.com\",\"isPartOf\":{\"@id\":\"https:\\\/\\\/www.ahotech.com\\\/#website\"},\"primaryImageOfPage\":{\"@id\":\"https:\\\/\\\/www.ahotech.com\\\/es\\\/product\\\/3-7v-18650-lithium-battery\\\/#primaryimage\"},\"image\":{\"@id\":\"https:\\\/\\\/www.ahotech.com\\\/es\\\/product\\\/3-7v-18650-lithium-battery\\\/#primaryimage\"},\"thumbnailUrl\":\"https:\\\/\\\/www.ahotech.com\\\/wp-content\\\/uploads\\\/2021\\\/12\\\/3.6V-18650-lithium-battery.jpg\",\"datePublished\":\"2021-12-22T08:27:03+00:00\",\"dateModified\":\"2022-02-19T12:31:49+00:00\",\"breadcrumb\":{\"@id\":\"https:\\\/\\\/www.ahotech.com\\\/es\\\/product\\\/3-7v-18650-lithium-battery\\\/#breadcrumb\"},\"inLanguage\":\"et\",\"potentialAction\":[{\"@type\":\"ReadAction\",\"target\":[\"https:\\\/\\\/www.ahotech.com\\\/es\\\/product\\\/3-7v-18650-lithium-battery\\\/\"]}]},{\"@type\":\"ImageObject\",\"inLanguage\":\"et\",\"@id\":\"https:\\\/\\\/www.ahotech.com\\\/es\\\/product\\\/3-7v-18650-lithium-battery\\\/#primaryimage\",\"url\":\"https:\\\/\\\/www.ahotech.com\\\/wp-content\\\/uploads\\\/2021\\\/12\\\/3.6V-18650-lithium-battery.jpg\",\"contentUrl\":\"https:\\\/\\\/www.ahotech.com\\\/wp-content\\\/uploads\\\/2021\\\/12\\\/3.6V-18650-lithium-battery.jpg\",\"width\":800,\"height\":800,\"caption\":\"3.7V 18650 lithium battery\"},{\"@type\":\"BreadcrumbList\",\"@id\":\"https:\\\/\\\/www.ahotech.com\\\/es\\\/product\\\/3-7v-18650-lithium-battery\\\/#breadcrumb\",\"itemListElement\":[{\"@type\":\"ListItem\",\"position\":1,\"name\":\"Home\",\"item\":\"https:\\\/\\\/www.ahotech.com\\\/\"},{\"@type\":\"ListItem\",\"position\":2,\"name\":\"Store\",\"item\":\"https:\\\/\\\/www.ahotech.com\\\/es\\\/store\\\/\"},{\"@type\":\"ListItem\",\"position\":3,\"name\":\"3.7V 18650 lithium battery\"}]},{\"@type\":\"WebSite\",\"@id\":\"https:\\\/\\\/www.ahotech.com\\\/#website\",\"url\":\"https:\\\/\\\/www.ahotech.com\\\/\",\"name\":\"Ahotech.com\",\"description\":\"lithium battery manufacturers\",\"publisher\":{\"@id\":\"https:\\\/\\\/www.ahotech.com\\\/#organization\"},\"potentialAction\":[{\"@type\":\"SearchAction\",\"target\":{\"@type\":\"EntryPoint\",\"urlTemplate\":\"https:\\\/\\\/www.ahotech.com\\\/?s={search_term_string}\"},\"query-input\":{\"@type\":\"PropertyValueSpecification\",\"valueRequired\":true,\"valueName\":\"search_term_string\"}}],\"inLanguage\":\"et\"},{\"@type\":\"Organization\",\"@id\":\"https:\\\/\\\/www.ahotech.com\\\/#organization\",\"name\":\"Ahotech.com\",\"url\":\"https:\\\/\\\/www.ahotech.com\\\/\",\"logo\":{\"@type\":\"ImageObject\",\"inLanguage\":\"et\",\"@id\":\"https:\\\/\\\/www.ahotech.com\\\/#\\\/schema\\\/logo\\\/image\\\/\",\"url\":\"https:\\\/\\\/www.ahotech.com\\\/wp-content\\\/uploads\\\/2021\\\/10\\\/battery-site-logo.jpg\",\"contentUrl\":\"https:\\\/\\\/www.ahotech.com\\\/wp-content\\\/uploads\\\/2021\\\/10\\\/battery-site-logo.jpg\",\"width\":1297,\"height\":465,\"caption\":\"Ahotech.com\"},\"image\":{\"@id\":\"https:\\\/\\\/www.ahotech.com\\\/#\\\/schema\\\/logo\\\/image\\\/\"}}]}<\/script>\n<!-- \/ Yoast SEO plugin. -->","yoast_head_json":{"title":"3,7 V 18650 liitiumaku - Ahotech.com","robots":{"index":"index","follow":"follow","max-snippet":"max-snippet:-1","max-image-preview":"max-image-preview:large","max-video-preview":"max-video-preview:-1"},"canonical":"https:\/\/www.ahotech.com\/et\/toode\/3-7v-18650-liitiumaku\/","og_locale":"et_EE","og_type":"article","og_title":"3.7V 18650 lithium battery - Ahotech.com","og_description":"Voltage: 3.7 V  Size\uff1a18*65mm  Nominal voltage: 3.7V (fully charged voltage 4.2V, discharge cut-off voltage 2.75V)  Output current: \u22642A  Capacity: 5800MWH, 9800MWH, 12580MWH respectively  Internal resistance: less than 50m \u03c9  Single use: for small fan, mobile power supply, flashlight Combined use: assemble battery packs with different voltages and capacities","og_url":"https:\/\/www.ahotech.com\/et\/toode\/3-7v-18650-liitiumaku\/","og_site_name":"Ahotech.com","article_modified_time":"2022-02-19T12:31:49+00:00","og_image":[{"width":800,"height":800,"url":"https:\/\/www.ahotech.com\/wp-content\/uploads\/2021\/12\/3.6V-18650-lithium-battery.jpg","type":"image\/jpeg"}],"twitter_card":"summary_large_image","schema":{"@context":"https:\/\/schema.org","@graph":[{"@type":"WebPage","@id":"https:\/\/www.ahotech.com\/es\/product\/3-7v-18650-lithium-battery\/","url":"https:\/\/www.ahotech.com\/es\/product\/3-7v-18650-lithium-battery\/","name":"3,7 V 18650 liitiumaku - Ahotech.com","isPartOf":{"@id":"https:\/\/www.ahotech.com\/#website"},"primaryImageOfPage":{"@id":"https:\/\/www.ahotech.com\/es\/product\/3-7v-18650-lithium-battery\/#primaryimage"},"image":{"@id":"https:\/\/www.ahotech.com\/es\/product\/3-7v-18650-lithium-battery\/#primaryimage"},"thumbnailUrl":"https:\/\/www.ahotech.com\/wp-content\/uploads\/2021\/12\/3.6V-18650-lithium-battery.jpg","datePublished":"2021-12-22T08:27:03+00:00","dateModified":"2022-02-19T12:31:49+00:00","breadcrumb":{"@id":"https:\/\/www.ahotech.com\/es\/product\/3-7v-18650-lithium-battery\/#breadcrumb"},"inLanguage":"et","potentialAction":[{"@type":"ReadAction","target":["https:\/\/www.ahotech.com\/es\/product\/3-7v-18650-lithium-battery\/"]}]},{"@type":"ImageObject","inLanguage":"et","@id":"https:\/\/www.ahotech.com\/es\/product\/3-7v-18650-lithium-battery\/#primaryimage","url":"https:\/\/www.ahotech.com\/wp-content\/uploads\/2021\/12\/3.6V-18650-lithium-battery.jpg","contentUrl":"https:\/\/www.ahotech.com\/wp-content\/uploads\/2021\/12\/3.6V-18650-lithium-battery.jpg","width":800,"height":800,"caption":"3.7V 18650 lithium battery"},{"@type":"BreadcrumbList","@id":"https:\/\/www.ahotech.com\/es\/product\/3-7v-18650-lithium-battery\/#breadcrumb","itemListElement":[{"@type":"ListItem","position":1,"name":"Home","item":"https:\/\/www.ahotech.com\/"},{"@type":"ListItem","position":2,"name":"Store","item":"https:\/\/www.ahotech.com\/es\/store\/"},{"@type":"ListItem","position":3,"name":"3.7V 18650 lithium battery"}]},{"@type":"WebSite","@id":"https:\/\/www.ahotech.com\/#website","url":"https:\/\/www.ahotech.com\/","name":"Ahotech.com","description":"liitiumakude tootjad","publisher":{"@id":"https:\/\/www.ahotech.com\/#organization"},"potentialAction":[{"@type":"SearchAction","target":{"@type":"EntryPoint","urlTemplate":"https:\/\/www.ahotech.com\/?s={search_term_string}"},"query-input":{"@type":"PropertyValueSpecification","valueRequired":true,"valueName":"search_term_string"}}],"inLanguage":"et"},{"@type":"Organization","@id":"https:\/\/www.ahotech.com\/#organization","name":"Ahotech.com","url":"https:\/\/www.ahotech.com\/","logo":{"@type":"ImageObject","inLanguage":"et","@id":"https:\/\/www.ahotech.com\/#\/schema\/logo\/image\/","url":"https:\/\/www.ahotech.com\/wp-content\/uploads\/2021\/10\/battery-site-logo.jpg","contentUrl":"https:\/\/www.ahotech.com\/wp-content\/uploads\/2021\/10\/battery-site-logo.jpg","width":1297,"height":465,"caption":"Ahotech.com"},"image":{"@id":"https:\/\/www.ahotech.com\/#\/schema\/logo\/image\/"}}]}},"_links":{"self":[{"href":"https:\/\/www.ahotech.com\/et\/wp-json\/wp\/v2\/product\/4123","targetHints":{"allow":["GET"]}}],"collection":[{"href":"https:\/\/www.ahotech.com\/et\/wp-json\/wp\/v2\/product"}],"about":[{"href":"https:\/\/www.ahotech.com\/et\/wp-json\/wp\/v2\/types\/product"}],"version-history":[{"count":4,"href":"https:\/\/www.ahotech.com\/et\/wp-json\/wp\/v2\/product\/4123\/revisions"}],"predecessor-version":[{"id":4133,"href":"https:\/\/www.ahotech.com\/et\/wp-json\/wp\/v2\/product\/4123\/revisions\/4133"}],"wp:featuredmedia":[{"embeddable":true,"href":"https:\/\/www.ahotech.com\/et\/wp-json\/wp\/v2\/media\/4122"}],"wp:attachment":[{"href":"https:\/\/www.ahotech.com\/et\/wp-json\/wp\/v2\/media?parent=4123"}],"wp:term":[{"taxonomy":"product_brand","embeddable":true,"href":"https:\/\/www.ahotech.com\/et\/wp-json\/wp\/v2\/product_brand?post=4123"},{"taxonomy":"product_cat","embeddable":true,"href":"https:\/\/www.ahotech.com\/et\/wp-json\/wp\/v2\/product_cat?post=4123"},{"taxonomy":"product_tag","embeddable":true,"href":"https:\/\/www.ahotech.com\/et\/wp-json\/wp\/v2\/product_tag?post=4123"}],"curies":[{"name":"t\u00f6\u00f6leht","href":"https:\/\/api.w.org\/{rel}","templated":true}]}}