{"id":3951,"date":"2021-11-30T05:36:36","date_gmt":"2021-11-30T05:36:36","guid":{"rendered":"https:\/\/www.ahotech.com\/?post_type=product&#038;p=3951"},"modified":"2021-11-30T06:03:55","modified_gmt":"2021-11-30T06:03:55","slug":"kohandatud-asjade-interneti-akupakk-er26500hpc1520-2","status":"publish","type":"product","link":"https:\/\/www.ahotech.com\/et\/product\/custom-iot-battery-pack-er26500hpc1520-2\/","title":{"rendered":"Kohandatud IoT aku ER34615+HPC1520"},"content":{"rendered":"<p>ER34615 on paralleelselt HPC1520-ga, moodustades IoT akupaketi, millel on suur impulssvooluv\u00f5ime, stabiilne koormuspinge (pingeviivituseta) ja mis talub \u00e4\u00e4rmuslikke temperatuure.<\/p>\n<p>P\u00e4rast aastaid kestnud tehnilist ja materjalialast uurimist\u00f6\u00f6d on HPC l\u00e4binud UL, IEC62133, UL62321, UN38.3 RoHs (10 toodet), MSDS ja CNAS sertifikaadid.<\/p>\n<p>Rakendusvaldkond: intelligentne kaevukate, veekvaliteedi j\u00e4lgimine, suure kaliibriga veem\u00f5\u00f5tur jne<\/p>\n<p><img fetchpriority=\"high\" decoding=\"async\" class=\"alignnone size-medium wp-image-3773\" src=\"https:\/\/www.ahotech.com\/wp-content\/uploads\/2021\/11\/battery-and-capacitor-combination-1-300x215.jpg\" alt=\"aku ja kondensaatori kombinatsioon\" width=\"300\" height=\"215\" srcset=\"https:\/\/www.ahotech.com\/wp-content\/uploads\/2021\/11\/battery-and-capacitor-combination-1-300x215.jpg 300w, https:\/\/www.ahotech.com\/wp-content\/uploads\/2021\/11\/battery-and-capacitor-combination-1.jpg 500w\" sizes=\"(max-width: 300px) 100vw, 300px\" \/><\/p>\n<p>Joonise struktuur on j\u00e4rgmine:<\/p>\n<p><img decoding=\"async\" class=\"alignnone size-medium wp-image-3957\" src=\"https:\/\/www.ahotech.com\/wp-content\/uploads\/2021\/11\/custom-battery-pack-manufacturer-300x229.png\" alt=\"kohandatud akuploki tootja\" width=\"300\" height=\"229\" srcset=\"https:\/\/www.ahotech.com\/wp-content\/uploads\/2021\/11\/custom-battery-pack-manufacturer-300x229.png 300w, https:\/\/www.ahotech.com\/wp-content\/uploads\/2021\/11\/custom-battery-pack-manufacturer-768x587.png 768w, https:\/\/www.ahotech.com\/wp-content\/uploads\/2021\/11\/custom-battery-pack-manufacturer-600x458.png 600w, https:\/\/www.ahotech.com\/wp-content\/uploads\/2021\/11\/custom-battery-pack-manufacturer.png 834w\" sizes=\"(max-width: 300px) 100vw, 300px\" \/><\/p>","protected":false},"excerpt":{"rendered":"<p>Nimiv\u00f5imsus: 19 Ah<\/p>\n<p>Nimipinge: 3,66 V<\/p>\n<p>Koormuspinge (@5 oomi): \u22653,2 V<\/p>\n<p>Maksimaalne impulssvool (@1S, @3.0V): 1A<\/p>\n<p>Aasta keskmine v\u00f5imsuse languse m\u00e4\u00e4r: \u22641%<\/p>\n<p>T\u00f6\u00f6temperatuuri vahemik: -40\u2103 ~ +85\u2103<\/p>\n<p>Rakendusvaldkond: nutikas kaevukatas, nutikas linn, geomagnetiline parkimine<\/p>\n<p>T\u00f6\u00f6tlemise \u00fcldm\u00f5\u00f5tmed: k\u00f5rgus: 79 mm, l\u00e4bim\u00f5\u00f5t: 34 mm<\/p>\n<p>K\u00fclgmise t\u00f6\u00f6tlemise suurus: k\u00f5rgus: 63 mm, laius 49 mm, paksus 34 mm<\/p>\n<p>&nbsp;<\/p>","protected":false},"featured_media":3953,"template":"","meta":{"_acf_changed":false,"site-sidebar-layout":"default","site-content-layout":"default","ast-site-content-layout":"","site-content-style":"default","site-sidebar-style":"default","ast-global-header-display":"","ast-banner-title-visibility":"","ast-main-header-display":"","ast-hfb-above-header-display":"","ast-hfb-below-header-display":"","ast-hfb-mobile-header-display":"","site-post-title":"","ast-breadcrumbs-content":"","ast-featured-img":"","footer-sml-layout":"","theme-transparent-header-meta":"default","adv-header-id-meta":"","stick-header-meta":"","header-above-stick-meta":"","header-main-stick-meta":"","header-below-stick-meta":"","astra-migrate-meta-layouts":"default","ast-page-background-enabled":"default","ast-page-background-meta":{"desktop":{"background-color":"","background-image":"","background-repeat":"repeat","background-position":"center center","background-size":"auto","background-attachment":"scroll","background-type":"","background-media":"","overlay-type":"","overlay-color":"","overlay-opacity":"","overlay-gradient":""},"tablet":{"background-color":"","background-image":"","background-repeat":"repeat","background-position":"center center","background-size":"auto","background-attachment":"scroll","background-type":"","background-media":"","overlay-type":"","overlay-color":"","overlay-opacity":"","overlay-gradient":""},"mobile":{"background-color":"","background-image":"","background-repeat":"repeat","background-position":"center center","background-size":"auto","background-attachment":"scroll","background-type":"","background-media":"","overlay-type":"","overlay-color":"","overlay-opacity":"","overlay-gradient":""}},"ast-content-background-meta":{"desktop":{"background-color":"var(--ast-global-color-5)","background-image":"","background-repeat":"repeat","background-position":"center center","background-size":"auto","background-attachment":"scroll","background-type":"","background-media":"","overlay-type":"","overlay-color":"","overlay-opacity":"","overlay-gradient":""},"tablet":{"background-color":"var(--ast-global-color-5)","background-image":"","background-repeat":"repeat","background-position":"center center","background-size":"auto","background-attachment":"scroll","background-type":"","background-media":"","overlay-type":"","overlay-color":"","overlay-opacity":"","overlay-gradient":""},"mobile":{"background-color":"var(--ast-global-color-5)","background-image":"","background-repeat":"repeat","background-position":"center center","background-size":"auto","background-attachment":"scroll","background-type":"","background-media":"","overlay-type":"","overlay-color":"","overlay-opacity":"","overlay-gradient":""}}},"product_brand":[],"product_cat":[39],"product_tag":[],"class_list":{"0":"post-3951","1":"product","2":"type-product","3":"status-publish","4":"has-post-thumbnail","6":"product_cat-custom-iot-battery-pack","7":"desktop-align-left","8":"tablet-align-left","9":"mobile-align-left","11":"first","12":"instock","13":"shipping-taxable","14":"product-type-simple"},"acf":[],"yoast_head":"<!-- This site is optimized with the Yoast SEO plugin v27.3 - https:\/\/yoast.com\/product\/yoast-seo-wordpress\/ -->\n<title>Custom IoT battery pack ER34615+HPC1520 - Ahotech.com<\/title>\n<meta name=\"robots\" content=\"index, follow, max-snippet:-1, max-image-preview:large, max-video-preview:-1\" \/>\n<link rel=\"canonical\" href=\"https:\/\/www.ahotech.com\/et\/toode\/kohandatud-asjade-interneti-akupakk-er26500hpc1520-2\/\" \/>\n<meta property=\"og:locale\" content=\"et_EE\" \/>\n<meta property=\"og:type\" content=\"article\" \/>\n<meta property=\"og:title\" content=\"Custom IoT battery pack ER34615+HPC1520 - Ahotech.com\" \/>\n<meta property=\"og:description\" content=\"Nominal effective capacity: 19Ah  Nominal voltage: 3.66V  Load voltage (@5 ohms) : \u22653.2V  Maximum pulse current (@1S, @3.0V) : 1A  Annual average capacity drop rate: \u22641%  Operating temperature range: -40\u2103 ~ +85\u2103  Application industry: smart manhole cover, smart city, geomagnetic parking  Overhead processing size: height: 79mm diameter: 34mm  Side processing size: height: 63mm width 49mm thickness 34mm  &nbsp;\" \/>\n<meta property=\"og:url\" content=\"https:\/\/www.ahotech.com\/et\/toode\/kohandatud-asjade-interneti-akupakk-er26500hpc1520-2\/\" \/>\n<meta property=\"og:site_name\" content=\"Ahotech.com\" \/>\n<meta property=\"article:modified_time\" content=\"2021-11-30T06:03:55+00:00\" \/>\n<meta property=\"og:image\" content=\"https:\/\/de.ahotech.com\/wp-content\/uploads\/2021\/11\/li-socl2-battery-1.jpg\" \/>\n\t<meta property=\"og:image:width\" content=\"800\" \/>\n\t<meta property=\"og:image:height\" content=\"800\" \/>\n\t<meta property=\"og:image:type\" content=\"image\/jpeg\" \/>\n<meta name=\"twitter:card\" content=\"summary_large_image\" \/>\n<script type=\"application\/ld+json\" class=\"yoast-schema-graph\">{\"@context\":\"https:\\\/\\\/schema.org\",\"@graph\":[{\"@type\":\"WebPage\",\"@id\":\"https:\\\/\\\/de.ahotech.com\\\/product\\\/kundenspezifischer-iot-akkupack-er26500hpc1520-2\\\/\",\"url\":\"https:\\\/\\\/de.ahotech.com\\\/product\\\/kundenspezifischer-iot-akkupack-er26500hpc1520-2\\\/\",\"name\":\"Custom IoT battery pack ER34615+HPC1520 - Ahotech.com\",\"isPartOf\":{\"@id\":\"https:\\\/\\\/de.ahotech.com\\\/#website\"},\"primaryImageOfPage\":{\"@id\":\"https:\\\/\\\/de.ahotech.com\\\/product\\\/kundenspezifischer-iot-akkupack-er26500hpc1520-2\\\/#primaryimage\"},\"image\":{\"@id\":\"https:\\\/\\\/de.ahotech.com\\\/product\\\/kundenspezifischer-iot-akkupack-er26500hpc1520-2\\\/#primaryimage\"},\"thumbnailUrl\":\"https:\\\/\\\/www.ahotech.com\\\/wp-content\\\/uploads\\\/2021\\\/11\\\/li-socl2-battery-1.jpg\",\"datePublished\":\"2021-11-30T05:36:36+00:00\",\"dateModified\":\"2021-11-30T06:03:55+00:00\",\"breadcrumb\":{\"@id\":\"https:\\\/\\\/de.ahotech.com\\\/product\\\/kundenspezifischer-iot-akkupack-er26500hpc1520-2\\\/#breadcrumb\"},\"inLanguage\":\"et\",\"potentialAction\":[{\"@type\":\"ReadAction\",\"target\":[\"https:\\\/\\\/de.ahotech.com\\\/product\\\/kundenspezifischer-iot-akkupack-er26500hpc1520-2\\\/\"]}]},{\"@type\":\"ImageObject\",\"inLanguage\":\"et\",\"@id\":\"https:\\\/\\\/de.ahotech.com\\\/product\\\/kundenspezifischer-iot-akkupack-er26500hpc1520-2\\\/#primaryimage\",\"url\":\"https:\\\/\\\/www.ahotech.com\\\/wp-content\\\/uploads\\\/2021\\\/11\\\/li-socl2-battery-1.jpg\",\"contentUrl\":\"https:\\\/\\\/www.ahotech.com\\\/wp-content\\\/uploads\\\/2021\\\/11\\\/li-socl2-battery-1.jpg\",\"width\":800,\"height\":800,\"caption\":\"li socl2 battery\"},{\"@type\":\"BreadcrumbList\",\"@id\":\"https:\\\/\\\/de.ahotech.com\\\/product\\\/kundenspezifischer-iot-akkupack-er26500hpc1520-2\\\/#breadcrumb\",\"itemListElement\":[{\"@type\":\"ListItem\",\"position\":1,\"name\":\"Home\",\"item\":\"https:\\\/\\\/de.ahotech.com\\\/\"},{\"@type\":\"ListItem\",\"position\":2,\"name\":\"Store\",\"item\":\"https:\\\/\\\/www.ahotech.com\\\/es\\\/store\\\/\"},{\"@type\":\"ListItem\",\"position\":3,\"name\":\"Custom IoT battery pack ER34615+HPC1520\"}]},{\"@type\":\"WebSite\",\"@id\":\"https:\\\/\\\/de.ahotech.com\\\/#website\",\"url\":\"https:\\\/\\\/de.ahotech.com\\\/\",\"name\":\"Ahotech.com\",\"description\":\"lithium battery manufacturers\",\"publisher\":{\"@id\":\"https:\\\/\\\/de.ahotech.com\\\/#organization\"},\"potentialAction\":[{\"@type\":\"SearchAction\",\"target\":{\"@type\":\"EntryPoint\",\"urlTemplate\":\"https:\\\/\\\/de.ahotech.com\\\/?s={search_term_string}\"},\"query-input\":{\"@type\":\"PropertyValueSpecification\",\"valueRequired\":true,\"valueName\":\"search_term_string\"}}],\"inLanguage\":\"et\"},{\"@type\":\"Organization\",\"@id\":\"https:\\\/\\\/de.ahotech.com\\\/#organization\",\"name\":\"Ahotech.com\",\"url\":\"https:\\\/\\\/de.ahotech.com\\\/\",\"logo\":{\"@type\":\"ImageObject\",\"inLanguage\":\"et\",\"@id\":\"https:\\\/\\\/de.ahotech.com\\\/#\\\/schema\\\/logo\\\/image\\\/\",\"url\":\"https:\\\/\\\/www.ahotech.com\\\/wp-content\\\/uploads\\\/2021\\\/10\\\/battery-site-logo.jpg\",\"contentUrl\":\"https:\\\/\\\/www.ahotech.com\\\/wp-content\\\/uploads\\\/2021\\\/10\\\/battery-site-logo.jpg\",\"width\":1297,\"height\":465,\"caption\":\"Ahotech.com\"},\"image\":{\"@id\":\"https:\\\/\\\/de.ahotech.com\\\/#\\\/schema\\\/logo\\\/image\\\/\"}}]}<\/script>\n<!-- \/ Yoast SEO plugin. -->","yoast_head_json":{"title":"Kohandatud IoT akupakett ER34615+HPC1520 - Ahotech.com","robots":{"index":"index","follow":"follow","max-snippet":"max-snippet:-1","max-image-preview":"max-image-preview:large","max-video-preview":"max-video-preview:-1"},"canonical":"https:\/\/www.ahotech.com\/et\/toode\/kohandatud-asjade-interneti-akupakk-er26500hpc1520-2\/","og_locale":"et_EE","og_type":"article","og_title":"Custom IoT battery pack ER34615+HPC1520 - Ahotech.com","og_description":"Nominal effective capacity: 19Ah  Nominal voltage: 3.66V  Load voltage (@5 ohms) : \u22653.2V  Maximum pulse current (@1S, @3.0V) : 1A  Annual average capacity drop rate: \u22641%  Operating temperature range: -40\u2103 ~ +85\u2103  Application industry: smart manhole cover, smart city, geomagnetic parking  Overhead processing size: height: 79mm diameter: 34mm  Side processing size: height: 63mm width 49mm thickness 34mm  &nbsp;","og_url":"https:\/\/www.ahotech.com\/et\/toode\/kohandatud-asjade-interneti-akupakk-er26500hpc1520-2\/","og_site_name":"Ahotech.com","article_modified_time":"2021-11-30T06:03:55+00:00","og_image":[{"width":800,"height":800,"url":"https:\/\/de.ahotech.com\/wp-content\/uploads\/2021\/11\/li-socl2-battery-1.jpg","type":"image\/jpeg"}],"twitter_card":"summary_large_image","schema":{"@context":"https:\/\/schema.org","@graph":[{"@type":"WebPage","@id":"https:\/\/de.ahotech.com\/product\/kundenspezifischer-iot-akkupack-er26500hpc1520-2\/","url":"https:\/\/de.ahotech.com\/product\/kundenspezifischer-iot-akkupack-er26500hpc1520-2\/","name":"Kohandatud IoT akupakett ER34615+HPC1520 - Ahotech.com","isPartOf":{"@id":"https:\/\/de.ahotech.com\/#website"},"primaryImageOfPage":{"@id":"https:\/\/de.ahotech.com\/product\/kundenspezifischer-iot-akkupack-er26500hpc1520-2\/#primaryimage"},"image":{"@id":"https:\/\/de.ahotech.com\/product\/kundenspezifischer-iot-akkupack-er26500hpc1520-2\/#primaryimage"},"thumbnailUrl":"https:\/\/www.ahotech.com\/wp-content\/uploads\/2021\/11\/li-socl2-battery-1.jpg","datePublished":"2021-11-30T05:36:36+00:00","dateModified":"2021-11-30T06:03:55+00:00","breadcrumb":{"@id":"https:\/\/de.ahotech.com\/product\/kundenspezifischer-iot-akkupack-er26500hpc1520-2\/#breadcrumb"},"inLanguage":"et","potentialAction":[{"@type":"ReadAction","target":["https:\/\/de.ahotech.com\/product\/kundenspezifischer-iot-akkupack-er26500hpc1520-2\/"]}]},{"@type":"ImageObject","inLanguage":"et","@id":"https:\/\/de.ahotech.com\/product\/kundenspezifischer-iot-akkupack-er26500hpc1520-2\/#primaryimage","url":"https:\/\/www.ahotech.com\/wp-content\/uploads\/2021\/11\/li-socl2-battery-1.jpg","contentUrl":"https:\/\/www.ahotech.com\/wp-content\/uploads\/2021\/11\/li-socl2-battery-1.jpg","width":800,"height":800,"caption":"li socl2 battery"},{"@type":"BreadcrumbList","@id":"https:\/\/de.ahotech.com\/product\/kundenspezifischer-iot-akkupack-er26500hpc1520-2\/#breadcrumb","itemListElement":[{"@type":"ListItem","position":1,"name":"Home","item":"https:\/\/de.ahotech.com\/"},{"@type":"ListItem","position":2,"name":"Store","item":"https:\/\/www.ahotech.com\/es\/store\/"},{"@type":"ListItem","position":3,"name":"Custom IoT battery pack ER34615+HPC1520"}]},{"@type":"WebSite","@id":"https:\/\/de.ahotech.com\/#website","url":"https:\/\/de.ahotech.com\/","name":"Ahotech.com","description":"liitiumakude tootjad","publisher":{"@id":"https:\/\/de.ahotech.com\/#organization"},"potentialAction":[{"@type":"SearchAction","target":{"@type":"EntryPoint","urlTemplate":"https:\/\/de.ahotech.com\/?s={search_term_string}"},"query-input":{"@type":"PropertyValueSpecification","valueRequired":true,"valueName":"search_term_string"}}],"inLanguage":"et"},{"@type":"Organization","@id":"https:\/\/de.ahotech.com\/#organization","name":"Ahotech.com","url":"https:\/\/de.ahotech.com\/","logo":{"@type":"ImageObject","inLanguage":"et","@id":"https:\/\/de.ahotech.com\/#\/schema\/logo\/image\/","url":"https:\/\/www.ahotech.com\/wp-content\/uploads\/2021\/10\/battery-site-logo.jpg","contentUrl":"https:\/\/www.ahotech.com\/wp-content\/uploads\/2021\/10\/battery-site-logo.jpg","width":1297,"height":465,"caption":"Ahotech.com"},"image":{"@id":"https:\/\/de.ahotech.com\/#\/schema\/logo\/image\/"}}]}},"_links":{"self":[{"href":"https:\/\/www.ahotech.com\/et\/wp-json\/wp\/v2\/product\/3951","targetHints":{"allow":["GET"]}}],"collection":[{"href":"https:\/\/www.ahotech.com\/et\/wp-json\/wp\/v2\/product"}],"about":[{"href":"https:\/\/www.ahotech.com\/et\/wp-json\/wp\/v2\/types\/product"}],"version-history":[{"count":2,"href":"https:\/\/www.ahotech.com\/et\/wp-json\/wp\/v2\/product\/3951\/revisions"}],"predecessor-version":[{"id":3959,"href":"https:\/\/www.ahotech.com\/et\/wp-json\/wp\/v2\/product\/3951\/revisions\/3959"}],"wp:featuredmedia":[{"embeddable":true,"href":"https:\/\/www.ahotech.com\/et\/wp-json\/wp\/v2\/media\/3953"}],"wp:attachment":[{"href":"https:\/\/www.ahotech.com\/et\/wp-json\/wp\/v2\/media?parent=3951"}],"wp:term":[{"taxonomy":"product_brand","embeddable":true,"href":"https:\/\/www.ahotech.com\/et\/wp-json\/wp\/v2\/product_brand?post=3951"},{"taxonomy":"product_cat","embeddable":true,"href":"https:\/\/www.ahotech.com\/et\/wp-json\/wp\/v2\/product_cat?post=3951"},{"taxonomy":"product_tag","embeddable":true,"href":"https:\/\/www.ahotech.com\/et\/wp-json\/wp\/v2\/product_tag?post=3951"}],"curies":[{"name":"t\u00f6\u00f6leht","href":"https:\/\/api.w.org\/{rel}","templated":true}]}}