{"id":3881,"date":"2021-11-27T07:26:00","date_gmt":"2021-11-27T07:26:00","guid":{"rendered":"https:\/\/www.ahotech.com\/?post_type=product&#038;p=3881"},"modified":"2021-11-29T08:28:40","modified_gmt":"2021-11-29T08:28:40","slug":"kohandatud-asjade-interneti-akupakk-er26500hpc1520","status":"publish","type":"product","link":"https:\/\/www.ahotech.com\/et\/product\/custom-iot-battery-pack-er26500hpc1520\/","title":{"rendered":"Kohandatud IoT aku ER26500+HPC1520"},"content":{"rendered":"<p>ER26500 on paralleelselt HPC1520-ga, moodustades IoT akupaketi, millel on suur impulssvooluv\u00f5ime, stabiilne koormuspinge (pingeviivituseta) ja mis talub \u00e4\u00e4rmuslikke temperatuure.<\/p>\n<p>Asjade interneti valdkonnas t\u00e4rkava kommunikatsioonitehnoloogiana on NB-iot uus kitsaribaline mobiilside LPWAN (madala energiatarbega laiv\u00f5rgu) tehnoloogia. Selle eelised on lai leviala, v\u00e4ike energiatarve, madal hind, suur \u00fchendus ja k\u00f5rge turvalisus. See sobib pikamaa-, madala kiiruse ja energiatarbega mitme terminaliga asjade interneti teenusteks ning sellel on lai valik rakendusi.<\/p>\n<p>Intelligentne energiahaldus on tulevase linnaenergia juhtimise, traditsiooniliste liitiumaku v\u00f5i liitiumtion\u00fc\u00fclkloriidakude arengusuund. T\u00e4nu suurele lekkekiirusele v\u00f5i aku viivitusele suudavad need t\u00f5eliselt rahuldada nutikate arvestite, laia temperatuuri, suure mahutavuse, suure impulssvoolu ja madala iset\u00fchjenemise kiirusega IOT-seeria toodete n\u00f5udeid, mis vastavad t\u00e4ielikult sisuv\u00f5rgu nutikate arvestite n\u00f5uetele.<\/p>\n<p><img decoding=\"async\" class=\"alignnone size-medium wp-image-3924\" src=\"https:\/\/www.ahotech.com\/wp-content\/uploads\/2021\/11\/battery-and-capacitor-in-series-300x143.png\" alt=\"aku ja kondensaator j\u00e4rjestikku\" width=\"300\" height=\"143\" srcset=\"https:\/\/www.ahotech.com\/wp-content\/uploads\/2021\/11\/battery-and-capacitor-in-series-300x143.png 300w, https:\/\/www.ahotech.com\/wp-content\/uploads\/2021\/11\/battery-and-capacitor-in-series-768x366.png 768w, https:\/\/www.ahotech.com\/wp-content\/uploads\/2021\/11\/battery-and-capacitor-in-series-600x286.png 600w, https:\/\/www.ahotech.com\/wp-content\/uploads\/2021\/11\/battery-and-capacitor-in-series.png 939w\" sizes=\"(max-width: 300px) 100vw, 300px\" \/><\/p>\n<p>Rakendusvaldkond: veearvesti, gaasiarvesti, nutikas kaevukatas, nutikas linn<\/p>\n<p>Nutika veearvesti tavaliselt kasutatav akumudel on ER26500+HPC1520, mida saab kasutada 6+1 aastat.<\/p>\n<p>Joonise struktuur on j\u00e4rgmine:<\/p>\n<p><img fetchpriority=\"high\" decoding=\"async\" class=\"alignnone size-medium wp-image-3923\" src=\"https:\/\/www.ahotech.com\/wp-content\/uploads\/2021\/11\/capacitor-and-battery-combination-ER26500HPC1520-300x213.png\" alt=\"Kondensaatori ja aku kombinatsioon ER26500+HPC1520\" width=\"300\" height=\"213\" srcset=\"https:\/\/www.ahotech.com\/wp-content\/uploads\/2021\/11\/capacitor-and-battery-combination-ER26500HPC1520-300x213.png 300w, https:\/\/www.ahotech.com\/wp-content\/uploads\/2021\/11\/capacitor-and-battery-combination-ER26500HPC1520-768x546.png 768w, https:\/\/www.ahotech.com\/wp-content\/uploads\/2021\/11\/capacitor-and-battery-combination-ER26500HPC1520-600x427.png 600w, https:\/\/www.ahotech.com\/wp-content\/uploads\/2021\/11\/capacitor-and-battery-combination-ER26500HPC1520.png 901w\" sizes=\"(max-width: 300px) 100vw, 300px\" \/><\/p>","protected":false},"excerpt":{"rendered":"<p>Nimiv\u00f5imsus: 8,5 Ah<\/p>\n<p>Nimipinge: 3,66 V<\/p>\n<p>Koormuspinge (@5 oomi): \u22653,2 V<\/p>\n<p>Maksimaalne impulssvool (@1S, @3.0V): 1A<\/p>\n<p>Aasta keskmine v\u00f5imsuse languse m\u00e4\u00e4r: \u22641%<\/p>\n<p>T\u00f6\u00f6temperatuuri vahemik: -40\u2103 ~ +85\u2103<\/p>\n<p>Rakendusvaldkond: veearvesti, gaasiarvesti, nutikas kaevukatas, nutikas linn<\/p>\n<p>T\u00f6\u00f6tlemise \u00fcldm\u00f5\u00f5tmed: k\u00f5rgus: 67 mm, l\u00e4bim\u00f5\u00f5t: 27 mm<\/p>\n<p>K\u00fclgmise t\u00f6\u00f6tlemise suurus: k\u00f5rgus: 52 mm, laius 41 mm, paksus 26 mm<\/p>\n<p>&nbsp;<\/p>\n<p>&nbsp;<\/p>","protected":false},"featured_media":3883,"template":"","meta":{"_acf_changed":false,"site-sidebar-layout":"default","site-content-layout":"default","ast-site-content-layout":"","site-content-style":"default","site-sidebar-style":"default","ast-global-header-display":"","ast-banner-title-visibility":"","ast-main-header-display":"","ast-hfb-above-header-display":"","ast-hfb-below-header-display":"","ast-hfb-mobile-header-display":"","site-post-title":"","ast-breadcrumbs-content":"","ast-featured-img":"","footer-sml-layout":"","theme-transparent-header-meta":"default","adv-header-id-meta":"","stick-header-meta":"","header-above-stick-meta":"","header-main-stick-meta":"","header-below-stick-meta":"","astra-migrate-meta-layouts":"default","ast-page-background-enabled":"default","ast-page-background-meta":{"desktop":{"background-color":"","background-image":"","background-repeat":"repeat","background-position":"center center","background-size":"auto","background-attachment":"scroll","background-type":"","background-media":"","overlay-type":"","overlay-color":"","overlay-opacity":"","overlay-gradient":""},"tablet":{"background-color":"","background-image":"","background-repeat":"repeat","background-position":"center center","background-size":"auto","background-attachment":"scroll","background-type":"","background-media":"","overlay-type":"","overlay-color":"","overlay-opacity":"","overlay-gradient":""},"mobile":{"background-color":"","background-image":"","background-repeat":"repeat","background-position":"center center","background-size":"auto","background-attachment":"scroll","background-type":"","background-media":"","overlay-type":"","overlay-color":"","overlay-opacity":"","overlay-gradient":""}},"ast-content-background-meta":{"desktop":{"background-color":"var(--ast-global-color-5)","background-image":"","background-repeat":"repeat","background-position":"center center","background-size":"auto","background-attachment":"scroll","background-type":"","background-media":"","overlay-type":"","overlay-color":"","overlay-opacity":"","overlay-gradient":""},"tablet":{"background-color":"var(--ast-global-color-5)","background-image":"","background-repeat":"repeat","background-position":"center center","background-size":"auto","background-attachment":"scroll","background-type":"","background-media":"","overlay-type":"","overlay-color":"","overlay-opacity":"","overlay-gradient":""},"mobile":{"background-color":"var(--ast-global-color-5)","background-image":"","background-repeat":"repeat","background-position":"center center","background-size":"auto","background-attachment":"scroll","background-type":"","background-media":"","overlay-type":"","overlay-color":"","overlay-opacity":"","overlay-gradient":""}}},"product_brand":[],"product_cat":[39],"product_tag":[],"class_list":{"0":"post-3881","1":"product","2":"type-product","3":"status-publish","4":"has-post-thumbnail","6":"product_cat-custom-iot-battery-pack","7":"desktop-align-left","8":"tablet-align-left","9":"mobile-align-left","11":"first","12":"instock","13":"shipping-taxable","14":"product-type-simple"},"acf":[],"yoast_head":"<!-- This site is optimized with the Yoast SEO plugin v27.3 - https:\/\/yoast.com\/product\/yoast-seo-wordpress\/ -->\n<title>Custom IoT battery pack ER26500+HPC1520 - Ahotech.com<\/title>\n<meta name=\"robots\" content=\"index, follow, max-snippet:-1, max-image-preview:large, max-video-preview:-1\" \/>\n<link rel=\"canonical\" href=\"https:\/\/www.ahotech.com\/et\/toode\/kohandatud-asjade-interneti-akupakk-er26500hpc1520\/\" \/>\n<meta property=\"og:locale\" content=\"et_EE\" \/>\n<meta property=\"og:type\" content=\"article\" \/>\n<meta property=\"og:title\" content=\"Custom IoT battery pack ER26500+HPC1520 - Ahotech.com\" \/>\n<meta property=\"og:description\" content=\"Nominal effective capacity:8.5AH  Nominal voltage: 3.66V  Load voltage (@5 ohms) : \u22653.2V  Maximum pulse current (@1S, @3.0V) : 1A  Annual average capacity drop rate: \u22641%  Operating temperature range: -40\u2103 ~ +85\u2103  Application industry: water meter, gas meter, smart manhole cover, smart city  Overhead processing size: height: 67mm diameter: 27mm  Side processing size: height: 52mm width 41mm thickness 26mm  &nbsp;  &nbsp;\" \/>\n<meta property=\"og:url\" content=\"https:\/\/www.ahotech.com\/et\/toode\/kohandatud-asjade-interneti-akupakk-er26500hpc1520\/\" \/>\n<meta property=\"og:site_name\" content=\"Ahotech.com\" \/>\n<meta property=\"article:modified_time\" content=\"2021-11-29T08:28:40+00:00\" \/>\n<meta property=\"og:image\" content=\"https:\/\/www.ahotech.com\/wp-content\/uploads\/2021\/11\/best-batteries-for-outdoor-weather-station.jpg\" \/>\n\t<meta property=\"og:image:width\" content=\"800\" \/>\n\t<meta property=\"og:image:height\" content=\"800\" \/>\n\t<meta property=\"og:image:type\" content=\"image\/jpeg\" \/>\n<meta name=\"twitter:card\" content=\"summary_large_image\" \/>\n<meta name=\"twitter:label1\" content=\"Est. reading time\" \/>\n\t<meta name=\"twitter:data1\" content=\"1 minut\" \/>\n<script type=\"application\/ld+json\" class=\"yoast-schema-graph\">{\"@context\":\"https:\\\/\\\/schema.org\",\"@graph\":[{\"@type\":\"WebPage\",\"@id\":\"https:\\\/\\\/www.ahotech.com\\\/et\\\/product\\\/custom-iot-battery-pack-er26500hpc1520\\\/\",\"url\":\"https:\\\/\\\/www.ahotech.com\\\/et\\\/product\\\/custom-iot-battery-pack-er26500hpc1520\\\/\",\"name\":\"Custom IoT battery pack ER26500+HPC1520 - Ahotech.com\",\"isPartOf\":{\"@id\":\"https:\\\/\\\/de.ahotech.com\\\/#website\"},\"primaryImageOfPage\":{\"@id\":\"https:\\\/\\\/www.ahotech.com\\\/et\\\/product\\\/custom-iot-battery-pack-er26500hpc1520\\\/#primaryimage\"},\"image\":{\"@id\":\"https:\\\/\\\/www.ahotech.com\\\/et\\\/product\\\/custom-iot-battery-pack-er26500hpc1520\\\/#primaryimage\"},\"thumbnailUrl\":\"https:\\\/\\\/www.ahotech.com\\\/wp-content\\\/uploads\\\/2021\\\/11\\\/best-batteries-for-outdoor-weather-station.jpg\",\"datePublished\":\"2021-11-27T07:26:00+00:00\",\"dateModified\":\"2021-11-29T08:28:40+00:00\",\"breadcrumb\":{\"@id\":\"https:\\\/\\\/www.ahotech.com\\\/et\\\/product\\\/custom-iot-battery-pack-er26500hpc1520\\\/#breadcrumb\"},\"inLanguage\":\"et\",\"potentialAction\":[{\"@type\":\"ReadAction\",\"target\":[\"https:\\\/\\\/www.ahotech.com\\\/et\\\/product\\\/custom-iot-battery-pack-er26500hpc1520\\\/\"]}]},{\"@type\":\"ImageObject\",\"inLanguage\":\"et\",\"@id\":\"https:\\\/\\\/www.ahotech.com\\\/et\\\/product\\\/custom-iot-battery-pack-er26500hpc1520\\\/#primaryimage\",\"url\":\"https:\\\/\\\/www.ahotech.com\\\/wp-content\\\/uploads\\\/2021\\\/11\\\/best-batteries-for-outdoor-weather-station.jpg\",\"contentUrl\":\"https:\\\/\\\/www.ahotech.com\\\/wp-content\\\/uploads\\\/2021\\\/11\\\/best-batteries-for-outdoor-weather-station.jpg\",\"width\":800,\"height\":800,\"caption\":\"best batteries for outdoor weather station\"},{\"@type\":\"BreadcrumbList\",\"@id\":\"https:\\\/\\\/www.ahotech.com\\\/et\\\/product\\\/custom-iot-battery-pack-er26500hpc1520\\\/#breadcrumb\",\"itemListElement\":[{\"@type\":\"ListItem\",\"position\":1,\"name\":\"Home\",\"item\":\"https:\\\/\\\/de.ahotech.com\\\/\"},{\"@type\":\"ListItem\",\"position\":2,\"name\":\"Store\",\"item\":\"https:\\\/\\\/de.ahotech.com\\\/speichern\\\/\"},{\"@type\":\"ListItem\",\"position\":3,\"name\":\"Custom IoT battery pack ER26500+HPC1520\"}]},{\"@type\":\"WebSite\",\"@id\":\"https:\\\/\\\/de.ahotech.com\\\/#website\",\"url\":\"https:\\\/\\\/de.ahotech.com\\\/\",\"name\":\"Ahotech.com\",\"description\":\"lithium battery manufacturers\",\"publisher\":{\"@id\":\"https:\\\/\\\/de.ahotech.com\\\/#organization\"},\"potentialAction\":[{\"@type\":\"SearchAction\",\"target\":{\"@type\":\"EntryPoint\",\"urlTemplate\":\"https:\\\/\\\/de.ahotech.com\\\/?s={search_term_string}\"},\"query-input\":{\"@type\":\"PropertyValueSpecification\",\"valueRequired\":true,\"valueName\":\"search_term_string\"}}],\"inLanguage\":\"et\"},{\"@type\":\"Organization\",\"@id\":\"https:\\\/\\\/de.ahotech.com\\\/#organization\",\"name\":\"Ahotech.com\",\"url\":\"https:\\\/\\\/de.ahotech.com\\\/\",\"logo\":{\"@type\":\"ImageObject\",\"inLanguage\":\"et\",\"@id\":\"https:\\\/\\\/de.ahotech.com\\\/#\\\/schema\\\/logo\\\/image\\\/\",\"url\":\"https:\\\/\\\/www.ahotech.com\\\/wp-content\\\/uploads\\\/2021\\\/10\\\/battery-site-logo.jpg\",\"contentUrl\":\"https:\\\/\\\/www.ahotech.com\\\/wp-content\\\/uploads\\\/2021\\\/10\\\/battery-site-logo.jpg\",\"width\":1297,\"height\":465,\"caption\":\"Ahotech.com\"},\"image\":{\"@id\":\"https:\\\/\\\/de.ahotech.com\\\/#\\\/schema\\\/logo\\\/image\\\/\"}}]}<\/script>\n<!-- \/ Yoast SEO plugin. -->","yoast_head_json":{"title":"Kohandatud IoT akupakett ER26500+HPC1520 - Ahotech.com","robots":{"index":"index","follow":"follow","max-snippet":"max-snippet:-1","max-image-preview":"max-image-preview:large","max-video-preview":"max-video-preview:-1"},"canonical":"https:\/\/www.ahotech.com\/et\/toode\/kohandatud-asjade-interneti-akupakk-er26500hpc1520\/","og_locale":"et_EE","og_type":"article","og_title":"Custom IoT battery pack ER26500+HPC1520 - Ahotech.com","og_description":"Nominal effective capacity:8.5AH  Nominal voltage: 3.66V  Load voltage (@5 ohms) : \u22653.2V  Maximum pulse current (@1S, @3.0V) : 1A  Annual average capacity drop rate: \u22641%  Operating temperature range: -40\u2103 ~ +85\u2103  Application industry: water meter, gas meter, smart manhole cover, smart city  Overhead processing size: height: 67mm diameter: 27mm  Side processing size: height: 52mm width 41mm thickness 26mm  &nbsp;  &nbsp;","og_url":"https:\/\/www.ahotech.com\/et\/toode\/kohandatud-asjade-interneti-akupakk-er26500hpc1520\/","og_site_name":"Ahotech.com","article_modified_time":"2021-11-29T08:28:40+00:00","og_image":[{"width":800,"height":800,"url":"https:\/\/www.ahotech.com\/wp-content\/uploads\/2021\/11\/best-batteries-for-outdoor-weather-station.jpg","type":"image\/jpeg"}],"twitter_card":"summary_large_image","twitter_misc":{"Est. reading time":"1 minut"},"schema":{"@context":"https:\/\/schema.org","@graph":[{"@type":"WebPage","@id":"https:\/\/www.ahotech.com\/et\/product\/custom-iot-battery-pack-er26500hpc1520\/","url":"https:\/\/www.ahotech.com\/et\/product\/custom-iot-battery-pack-er26500hpc1520\/","name":"Kohandatud IoT akupakett ER26500+HPC1520 - Ahotech.com","isPartOf":{"@id":"https:\/\/de.ahotech.com\/#website"},"primaryImageOfPage":{"@id":"https:\/\/www.ahotech.com\/et\/product\/custom-iot-battery-pack-er26500hpc1520\/#primaryimage"},"image":{"@id":"https:\/\/www.ahotech.com\/et\/product\/custom-iot-battery-pack-er26500hpc1520\/#primaryimage"},"thumbnailUrl":"https:\/\/www.ahotech.com\/wp-content\/uploads\/2021\/11\/best-batteries-for-outdoor-weather-station.jpg","datePublished":"2021-11-27T07:26:00+00:00","dateModified":"2021-11-29T08:28:40+00:00","breadcrumb":{"@id":"https:\/\/www.ahotech.com\/et\/product\/custom-iot-battery-pack-er26500hpc1520\/#breadcrumb"},"inLanguage":"et","potentialAction":[{"@type":"ReadAction","target":["https:\/\/www.ahotech.com\/et\/product\/custom-iot-battery-pack-er26500hpc1520\/"]}]},{"@type":"ImageObject","inLanguage":"et","@id":"https:\/\/www.ahotech.com\/et\/product\/custom-iot-battery-pack-er26500hpc1520\/#primaryimage","url":"https:\/\/www.ahotech.com\/wp-content\/uploads\/2021\/11\/best-batteries-for-outdoor-weather-station.jpg","contentUrl":"https:\/\/www.ahotech.com\/wp-content\/uploads\/2021\/11\/best-batteries-for-outdoor-weather-station.jpg","width":800,"height":800,"caption":"best batteries for outdoor weather station"},{"@type":"BreadcrumbList","@id":"https:\/\/www.ahotech.com\/et\/product\/custom-iot-battery-pack-er26500hpc1520\/#breadcrumb","itemListElement":[{"@type":"ListItem","position":1,"name":"Home","item":"https:\/\/de.ahotech.com\/"},{"@type":"ListItem","position":2,"name":"Store","item":"https:\/\/de.ahotech.com\/speichern\/"},{"@type":"ListItem","position":3,"name":"Custom IoT battery pack ER26500+HPC1520"}]},{"@type":"WebSite","@id":"https:\/\/de.ahotech.com\/#website","url":"https:\/\/de.ahotech.com\/","name":"Ahotech.com","description":"liitiumakude tootjad","publisher":{"@id":"https:\/\/de.ahotech.com\/#organization"},"potentialAction":[{"@type":"SearchAction","target":{"@type":"EntryPoint","urlTemplate":"https:\/\/de.ahotech.com\/?s={search_term_string}"},"query-input":{"@type":"PropertyValueSpecification","valueRequired":true,"valueName":"search_term_string"}}],"inLanguage":"et"},{"@type":"Organization","@id":"https:\/\/de.ahotech.com\/#organization","name":"Ahotech.com","url":"https:\/\/de.ahotech.com\/","logo":{"@type":"ImageObject","inLanguage":"et","@id":"https:\/\/de.ahotech.com\/#\/schema\/logo\/image\/","url":"https:\/\/www.ahotech.com\/wp-content\/uploads\/2021\/10\/battery-site-logo.jpg","contentUrl":"https:\/\/www.ahotech.com\/wp-content\/uploads\/2021\/10\/battery-site-logo.jpg","width":1297,"height":465,"caption":"Ahotech.com"},"image":{"@id":"https:\/\/de.ahotech.com\/#\/schema\/logo\/image\/"}}]}},"_links":{"self":[{"href":"https:\/\/www.ahotech.com\/et\/wp-json\/wp\/v2\/product\/3881","targetHints":{"allow":["GET"]}}],"collection":[{"href":"https:\/\/www.ahotech.com\/et\/wp-json\/wp\/v2\/product"}],"about":[{"href":"https:\/\/www.ahotech.com\/et\/wp-json\/wp\/v2\/types\/product"}],"version-history":[{"count":4,"href":"https:\/\/www.ahotech.com\/et\/wp-json\/wp\/v2\/product\/3881\/revisions"}],"predecessor-version":[{"id":3926,"href":"https:\/\/www.ahotech.com\/et\/wp-json\/wp\/v2\/product\/3881\/revisions\/3926"}],"wp:featuredmedia":[{"embeddable":true,"href":"https:\/\/www.ahotech.com\/et\/wp-json\/wp\/v2\/media\/3883"}],"wp:attachment":[{"href":"https:\/\/www.ahotech.com\/et\/wp-json\/wp\/v2\/media?parent=3881"}],"wp:term":[{"taxonomy":"product_brand","embeddable":true,"href":"https:\/\/www.ahotech.com\/et\/wp-json\/wp\/v2\/product_brand?post=3881"},{"taxonomy":"product_cat","embeddable":true,"href":"https:\/\/www.ahotech.com\/et\/wp-json\/wp\/v2\/product_cat?post=3881"},{"taxonomy":"product_tag","embeddable":true,"href":"https:\/\/www.ahotech.com\/et\/wp-json\/wp\/v2\/product_tag?post=3881"}],"curies":[{"name":"t\u00f6\u00f6leht","href":"https:\/\/api.w.org\/{rel}","templated":true}]}}