{"id":3474,"date":"2021-10-23T15:59:48","date_gmt":"2021-10-23T15:59:48","guid":{"rendered":"https:\/\/www.ahotech.com\/?post_type=product&#038;p=3474"},"modified":"2024-06-11T15:20:56","modified_gmt":"2024-06-11T15:20:56","slug":"hubriidkondensaator-aku-1520","status":"publish","type":"product","link":"https:\/\/www.ahotech.com\/et\/product\/hybrid-capacitor-battery-1520\/","title":{"rendered":"H\u00fcbriidkondensaatori aku 1520"},"content":{"rendered":"<p>H\u00fcbriidkondensaator aku saab asendada Tadiran HLC1520 j\u00f5udlust, me nimetame seda h\u00fcbriidimpulsskondensaatoriks (HPC), mis on omamoodi laetav aku, mida kasutatakse kondensaatorina IOT akupakendis, kus need on paralleelselt \u00fchendatud poolit\u00fc\u00fcpi akudega. <a href=\"https:\/\/www.ahotech.com\/et\/tootekategooria\/liitiumtionuulkloriidi-li-socl2-aku\/\">liitiumtion\u00fc\u00fclkloriidi LiSOCl2 aku<\/a>HPC-del on madal impedants ja need suudavad edastada suuri vooluimpulsse. Meie IoT akupakett pakub nii energia kui ka v\u00f5imsustiheduse maksimumi erinevat t\u00fc\u00fcpi IoT rakenduste jaoks.<\/p>\n<div style=\"width: 960px;\" class=\"wp-video\"><video class=\"wp-video-shortcode\" id=\"video-3474-1\" width=\"960\" height=\"540\" preload=\"metadata\" controls=\"controls\"><source type=\"video\/mp4\" src=\"https:\/\/www.ahotech.com\/wp-content\/uploads\/2021\/10\/hybrid-capacitor-battery-1520.mp4?_=1\" \/><a href=\"https:\/\/www.ahotech.com\/wp-content\/uploads\/2021\/10\/hybrid-capacitor-battery-1520.mp4\">https:\/\/www.ahotech.com\/wp-content\/uploads\/2021\/10\/hybrid-capacitor-battery-1520.mp4<\/a><\/video><\/div>\n<table class=\"tablesaw table-striped table-bordered table-hover tablesaw-sortable tablesaw-swipe\" width=\"1365\" cellspacing=\"0\" cellpadding=\"0\" data-tablesaw-mode=\"swipe\" data-tablesaw-sortable=\"\">\n<tbody>\n<tr class=\"firstRow\">\n<td width=\"156\" height=\"56\">Mudeli number<\/td>\n<td width=\"128\">Max laadimispinge<\/td>\n<td width=\"149\">Nominaalne. laadimisvool<\/td>\n<td width=\"121\">Nominaalne t\u00fchjendusvool<\/td>\n<td width=\"121\">Max pidev t\u00fchjendusvool<\/td>\n<td width=\"91\">Max mahutavus<\/td>\n<td width=\"97\">V\u00f5imsus 3,67 V<\/td>\n<td width=\"113\">V\u00f5imsus 3,90 V<\/td>\n<td width=\"97\">T\u00fchjendage pinge<\/td>\n<td width=\"81\">Vastupidavus<\/td>\n<td width=\"104\">T\u00f6\u00f6temperatuur<\/td>\n<td width=\"105\">Max v\u00e4lism\u00f5\u00f5de (mm)<\/td>\n<\/tr>\n<tr>\n<td height=\"21\"><a href=\"https:\/\/www.ahotech.com\/et\/toode\/hubriidkondensaator-aku-1020\/\" target=\"_blank\" rel=\"noopener\">HPC1020<\/a><\/td>\n<td>4,1 V<\/td>\n<td>8mA<\/td>\n<td>150mA<\/td>\n<td>750mA<\/td>\n<td>36 mAh<\/td>\n<td>10 mAh<\/td>\n<td>28 mAh<\/td>\n<td>2,5 V<\/td>\n<td>\u2264300m\u03a9<\/td>\n<td>-40 \u2103 ~ + 85 \u2103<\/td>\n<td>10 \u00d7 20<\/td>\n<\/tr>\n<tr>\n<td height=\"21\"><a href=\"https:\/\/www.ahotech.com\/et\/toode\/hubriidkondensaator-aku-1520\/\" target=\"_blank\" rel=\"noopener\">HPC1520<\/a><\/td>\n<td>4,1 V<\/td>\n<td>20mA<\/td>\n<td>500mA<\/td>\n<td>2000mA<\/td>\n<td>80 mAh<\/td>\n<td>40 mAh<\/td>\n<td>60 mAh<\/td>\n<td>2,5 V<\/td>\n<td>\u2264160m\u03a9<\/td>\n<td>-40 \u2103 ~ + 85 \u2103<\/td>\n<td>15 \u00d7 20<\/td>\n<\/tr>\n<tr>\n<td height=\"21\"><a href=\"https:\/\/www.ahotech.com\/et\/toode\/hubriidkondensaator-aku-1530\/\" target=\"_blank\" rel=\"noopener\">HPC1530<\/a><\/td>\n<td>4,1 V<\/td>\n<td>50mA<\/td>\n<td>800mA<\/td>\n<td>3000mA<\/td>\n<td>180 mAh<\/td>\n<td>70 mAh<\/td>\n<td>150 mAh<\/td>\n<td>2,5 V<\/td>\n<td>\u2264110m\u03a9<\/td>\n<td>-40 \u2103 ~ + 85 \u2103<\/td>\n<td>15\u00d730<\/td>\n<\/tr>\n<tr>\n<td height=\"21\"><a href=\"https:\/\/www.ahotech.com\/et\/toode\/hybrid-capacitor-battery-1550\/\" target=\"_blank\" rel=\"noopener\">HPC1550<\/a><\/td>\n<td>4,1 V<\/td>\n<td>100mA<\/td>\n<td>2000mA<\/td>\n<td>5000mA<\/td>\n<td>450 mAh<\/td>\n<td>175 mAh<\/td>\n<td>350 mAh<\/td>\n<td>2,5 V<\/td>\n<td>\u226460 m\u03a9<\/td>\n<td>-40 \u2103 ~ + 85 \u2103<\/td>\n<td>15\u00d7505<\/td>\n<\/tr>\n<\/tbody>\n<\/table>\n<h4>HPC1520 h\u00fcbriidkondensaator aku omadused:<\/h4>\n<ul>\n<li>Suurep\u00e4rane s\u00e4ilivusaeg (10 aastat toatemperatuuril).<\/li>\n<li>Sobib k\u00f5ige paremini v\u00e4ikese voolu t\u00fchjenemiseks<\/li>\n<li>Lai temperatuurivahemik -40 \u2103 kuni +85 \u2103<\/li>\n<li>Madal iset\u00fchjenemine (1% v\u00f5i v\u00e4hem aastas)<\/li>\n<\/ul>\n<h4>HPC1520 h\u00fcbriidkondensaator aku rakendused<\/h4>\n<p>Veearvestid, gaasiarvestid, kilovatt-tunni arvestid, elektroonilised pakkimisarvestid, arvuti reaalajas kellad, meditsiiniseadmed, CMOS-m\u00e4lu varundus<\/p>\n<p>&nbsp;<\/p>\n<p>Meie <strong>H\u00fcbriidkondensaator aku<\/strong> Vastab standarditele UL1642, IEC62133, UN38.3 ja RoHs.<\/p>","protected":false},"excerpt":{"rendered":"<p><strong>Mudeli number:<\/strong> HPC 1520<\/p>\n<p><strong>Maksimaalne laadimispinge:<\/strong> 4,1 V<\/p>\n<p><strong>Nominaalne laadimisvool:<\/strong> 20mA<\/p>\n<p><strong>Nimivoolu t\u00fchjendusvool:<\/strong> 500mA<\/p>\n<p><strong>Max pidev t\u00fchjendusvool:<\/strong> 2000mA<\/p>\n<p><strong>Maksimaalne mahutavus:<\/strong> 80 mAh<\/p>\n<p><strong>3,67 V mahtuvus:<\/strong> 40 mAh<\/p>\n<p><strong>3,90 V mahtuvus:<\/strong>60 mAh<\/p>\n<p><strong>T\u00fchjenduspinge:<\/strong>2,5 V<\/p>\n<p><strong>Vastupanu:<\/strong> \u2264160m\u03a9<\/p>\n<p><strong>T\u00f6\u00f6temperatuur:<\/strong> -40 \u2103 ~ + 85 \u2103<\/p>\n<p><strong>Maksimaalne v\u00e4lism\u00f5\u00f5t (mm):<\/strong> 15 \u00d7 20<\/p>","protected":false},"featured_media":3479,"template":"","meta":{"_acf_changed":false,"site-sidebar-layout":"default","site-content-layout":"default","ast-site-content-layout":"","site-content-style":"default","site-sidebar-style":"default","ast-global-header-display":"","ast-banner-title-visibility":"","ast-main-header-display":"","ast-hfb-above-header-display":"","ast-hfb-below-header-display":"","ast-hfb-mobile-header-display":"","site-post-title":"","ast-breadcrumbs-content":"","ast-featured-img":"","footer-sml-layout":"","theme-transparent-header-meta":"default","adv-header-id-meta":"","stick-header-meta":"","header-above-stick-meta":"","header-main-stick-meta":"","header-below-stick-meta":"","astra-migrate-meta-layouts":"default","ast-page-background-enabled":"default","ast-page-background-meta":{"desktop":{"background-color":"","background-image":"","background-repeat":"repeat","background-position":"center center","background-size":"auto","background-attachment":"scroll","background-type":"","background-media":"","overlay-type":"","overlay-color":"","overlay-opacity":"","overlay-gradient":""},"tablet":{"background-color":"","background-image":"","background-repeat":"repeat","background-position":"center center","background-size":"auto","background-attachment":"scroll","background-type":"","background-media":"","overlay-type":"","overlay-color":"","overlay-opacity":"","overlay-gradient":""},"mobile":{"background-color":"","background-image":"","background-repeat":"repeat","background-position":"center center","background-size":"auto","background-attachment":"scroll","background-type":"","background-media":"","overlay-type":"","overlay-color":"","overlay-opacity":"","overlay-gradient":""}},"ast-content-background-meta":{"desktop":{"background-color":"var(--ast-global-color-5)","background-image":"","background-repeat":"repeat","background-position":"center center","background-size":"auto","background-attachment":"scroll","background-type":"","background-media":"","overlay-type":"","overlay-color":"","overlay-opacity":"","overlay-gradient":""},"tablet":{"background-color":"var(--ast-global-color-5)","background-image":"","background-repeat":"repeat","background-position":"center center","background-size":"auto","background-attachment":"scroll","background-type":"","background-media":"","overlay-type":"","overlay-color":"","overlay-opacity":"","overlay-gradient":""},"mobile":{"background-color":"var(--ast-global-color-5)","background-image":"","background-repeat":"repeat","background-position":"center center","background-size":"auto","background-attachment":"scroll","background-type":"","background-media":"","overlay-type":"","overlay-color":"","overlay-opacity":"","overlay-gradient":""}}},"product_brand":[],"product_cat":[34],"product_tag":[],"class_list":{"0":"post-3474","1":"product","2":"type-product","3":"status-publish","4":"has-post-thumbnail","6":"product_cat-hybrid-pulse-capacitor","7":"desktop-align-left","8":"tablet-align-left","9":"mobile-align-left","11":"first","12":"instock","13":"shipping-taxable","14":"product-type-simple"},"acf":[],"yoast_head":"<!-- This site is optimized with the Yoast SEO plugin v27.3 - https:\/\/yoast.com\/product\/yoast-seo-wordpress\/ -->\n<title>Hybrid capacitor battery 1520 - Ahotech.com<\/title>\n<meta name=\"robots\" content=\"index, follow, max-snippet:-1, max-image-preview:large, max-video-preview:-1\" \/>\n<link rel=\"canonical\" href=\"https:\/\/www.ahotech.com\/et\/toode\/hubriidkondensaator-aku-1520\/\" \/>\n<meta property=\"og:locale\" content=\"et_EE\" \/>\n<meta property=\"og:type\" content=\"article\" \/>\n<meta property=\"og:title\" content=\"Hybrid capacitor battery 1520 - Ahotech.com\" \/>\n<meta property=\"og:description\" content=\"Model number\uff1a HPC 1520  Max. charging voltage\uff1a 4.1V  Nominal . charging current\uff1a 20mA  Nominal discharge current\uff1a 500mA  Max. continuous discharge current\uff1a 2000mA  Max. capacity\uff1a 80mAh  3.67V capacity\uff1a 40mAh  3.90V capacity\uff1a60mAh  Discharge off voltage\uff1a2.5V  Resistance\uff1a \u2264160m\u03a9  Working temperature\uff1a -40\u2103~+85\u2103  Max. external dimension(mm)\uff1a 15x20\" \/>\n<meta property=\"og:url\" content=\"https:\/\/www.ahotech.com\/et\/toode\/hubriidkondensaator-aku-1520\/\" \/>\n<meta property=\"og:site_name\" content=\"Ahotech.com\" \/>\n<meta property=\"article:modified_time\" content=\"2024-06-11T15:20:56+00:00\" \/>\n<meta property=\"og:image\" content=\"https:\/\/de.ahotech.com\/wp-content\/uploads\/2021\/10\/hybrid-capacitor-battery-1520-5.jpg\" \/>\n\t<meta property=\"og:image:width\" content=\"800\" \/>\n\t<meta property=\"og:image:height\" content=\"800\" \/>\n\t<meta property=\"og:image:type\" content=\"image\/jpeg\" \/>\n<meta name=\"twitter:card\" content=\"summary_large_image\" \/>\n<meta name=\"twitter:label1\" content=\"Est. reading time\" \/>\n\t<meta name=\"twitter:data1\" content=\"2 minutit\" \/>\n<script type=\"application\/ld+json\" class=\"yoast-schema-graph\">{\"@context\":\"https:\\\/\\\/schema.org\",\"@graph\":[{\"@type\":\"WebPage\",\"@id\":\"https:\\\/\\\/de.ahotech.com\\\/product\\\/hybrid-kondensatorbatterie-1520\\\/\",\"url\":\"https:\\\/\\\/de.ahotech.com\\\/product\\\/hybrid-kondensatorbatterie-1520\\\/\",\"name\":\"Hybrid capacitor battery 1520 - Ahotech.com\",\"isPartOf\":{\"@id\":\"https:\\\/\\\/www.ahotech.com\\\/es\\\/#website\"},\"primaryImageOfPage\":{\"@id\":\"https:\\\/\\\/de.ahotech.com\\\/product\\\/hybrid-kondensatorbatterie-1520\\\/#primaryimage\"},\"image\":{\"@id\":\"https:\\\/\\\/de.ahotech.com\\\/product\\\/hybrid-kondensatorbatterie-1520\\\/#primaryimage\"},\"thumbnailUrl\":\"https:\\\/\\\/www.ahotech.com\\\/wp-content\\\/uploads\\\/2021\\\/10\\\/hybrid-capacitor-battery-1520-5.jpg\",\"datePublished\":\"2021-10-23T15:59:48+00:00\",\"dateModified\":\"2024-06-11T15:20:56+00:00\",\"breadcrumb\":{\"@id\":\"https:\\\/\\\/de.ahotech.com\\\/product\\\/hybrid-kondensatorbatterie-1520\\\/#breadcrumb\"},\"inLanguage\":\"et\",\"potentialAction\":[{\"@type\":\"ReadAction\",\"target\":[\"https:\\\/\\\/de.ahotech.com\\\/product\\\/hybrid-kondensatorbatterie-1520\\\/\"]}]},{\"@type\":\"ImageObject\",\"inLanguage\":\"et\",\"@id\":\"https:\\\/\\\/de.ahotech.com\\\/product\\\/hybrid-kondensatorbatterie-1520\\\/#primaryimage\",\"url\":\"https:\\\/\\\/www.ahotech.com\\\/wp-content\\\/uploads\\\/2021\\\/10\\\/hybrid-capacitor-battery-1520-5.jpg\",\"contentUrl\":\"https:\\\/\\\/www.ahotech.com\\\/wp-content\\\/uploads\\\/2021\\\/10\\\/hybrid-capacitor-battery-1520-5.jpg\",\"width\":800,\"height\":800,\"caption\":\"hybrid capacitor battery\"},{\"@type\":\"BreadcrumbList\",\"@id\":\"https:\\\/\\\/de.ahotech.com\\\/product\\\/hybrid-kondensatorbatterie-1520\\\/#breadcrumb\",\"itemListElement\":[{\"@type\":\"ListItem\",\"position\":1,\"name\":\"Home\",\"item\":\"https:\\\/\\\/www.ahotech.com\\\/es\\\/\"},{\"@type\":\"ListItem\",\"position\":2,\"name\":\"Store\",\"item\":\"https:\\\/\\\/www.ahotech.com\\\/es\\\/store\\\/\"},{\"@type\":\"ListItem\",\"position\":3,\"name\":\"Hybrid capacitor battery 1520\"}]},{\"@type\":\"WebSite\",\"@id\":\"https:\\\/\\\/www.ahotech.com\\\/es\\\/#website\",\"url\":\"https:\\\/\\\/www.ahotech.com\\\/es\\\/\",\"name\":\"Ahotech.com\",\"description\":\"lithium battery manufacturers\",\"publisher\":{\"@id\":\"https:\\\/\\\/www.ahotech.com\\\/es\\\/#organization\"},\"potentialAction\":[{\"@type\":\"SearchAction\",\"target\":{\"@type\":\"EntryPoint\",\"urlTemplate\":\"https:\\\/\\\/www.ahotech.com\\\/es\\\/?s={search_term_string}\"},\"query-input\":{\"@type\":\"PropertyValueSpecification\",\"valueRequired\":true,\"valueName\":\"search_term_string\"}}],\"inLanguage\":\"et\"},{\"@type\":\"Organization\",\"@id\":\"https:\\\/\\\/www.ahotech.com\\\/es\\\/#organization\",\"name\":\"Ahotech.com\",\"url\":\"https:\\\/\\\/www.ahotech.com\\\/es\\\/\",\"logo\":{\"@type\":\"ImageObject\",\"inLanguage\":\"et\",\"@id\":\"https:\\\/\\\/www.ahotech.com\\\/es\\\/#\\\/schema\\\/logo\\\/image\\\/\",\"url\":\"https:\\\/\\\/www.ahotech.com\\\/wp-content\\\/uploads\\\/2021\\\/10\\\/battery-site-logo.jpg\",\"contentUrl\":\"https:\\\/\\\/www.ahotech.com\\\/wp-content\\\/uploads\\\/2021\\\/10\\\/battery-site-logo.jpg\",\"width\":1297,\"height\":465,\"caption\":\"Ahotech.com\"},\"image\":{\"@id\":\"https:\\\/\\\/www.ahotech.com\\\/es\\\/#\\\/schema\\\/logo\\\/image\\\/\"}}]}<\/script>\n<!-- \/ Yoast SEO plugin. -->","yoast_head_json":{"title":"H\u00fcbriidkondensaator aku 1520 - Ahotech.com","robots":{"index":"index","follow":"follow","max-snippet":"max-snippet:-1","max-image-preview":"max-image-preview:large","max-video-preview":"max-video-preview:-1"},"canonical":"https:\/\/www.ahotech.com\/et\/toode\/hubriidkondensaator-aku-1520\/","og_locale":"et_EE","og_type":"article","og_title":"Hybrid capacitor battery 1520 - Ahotech.com","og_description":"Model number\uff1a HPC 1520  Max. charging voltage\uff1a 4.1V  Nominal . charging current\uff1a 20mA  Nominal discharge current\uff1a 500mA  Max. continuous discharge current\uff1a 2000mA  Max. capacity\uff1a 80mAh  3.67V capacity\uff1a 40mAh  3.90V capacity\uff1a60mAh  Discharge off voltage\uff1a2.5V  Resistance\uff1a \u2264160m\u03a9  Working temperature\uff1a -40\u2103~+85\u2103  Max. external dimension(mm)\uff1a 15x20","og_url":"https:\/\/www.ahotech.com\/et\/toode\/hubriidkondensaator-aku-1520\/","og_site_name":"Ahotech.com","article_modified_time":"2024-06-11T15:20:56+00:00","og_image":[{"width":800,"height":800,"url":"https:\/\/de.ahotech.com\/wp-content\/uploads\/2021\/10\/hybrid-capacitor-battery-1520-5.jpg","type":"image\/jpeg"}],"twitter_card":"summary_large_image","twitter_misc":{"Est. reading time":"2 minutit"},"schema":{"@context":"https:\/\/schema.org","@graph":[{"@type":"WebPage","@id":"https:\/\/de.ahotech.com\/product\/hybrid-kondensatorbatterie-1520\/","url":"https:\/\/de.ahotech.com\/product\/hybrid-kondensatorbatterie-1520\/","name":"H\u00fcbriidkondensaator aku 1520 - Ahotech.com","isPartOf":{"@id":"https:\/\/www.ahotech.com\/es\/#website"},"primaryImageOfPage":{"@id":"https:\/\/de.ahotech.com\/product\/hybrid-kondensatorbatterie-1520\/#primaryimage"},"image":{"@id":"https:\/\/de.ahotech.com\/product\/hybrid-kondensatorbatterie-1520\/#primaryimage"},"thumbnailUrl":"https:\/\/www.ahotech.com\/wp-content\/uploads\/2021\/10\/hybrid-capacitor-battery-1520-5.jpg","datePublished":"2021-10-23T15:59:48+00:00","dateModified":"2024-06-11T15:20:56+00:00","breadcrumb":{"@id":"https:\/\/de.ahotech.com\/product\/hybrid-kondensatorbatterie-1520\/#breadcrumb"},"inLanguage":"et","potentialAction":[{"@type":"ReadAction","target":["https:\/\/de.ahotech.com\/product\/hybrid-kondensatorbatterie-1520\/"]}]},{"@type":"ImageObject","inLanguage":"et","@id":"https:\/\/de.ahotech.com\/product\/hybrid-kondensatorbatterie-1520\/#primaryimage","url":"https:\/\/www.ahotech.com\/wp-content\/uploads\/2021\/10\/hybrid-capacitor-battery-1520-5.jpg","contentUrl":"https:\/\/www.ahotech.com\/wp-content\/uploads\/2021\/10\/hybrid-capacitor-battery-1520-5.jpg","width":800,"height":800,"caption":"hybrid capacitor battery"},{"@type":"BreadcrumbList","@id":"https:\/\/de.ahotech.com\/product\/hybrid-kondensatorbatterie-1520\/#breadcrumb","itemListElement":[{"@type":"ListItem","position":1,"name":"Home","item":"https:\/\/www.ahotech.com\/es\/"},{"@type":"ListItem","position":2,"name":"Store","item":"https:\/\/www.ahotech.com\/es\/store\/"},{"@type":"ListItem","position":3,"name":"Hybrid capacitor battery 1520"}]},{"@type":"WebSite","@id":"https:\/\/www.ahotech.com\/es\/#website","url":"https:\/\/www.ahotech.com\/es\/","name":"Ahotech.com","description":"liitiumakude tootjad","publisher":{"@id":"https:\/\/www.ahotech.com\/es\/#organization"},"potentialAction":[{"@type":"SearchAction","target":{"@type":"EntryPoint","urlTemplate":"https:\/\/www.ahotech.com\/es\/?s={search_term_string}"},"query-input":{"@type":"PropertyValueSpecification","valueRequired":true,"valueName":"search_term_string"}}],"inLanguage":"et"},{"@type":"Organization","@id":"https:\/\/www.ahotech.com\/es\/#organization","name":"Ahotech.com","url":"https:\/\/www.ahotech.com\/es\/","logo":{"@type":"ImageObject","inLanguage":"et","@id":"https:\/\/www.ahotech.com\/es\/#\/schema\/logo\/image\/","url":"https:\/\/www.ahotech.com\/wp-content\/uploads\/2021\/10\/battery-site-logo.jpg","contentUrl":"https:\/\/www.ahotech.com\/wp-content\/uploads\/2021\/10\/battery-site-logo.jpg","width":1297,"height":465,"caption":"Ahotech.com"},"image":{"@id":"https:\/\/www.ahotech.com\/es\/#\/schema\/logo\/image\/"}}]}},"_links":{"self":[{"href":"https:\/\/www.ahotech.com\/et\/wp-json\/wp\/v2\/product\/3474","targetHints":{"allow":["GET"]}}],"collection":[{"href":"https:\/\/www.ahotech.com\/et\/wp-json\/wp\/v2\/product"}],"about":[{"href":"https:\/\/www.ahotech.com\/et\/wp-json\/wp\/v2\/types\/product"}],"version-history":[{"count":6,"href":"https:\/\/www.ahotech.com\/et\/wp-json\/wp\/v2\/product\/3474\/revisions"}],"predecessor-version":[{"id":4433,"href":"https:\/\/www.ahotech.com\/et\/wp-json\/wp\/v2\/product\/3474\/revisions\/4433"}],"wp:featuredmedia":[{"embeddable":true,"href":"https:\/\/www.ahotech.com\/et\/wp-json\/wp\/v2\/media\/3479"}],"wp:attachment":[{"href":"https:\/\/www.ahotech.com\/et\/wp-json\/wp\/v2\/media?parent=3474"}],"wp:term":[{"taxonomy":"product_brand","embeddable":true,"href":"https:\/\/www.ahotech.com\/et\/wp-json\/wp\/v2\/product_brand?post=3474"},{"taxonomy":"product_cat","embeddable":true,"href":"https:\/\/www.ahotech.com\/et\/wp-json\/wp\/v2\/product_cat?post=3474"},{"taxonomy":"product_tag","embeddable":true,"href":"https:\/\/www.ahotech.com\/et\/wp-json\/wp\/v2\/product_tag?post=3474"}],"curies":[{"name":"t\u00f6\u00f6leht","href":"https:\/\/api.w.org\/{rel}","templated":true}]}}