{"id":3993,"date":"2021-12-06T02:19:09","date_gmt":"2021-12-06T02:19:09","guid":{"rendered":"https:\/\/www.ahotech.com\/?page_id=3993"},"modified":"2021-12-06T02:19:10","modified_gmt":"2021-12-06T02:19:10","slug":"agv-intelligentne-kaitlusrobot","status":"publish","type":"page","link":"https:\/\/www.ahotech.com\/et\/agv-intelligent-handling-robot\/","title":{"rendered":"AGV intelligentne k\u00e4sitsemisrobot"},"content":{"rendered":"<p>Enamiku v\u00e4ikeste ja keskmise suurusega ettev\u00f5tete tootmistsehhides on osa tootmise automatiseerimise tasemest j\u00e4rk-j\u00e4rgult k\u00fcpseks saanud, kuid t\u00f6\u00f6kojas tuginevad logistika ja transport peamiselt ka t\u00f6\u00f6j\u00f5ule. T\u00f6\u00f6h\u00f5ivekulude suurenemise ja noorte ja keskealiste t\u00f6\u00f6j\u00f5u t\u00f5sise puuduse t\u00f5ttu t\u00f6\u00f6tlevas t\u00f6\u00f6stuses on inimeste asendamine robotitega logistika ja transpordi lahendamiseks muutunud oluliseks viisiks ettev\u00f5tete tootmise efektiivsuse parandamiseks.<\/p>\n\n\n\n<figure class=\"wp-block-image size-full\"><img fetchpriority=\"high\" decoding=\"async\" width=\"556\" height=\"479\" src=\"https:\/\/www.ahotech.com\/wp-content\/uploads\/2021\/11\/AGV-intelligent-handling-robot.jpg\" alt=\"AGV intelligentne k\u00e4sitsemisrobot\" class=\"wp-image-3775\" srcset=\"https:\/\/www.ahotech.com\/wp-content\/uploads\/2021\/11\/AGV-intelligent-handling-robot.jpg 556w, https:\/\/www.ahotech.com\/wp-content\/uploads\/2021\/11\/AGV-intelligent-handling-robot-300x258.jpg 300w\" sizes=\"(max-width: 556px) 100vw, 556px\" \/><\/figure>\n\n\n\n<p>AGV rakenduse eelised<\/p>\n\n\n\n<p>1. Generatsioonikandjana asendab AGV k\u00e4sitsi k\u00e4sitsemist ja v\u00e4hendab inimlike vigade m\u00e4\u00e4ra.<\/p>\n\n\n\n<p>2, AGV automaatk\u00e4igukast v\u00e4hendab ooteaega ja parandab transpordi efektiivsust<\/p>\n\n\n\n<p>3, AGV intelligentne k\u00e4sitsemine, saab automaatselt skannida koodi, et tuvastada iga materjali \u00fclekandmise vajadus, materjal transporditakse automaatselt m\u00e4\u00e4ratud kohta<\/p>\n\n\n\n<p>4. AGV juhtimiss\u00fcsteem sisaldab liikluskorraldusfunktsioone, v\u00e4hendades ohutusriske<\/p>\n\n\n\n<p>Loomulikult on roboti ideaalseks t\u00f6\u00f6ks oluline ka intelligentse AGV roboti liitiumaku tehnoloogia arendamine, sest aku on intelligentse roboti t\u00f6\u00f6 peamine toiteallikas.<\/p>\n\n\n\n<p>Intelligentse AGV roboti aku t\u00fc\u00fcp<\/p>\n\n\n\n<p>Intelligentse AGV roboti aku koosneb peamiselt pliiakudest, nikkelmetallh\u00fcdriidakudest ja liitiumakudest kolmes kategoorias. Liitiumaku jaguneb terasest silindrilisteks liitiumakudeks, liitiumraudfosfaatakudeks, tavalisteks liitiumakudeks ja suure j\u00f5udlusega pol\u00fcmeer-liitiumakudeks. Suure t\u00fchjenemiskiiruse ja keskkonnakaitsen\u00f5uete t\u00f5ttu kaob pliiaku j\u00e4rk-j\u00e4rgult turult ning liitiumaku ja nikkelmetallh\u00fcdriidaku on soodsamad. Nikkelmetallh\u00fcdriidaku ja liitiumaku puhul ei ole nikkelmetallh\u00fcdriidaku t\u00fchjenemiskiirus v\u00e4ga k\u00f5rge, seega on suure t\u00fchjenemisv\u00f5imsusega liitiumaku t\u00fchjenemiskiirus halvem, kuid nikkelmetallh\u00fcdriidaku hind on madal ja see annab teatud konkurentsieelise.<\/p>\n\n\n\n<figure class=\"wp-block-image size-full\"><img decoding=\"async\" width=\"800\" height=\"800\" src=\"https:\/\/www.ahotech.com\/wp-content\/uploads\/2021\/12\/lithium-ion-rv-battery.jpg\" alt=\"\" class=\"wp-image-3995\" srcset=\"https:\/\/www.ahotech.com\/wp-content\/uploads\/2021\/12\/lithium-ion-rv-battery.jpg 800w, https:\/\/www.ahotech.com\/wp-content\/uploads\/2021\/12\/lithium-ion-rv-battery-300x300.jpg 300w, https:\/\/www.ahotech.com\/wp-content\/uploads\/2021\/12\/lithium-ion-rv-battery-150x150.jpg 150w, https:\/\/www.ahotech.com\/wp-content\/uploads\/2021\/12\/lithium-ion-rv-battery-768x768.jpg 768w, https:\/\/www.ahotech.com\/wp-content\/uploads\/2021\/12\/lithium-ion-rv-battery-600x600.jpg 600w, https:\/\/www.ahotech.com\/wp-content\/uploads\/2021\/12\/lithium-ion-rv-battery-100x100.jpg 100w\" sizes=\"(max-width: 800px) 100vw, 800px\" \/><\/figure>\n\n\n\n<p>Tavap\u00e4rased intelligentsed kaupu liigutavad robotid t\u00f6\u00f6tavad 48 V liitiumaku pingega, teised aga 36 V, 52 V ja 72 V. Kuna aku on suhteliselt reaalne andmemaht, pole neil tavaliselt virtuaalset sihtm\u00e4rki. Aku mahtuvus on erinev ja aku mahtuvus muutub vastavalt andmete kasutamisele ja muutumisele, n\u00e4iteks sisemise takistuse suurenemisele. Efektiivmahtuvus v\u00e4heneb. Loomulikult kohandatakse aku mahtuvust vastavalt t\u00f6\u00f6vajadustele. Keskmise suurusega aku mahtuvus on tavaliselt umbes 80 Ah. Aku suurus s\u00f5ltub kliendi konkreetsetest vajadustest.<\/p>\n\n\n\n<p>Intelligentne lastik\u00e4itlusroboti liitiumaku on liitiumaku toiteallikas, seega on praegu kasutusel suurema v\u00f5imsusega 18650 liitiumaku ja liitium-raudfosfaataku.<\/p>","protected":false},"excerpt":{"rendered":"<p>In the production workshop of most small and medium-sized enterprises, part of the production automation level has been gradually mature, but in the workshop logistics and transportation also mainly rely on manpower to solve. With the increasing cost of employment and the serious shortage of young and middle-aged labor force in the manufacturing industry, it [&hellip;]<\/p>\n","protected":false},"author":1,"featured_media":0,"parent":0,"menu_order":0,"comment_status":"closed","ping_status":"closed","template":"","meta":{"_acf_changed":false,"site-sidebar-layout":"default","site-content-layout":"","ast-site-content-layout":"","site-content-style":"default","site-sidebar-style":"default","ast-global-header-display":"","ast-banner-title-visibility":"","ast-main-header-display":"","ast-hfb-above-header-display":"","ast-hfb-below-header-display":"","ast-hfb-mobile-header-display":"","site-post-title":"","ast-breadcrumbs-content":"","ast-featured-img":"","footer-sml-layout":"","theme-transparent-header-meta":"","adv-header-id-meta":"","stick-header-meta":"","header-above-stick-meta":"","header-main-stick-meta":"","header-below-stick-meta":"","astra-migrate-meta-layouts":"default","ast-page-background-enabled":"default","ast-page-background-meta":{"desktop":{"background-color":"","background-image":"","background-repeat":"repeat","background-position":"center center","background-size":"auto","background-attachment":"scroll","background-type":"","background-media":"","overlay-type":"","overlay-color":"","overlay-opacity":"","overlay-gradient":""},"tablet":{"background-color":"","background-image":"","background-repeat":"repeat","background-position":"center center","background-size":"auto","background-attachment":"scroll","background-type":"","background-media":"","overlay-type":"","overlay-color":"","overlay-opacity":"","overlay-gradient":""},"mobile":{"background-color":"","background-image":"","background-repeat":"repeat","background-position":"center center","background-size":"auto","background-attachment":"scroll","background-type":"","background-media":"","overlay-type":"","overlay-color":"","overlay-opacity":"","overlay-gradient":""}},"ast-content-background-meta":{"desktop":{"background-color":"var(--ast-global-color-5)","background-image":"","background-repeat":"repeat","background-position":"center center","background-size":"auto","background-attachment":"scroll","background-type":"","background-media":"","overlay-type":"","overlay-color":"","overlay-opacity":"","overlay-gradient":""},"tablet":{"background-color":"var(--ast-global-color-5)","background-image":"","background-repeat":"repeat","background-position":"center center","background-size":"auto","background-attachment":"scroll","background-type":"","background-media":"","overlay-type":"","overlay-color":"","overlay-opacity":"","overlay-gradient":""},"mobile":{"background-color":"var(--ast-global-color-5)","background-image":"","background-repeat":"repeat","background-position":"center center","background-size":"auto","background-attachment":"scroll","background-type":"","background-media":"","overlay-type":"","overlay-color":"","overlay-opacity":"","overlay-gradient":""}},"footnotes":""},"class_list":["post-3993","page","type-page","status-publish","hentry"],"acf":[],"yoast_head":"<!-- This site is optimized with the Yoast SEO plugin v27.3 - https:\/\/yoast.com\/product\/yoast-seo-wordpress\/ -->\n<title>AGV intelligent handling robot - Ahotech.com<\/title>\n<meta name=\"robots\" content=\"index, follow, max-snippet:-1, max-image-preview:large, max-video-preview:-1\" \/>\n<link rel=\"canonical\" href=\"https:\/\/www.ahotech.com\/et\/agv-intelligentne-kaitlusrobot\/\" \/>\n<meta property=\"og:locale\" content=\"et_EE\" \/>\n<meta property=\"og:type\" content=\"article\" \/>\n<meta property=\"og:title\" content=\"AGV intelligent handling robot - Ahotech.com\" \/>\n<meta property=\"og:description\" content=\"In the production workshop of most small and medium-sized enterprises, part of the production automation level has been gradually mature, but in the workshop logistics and transportation also mainly rely on manpower to solve. With the increasing cost of employment and the serious shortage of young and middle-aged labor force in the manufacturing industry, it [&hellip;]\" \/>\n<meta property=\"og:url\" content=\"https:\/\/www.ahotech.com\/et\/agv-intelligentne-kaitlusrobot\/\" \/>\n<meta property=\"og:site_name\" content=\"Ahotech.com\" \/>\n<meta property=\"article:modified_time\" content=\"2021-12-06T02:19:10+00:00\" \/>\n<meta property=\"og:image\" content=\"https:\/\/www.ahotech.com\/wp-content\/uploads\/2021\/11\/AGV-intelligent-handling-robot.jpg\" \/>\n<meta name=\"twitter:card\" content=\"summary_large_image\" \/>\n<meta name=\"twitter:label1\" content=\"Est. reading time\" \/>\n\t<meta name=\"twitter:data1\" content=\"3 minutit\" \/>\n<script type=\"application\/ld+json\" class=\"yoast-schema-graph\">{\"@context\":\"https:\\\/\\\/schema.org\",\"@graph\":[{\"@type\":\"WebPage\",\"@id\":\"https:\\\/\\\/de.ahotech.com\\\/agv-intelligenter-handhabungsroboter\\\/\",\"url\":\"https:\\\/\\\/de.ahotech.com\\\/agv-intelligenter-handhabungsroboter\\\/\",\"name\":\"AGV intelligent handling robot - Ahotech.com\",\"isPartOf\":{\"@id\":\"https:\\\/\\\/www.ahotech.com\\\/es\\\/#website\"},\"primaryImageOfPage\":{\"@id\":\"https:\\\/\\\/de.ahotech.com\\\/agv-intelligenter-handhabungsroboter\\\/#primaryimage\"},\"image\":{\"@id\":\"https:\\\/\\\/de.ahotech.com\\\/agv-intelligenter-handhabungsroboter\\\/#primaryimage\"},\"thumbnailUrl\":\"https:\\\/\\\/www.ahotech.com\\\/wp-content\\\/uploads\\\/2021\\\/11\\\/AGV-intelligent-handling-robot.jpg\",\"datePublished\":\"2021-12-06T02:19:09+00:00\",\"dateModified\":\"2021-12-06T02:19:10+00:00\",\"breadcrumb\":{\"@id\":\"https:\\\/\\\/de.ahotech.com\\\/agv-intelligenter-handhabungsroboter\\\/#breadcrumb\"},\"inLanguage\":\"et\",\"potentialAction\":[{\"@type\":\"ReadAction\",\"target\":[\"https:\\\/\\\/de.ahotech.com\\\/agv-intelligenter-handhabungsroboter\\\/\"]}]},{\"@type\":\"ImageObject\",\"inLanguage\":\"et\",\"@id\":\"https:\\\/\\\/de.ahotech.com\\\/agv-intelligenter-handhabungsroboter\\\/#primaryimage\",\"url\":\"https:\\\/\\\/www.ahotech.com\\\/wp-content\\\/uploads\\\/2021\\\/11\\\/AGV-intelligent-handling-robot.jpg\",\"contentUrl\":\"https:\\\/\\\/www.ahotech.com\\\/wp-content\\\/uploads\\\/2021\\\/11\\\/AGV-intelligent-handling-robot.jpg\"},{\"@type\":\"BreadcrumbList\",\"@id\":\"https:\\\/\\\/de.ahotech.com\\\/agv-intelligenter-handhabungsroboter\\\/#breadcrumb\",\"itemListElement\":[{\"@type\":\"ListItem\",\"position\":1,\"name\":\"Home\",\"item\":\"https:\\\/\\\/de.ahotech.com\\\/\"},{\"@type\":\"ListItem\",\"position\":2,\"name\":\"AGV intelligent handling robot\"}]},{\"@type\":\"WebSite\",\"@id\":\"https:\\\/\\\/www.ahotech.com\\\/es\\\/#website\",\"url\":\"https:\\\/\\\/www.ahotech.com\\\/es\\\/\",\"name\":\"Ahotech.com\",\"description\":\"lithium battery manufacturers\",\"publisher\":{\"@id\":\"https:\\\/\\\/www.ahotech.com\\\/es\\\/#organization\"},\"potentialAction\":[{\"@type\":\"SearchAction\",\"target\":{\"@type\":\"EntryPoint\",\"urlTemplate\":\"https:\\\/\\\/www.ahotech.com\\\/es\\\/?s={search_term_string}\"},\"query-input\":{\"@type\":\"PropertyValueSpecification\",\"valueRequired\":true,\"valueName\":\"search_term_string\"}}],\"inLanguage\":\"et\"},{\"@type\":\"Organization\",\"@id\":\"https:\\\/\\\/www.ahotech.com\\\/es\\\/#organization\",\"name\":\"Ahotech.com\",\"url\":\"https:\\\/\\\/www.ahotech.com\\\/es\\\/\",\"logo\":{\"@type\":\"ImageObject\",\"inLanguage\":\"et\",\"@id\":\"https:\\\/\\\/www.ahotech.com\\\/es\\\/#\\\/schema\\\/logo\\\/image\\\/\",\"url\":\"https:\\\/\\\/www.ahotech.com\\\/wp-content\\\/uploads\\\/2021\\\/10\\\/battery-site-logo.jpg\",\"contentUrl\":\"https:\\\/\\\/www.ahotech.com\\\/wp-content\\\/uploads\\\/2021\\\/10\\\/battery-site-logo.jpg\",\"width\":1297,\"height\":465,\"caption\":\"Ahotech.com\"},\"image\":{\"@id\":\"https:\\\/\\\/www.ahotech.com\\\/es\\\/#\\\/schema\\\/logo\\\/image\\\/\"}}]}<\/script>\n<!-- \/ Yoast SEO plugin. -->","yoast_head_json":{"title":"AGV intelligentne k\u00e4itlusrobot - Ahotech.com","robots":{"index":"index","follow":"follow","max-snippet":"max-snippet:-1","max-image-preview":"max-image-preview:large","max-video-preview":"max-video-preview:-1"},"canonical":"https:\/\/www.ahotech.com\/et\/agv-intelligentne-kaitlusrobot\/","og_locale":"et_EE","og_type":"article","og_title":"AGV intelligent handling robot - Ahotech.com","og_description":"In the production workshop of most small and medium-sized enterprises, part of the production automation level has been gradually mature, but in the workshop logistics and transportation also mainly rely on manpower to solve. With the increasing cost of employment and the serious shortage of young and middle-aged labor force in the manufacturing industry, it [&hellip;]","og_url":"https:\/\/www.ahotech.com\/et\/agv-intelligentne-kaitlusrobot\/","og_site_name":"Ahotech.com","article_modified_time":"2021-12-06T02:19:10+00:00","og_image":[{"url":"https:\/\/www.ahotech.com\/wp-content\/uploads\/2021\/11\/AGV-intelligent-handling-robot.jpg","type":"","width":"","height":""}],"twitter_card":"summary_large_image","twitter_misc":{"Est. reading time":"3 minutit"},"schema":{"@context":"https:\/\/schema.org","@graph":[{"@type":"WebPage","@id":"https:\/\/de.ahotech.com\/agv-intelligenter-handhabungsroboter\/","url":"https:\/\/de.ahotech.com\/agv-intelligenter-handhabungsroboter\/","name":"AGV intelligentne k\u00e4itlusrobot - Ahotech.com","isPartOf":{"@id":"https:\/\/www.ahotech.com\/es\/#website"},"primaryImageOfPage":{"@id":"https:\/\/de.ahotech.com\/agv-intelligenter-handhabungsroboter\/#primaryimage"},"image":{"@id":"https:\/\/de.ahotech.com\/agv-intelligenter-handhabungsroboter\/#primaryimage"},"thumbnailUrl":"https:\/\/www.ahotech.com\/wp-content\/uploads\/2021\/11\/AGV-intelligent-handling-robot.jpg","datePublished":"2021-12-06T02:19:09+00:00","dateModified":"2021-12-06T02:19:10+00:00","breadcrumb":{"@id":"https:\/\/de.ahotech.com\/agv-intelligenter-handhabungsroboter\/#breadcrumb"},"inLanguage":"et","potentialAction":[{"@type":"ReadAction","target":["https:\/\/de.ahotech.com\/agv-intelligenter-handhabungsroboter\/"]}]},{"@type":"ImageObject","inLanguage":"et","@id":"https:\/\/de.ahotech.com\/agv-intelligenter-handhabungsroboter\/#primaryimage","url":"https:\/\/www.ahotech.com\/wp-content\/uploads\/2021\/11\/AGV-intelligent-handling-robot.jpg","contentUrl":"https:\/\/www.ahotech.com\/wp-content\/uploads\/2021\/11\/AGV-intelligent-handling-robot.jpg"},{"@type":"BreadcrumbList","@id":"https:\/\/de.ahotech.com\/agv-intelligenter-handhabungsroboter\/#breadcrumb","itemListElement":[{"@type":"ListItem","position":1,"name":"Home","item":"https:\/\/de.ahotech.com\/"},{"@type":"ListItem","position":2,"name":"AGV intelligent handling robot"}]},{"@type":"WebSite","@id":"https:\/\/www.ahotech.com\/es\/#website","url":"https:\/\/www.ahotech.com\/es\/","name":"Ahotech.com","description":"liitiumakude tootjad","publisher":{"@id":"https:\/\/www.ahotech.com\/es\/#organization"},"potentialAction":[{"@type":"SearchAction","target":{"@type":"EntryPoint","urlTemplate":"https:\/\/www.ahotech.com\/es\/?s={search_term_string}"},"query-input":{"@type":"PropertyValueSpecification","valueRequired":true,"valueName":"search_term_string"}}],"inLanguage":"et"},{"@type":"Organization","@id":"https:\/\/www.ahotech.com\/es\/#organization","name":"Ahotech.com","url":"https:\/\/www.ahotech.com\/es\/","logo":{"@type":"ImageObject","inLanguage":"et","@id":"https:\/\/www.ahotech.com\/es\/#\/schema\/logo\/image\/","url":"https:\/\/www.ahotech.com\/wp-content\/uploads\/2021\/10\/battery-site-logo.jpg","contentUrl":"https:\/\/www.ahotech.com\/wp-content\/uploads\/2021\/10\/battery-site-logo.jpg","width":1297,"height":465,"caption":"Ahotech.com"},"image":{"@id":"https:\/\/www.ahotech.com\/es\/#\/schema\/logo\/image\/"}}]}},"_links":{"self":[{"href":"https:\/\/www.ahotech.com\/et\/wp-json\/wp\/v2\/pages\/3993","targetHints":{"allow":["GET"]}}],"collection":[{"href":"https:\/\/www.ahotech.com\/et\/wp-json\/wp\/v2\/pages"}],"about":[{"href":"https:\/\/www.ahotech.com\/et\/wp-json\/wp\/v2\/types\/page"}],"author":[{"embeddable":true,"href":"https:\/\/www.ahotech.com\/et\/wp-json\/wp\/v2\/users\/1"}],"replies":[{"embeddable":true,"href":"https:\/\/www.ahotech.com\/et\/wp-json\/wp\/v2\/comments?post=3993"}],"version-history":[{"count":1,"href":"https:\/\/www.ahotech.com\/et\/wp-json\/wp\/v2\/pages\/3993\/revisions"}],"predecessor-version":[{"id":3996,"href":"https:\/\/www.ahotech.com\/et\/wp-json\/wp\/v2\/pages\/3993\/revisions\/3996"}],"wp:attachment":[{"href":"https:\/\/www.ahotech.com\/et\/wp-json\/wp\/v2\/media?parent=3993"}],"curies":[{"name":"t\u00f6\u00f6leht","href":"https:\/\/api.w.org\/{rel}","templated":true}]}}