{"id":3984,"date":"2021-12-06T01:31:40","date_gmt":"2021-12-06T01:31:40","guid":{"rendered":"https:\/\/www.ahotech.com\/?page_id=3984"},"modified":"2021-12-06T01:31:41","modified_gmt":"2021-12-06T01:31:41","slug":"intelligentne-logistika-goocontainer-intelligentse-konteineri-projekt","status":"publish","type":"page","link":"https:\/\/www.ahotech.com\/et\/intelligent-logistics-goocontainer-intelligent-container-project\/","title":{"rendered":"Intelligentne logistika \u2013 intelligentse konteineri projekt \u201cGOOCONTAINER\u201d."},"content":{"rendered":"<p>Paagi t\u00fc\u00fcpi seadmeid kasutatakse peamiselt t\u00f6\u00f6stusliku gaasi jaoks, kogu t\u00f6\u00f6stusliku gaasit\u00f6\u00f6stuse ahel jaguneb tarbimisotsaks, transpordiotsaks, gaasiallika otsaks ja tootmisotsaks. Tootmise otsast gaasiallika l\u00f5puni, gaasiallika otsast transpordiotsani ja transpordiotsast tarbimisotsani on see t\u00fc\u00fcpiline t\u00f6\u00f6stusliku gaasit\u00f6\u00f6stuse kett. Peamised seadmed on laoseadmed, sh paak ja s\u00e4ilituspaak, samuti transpordivahendid, nagu paakkonteiner ja paakvagun, sealhulgas ka multimodaalne transpordikonteiner. T\u00f6\u00f6stusliku gaasitranspordi t\u00f6\u00f6stuse jaoks on mitmeid probleeme, st kuidas kontrollida ja haarata turgu, seej\u00e4rel konfigureerida gaasiallikat, konfigureerida tootmist ja m\u00fc\u00fcki ning seej\u00e4rel optimeerida, saata ja levitada, t\u00e4pselt nagu t\u00f6\u00f6stusgaasi puudus P\u00f5hja-Hiinas. Kui igap\u00e4evast tarbimist on v\u00f5imalik t\u00e4pselt prognoosida, on v\u00f5imalik saavutada korralik tootmine ja t\u00f5hus logistiline transport. T\u00f6\u00f6stusliku gaasit\u00f6\u00f6stuse ettev\u00f5tete jaoks pole midagi muud, kui p\u00f6\u00f6rata t\u00e4helepanu neile mitmele k\u00fcsimusele, esimene on t\u00f5husus, sealhulgas jaotamise t\u00f5husus, juhtimise t\u00f5husus. Teine on juhtimine, sealhulgas tegevusjuhtimine ja varahaldus. Kolmas on ohutus. See on rida probleeme, mida t\u00f6\u00f6stus puudutab, kuid praeguses olukorras ei ole meil n\u00e4iteks klientide laoseisust selget \u00fclevaadet, levitamise ajastus pole t\u00e4pne ja levitamise efektiivsus on suhteliselt madal. Lisaks on problemaatiline nende enda k\u00e4itamise juhtimine, sealhulgas varahaldus, tegevuse t\u00f5hususe juhtimine, t\u00f6\u00f6 k\u00e4igus on mitmeid muid ohutusprobleeme. Kuidas neid probleeme lahendada? See on Tank-t\u00fc\u00fcpi seadmete IoT s\u00fcsteem, sealhulgas tehnoloogia ja toimimine.<\/p>\n\n\n\n<figure class=\"wp-block-image size-full\"><img fetchpriority=\"high\" decoding=\"async\" width=\"600\" height=\"400\" src=\"https:\/\/www.ahotech.com\/wp-content\/uploads\/2021\/11\/battery-and-capacitor-combination.jpg\" alt=\"aku ja kondensaatori kombinatsioon\" class=\"wp-image-3772\" srcset=\"https:\/\/www.ahotech.com\/wp-content\/uploads\/2021\/11\/battery-and-capacitor-combination.jpg 600w, https:\/\/www.ahotech.com\/wp-content\/uploads\/2021\/11\/battery-and-capacitor-combination-300x200.jpg 300w\" sizes=\"(max-width: 600px) 100vw, 600px\" \/><figcaption>aku ja kondensaatori kombinatsioon<\/figcaption><\/figure>\n\n\n\n<p>Esimene samm on k\u00f5igi seadmete visualiseerimine ja intelligentsus. Visualiseerimist saab teostada seadmete intelligentsuse kaudu. Konteineride, paakide ja paakautode visualiseerimiseks Internetis, sealhulgas teie asukoha, oleku, sisu ja nii edasi. Seda tehes saate turust selgelt aru. N\u00e4iteks juhite gaasifirmat ja paned s\u00e4ilitusmahutid ja mobiilsed paagid patu tarbimiskohad nagu haigla ja tehas, iga paagi ja tarbimisterminali olukord on reaalajas teada. Nii saab turgu t\u00e4pselt haarata ning turust l\u00e4htuvalt saab gaasiallikate tarne- ja jaotusjuhtimist h\u00e4sti teha. Kui juhite ettev\u00f5tet, n\u00e4ete veebisaidil \u00f5huallika varustuspunkti olukorda kogu oma piirkonnas v\u00f5i \u00fcle riigi, sealhulgas seda, mis sinna on paigaldatud, kui palju j\u00e4\u00e4b j\u00e4rele ja kui palju v\u00f5ib tarbida. See v\u00f5ib turgu ja levitamist edendada. T\u00f6\u00f6 efektiivsust saab parandada tarbimise ja turutarbimise visualiseerimisega ning loomulikult varustada mobiiltelefoni tarkvarateenusega. Kui suudame turutarbimisest t\u00e4pselt aru saada, saame kordam\u00f6\u00f6da korraldada, koordineerida tootmist ja turustamist, l\u00fckata tellimus l\u00f5ppkliendilt s\u00fcsteemitellimusele, seej\u00e4rel korraldada jaotamine, teostada m\u00f5istlikku ajakava ja juhtimist ning realiseerida toimimise intelligentsus.<\/p>\n\n\n\n<p>T\u00e4pselt turgu haarates, turgu visualiseerides ja selgitades ning hilisemat ajagraafikut korraldades saab ettev\u00f5tte toimimise selgeks teha suurandmete anal\u00fc\u00fcsi, sh kliendistatistika, klientide optimeerimise ja kliendi gaasitarbimise d\u00fcnaamilise hoiatamise, mida saab aktiivselt juhtida, sh klienditasude haldamist.<\/p>\n\n\n\n<p>T\u00f6\u00f6stusliku gaasi- v\u00f5i logistikaettev\u00f5tete jaoks on rahavoog varad, eriti mobiilsed varad, ja varad on ettev\u00f5tte rahavoogude tootmise t\u00f6\u00f6riist, seega on varahaldus ettev\u00f5tte jaoks v\u00e4ga oluline. Sellel platvormil saab j\u00e4lgida ja hallata k\u00f5igi ettev\u00f5tete varasid ja vallasvara kogu eluts\u00fckli jooksul, sealhulgas autosid, paake ja kaste. \u00dches\u00f5naga hallatakse kogu t\u00f6\u00f6stusgaasit\u00f6\u00f6stuse vara kogu eluts\u00fckli jooksul, milleks on d\u00fcnaamiline juhtimine, olgu auto t\u00fchi v\u00f5i raske, samuti varade k\u00e4ibe statistiline anal\u00fc\u00fcs ja suurandmete anal\u00fc\u00fcs.<\/p>\n\n\n\n<p>Ohutusk\u00fcsimused valmistavad suurt muret t\u00f6\u00f6stusgaasile, t\u00f6\u00f6stusgaasiettev\u00f5tetele ja valitsusele. P\u00e4rast seadmete intelligentsuse m\u00f5istmist saadetakse s\u00fcsteemi \u00f5igeaegselt rida ebatavalisi olukordi seadme t\u00f6\u00f6- v\u00f5i salvestusprotsessis. Saab l\u00e4bi mobiiltelefoni v\u00f5i e-posti reaalajas alarmi ja meeldetuletuse, ohutuse varajase hoiatamise ja ohutuse ennetamise, samuti \u00f5igeaegse tagasiside ja reageerimise ohutus\u00f5nnetustele. See on seadmete intelligentsuse realiseerimine luureandmete kaudu ja seej\u00e4rel operatsiooni intelligentsuse realiseerimine, mis on kogu kontseptsioon ja rida tavasid.<\/p>\n\n\n\n<p>T\u00f6\u00f6stusgaasi Interneti \u00f6koloogiline ahel moodustub asjade Interneti tehnoloogia kaudu. Olenemata sellest, kas tegemist on tarneahela finantseerimise v\u00f5i muude t\u00f6\u00f6stusharudega, on peamine asi muuta tume kaart heledaks kaardiks. Kui me ei suuda realiseerida seadmete visualiseerimist Internetis v\u00f5i ei suuda realiseerida seadmete visualiseerimist IoT-tehnoloogia kaudu, ei ole v\u00f5imalik saavutada l\u00e4bipaistvat ja t\u00e4pset toimimist ega k\u00f5iki \u00f6koloogilise ahela punkte t\u00e4pselt siduda. Selle eesm\u00e4rk on edendada t\u00f6\u00f6stusgaasi Interneti ja asjade Interneti tehnoloogia \u00f6koloogilise ahela ressursside moodustumist, saavutades v\u00f5rguressursside integreerimise, v\u00f5rgu\u00fchenduseta tehnoloogia ja t\u00f6\u00f6stuse integreerimise kaudu m\u00f5lemale poolele kasuliku jagamise.<\/p>\n\n\n\n<p><\/p>","protected":false},"excerpt":{"rendered":"<p>Tank type equipment is mainly used for industrial gas, the whole industrial gas industry chain is divided into consumption end, transportation end, gas source end and production end. From the production end to the gas source end, from the gas source end to the transportation end, and from the transportation end to the consumption end, [&hellip;]<\/p>\n","protected":false},"author":1,"featured_media":0,"parent":0,"menu_order":0,"comment_status":"closed","ping_status":"closed","template":"","meta":{"_acf_changed":false,"site-sidebar-layout":"default","site-content-layout":"","ast-site-content-layout":"","site-content-style":"default","site-sidebar-style":"default","ast-global-header-display":"","ast-banner-title-visibility":"","ast-main-header-display":"","ast-hfb-above-header-display":"","ast-hfb-below-header-display":"","ast-hfb-mobile-header-display":"","site-post-title":"","ast-breadcrumbs-content":"","ast-featured-img":"","footer-sml-layout":"","theme-transparent-header-meta":"","adv-header-id-meta":"","stick-header-meta":"","header-above-stick-meta":"","header-main-stick-meta":"","header-below-stick-meta":"","astra-migrate-meta-layouts":"default","ast-page-background-enabled":"default","ast-page-background-meta":{"desktop":{"background-color":"","background-image":"","background-repeat":"repeat","background-position":"center center","background-size":"auto","background-attachment":"scroll","background-type":"","background-media":"","overlay-type":"","overlay-color":"","overlay-opacity":"","overlay-gradient":""},"tablet":{"background-color":"","background-image":"","background-repeat":"repeat","background-position":"center center","background-size":"auto","background-attachment":"scroll","background-type":"","background-media":"","overlay-type":"","overlay-color":"","overlay-opacity":"","overlay-gradient":""},"mobile":{"background-color":"","background-image":"","background-repeat":"repeat","background-position":"center center","background-size":"auto","background-attachment":"scroll","background-type":"","background-media":"","overlay-type":"","overlay-color":"","overlay-opacity":"","overlay-gradient":""}},"ast-content-background-meta":{"desktop":{"background-color":"var(--ast-global-color-5)","background-image":"","background-repeat":"repeat","background-position":"center center","background-size":"auto","background-attachment":"scroll","background-type":"","background-media":"","overlay-type":"","overlay-color":"","overlay-opacity":"","overlay-gradient":""},"tablet":{"background-color":"var(--ast-global-color-5)","background-image":"","background-repeat":"repeat","background-position":"center center","background-size":"auto","background-attachment":"scroll","background-type":"","background-media":"","overlay-type":"","overlay-color":"","overlay-opacity":"","overlay-gradient":""},"mobile":{"background-color":"var(--ast-global-color-5)","background-image":"","background-repeat":"repeat","background-position":"center center","background-size":"auto","background-attachment":"scroll","background-type":"","background-media":"","overlay-type":"","overlay-color":"","overlay-opacity":"","overlay-gradient":""}},"footnotes":""},"class_list":["post-3984","page","type-page","status-publish","hentry"],"acf":[],"yoast_head":"<!-- This site is optimized with the Yoast SEO plugin v27.3 - https:\/\/yoast.com\/product\/yoast-seo-wordpress\/ -->\n<title>Intelligent Logistics - &quot;GOOCONTAINER&quot; Intelligent Container Project - Ahotech.com<\/title>\n<meta name=\"robots\" content=\"index, follow, max-snippet:-1, max-image-preview:large, max-video-preview:-1\" \/>\n<link rel=\"canonical\" href=\"https:\/\/www.ahotech.com\/et\/intelligentne-logistika-goocontainer-intelligentse-konteineri-projekt\/\" \/>\n<meta property=\"og:locale\" content=\"et_EE\" \/>\n<meta property=\"og:type\" content=\"article\" \/>\n<meta property=\"og:title\" content=\"Intelligent Logistics - &quot;GOOCONTAINER&quot; Intelligent Container Project - Ahotech.com\" \/>\n<meta property=\"og:description\" content=\"Tank type equipment is mainly used for industrial gas, the whole industrial gas industry chain is divided into consumption end, transportation end, gas source end and production end. From the production end to the gas source end, from the gas source end to the transportation end, and from the transportation end to the consumption end, [&hellip;]\" \/>\n<meta property=\"og:url\" content=\"https:\/\/www.ahotech.com\/et\/intelligentne-logistika-goocontainer-intelligentse-konteineri-projekt\/\" \/>\n<meta property=\"og:site_name\" content=\"Ahotech.com\" \/>\n<meta property=\"article:modified_time\" content=\"2021-12-06T01:31:41+00:00\" \/>\n<meta property=\"og:image\" content=\"https:\/\/www.ahotech.com\/wp-content\/uploads\/2021\/11\/battery-and-capacitor-combination.jpg\" \/>\n<meta name=\"twitter:card\" content=\"summary_large_image\" \/>\n<meta name=\"twitter:label1\" content=\"Est. reading time\" \/>\n\t<meta name=\"twitter:data1\" content=\"5 minutit\" \/>\n<script type=\"application\/ld+json\" class=\"yoast-schema-graph\">{\"@context\":\"https:\\\/\\\/schema.org\",\"@graph\":[{\"@type\":\"WebPage\",\"@id\":\"https:\\\/\\\/de.ahotech.com\\\/intelligente-logistik-gocontainer-intelligentes-containerprojekt\\\/\",\"url\":\"https:\\\/\\\/de.ahotech.com\\\/intelligente-logistik-gocontainer-intelligentes-containerprojekt\\\/\",\"name\":\"Intelligent Logistics - \\\"GOOCONTAINER\\\" Intelligent Container Project - Ahotech.com\",\"isPartOf\":{\"@id\":\"https:\\\/\\\/www.ahotech.com\\\/es\\\/#website\"},\"primaryImageOfPage\":{\"@id\":\"https:\\\/\\\/de.ahotech.com\\\/intelligente-logistik-gocontainer-intelligentes-containerprojekt\\\/#primaryimage\"},\"image\":{\"@id\":\"https:\\\/\\\/de.ahotech.com\\\/intelligente-logistik-gocontainer-intelligentes-containerprojekt\\\/#primaryimage\"},\"thumbnailUrl\":\"https:\\\/\\\/www.ahotech.com\\\/wp-content\\\/uploads\\\/2021\\\/11\\\/battery-and-capacitor-combination.jpg\",\"datePublished\":\"2021-12-06T01:31:40+00:00\",\"dateModified\":\"2021-12-06T01:31:41+00:00\",\"breadcrumb\":{\"@id\":\"https:\\\/\\\/de.ahotech.com\\\/intelligente-logistik-gocontainer-intelligentes-containerprojekt\\\/#breadcrumb\"},\"inLanguage\":\"et\",\"potentialAction\":[{\"@type\":\"ReadAction\",\"target\":[\"https:\\\/\\\/de.ahotech.com\\\/intelligente-logistik-gocontainer-intelligentes-containerprojekt\\\/\"]}]},{\"@type\":\"ImageObject\",\"inLanguage\":\"et\",\"@id\":\"https:\\\/\\\/de.ahotech.com\\\/intelligente-logistik-gocontainer-intelligentes-containerprojekt\\\/#primaryimage\",\"url\":\"https:\\\/\\\/www.ahotech.com\\\/wp-content\\\/uploads\\\/2021\\\/11\\\/battery-and-capacitor-combination.jpg\",\"contentUrl\":\"https:\\\/\\\/www.ahotech.com\\\/wp-content\\\/uploads\\\/2021\\\/11\\\/battery-and-capacitor-combination.jpg\"},{\"@type\":\"BreadcrumbList\",\"@id\":\"https:\\\/\\\/de.ahotech.com\\\/intelligente-logistik-gocontainer-intelligentes-containerprojekt\\\/#breadcrumb\",\"itemListElement\":[{\"@type\":\"ListItem\",\"position\":1,\"name\":\"Home\",\"item\":\"https:\\\/\\\/de.ahotech.com\\\/\"},{\"@type\":\"ListItem\",\"position\":2,\"name\":\"Intelligent Logistics &#8212; &#8220;GOOCONTAINER&#8221; Intelligent Container Project\"}]},{\"@type\":\"WebSite\",\"@id\":\"https:\\\/\\\/www.ahotech.com\\\/es\\\/#website\",\"url\":\"https:\\\/\\\/www.ahotech.com\\\/es\\\/\",\"name\":\"Ahotech.com\",\"description\":\"lithium battery manufacturers\",\"publisher\":{\"@id\":\"https:\\\/\\\/www.ahotech.com\\\/es\\\/#organization\"},\"potentialAction\":[{\"@type\":\"SearchAction\",\"target\":{\"@type\":\"EntryPoint\",\"urlTemplate\":\"https:\\\/\\\/www.ahotech.com\\\/es\\\/?s={search_term_string}\"},\"query-input\":{\"@type\":\"PropertyValueSpecification\",\"valueRequired\":true,\"valueName\":\"search_term_string\"}}],\"inLanguage\":\"et\"},{\"@type\":\"Organization\",\"@id\":\"https:\\\/\\\/www.ahotech.com\\\/es\\\/#organization\",\"name\":\"Ahotech.com\",\"url\":\"https:\\\/\\\/www.ahotech.com\\\/es\\\/\",\"logo\":{\"@type\":\"ImageObject\",\"inLanguage\":\"et\",\"@id\":\"https:\\\/\\\/www.ahotech.com\\\/es\\\/#\\\/schema\\\/logo\\\/image\\\/\",\"url\":\"https:\\\/\\\/www.ahotech.com\\\/wp-content\\\/uploads\\\/2021\\\/10\\\/battery-site-logo.jpg\",\"contentUrl\":\"https:\\\/\\\/www.ahotech.com\\\/wp-content\\\/uploads\\\/2021\\\/10\\\/battery-site-logo.jpg\",\"width\":1297,\"height\":465,\"caption\":\"Ahotech.com\"},\"image\":{\"@id\":\"https:\\\/\\\/www.ahotech.com\\\/es\\\/#\\\/schema\\\/logo\\\/image\\\/\"}}]}<\/script>\n<!-- \/ Yoast SEO plugin. -->","yoast_head_json":{"title":"Intelligentne logistika \u2013 intelligentsete konteinerite projekt \u201eGOOCONTAINER\u201d \u2013 Ahotech.com","robots":{"index":"index","follow":"follow","max-snippet":"max-snippet:-1","max-image-preview":"max-image-preview:large","max-video-preview":"max-video-preview:-1"},"canonical":"https:\/\/www.ahotech.com\/et\/intelligentne-logistika-goocontainer-intelligentse-konteineri-projekt\/","og_locale":"et_EE","og_type":"article","og_title":"Intelligent Logistics - \"GOOCONTAINER\" Intelligent Container Project - Ahotech.com","og_description":"Tank type equipment is mainly used for industrial gas, the whole industrial gas industry chain is divided into consumption end, transportation end, gas source end and production end. From the production end to the gas source end, from the gas source end to the transportation end, and from the transportation end to the consumption end, [&hellip;]","og_url":"https:\/\/www.ahotech.com\/et\/intelligentne-logistika-goocontainer-intelligentse-konteineri-projekt\/","og_site_name":"Ahotech.com","article_modified_time":"2021-12-06T01:31:41+00:00","og_image":[{"url":"https:\/\/www.ahotech.com\/wp-content\/uploads\/2021\/11\/battery-and-capacitor-combination.jpg","type":"","width":"","height":""}],"twitter_card":"summary_large_image","twitter_misc":{"Est. reading time":"5 minutit"},"schema":{"@context":"https:\/\/schema.org","@graph":[{"@type":"WebPage","@id":"https:\/\/de.ahotech.com\/intelligente-logistik-gocontainer-intelligentes-containerprojekt\/","url":"https:\/\/de.ahotech.com\/intelligente-logistik-gocontainer-intelligentes-containerprojekt\/","name":"Intelligentne logistika \u2013 intelligentsete konteinerite projekt \u201eGOOCONTAINER\u201d \u2013 Ahotech.com","isPartOf":{"@id":"https:\/\/www.ahotech.com\/es\/#website"},"primaryImageOfPage":{"@id":"https:\/\/de.ahotech.com\/intelligente-logistik-gocontainer-intelligentes-containerprojekt\/#primaryimage"},"image":{"@id":"https:\/\/de.ahotech.com\/intelligente-logistik-gocontainer-intelligentes-containerprojekt\/#primaryimage"},"thumbnailUrl":"https:\/\/www.ahotech.com\/wp-content\/uploads\/2021\/11\/battery-and-capacitor-combination.jpg","datePublished":"2021-12-06T01:31:40+00:00","dateModified":"2021-12-06T01:31:41+00:00","breadcrumb":{"@id":"https:\/\/de.ahotech.com\/intelligente-logistik-gocontainer-intelligentes-containerprojekt\/#breadcrumb"},"inLanguage":"et","potentialAction":[{"@type":"ReadAction","target":["https:\/\/de.ahotech.com\/intelligente-logistik-gocontainer-intelligentes-containerprojekt\/"]}]},{"@type":"ImageObject","inLanguage":"et","@id":"https:\/\/de.ahotech.com\/intelligente-logistik-gocontainer-intelligentes-containerprojekt\/#primaryimage","url":"https:\/\/www.ahotech.com\/wp-content\/uploads\/2021\/11\/battery-and-capacitor-combination.jpg","contentUrl":"https:\/\/www.ahotech.com\/wp-content\/uploads\/2021\/11\/battery-and-capacitor-combination.jpg"},{"@type":"BreadcrumbList","@id":"https:\/\/de.ahotech.com\/intelligente-logistik-gocontainer-intelligentes-containerprojekt\/#breadcrumb","itemListElement":[{"@type":"ListItem","position":1,"name":"Home","item":"https:\/\/de.ahotech.com\/"},{"@type":"ListItem","position":2,"name":"Intelligent Logistics &#8212; &#8220;GOOCONTAINER&#8221; Intelligent Container Project"}]},{"@type":"WebSite","@id":"https:\/\/www.ahotech.com\/es\/#website","url":"https:\/\/www.ahotech.com\/es\/","name":"Ahotech.com","description":"liitiumakude tootjad","publisher":{"@id":"https:\/\/www.ahotech.com\/es\/#organization"},"potentialAction":[{"@type":"SearchAction","target":{"@type":"EntryPoint","urlTemplate":"https:\/\/www.ahotech.com\/es\/?s={search_term_string}"},"query-input":{"@type":"PropertyValueSpecification","valueRequired":true,"valueName":"search_term_string"}}],"inLanguage":"et"},{"@type":"Organization","@id":"https:\/\/www.ahotech.com\/es\/#organization","name":"Ahotech.com","url":"https:\/\/www.ahotech.com\/es\/","logo":{"@type":"ImageObject","inLanguage":"et","@id":"https:\/\/www.ahotech.com\/es\/#\/schema\/logo\/image\/","url":"https:\/\/www.ahotech.com\/wp-content\/uploads\/2021\/10\/battery-site-logo.jpg","contentUrl":"https:\/\/www.ahotech.com\/wp-content\/uploads\/2021\/10\/battery-site-logo.jpg","width":1297,"height":465,"caption":"Ahotech.com"},"image":{"@id":"https:\/\/www.ahotech.com\/es\/#\/schema\/logo\/image\/"}}]}},"_links":{"self":[{"href":"https:\/\/www.ahotech.com\/et\/wp-json\/wp\/v2\/pages\/3984","targetHints":{"allow":["GET"]}}],"collection":[{"href":"https:\/\/www.ahotech.com\/et\/wp-json\/wp\/v2\/pages"}],"about":[{"href":"https:\/\/www.ahotech.com\/et\/wp-json\/wp\/v2\/types\/page"}],"author":[{"embeddable":true,"href":"https:\/\/www.ahotech.com\/et\/wp-json\/wp\/v2\/users\/1"}],"replies":[{"embeddable":true,"href":"https:\/\/www.ahotech.com\/et\/wp-json\/wp\/v2\/comments?post=3984"}],"version-history":[{"count":1,"href":"https:\/\/www.ahotech.com\/et\/wp-json\/wp\/v2\/pages\/3984\/revisions"}],"predecessor-version":[{"id":3986,"href":"https:\/\/www.ahotech.com\/et\/wp-json\/wp\/v2\/pages\/3984\/revisions\/3986"}],"wp:attachment":[{"href":"https:\/\/www.ahotech.com\/et\/wp-json\/wp\/v2\/media?parent=3984"}],"curies":[{"name":"t\u00f6\u00f6leht","href":"https:\/\/api.w.org\/{rel}","templated":true}]}}