{"id":3981,"date":"2021-12-06T01:27:44","date_gmt":"2021-12-06T01:27:44","guid":{"rendered":"https:\/\/www.ahotech.com\/?page_id=3981"},"modified":"2021-12-06T01:27:44","modified_gmt":"2021-12-06T01:27:44","slug":"intelligentne-hudrant","status":"publish","type":"page","link":"https:\/\/www.ahotech.com\/et\/intelligent-hydrant\/","title":{"rendered":"Arukas h\u00fcdrant"},"content":{"rendered":"<p>Traditsiooniline tulet\u00f5rjeh\u00fcdrantide haldamine tugineb regulaarsele k\u00e4sitsi kontrollile, mis kulutab t\u00f6\u00f6j\u00f5udu ja materiaalseid ressursse ning millel on halb juhtimism\u00f5ju. Intelligentne tulet\u00f5rjeh\u00fcdrant suudab reaalajas j\u00e4lgida tulet\u00f5rjeh\u00fcdrandi veevarastust, vett, vee puudumist, veesurvet, ebanormaalset kokkup\u00f5rget, vargust ja muid t\u00f6\u00f6tingimusi, t\u00f5husalt j\u00e4lgida tulet\u00f5rjeh\u00fcdrandi veesurve ebapiisavust, tuvastada tundlikult ja t\u00e4pselt \u201evee\u201c ja \u201etulet\u00f5rjeh\u00fcdrandi rikke\u201c probleeme, j\u00e4lgida tulet\u00f5rjeh\u00fcdrandi t\u00f6\u00f6olekut reaalajas ning teha intelligentset anal\u00fc\u00fcsi ja \u00fchtset haldamist.<\/p>\n\n\n\n<figure class=\"wp-block-image size-full\"><img fetchpriority=\"high\" decoding=\"async\" width=\"487\" height=\"295\" src=\"https:\/\/www.ahotech.com\/wp-content\/uploads\/2021\/11\/capacitor-and-battery-combination-1.jpg\" alt=\"kondensaatori ja aku kombinatsioon\" class=\"wp-image-3771\" srcset=\"https:\/\/www.ahotech.com\/wp-content\/uploads\/2021\/11\/capacitor-and-battery-combination-1.jpg 487w, https:\/\/www.ahotech.com\/wp-content\/uploads\/2021\/11\/capacitor-and-battery-combination-1-300x182.jpg 300w\" sizes=\"(max-width: 487px) 100vw, 487px\" \/><\/figure>\n\n\n\n<p>Personal tutvustas, et intelligentsete tulet\u00f5rjeh\u00fcdrantide vee kasutamiseks peab teil olema operaatori juriidiline identiteet ja tulet\u00f5rjeh\u00fcdrandi kork tuleb avada IC-kaardiga. Kui keegi peaks tulet\u00f5rjeh\u00fcdranti ilma p\u00f5hjuseta liigutama, v\u00f5tab intelligentne tulet\u00f5rjeh\u00fcdrandi j\u00e4lgimiss\u00fcsteem vastu h\u00e4ire ja teavitab \u00f5igeaegselt hoolduspersonali. Samal ajal on intelligentne tulet\u00f5rjeh\u00fcdrant GIS-kaardil selgelt positsioneeritud ja ebanormaalne olek on l\u00fchidalt n\u00e4htav, mis teeb tulet\u00f5rjujatel mugavaks l\u00e4hima tavalise tulet\u00f5rjeh\u00fcdrandi kiireks leidmiseks.<\/p>\n\n\n\n<figure class=\"wp-block-image size-full\"><img decoding=\"async\" width=\"800\" height=\"800\" src=\"https:\/\/www.ahotech.com\/wp-content\/uploads\/2021\/11\/low-temperature-batteries.jpg\" alt=\"madala temperatuuriga akud\" class=\"wp-image-3921\" srcset=\"https:\/\/www.ahotech.com\/wp-content\/uploads\/2021\/11\/low-temperature-batteries.jpg 800w, https:\/\/www.ahotech.com\/wp-content\/uploads\/2021\/11\/low-temperature-batteries-300x300.jpg 300w, https:\/\/www.ahotech.com\/wp-content\/uploads\/2021\/11\/low-temperature-batteries-150x150.jpg 150w, https:\/\/www.ahotech.com\/wp-content\/uploads\/2021\/11\/low-temperature-batteries-768x768.jpg 768w, https:\/\/www.ahotech.com\/wp-content\/uploads\/2021\/11\/low-temperature-batteries-600x600.jpg 600w, https:\/\/www.ahotech.com\/wp-content\/uploads\/2021\/11\/low-temperature-batteries-100x100.jpg 100w\" sizes=\"(max-width: 800px) 100vw, 800px\" \/><\/figure>","protected":false},"excerpt":{"rendered":"<p>Traditional fire hydrant management relies on manual regular inspection, which consumes manpower and material resources and has poor management effect. And intelligent fire hydrant can real-time monitor fire hydrant stolen water, water, no water, water pressure, an abnormal collision, theft, and other working condition, can effectively monitor the fire hydrant water pressure is insufficient, sensitive [&hellip;]<\/p>\n","protected":false},"author":1,"featured_media":0,"parent":0,"menu_order":0,"comment_status":"closed","ping_status":"closed","template":"","meta":{"_acf_changed":false,"site-sidebar-layout":"default","site-content-layout":"","ast-site-content-layout":"","site-content-style":"default","site-sidebar-style":"default","ast-global-header-display":"","ast-banner-title-visibility":"","ast-main-header-display":"","ast-hfb-above-header-display":"","ast-hfb-below-header-display":"","ast-hfb-mobile-header-display":"","site-post-title":"","ast-breadcrumbs-content":"","ast-featured-img":"","footer-sml-layout":"","theme-transparent-header-meta":"","adv-header-id-meta":"","stick-header-meta":"","header-above-stick-meta":"","header-main-stick-meta":"","header-below-stick-meta":"","astra-migrate-meta-layouts":"default","ast-page-background-enabled":"default","ast-page-background-meta":{"desktop":{"background-color":"","background-image":"","background-repeat":"repeat","background-position":"center center","background-size":"auto","background-attachment":"scroll","background-type":"","background-media":"","overlay-type":"","overlay-color":"","overlay-opacity":"","overlay-gradient":""},"tablet":{"background-color":"","background-image":"","background-repeat":"repeat","background-position":"center center","background-size":"auto","background-attachment":"scroll","background-type":"","background-media":"","overlay-type":"","overlay-color":"","overlay-opacity":"","overlay-gradient":""},"mobile":{"background-color":"","background-image":"","background-repeat":"repeat","background-position":"center center","background-size":"auto","background-attachment":"scroll","background-type":"","background-media":"","overlay-type":"","overlay-color":"","overlay-opacity":"","overlay-gradient":""}},"ast-content-background-meta":{"desktop":{"background-color":"var(--ast-global-color-5)","background-image":"","background-repeat":"repeat","background-position":"center center","background-size":"auto","background-attachment":"scroll","background-type":"","background-media":"","overlay-type":"","overlay-color":"","overlay-opacity":"","overlay-gradient":""},"tablet":{"background-color":"var(--ast-global-color-5)","background-image":"","background-repeat":"repeat","background-position":"center center","background-size":"auto","background-attachment":"scroll","background-type":"","background-media":"","overlay-type":"","overlay-color":"","overlay-opacity":"","overlay-gradient":""},"mobile":{"background-color":"var(--ast-global-color-5)","background-image":"","background-repeat":"repeat","background-position":"center center","background-size":"auto","background-attachment":"scroll","background-type":"","background-media":"","overlay-type":"","overlay-color":"","overlay-opacity":"","overlay-gradient":""}},"footnotes":""},"class_list":["post-3981","page","type-page","status-publish","hentry"],"acf":[],"yoast_head":"<!-- This site is optimized with the Yoast SEO plugin v27.3 - https:\/\/yoast.com\/product\/yoast-seo-wordpress\/ -->\n<title>Intelligent hydrant - Ahotech.com<\/title>\n<meta name=\"robots\" content=\"index, follow, max-snippet:-1, max-image-preview:large, max-video-preview:-1\" \/>\n<link rel=\"canonical\" href=\"https:\/\/www.ahotech.com\/et\/intelligentne-hudrant\/\" \/>\n<meta property=\"og:locale\" content=\"et_EE\" \/>\n<meta property=\"og:type\" content=\"article\" \/>\n<meta property=\"og:title\" content=\"Intelligent hydrant - Ahotech.com\" \/>\n<meta property=\"og:description\" content=\"Traditional fire hydrant management relies on manual regular inspection, which consumes manpower and material resources and has poor management effect. And intelligent fire hydrant can real-time monitor fire hydrant stolen water, water, no water, water pressure, an abnormal collision, theft, and other working condition, can effectively monitor the fire hydrant water pressure is insufficient, sensitive [&hellip;]\" \/>\n<meta property=\"og:url\" content=\"https:\/\/www.ahotech.com\/et\/intelligentne-hudrant\/\" \/>\n<meta property=\"og:site_name\" content=\"Ahotech.com\" \/>\n<meta property=\"og:image\" content=\"https:\/\/www.ahotech.com\/wp-content\/uploads\/2021\/11\/capacitor-and-battery-combination-1.jpg\" \/>\n<meta name=\"twitter:card\" content=\"summary_large_image\" \/>\n<meta name=\"twitter:label1\" content=\"Est. reading time\" \/>\n\t<meta name=\"twitter:data1\" content=\"2 minutit\" \/>\n<script type=\"application\/ld+json\" class=\"yoast-schema-graph\">{\"@context\":\"https:\\\/\\\/schema.org\",\"@graph\":[{\"@type\":\"WebPage\",\"@id\":\"https:\\\/\\\/de.ahotech.com\\\/intelligenter-hydrant\\\/\",\"url\":\"https:\\\/\\\/de.ahotech.com\\\/intelligenter-hydrant\\\/\",\"name\":\"Intelligent hydrant - Ahotech.com\",\"isPartOf\":{\"@id\":\"https:\\\/\\\/www.ahotech.com\\\/es\\\/#website\"},\"primaryImageOfPage\":{\"@id\":\"https:\\\/\\\/de.ahotech.com\\\/intelligenter-hydrant\\\/#primaryimage\"},\"image\":{\"@id\":\"https:\\\/\\\/de.ahotech.com\\\/intelligenter-hydrant\\\/#primaryimage\"},\"thumbnailUrl\":\"https:\\\/\\\/www.ahotech.com\\\/wp-content\\\/uploads\\\/2021\\\/11\\\/capacitor-and-battery-combination-1.jpg\",\"datePublished\":\"2021-12-06T01:27:44+00:00\",\"breadcrumb\":{\"@id\":\"https:\\\/\\\/de.ahotech.com\\\/intelligenter-hydrant\\\/#breadcrumb\"},\"inLanguage\":\"et\",\"potentialAction\":[{\"@type\":\"ReadAction\",\"target\":[\"https:\\\/\\\/de.ahotech.com\\\/intelligenter-hydrant\\\/\"]}]},{\"@type\":\"ImageObject\",\"inLanguage\":\"et\",\"@id\":\"https:\\\/\\\/de.ahotech.com\\\/intelligenter-hydrant\\\/#primaryimage\",\"url\":\"https:\\\/\\\/www.ahotech.com\\\/wp-content\\\/uploads\\\/2021\\\/11\\\/capacitor-and-battery-combination-1.jpg\",\"contentUrl\":\"https:\\\/\\\/www.ahotech.com\\\/wp-content\\\/uploads\\\/2021\\\/11\\\/capacitor-and-battery-combination-1.jpg\"},{\"@type\":\"BreadcrumbList\",\"@id\":\"https:\\\/\\\/de.ahotech.com\\\/intelligenter-hydrant\\\/#breadcrumb\",\"itemListElement\":[{\"@type\":\"ListItem\",\"position\":1,\"name\":\"Home\",\"item\":\"https:\\\/\\\/de.ahotech.com\\\/\"},{\"@type\":\"ListItem\",\"position\":2,\"name\":\"Intelligent hydrant\"}]},{\"@type\":\"WebSite\",\"@id\":\"https:\\\/\\\/www.ahotech.com\\\/es\\\/#website\",\"url\":\"https:\\\/\\\/www.ahotech.com\\\/es\\\/\",\"name\":\"Ahotech.com\",\"description\":\"lithium battery manufacturers\",\"publisher\":{\"@id\":\"https:\\\/\\\/www.ahotech.com\\\/es\\\/#organization\"},\"potentialAction\":[{\"@type\":\"SearchAction\",\"target\":{\"@type\":\"EntryPoint\",\"urlTemplate\":\"https:\\\/\\\/www.ahotech.com\\\/es\\\/?s={search_term_string}\"},\"query-input\":{\"@type\":\"PropertyValueSpecification\",\"valueRequired\":true,\"valueName\":\"search_term_string\"}}],\"inLanguage\":\"et\"},{\"@type\":\"Organization\",\"@id\":\"https:\\\/\\\/www.ahotech.com\\\/es\\\/#organization\",\"name\":\"Ahotech.com\",\"url\":\"https:\\\/\\\/www.ahotech.com\\\/es\\\/\",\"logo\":{\"@type\":\"ImageObject\",\"inLanguage\":\"et\",\"@id\":\"https:\\\/\\\/www.ahotech.com\\\/es\\\/#\\\/schema\\\/logo\\\/image\\\/\",\"url\":\"https:\\\/\\\/www.ahotech.com\\\/wp-content\\\/uploads\\\/2021\\\/10\\\/battery-site-logo.jpg\",\"contentUrl\":\"https:\\\/\\\/www.ahotech.com\\\/wp-content\\\/uploads\\\/2021\\\/10\\\/battery-site-logo.jpg\",\"width\":1297,\"height\":465,\"caption\":\"Ahotech.com\"},\"image\":{\"@id\":\"https:\\\/\\\/www.ahotech.com\\\/es\\\/#\\\/schema\\\/logo\\\/image\\\/\"}}]}<\/script>\n<!-- \/ Yoast SEO plugin. -->","yoast_head_json":{"title":"Nutikas h\u00fcdrant - Ahotech.com","robots":{"index":"index","follow":"follow","max-snippet":"max-snippet:-1","max-image-preview":"max-image-preview:large","max-video-preview":"max-video-preview:-1"},"canonical":"https:\/\/www.ahotech.com\/et\/intelligentne-hudrant\/","og_locale":"et_EE","og_type":"article","og_title":"Intelligent hydrant - Ahotech.com","og_description":"Traditional fire hydrant management relies on manual regular inspection, which consumes manpower and material resources and has poor management effect. And intelligent fire hydrant can real-time monitor fire hydrant stolen water, water, no water, water pressure, an abnormal collision, theft, and other working condition, can effectively monitor the fire hydrant water pressure is insufficient, sensitive [&hellip;]","og_url":"https:\/\/www.ahotech.com\/et\/intelligentne-hudrant\/","og_site_name":"Ahotech.com","og_image":[{"url":"https:\/\/www.ahotech.com\/wp-content\/uploads\/2021\/11\/capacitor-and-battery-combination-1.jpg","type":"","width":"","height":""}],"twitter_card":"summary_large_image","twitter_misc":{"Est. reading time":"2 minutit"},"schema":{"@context":"https:\/\/schema.org","@graph":[{"@type":"WebPage","@id":"https:\/\/de.ahotech.com\/intelligenter-hydrant\/","url":"https:\/\/de.ahotech.com\/intelligenter-hydrant\/","name":"Nutikas h\u00fcdrant - Ahotech.com","isPartOf":{"@id":"https:\/\/www.ahotech.com\/es\/#website"},"primaryImageOfPage":{"@id":"https:\/\/de.ahotech.com\/intelligenter-hydrant\/#primaryimage"},"image":{"@id":"https:\/\/de.ahotech.com\/intelligenter-hydrant\/#primaryimage"},"thumbnailUrl":"https:\/\/www.ahotech.com\/wp-content\/uploads\/2021\/11\/capacitor-and-battery-combination-1.jpg","datePublished":"2021-12-06T01:27:44+00:00","breadcrumb":{"@id":"https:\/\/de.ahotech.com\/intelligenter-hydrant\/#breadcrumb"},"inLanguage":"et","potentialAction":[{"@type":"ReadAction","target":["https:\/\/de.ahotech.com\/intelligenter-hydrant\/"]}]},{"@type":"ImageObject","inLanguage":"et","@id":"https:\/\/de.ahotech.com\/intelligenter-hydrant\/#primaryimage","url":"https:\/\/www.ahotech.com\/wp-content\/uploads\/2021\/11\/capacitor-and-battery-combination-1.jpg","contentUrl":"https:\/\/www.ahotech.com\/wp-content\/uploads\/2021\/11\/capacitor-and-battery-combination-1.jpg"},{"@type":"BreadcrumbList","@id":"https:\/\/de.ahotech.com\/intelligenter-hydrant\/#breadcrumb","itemListElement":[{"@type":"ListItem","position":1,"name":"Home","item":"https:\/\/de.ahotech.com\/"},{"@type":"ListItem","position":2,"name":"Intelligent hydrant"}]},{"@type":"WebSite","@id":"https:\/\/www.ahotech.com\/es\/#website","url":"https:\/\/www.ahotech.com\/es\/","name":"Ahotech.com","description":"liitiumakude tootjad","publisher":{"@id":"https:\/\/www.ahotech.com\/es\/#organization"},"potentialAction":[{"@type":"SearchAction","target":{"@type":"EntryPoint","urlTemplate":"https:\/\/www.ahotech.com\/es\/?s={search_term_string}"},"query-input":{"@type":"PropertyValueSpecification","valueRequired":true,"valueName":"search_term_string"}}],"inLanguage":"et"},{"@type":"Organization","@id":"https:\/\/www.ahotech.com\/es\/#organization","name":"Ahotech.com","url":"https:\/\/www.ahotech.com\/es\/","logo":{"@type":"ImageObject","inLanguage":"et","@id":"https:\/\/www.ahotech.com\/es\/#\/schema\/logo\/image\/","url":"https:\/\/www.ahotech.com\/wp-content\/uploads\/2021\/10\/battery-site-logo.jpg","contentUrl":"https:\/\/www.ahotech.com\/wp-content\/uploads\/2021\/10\/battery-site-logo.jpg","width":1297,"height":465,"caption":"Ahotech.com"},"image":{"@id":"https:\/\/www.ahotech.com\/es\/#\/schema\/logo\/image\/"}}]}},"_links":{"self":[{"href":"https:\/\/www.ahotech.com\/et\/wp-json\/wp\/v2\/pages\/3981","targetHints":{"allow":["GET"]}}],"collection":[{"href":"https:\/\/www.ahotech.com\/et\/wp-json\/wp\/v2\/pages"}],"about":[{"href":"https:\/\/www.ahotech.com\/et\/wp-json\/wp\/v2\/types\/page"}],"author":[{"embeddable":true,"href":"https:\/\/www.ahotech.com\/et\/wp-json\/wp\/v2\/users\/1"}],"replies":[{"embeddable":true,"href":"https:\/\/www.ahotech.com\/et\/wp-json\/wp\/v2\/comments?post=3981"}],"version-history":[{"count":1,"href":"https:\/\/www.ahotech.com\/et\/wp-json\/wp\/v2\/pages\/3981\/revisions"}],"predecessor-version":[{"id":3983,"href":"https:\/\/www.ahotech.com\/et\/wp-json\/wp\/v2\/pages\/3981\/revisions\/3983"}],"wp:attachment":[{"href":"https:\/\/www.ahotech.com\/et\/wp-json\/wp\/v2\/media?parent=3981"}],"curies":[{"name":"t\u00f6\u00f6leht","href":"https:\/\/api.w.org\/{rel}","templated":true}]}}