{"id":3978,"date":"2021-12-06T01:20:53","date_gmt":"2021-12-06T01:20:53","guid":{"rendered":"https:\/\/www.ahotech.com\/?page_id=3978"},"modified":"2021-12-06T01:20:53","modified_gmt":"2021-12-06T01:20:53","slug":"iot-akude-rakendamine","status":"publish","type":"page","link":"https:\/\/www.ahotech.com\/et\/the-application-of-iot-batteries\/","title":{"rendered":"Asjade interneti akude kasutamine"},"content":{"rendered":"<p>Asjade internet (IoT) on v\u00f5rgustik, mis \u00fchendab andureid, kontrollereid, masinaid, inimesi ja asju uuel viisil kommunikatsioonitehnoloogiate, n\u00e4iteks kohtv\u00f5rgu v\u00f5i interneti abil, luues \u00fchenduse inimeste ja asjade vahel, realiseerides informatiseerimist, kaugjuhtimist ja intelligentsust.<\/p>\n\n\n\n<figure class=\"wp-block-image size-full\"><img fetchpriority=\"high\" decoding=\"async\" width=\"640\" height=\"360\" src=\"https:\/\/www.ahotech.com\/wp-content\/uploads\/2021\/11\/combine-battery-and-capacitor-for-energy-storage-1.jpg\" alt=\"Energia salvestamiseks \u00fchendage aku ja kondensaator\" class=\"wp-image-3770\" srcset=\"https:\/\/www.ahotech.com\/wp-content\/uploads\/2021\/11\/combine-battery-and-capacitor-for-energy-storage-1.jpg 640w, https:\/\/www.ahotech.com\/wp-content\/uploads\/2021\/11\/combine-battery-and-capacitor-for-energy-storage-1-300x169.jpg 300w, https:\/\/www.ahotech.com\/wp-content\/uploads\/2021\/11\/combine-battery-and-capacitor-for-energy-storage-1-600x338.jpg 600w\" sizes=\"(max-width: 640px) 100vw, 640px\" \/><\/figure>\n\n\n\n<p>Asjade internetti nimetatakse arvutite ja interneti j\u00e4rel maailma infot\u00f6\u00f6stuse kolmandaks laineks. \u00dchelt poolt v\u00f5ib asjade internet parandada majanduslikku kasu ja oluliselt kulusid kokku hoida; teiselt poolt v\u00f5ib see anda tehnoloogilise t\u00f5uke maailmamajanduse taastumiseks. Praegu investeerivad Ameerika \u00dchendriigid, Euroopa Liit, Hiina ja teised riigid suuri investeeringuid ja kehtestavad rea poliitikaid t\u00f6\u00f6stusarengu toetamiseks ja asjade interneti industrialiseerimisprotsessi kiirendamiseks.<\/p>\n\n\n\n<p>Praegu arendavad paljud valdkonnad oma t\u00f6\u00f6stusrakendusi ja suletud ahela rakendusi asjade interneti \u00fcmber. Nende t\u00f6\u00f6stusharude edukate n\u00e4idete kohaselt on laialdaselt saadaval suur hulk liitiumakusid, sealhulgas GPS-navigatsioon, aktiivne RFID jne.<\/p>","protected":false},"excerpt":{"rendered":"<p>The Internet of Things (IOT) is a network that connects sensors, controllers, machines, people and things in a new way by means of communication technologies such as local network or Internet, forming the connection between people and things and things, realizing informatization, remote management control and intelligence. The Internet of Things is called the third [&hellip;]<\/p>\n","protected":false},"author":1,"featured_media":0,"parent":0,"menu_order":0,"comment_status":"closed","ping_status":"closed","template":"","meta":{"_acf_changed":false,"site-sidebar-layout":"default","site-content-layout":"","ast-site-content-layout":"","site-content-style":"default","site-sidebar-style":"default","ast-global-header-display":"","ast-banner-title-visibility":"","ast-main-header-display":"","ast-hfb-above-header-display":"","ast-hfb-below-header-display":"","ast-hfb-mobile-header-display":"","site-post-title":"","ast-breadcrumbs-content":"","ast-featured-img":"","footer-sml-layout":"","theme-transparent-header-meta":"","adv-header-id-meta":"","stick-header-meta":"","header-above-stick-meta":"","header-main-stick-meta":"","header-below-stick-meta":"","astra-migrate-meta-layouts":"default","ast-page-background-enabled":"default","ast-page-background-meta":{"desktop":{"background-color":"","background-image":"","background-repeat":"repeat","background-position":"center center","background-size":"auto","background-attachment":"scroll","background-type":"","background-media":"","overlay-type":"","overlay-color":"","overlay-opacity":"","overlay-gradient":""},"tablet":{"background-color":"","background-image":"","background-repeat":"repeat","background-position":"center center","background-size":"auto","background-attachment":"scroll","background-type":"","background-media":"","overlay-type":"","overlay-color":"","overlay-opacity":"","overlay-gradient":""},"mobile":{"background-color":"","background-image":"","background-repeat":"repeat","background-position":"center center","background-size":"auto","background-attachment":"scroll","background-type":"","background-media":"","overlay-type":"","overlay-color":"","overlay-opacity":"","overlay-gradient":""}},"ast-content-background-meta":{"desktop":{"background-color":"var(--ast-global-color-5)","background-image":"","background-repeat":"repeat","background-position":"center center","background-size":"auto","background-attachment":"scroll","background-type":"","background-media":"","overlay-type":"","overlay-color":"","overlay-opacity":"","overlay-gradient":""},"tablet":{"background-color":"var(--ast-global-color-5)","background-image":"","background-repeat":"repeat","background-position":"center center","background-size":"auto","background-attachment":"scroll","background-type":"","background-media":"","overlay-type":"","overlay-color":"","overlay-opacity":"","overlay-gradient":""},"mobile":{"background-color":"var(--ast-global-color-5)","background-image":"","background-repeat":"repeat","background-position":"center center","background-size":"auto","background-attachment":"scroll","background-type":"","background-media":"","overlay-type":"","overlay-color":"","overlay-opacity":"","overlay-gradient":""}},"footnotes":""},"class_list":["post-3978","page","type-page","status-publish","hentry"],"acf":[],"yoast_head":"<!-- This site is optimized with the Yoast SEO plugin v27.3 - https:\/\/yoast.com\/product\/yoast-seo-wordpress\/ -->\n<title>The application of iot batteries - Ahotech.com<\/title>\n<meta name=\"robots\" content=\"index, follow, max-snippet:-1, max-image-preview:large, max-video-preview:-1\" \/>\n<link rel=\"canonical\" href=\"https:\/\/www.ahotech.com\/et\/iot-akude-rakendamine\/\" \/>\n<meta property=\"og:locale\" content=\"et_EE\" \/>\n<meta property=\"og:type\" content=\"article\" \/>\n<meta property=\"og:title\" content=\"The application of iot batteries - Ahotech.com\" \/>\n<meta property=\"og:description\" content=\"The Internet of Things (IOT) is a network that connects sensors, controllers, machines, people and things in a new way by means of communication technologies such as local network or Internet, forming the connection between people and things and things, realizing informatization, remote management control and intelligence. The Internet of Things is called the third [&hellip;]\" \/>\n<meta property=\"og:url\" content=\"https:\/\/www.ahotech.com\/et\/iot-akude-rakendamine\/\" \/>\n<meta property=\"og:site_name\" content=\"Ahotech.com\" \/>\n<meta property=\"og:image\" content=\"https:\/\/www.ahotech.com\/wp-content\/uploads\/2021\/11\/combine-battery-and-capacitor-for-energy-storage-1.jpg\" \/>\n<meta name=\"twitter:card\" content=\"summary_large_image\" \/>\n<meta name=\"twitter:label1\" content=\"Est. reading time\" \/>\n\t<meta name=\"twitter:data1\" content=\"1 minut\" \/>\n<script type=\"application\/ld+json\" class=\"yoast-schema-graph\">{\"@context\":\"https:\\\/\\\/schema.org\",\"@graph\":[{\"@type\":\"WebPage\",\"@id\":\"https:\\\/\\\/de.ahotech.com\\\/die-anwendung-von-iot-batterien\\\/\",\"url\":\"https:\\\/\\\/de.ahotech.com\\\/die-anwendung-von-iot-batterien\\\/\",\"name\":\"The application of iot batteries - Ahotech.com\",\"isPartOf\":{\"@id\":\"https:\\\/\\\/www.ahotech.com\\\/#website\"},\"primaryImageOfPage\":{\"@id\":\"https:\\\/\\\/de.ahotech.com\\\/die-anwendung-von-iot-batterien\\\/#primaryimage\"},\"image\":{\"@id\":\"https:\\\/\\\/de.ahotech.com\\\/die-anwendung-von-iot-batterien\\\/#primaryimage\"},\"thumbnailUrl\":\"https:\\\/\\\/www.ahotech.com\\\/wp-content\\\/uploads\\\/2021\\\/11\\\/combine-battery-and-capacitor-for-energy-storage-1.jpg\",\"datePublished\":\"2021-12-06T01:20:53+00:00\",\"breadcrumb\":{\"@id\":\"https:\\\/\\\/de.ahotech.com\\\/die-anwendung-von-iot-batterien\\\/#breadcrumb\"},\"inLanguage\":\"et\",\"potentialAction\":[{\"@type\":\"ReadAction\",\"target\":[\"https:\\\/\\\/de.ahotech.com\\\/die-anwendung-von-iot-batterien\\\/\"]}]},{\"@type\":\"ImageObject\",\"inLanguage\":\"et\",\"@id\":\"https:\\\/\\\/de.ahotech.com\\\/die-anwendung-von-iot-batterien\\\/#primaryimage\",\"url\":\"https:\\\/\\\/www.ahotech.com\\\/wp-content\\\/uploads\\\/2021\\\/11\\\/combine-battery-and-capacitor-for-energy-storage-1.jpg\",\"contentUrl\":\"https:\\\/\\\/www.ahotech.com\\\/wp-content\\\/uploads\\\/2021\\\/11\\\/combine-battery-and-capacitor-for-energy-storage-1.jpg\"},{\"@type\":\"BreadcrumbList\",\"@id\":\"https:\\\/\\\/de.ahotech.com\\\/die-anwendung-von-iot-batterien\\\/#breadcrumb\",\"itemListElement\":[{\"@type\":\"ListItem\",\"position\":1,\"name\":\"Home\",\"item\":\"https:\\\/\\\/de.ahotech.com\\\/\"},{\"@type\":\"ListItem\",\"position\":2,\"name\":\"The application of iot batteries\"}]},{\"@type\":\"WebSite\",\"@id\":\"https:\\\/\\\/www.ahotech.com\\\/#website\",\"url\":\"https:\\\/\\\/www.ahotech.com\\\/\",\"name\":\"Ahotech.com\",\"description\":\"lithium battery manufacturers\",\"publisher\":{\"@id\":\"https:\\\/\\\/www.ahotech.com\\\/#organization\"},\"potentialAction\":[{\"@type\":\"SearchAction\",\"target\":{\"@type\":\"EntryPoint\",\"urlTemplate\":\"https:\\\/\\\/www.ahotech.com\\\/?s={search_term_string}\"},\"query-input\":{\"@type\":\"PropertyValueSpecification\",\"valueRequired\":true,\"valueName\":\"search_term_string\"}}],\"inLanguage\":\"et\"},{\"@type\":\"Organization\",\"@id\":\"https:\\\/\\\/www.ahotech.com\\\/#organization\",\"name\":\"Ahotech.com\",\"url\":\"https:\\\/\\\/www.ahotech.com\\\/\",\"logo\":{\"@type\":\"ImageObject\",\"inLanguage\":\"et\",\"@id\":\"https:\\\/\\\/www.ahotech.com\\\/#\\\/schema\\\/logo\\\/image\\\/\",\"url\":\"https:\\\/\\\/www.ahotech.com\\\/wp-content\\\/uploads\\\/2021\\\/10\\\/battery-site-logo.jpg\",\"contentUrl\":\"https:\\\/\\\/www.ahotech.com\\\/wp-content\\\/uploads\\\/2021\\\/10\\\/battery-site-logo.jpg\",\"width\":1297,\"height\":465,\"caption\":\"Ahotech.com\"},\"image\":{\"@id\":\"https:\\\/\\\/www.ahotech.com\\\/#\\\/schema\\\/logo\\\/image\\\/\"}}]}<\/script>\n<!-- \/ Yoast SEO plugin. -->","yoast_head_json":{"title":"Asjade interneti akude kasutamine - Ahotech.com","robots":{"index":"index","follow":"follow","max-snippet":"max-snippet:-1","max-image-preview":"max-image-preview:large","max-video-preview":"max-video-preview:-1"},"canonical":"https:\/\/www.ahotech.com\/et\/iot-akude-rakendamine\/","og_locale":"et_EE","og_type":"article","og_title":"The application of iot batteries - Ahotech.com","og_description":"The Internet of Things (IOT) is a network that connects sensors, controllers, machines, people and things in a new way by means of communication technologies such as local network or Internet, forming the connection between people and things and things, realizing informatization, remote management control and intelligence. The Internet of Things is called the third [&hellip;]","og_url":"https:\/\/www.ahotech.com\/et\/iot-akude-rakendamine\/","og_site_name":"Ahotech.com","og_image":[{"url":"https:\/\/www.ahotech.com\/wp-content\/uploads\/2021\/11\/combine-battery-and-capacitor-for-energy-storage-1.jpg","type":"","width":"","height":""}],"twitter_card":"summary_large_image","twitter_misc":{"Est. reading time":"1 minut"},"schema":{"@context":"https:\/\/schema.org","@graph":[{"@type":"WebPage","@id":"https:\/\/de.ahotech.com\/die-anwendung-von-iot-batterien\/","url":"https:\/\/de.ahotech.com\/die-anwendung-von-iot-batterien\/","name":"Asjade interneti akude kasutamine - Ahotech.com","isPartOf":{"@id":"https:\/\/www.ahotech.com\/#website"},"primaryImageOfPage":{"@id":"https:\/\/de.ahotech.com\/die-anwendung-von-iot-batterien\/#primaryimage"},"image":{"@id":"https:\/\/de.ahotech.com\/die-anwendung-von-iot-batterien\/#primaryimage"},"thumbnailUrl":"https:\/\/www.ahotech.com\/wp-content\/uploads\/2021\/11\/combine-battery-and-capacitor-for-energy-storage-1.jpg","datePublished":"2021-12-06T01:20:53+00:00","breadcrumb":{"@id":"https:\/\/de.ahotech.com\/die-anwendung-von-iot-batterien\/#breadcrumb"},"inLanguage":"et","potentialAction":[{"@type":"ReadAction","target":["https:\/\/de.ahotech.com\/die-anwendung-von-iot-batterien\/"]}]},{"@type":"ImageObject","inLanguage":"et","@id":"https:\/\/de.ahotech.com\/die-anwendung-von-iot-batterien\/#primaryimage","url":"https:\/\/www.ahotech.com\/wp-content\/uploads\/2021\/11\/combine-battery-and-capacitor-for-energy-storage-1.jpg","contentUrl":"https:\/\/www.ahotech.com\/wp-content\/uploads\/2021\/11\/combine-battery-and-capacitor-for-energy-storage-1.jpg"},{"@type":"BreadcrumbList","@id":"https:\/\/de.ahotech.com\/die-anwendung-von-iot-batterien\/#breadcrumb","itemListElement":[{"@type":"ListItem","position":1,"name":"Home","item":"https:\/\/de.ahotech.com\/"},{"@type":"ListItem","position":2,"name":"The application of iot batteries"}]},{"@type":"WebSite","@id":"https:\/\/www.ahotech.com\/#website","url":"https:\/\/www.ahotech.com\/","name":"Ahotech.com","description":"liitiumakude tootjad","publisher":{"@id":"https:\/\/www.ahotech.com\/#organization"},"potentialAction":[{"@type":"SearchAction","target":{"@type":"EntryPoint","urlTemplate":"https:\/\/www.ahotech.com\/?s={search_term_string}"},"query-input":{"@type":"PropertyValueSpecification","valueRequired":true,"valueName":"search_term_string"}}],"inLanguage":"et"},{"@type":"Organization","@id":"https:\/\/www.ahotech.com\/#organization","name":"Ahotech.com","url":"https:\/\/www.ahotech.com\/","logo":{"@type":"ImageObject","inLanguage":"et","@id":"https:\/\/www.ahotech.com\/#\/schema\/logo\/image\/","url":"https:\/\/www.ahotech.com\/wp-content\/uploads\/2021\/10\/battery-site-logo.jpg","contentUrl":"https:\/\/www.ahotech.com\/wp-content\/uploads\/2021\/10\/battery-site-logo.jpg","width":1297,"height":465,"caption":"Ahotech.com"},"image":{"@id":"https:\/\/www.ahotech.com\/#\/schema\/logo\/image\/"}}]}},"_links":{"self":[{"href":"https:\/\/www.ahotech.com\/et\/wp-json\/wp\/v2\/pages\/3978","targetHints":{"allow":["GET"]}}],"collection":[{"href":"https:\/\/www.ahotech.com\/et\/wp-json\/wp\/v2\/pages"}],"about":[{"href":"https:\/\/www.ahotech.com\/et\/wp-json\/wp\/v2\/types\/page"}],"author":[{"embeddable":true,"href":"https:\/\/www.ahotech.com\/et\/wp-json\/wp\/v2\/users\/1"}],"replies":[{"embeddable":true,"href":"https:\/\/www.ahotech.com\/et\/wp-json\/wp\/v2\/comments?post=3978"}],"version-history":[{"count":1,"href":"https:\/\/www.ahotech.com\/et\/wp-json\/wp\/v2\/pages\/3978\/revisions"}],"predecessor-version":[{"id":3980,"href":"https:\/\/www.ahotech.com\/et\/wp-json\/wp\/v2\/pages\/3978\/revisions\/3980"}],"wp:attachment":[{"href":"https:\/\/www.ahotech.com\/et\/wp-json\/wp\/v2\/media?parent=3978"}],"curies":[{"name":"t\u00f6\u00f6leht","href":"https:\/\/api.w.org\/{rel}","templated":true}]}}