{"id":3975,"date":"2021-12-06T01:17:40","date_gmt":"2021-12-06T01:17:40","guid":{"rendered":"https:\/\/www.ahotech.com\/?page_id=3975"},"modified":"2021-12-06T01:17:41","modified_gmt":"2021-12-06T01:17:41","slug":"olilahuste-intelligentne-tuvastamine","status":"publish","type":"page","link":"https:\/\/www.ahotech.com\/et\/intelligent-detection-of-oil-solutions\/","title":{"rendered":"\u00d5lilahuste intelligentne tuvastamine"},"content":{"rendered":"<p>Nafta uurimise ja kaevandamise t\u00f6\u00f6stuses kasutatakse elektroonikat laialdaselt naftainstrumentides ja -seadmetes ning seda toetav k\u00f5rgtemperatuuriline aku on ilmunud \u00f5igel ajal. Langshengi k\u00f5rgtemperatuuriline aku mitte ainult ei kohane oma \u00e4\u00e4rmiselt k\u00f5rge temperatuuriga keskkonnaga, vaid on ka ohutu ja stabiilne ning pika kasutuseaga.<\/p>\n\n\n\n<p>Langshengi liitiumprimaark\u00f5rgtemperatuurilised aku (165 kraadi) suudavad asendada sarnaseid v\u00e4lismaiseid tooteid, kompenseerida kodumaiste k\u00f5rgtemperatuuriliste liitiumakude standardite puuduj\u00e4\u00e4ke ja kehtestada kodumaiste k\u00f5rgtemperatuuriliste liitiumakude ettev\u00f5ttestandardi. Br\u00e4ndiga \u201eLONG SING\u201c on ettev\u00f5te edukalt avanud laia turu P\u00f5hja-Ameerikas ja L\u00e4his-Idas ning on saanud kuulsaks Hiina liitiumakude kaubam\u00e4rgiks Ameerika \u00dchendriikides.<\/p>\n\n\n\n<figure class=\"wp-block-image size-full\"><img fetchpriority=\"high\" decoding=\"async\" width=\"593\" height=\"378\" src=\"https:\/\/www.ahotech.com\/wp-content\/uploads\/2021\/11\/capacitor-and-battery-combination.jpg\" alt=\"kondensaatori ja aku kombinatsioon\" class=\"wp-image-3769\" srcset=\"https:\/\/www.ahotech.com\/wp-content\/uploads\/2021\/11\/capacitor-and-battery-combination.jpg 593w, https:\/\/www.ahotech.com\/wp-content\/uploads\/2021\/11\/capacitor-and-battery-combination-300x191.jpg 300w\" sizes=\"(max-width: 593px) 100vw, 593px\" \/><\/figure>","protected":false},"excerpt":{"rendered":"<p>In the petroleum exploration and exploitation industry, electronic technology is widely used in petroleum instruments and equipment, and the high-temperature battery supporting it has emerged at the right moment. Langsheng high-temperature battery can not only adapt to its extremely high-temperature environment, but also be safe and stable, and have a long service life. Langsheng lithium [&hellip;]<\/p>\n","protected":false},"author":1,"featured_media":0,"parent":0,"menu_order":0,"comment_status":"closed","ping_status":"closed","template":"","meta":{"_acf_changed":false,"site-sidebar-layout":"default","site-content-layout":"","ast-site-content-layout":"","site-content-style":"default","site-sidebar-style":"default","ast-global-header-display":"","ast-banner-title-visibility":"","ast-main-header-display":"","ast-hfb-above-header-display":"","ast-hfb-below-header-display":"","ast-hfb-mobile-header-display":"","site-post-title":"","ast-breadcrumbs-content":"","ast-featured-img":"","footer-sml-layout":"","theme-transparent-header-meta":"","adv-header-id-meta":"","stick-header-meta":"","header-above-stick-meta":"","header-main-stick-meta":"","header-below-stick-meta":"","astra-migrate-meta-layouts":"default","ast-page-background-enabled":"default","ast-page-background-meta":{"desktop":{"background-color":"","background-image":"","background-repeat":"repeat","background-position":"center center","background-size":"auto","background-attachment":"scroll","background-type":"","background-media":"","overlay-type":"","overlay-color":"","overlay-opacity":"","overlay-gradient":""},"tablet":{"background-color":"","background-image":"","background-repeat":"repeat","background-position":"center center","background-size":"auto","background-attachment":"scroll","background-type":"","background-media":"","overlay-type":"","overlay-color":"","overlay-opacity":"","overlay-gradient":""},"mobile":{"background-color":"","background-image":"","background-repeat":"repeat","background-position":"center center","background-size":"auto","background-attachment":"scroll","background-type":"","background-media":"","overlay-type":"","overlay-color":"","overlay-opacity":"","overlay-gradient":""}},"ast-content-background-meta":{"desktop":{"background-color":"var(--ast-global-color-5)","background-image":"","background-repeat":"repeat","background-position":"center center","background-size":"auto","background-attachment":"scroll","background-type":"","background-media":"","overlay-type":"","overlay-color":"","overlay-opacity":"","overlay-gradient":""},"tablet":{"background-color":"var(--ast-global-color-5)","background-image":"","background-repeat":"repeat","background-position":"center center","background-size":"auto","background-attachment":"scroll","background-type":"","background-media":"","overlay-type":"","overlay-color":"","overlay-opacity":"","overlay-gradient":""},"mobile":{"background-color":"var(--ast-global-color-5)","background-image":"","background-repeat":"repeat","background-position":"center center","background-size":"auto","background-attachment":"scroll","background-type":"","background-media":"","overlay-type":"","overlay-color":"","overlay-opacity":"","overlay-gradient":""}},"footnotes":""},"class_list":["post-3975","page","type-page","status-publish","hentry"],"acf":[],"yoast_head":"<!-- This site is optimized with the Yoast SEO plugin v27.3 - https:\/\/yoast.com\/product\/yoast-seo-wordpress\/ -->\n<title>Intelligent detection of oil solutions - Ahotech.com<\/title>\n<meta name=\"robots\" content=\"index, follow, max-snippet:-1, max-image-preview:large, max-video-preview:-1\" \/>\n<link rel=\"canonical\" href=\"https:\/\/www.ahotech.com\/et\/olilahuste-intelligentne-tuvastamine\/\" \/>\n<meta property=\"og:locale\" content=\"et_EE\" \/>\n<meta property=\"og:type\" content=\"article\" \/>\n<meta property=\"og:title\" content=\"Intelligent detection of oil solutions - Ahotech.com\" \/>\n<meta property=\"og:description\" content=\"In the petroleum exploration and exploitation industry, electronic technology is widely used in petroleum instruments and equipment, and the high-temperature battery supporting it has emerged at the right moment. Langsheng high-temperature battery can not only adapt to its extremely high-temperature environment, but also be safe and stable, and have a long service life. Langsheng lithium [&hellip;]\" \/>\n<meta property=\"og:url\" content=\"https:\/\/www.ahotech.com\/et\/olilahuste-intelligentne-tuvastamine\/\" \/>\n<meta property=\"og:site_name\" content=\"Ahotech.com\" \/>\n<meta property=\"article:modified_time\" content=\"2021-12-06T01:17:41+00:00\" \/>\n<meta property=\"og:image\" content=\"https:\/\/www.ahotech.com\/wp-content\/uploads\/2021\/11\/capacitor-and-battery-combination.jpg\" \/>\n<meta name=\"twitter:card\" content=\"summary_large_image\" \/>\n<meta name=\"twitter:label1\" content=\"Est. reading time\" \/>\n\t<meta name=\"twitter:data1\" content=\"1 minut\" \/>\n<script type=\"application\/ld+json\" class=\"yoast-schema-graph\">{\"@context\":\"https:\\\/\\\/schema.org\",\"@graph\":[{\"@type\":\"WebPage\",\"@id\":\"https:\\\/\\\/de.ahotech.com\\\/intelligente-erkennung-von-ollosungen\\\/\",\"url\":\"https:\\\/\\\/de.ahotech.com\\\/intelligente-erkennung-von-ollosungen\\\/\",\"name\":\"Intelligent detection of oil solutions - Ahotech.com\",\"isPartOf\":{\"@id\":\"https:\\\/\\\/www.ahotech.com\\\/es\\\/#website\"},\"primaryImageOfPage\":{\"@id\":\"https:\\\/\\\/de.ahotech.com\\\/intelligente-erkennung-von-ollosungen\\\/#primaryimage\"},\"image\":{\"@id\":\"https:\\\/\\\/de.ahotech.com\\\/intelligente-erkennung-von-ollosungen\\\/#primaryimage\"},\"thumbnailUrl\":\"https:\\\/\\\/www.ahotech.com\\\/wp-content\\\/uploads\\\/2021\\\/11\\\/capacitor-and-battery-combination.jpg\",\"datePublished\":\"2021-12-06T01:17:40+00:00\",\"dateModified\":\"2021-12-06T01:17:41+00:00\",\"breadcrumb\":{\"@id\":\"https:\\\/\\\/de.ahotech.com\\\/intelligente-erkennung-von-ollosungen\\\/#breadcrumb\"},\"inLanguage\":\"et\",\"potentialAction\":[{\"@type\":\"ReadAction\",\"target\":[\"https:\\\/\\\/de.ahotech.com\\\/intelligente-erkennung-von-ollosungen\\\/\"]}]},{\"@type\":\"ImageObject\",\"inLanguage\":\"et\",\"@id\":\"https:\\\/\\\/de.ahotech.com\\\/intelligente-erkennung-von-ollosungen\\\/#primaryimage\",\"url\":\"https:\\\/\\\/www.ahotech.com\\\/wp-content\\\/uploads\\\/2021\\\/11\\\/capacitor-and-battery-combination.jpg\",\"contentUrl\":\"https:\\\/\\\/www.ahotech.com\\\/wp-content\\\/uploads\\\/2021\\\/11\\\/capacitor-and-battery-combination.jpg\"},{\"@type\":\"BreadcrumbList\",\"@id\":\"https:\\\/\\\/de.ahotech.com\\\/intelligente-erkennung-von-ollosungen\\\/#breadcrumb\",\"itemListElement\":[{\"@type\":\"ListItem\",\"position\":1,\"name\":\"Home\",\"item\":\"https:\\\/\\\/de.ahotech.com\\\/\"},{\"@type\":\"ListItem\",\"position\":2,\"name\":\"Intelligent detection of oil solutions\"}]},{\"@type\":\"WebSite\",\"@id\":\"https:\\\/\\\/www.ahotech.com\\\/es\\\/#website\",\"url\":\"https:\\\/\\\/www.ahotech.com\\\/es\\\/\",\"name\":\"Ahotech.com\",\"description\":\"lithium battery manufacturers\",\"publisher\":{\"@id\":\"https:\\\/\\\/www.ahotech.com\\\/es\\\/#organization\"},\"potentialAction\":[{\"@type\":\"SearchAction\",\"target\":{\"@type\":\"EntryPoint\",\"urlTemplate\":\"https:\\\/\\\/www.ahotech.com\\\/es\\\/?s={search_term_string}\"},\"query-input\":{\"@type\":\"PropertyValueSpecification\",\"valueRequired\":true,\"valueName\":\"search_term_string\"}}],\"inLanguage\":\"et\"},{\"@type\":\"Organization\",\"@id\":\"https:\\\/\\\/www.ahotech.com\\\/es\\\/#organization\",\"name\":\"Ahotech.com\",\"url\":\"https:\\\/\\\/www.ahotech.com\\\/es\\\/\",\"logo\":{\"@type\":\"ImageObject\",\"inLanguage\":\"et\",\"@id\":\"https:\\\/\\\/www.ahotech.com\\\/es\\\/#\\\/schema\\\/logo\\\/image\\\/\",\"url\":\"https:\\\/\\\/www.ahotech.com\\\/wp-content\\\/uploads\\\/2021\\\/10\\\/battery-site-logo.jpg\",\"contentUrl\":\"https:\\\/\\\/www.ahotech.com\\\/wp-content\\\/uploads\\\/2021\\\/10\\\/battery-site-logo.jpg\",\"width\":1297,\"height\":465,\"caption\":\"Ahotech.com\"},\"image\":{\"@id\":\"https:\\\/\\\/www.ahotech.com\\\/es\\\/#\\\/schema\\\/logo\\\/image\\\/\"}}]}<\/script>\n<!-- \/ Yoast SEO plugin. -->","yoast_head_json":{"title":"\u00d5lilahuste intelligentne tuvastamine - Ahotech.com","robots":{"index":"index","follow":"follow","max-snippet":"max-snippet:-1","max-image-preview":"max-image-preview:large","max-video-preview":"max-video-preview:-1"},"canonical":"https:\/\/www.ahotech.com\/et\/olilahuste-intelligentne-tuvastamine\/","og_locale":"et_EE","og_type":"article","og_title":"Intelligent detection of oil solutions - Ahotech.com","og_description":"In the petroleum exploration and exploitation industry, electronic technology is widely used in petroleum instruments and equipment, and the high-temperature battery supporting it has emerged at the right moment. Langsheng high-temperature battery can not only adapt to its extremely high-temperature environment, but also be safe and stable, and have a long service life. Langsheng lithium [&hellip;]","og_url":"https:\/\/www.ahotech.com\/et\/olilahuste-intelligentne-tuvastamine\/","og_site_name":"Ahotech.com","article_modified_time":"2021-12-06T01:17:41+00:00","og_image":[{"url":"https:\/\/www.ahotech.com\/wp-content\/uploads\/2021\/11\/capacitor-and-battery-combination.jpg","type":"","width":"","height":""}],"twitter_card":"summary_large_image","twitter_misc":{"Est. reading time":"1 minut"},"schema":{"@context":"https:\/\/schema.org","@graph":[{"@type":"WebPage","@id":"https:\/\/de.ahotech.com\/intelligente-erkennung-von-ollosungen\/","url":"https:\/\/de.ahotech.com\/intelligente-erkennung-von-ollosungen\/","name":"\u00d5lilahuste intelligentne tuvastamine - Ahotech.com","isPartOf":{"@id":"https:\/\/www.ahotech.com\/es\/#website"},"primaryImageOfPage":{"@id":"https:\/\/de.ahotech.com\/intelligente-erkennung-von-ollosungen\/#primaryimage"},"image":{"@id":"https:\/\/de.ahotech.com\/intelligente-erkennung-von-ollosungen\/#primaryimage"},"thumbnailUrl":"https:\/\/www.ahotech.com\/wp-content\/uploads\/2021\/11\/capacitor-and-battery-combination.jpg","datePublished":"2021-12-06T01:17:40+00:00","dateModified":"2021-12-06T01:17:41+00:00","breadcrumb":{"@id":"https:\/\/de.ahotech.com\/intelligente-erkennung-von-ollosungen\/#breadcrumb"},"inLanguage":"et","potentialAction":[{"@type":"ReadAction","target":["https:\/\/de.ahotech.com\/intelligente-erkennung-von-ollosungen\/"]}]},{"@type":"ImageObject","inLanguage":"et","@id":"https:\/\/de.ahotech.com\/intelligente-erkennung-von-ollosungen\/#primaryimage","url":"https:\/\/www.ahotech.com\/wp-content\/uploads\/2021\/11\/capacitor-and-battery-combination.jpg","contentUrl":"https:\/\/www.ahotech.com\/wp-content\/uploads\/2021\/11\/capacitor-and-battery-combination.jpg"},{"@type":"BreadcrumbList","@id":"https:\/\/de.ahotech.com\/intelligente-erkennung-von-ollosungen\/#breadcrumb","itemListElement":[{"@type":"ListItem","position":1,"name":"Home","item":"https:\/\/de.ahotech.com\/"},{"@type":"ListItem","position":2,"name":"Intelligent detection of oil solutions"}]},{"@type":"WebSite","@id":"https:\/\/www.ahotech.com\/es\/#website","url":"https:\/\/www.ahotech.com\/es\/","name":"Ahotech.com","description":"liitiumakude tootjad","publisher":{"@id":"https:\/\/www.ahotech.com\/es\/#organization"},"potentialAction":[{"@type":"SearchAction","target":{"@type":"EntryPoint","urlTemplate":"https:\/\/www.ahotech.com\/es\/?s={search_term_string}"},"query-input":{"@type":"PropertyValueSpecification","valueRequired":true,"valueName":"search_term_string"}}],"inLanguage":"et"},{"@type":"Organization","@id":"https:\/\/www.ahotech.com\/es\/#organization","name":"Ahotech.com","url":"https:\/\/www.ahotech.com\/es\/","logo":{"@type":"ImageObject","inLanguage":"et","@id":"https:\/\/www.ahotech.com\/es\/#\/schema\/logo\/image\/","url":"https:\/\/www.ahotech.com\/wp-content\/uploads\/2021\/10\/battery-site-logo.jpg","contentUrl":"https:\/\/www.ahotech.com\/wp-content\/uploads\/2021\/10\/battery-site-logo.jpg","width":1297,"height":465,"caption":"Ahotech.com"},"image":{"@id":"https:\/\/www.ahotech.com\/es\/#\/schema\/logo\/image\/"}}]}},"_links":{"self":[{"href":"https:\/\/www.ahotech.com\/et\/wp-json\/wp\/v2\/pages\/3975","targetHints":{"allow":["GET"]}}],"collection":[{"href":"https:\/\/www.ahotech.com\/et\/wp-json\/wp\/v2\/pages"}],"about":[{"href":"https:\/\/www.ahotech.com\/et\/wp-json\/wp\/v2\/types\/page"}],"author":[{"embeddable":true,"href":"https:\/\/www.ahotech.com\/et\/wp-json\/wp\/v2\/users\/1"}],"replies":[{"embeddable":true,"href":"https:\/\/www.ahotech.com\/et\/wp-json\/wp\/v2\/comments?post=3975"}],"version-history":[{"count":1,"href":"https:\/\/www.ahotech.com\/et\/wp-json\/wp\/v2\/pages\/3975\/revisions"}],"predecessor-version":[{"id":3977,"href":"https:\/\/www.ahotech.com\/et\/wp-json\/wp\/v2\/pages\/3975\/revisions\/3977"}],"wp:attachment":[{"href":"https:\/\/www.ahotech.com\/et\/wp-json\/wp\/v2\/media?parent=3975"}],"curies":[{"name":"t\u00f6\u00f6leht","href":"https:\/\/api.w.org\/{rel}","templated":true}]}}