{"id":4962,"date":"2025-09-08T07:39:50","date_gmt":"2025-09-08T07:39:50","guid":{"rendered":"https:\/\/www.ahotech.com\/?post_type=product&#038;p=4962"},"modified":"2025-09-09T02:05:06","modified_gmt":"2025-09-09T02:05:06","slug":"bateria-lipo-para-dron-23-1v-16000mah","status":"publish","type":"product","link":"https:\/\/www.ahotech.com\/es\/product\/lipo-battery-for-drone-23-1v-16000mah\/","title":{"rendered":"Bater\u00eda lipo para dron 23,1 V 16000 mAh"},"content":{"rendered":"<p>Las bater\u00edas de pol\u00edmero de litio son bater\u00edas de litio mejoradas basadas en sus materiales. Presentan mayor densidad energ\u00e9tica, menor peso, baja tasa de autodescarga, alta velocidad de carga y larga vida \u00fatil.<\/p>\n\n\n\n<p>Voltaje de funcionamiento: 3,85 V<\/p>\n\n\n\n<p>Capacidad: 16000 mAh<\/p>\n\n\n\n<p>Voltaje l\u00edmite de carga: 4,35 V<\/p>\n\n\n\n<p>Corriente de corte de carga: 160 mA<\/p>\n\n\n\n<p>Voltaje de corte de descarga: 3,0 V<\/p>\n\n\n\n<p>Carga est\u00e1ndar: 0,5 C (8000 mA)<\/p>\n\n\n\n<p>Descarga est\u00e1ndar: 0,5 C (8000 mA)<\/p>\n\n\n\n<p>Corriente continua de carga m\u00e1xima: 1 C (16000 mA)<\/p>\n\n\n\n<p>Corriente m\u00e1xima de descarga continua: 15 C (240 A)<\/p>\n\n\n\n<p>Peso \u2264260 g<\/p>\n\n\n\n<p>Dimensiones: Alto \u2264 170,8 mm, Ancho \u2264 74,8 mm, Grosor \u2264 9,5 mm<\/p>\n\n\n\n<p>LONGSING New Energy, como fabricante exportador de bater\u00edas de litio, puede ofrecer a los clientes soluciones de bater\u00edas para drones personalizadas.<\/p>\n\n\n\n<p><\/p>","protected":false},"excerpt":{"rendered":"<p>Lithium polymer batteries are improved lithium batteries based on the battery materials. They have higher energy density, lighter weight, low self-discharge rate, fast charging speed and long service life. OperatingVoltage\uff1a3.85V Capacity\uff1a16000mAh Charging Limit Voltage\uff1a4.35V Charging Cut-off Current\uff1a160mA Discharge Cut-off Voltage\uff1a3.0V Standard Charge\uff1a0.5C(8000mA) Standard Discharge\uff1a0.5C(8000mA) Maximum charge Continue Current\uff1a1C(16000mA) Maximum discharge Continue Current\uff1a15C(240A) Weight\u2264260g Dimension\uff1aHeight\u2264170.8mm\uff0cWidth\u226474.8mm\uff0cThickness\u22649.5mm LONGSING [&hellip;]<\/p>\n","protected":false},"featured_media":4971,"template":"","meta":{"_acf_changed":false,"site-sidebar-layout":"default","site-content-layout":"","ast-site-content-layout":"default","site-content-style":"default","site-sidebar-style":"default","ast-global-header-display":"","ast-banner-title-visibility":"","ast-main-header-display":"","ast-hfb-above-header-display":"","ast-hfb-below-header-display":"","ast-hfb-mobile-header-display":"","site-post-title":"","ast-breadcrumbs-content":"","ast-featured-img":"","footer-sml-layout":"","theme-transparent-header-meta":"","adv-header-id-meta":"","stick-header-meta":"","header-above-stick-meta":"","header-main-stick-meta":"","header-below-stick-meta":"","astra-migrate-meta-layouts":"set","ast-page-background-enabled":"default","ast-page-background-meta":{"desktop":{"background-color":"","background-image":"","background-repeat":"repeat","background-position":"center center","background-size":"auto","background-attachment":"scroll","background-type":"","background-media":"","overlay-type":"","overlay-color":"","overlay-opacity":"","overlay-gradient":""},"tablet":{"background-color":"","background-image":"","background-repeat":"repeat","background-position":"center center","background-size":"auto","background-attachment":"scroll","background-type":"","background-media":"","overlay-type":"","overlay-color":"","overlay-opacity":"","overlay-gradient":""},"mobile":{"background-color":"","background-image":"","background-repeat":"repeat","background-position":"center center","background-size":"auto","background-attachment":"scroll","background-type":"","background-media":"","overlay-type":"","overlay-color":"","overlay-opacity":"","overlay-gradient":""}},"ast-content-background-meta":{"desktop":{"background-color":"var(--ast-global-color-5)","background-image":"","background-repeat":"repeat","background-position":"center center","background-size":"auto","background-attachment":"scroll","background-type":"","background-media":"","overlay-type":"","overlay-color":"","overlay-opacity":"","overlay-gradient":""},"tablet":{"background-color":"var(--ast-global-color-5)","background-image":"","background-repeat":"repeat","background-position":"center center","background-size":"auto","background-attachment":"scroll","background-type":"","background-media":"","overlay-type":"","overlay-color":"","overlay-opacity":"","overlay-gradient":""},"mobile":{"background-color":"var(--ast-global-color-5)","background-image":"","background-repeat":"repeat","background-position":"center center","background-size":"auto","background-attachment":"scroll","background-type":"","background-media":"","overlay-type":"","overlay-color":"","overlay-opacity":"","overlay-gradient":""}}},"product_brand":[],"product_cat":[45],"product_tag":[],"class_list":{"0":"post-4962","1":"product","2":"type-product","3":"status-publish","4":"has-post-thumbnail","6":"product_cat-drone-battery","7":"desktop-align-left","8":"tablet-align-left","9":"mobile-align-left","11":"first","12":"instock","13":"shipping-taxable","14":"product-type-simple"},"acf":[],"yoast_head":"<!-- This site is optimized with the Yoast SEO plugin v27.3 - https:\/\/yoast.com\/product\/yoast-seo-wordpress\/ -->\n<title>lipo battery for drone 23.1V 16000mAh - Ahotech.com<\/title>\n<meta name=\"description\" content=\"Lithium polymer batteries have a higher energy density and lighter weight. They also have a low self-discharge rate, fast charging speed and a long service life.\" \/>\n<meta name=\"robots\" content=\"index, follow, max-snippet:-1, max-image-preview:large, max-video-preview:-1\" \/>\n<link rel=\"canonical\" href=\"https:\/\/www.ahotech.com\/es\/producto\/bateria-lipo-para-dron-23-1v-16000mah\/\" \/>\n<meta property=\"og:locale\" content=\"es_ES\" \/>\n<meta property=\"og:type\" content=\"article\" \/>\n<meta property=\"og:title\" content=\"lipo battery for drone 23.1V 16000mAh - Ahotech.com\" \/>\n<meta property=\"og:description\" content=\"Lithium polymer batteries have a higher energy density and lighter weight. They also have a low self-discharge rate, fast charging speed and a long service life.\" \/>\n<meta property=\"og:url\" content=\"https:\/\/www.ahotech.com\/es\/producto\/bateria-lipo-para-dron-23-1v-16000mah\/\" \/>\n<meta property=\"og:site_name\" content=\"Ahotech.com\" \/>\n<meta property=\"article:modified_time\" content=\"2025-09-09T02:05:06+00:00\" \/>\n<meta property=\"og:image\" content=\"https:\/\/www.ahotech.com\/wp-content\/uploads\/2025\/09\/lipo-battery-for-drone4.png\" \/>\n\t<meta property=\"og:image:width\" content=\"1000\" \/>\n\t<meta property=\"og:image:height\" content=\"1000\" \/>\n\t<meta property=\"og:image:type\" content=\"image\/png\" \/>\n<meta name=\"twitter:card\" content=\"summary_large_image\" \/>\n<meta name=\"twitter:label1\" content=\"Tiempo de lectura\" \/>\n\t<meta name=\"twitter:data1\" content=\"1 minuto\" \/>\n<script type=\"application\/ld+json\" class=\"yoast-schema-graph\">{\"@context\":\"https:\\\/\\\/schema.org\",\"@graph\":[{\"@type\":\"WebPage\",\"@id\":\"https:\\\/\\\/www.ahotech.com\\\/product\\\/lipo-battery-for-drone-23-1v-16000mah\\\/\",\"url\":\"https:\\\/\\\/www.ahotech.com\\\/product\\\/lipo-battery-for-drone-23-1v-16000mah\\\/\",\"name\":\"lipo battery for drone 23.1V 16000mAh - Ahotech.com\",\"isPartOf\":{\"@id\":\"https:\\\/\\\/www.ahotech.com\\\/es\\\/#website\"},\"primaryImageOfPage\":{\"@id\":\"https:\\\/\\\/www.ahotech.com\\\/product\\\/lipo-battery-for-drone-23-1v-16000mah\\\/#primaryimage\"},\"image\":{\"@id\":\"https:\\\/\\\/www.ahotech.com\\\/product\\\/lipo-battery-for-drone-23-1v-16000mah\\\/#primaryimage\"},\"thumbnailUrl\":\"https:\\\/\\\/www.ahotech.com\\\/wp-content\\\/uploads\\\/2025\\\/09\\\/lipo-battery-for-drone4.png\",\"datePublished\":\"2025-09-08T07:39:50+00:00\",\"dateModified\":\"2025-09-09T02:05:06+00:00\",\"description\":\"Lithium polymer batteries have a higher energy density and lighter weight. They also have a low self-discharge rate, fast charging speed and a long service life.\",\"breadcrumb\":{\"@id\":\"https:\\\/\\\/www.ahotech.com\\\/product\\\/lipo-battery-for-drone-23-1v-16000mah\\\/#breadcrumb\"},\"inLanguage\":\"es\",\"potentialAction\":[{\"@type\":\"ReadAction\",\"target\":[\"https:\\\/\\\/www.ahotech.com\\\/product\\\/lipo-battery-for-drone-23-1v-16000mah\\\/\"]}]},{\"@type\":\"ImageObject\",\"inLanguage\":\"es\",\"@id\":\"https:\\\/\\\/www.ahotech.com\\\/product\\\/lipo-battery-for-drone-23-1v-16000mah\\\/#primaryimage\",\"url\":\"https:\\\/\\\/www.ahotech.com\\\/wp-content\\\/uploads\\\/2025\\\/09\\\/lipo-battery-for-drone4.png\",\"contentUrl\":\"https:\\\/\\\/www.ahotech.com\\\/wp-content\\\/uploads\\\/2025\\\/09\\\/lipo-battery-for-drone4.png\",\"width\":1000,\"height\":1000,\"caption\":\"lipo battery for drone\"},{\"@type\":\"BreadcrumbList\",\"@id\":\"https:\\\/\\\/www.ahotech.com\\\/product\\\/lipo-battery-for-drone-23-1v-16000mah\\\/#breadcrumb\",\"itemListElement\":[{\"@type\":\"ListItem\",\"position\":1,\"name\":\"Home\",\"item\":\"https:\\\/\\\/www.ahotech.com\\\/es\\\/\"},{\"@type\":\"ListItem\",\"position\":2,\"name\":\"Store\",\"item\":\"https:\\\/\\\/www.ahotech.com\\\/es\\\/store\\\/\"},{\"@type\":\"ListItem\",\"position\":3,\"name\":\"lipo battery for drone 23.1V 16000mAh\"}]},{\"@type\":\"WebSite\",\"@id\":\"https:\\\/\\\/www.ahotech.com\\\/es\\\/#website\",\"url\":\"https:\\\/\\\/www.ahotech.com\\\/es\\\/\",\"name\":\"Ahotech.com\",\"description\":\"lithium battery manufacturers\",\"publisher\":{\"@id\":\"https:\\\/\\\/www.ahotech.com\\\/es\\\/#organization\"},\"potentialAction\":[{\"@type\":\"SearchAction\",\"target\":{\"@type\":\"EntryPoint\",\"urlTemplate\":\"https:\\\/\\\/www.ahotech.com\\\/es\\\/?s={search_term_string}\"},\"query-input\":{\"@type\":\"PropertyValueSpecification\",\"valueRequired\":true,\"valueName\":\"search_term_string\"}}],\"inLanguage\":\"es\"},{\"@type\":\"Organization\",\"@id\":\"https:\\\/\\\/www.ahotech.com\\\/es\\\/#organization\",\"name\":\"Ahotech.com\",\"url\":\"https:\\\/\\\/www.ahotech.com\\\/es\\\/\",\"logo\":{\"@type\":\"ImageObject\",\"inLanguage\":\"es\",\"@id\":\"https:\\\/\\\/www.ahotech.com\\\/es\\\/#\\\/schema\\\/logo\\\/image\\\/\",\"url\":\"https:\\\/\\\/www.ahotech.com\\\/wp-content\\\/uploads\\\/2021\\\/10\\\/battery-site-logo.jpg\",\"contentUrl\":\"https:\\\/\\\/www.ahotech.com\\\/wp-content\\\/uploads\\\/2021\\\/10\\\/battery-site-logo.jpg\",\"width\":1297,\"height\":465,\"caption\":\"Ahotech.com\"},\"image\":{\"@id\":\"https:\\\/\\\/www.ahotech.com\\\/es\\\/#\\\/schema\\\/logo\\\/image\\\/\"}}]}<\/script>\n<!-- \/ Yoast SEO plugin. -->","yoast_head_json":{"title":"Bater\u00eda de lipo para dron de 23,1 V y 16000 mAh - Ahotech.com","description":"Las bater\u00edas de pol\u00edmero de litio tienen una mayor densidad energ\u00e9tica y son m\u00e1s ligeras. Adem\u00e1s, presentan una baja tasa de autodescarga, una r\u00e1pida velocidad de carga y una larga vida \u00fatil.","robots":{"index":"index","follow":"follow","max-snippet":"max-snippet:-1","max-image-preview":"max-image-preview:large","max-video-preview":"max-video-preview:-1"},"canonical":"https:\/\/www.ahotech.com\/es\/producto\/bateria-lipo-para-dron-23-1v-16000mah\/","og_locale":"es_ES","og_type":"article","og_title":"lipo battery for drone 23.1V 16000mAh - Ahotech.com","og_description":"Lithium polymer batteries have a higher energy density and lighter weight. They also have a low self-discharge rate, fast charging speed and a long service life.","og_url":"https:\/\/www.ahotech.com\/es\/producto\/bateria-lipo-para-dron-23-1v-16000mah\/","og_site_name":"Ahotech.com","article_modified_time":"2025-09-09T02:05:06+00:00","og_image":[{"width":1000,"height":1000,"url":"https:\/\/www.ahotech.com\/wp-content\/uploads\/2025\/09\/lipo-battery-for-drone4.png","type":"image\/png"}],"twitter_card":"summary_large_image","twitter_misc":{"Tiempo de lectura":"1 minuto"},"schema":{"@context":"https:\/\/schema.org","@graph":[{"@type":"WebPage","@id":"https:\/\/www.ahotech.com\/product\/lipo-battery-for-drone-23-1v-16000mah\/","url":"https:\/\/www.ahotech.com\/product\/lipo-battery-for-drone-23-1v-16000mah\/","name":"Bater\u00eda de lipo para dron de 23,1 V y 16000 mAh - Ahotech.com","isPartOf":{"@id":"https:\/\/www.ahotech.com\/es\/#website"},"primaryImageOfPage":{"@id":"https:\/\/www.ahotech.com\/product\/lipo-battery-for-drone-23-1v-16000mah\/#primaryimage"},"image":{"@id":"https:\/\/www.ahotech.com\/product\/lipo-battery-for-drone-23-1v-16000mah\/#primaryimage"},"thumbnailUrl":"https:\/\/www.ahotech.com\/wp-content\/uploads\/2025\/09\/lipo-battery-for-drone4.png","datePublished":"2025-09-08T07:39:50+00:00","dateModified":"2025-09-09T02:05:06+00:00","description":"Las bater\u00edas de pol\u00edmero de litio tienen una mayor densidad energ\u00e9tica y son m\u00e1s ligeras. Adem\u00e1s, presentan una baja tasa de autodescarga, una r\u00e1pida velocidad de carga y una larga vida \u00fatil.","breadcrumb":{"@id":"https:\/\/www.ahotech.com\/product\/lipo-battery-for-drone-23-1v-16000mah\/#breadcrumb"},"inLanguage":"es","potentialAction":[{"@type":"ReadAction","target":["https:\/\/www.ahotech.com\/product\/lipo-battery-for-drone-23-1v-16000mah\/"]}]},{"@type":"ImageObject","inLanguage":"es","@id":"https:\/\/www.ahotech.com\/product\/lipo-battery-for-drone-23-1v-16000mah\/#primaryimage","url":"https:\/\/www.ahotech.com\/wp-content\/uploads\/2025\/09\/lipo-battery-for-drone4.png","contentUrl":"https:\/\/www.ahotech.com\/wp-content\/uploads\/2025\/09\/lipo-battery-for-drone4.png","width":1000,"height":1000,"caption":"lipo battery for drone"},{"@type":"BreadcrumbList","@id":"https:\/\/www.ahotech.com\/product\/lipo-battery-for-drone-23-1v-16000mah\/#breadcrumb","itemListElement":[{"@type":"ListItem","position":1,"name":"Home","item":"https:\/\/www.ahotech.com\/es\/"},{"@type":"ListItem","position":2,"name":"Store","item":"https:\/\/www.ahotech.com\/es\/store\/"},{"@type":"ListItem","position":3,"name":"lipo battery for drone 23.1V 16000mAh"}]},{"@type":"WebSite","@id":"https:\/\/www.ahotech.com\/es\/#website","url":"https:\/\/www.ahotech.com\/es\/","name":"Ahotech.com","description":"fabricantes de bater\u00edas de litio","publisher":{"@id":"https:\/\/www.ahotech.com\/es\/#organization"},"potentialAction":[{"@type":"SearchAction","target":{"@type":"EntryPoint","urlTemplate":"https:\/\/www.ahotech.com\/es\/?s={search_term_string}"},"query-input":{"@type":"PropertyValueSpecification","valueRequired":true,"valueName":"search_term_string"}}],"inLanguage":"es"},{"@type":"Organization","@id":"https:\/\/www.ahotech.com\/es\/#organization","name":"Ahotech.com","url":"https:\/\/www.ahotech.com\/es\/","logo":{"@type":"ImageObject","inLanguage":"es","@id":"https:\/\/www.ahotech.com\/es\/#\/schema\/logo\/image\/","url":"https:\/\/www.ahotech.com\/wp-content\/uploads\/2021\/10\/battery-site-logo.jpg","contentUrl":"https:\/\/www.ahotech.com\/wp-content\/uploads\/2021\/10\/battery-site-logo.jpg","width":1297,"height":465,"caption":"Ahotech.com"},"image":{"@id":"https:\/\/www.ahotech.com\/es\/#\/schema\/logo\/image\/"}}]}},"_links":{"self":[{"href":"https:\/\/www.ahotech.com\/es\/wp-json\/wp\/v2\/product\/4962","targetHints":{"allow":["GET"]}}],"collection":[{"href":"https:\/\/www.ahotech.com\/es\/wp-json\/wp\/v2\/product"}],"about":[{"href":"https:\/\/www.ahotech.com\/es\/wp-json\/wp\/v2\/types\/product"}],"version-history":[{"count":2,"href":"https:\/\/www.ahotech.com\/es\/wp-json\/wp\/v2\/product\/4962\/revisions"}],"predecessor-version":[{"id":4966,"href":"https:\/\/www.ahotech.com\/es\/wp-json\/wp\/v2\/product\/4962\/revisions\/4966"}],"wp:featuredmedia":[{"embeddable":true,"href":"https:\/\/www.ahotech.com\/es\/wp-json\/wp\/v2\/media\/4971"}],"wp:attachment":[{"href":"https:\/\/www.ahotech.com\/es\/wp-json\/wp\/v2\/media?parent=4962"}],"wp:term":[{"taxonomy":"product_brand","embeddable":true,"href":"https:\/\/www.ahotech.com\/es\/wp-json\/wp\/v2\/product_brand?post=4962"},{"taxonomy":"product_cat","embeddable":true,"href":"https:\/\/www.ahotech.com\/es\/wp-json\/wp\/v2\/product_cat?post=4962"},{"taxonomy":"product_tag","embeddable":true,"href":"https:\/\/www.ahotech.com\/es\/wp-json\/wp\/v2\/product_tag?post=4962"}],"curies":[{"name":"wp","href":"https:\/\/api.w.org\/{rel}","templated":true}]}}