{"id":4914,"date":"2025-08-31T06:32:32","date_gmt":"2025-08-31T06:32:32","guid":{"rendered":"https:\/\/www.ahotech.com\/?post_type=product&#038;p=4914"},"modified":"2025-09-08T07:28:02","modified_gmt":"2025-09-08T07:28:02","slug":"bateria-para-dron-23-1v-22000mah","status":"publish","type":"product","link":"https:\/\/www.ahotech.com\/es\/product\/drone-battery-23-1v-22000mah\/","title":{"rendered":"Bater\u00eda para dron 15,4 V 22000 mAh"},"content":{"rendered":"<p class=\"tw-data-text tw-text-large tw-ta\">Las bater\u00edas para drones se componen principalmente de bater\u00edas de pol\u00edmero de litio (Li-Po) ligeras y de alta densidad energ\u00e9tica, que presentan las ventajas de una alta tasa de descarga, una alta relaci\u00f3n energ\u00e9tica, un alto rendimiento, una alta seguridad, una larga vida \u00fatil, protecci\u00f3n del medio ambiente, ausencia de contaminaci\u00f3n y un peso ligero.<\/p>\n\n\n\n<p>Voltaje de funcionamiento: 3,85 V<\/p>\n\n\n\n<p>Capacidad: 22000 mAh<\/p>\n\n\n\n<p>Voltaje l\u00edmite de carga: 4,35 V<\/p>\n\n\n\n<p>Corriente de corte de carga: 220 mA<\/p>\n\n\n\n<p>Tensi\u00f3n de corte de descarga: 3,0 V<\/p>\n\n\n\n<p>Carga est\u00e1ndar: 0,5C (11000 mA)<\/p>\n\n\n\n<p>Descarga est\u00e1ndar: 0,5C (11000 mA)<\/p>\n\n\n\n<p>Corriente m\u00e1xima de carga continua: 1C (22000 mA)<\/p>\n\n\n\n<p>Corriente m\u00e1xima de descarga continua: 15C (330A)<\/p>\n\n\n\n<p>Peso celular: \u2264365 g<\/p>\n\n\n\n<p>Dimensiones externas de la celda: Altura \u2264190,8 mm, Ancho \u226490,8 mm, Grosor \u226410,0 mm<\/p>","protected":false},"excerpt":{"rendered":"<p>Drone batteries are mainly composed of high energy density, lightweight lithium polymer batteries (Li-Po), which have the advantages of high rate, high energy ratio, high performance, high safety, long life, environmental protection and pollution-free, and light weight. OperatingVoltage\uff1a3.85V Capacity\uff1a22000mAh Charging Limit Voltage: 4.35V Charging Cut-off Current: 220mA Discharge Cut-off Voltage:3.0V Standard Charge: 0.5C(11000mA) Standard Discharge: [&hellip;]<\/p>\n","protected":false},"featured_media":4955,"template":"","meta":{"_acf_changed":false,"site-sidebar-layout":"default","site-content-layout":"","ast-site-content-layout":"default","site-content-style":"default","site-sidebar-style":"default","ast-global-header-display":"","ast-banner-title-visibility":"","ast-main-header-display":"","ast-hfb-above-header-display":"","ast-hfb-below-header-display":"","ast-hfb-mobile-header-display":"","site-post-title":"","ast-breadcrumbs-content":"","ast-featured-img":"","footer-sml-layout":"","theme-transparent-header-meta":"default","adv-header-id-meta":"","stick-header-meta":"","header-above-stick-meta":"","header-main-stick-meta":"","header-below-stick-meta":"","astra-migrate-meta-layouts":"set","ast-page-background-enabled":"default","ast-page-background-meta":{"desktop":{"background-color":"","background-image":"","background-repeat":"repeat","background-position":"center center","background-size":"auto","background-attachment":"scroll","background-type":"","background-media":"","overlay-type":"","overlay-color":"","overlay-opacity":"","overlay-gradient":""},"tablet":{"background-color":"","background-image":"","background-repeat":"repeat","background-position":"center center","background-size":"auto","background-attachment":"scroll","background-type":"","background-media":"","overlay-type":"","overlay-color":"","overlay-opacity":"","overlay-gradient":""},"mobile":{"background-color":"","background-image":"","background-repeat":"repeat","background-position":"center center","background-size":"auto","background-attachment":"scroll","background-type":"","background-media":"","overlay-type":"","overlay-color":"","overlay-opacity":"","overlay-gradient":""}},"ast-content-background-meta":{"desktop":{"background-color":"var(--ast-global-color-5)","background-image":"","background-repeat":"repeat","background-position":"center center","background-size":"auto","background-attachment":"scroll","background-type":"","background-media":"","overlay-type":"","overlay-color":"","overlay-opacity":"","overlay-gradient":""},"tablet":{"background-color":"var(--ast-global-color-5)","background-image":"","background-repeat":"repeat","background-position":"center center","background-size":"auto","background-attachment":"scroll","background-type":"","background-media":"","overlay-type":"","overlay-color":"","overlay-opacity":"","overlay-gradient":""},"mobile":{"background-color":"var(--ast-global-color-5)","background-image":"","background-repeat":"repeat","background-position":"center center","background-size":"auto","background-attachment":"scroll","background-type":"","background-media":"","overlay-type":"","overlay-color":"","overlay-opacity":"","overlay-gradient":""}}},"product_brand":[],"product_cat":[45],"product_tag":[],"class_list":{"0":"post-4914","1":"product","2":"type-product","3":"status-publish","4":"has-post-thumbnail","6":"product_cat-drone-battery","7":"desktop-align-left","8":"tablet-align-left","9":"mobile-align-left","11":"first","12":"instock","13":"shipping-taxable","14":"product-type-simple"},"acf":[],"yoast_head":"<!-- This site is optimized with the Yoast SEO plugin v27.3 - https:\/\/yoast.com\/product\/yoast-seo-wordpress\/ -->\n<title>Drone Battery 15.4V 22000mAh - Ahotech.com<\/title>\n<meta name=\"description\" content=\"which have the advantages of high rate, high energy ratio, high performance, high safety, long life, environmental protection and pollution-free, and light weight.\" \/>\n<meta name=\"robots\" content=\"index, follow, max-snippet:-1, max-image-preview:large, max-video-preview:-1\" \/>\n<link rel=\"canonical\" href=\"https:\/\/www.ahotech.com\/es\/producto\/bateria-para-dron-23-1v-22000mah\/\" \/>\n<meta property=\"og:locale\" content=\"es_ES\" \/>\n<meta property=\"og:type\" content=\"article\" \/>\n<meta property=\"og:title\" content=\"Drone Battery 15.4V 22000mAh - Ahotech.com\" \/>\n<meta property=\"og:description\" content=\"which have the advantages of high rate, high energy ratio, high performance, high safety, long life, environmental protection and pollution-free, and light weight.\" \/>\n<meta property=\"og:url\" content=\"https:\/\/www.ahotech.com\/es\/producto\/bateria-para-dron-23-1v-22000mah\/\" \/>\n<meta property=\"og:site_name\" content=\"Ahotech.com\" \/>\n<meta property=\"article:modified_time\" content=\"2025-09-08T07:28:02+00:00\" \/>\n<meta property=\"og:image\" content=\"https:\/\/de.ahotech.com\/wp-content\/uploads\/2025\/08\/Picture-of-a-drone-battery1-scaled.jpg\" \/>\n\t<meta property=\"og:image:width\" content=\"2560\" \/>\n\t<meta property=\"og:image:height\" content=\"1920\" \/>\n\t<meta property=\"og:image:type\" content=\"image\/jpeg\" \/>\n<meta name=\"twitter:card\" content=\"summary_large_image\" \/>\n<meta name=\"twitter:label1\" content=\"Tiempo de lectura\" \/>\n\t<meta name=\"twitter:data1\" content=\"1 minuto\" \/>\n<script type=\"application\/ld+json\" class=\"yoast-schema-graph\">{\"@context\":\"https:\\\/\\\/schema.org\",\"@graph\":[{\"@type\":\"WebPage\",\"@id\":\"https:\\\/\\\/de.ahotech.com\\\/product\\\/drohnenakku-23-1v-22000mah\\\/\",\"url\":\"https:\\\/\\\/de.ahotech.com\\\/product\\\/drohnenakku-23-1v-22000mah\\\/\",\"name\":\"Drone Battery 15.4V 22000mAh - Ahotech.com\",\"isPartOf\":{\"@id\":\"https:\\\/\\\/de.ahotech.com\\\/#website\"},\"primaryImageOfPage\":{\"@id\":\"https:\\\/\\\/de.ahotech.com\\\/product\\\/drohnenakku-23-1v-22000mah\\\/#primaryimage\"},\"image\":{\"@id\":\"https:\\\/\\\/de.ahotech.com\\\/product\\\/drohnenakku-23-1v-22000mah\\\/#primaryimage\"},\"thumbnailUrl\":\"https:\\\/\\\/www.ahotech.com\\\/wp-content\\\/uploads\\\/2025\\\/08\\\/Picture-of-a-drone-battery1-scaled.jpg\",\"datePublished\":\"2025-08-31T06:32:32+00:00\",\"dateModified\":\"2025-09-08T07:28:02+00:00\",\"description\":\"which have the advantages of high rate, high energy ratio, high performance, high safety, long life, environmental protection and pollution-free, and light weight.\",\"breadcrumb\":{\"@id\":\"https:\\\/\\\/de.ahotech.com\\\/product\\\/drohnenakku-23-1v-22000mah\\\/#breadcrumb\"},\"inLanguage\":\"es\",\"potentialAction\":[{\"@type\":\"ReadAction\",\"target\":[\"https:\\\/\\\/de.ahotech.com\\\/product\\\/drohnenakku-23-1v-22000mah\\\/\"]}]},{\"@type\":\"ImageObject\",\"inLanguage\":\"es\",\"@id\":\"https:\\\/\\\/de.ahotech.com\\\/product\\\/drohnenakku-23-1v-22000mah\\\/#primaryimage\",\"url\":\"https:\\\/\\\/www.ahotech.com\\\/wp-content\\\/uploads\\\/2025\\\/08\\\/Picture-of-a-drone-battery1-scaled.jpg\",\"contentUrl\":\"https:\\\/\\\/www.ahotech.com\\\/wp-content\\\/uploads\\\/2025\\\/08\\\/Picture-of-a-drone-battery1-scaled.jpg\",\"width\":2560,\"height\":1920},{\"@type\":\"BreadcrumbList\",\"@id\":\"https:\\\/\\\/de.ahotech.com\\\/product\\\/drohnenakku-23-1v-22000mah\\\/#breadcrumb\",\"itemListElement\":[{\"@type\":\"ListItem\",\"position\":1,\"name\":\"Home\",\"item\":\"https:\\\/\\\/de.ahotech.com\\\/\"},{\"@type\":\"ListItem\",\"position\":2,\"name\":\"Store\",\"item\":\"https:\\\/\\\/www.ahotech.com\\\/ru\\\/%d0%bc%d0%b0%d0%b3%d0%b0%d0%b7%d0%b8%d0%bd\\\/\"},{\"@type\":\"ListItem\",\"position\":3,\"name\":\"Drone Battery 15.4V 22000mAh\"}]},{\"@type\":\"WebSite\",\"@id\":\"https:\\\/\\\/de.ahotech.com\\\/#website\",\"url\":\"https:\\\/\\\/de.ahotech.com\\\/\",\"name\":\"Ahotech.com\",\"description\":\"lithium battery manufacturers\",\"publisher\":{\"@id\":\"https:\\\/\\\/de.ahotech.com\\\/#organization\"},\"potentialAction\":[{\"@type\":\"SearchAction\",\"target\":{\"@type\":\"EntryPoint\",\"urlTemplate\":\"https:\\\/\\\/de.ahotech.com\\\/?s={search_term_string}\"},\"query-input\":{\"@type\":\"PropertyValueSpecification\",\"valueRequired\":true,\"valueName\":\"search_term_string\"}}],\"inLanguage\":\"es\"},{\"@type\":\"Organization\",\"@id\":\"https:\\\/\\\/de.ahotech.com\\\/#organization\",\"name\":\"Ahotech.com\",\"url\":\"https:\\\/\\\/de.ahotech.com\\\/\",\"logo\":{\"@type\":\"ImageObject\",\"inLanguage\":\"es\",\"@id\":\"https:\\\/\\\/de.ahotech.com\\\/#\\\/schema\\\/logo\\\/image\\\/\",\"url\":\"https:\\\/\\\/www.ahotech.com\\\/wp-content\\\/uploads\\\/2021\\\/10\\\/battery-site-logo.jpg\",\"contentUrl\":\"https:\\\/\\\/www.ahotech.com\\\/wp-content\\\/uploads\\\/2021\\\/10\\\/battery-site-logo.jpg\",\"width\":1297,\"height\":465,\"caption\":\"Ahotech.com\"},\"image\":{\"@id\":\"https:\\\/\\\/de.ahotech.com\\\/#\\\/schema\\\/logo\\\/image\\\/\"}}]}<\/script>\n<!-- \/ Yoast SEO plugin. -->","yoast_head_json":{"title":"Bater\u00eda para dron de 15,4 V y 22000 mAh - Ahotech.com","description":"que presentan las ventajas de alta tasa de consumo, alta relaci\u00f3n energ\u00eda-rendimiento, alto rendimiento, alta seguridad, larga vida \u00fatil, protecci\u00f3n del medio ambiente y ausencia de contaminaci\u00f3n, adem\u00e1s de ser ligeros.","robots":{"index":"index","follow":"follow","max-snippet":"max-snippet:-1","max-image-preview":"max-image-preview:large","max-video-preview":"max-video-preview:-1"},"canonical":"https:\/\/www.ahotech.com\/es\/producto\/bateria-para-dron-23-1v-22000mah\/","og_locale":"es_ES","og_type":"article","og_title":"Drone Battery 15.4V 22000mAh - Ahotech.com","og_description":"which have the advantages of high rate, high energy ratio, high performance, high safety, long life, environmental protection and pollution-free, and light weight.","og_url":"https:\/\/www.ahotech.com\/es\/producto\/bateria-para-dron-23-1v-22000mah\/","og_site_name":"Ahotech.com","article_modified_time":"2025-09-08T07:28:02+00:00","og_image":[{"width":2560,"height":1920,"url":"https:\/\/de.ahotech.com\/wp-content\/uploads\/2025\/08\/Picture-of-a-drone-battery1-scaled.jpg","type":"image\/jpeg"}],"twitter_card":"summary_large_image","twitter_misc":{"Tiempo de lectura":"1 minuto"},"schema":{"@context":"https:\/\/schema.org","@graph":[{"@type":"WebPage","@id":"https:\/\/de.ahotech.com\/product\/drohnenakku-23-1v-22000mah\/","url":"https:\/\/de.ahotech.com\/product\/drohnenakku-23-1v-22000mah\/","name":"Bater\u00eda para dron de 15,4 V y 22000 mAh - Ahotech.com","isPartOf":{"@id":"https:\/\/de.ahotech.com\/#website"},"primaryImageOfPage":{"@id":"https:\/\/de.ahotech.com\/product\/drohnenakku-23-1v-22000mah\/#primaryimage"},"image":{"@id":"https:\/\/de.ahotech.com\/product\/drohnenakku-23-1v-22000mah\/#primaryimage"},"thumbnailUrl":"https:\/\/www.ahotech.com\/wp-content\/uploads\/2025\/08\/Picture-of-a-drone-battery1-scaled.jpg","datePublished":"2025-08-31T06:32:32+00:00","dateModified":"2025-09-08T07:28:02+00:00","description":"que presentan las ventajas de alta tasa de consumo, alta relaci\u00f3n energ\u00eda-rendimiento, alto rendimiento, alta seguridad, larga vida \u00fatil, protecci\u00f3n del medio ambiente y ausencia de contaminaci\u00f3n, adem\u00e1s de ser ligeros.","breadcrumb":{"@id":"https:\/\/de.ahotech.com\/product\/drohnenakku-23-1v-22000mah\/#breadcrumb"},"inLanguage":"es","potentialAction":[{"@type":"ReadAction","target":["https:\/\/de.ahotech.com\/product\/drohnenakku-23-1v-22000mah\/"]}]},{"@type":"ImageObject","inLanguage":"es","@id":"https:\/\/de.ahotech.com\/product\/drohnenakku-23-1v-22000mah\/#primaryimage","url":"https:\/\/www.ahotech.com\/wp-content\/uploads\/2025\/08\/Picture-of-a-drone-battery1-scaled.jpg","contentUrl":"https:\/\/www.ahotech.com\/wp-content\/uploads\/2025\/08\/Picture-of-a-drone-battery1-scaled.jpg","width":2560,"height":1920},{"@type":"BreadcrumbList","@id":"https:\/\/de.ahotech.com\/product\/drohnenakku-23-1v-22000mah\/#breadcrumb","itemListElement":[{"@type":"ListItem","position":1,"name":"Home","item":"https:\/\/de.ahotech.com\/"},{"@type":"ListItem","position":2,"name":"Store","item":"https:\/\/www.ahotech.com\/ru\/%d0%bc%d0%b0%d0%b3%d0%b0%d0%b7%d0%b8%d0%bd\/"},{"@type":"ListItem","position":3,"name":"Drone Battery 15.4V 22000mAh"}]},{"@type":"WebSite","@id":"https:\/\/de.ahotech.com\/#website","url":"https:\/\/de.ahotech.com\/","name":"Ahotech.com","description":"fabricantes de bater\u00edas de litio","publisher":{"@id":"https:\/\/de.ahotech.com\/#organization"},"potentialAction":[{"@type":"SearchAction","target":{"@type":"EntryPoint","urlTemplate":"https:\/\/de.ahotech.com\/?s={search_term_string}"},"query-input":{"@type":"PropertyValueSpecification","valueRequired":true,"valueName":"search_term_string"}}],"inLanguage":"es"},{"@type":"Organization","@id":"https:\/\/de.ahotech.com\/#organization","name":"Ahotech.com","url":"https:\/\/de.ahotech.com\/","logo":{"@type":"ImageObject","inLanguage":"es","@id":"https:\/\/de.ahotech.com\/#\/schema\/logo\/image\/","url":"https:\/\/www.ahotech.com\/wp-content\/uploads\/2021\/10\/battery-site-logo.jpg","contentUrl":"https:\/\/www.ahotech.com\/wp-content\/uploads\/2021\/10\/battery-site-logo.jpg","width":1297,"height":465,"caption":"Ahotech.com"},"image":{"@id":"https:\/\/de.ahotech.com\/#\/schema\/logo\/image\/"}}]}},"_links":{"self":[{"href":"https:\/\/www.ahotech.com\/es\/wp-json\/wp\/v2\/product\/4914","targetHints":{"allow":["GET"]}}],"collection":[{"href":"https:\/\/www.ahotech.com\/es\/wp-json\/wp\/v2\/product"}],"about":[{"href":"https:\/\/www.ahotech.com\/es\/wp-json\/wp\/v2\/types\/product"}],"version-history":[{"count":6,"href":"https:\/\/www.ahotech.com\/es\/wp-json\/wp\/v2\/product\/4914\/revisions"}],"predecessor-version":[{"id":4960,"href":"https:\/\/www.ahotech.com\/es\/wp-json\/wp\/v2\/product\/4914\/revisions\/4960"}],"wp:featuredmedia":[{"embeddable":true,"href":"https:\/\/www.ahotech.com\/es\/wp-json\/wp\/v2\/media\/4955"}],"wp:attachment":[{"href":"https:\/\/www.ahotech.com\/es\/wp-json\/wp\/v2\/media?parent=4914"}],"wp:term":[{"taxonomy":"product_brand","embeddable":true,"href":"https:\/\/www.ahotech.com\/es\/wp-json\/wp\/v2\/product_brand?post=4914"},{"taxonomy":"product_cat","embeddable":true,"href":"https:\/\/www.ahotech.com\/es\/wp-json\/wp\/v2\/product_cat?post=4914"},{"taxonomy":"product_tag","embeddable":true,"href":"https:\/\/www.ahotech.com\/es\/wp-json\/wp\/v2\/product_tag?post=4914"}],"curies":[{"name":"wp","href":"https:\/\/api.w.org\/{rel}","templated":true}]}}