{"id":4619,"date":"2022-03-22T05:31:58","date_gmt":"2022-03-22T05:31:58","guid":{"rendered":"https:\/\/www.ahotech.com\/?post_type=product&#038;p=4619"},"modified":"2022-03-22T05:32:05","modified_gmt":"2022-03-22T05:32:05","slug":"supercondensador","status":"publish","type":"product","link":"https:\/\/www.ahotech.com\/es\/product\/supercapacitor\/","title":{"rendered":"supercondensador"},"content":{"rendered":"<p><span class=\"tgt\" data-section=\"0\" data-sentence=\"0\" data-group=\"0-0\">Longsing Technologies ha desarrollado y fabricado bater\u00edas primarias,<a href=\"https:\/\/www.ahotech.com\/es\/producto\/bateria-omnicel-er34615-bateria-de-litio-er34615\/\">cloruro de tionilo de litio<\/a> y supercondensadores, bater\u00edas recargables de iones de litio.<\/span><span class=\"tgt\" data-section=\"0\" data-sentence=\"1\" data-group=\"0-1\"> En los \u00faltimos a\u00f1os, las empresas que dependen de la empresa matriz en Hong Kong cooperan activamente con instituciones de investigaci\u00f3n internacionales, desarrollando con \u00e9xito una bater\u00eda IoT de amplio rango de temperatura, la conexi\u00f3n en paralelo de supercondensadores de la bater\u00eda de cloruro de tionilo de litio, la bater\u00eda puede funcionar de manera estable en un rango de temperatura de 40 \u2103 a +85 \u2103, rompiendo el <a href=\"https:\/\/www.ahotech.com\/es\/producto\/bateria-de-litio-18650-de-37-v\/\">bater\u00eda de iones de litio<\/a> y el cuello de botella de la tecnolog\u00eda de bater\u00edas de cloruro de tionilo de litio, y solicita m\u00e1s de 30 patentes de invenci\u00f3n.<\/span><span class=\"tgt\" data-section=\"0\" data-sentence=\"2\" data-group=\"0-2\"> Continuaremos innovando y desarrollando nuevos productos para satisfacer las necesidades del desarrollo futuro de la tecnolog\u00eda de Internet de las cosas.<\/span><span class=\"tgt\" data-section=\"0\" data-sentence=\"3\" data-group=\"0-3\"> Como transporte inteligente, sistema inteligente de contenedores, sistema de posicionamiento GPS, posicionamiento del fondo marino, sistema log\u00edstico y de transporte.<\/span><\/p>\n<p>Especificaciones del supercondensador:<\/p>\n<p class=\"tgt\" data-section=\"0\"><span class=\"tgt\" data-section=\"0\" data-sentence=\"0\" data-group=\"0-0\">Temperatura de funcionamiento: -40 \u2103 ~ +85 \u2103<\/span><\/p>\n<p class=\"tgt\" data-section=\"1\"><span class=\"tgt\" data-section=\"1\" data-sentence=\"0\" data-group=\"1-0\">Capacidad de pulsos de alta corriente: corriente m\u00e1xima de hasta 15 A<\/span><\/p>\n<p class=\"tgt\" data-section=\"2\"><span class=\"tgt\" data-section=\"2\" data-sentence=\"0\" data-group=\"2-0\">Baja tasa anual de autodescarga:<\/span><span class=\"tgt\" data-section=\"2\" data-sentence=\"1\" data-group=\"2-1\"> 1% \/<\/span><\/p>\n<p class=\"tgt\" data-section=\"3\"><span class=\"tgt\" data-section=\"3\" data-sentence=\"0\" data-group=\"3-0\">Ciclo de vida s\u00faper largo: 5000 ciclos 100%DOD<\/span><\/p>\n<p class=\"tgt\" data-section=\"4\"><span class=\"tgt\" data-section=\"4\" data-sentence=\"0\" data-group=\"4-0\">Larga vida \u00fatil: m\u00e1s de 10 a\u00f1os (superior a la vida \u00fatil de los equipos el\u00e9ctricos).<\/span><\/p>\n<p class=\"tgt\" data-section=\"5\"><span class=\"tgt\" data-section=\"5\" data-sentence=\"0\" data-group=\"5-0\">Carga y descarga a temperaturas extremas<\/span><\/p>\n<p class=\"tgt\" data-section=\"6\"><span class=\"tgt\" data-section=\"6\" data-sentence=\"0\" data-group=\"6-0\">La tecnolog\u00eda de sellado completo mediante soldadura l\u00e1ser garantiza que no haya fugas en condiciones extremas.<\/span><\/p>\n<p class=\"tgt\" data-section=\"7\"><span class=\"tgt\" data-section=\"7\" data-sentence=\"0\" data-group=\"7-0\">Protecci\u00f3n del medio ambiente, energ\u00eda verde y nueva.<\/span><\/p>\n<p data-section=\"7\"><span class=\"tgt\" data-section=\"0\" data-sentence=\"0\" data-group=\"0-0\">Proceso de ensamblaje militar de bater\u00edas de alta corriente pulsada: Longsing se fabrica siguiendo estrictamente la tecnolog\u00eda militar. Antes del ensamblaje, es necesario seleccionar ultracondensadores con voltaje y resistencia interna uniformes para controlar la consistencia y estabilidad de la bater\u00eda, evitando as\u00ed un rendimiento inestable causado por el estado inconsistente de una sola bater\u00eda durante su uso.<\/span><span class=\"tgt\" data-section=\"0\" data-sentence=\"1\" data-group=\"0-1\"> Lansen comprueba rigurosamente la calidad de cada grupo de ultracondensadores antes del env\u00edo, tales como: voltaje de carga, voltaje de circuito abierto, resistencia interna de la bater\u00eda y otras series de controles de calidad;<\/span><\/p>\n<p data-section=\"7\">Si su dispositivo necesita una mayor corriente para cargar datos de comunicaci\u00f3n en segundo plano, puede utilizar la tecnolog\u00eda de supercondensadores de Lang Litters. Si desea que la vida \u00fatil del equipo sea m\u00e1s larga, puede ensamblar una bater\u00eda de cloruro de tionilo de litio y una bater\u00eda de supercondensador HPC juntas, lo que puede hacer que su equipo dure m\u00e1s, mantenga un gran pulso de corriente, estabilidad de voltaje, baja temperatura y descarga de gran corriente a 40 \u00b0C.<\/p>","protected":false},"excerpt":{"rendered":"<p class=\"tgt\" data-section=\"0\"><span class=\"tgt\" data-section=\"0\" data-sentence=\"0\" data-group=\"0-0\">Modelo de producto: HPC1550-2S3P<\/span><\/p>\n<p class=\"tgt\" data-section=\"1\"><span class=\"tgt\" data-section=\"1\" data-sentence=\"0\" data-group=\"1-0\">Tensi\u00f3n nominal (V): 8V<\/span><\/p>\n<p class=\"tgt\" data-section=\"2\"><span class=\"tgt\" data-section=\"2\" data-sentence=\"0\" data-group=\"2-0\">Capacidad nominal: 1500 mAh<\/span><\/p>\n<p class=\"tgt\" data-section=\"3\"><span class=\"tgt\" data-section=\"3\" data-sentence=\"0\" data-group=\"3-0\">Corriente m\u00e1xima de pulso (A): 3A<\/span><\/p>\n<p class=\"tgt\" data-section=\"4\"><span class=\"tgt\" data-section=\"4\" data-sentence=\"0\" data-group=\"4-0\">Temperatura de funcionamiento: -40 \u00b0C a +85 \u00b0C<\/span><\/p>\n<p class=\"tgt\" data-section=\"5\"><span class=\"tgt\" data-section=\"5\" data-sentence=\"0\" data-group=\"5-0\">Tensi\u00f3n de terminaci\u00f3n (V): 2,5 V<\/span><\/p>\n<p class=\"tgt\" data-section=\"6\"><span class=\"tgt\" data-section=\"6\" data-sentence=\"0\" data-group=\"6-0\">Tasa anual de autodescarga: &lt; 1%<\/span><\/p>","protected":false},"featured_media":4621,"template":"","meta":{"_acf_changed":false,"site-sidebar-layout":"default","site-content-layout":"default","ast-site-content-layout":"","site-content-style":"default","site-sidebar-style":"default","ast-global-header-display":"","ast-banner-title-visibility":"","ast-main-header-display":"","ast-hfb-above-header-display":"","ast-hfb-below-header-display":"","ast-hfb-mobile-header-display":"","site-post-title":"","ast-breadcrumbs-content":"","ast-featured-img":"","footer-sml-layout":"","theme-transparent-header-meta":"default","adv-header-id-meta":"","stick-header-meta":"","header-above-stick-meta":"","header-main-stick-meta":"","header-below-stick-meta":"","astra-migrate-meta-layouts":"default","ast-page-background-enabled":"default","ast-page-background-meta":{"desktop":{"background-color":"","background-image":"","background-repeat":"repeat","background-position":"center center","background-size":"auto","background-attachment":"scroll","background-type":"","background-media":"","overlay-type":"","overlay-color":"","overlay-opacity":"","overlay-gradient":""},"tablet":{"background-color":"","background-image":"","background-repeat":"repeat","background-position":"center center","background-size":"auto","background-attachment":"scroll","background-type":"","background-media":"","overlay-type":"","overlay-color":"","overlay-opacity":"","overlay-gradient":""},"mobile":{"background-color":"","background-image":"","background-repeat":"repeat","background-position":"center center","background-size":"auto","background-attachment":"scroll","background-type":"","background-media":"","overlay-type":"","overlay-color":"","overlay-opacity":"","overlay-gradient":""}},"ast-content-background-meta":{"desktop":{"background-color":"var(--ast-global-color-5)","background-image":"","background-repeat":"repeat","background-position":"center center","background-size":"auto","background-attachment":"scroll","background-type":"","background-media":"","overlay-type":"","overlay-color":"","overlay-opacity":"","overlay-gradient":""},"tablet":{"background-color":"var(--ast-global-color-5)","background-image":"","background-repeat":"repeat","background-position":"center center","background-size":"auto","background-attachment":"scroll","background-type":"","background-media":"","overlay-type":"","overlay-color":"","overlay-opacity":"","overlay-gradient":""},"mobile":{"background-color":"var(--ast-global-color-5)","background-image":"","background-repeat":"repeat","background-position":"center center","background-size":"auto","background-attachment":"scroll","background-type":"","background-media":"","overlay-type":"","overlay-color":"","overlay-opacity":"","overlay-gradient":""}}},"product_brand":[],"product_cat":[39],"product_tag":[],"class_list":{"0":"post-4619","1":"product","2":"type-product","3":"status-publish","4":"has-post-thumbnail","6":"product_cat-custom-iot-battery-pack","7":"desktop-align-left","8":"tablet-align-left","9":"mobile-align-left","11":"first","12":"instock","13":"shipping-taxable","14":"product-type-simple"},"acf":[],"yoast_head":"<!-- This site is optimized with the Yoast SEO plugin v27.3 - https:\/\/yoast.com\/product\/yoast-seo-wordpress\/ -->\n<title>supercapacitor - Ahotech.com<\/title>\n<meta name=\"description\" content=\"Longsing produces supercapacitors with market leading performance, our fast lead times and customised solutions set Longsing apart.\" \/>\n<meta name=\"robots\" content=\"index, follow, max-snippet:-1, max-image-preview:large, max-video-preview:-1\" \/>\n<link rel=\"canonical\" href=\"https:\/\/www.ahotech.com\/es\/producto\/supercondensador\/\" \/>\n<meta property=\"og:locale\" content=\"es_ES\" \/>\n<meta property=\"og:type\" content=\"article\" \/>\n<meta property=\"og:title\" content=\"supercapacitor - Ahotech.com\" \/>\n<meta property=\"og:description\" content=\"Longsing produces supercapacitors with market leading performance, our fast lead times and customised solutions set Longsing apart.\" \/>\n<meta property=\"og:url\" content=\"https:\/\/www.ahotech.com\/es\/producto\/supercondensador\/\" \/>\n<meta property=\"og:site_name\" content=\"Ahotech.com\" \/>\n<meta property=\"article:modified_time\" content=\"2022-03-22T05:32:05+00:00\" \/>\n<meta property=\"og:image\" content=\"https:\/\/www.ahotech.com\/wp-content\/uploads\/2022\/03\/supercapacitor-battery.jpg\" \/>\n\t<meta property=\"og:image:width\" content=\"800\" \/>\n\t<meta property=\"og:image:height\" content=\"800\" \/>\n\t<meta property=\"og:image:type\" content=\"image\/jpeg\" \/>\n<meta name=\"twitter:card\" content=\"summary_large_image\" \/>\n<meta name=\"twitter:label1\" content=\"Tiempo de lectura\" \/>\n\t<meta name=\"twitter:data1\" content=\"2 minutos\" \/>\n<script type=\"application\/ld+json\" class=\"yoast-schema-graph\">{\"@context\":\"https:\\\/\\\/schema.org\",\"@graph\":[{\"@type\":\"WebPage\",\"@id\":\"https:\\\/\\\/www.ahotech.com\\\/et\\\/toode\\\/superkondensaator\\\/\",\"url\":\"https:\\\/\\\/www.ahotech.com\\\/et\\\/toode\\\/superkondensaator\\\/\",\"name\":\"supercapacitor - Ahotech.com\",\"isPartOf\":{\"@id\":\"https:\\\/\\\/www.ahotech.com\\\/es\\\/#website\"},\"primaryImageOfPage\":{\"@id\":\"https:\\\/\\\/www.ahotech.com\\\/et\\\/toode\\\/superkondensaator\\\/#primaryimage\"},\"image\":{\"@id\":\"https:\\\/\\\/www.ahotech.com\\\/et\\\/toode\\\/superkondensaator\\\/#primaryimage\"},\"thumbnailUrl\":\"https:\\\/\\\/www.ahotech.com\\\/wp-content\\\/uploads\\\/2022\\\/03\\\/supercapacitor-battery.jpg\",\"datePublished\":\"2022-03-22T05:31:58+00:00\",\"dateModified\":\"2022-03-22T05:32:05+00:00\",\"description\":\"Longsing produces supercapacitors with market leading performance, our fast lead times and customised solutions set Longsing apart.\",\"breadcrumb\":{\"@id\":\"https:\\\/\\\/www.ahotech.com\\\/et\\\/toode\\\/superkondensaator\\\/#breadcrumb\"},\"inLanguage\":\"es\",\"potentialAction\":[{\"@type\":\"ReadAction\",\"target\":[\"https:\\\/\\\/www.ahotech.com\\\/et\\\/toode\\\/superkondensaator\\\/\"]}]},{\"@type\":\"ImageObject\",\"inLanguage\":\"es\",\"@id\":\"https:\\\/\\\/www.ahotech.com\\\/et\\\/toode\\\/superkondensaator\\\/#primaryimage\",\"url\":\"https:\\\/\\\/www.ahotech.com\\\/wp-content\\\/uploads\\\/2022\\\/03\\\/supercapacitor-battery.jpg\",\"contentUrl\":\"https:\\\/\\\/www.ahotech.com\\\/wp-content\\\/uploads\\\/2022\\\/03\\\/supercapacitor-battery.jpg\",\"width\":800,\"height\":800,\"caption\":\"supercapacitor battery\"},{\"@type\":\"BreadcrumbList\",\"@id\":\"https:\\\/\\\/www.ahotech.com\\\/et\\\/toode\\\/superkondensaator\\\/#breadcrumb\",\"itemListElement\":[{\"@type\":\"ListItem\",\"position\":1,\"name\":\"Home\",\"item\":\"https:\\\/\\\/www.ahotech.com\\\/es\\\/\"},{\"@type\":\"ListItem\",\"position\":2,\"name\":\"Store\",\"item\":\"https:\\\/\\\/www.ahotech.com\\\/es\\\/store\\\/\"},{\"@type\":\"ListItem\",\"position\":3,\"name\":\"supercapacitor\"}]},{\"@type\":\"WebSite\",\"@id\":\"https:\\\/\\\/www.ahotech.com\\\/es\\\/#website\",\"url\":\"https:\\\/\\\/www.ahotech.com\\\/es\\\/\",\"name\":\"Ahotech.com\",\"description\":\"lithium battery manufacturers\",\"publisher\":{\"@id\":\"https:\\\/\\\/www.ahotech.com\\\/es\\\/#organization\"},\"potentialAction\":[{\"@type\":\"SearchAction\",\"target\":{\"@type\":\"EntryPoint\",\"urlTemplate\":\"https:\\\/\\\/www.ahotech.com\\\/es\\\/?s={search_term_string}\"},\"query-input\":{\"@type\":\"PropertyValueSpecification\",\"valueRequired\":true,\"valueName\":\"search_term_string\"}}],\"inLanguage\":\"es\"},{\"@type\":\"Organization\",\"@id\":\"https:\\\/\\\/www.ahotech.com\\\/es\\\/#organization\",\"name\":\"Ahotech.com\",\"url\":\"https:\\\/\\\/www.ahotech.com\\\/es\\\/\",\"logo\":{\"@type\":\"ImageObject\",\"inLanguage\":\"es\",\"@id\":\"https:\\\/\\\/www.ahotech.com\\\/es\\\/#\\\/schema\\\/logo\\\/image\\\/\",\"url\":\"https:\\\/\\\/www.ahotech.com\\\/wp-content\\\/uploads\\\/2021\\\/10\\\/battery-site-logo.jpg\",\"contentUrl\":\"https:\\\/\\\/www.ahotech.com\\\/wp-content\\\/uploads\\\/2021\\\/10\\\/battery-site-logo.jpg\",\"width\":1297,\"height\":465,\"caption\":\"Ahotech.com\"},\"image\":{\"@id\":\"https:\\\/\\\/www.ahotech.com\\\/es\\\/#\\\/schema\\\/logo\\\/image\\\/\"}}]}<\/script>\n<!-- \/ Yoast SEO plugin. -->","yoast_head_json":{"title":"supercondensador - Ahotech.com","description":"Longsing fabrica supercondensadores con un rendimiento l\u00edder en el mercado; nuestros plazos de entrega r\u00e1pidos y soluciones personalizadas distinguen a Longsing.","robots":{"index":"index","follow":"follow","max-snippet":"max-snippet:-1","max-image-preview":"max-image-preview:large","max-video-preview":"max-video-preview:-1"},"canonical":"https:\/\/www.ahotech.com\/es\/producto\/supercondensador\/","og_locale":"es_ES","og_type":"article","og_title":"supercapacitor - Ahotech.com","og_description":"Longsing produces supercapacitors with market leading performance, our fast lead times and customised solutions set Longsing apart.","og_url":"https:\/\/www.ahotech.com\/es\/producto\/supercondensador\/","og_site_name":"Ahotech.com","article_modified_time":"2022-03-22T05:32:05+00:00","og_image":[{"width":800,"height":800,"url":"https:\/\/www.ahotech.com\/wp-content\/uploads\/2022\/03\/supercapacitor-battery.jpg","type":"image\/jpeg"}],"twitter_card":"summary_large_image","twitter_misc":{"Tiempo de lectura":"2 minutos"},"schema":{"@context":"https:\/\/schema.org","@graph":[{"@type":"WebPage","@id":"https:\/\/www.ahotech.com\/et\/toode\/superkondensaator\/","url":"https:\/\/www.ahotech.com\/et\/toode\/superkondensaator\/","name":"supercondensador - Ahotech.com","isPartOf":{"@id":"https:\/\/www.ahotech.com\/es\/#website"},"primaryImageOfPage":{"@id":"https:\/\/www.ahotech.com\/et\/toode\/superkondensaator\/#primaryimage"},"image":{"@id":"https:\/\/www.ahotech.com\/et\/toode\/superkondensaator\/#primaryimage"},"thumbnailUrl":"https:\/\/www.ahotech.com\/wp-content\/uploads\/2022\/03\/supercapacitor-battery.jpg","datePublished":"2022-03-22T05:31:58+00:00","dateModified":"2022-03-22T05:32:05+00:00","description":"Longsing fabrica supercondensadores con un rendimiento l\u00edder en el mercado; nuestros plazos de entrega r\u00e1pidos y soluciones personalizadas distinguen a Longsing.","breadcrumb":{"@id":"https:\/\/www.ahotech.com\/et\/toode\/superkondensaator\/#breadcrumb"},"inLanguage":"es","potentialAction":[{"@type":"ReadAction","target":["https:\/\/www.ahotech.com\/et\/toode\/superkondensaator\/"]}]},{"@type":"ImageObject","inLanguage":"es","@id":"https:\/\/www.ahotech.com\/et\/toode\/superkondensaator\/#primaryimage","url":"https:\/\/www.ahotech.com\/wp-content\/uploads\/2022\/03\/supercapacitor-battery.jpg","contentUrl":"https:\/\/www.ahotech.com\/wp-content\/uploads\/2022\/03\/supercapacitor-battery.jpg","width":800,"height":800,"caption":"supercapacitor battery"},{"@type":"BreadcrumbList","@id":"https:\/\/www.ahotech.com\/et\/toode\/superkondensaator\/#breadcrumb","itemListElement":[{"@type":"ListItem","position":1,"name":"Home","item":"https:\/\/www.ahotech.com\/es\/"},{"@type":"ListItem","position":2,"name":"Store","item":"https:\/\/www.ahotech.com\/es\/store\/"},{"@type":"ListItem","position":3,"name":"supercapacitor"}]},{"@type":"WebSite","@id":"https:\/\/www.ahotech.com\/es\/#website","url":"https:\/\/www.ahotech.com\/es\/","name":"Ahotech.com","description":"fabricantes de bater\u00edas de litio","publisher":{"@id":"https:\/\/www.ahotech.com\/es\/#organization"},"potentialAction":[{"@type":"SearchAction","target":{"@type":"EntryPoint","urlTemplate":"https:\/\/www.ahotech.com\/es\/?s={search_term_string}"},"query-input":{"@type":"PropertyValueSpecification","valueRequired":true,"valueName":"search_term_string"}}],"inLanguage":"es"},{"@type":"Organization","@id":"https:\/\/www.ahotech.com\/es\/#organization","name":"Ahotech.com","url":"https:\/\/www.ahotech.com\/es\/","logo":{"@type":"ImageObject","inLanguage":"es","@id":"https:\/\/www.ahotech.com\/es\/#\/schema\/logo\/image\/","url":"https:\/\/www.ahotech.com\/wp-content\/uploads\/2021\/10\/battery-site-logo.jpg","contentUrl":"https:\/\/www.ahotech.com\/wp-content\/uploads\/2021\/10\/battery-site-logo.jpg","width":1297,"height":465,"caption":"Ahotech.com"},"image":{"@id":"https:\/\/www.ahotech.com\/es\/#\/schema\/logo\/image\/"}}]}},"_links":{"self":[{"href":"https:\/\/www.ahotech.com\/es\/wp-json\/wp\/v2\/product\/4619","targetHints":{"allow":["GET"]}}],"collection":[{"href":"https:\/\/www.ahotech.com\/es\/wp-json\/wp\/v2\/product"}],"about":[{"href":"https:\/\/www.ahotech.com\/es\/wp-json\/wp\/v2\/types\/product"}],"version-history":[{"count":1,"href":"https:\/\/www.ahotech.com\/es\/wp-json\/wp\/v2\/product\/4619\/revisions"}],"predecessor-version":[{"id":4624,"href":"https:\/\/www.ahotech.com\/es\/wp-json\/wp\/v2\/product\/4619\/revisions\/4624"}],"wp:featuredmedia":[{"embeddable":true,"href":"https:\/\/www.ahotech.com\/es\/wp-json\/wp\/v2\/media\/4621"}],"wp:attachment":[{"href":"https:\/\/www.ahotech.com\/es\/wp-json\/wp\/v2\/media?parent=4619"}],"wp:term":[{"taxonomy":"product_brand","embeddable":true,"href":"https:\/\/www.ahotech.com\/es\/wp-json\/wp\/v2\/product_brand?post=4619"},{"taxonomy":"product_cat","embeddable":true,"href":"https:\/\/www.ahotech.com\/es\/wp-json\/wp\/v2\/product_cat?post=4619"},{"taxonomy":"product_tag","embeddable":true,"href":"https:\/\/www.ahotech.com\/es\/wp-json\/wp\/v2\/product_tag?post=4619"}],"curies":[{"name":"wp","href":"https:\/\/api.w.org\/{rel}","templated":true}]}}