{"id":4601,"date":"2022-03-19T06:27:52","date_gmt":"2022-03-19T06:27:52","guid":{"rendered":"https:\/\/www.ahotech.com\/?post_type=product&#038;p=4601"},"modified":"2022-03-19T06:47:29","modified_gmt":"2022-03-19T06:47:29","slug":"bateria-a-prueba-de-agua","status":"publish","type":"product","link":"https:\/\/www.ahotech.com\/es\/product\/water-proof-battery\/","title":{"rendered":"bater\u00eda a prueba de agua"},"content":{"rendered":"<p><span class=\"tgt\" data-section=\"0\" data-sentence=\"0\" data-group=\"0-0\">En vista de las limitaciones de los equipos de Internet de las cosas en el entorno exterior, desarrollamos y producimos bater\u00edas a prueba de agua para garantizar el rendimiento a prueba de agua del equipo.<\/span><span class=\"tgt\" data-section=\"0\" data-sentence=\"1\" data-group=\"0-1\"> Sella con pegamento epoxi.<\/span><\/p>\n<p><span class=\"tgt\" data-section=\"0\" data-sentence=\"0\" data-group=\"0-0\">Longsing Technologies se fund\u00f3 en 2000 y se ha dedicado a la investigaci\u00f3n, el desarrollo y la aplicaci\u00f3n de tecnolog\u00eda de bater\u00edas.<\/span><span class=\"tgt\" data-section=\"0\" data-sentence=\"1\" data-group=\"0-1\"> La empresa dispone de una bater\u00eda primaria (cloruro de sulfurilo de litio), una bater\u00eda secundaria (<a href=\"https:\/\/www.ahotech.com\/es\/producto\/bateria-de-litio-18650-de-37-v\/\">bater\u00eda recargable de iones de litio<\/a>) investigaci\u00f3n y desarrollo, capacidad de producci\u00f3n.<\/span><span class=\"tgt\" data-section=\"0\" data-sentence=\"2\" data-group=\"0-2\"> En los \u00faltimos a\u00f1os, apoy\u00e1ndose en la empresa matriz en Hong Kong y cooperando activamente con instituciones internacionales de investigaci\u00f3n cient\u00edfica, la empresa ha desarrollado con \u00e9xito una bater\u00eda de Internet de las cosas de amplia temperatura (compuesta por una bater\u00eda de cloruro de tionilo de litio en paralelo con un condensador de pulso compuesto), que puede funcionar de manera estable en el rango de temperatura de -40 \u2103 - + 85 \u2103, rompiendo la cabeza t\u00e9cnica de la bater\u00eda de iones de litio y la bater\u00eda de cloruro de tionilo de litio.<\/span><span class=\"tgt\" data-section=\"0\" data-sentence=\"3\" data-group=\"0-3\"> Y solicit\u00f3 m\u00e1s de 30 patentes de invenci\u00f3n.<\/span><span class=\"tgt\" data-section=\"0\" data-sentence=\"4\" data-group=\"0-4\"> Continuaremos innovando y desarrollando nuevos productos para satisfacer las necesidades del desarrollo futuro de la tecnolog\u00eda de Internet de las cosas.<\/span><span class=\"tgt\" data-section=\"0\" data-sentence=\"5\" data-group=\"0-5\"> Como el transporte inteligente, el sistema inteligente de contenedores, el sistema de posicionamiento GPS, el posicionamiento submarino, el sistema de log\u00edstica y transporte, estos campos se pueden fabricar con bater\u00edas a prueba de agua seg\u00fan los requisitos del cliente.<\/span><\/p>\n<p class=\"tgt\" data-section=\"0\"><span class=\"tgt\" data-section=\"0\" data-sentence=\"0\" data-group=\"0-0\">Principio de funcionamiento del paquete de bater\u00edas IoT:<\/span><\/p>\n<p class=\"tgt\" data-section=\"1\"><span class=\"tgt\" data-section=\"1\" data-sentence=\"0\" data-group=\"1-0\">La subbater\u00eda de litio es una bater\u00eda de metal de litio con una densidad energ\u00e9tica cercana a la de los hidrocarburos, que es la direcci\u00f3n futura de la tecnolog\u00eda de las bater\u00edas.<\/span><span class=\"tgt\" data-section=\"1\" data-sentence=\"1\" data-group=\"1-1\"> Peque\u00f1o volumen y gran capacidad, tambi\u00e9n puede ser una bater\u00eda resistente al agua.<\/span><span class=\"tgt\" data-section=\"1\" data-sentence=\"2\" data-group=\"1-2\"> Ahora, la mayor desventaja de la bater\u00eda de litio solo puede ser la descarga de corriente peque\u00f1a, como ER26500 solo puede ser de 2 mA, bajo la condici\u00f3n de temperatura y humedad constantes a temperatura ambiente para alcanzar la capacidad te\u00f3rica de 8.5 AH, la corriente, el cambio de temperatura tiene un gran impacto en el rendimiento, por lo que generalmente se utiliza en equipos de peque\u00f1a corriente.<\/span><span class=\"tgt\" data-section=\"1\" data-sentence=\"3\" data-group=\"1-3\"> Para aprovechar al m\u00e1ximo la capacidad de las bater\u00edas de iones de litio, Lonson Technology desarroll\u00f3 la HPC. Para maximizar el rendimiento de las bater\u00edas de iones de litio, los paquetes de bater\u00edas IoT ofrecen la ventaja de una larga vida \u00fatil.<\/span><\/p>\n<p class=\"tgt\" data-section=\"0\"><span class=\"tgt\" data-section=\"0\" data-sentence=\"0\" data-group=\"0-0\">Caracter\u00edsticas de rendimiento del paquete de bater\u00eda a prueba de agua:<\/span><\/p>\n<p class=\"tgt\" data-section=\"1\"><span class=\"tgt\" data-section=\"1\" data-sentence=\"0\" data-group=\"1-0\">Capacidad de corriente de pulso alta;<\/span><\/p>\n<p class=\"tgt\" data-section=\"2\"><span class=\"tgt\" data-section=\"2\" data-sentence=\"0\" data-group=\"2-0\">Respuesta r\u00e1pida de voltaje (sin retraso de voltaje);<\/span><\/p>\n<p class=\"tgt\" data-section=\"3\"><span class=\"tgt\" data-section=\"3\" data-sentence=\"0\" data-group=\"3-0\">Alta confiabilidad (soldadura l\u00e1ser, sello de vidrio a metal, puede adaptarse a entornos h\u00famedos, evitar fugas);<\/span><\/p>\n<p class=\"tgt\" data-section=\"4\"><span class=\"tgt\" data-section=\"4\" data-sentence=\"0\" data-group=\"4-0\">Excelente conservaci\u00f3n (10 a\u00f1os);<\/span><\/p>\n<p class=\"tgt\" data-section=\"5\"><span class=\"tgt\" data-section=\"5\" data-sentence=\"0\" data-group=\"5-0\">Paquete de bater\u00eda de larga duraci\u00f3n, se garantiza el rendimiento del extremo de la bater\u00eda;<\/span><\/p>\n<p class=\"tgt\" data-section=\"6\"><span class=\"tgt\" data-section=\"6\" data-sentence=\"0\" data-group=\"6-0\">Ciclo de vida ultra largo: 5000 ciclos 100%DOD;<\/span><\/p>\n<p class=\"tgt\" data-section=\"7\"><span class=\"tgt\" data-section=\"7\" data-sentence=\"0\" data-group=\"7-0\">La temperatura extremadamente baja puede ser una fuente de alimentaci\u00f3n de carga normal;<\/span><\/p>\n<p class=\"tgt\" data-section=\"8\"><span class=\"tgt\" data-section=\"8\" data-sentence=\"0\" data-group=\"8-0\">Las bater\u00edas impermeables no permiten la entrada de l\u00edquidos.<\/span><\/p>\n<p class=\"tgt\" data-section=\"0\"><span class=\"tgt\" data-section=\"0\" data-sentence=\"0\" data-group=\"0-0\">Proceso de ensamblaje militar de bater\u00eda a prueba de agua: el dise\u00f1o especial de la bater\u00eda de litio se ajusta a las caracter\u00edsticas de la capacitancia, la producci\u00f3n de litros de lang en estricta conformidad con la tecnolog\u00eda militar, antes del ensamblaje debe seleccionar el voltaje, la resistencia interna de las bater\u00edas de litio, controlar la consistencia y estabilidad de la bater\u00eda, evitar la bater\u00eda cuando se usa uno de los estados de bater\u00eda de mon\u00f3mero y traer el riesgo de accidentes.<\/span><span class=\"tgt\" data-section=\"0\" data-sentence=\"1\" data-group=\"0-1\"> Lansen verifica estrictamente la calidad de cada grupo de bater\u00edas antes del env\u00edo, como: voltaje de carga, voltaje de circuito abierto, resistencia interna de la bater\u00eda y otras series de control de calidad;<\/span><\/p>\n<p class=\"tgt\" data-section=\"1\"><span class=\"tgt\" data-section=\"1\" data-sentence=\"0\" data-group=\"1-0\">Si tiene requisitos personalizados para la impermeabilizaci\u00f3n de bater\u00edas, llame a Longsing Technology.<\/span><\/p>","protected":false},"excerpt":{"rendered":"<p class=\"tgt\" data-section=\"0\"><span class=\"tgt\" data-section=\"0\" data-sentence=\"0\" data-group=\"0-0\">Modelo del producto: ER26500+HPC1520<\/span><\/p>\n<p class=\"tgt\" data-section=\"1\"><span class=\"tgt\" data-section=\"1\" data-sentence=\"0\" data-group=\"1-0\">Tensi\u00f3n nominal (V): 3,6<\/span><\/p>\n<p class=\"tgt\" data-section=\"2\"><span class=\"tgt\" data-section=\"2\" data-sentence=\"0\" data-group=\"2-0\">Capacidad nominal (mAh): 8500<\/span><\/p>\n<p class=\"tgt\" data-section=\"3\"><span class=\"tgt\" data-section=\"3\" data-sentence=\"0\" data-group=\"3-0\">Corriente m\u00e1xima de descarga continua (mA): 1000<\/span><\/p>\n<p class=\"tgt\" data-section=\"4\"><span class=\"tgt\" data-section=\"4\" data-sentence=\"0\" data-group=\"4-0\">Temperatura de funcionamiento (\u2103): -40~+85<\/span><\/p>\n<p class=\"tgt\" data-section=\"5\"><span class=\"tgt\" data-section=\"5\" data-sentence=\"0\" data-group=\"5-0\">Tasa de autodescarga anual: &lt; 2%<\/span><\/p>","protected":false},"featured_media":4605,"template":"","meta":{"_acf_changed":false,"site-sidebar-layout":"default","site-content-layout":"default","ast-site-content-layout":"","site-content-style":"default","site-sidebar-style":"default","ast-global-header-display":"","ast-banner-title-visibility":"","ast-main-header-display":"","ast-hfb-above-header-display":"","ast-hfb-below-header-display":"","ast-hfb-mobile-header-display":"","site-post-title":"","ast-breadcrumbs-content":"","ast-featured-img":"","footer-sml-layout":"","theme-transparent-header-meta":"default","adv-header-id-meta":"","stick-header-meta":"","header-above-stick-meta":"","header-main-stick-meta":"","header-below-stick-meta":"","astra-migrate-meta-layouts":"default","ast-page-background-enabled":"default","ast-page-background-meta":{"desktop":{"background-color":"","background-image":"","background-repeat":"repeat","background-position":"center center","background-size":"auto","background-attachment":"scroll","background-type":"","background-media":"","overlay-type":"","overlay-color":"","overlay-opacity":"","overlay-gradient":""},"tablet":{"background-color":"","background-image":"","background-repeat":"repeat","background-position":"center center","background-size":"auto","background-attachment":"scroll","background-type":"","background-media":"","overlay-type":"","overlay-color":"","overlay-opacity":"","overlay-gradient":""},"mobile":{"background-color":"","background-image":"","background-repeat":"repeat","background-position":"center center","background-size":"auto","background-attachment":"scroll","background-type":"","background-media":"","overlay-type":"","overlay-color":"","overlay-opacity":"","overlay-gradient":""}},"ast-content-background-meta":{"desktop":{"background-color":"var(--ast-global-color-5)","background-image":"","background-repeat":"repeat","background-position":"center center","background-size":"auto","background-attachment":"scroll","background-type":"","background-media":"","overlay-type":"","overlay-color":"","overlay-opacity":"","overlay-gradient":""},"tablet":{"background-color":"var(--ast-global-color-5)","background-image":"","background-repeat":"repeat","background-position":"center center","background-size":"auto","background-attachment":"scroll","background-type":"","background-media":"","overlay-type":"","overlay-color":"","overlay-opacity":"","overlay-gradient":""},"mobile":{"background-color":"var(--ast-global-color-5)","background-image":"","background-repeat":"repeat","background-position":"center center","background-size":"auto","background-attachment":"scroll","background-type":"","background-media":"","overlay-type":"","overlay-color":"","overlay-opacity":"","overlay-gradient":""}}},"product_brand":[],"product_cat":[39],"product_tag":[],"class_list":{"0":"post-4601","1":"product","2":"type-product","3":"status-publish","4":"has-post-thumbnail","6":"product_cat-custom-iot-battery-pack","7":"desktop-align-left","8":"tablet-align-left","9":"mobile-align-left","11":"first","12":"instock","13":"shipping-taxable","14":"product-type-simple"},"acf":[],"yoast_head":"<!-- This site is optimized with the Yoast SEO plugin v27.3 - https:\/\/yoast.com\/product\/yoast-seo-wordpress\/ -->\n<title>water proof battery - Ahotech.com<\/title>\n<meta name=\"description\" content=\"Longsing Technology focuses on battery customization and can achieve battery waterproof and other requirements.In view of the limitations of the Internet of Things equipment in the outdoor environment, we develop and produce water proof battery to ensure the water proof performance of the equipment,Seal with epoxy glue.\" \/>\n<meta name=\"robots\" content=\"index, follow, max-snippet:-1, max-image-preview:large, max-video-preview:-1\" \/>\n<link rel=\"canonical\" href=\"https:\/\/www.ahotech.com\/es\/producto\/bateria-a-prueba-de-agua\/\" \/>\n<meta property=\"og:locale\" content=\"es_ES\" \/>\n<meta property=\"og:type\" content=\"article\" \/>\n<meta property=\"og:title\" content=\"water proof battery - Ahotech.com\" \/>\n<meta property=\"og:description\" content=\"Longsing Technology focuses on battery customization and can achieve battery waterproof and other requirements.In view of the limitations of the Internet of Things equipment in the outdoor environment, we develop and produce water proof battery to ensure the water proof performance of the equipment,Seal with epoxy glue.\" \/>\n<meta property=\"og:url\" content=\"https:\/\/www.ahotech.com\/es\/producto\/bateria-a-prueba-de-agua\/\" \/>\n<meta property=\"og:site_name\" content=\"Ahotech.com\" \/>\n<meta property=\"article:modified_time\" content=\"2022-03-19T06:47:29+00:00\" \/>\n<meta property=\"og:image\" content=\"https:\/\/www.ahotech.com\/wp-content\/uploads\/2022\/03\/water-proof-battery.jpg\" \/>\n\t<meta property=\"og:image:width\" content=\"800\" \/>\n\t<meta property=\"og:image:height\" content=\"800\" \/>\n\t<meta property=\"og:image:type\" content=\"image\/jpeg\" \/>\n<meta name=\"twitter:card\" content=\"summary_large_image\" \/>\n<meta name=\"twitter:label1\" content=\"Tiempo de lectura\" \/>\n\t<meta name=\"twitter:data1\" content=\"3 minutos\" \/>\n<script type=\"application\/ld+json\" class=\"yoast-schema-graph\">{\"@context\":\"https:\\\/\\\/schema.org\",\"@graph\":[{\"@type\":\"WebPage\",\"@id\":\"https:\\\/\\\/www.ahotech.com\\\/fi\\\/tuote\\\/vedenpitava-akku\\\/\",\"url\":\"https:\\\/\\\/www.ahotech.com\\\/fi\\\/tuote\\\/vedenpitava-akku\\\/\",\"name\":\"water proof battery - Ahotech.com\",\"isPartOf\":{\"@id\":\"https:\\\/\\\/www.ahotech.com\\\/es\\\/#website\"},\"primaryImageOfPage\":{\"@id\":\"https:\\\/\\\/www.ahotech.com\\\/fi\\\/tuote\\\/vedenpitava-akku\\\/#primaryimage\"},\"image\":{\"@id\":\"https:\\\/\\\/www.ahotech.com\\\/fi\\\/tuote\\\/vedenpitava-akku\\\/#primaryimage\"},\"thumbnailUrl\":\"https:\\\/\\\/www.ahotech.com\\\/wp-content\\\/uploads\\\/2022\\\/03\\\/water-proof-battery.jpg\",\"datePublished\":\"2022-03-19T06:27:52+00:00\",\"dateModified\":\"2022-03-19T06:47:29+00:00\",\"description\":\"Longsing Technology focuses on battery customization and can achieve battery waterproof and other requirements.In view of the limitations of the Internet of Things equipment in the outdoor environment, we develop and produce water proof battery to ensure the water proof performance of the equipment,Seal with epoxy glue.\",\"breadcrumb\":{\"@id\":\"https:\\\/\\\/www.ahotech.com\\\/fi\\\/tuote\\\/vedenpitava-akku\\\/#breadcrumb\"},\"inLanguage\":\"es\",\"potentialAction\":[{\"@type\":\"ReadAction\",\"target\":[\"https:\\\/\\\/www.ahotech.com\\\/fi\\\/tuote\\\/vedenpitava-akku\\\/\"]}]},{\"@type\":\"ImageObject\",\"inLanguage\":\"es\",\"@id\":\"https:\\\/\\\/www.ahotech.com\\\/fi\\\/tuote\\\/vedenpitava-akku\\\/#primaryimage\",\"url\":\"https:\\\/\\\/www.ahotech.com\\\/wp-content\\\/uploads\\\/2022\\\/03\\\/water-proof-battery.jpg\",\"contentUrl\":\"https:\\\/\\\/www.ahotech.com\\\/wp-content\\\/uploads\\\/2022\\\/03\\\/water-proof-battery.jpg\",\"width\":800,\"height\":800,\"caption\":\"water proof battery\"},{\"@type\":\"BreadcrumbList\",\"@id\":\"https:\\\/\\\/www.ahotech.com\\\/fi\\\/tuote\\\/vedenpitava-akku\\\/#breadcrumb\",\"itemListElement\":[{\"@type\":\"ListItem\",\"position\":1,\"name\":\"Home\",\"item\":\"https:\\\/\\\/www.ahotech.com\\\/es\\\/\"},{\"@type\":\"ListItem\",\"position\":2,\"name\":\"Store\",\"item\":\"https:\\\/\\\/www.ahotech.com\\\/es\\\/store\\\/\"},{\"@type\":\"ListItem\",\"position\":3,\"name\":\"water proof battery\"}]},{\"@type\":\"WebSite\",\"@id\":\"https:\\\/\\\/www.ahotech.com\\\/es\\\/#website\",\"url\":\"https:\\\/\\\/www.ahotech.com\\\/es\\\/\",\"name\":\"Ahotech.com\",\"description\":\"lithium battery manufacturers\",\"publisher\":{\"@id\":\"https:\\\/\\\/www.ahotech.com\\\/es\\\/#organization\"},\"potentialAction\":[{\"@type\":\"SearchAction\",\"target\":{\"@type\":\"EntryPoint\",\"urlTemplate\":\"https:\\\/\\\/www.ahotech.com\\\/es\\\/?s={search_term_string}\"},\"query-input\":{\"@type\":\"PropertyValueSpecification\",\"valueRequired\":true,\"valueName\":\"search_term_string\"}}],\"inLanguage\":\"es\"},{\"@type\":\"Organization\",\"@id\":\"https:\\\/\\\/www.ahotech.com\\\/es\\\/#organization\",\"name\":\"Ahotech.com\",\"url\":\"https:\\\/\\\/www.ahotech.com\\\/es\\\/\",\"logo\":{\"@type\":\"ImageObject\",\"inLanguage\":\"es\",\"@id\":\"https:\\\/\\\/www.ahotech.com\\\/es\\\/#\\\/schema\\\/logo\\\/image\\\/\",\"url\":\"https:\\\/\\\/www.ahotech.com\\\/wp-content\\\/uploads\\\/2021\\\/10\\\/battery-site-logo.jpg\",\"contentUrl\":\"https:\\\/\\\/www.ahotech.com\\\/wp-content\\\/uploads\\\/2021\\\/10\\\/battery-site-logo.jpg\",\"width\":1297,\"height\":465,\"caption\":\"Ahotech.com\"},\"image\":{\"@id\":\"https:\\\/\\\/www.ahotech.com\\\/es\\\/#\\\/schema\\\/logo\\\/image\\\/\"}}]}<\/script>\n<!-- \/ Yoast SEO plugin. -->","yoast_head_json":{"title":"Bater\u00eda resistente al agua - Ahotech.com","description":"Longsing Technology se centra en la personalizaci\u00f3n de la bater\u00eda y puede lograr la impermeabilidad de la bater\u00eda y otros requisitos. En vista de las limitaciones de los equipos de Internet de las cosas en el entorno exterior, desarrollamos y producimos bater\u00edas a prueba de agua para garantizar el rendimiento a prueba de agua del equipo, sellado con pegamento epoxi.","robots":{"index":"index","follow":"follow","max-snippet":"max-snippet:-1","max-image-preview":"max-image-preview:large","max-video-preview":"max-video-preview:-1"},"canonical":"https:\/\/www.ahotech.com\/es\/producto\/bateria-a-prueba-de-agua\/","og_locale":"es_ES","og_type":"article","og_title":"water proof battery - Ahotech.com","og_description":"Longsing Technology focuses on battery customization and can achieve battery waterproof and other requirements.In view of the limitations of the Internet of Things equipment in the outdoor environment, we develop and produce water proof battery to ensure the water proof performance of the equipment,Seal with epoxy glue.","og_url":"https:\/\/www.ahotech.com\/es\/producto\/bateria-a-prueba-de-agua\/","og_site_name":"Ahotech.com","article_modified_time":"2022-03-19T06:47:29+00:00","og_image":[{"width":800,"height":800,"url":"https:\/\/www.ahotech.com\/wp-content\/uploads\/2022\/03\/water-proof-battery.jpg","type":"image\/jpeg"}],"twitter_card":"summary_large_image","twitter_misc":{"Tiempo de lectura":"3 minutos"},"schema":{"@context":"https:\/\/schema.org","@graph":[{"@type":"WebPage","@id":"https:\/\/www.ahotech.com\/fi\/tuote\/vedenpitava-akku\/","url":"https:\/\/www.ahotech.com\/fi\/tuote\/vedenpitava-akku\/","name":"Bater\u00eda resistente al agua - Ahotech.com","isPartOf":{"@id":"https:\/\/www.ahotech.com\/es\/#website"},"primaryImageOfPage":{"@id":"https:\/\/www.ahotech.com\/fi\/tuote\/vedenpitava-akku\/#primaryimage"},"image":{"@id":"https:\/\/www.ahotech.com\/fi\/tuote\/vedenpitava-akku\/#primaryimage"},"thumbnailUrl":"https:\/\/www.ahotech.com\/wp-content\/uploads\/2022\/03\/water-proof-battery.jpg","datePublished":"2022-03-19T06:27:52+00:00","dateModified":"2022-03-19T06:47:29+00:00","description":"Longsing Technology se centra en la personalizaci\u00f3n de la bater\u00eda y puede lograr la impermeabilidad de la bater\u00eda y otros requisitos. En vista de las limitaciones de los equipos de Internet de las cosas en el entorno exterior, desarrollamos y producimos bater\u00edas a prueba de agua para garantizar el rendimiento a prueba de agua del equipo, sellado con pegamento epoxi.","breadcrumb":{"@id":"https:\/\/www.ahotech.com\/fi\/tuote\/vedenpitava-akku\/#breadcrumb"},"inLanguage":"es","potentialAction":[{"@type":"ReadAction","target":["https:\/\/www.ahotech.com\/fi\/tuote\/vedenpitava-akku\/"]}]},{"@type":"ImageObject","inLanguage":"es","@id":"https:\/\/www.ahotech.com\/fi\/tuote\/vedenpitava-akku\/#primaryimage","url":"https:\/\/www.ahotech.com\/wp-content\/uploads\/2022\/03\/water-proof-battery.jpg","contentUrl":"https:\/\/www.ahotech.com\/wp-content\/uploads\/2022\/03\/water-proof-battery.jpg","width":800,"height":800,"caption":"water proof battery"},{"@type":"BreadcrumbList","@id":"https:\/\/www.ahotech.com\/fi\/tuote\/vedenpitava-akku\/#breadcrumb","itemListElement":[{"@type":"ListItem","position":1,"name":"Home","item":"https:\/\/www.ahotech.com\/es\/"},{"@type":"ListItem","position":2,"name":"Store","item":"https:\/\/www.ahotech.com\/es\/store\/"},{"@type":"ListItem","position":3,"name":"water proof battery"}]},{"@type":"WebSite","@id":"https:\/\/www.ahotech.com\/es\/#website","url":"https:\/\/www.ahotech.com\/es\/","name":"Ahotech.com","description":"fabricantes de bater\u00edas de litio","publisher":{"@id":"https:\/\/www.ahotech.com\/es\/#organization"},"potentialAction":[{"@type":"SearchAction","target":{"@type":"EntryPoint","urlTemplate":"https:\/\/www.ahotech.com\/es\/?s={search_term_string}"},"query-input":{"@type":"PropertyValueSpecification","valueRequired":true,"valueName":"search_term_string"}}],"inLanguage":"es"},{"@type":"Organization","@id":"https:\/\/www.ahotech.com\/es\/#organization","name":"Ahotech.com","url":"https:\/\/www.ahotech.com\/es\/","logo":{"@type":"ImageObject","inLanguage":"es","@id":"https:\/\/www.ahotech.com\/es\/#\/schema\/logo\/image\/","url":"https:\/\/www.ahotech.com\/wp-content\/uploads\/2021\/10\/battery-site-logo.jpg","contentUrl":"https:\/\/www.ahotech.com\/wp-content\/uploads\/2021\/10\/battery-site-logo.jpg","width":1297,"height":465,"caption":"Ahotech.com"},"image":{"@id":"https:\/\/www.ahotech.com\/es\/#\/schema\/logo\/image\/"}}]}},"_links":{"self":[{"href":"https:\/\/www.ahotech.com\/es\/wp-json\/wp\/v2\/product\/4601","targetHints":{"allow":["GET"]}}],"collection":[{"href":"https:\/\/www.ahotech.com\/es\/wp-json\/wp\/v2\/product"}],"about":[{"href":"https:\/\/www.ahotech.com\/es\/wp-json\/wp\/v2\/types\/product"}],"version-history":[{"count":1,"href":"https:\/\/www.ahotech.com\/es\/wp-json\/wp\/v2\/product\/4601\/revisions"}],"predecessor-version":[{"id":4608,"href":"https:\/\/www.ahotech.com\/es\/wp-json\/wp\/v2\/product\/4601\/revisions\/4608"}],"wp:featuredmedia":[{"embeddable":true,"href":"https:\/\/www.ahotech.com\/es\/wp-json\/wp\/v2\/media\/4605"}],"wp:attachment":[{"href":"https:\/\/www.ahotech.com\/es\/wp-json\/wp\/v2\/media?parent=4601"}],"wp:term":[{"taxonomy":"product_brand","embeddable":true,"href":"https:\/\/www.ahotech.com\/es\/wp-json\/wp\/v2\/product_brand?post=4601"},{"taxonomy":"product_cat","embeddable":true,"href":"https:\/\/www.ahotech.com\/es\/wp-json\/wp\/v2\/product_cat?post=4601"},{"taxonomy":"product_tag","embeddable":true,"href":"https:\/\/www.ahotech.com\/es\/wp-json\/wp\/v2\/product_tag?post=4601"}],"curies":[{"name":"wp","href":"https:\/\/api.w.org\/{rel}","templated":true}]}}