{"id":4502,"date":"2022-03-12T06:34:43","date_gmt":"2022-03-12T06:34:43","guid":{"rendered":"https:\/\/www.ahotech.com\/?post_type=product&#038;p=4502"},"modified":"2022-03-12T06:34:44","modified_gmt":"2022-03-12T06:34:44","slug":"baterias-de-alta-capacidad-vs-baterias-de-alto-rendimiento-er34615-3-6v","status":"publish","type":"product","link":"https:\/\/www.ahotech.com\/es\/product\/high-capacity-vs-performance-batteries-er34615-3-6v\/","title":{"rendered":"Bater\u00edas de alta capacidad vs. bater\u00edas de alto rendimiento er34615 3.6V"},"content":{"rendered":"<p>Bater\u00edas de alta capacidad versus rendimiento: generalmente se ensamblan con m\u00faltiples celdas para lograr la capacidad especificada por el cliente y cumplir con el rendimiento de la personalizaci\u00f3n del equipo.<\/p>\n<p><span class=\"tgt\" data-section=\"0\" data-sentence=\"0\" data-group=\"0-0\">Longsing Technologies se fund\u00f3 en 2000 y se ha dedicado a la investigaci\u00f3n, el desarrollo y la aplicaci\u00f3n de tecnolog\u00eda de bater\u00edas.<\/span><span class=\"tgt\" data-section=\"0\" data-sentence=\"1\" data-group=\"0-1\"> La empresa tiene una bater\u00eda primaria (<a href=\"https:\/\/www.ahotech.com\/es\/producto\/bateria-omnicel-er34615-bateria-de-litio-er34615\/\">cloruro de sulfurilo y litio<\/a>), bater\u00eda secundaria <a href=\"https:\/\/www.ahotech.com\/es\/producto\/hybrid-capacitor-battery-1550\/\">Computaci\u00f3n de alto rendimiento<\/a> (bater\u00eda recargable de iones de litio) investigaci\u00f3n y desarrollo, capacidad de producci\u00f3n.<\/span><span class=\"tgt\" data-section=\"0\" data-sentence=\"2\" data-group=\"0-2\"> En los \u00faltimos a\u00f1os, apoy\u00e1ndose en la empresa matriz en Hong Kong y cooperando activamente con instituciones internacionales de investigaci\u00f3n cient\u00edfica, la empresa ha desarrollado con \u00e9xito una bater\u00eda de Internet de las cosas de amplia temperatura (compuesta por una bater\u00eda de cloruro de tionilo de litio en paralelo con un condensador de pulso compuesto), que puede funcionar de manera estable en el rango de temperatura de -40 \u2103 - + 85 \u2103, rompiendo la cabeza t\u00e9cnica de la bater\u00eda de iones de litio y la bater\u00eda de cloruro de tionilo de litio.<\/span><span class=\"tgt\" data-section=\"0\" data-sentence=\"3\" data-group=\"0-3\"> Y solicit\u00f3 m\u00e1s de 30 patentes de invenci\u00f3n.<\/span><span class=\"tgt\" data-section=\"0\" data-sentence=\"4\" data-group=\"0-4\"> Continuaremos innovando y desarrollando nuevos productos para satisfacer las necesidades del desarrollo futuro de la tecnolog\u00eda de Internet de las cosas.<\/span><span class=\"tgt highlight\" data-section=\"0\" data-sentence=\"5\" data-group=\"0-5\"> Como transporte inteligente, sistema inteligente de contenedores, sistema de posicionamiento GPS, posicionamiento del fondo marino, sistema log\u00edstico y de transporte.<\/span><\/p>\n<p class=\"tgt\" data-section=\"0\"><span class=\"tgt\" data-section=\"0\" data-sentence=\"0\" data-group=\"0-0\">Caracter\u00edsticas de rendimiento de la bater\u00eda de alta capacidad:<\/span><\/p>\n<p class=\"tgt\" data-section=\"1\"><span class=\"tgt\" data-section=\"1\" data-sentence=\"0\" data-group=\"1-0\">Bater\u00edas de alta capacidad vs rendimiento, paquete de bater\u00edas de larga duraci\u00f3n, el rendimiento de la bater\u00eda al final del per\u00edodo est\u00e1 garantizado;<\/span><\/p>\n<p class=\"tgt\" data-section=\"2\"><span class=\"tgt\" data-section=\"2\" data-sentence=\"0\" data-group=\"2-0\">Descarga continua;<\/span><\/p>\n<p class=\"tgt\" data-section=\"3\"><span class=\"tgt\" data-section=\"3\" data-sentence=\"0\" data-group=\"3-0\">Respuesta r\u00e1pida de voltaje;<\/span><\/p>\n<p class=\"tgt\" data-section=\"4\"><span class=\"tgt\" data-section=\"4\" data-sentence=\"0\" data-group=\"4-0\">Alta confiabilidad (soldadura l\u00e1ser, sello de vidrio a metal, puede adaptarse a entornos h\u00famedos, evitar fugas);<\/span><\/p>\n<p class=\"tgt\" data-section=\"5\"><span class=\"tgt\" data-section=\"5\" data-sentence=\"0\" data-group=\"5-0\">Excelente conservaci\u00f3n (10 a\u00f1os);<\/span><\/p>\n<p class=\"tgt\" data-section=\"6\"><span class=\"tgt\" data-section=\"6\" data-sentence=\"0\" data-group=\"6-0\">La temperatura extremadamente baja puede ser una fuente de alimentaci\u00f3n de carga normal;<\/span><\/p>\n<p data-section=\"6\"><span class=\"tgt\" data-section=\"0\" data-sentence=\"0\" data-group=\"0-0\">Proceso de ensamblaje militar de la bater\u00eda de cloruro de tionilo de litio de alta capacidad: el dise\u00f1o especial de la bater\u00eda de litio, la producci\u00f3n de litros de longitud en estricta conformidad con la tecnolog\u00eda militar, antes del ensamblaje debe seleccionar el voltaje, la resistencia interna de las bater\u00edas de litio, controlar la consistencia y estabilidad de la bater\u00eda, evitar la bater\u00eda cuando se usa uno de los estados de la bater\u00eda de mon\u00f3mero y traer el riesgo de accidentes.<\/span><span class=\"tgt\" data-section=\"0\" data-sentence=\"1\" data-group=\"0-1\"> Lansen verifica estrictamente la calidad de cada grupo de bater\u00edas antes del env\u00edo, como: voltaje de carga, voltaje de circuito abierto, resistencia interna de la bater\u00eda y otras series de control de calidad;<\/span><\/p>\n<p data-section=\"6\">Si su dispositivo a\u00fan necesita m\u00e1s corriente para cargar datos de comunicaci\u00f3n en segundo plano, puede ensamblar la bater\u00eda de cloruro de tionilo de litio junto con el capacitor de pulso compuesto HPC, que puede hacer que su dispositivo tenga una vida \u00fatil m\u00e1s larga, mantenga un pulso de corriente alto, estabilidad de voltaje, baja temperatura -40\u00b0 descarga de corriente alta.<\/p>","protected":false},"excerpt":{"rendered":"<p class=\"tgt\" data-section=\"0\"><span class=\"tgt\" data-section=\"0\" data-sentence=\"0\" data-group=\"0-0\">Modelo del producto: ER34615-4P<\/span><\/p>\n<p class=\"tgt\" data-section=\"1\"><span class=\"tgt\" data-section=\"1\" data-sentence=\"0\" data-group=\"1-0\">Modelo IEC: D<\/span><\/p>\n<p class=\"tgt\" data-section=\"2\"><span class=\"tgt\" data-section=\"2\" data-sentence=\"0\" data-group=\"2-0\">Tensi\u00f3n nominal (V): 3,6<\/span><\/p>\n<p class=\"tgt\" data-section=\"3\"><span class=\"tgt\" data-section=\"3\" data-sentence=\"0\" data-group=\"3-0\">Capacidad\\Corriente (mAh\\mA): 76000\\5<\/span><\/p>\n<p class=\"tgt\" data-section=\"4\"><span class=\"tgt\" data-section=\"4\" data-sentence=\"0\" data-group=\"4-0\">Corriente m\u00e1xima de descarga continua (mA): 150<\/span><\/p>\n<p class=\"tgt\" data-section=\"5\"><span class=\"tgt\" data-section=\"5\" data-sentence=\"0\" data-group=\"5-0\">Temperatura de funcionamiento (\u2103): -55~+85<\/span><\/p>\n<p class=\"tgt\" data-section=\"6\"><span class=\"tgt\" data-section=\"6\" data-sentence=\"0\" data-group=\"6-0\">Tensi\u00f3n de terminaci\u00f3n (V): 2,0<\/span><\/p>\n<p class=\"tgt\" data-section=\"7\"><span class=\"tgt\" data-section=\"7\" data-sentence=\"0\" data-group=\"7-0\">Tasa de autodescarga anual: &lt; 2%<\/span><\/p>","protected":false},"featured_media":4504,"template":"","meta":{"_acf_changed":false,"site-sidebar-layout":"default","site-content-layout":"default","ast-site-content-layout":"","site-content-style":"default","site-sidebar-style":"default","ast-global-header-display":"","ast-banner-title-visibility":"","ast-main-header-display":"","ast-hfb-above-header-display":"","ast-hfb-below-header-display":"","ast-hfb-mobile-header-display":"","site-post-title":"","ast-breadcrumbs-content":"","ast-featured-img":"","footer-sml-layout":"","theme-transparent-header-meta":"default","adv-header-id-meta":"","stick-header-meta":"","header-above-stick-meta":"","header-main-stick-meta":"","header-below-stick-meta":"","astra-migrate-meta-layouts":"default","ast-page-background-enabled":"default","ast-page-background-meta":{"desktop":{"background-color":"","background-image":"","background-repeat":"repeat","background-position":"center center","background-size":"auto","background-attachment":"scroll","background-type":"","background-media":"","overlay-type":"","overlay-color":"","overlay-opacity":"","overlay-gradient":""},"tablet":{"background-color":"","background-image":"","background-repeat":"repeat","background-position":"center center","background-size":"auto","background-attachment":"scroll","background-type":"","background-media":"","overlay-type":"","overlay-color":"","overlay-opacity":"","overlay-gradient":""},"mobile":{"background-color":"","background-image":"","background-repeat":"repeat","background-position":"center center","background-size":"auto","background-attachment":"scroll","background-type":"","background-media":"","overlay-type":"","overlay-color":"","overlay-opacity":"","overlay-gradient":""}},"ast-content-background-meta":{"desktop":{"background-color":"var(--ast-global-color-5)","background-image":"","background-repeat":"repeat","background-position":"center center","background-size":"auto","background-attachment":"scroll","background-type":"","background-media":"","overlay-type":"","overlay-color":"","overlay-opacity":"","overlay-gradient":""},"tablet":{"background-color":"var(--ast-global-color-5)","background-image":"","background-repeat":"repeat","background-position":"center center","background-size":"auto","background-attachment":"scroll","background-type":"","background-media":"","overlay-type":"","overlay-color":"","overlay-opacity":"","overlay-gradient":""},"mobile":{"background-color":"var(--ast-global-color-5)","background-image":"","background-repeat":"repeat","background-position":"center center","background-size":"auto","background-attachment":"scroll","background-type":"","background-media":"","overlay-type":"","overlay-color":"","overlay-opacity":"","overlay-gradient":""}}},"product_brand":[],"product_cat":[39],"product_tag":[],"class_list":{"0":"post-4502","1":"product","2":"type-product","3":"status-publish","4":"has-post-thumbnail","6":"product_cat-custom-iot-battery-pack","7":"desktop-align-left","8":"tablet-align-left","9":"mobile-align-left","11":"first","12":"instock","13":"shipping-taxable","14":"product-type-simple"},"acf":[],"yoast_head":"<!-- This site is optimized with the Yoast SEO plugin v27.3 - https:\/\/yoast.com\/product\/yoast-seo-wordpress\/ -->\n<title>high capacity vs performance batteries er34615 3.6V - Ahotech.com<\/title>\n<meta name=\"robots\" content=\"index, follow, max-snippet:-1, max-image-preview:large, max-video-preview:-1\" \/>\n<link rel=\"canonical\" href=\"https:\/\/www.ahotech.com\/es\/producto\/baterias-de-alta-capacidad-vs-baterias-de-alto-rendimiento-er34615-3-6v\/\" \/>\n<meta property=\"og:locale\" content=\"es_ES\" \/>\n<meta property=\"og:type\" content=\"article\" \/>\n<meta property=\"og:title\" content=\"high capacity vs performance batteries er34615 3.6V - Ahotech.com\" \/>\n<meta property=\"og:description\" content=\"Product Model: ER34615-4P IEC model: D Rated voltage (V) : 3.6 Capacity  Current (mAhmA) : 760005 Maximum continuous discharge current (mA) : 150 Operating temperature (\u2103) : -55~+85 Termination voltage (V) : 2.0 Annual self-discharge rate: &lt; 2%\" \/>\n<meta property=\"og:url\" content=\"https:\/\/www.ahotech.com\/es\/producto\/baterias-de-alta-capacidad-vs-baterias-de-alto-rendimiento-er34615-3-6v\/\" \/>\n<meta property=\"og:site_name\" content=\"Ahotech.com\" \/>\n<meta property=\"article:modified_time\" content=\"2022-03-12T06:34:44+00:00\" \/>\n<meta property=\"og:image\" content=\"https:\/\/www.ahotech.com\/wp-content\/uploads\/2022\/03\/high-capacity-vs-performance-batteries.jpg\" \/>\n\t<meta property=\"og:image:width\" content=\"800\" \/>\n\t<meta property=\"og:image:height\" content=\"800\" \/>\n\t<meta property=\"og:image:type\" content=\"image\/jpeg\" \/>\n<meta name=\"twitter:card\" content=\"summary_large_image\" \/>\n<meta name=\"twitter:label1\" content=\"Tiempo de lectura\" \/>\n\t<meta name=\"twitter:data1\" content=\"2 minutos\" \/>\n<script type=\"application\/ld+json\" class=\"yoast-schema-graph\">{\"@context\":\"https:\\\/\\\/schema.org\",\"@graph\":[{\"@type\":\"WebPage\",\"@id\":\"https:\\\/\\\/www.ahotech.com\\\/es\\\/product\\\/high-capacity-vs-performance-batteries-er34615-3-6v\\\/\",\"url\":\"https:\\\/\\\/www.ahotech.com\\\/es\\\/product\\\/high-capacity-vs-performance-batteries-er34615-3-6v\\\/\",\"name\":\"high capacity vs performance batteries er34615 3.6V - Ahotech.com\",\"isPartOf\":{\"@id\":\"https:\\\/\\\/www.ahotech.com\\\/es\\\/#website\"},\"primaryImageOfPage\":{\"@id\":\"https:\\\/\\\/www.ahotech.com\\\/es\\\/product\\\/high-capacity-vs-performance-batteries-er34615-3-6v\\\/#primaryimage\"},\"image\":{\"@id\":\"https:\\\/\\\/www.ahotech.com\\\/es\\\/product\\\/high-capacity-vs-performance-batteries-er34615-3-6v\\\/#primaryimage\"},\"thumbnailUrl\":\"https:\\\/\\\/www.ahotech.com\\\/wp-content\\\/uploads\\\/2022\\\/03\\\/high-capacity-vs-performance-batteries.jpg\",\"datePublished\":\"2022-03-12T06:34:43+00:00\",\"dateModified\":\"2022-03-12T06:34:44+00:00\",\"breadcrumb\":{\"@id\":\"https:\\\/\\\/www.ahotech.com\\\/es\\\/product\\\/high-capacity-vs-performance-batteries-er34615-3-6v\\\/#breadcrumb\"},\"inLanguage\":\"es\",\"potentialAction\":[{\"@type\":\"ReadAction\",\"target\":[\"https:\\\/\\\/www.ahotech.com\\\/es\\\/product\\\/high-capacity-vs-performance-batteries-er34615-3-6v\\\/\"]}]},{\"@type\":\"ImageObject\",\"inLanguage\":\"es\",\"@id\":\"https:\\\/\\\/www.ahotech.com\\\/es\\\/product\\\/high-capacity-vs-performance-batteries-er34615-3-6v\\\/#primaryimage\",\"url\":\"https:\\\/\\\/www.ahotech.com\\\/wp-content\\\/uploads\\\/2022\\\/03\\\/high-capacity-vs-performance-batteries.jpg\",\"contentUrl\":\"https:\\\/\\\/www.ahotech.com\\\/wp-content\\\/uploads\\\/2022\\\/03\\\/high-capacity-vs-performance-batteries.jpg\",\"width\":800,\"height\":800,\"caption\":\"high capacity vs performance batteries\"},{\"@type\":\"BreadcrumbList\",\"@id\":\"https:\\\/\\\/www.ahotech.com\\\/es\\\/product\\\/high-capacity-vs-performance-batteries-er34615-3-6v\\\/#breadcrumb\",\"itemListElement\":[{\"@type\":\"ListItem\",\"position\":1,\"name\":\"Home\",\"item\":\"https:\\\/\\\/www.ahotech.com\\\/es\\\/\"},{\"@type\":\"ListItem\",\"position\":2,\"name\":\"Store\",\"item\":\"https:\\\/\\\/www.ahotech.com\\\/es\\\/store\\\/\"},{\"@type\":\"ListItem\",\"position\":3,\"name\":\"high capacity vs performance batteries er34615 3.6V\"}]},{\"@type\":\"WebSite\",\"@id\":\"https:\\\/\\\/www.ahotech.com\\\/es\\\/#website\",\"url\":\"https:\\\/\\\/www.ahotech.com\\\/es\\\/\",\"name\":\"Ahotech.com\",\"description\":\"lithium battery manufacturers\",\"publisher\":{\"@id\":\"https:\\\/\\\/www.ahotech.com\\\/es\\\/#organization\"},\"potentialAction\":[{\"@type\":\"SearchAction\",\"target\":{\"@type\":\"EntryPoint\",\"urlTemplate\":\"https:\\\/\\\/www.ahotech.com\\\/es\\\/?s={search_term_string}\"},\"query-input\":{\"@type\":\"PropertyValueSpecification\",\"valueRequired\":true,\"valueName\":\"search_term_string\"}}],\"inLanguage\":\"es\"},{\"@type\":\"Organization\",\"@id\":\"https:\\\/\\\/www.ahotech.com\\\/es\\\/#organization\",\"name\":\"Ahotech.com\",\"url\":\"https:\\\/\\\/www.ahotech.com\\\/es\\\/\",\"logo\":{\"@type\":\"ImageObject\",\"inLanguage\":\"es\",\"@id\":\"https:\\\/\\\/www.ahotech.com\\\/es\\\/#\\\/schema\\\/logo\\\/image\\\/\",\"url\":\"https:\\\/\\\/www.ahotech.com\\\/wp-content\\\/uploads\\\/2021\\\/10\\\/battery-site-logo.jpg\",\"contentUrl\":\"https:\\\/\\\/www.ahotech.com\\\/wp-content\\\/uploads\\\/2021\\\/10\\\/battery-site-logo.jpg\",\"width\":1297,\"height\":465,\"caption\":\"Ahotech.com\"},\"image\":{\"@id\":\"https:\\\/\\\/www.ahotech.com\\\/es\\\/#\\\/schema\\\/logo\\\/image\\\/\"}}]}<\/script>\n<!-- \/ Yoast SEO plugin. -->","yoast_head_json":{"title":"Bater\u00edas de alta capacidad vs. bater\u00edas de alto rendimiento ER34615 de 3,6 V - Ahotech.com","robots":{"index":"index","follow":"follow","max-snippet":"max-snippet:-1","max-image-preview":"max-image-preview:large","max-video-preview":"max-video-preview:-1"},"canonical":"https:\/\/www.ahotech.com\/es\/producto\/baterias-de-alta-capacidad-vs-baterias-de-alto-rendimiento-er34615-3-6v\/","og_locale":"es_ES","og_type":"article","og_title":"high capacity vs performance batteries er34615 3.6V - Ahotech.com","og_description":"Product Model: ER34615-4P IEC model: D Rated voltage (V) : 3.6 Capacity  Current (mAhmA) : 760005 Maximum continuous discharge current (mA) : 150 Operating temperature (\u2103) : -55~+85 Termination voltage (V) : 2.0 Annual self-discharge rate: &lt; 2%","og_url":"https:\/\/www.ahotech.com\/es\/producto\/baterias-de-alta-capacidad-vs-baterias-de-alto-rendimiento-er34615-3-6v\/","og_site_name":"Ahotech.com","article_modified_time":"2022-03-12T06:34:44+00:00","og_image":[{"width":800,"height":800,"url":"https:\/\/www.ahotech.com\/wp-content\/uploads\/2022\/03\/high-capacity-vs-performance-batteries.jpg","type":"image\/jpeg"}],"twitter_card":"summary_large_image","twitter_misc":{"Tiempo de lectura":"2 minutos"},"schema":{"@context":"https:\/\/schema.org","@graph":[{"@type":"WebPage","@id":"https:\/\/www.ahotech.com\/es\/product\/high-capacity-vs-performance-batteries-er34615-3-6v\/","url":"https:\/\/www.ahotech.com\/es\/product\/high-capacity-vs-performance-batteries-er34615-3-6v\/","name":"Bater\u00edas de alta capacidad vs. bater\u00edas de alto rendimiento ER34615 de 3,6 V - Ahotech.com","isPartOf":{"@id":"https:\/\/www.ahotech.com\/es\/#website"},"primaryImageOfPage":{"@id":"https:\/\/www.ahotech.com\/es\/product\/high-capacity-vs-performance-batteries-er34615-3-6v\/#primaryimage"},"image":{"@id":"https:\/\/www.ahotech.com\/es\/product\/high-capacity-vs-performance-batteries-er34615-3-6v\/#primaryimage"},"thumbnailUrl":"https:\/\/www.ahotech.com\/wp-content\/uploads\/2022\/03\/high-capacity-vs-performance-batteries.jpg","datePublished":"2022-03-12T06:34:43+00:00","dateModified":"2022-03-12T06:34:44+00:00","breadcrumb":{"@id":"https:\/\/www.ahotech.com\/es\/product\/high-capacity-vs-performance-batteries-er34615-3-6v\/#breadcrumb"},"inLanguage":"es","potentialAction":[{"@type":"ReadAction","target":["https:\/\/www.ahotech.com\/es\/product\/high-capacity-vs-performance-batteries-er34615-3-6v\/"]}]},{"@type":"ImageObject","inLanguage":"es","@id":"https:\/\/www.ahotech.com\/es\/product\/high-capacity-vs-performance-batteries-er34615-3-6v\/#primaryimage","url":"https:\/\/www.ahotech.com\/wp-content\/uploads\/2022\/03\/high-capacity-vs-performance-batteries.jpg","contentUrl":"https:\/\/www.ahotech.com\/wp-content\/uploads\/2022\/03\/high-capacity-vs-performance-batteries.jpg","width":800,"height":800,"caption":"high capacity vs performance batteries"},{"@type":"BreadcrumbList","@id":"https:\/\/www.ahotech.com\/es\/product\/high-capacity-vs-performance-batteries-er34615-3-6v\/#breadcrumb","itemListElement":[{"@type":"ListItem","position":1,"name":"Home","item":"https:\/\/www.ahotech.com\/es\/"},{"@type":"ListItem","position":2,"name":"Store","item":"https:\/\/www.ahotech.com\/es\/store\/"},{"@type":"ListItem","position":3,"name":"high capacity vs performance batteries er34615 3.6V"}]},{"@type":"WebSite","@id":"https:\/\/www.ahotech.com\/es\/#website","url":"https:\/\/www.ahotech.com\/es\/","name":"Ahotech.com","description":"fabricantes de bater\u00edas de litio","publisher":{"@id":"https:\/\/www.ahotech.com\/es\/#organization"},"potentialAction":[{"@type":"SearchAction","target":{"@type":"EntryPoint","urlTemplate":"https:\/\/www.ahotech.com\/es\/?s={search_term_string}"},"query-input":{"@type":"PropertyValueSpecification","valueRequired":true,"valueName":"search_term_string"}}],"inLanguage":"es"},{"@type":"Organization","@id":"https:\/\/www.ahotech.com\/es\/#organization","name":"Ahotech.com","url":"https:\/\/www.ahotech.com\/es\/","logo":{"@type":"ImageObject","inLanguage":"es","@id":"https:\/\/www.ahotech.com\/es\/#\/schema\/logo\/image\/","url":"https:\/\/www.ahotech.com\/wp-content\/uploads\/2021\/10\/battery-site-logo.jpg","contentUrl":"https:\/\/www.ahotech.com\/wp-content\/uploads\/2021\/10\/battery-site-logo.jpg","width":1297,"height":465,"caption":"Ahotech.com"},"image":{"@id":"https:\/\/www.ahotech.com\/es\/#\/schema\/logo\/image\/"}}]}},"_links":{"self":[{"href":"https:\/\/www.ahotech.com\/es\/wp-json\/wp\/v2\/product\/4502","targetHints":{"allow":["GET"]}}],"collection":[{"href":"https:\/\/www.ahotech.com\/es\/wp-json\/wp\/v2\/product"}],"about":[{"href":"https:\/\/www.ahotech.com\/es\/wp-json\/wp\/v2\/types\/product"}],"version-history":[{"count":1,"href":"https:\/\/www.ahotech.com\/es\/wp-json\/wp\/v2\/product\/4502\/revisions"}],"predecessor-version":[{"id":4509,"href":"https:\/\/www.ahotech.com\/es\/wp-json\/wp\/v2\/product\/4502\/revisions\/4509"}],"wp:featuredmedia":[{"embeddable":true,"href":"https:\/\/www.ahotech.com\/es\/wp-json\/wp\/v2\/media\/4504"}],"wp:attachment":[{"href":"https:\/\/www.ahotech.com\/es\/wp-json\/wp\/v2\/media?parent=4502"}],"wp:term":[{"taxonomy":"product_brand","embeddable":true,"href":"https:\/\/www.ahotech.com\/es\/wp-json\/wp\/v2\/product_brand?post=4502"},{"taxonomy":"product_cat","embeddable":true,"href":"https:\/\/www.ahotech.com\/es\/wp-json\/wp\/v2\/product_cat?post=4502"},{"taxonomy":"product_tag","embeddable":true,"href":"https:\/\/www.ahotech.com\/es\/wp-json\/wp\/v2\/product_tag?post=4502"}],"curies":[{"name":"wp","href":"https:\/\/api.w.org\/{rel}","templated":true}]}}