{"id":4468,"date":"2022-03-08T05:56:59","date_gmt":"2022-03-08T05:56:59","guid":{"rendered":"https:\/\/www.ahotech.com\/?post_type=product&#038;p=4468"},"modified":"2022-03-09T01:13:42","modified_gmt":"2022-03-09T01:13:42","slug":"fabricantes-de-baterias-de-litio-personalizadas","status":"publish","type":"product","link":"https:\/\/www.ahotech.com\/es\/product\/custom-lithium-battery-manufacturers\/","title":{"rendered":"fabricantes de bater\u00edas de litio personalizadas"},"content":{"rendered":"<p data-section=\"0\"><span class=\"tgt\" data-section=\"0\" data-sentence=\"0\" data-group=\"0-0\">Longsing Technologies se fund\u00f3 en 2000 y se ha dedicado a la investigaci\u00f3n, el desarrollo y la aplicaci\u00f3n de tecnolog\u00eda de bater\u00edas. Somos fabricantes de bater\u00edas de litio personalizadas.<\/span><\/p>\n<p data-section=\"0\"><span class=\"tgt\" data-section=\"0\" data-sentence=\"1\" data-group=\"0-1\">A trav\u00e9s del desarrollo continuo, la empresa cuenta con una bater\u00eda primaria (cloruro de sulfurilo de litio), bater\u00eda secundaria (bater\u00eda recargable de iones de litio), investigaci\u00f3n y desarrollo, capacidad de producci\u00f3n.<\/span><span class=\"tgt\" data-section=\"0\" data-sentence=\"2\" data-group=\"0-2\"> En los \u00faltimos a\u00f1os, apoy\u00e1ndose en la empresa matriz en Hong Kong y cooperando activamente con instituciones internacionales de investigaci\u00f3n cient\u00edfica, la empresa ha desarrollado con \u00e9xito una bater\u00eda de Internet de las cosas de amplia temperatura (compuesta por una bater\u00eda de cloruro de tionilo de litio en paralelo con un condensador de pulso compuesto), que puede funcionar de manera estable en el rango de temperatura de -40 \u2103 - + 85 \u2103, rompiendo la cabeza t\u00e9cnica de la bater\u00eda de iones de litio y la bater\u00eda de cloruro de tionilo de litio.<\/span><span class=\"tgt\" data-section=\"0\" data-sentence=\"3\" data-group=\"0-3\"> Y solicit\u00f3 m\u00e1s de 30 patentes de invenci\u00f3n.<\/span><span class=\"tgt\" data-section=\"0\" data-sentence=\"4\" data-group=\"0-4\"> Continuaremos innovando y desarrollando nuevos productos para satisfacer las necesidades del desarrollo futuro de la tecnolog\u00eda de Internet de las cosas.<\/span><span class=\"tgt\" data-section=\"0\" data-sentence=\"5\" data-group=\"0-5\"> Como transporte inteligente, sistema inteligente de contenedores, sistema de posicionamiento GPS, posicionamiento del fondo marino, sistema log\u00edstico y de transporte.<\/span><span class=\"tgt\" data-section=\"0\" data-sentence=\"6\" data-group=\"0-6\"> Al mismo tiempo, tambi\u00e9n establecimos nuestra propia f\u00e1brica de PACK, que puede personalizar paquetes de bater\u00edas.<\/span><\/p>\n<p class=\"tgt\" data-section=\"0\"><span class=\"tgt\" data-section=\"0\" data-sentence=\"0\" data-group=\"0-0\">Antes de personalizar el paquete de bater\u00edas, echemos un vistazo al principio de funcionamiento del paquete de bater\u00edas IOT:<\/span><\/p>\n<p class=\"tgt\" data-section=\"1\"><span class=\"tgt\" data-section=\"1\" data-sentence=\"0\" data-group=\"1-0\">La subbater\u00eda de litio es una bater\u00eda de metal de litio con una densidad energ\u00e9tica cercana a la de los hidrocarburos, que es la direcci\u00f3n futura de la tecnolog\u00eda de las bater\u00edas.<\/span><\/p>\n<p class=\"tgt\" data-section=\"2\"><span class=\"tgt\" data-section=\"2\" data-sentence=\"0\" data-group=\"2-0\">Ahora, la mayor desventaja de la bater\u00eda de litio solo puede ser la descarga de corriente peque\u00f1a, como ER34615 solo puede ser de 2 mA, bajo la condici\u00f3n de temperatura y humedad constantes a temperatura ambiente para alcanzar la capacidad te\u00f3rica de 19 Ah, la corriente, el cambio de temperatura tiene un gran impacto en el rendimiento, por lo que el uso general de equipos de corriente peque\u00f1a.<\/span><\/p>\n<p data-section=\"2\">Para aprovechar al m\u00e1ximo la capacidad de las bater\u00edas de iones de litio, Lonson Technology desarroll\u00f3 la HPC. Para maximizar el rendimiento de las bater\u00edas de iones de litio, los paquetes de bater\u00edas IoT ofrecen la ventaja de una larga vida \u00fatil.<\/p>\n<p data-section=\"2\"><span class=\"tgt\" data-section=\"0\" data-sentence=\"0\" data-group=\"0-0\"><a href=\"https:\/\/www.ahotech.com\/es\/producto\/bateria-omnicel-er34615-bateria-de-litio-er34615\/\">ER34615<\/a> y <a href=\"https:\/\/www.ahotech.com\/es\/producto\/hybrid-capacitor-battery-1550\/\">HPC1550<\/a> en paralelo, los dos voltajes son siempre los mismos, la fuente de alimentaci\u00f3n externa, HPC1550 soporta la mayor parte de la salida de corriente;<\/span><span class=\"tgt\" data-section=\"0\" data-sentence=\"1\" data-group=\"0-1\"> Cuando funciona en est\u00e1tico, el voltaje de circuito abierto del ER34615 tiende a aumentar y formar\u00e1 instant\u00e1neamente una diferencia de voltaje con el capacitor, formando una carga, pero esto es solo un momento de un punto de equilibrio.<\/span><span class=\"tgt\" data-section=\"0\" data-sentence=\"2\" data-group=\"0-2\"> De esta manera, el ER aumenta repetidamente el voltaje de todo el paquete de bater\u00edas hasta que el voltaje alcanza 3,66 V y ya no se puede extraer ni equilibrar.<\/span><span class=\"tgt\" data-section=\"0\" data-sentence=\"3\" data-group=\"0-3\"> Antes de que llegue el siguiente pulso, el ER34615 descarga el HPC1550 al voltaje apropiado, ya que la capacidad de descarga del HPC corresponde al voltaje.<\/span><span class=\"tgt\" data-section=\"0\" data-sentence=\"4\" data-group=\"0-4\"> Este ciclo se repite hasta que se agote la capacidad de la bater\u00eda ER, lo que garantiza que la larga vida \u00fatil y la capacidad de descarga de la bater\u00eda est\u00e9n dentro del rango estimado.<\/span><\/p>\n<p class=\"tgt\" data-section=\"0\"><span class=\"tgt\" data-section=\"0\" data-sentence=\"0\" data-group=\"0-0\">Caracter\u00edsticas de rendimiento:<\/span><\/p>\n<p class=\"tgt\" data-section=\"1\"><span class=\"tgt\" data-section=\"1\" data-sentence=\"0\" data-group=\"1-0\">Capacidad de corriente de pulso alta;<\/span><\/p>\n<p class=\"tgt\" data-section=\"2\"><span class=\"tgt\" data-section=\"2\" data-sentence=\"0\" data-group=\"2-0\">Respuesta r\u00e1pida de voltaje (sin retraso de voltaje);<\/span><\/p>\n<p class=\"tgt\" data-section=\"3\"><span class=\"tgt\" data-section=\"3\" data-sentence=\"0\" data-group=\"3-0\">Alta confiabilidad (soldadura l\u00e1ser, sello de vidrio a metal, puede adaptarse a entornos h\u00famedos, evitar fugas);<\/span><\/p>\n<p class=\"tgt\" data-section=\"4\"><span class=\"tgt\" data-section=\"4\" data-sentence=\"0\" data-group=\"4-0\">Excelente conservaci\u00f3n (10 a\u00f1os);<\/span><\/p>\n<p class=\"tgt\" data-section=\"5\"><span class=\"tgt\" data-section=\"5\" data-sentence=\"0\" data-group=\"5-0\">Paquete de bater\u00eda de larga duraci\u00f3n, se garantiza el rendimiento del extremo de la bater\u00eda;<\/span><\/p>\n<p class=\"tgt\" data-section=\"6\"><span class=\"tgt\" data-section=\"6\" data-sentence=\"0\" data-group=\"6-0\">Ciclo de vida ultra largo: 5000 ciclos 100%DOD;<\/span><\/p>\n<p class=\"tgt\" data-section=\"7\"><span class=\"tgt\" data-section=\"7\" data-sentence=\"0\" data-group=\"7-0\">La temperatura extremadamente baja puede ser una fuente de alimentaci\u00f3n de carga normal;<\/span><\/p>\n<p class=\"tgt\" data-section=\"8\"><span class=\"tgt\" data-section=\"8\" data-sentence=\"0\" data-group=\"8-0\">Seguro y confiable, condensador a prueba de explosiones a trav\u00e9s de la certificaci\u00f3n de seguridad de los Estados Unidos y la Uni\u00f3n Europea, en t\u00e9rminos de protecci\u00f3n de seguridad: TODAS las series HPC a trav\u00e9s de UL1642, TODAS las series HPC a trav\u00e9s de la certificaci\u00f3n IEC62133;<\/span><span class=\"tgt\" data-section=\"8\" data-sentence=\"1\" data-group=\"8-1\"> En t\u00e9rminos de protecci\u00f3n del medio ambiente: toda la serie de HPC ha pasado diez pruebas ROHS;<\/span><span class=\"tgt\" data-section=\"8\" data-sentence=\"2\" data-group=\"8-2\"> En t\u00e9rminos de transporte: TODAS las series HPC han obtenido la certificaci\u00f3n de transporte de seguridad UN38.3;<\/span><\/p>\n<p class=\"tgt\" data-section=\"9\"><span class=\"tgt\" data-section=\"9\" data-sentence=\"0\" data-group=\"9-0\">Proceso de ensamblaje de la industria militar: el dise\u00f1o especial de la bater\u00eda de litio se ajusta a las caracter\u00edsticas de la capacitancia, la producci\u00f3n de litros de lang en estricta conformidad con la tecnolog\u00eda militar, antes del ensamblaje debe seleccionar el voltaje, la resistencia interna de las bater\u00edas de litio, controlar la consistencia y estabilidad de la bater\u00eda, evitar la bater\u00eda cuando se usa uno de los estados de bater\u00eda de mon\u00f3mero y trae el riesgo de accidentes.<\/span><span class=\"tgt\" data-section=\"9\" data-sentence=\"1\" data-group=\"9-1\"> Lansen verifica estrictamente la calidad de cada grupo de bater\u00edas antes del env\u00edo, como: voltaje de carga, voltaje de circuito abierto, resistencia interna de la bater\u00eda y otras series de control de calidad;<\/span><\/p>\n<p data-section=\"9\">Agradecemos su llamada. <span class=\"tgt\" data-section=\"0\" data-sentence=\"0\" data-group=\"0-0\">Fabricantes de bater\u00edas de litio personalizadas.<\/span><\/p>","protected":false},"excerpt":{"rendered":"<p class=\"tgt\" data-section=\"0\"><span class=\"tgt\" data-section=\"0\" data-sentence=\"0\" data-group=\"0-0\">Modelo: ER34615-6p\/HPC1550<\/span><\/p>\n<p class=\"tgt\" data-section=\"1\"><span class=\"tgt\" data-section=\"1\" data-sentence=\"0\" data-group=\"1-0\">Voltaje: 3,6 V<\/span><\/p>\n<p class=\"tgt\" data-section=\"2\"><span class=\"tgt\" data-section=\"2\" data-sentence=\"0\" data-group=\"2-0\">Capacidad: 114 ah<\/span><\/p>\n<p class=\"tgt\" data-section=\"3\"><span class=\"tgt\" data-section=\"3\" data-sentence=\"0\" data-group=\"3-0\">Corriente m\u00e1xima de pulso: 5 A (a temperatura ambiente)<\/span><\/p>\n<p class=\"tgt\" data-section=\"4\"><span class=\"tgt\" data-section=\"4\" data-sentence=\"0\" data-group=\"4-0\">Rango de temperatura de funcionamiento: -40\u2103 ~ +85\u2103<\/span><\/p>\n<p class=\"tgt\" data-section=\"5\"><span class=\"tgt\" data-section=\"5\" data-sentence=\"0\" data-group=\"5-0\">Tasa de ca\u00edda de capacidad promedio anual: \u22641%<\/span><\/p>","protected":false},"featured_media":4470,"template":"","meta":{"_acf_changed":false,"site-sidebar-layout":"default","site-content-layout":"default","ast-site-content-layout":"","site-content-style":"default","site-sidebar-style":"default","ast-global-header-display":"","ast-banner-title-visibility":"","ast-main-header-display":"","ast-hfb-above-header-display":"","ast-hfb-below-header-display":"","ast-hfb-mobile-header-display":"","site-post-title":"","ast-breadcrumbs-content":"","ast-featured-img":"","footer-sml-layout":"","theme-transparent-header-meta":"default","adv-header-id-meta":"","stick-header-meta":"","header-above-stick-meta":"","header-main-stick-meta":"","header-below-stick-meta":"","astra-migrate-meta-layouts":"default","ast-page-background-enabled":"default","ast-page-background-meta":{"desktop":{"background-color":"","background-image":"","background-repeat":"repeat","background-position":"center center","background-size":"auto","background-attachment":"scroll","background-type":"","background-media":"","overlay-type":"","overlay-color":"","overlay-opacity":"","overlay-gradient":""},"tablet":{"background-color":"","background-image":"","background-repeat":"repeat","background-position":"center center","background-size":"auto","background-attachment":"scroll","background-type":"","background-media":"","overlay-type":"","overlay-color":"","overlay-opacity":"","overlay-gradient":""},"mobile":{"background-color":"","background-image":"","background-repeat":"repeat","background-position":"center center","background-size":"auto","background-attachment":"scroll","background-type":"","background-media":"","overlay-type":"","overlay-color":"","overlay-opacity":"","overlay-gradient":""}},"ast-content-background-meta":{"desktop":{"background-color":"var(--ast-global-color-5)","background-image":"","background-repeat":"repeat","background-position":"center center","background-size":"auto","background-attachment":"scroll","background-type":"","background-media":"","overlay-type":"","overlay-color":"","overlay-opacity":"","overlay-gradient":""},"tablet":{"background-color":"var(--ast-global-color-5)","background-image":"","background-repeat":"repeat","background-position":"center center","background-size":"auto","background-attachment":"scroll","background-type":"","background-media":"","overlay-type":"","overlay-color":"","overlay-opacity":"","overlay-gradient":""},"mobile":{"background-color":"var(--ast-global-color-5)","background-image":"","background-repeat":"repeat","background-position":"center center","background-size":"auto","background-attachment":"scroll","background-type":"","background-media":"","overlay-type":"","overlay-color":"","overlay-opacity":"","overlay-gradient":""}}},"product_brand":[],"product_cat":[39],"product_tag":[],"class_list":{"0":"post-4468","1":"product","2":"type-product","3":"status-publish","4":"has-post-thumbnail","6":"product_cat-custom-iot-battery-pack","7":"desktop-align-left","8":"tablet-align-left","9":"mobile-align-left","11":"first","12":"instock","13":"shipping-taxable","14":"product-type-simple"},"acf":[],"yoast_head":"<!-- This site is optimized with the Yoast SEO plugin v27.3 - https:\/\/yoast.com\/product\/yoast-seo-wordpress\/ -->\n<title>custom lithium battery manufacturers - Ahotech.com<\/title>\n<meta name=\"robots\" content=\"index, follow, max-snippet:-1, max-image-preview:large, max-video-preview:-1\" \/>\n<link rel=\"canonical\" href=\"https:\/\/www.ahotech.com\/es\/producto\/fabricantes-de-baterias-de-litio-personalizadas\/\" \/>\n<meta property=\"og:locale\" content=\"es_ES\" \/>\n<meta property=\"og:type\" content=\"article\" \/>\n<meta property=\"og:title\" content=\"custom lithium battery manufacturers - Ahotech.com\" \/>\n<meta property=\"og:description\" content=\"Model: ER34615-6p\/HPC1550 Voltage: 3.6 V Capacity: 114 ah Maximum pulse current: 5A (at room temperature) Operating temperature range: -40\u2103 ~ +85\u2103 Annual average capacity drop rate: \u22641%\" \/>\n<meta property=\"og:url\" content=\"https:\/\/www.ahotech.com\/es\/producto\/fabricantes-de-baterias-de-litio-personalizadas\/\" \/>\n<meta property=\"og:site_name\" content=\"Ahotech.com\" \/>\n<meta property=\"article:modified_time\" content=\"2022-03-09T01:13:42+00:00\" \/>\n<meta property=\"og:image\" content=\"https:\/\/www.ahotech.com\/wp-content\/uploads\/2022\/03\/custom-li-ion-battery-pack.jpg\" \/>\n\t<meta property=\"og:image:width\" content=\"800\" \/>\n\t<meta property=\"og:image:height\" content=\"800\" \/>\n\t<meta property=\"og:image:type\" content=\"image\/jpeg\" \/>\n<meta name=\"twitter:card\" content=\"summary_large_image\" \/>\n<meta name=\"twitter:label1\" content=\"Tiempo de lectura\" \/>\n\t<meta name=\"twitter:data1\" content=\"3 minutos\" \/>\n<script type=\"application\/ld+json\" class=\"yoast-schema-graph\">{\"@context\":\"https:\\\/\\\/schema.org\",\"@graph\":[{\"@type\":\"WebPage\",\"@id\":\"https:\\\/\\\/www.ahotech.com\\\/ru\\\/%d0%bf%d1%80%d0%be%d0%b4%d1%83%d0%ba%d1%82\\\/%d0%bf%d1%80%d0%be%d0%b8%d0%b7%d0%b2%d0%be%d0%b4%d0%b8%d1%82%d0%b5%d0%bb%d0%b8-%d0%bb%d0%b8%d1%82%d0%b8%d0%b5%d0%b2%d1%8b%d1%85-%d0%b1%d0%b0%d1%82%d0%b0%d1%80%d0%b5%d0%b9-%d0%bf%d0%be-%d0%b8%d0%bd\\\/\",\"url\":\"https:\\\/\\\/www.ahotech.com\\\/ru\\\/%d0%bf%d1%80%d0%be%d0%b4%d1%83%d0%ba%d1%82\\\/%d0%bf%d1%80%d0%be%d0%b8%d0%b7%d0%b2%d0%be%d0%b4%d0%b8%d1%82%d0%b5%d0%bb%d0%b8-%d0%bb%d0%b8%d1%82%d0%b8%d0%b5%d0%b2%d1%8b%d1%85-%d0%b1%d0%b0%d1%82%d0%b0%d1%80%d0%b5%d0%b9-%d0%bf%d0%be-%d0%b8%d0%bd\\\/\",\"name\":\"custom lithium battery manufacturers - Ahotech.com\",\"isPartOf\":{\"@id\":\"https:\\\/\\\/www.ahotech.com\\\/es\\\/#website\"},\"primaryImageOfPage\":{\"@id\":\"https:\\\/\\\/www.ahotech.com\\\/ru\\\/%d0%bf%d1%80%d0%be%d0%b4%d1%83%d0%ba%d1%82\\\/%d0%bf%d1%80%d0%be%d0%b8%d0%b7%d0%b2%d0%be%d0%b4%d0%b8%d1%82%d0%b5%d0%bb%d0%b8-%d0%bb%d0%b8%d1%82%d0%b8%d0%b5%d0%b2%d1%8b%d1%85-%d0%b1%d0%b0%d1%82%d0%b0%d1%80%d0%b5%d0%b9-%d0%bf%d0%be-%d0%b8%d0%bd\\\/#primaryimage\"},\"image\":{\"@id\":\"https:\\\/\\\/www.ahotech.com\\\/ru\\\/%d0%bf%d1%80%d0%be%d0%b4%d1%83%d0%ba%d1%82\\\/%d0%bf%d1%80%d0%be%d0%b8%d0%b7%d0%b2%d0%be%d0%b4%d0%b8%d1%82%d0%b5%d0%bb%d0%b8-%d0%bb%d0%b8%d1%82%d0%b8%d0%b5%d0%b2%d1%8b%d1%85-%d0%b1%d0%b0%d1%82%d0%b0%d1%80%d0%b5%d0%b9-%d0%bf%d0%be-%d0%b8%d0%bd\\\/#primaryimage\"},\"thumbnailUrl\":\"https:\\\/\\\/www.ahotech.com\\\/wp-content\\\/uploads\\\/2022\\\/03\\\/custom-li-ion-battery-pack.jpg\",\"datePublished\":\"2022-03-08T05:56:59+00:00\",\"dateModified\":\"2022-03-09T01:13:42+00:00\",\"breadcrumb\":{\"@id\":\"https:\\\/\\\/www.ahotech.com\\\/ru\\\/%d0%bf%d1%80%d0%be%d0%b4%d1%83%d0%ba%d1%82\\\/%d0%bf%d1%80%d0%be%d0%b8%d0%b7%d0%b2%d0%be%d0%b4%d0%b8%d1%82%d0%b5%d0%bb%d0%b8-%d0%bb%d0%b8%d1%82%d0%b8%d0%b5%d0%b2%d1%8b%d1%85-%d0%b1%d0%b0%d1%82%d0%b0%d1%80%d0%b5%d0%b9-%d0%bf%d0%be-%d0%b8%d0%bd\\\/#breadcrumb\"},\"inLanguage\":\"es\",\"potentialAction\":[{\"@type\":\"ReadAction\",\"target\":[\"https:\\\/\\\/www.ahotech.com\\\/ru\\\/%d0%bf%d1%80%d0%be%d0%b4%d1%83%d0%ba%d1%82\\\/%d0%bf%d1%80%d0%be%d0%b8%d0%b7%d0%b2%d0%be%d0%b4%d0%b8%d1%82%d0%b5%d0%bb%d0%b8-%d0%bb%d0%b8%d1%82%d0%b8%d0%b5%d0%b2%d1%8b%d1%85-%d0%b1%d0%b0%d1%82%d0%b0%d1%80%d0%b5%d0%b9-%d0%bf%d0%be-%d0%b8%d0%bd\\\/\"]}]},{\"@type\":\"ImageObject\",\"inLanguage\":\"es\",\"@id\":\"https:\\\/\\\/www.ahotech.com\\\/ru\\\/%d0%bf%d1%80%d0%be%d0%b4%d1%83%d0%ba%d1%82\\\/%d0%bf%d1%80%d0%be%d0%b8%d0%b7%d0%b2%d0%be%d0%b4%d0%b8%d1%82%d0%b5%d0%bb%d0%b8-%d0%bb%d0%b8%d1%82%d0%b8%d0%b5%d0%b2%d1%8b%d1%85-%d0%b1%d0%b0%d1%82%d0%b0%d1%80%d0%b5%d0%b9-%d0%bf%d0%be-%d0%b8%d0%bd\\\/#primaryimage\",\"url\":\"https:\\\/\\\/www.ahotech.com\\\/wp-content\\\/uploads\\\/2022\\\/03\\\/custom-li-ion-battery-pack.jpg\",\"contentUrl\":\"https:\\\/\\\/www.ahotech.com\\\/wp-content\\\/uploads\\\/2022\\\/03\\\/custom-li-ion-battery-pack.jpg\",\"width\":800,\"height\":800,\"caption\":\"custom li ion battery pack\"},{\"@type\":\"BreadcrumbList\",\"@id\":\"https:\\\/\\\/www.ahotech.com\\\/ru\\\/%d0%bf%d1%80%d0%be%d0%b4%d1%83%d0%ba%d1%82\\\/%d0%bf%d1%80%d0%be%d0%b8%d0%b7%d0%b2%d0%be%d0%b4%d0%b8%d1%82%d0%b5%d0%bb%d0%b8-%d0%bb%d0%b8%d1%82%d0%b8%d0%b5%d0%b2%d1%8b%d1%85-%d0%b1%d0%b0%d1%82%d0%b0%d1%80%d0%b5%d0%b9-%d0%bf%d0%be-%d0%b8%d0%bd\\\/#breadcrumb\",\"itemListElement\":[{\"@type\":\"ListItem\",\"position\":1,\"name\":\"Home\",\"item\":\"https:\\\/\\\/www.ahotech.com\\\/es\\\/\"},{\"@type\":\"ListItem\",\"position\":2,\"name\":\"Store\",\"item\":\"https:\\\/\\\/www.ahotech.com\\\/es\\\/store\\\/\"},{\"@type\":\"ListItem\",\"position\":3,\"name\":\"custom lithium battery manufacturers\"}]},{\"@type\":\"WebSite\",\"@id\":\"https:\\\/\\\/www.ahotech.com\\\/es\\\/#website\",\"url\":\"https:\\\/\\\/www.ahotech.com\\\/es\\\/\",\"name\":\"Ahotech.com\",\"description\":\"lithium battery manufacturers\",\"publisher\":{\"@id\":\"https:\\\/\\\/www.ahotech.com\\\/es\\\/#organization\"},\"potentialAction\":[{\"@type\":\"SearchAction\",\"target\":{\"@type\":\"EntryPoint\",\"urlTemplate\":\"https:\\\/\\\/www.ahotech.com\\\/es\\\/?s={search_term_string}\"},\"query-input\":{\"@type\":\"PropertyValueSpecification\",\"valueRequired\":true,\"valueName\":\"search_term_string\"}}],\"inLanguage\":\"es\"},{\"@type\":\"Organization\",\"@id\":\"https:\\\/\\\/www.ahotech.com\\\/es\\\/#organization\",\"name\":\"Ahotech.com\",\"url\":\"https:\\\/\\\/www.ahotech.com\\\/es\\\/\",\"logo\":{\"@type\":\"ImageObject\",\"inLanguage\":\"es\",\"@id\":\"https:\\\/\\\/www.ahotech.com\\\/es\\\/#\\\/schema\\\/logo\\\/image\\\/\",\"url\":\"https:\\\/\\\/www.ahotech.com\\\/wp-content\\\/uploads\\\/2021\\\/10\\\/battery-site-logo.jpg\",\"contentUrl\":\"https:\\\/\\\/www.ahotech.com\\\/wp-content\\\/uploads\\\/2021\\\/10\\\/battery-site-logo.jpg\",\"width\":1297,\"height\":465,\"caption\":\"Ahotech.com\"},\"image\":{\"@id\":\"https:\\\/\\\/www.ahotech.com\\\/es\\\/#\\\/schema\\\/logo\\\/image\\\/\"}}]}<\/script>\n<!-- \/ Yoast SEO plugin. -->","yoast_head_json":{"title":"Fabricantes de bater\u00edas de litio personalizadas - Ahotech.com","robots":{"index":"index","follow":"follow","max-snippet":"max-snippet:-1","max-image-preview":"max-image-preview:large","max-video-preview":"max-video-preview:-1"},"canonical":"https:\/\/www.ahotech.com\/es\/producto\/fabricantes-de-baterias-de-litio-personalizadas\/","og_locale":"es_ES","og_type":"article","og_title":"custom lithium battery manufacturers - Ahotech.com","og_description":"Model: ER34615-6p\/HPC1550 Voltage: 3.6 V Capacity: 114 ah Maximum pulse current: 5A (at room temperature) Operating temperature range: -40\u2103 ~ +85\u2103 Annual average capacity drop rate: \u22641%","og_url":"https:\/\/www.ahotech.com\/es\/producto\/fabricantes-de-baterias-de-litio-personalizadas\/","og_site_name":"Ahotech.com","article_modified_time":"2022-03-09T01:13:42+00:00","og_image":[{"width":800,"height":800,"url":"https:\/\/www.ahotech.com\/wp-content\/uploads\/2022\/03\/custom-li-ion-battery-pack.jpg","type":"image\/jpeg"}],"twitter_card":"summary_large_image","twitter_misc":{"Tiempo de lectura":"3 minutos"},"schema":{"@context":"https:\/\/schema.org","@graph":[{"@type":"WebPage","@id":"https:\/\/www.ahotech.com\/ru\/%d0%bf%d1%80%d0%be%d0%b4%d1%83%d0%ba%d1%82\/%d0%bf%d1%80%d0%be%d0%b8%d0%b7%d0%b2%d0%be%d0%b4%d0%b8%d1%82%d0%b5%d0%bb%d0%b8-%d0%bb%d0%b8%d1%82%d0%b8%d0%b5%d0%b2%d1%8b%d1%85-%d0%b1%d0%b0%d1%82%d0%b0%d1%80%d0%b5%d0%b9-%d0%bf%d0%be-%d0%b8%d0%bd\/","url":"https:\/\/www.ahotech.com\/ru\/%d0%bf%d1%80%d0%be%d0%b4%d1%83%d0%ba%d1%82\/%d0%bf%d1%80%d0%be%d0%b8%d0%b7%d0%b2%d0%be%d0%b4%d0%b8%d1%82%d0%b5%d0%bb%d0%b8-%d0%bb%d0%b8%d1%82%d0%b8%d0%b5%d0%b2%d1%8b%d1%85-%d0%b1%d0%b0%d1%82%d0%b0%d1%80%d0%b5%d0%b9-%d0%bf%d0%be-%d0%b8%d0%bd\/","name":"Fabricantes de bater\u00edas de litio personalizadas - Ahotech.com","isPartOf":{"@id":"https:\/\/www.ahotech.com\/es\/#website"},"primaryImageOfPage":{"@id":"https:\/\/www.ahotech.com\/ru\/%d0%bf%d1%80%d0%be%d0%b4%d1%83%d0%ba%d1%82\/%d0%bf%d1%80%d0%be%d0%b8%d0%b7%d0%b2%d0%be%d0%b4%d0%b8%d1%82%d0%b5%d0%bb%d0%b8-%d0%bb%d0%b8%d1%82%d0%b8%d0%b5%d0%b2%d1%8b%d1%85-%d0%b1%d0%b0%d1%82%d0%b0%d1%80%d0%b5%d0%b9-%d0%bf%d0%be-%d0%b8%d0%bd\/#primaryimage"},"image":{"@id":"https:\/\/www.ahotech.com\/ru\/%d0%bf%d1%80%d0%be%d0%b4%d1%83%d0%ba%d1%82\/%d0%bf%d1%80%d0%be%d0%b8%d0%b7%d0%b2%d0%be%d0%b4%d0%b8%d1%82%d0%b5%d0%bb%d0%b8-%d0%bb%d0%b8%d1%82%d0%b8%d0%b5%d0%b2%d1%8b%d1%85-%d0%b1%d0%b0%d1%82%d0%b0%d1%80%d0%b5%d0%b9-%d0%bf%d0%be-%d0%b8%d0%bd\/#primaryimage"},"thumbnailUrl":"https:\/\/www.ahotech.com\/wp-content\/uploads\/2022\/03\/custom-li-ion-battery-pack.jpg","datePublished":"2022-03-08T05:56:59+00:00","dateModified":"2022-03-09T01:13:42+00:00","breadcrumb":{"@id":"https:\/\/www.ahotech.com\/ru\/%d0%bf%d1%80%d0%be%d0%b4%d1%83%d0%ba%d1%82\/%d0%bf%d1%80%d0%be%d0%b8%d0%b7%d0%b2%d0%be%d0%b4%d0%b8%d1%82%d0%b5%d0%bb%d0%b8-%d0%bb%d0%b8%d1%82%d0%b8%d0%b5%d0%b2%d1%8b%d1%85-%d0%b1%d0%b0%d1%82%d0%b0%d1%80%d0%b5%d0%b9-%d0%bf%d0%be-%d0%b8%d0%bd\/#breadcrumb"},"inLanguage":"es","potentialAction":[{"@type":"ReadAction","target":["https:\/\/www.ahotech.com\/ru\/%d0%bf%d1%80%d0%be%d0%b4%d1%83%d0%ba%d1%82\/%d0%bf%d1%80%d0%be%d0%b8%d0%b7%d0%b2%d0%be%d0%b4%d0%b8%d1%82%d0%b5%d0%bb%d0%b8-%d0%bb%d0%b8%d1%82%d0%b8%d0%b5%d0%b2%d1%8b%d1%85-%d0%b1%d0%b0%d1%82%d0%b0%d1%80%d0%b5%d0%b9-%d0%bf%d0%be-%d0%b8%d0%bd\/"]}]},{"@type":"ImageObject","inLanguage":"es","@id":"https:\/\/www.ahotech.com\/ru\/%d0%bf%d1%80%d0%be%d0%b4%d1%83%d0%ba%d1%82\/%d0%bf%d1%80%d0%be%d0%b8%d0%b7%d0%b2%d0%be%d0%b4%d0%b8%d1%82%d0%b5%d0%bb%d0%b8-%d0%bb%d0%b8%d1%82%d0%b8%d0%b5%d0%b2%d1%8b%d1%85-%d0%b1%d0%b0%d1%82%d0%b0%d1%80%d0%b5%d0%b9-%d0%bf%d0%be-%d0%b8%d0%bd\/#primaryimage","url":"https:\/\/www.ahotech.com\/wp-content\/uploads\/2022\/03\/custom-li-ion-battery-pack.jpg","contentUrl":"https:\/\/www.ahotech.com\/wp-content\/uploads\/2022\/03\/custom-li-ion-battery-pack.jpg","width":800,"height":800,"caption":"custom li ion battery pack"},{"@type":"BreadcrumbList","@id":"https:\/\/www.ahotech.com\/ru\/%d0%bf%d1%80%d0%be%d0%b4%d1%83%d0%ba%d1%82\/%d0%bf%d1%80%d0%be%d0%b8%d0%b7%d0%b2%d0%be%d0%b4%d0%b8%d1%82%d0%b5%d0%bb%d0%b8-%d0%bb%d0%b8%d1%82%d0%b8%d0%b5%d0%b2%d1%8b%d1%85-%d0%b1%d0%b0%d1%82%d0%b0%d1%80%d0%b5%d0%b9-%d0%bf%d0%be-%d0%b8%d0%bd\/#breadcrumb","itemListElement":[{"@type":"ListItem","position":1,"name":"Home","item":"https:\/\/www.ahotech.com\/es\/"},{"@type":"ListItem","position":2,"name":"Store","item":"https:\/\/www.ahotech.com\/es\/store\/"},{"@type":"ListItem","position":3,"name":"custom lithium battery manufacturers"}]},{"@type":"WebSite","@id":"https:\/\/www.ahotech.com\/es\/#website","url":"https:\/\/www.ahotech.com\/es\/","name":"Ahotech.com","description":"fabricantes de bater\u00edas de litio","publisher":{"@id":"https:\/\/www.ahotech.com\/es\/#organization"},"potentialAction":[{"@type":"SearchAction","target":{"@type":"EntryPoint","urlTemplate":"https:\/\/www.ahotech.com\/es\/?s={search_term_string}"},"query-input":{"@type":"PropertyValueSpecification","valueRequired":true,"valueName":"search_term_string"}}],"inLanguage":"es"},{"@type":"Organization","@id":"https:\/\/www.ahotech.com\/es\/#organization","name":"Ahotech.com","url":"https:\/\/www.ahotech.com\/es\/","logo":{"@type":"ImageObject","inLanguage":"es","@id":"https:\/\/www.ahotech.com\/es\/#\/schema\/logo\/image\/","url":"https:\/\/www.ahotech.com\/wp-content\/uploads\/2021\/10\/battery-site-logo.jpg","contentUrl":"https:\/\/www.ahotech.com\/wp-content\/uploads\/2021\/10\/battery-site-logo.jpg","width":1297,"height":465,"caption":"Ahotech.com"},"image":{"@id":"https:\/\/www.ahotech.com\/es\/#\/schema\/logo\/image\/"}}]}},"_links":{"self":[{"href":"https:\/\/www.ahotech.com\/es\/wp-json\/wp\/v2\/product\/4468","targetHints":{"allow":["GET"]}}],"collection":[{"href":"https:\/\/www.ahotech.com\/es\/wp-json\/wp\/v2\/product"}],"about":[{"href":"https:\/\/www.ahotech.com\/es\/wp-json\/wp\/v2\/types\/product"}],"version-history":[{"count":7,"href":"https:\/\/www.ahotech.com\/es\/wp-json\/wp\/v2\/product\/4468\/revisions"}],"predecessor-version":[{"id":4482,"href":"https:\/\/www.ahotech.com\/es\/wp-json\/wp\/v2\/product\/4468\/revisions\/4482"}],"wp:featuredmedia":[{"embeddable":true,"href":"https:\/\/www.ahotech.com\/es\/wp-json\/wp\/v2\/media\/4470"}],"wp:attachment":[{"href":"https:\/\/www.ahotech.com\/es\/wp-json\/wp\/v2\/media?parent=4468"}],"wp:term":[{"taxonomy":"product_brand","embeddable":true,"href":"https:\/\/www.ahotech.com\/es\/wp-json\/wp\/v2\/product_brand?post=4468"},{"taxonomy":"product_cat","embeddable":true,"href":"https:\/\/www.ahotech.com\/es\/wp-json\/wp\/v2\/product_cat?post=4468"},{"taxonomy":"product_tag","embeddable":true,"href":"https:\/\/www.ahotech.com\/es\/wp-json\/wp\/v2\/product_tag?post=4468"}],"curies":[{"name":"wp","href":"https:\/\/api.w.org\/{rel}","templated":true}]}}