{"id":4459,"date":"2022-03-07T08:22:00","date_gmt":"2022-03-07T08:22:00","guid":{"rendered":"https:\/\/www.ahotech.com\/?post_type=product&#038;p=4459"},"modified":"2022-04-01T05:47:36","modified_gmt":"2022-04-01T05:47:36","slug":"bateria-de-mayor-duracion","status":"publish","type":"product","link":"https:\/\/www.ahotech.com\/es\/product\/longest-lasting-battery\/","title":{"rendered":"bater\u00eda de mayor duraci\u00f3n"},"content":{"rendered":"<p class=\"tgt\" data-section=\"0\"><span class=\"tgt\" data-section=\"0\" data-sentence=\"0\" data-group=\"0-0\">\u00bfEst\u00e1 buscando la bater\u00eda m\u00e1s duradera? Puede leer sobre el principio de funcionamiento del paquete de bater\u00eda IOT:<\/span><\/p>\n<p class=\"tgt\" data-section=\"1\"><span class=\"tgt\" data-section=\"1\" data-sentence=\"0\" data-group=\"1-0\">La subbater\u00eda de litio es una bater\u00eda de metal de litio con una densidad energ\u00e9tica cercana a la de los hidrocarburos, que es la direcci\u00f3n futura de la tecnolog\u00eda de las bater\u00edas.<\/span><\/p>\n<p class=\"tgt\" data-section=\"2\"><span class=\"tgt\" data-section=\"2\" data-sentence=\"0\" data-group=\"2-0\">Ahora, la mayor desventaja de la bater\u00eda de litio solo puede ser la descarga de corriente peque\u00f1a, como ER34615 solo puede ser de 2 mA, bajo la condici\u00f3n de temperatura y humedad constantes a temperatura ambiente para alcanzar la capacidad te\u00f3rica de 19 Ah, la corriente, el cambio de temperatura tiene un gran impacto en el rendimiento, por lo que el uso general de equipos de corriente peque\u00f1a.<\/span><\/p>\n<p data-section=\"2\"><span class=\"tgt\" data-section=\"0\" data-sentence=\"0\" data-group=\"0-0\"><a href=\"https:\/\/www.ahotech.com\/es\/producto\/bateria-omnicel-er34615-bateria-de-litio-er34615\/\">ER34615<\/a> bater\u00eda y HPC1550 en paralelo, los dos voltajes son siempre los mismos, fuente de alimentaci\u00f3n externa, <a href=\"https:\/\/www.ahotech.com\/es\/producto\/hybrid-capacitor-battery-1550\/\">HPC1550<\/a> soportar la mayor parte de la producci\u00f3n actual;<\/span><span class=\"tgt\" data-section=\"0\" data-sentence=\"1\" data-group=\"0-1\"> Cuando funciona en est\u00e1tico, el voltaje de circuito abierto del ER34615 tiende a aumentar y formar\u00e1 instant\u00e1neamente una diferencia de voltaje con el capacitor, formando una carga, pero esto es solo un momento de un punto de equilibrio.<\/span><span class=\"tgt\" data-section=\"0\" data-sentence=\"2\" data-group=\"0-2\"> De esta manera, el ER aumenta repetidamente el voltaje de todo el paquete de bater\u00edas hasta que el voltaje alcanza 3,66 V y ya no se puede extraer ni equilibrar.<\/span><span class=\"tgt\" data-section=\"0\" data-sentence=\"3\" data-group=\"0-3\"> Antes de que llegue el siguiente pulso, el ER34615 descarga el HPC1550 al voltaje apropiado, ya que la capacidad de descarga del HPC corresponde al voltaje.<\/span><span class=\"tgt\" data-section=\"0\" data-sentence=\"4\" data-group=\"0-4\"> Este ciclo se repite hasta que se agote la capacidad de la bater\u00eda ER, lo que garantiza que la larga vida \u00fatil y la capacidad de descarga de la bater\u00eda est\u00e9n dentro del rango estimado.<\/span><\/p>\n<p class=\"tgt\" data-section=\"0\"><span class=\"tgt\" data-section=\"0\" data-sentence=\"0\" data-group=\"0-0\">Paquete de bater\u00eda de larga duraci\u00f3n Caracter\u00edsticas de rendimiento:<\/span><\/p>\n<p class=\"tgt\" data-section=\"1\"><span class=\"tgt\" data-section=\"1\" data-sentence=\"0\" data-group=\"1-0\">Capacidad de corriente de pulso alta;<\/span><\/p>\n<p class=\"tgt\" data-section=\"2\"><span class=\"tgt\" data-section=\"2\" data-sentence=\"0\" data-group=\"2-0\">Respuesta r\u00e1pida de voltaje (sin retraso de voltaje);<\/span><\/p>\n<p class=\"tgt\" data-section=\"3\"><span class=\"tgt\" data-section=\"3\" data-sentence=\"0\" data-group=\"3-0\">Alta confiabilidad (soldadura l\u00e1ser, sello de vidrio a metal, puede adaptarse a entornos h\u00famedos, evitar fugas);<\/span><\/p>\n<p class=\"tgt\" data-section=\"4\"><span class=\"tgt\" data-section=\"4\" data-sentence=\"0\" data-group=\"4-0\">Excelente conservaci\u00f3n (10 a\u00f1os);<\/span><\/p>\n<p class=\"tgt\" data-section=\"5\"><span class=\"tgt\" data-section=\"5\" data-sentence=\"0\" data-group=\"5-0\">Paquete de bater\u00eda de larga duraci\u00f3n, se garantiza el rendimiento del extremo de la bater\u00eda;<\/span><\/p>\n<p class=\"tgt\" data-section=\"6\"><span class=\"tgt\" data-section=\"6\" data-sentence=\"0\" data-group=\"6-0\">Ciclo de vida ultra largo: 5000 ciclos 100%DOD;<\/span><\/p>\n<p class=\"tgt\" data-section=\"7\"><span class=\"tgt\" data-section=\"7\" data-sentence=\"0\" data-group=\"7-0\">La temperatura extremadamente baja puede ser una fuente de alimentaci\u00f3n de carga normal;<\/span><\/p>\n<p class=\"tgt\" data-section=\"8\"><span class=\"tgt\" data-section=\"8\" data-sentence=\"0\" data-group=\"8-0\">Bater\u00eda de mayor duraci\u00f3n. Seguro y confiable, condensador a prueba de explosiones a trav\u00e9s de la certificaci\u00f3n de seguridad de los Estados Unidos y la Uni\u00f3n Europea, en t\u00e9rminos de protecci\u00f3n de seguridad: TODAS las series HPC a trav\u00e9s de UL1642, TODAS las series HPC a trav\u00e9s de la certificaci\u00f3n IEC62133;<\/span><span class=\"tgt\" data-section=\"8\" data-sentence=\"1\" data-group=\"8-1\"> En t\u00e9rminos de protecci\u00f3n del medio ambiente: toda la serie de HPC ha pasado diez pruebas ROHS;<\/span><span class=\"tgt\" data-section=\"8\" data-sentence=\"2\" data-group=\"8-2\"> En t\u00e9rminos de transporte: TODAS las series HPC han obtenido la certificaci\u00f3n de transporte de seguridad UN38.3;<\/span><\/p>\n<p class=\"tgt\" data-section=\"9\"><span class=\"tgt\" data-section=\"9\" data-sentence=\"0\" data-group=\"9-0\">Proceso de ensamblaje de la industria militar: el dise\u00f1o especial de la bater\u00eda de litio se ajusta a las caracter\u00edsticas de la capacitancia, la producci\u00f3n de litros de lang en estricta conformidad con la tecnolog\u00eda militar, antes del ensamblaje debe seleccionar el voltaje, la resistencia interna de las bater\u00edas de litio, controlar la consistencia y estabilidad de la bater\u00eda, evitar la bater\u00eda cuando se usa uno de los estados de bater\u00eda de mon\u00f3mero y trae el riesgo de accidentes.<\/span><span class=\"tgt\" data-section=\"9\" data-sentence=\"1\" data-group=\"9-1\"> Lansen verifica estrictamente la calidad de cada grupo de bater\u00edas antes del env\u00edo, como: voltaje de carga, voltaje de circuito abierto, resistencia interna de la bater\u00eda y otras series de control de calidad;<\/span><\/p>\n<p data-section=\"9\">Bienvenido a su consulta la bater\u00eda de mayor duraci\u00f3n.<\/p>","protected":false},"excerpt":{"rendered":"<p>Modelo: ER34615-2S16P+HPC1550-2S2P<br \/>\nVoltaje: 7,2 V<br \/>\nCapacidad: 304 ah<br \/>\nCorriente m\u00e1xima de pulso: 10 A a temperatura ambiente<br \/>\nRango de temperatura de funcionamiento: -40\u2103 ~ +85\u2103<br \/>\nTasa de ca\u00edda de capacidad promedio anual: \u22641%<\/p>","protected":false},"featured_media":4461,"template":"","meta":{"_acf_changed":false,"site-sidebar-layout":"default","site-content-layout":"default","ast-site-content-layout":"","site-content-style":"default","site-sidebar-style":"default","ast-global-header-display":"","ast-banner-title-visibility":"","ast-main-header-display":"","ast-hfb-above-header-display":"","ast-hfb-below-header-display":"","ast-hfb-mobile-header-display":"","site-post-title":"","ast-breadcrumbs-content":"","ast-featured-img":"","footer-sml-layout":"","theme-transparent-header-meta":"default","adv-header-id-meta":"","stick-header-meta":"","header-above-stick-meta":"","header-main-stick-meta":"","header-below-stick-meta":"","astra-migrate-meta-layouts":"default","ast-page-background-enabled":"default","ast-page-background-meta":{"desktop":{"background-color":"","background-image":"","background-repeat":"repeat","background-position":"center center","background-size":"auto","background-attachment":"scroll","background-type":"","background-media":"","overlay-type":"","overlay-color":"","overlay-opacity":"","overlay-gradient":""},"tablet":{"background-color":"","background-image":"","background-repeat":"repeat","background-position":"center center","background-size":"auto","background-attachment":"scroll","background-type":"","background-media":"","overlay-type":"","overlay-color":"","overlay-opacity":"","overlay-gradient":""},"mobile":{"background-color":"","background-image":"","background-repeat":"repeat","background-position":"center center","background-size":"auto","background-attachment":"scroll","background-type":"","background-media":"","overlay-type":"","overlay-color":"","overlay-opacity":"","overlay-gradient":""}},"ast-content-background-meta":{"desktop":{"background-color":"var(--ast-global-color-5)","background-image":"","background-repeat":"repeat","background-position":"center center","background-size":"auto","background-attachment":"scroll","background-type":"","background-media":"","overlay-type":"","overlay-color":"","overlay-opacity":"","overlay-gradient":""},"tablet":{"background-color":"var(--ast-global-color-5)","background-image":"","background-repeat":"repeat","background-position":"center center","background-size":"auto","background-attachment":"scroll","background-type":"","background-media":"","overlay-type":"","overlay-color":"","overlay-opacity":"","overlay-gradient":""},"mobile":{"background-color":"var(--ast-global-color-5)","background-image":"","background-repeat":"repeat","background-position":"center center","background-size":"auto","background-attachment":"scroll","background-type":"","background-media":"","overlay-type":"","overlay-color":"","overlay-opacity":"","overlay-gradient":""}}},"product_brand":[],"product_cat":[39],"product_tag":[],"class_list":{"0":"post-4459","1":"product","2":"type-product","3":"status-publish","4":"has-post-thumbnail","6":"product_cat-custom-iot-battery-pack","7":"desktop-align-left","8":"tablet-align-left","9":"mobile-align-left","11":"first","12":"instock","13":"shipping-taxable","14":"product-type-simple"},"acf":[],"yoast_head":"<!-- This site is optimized with the Yoast SEO plugin v27.3 - https:\/\/yoast.com\/product\/yoast-seo-wordpress\/ -->\n<title>longest lasting battery - Ahotech.com<\/title>\n<meta name=\"description\" content=\"Cr123a battery performance parameters (standard value within one year of battery life)\" \/>\n<meta name=\"robots\" content=\"index, follow, max-snippet:-1, max-image-preview:large, max-video-preview:-1\" \/>\n<link rel=\"canonical\" href=\"https:\/\/www.ahotech.com\/es\/producto\/bateria-de-mayor-duracion\/\" \/>\n<meta property=\"og:locale\" content=\"es_ES\" \/>\n<meta property=\"og:type\" content=\"article\" \/>\n<meta property=\"og:title\" content=\"longest lasting battery - Ahotech.com\" \/>\n<meta property=\"og:description\" content=\"Cr123a battery performance parameters (standard value within one year of battery life)\" \/>\n<meta property=\"og:url\" content=\"https:\/\/www.ahotech.com\/es\/producto\/bateria-de-mayor-duracion\/\" \/>\n<meta property=\"og:site_name\" content=\"Ahotech.com\" \/>\n<meta property=\"article:modified_time\" content=\"2022-04-01T05:47:36+00:00\" \/>\n<meta property=\"og:image\" content=\"https:\/\/www.ahotech.com\/wp-content\/uploads\/2022\/03\/long-life-battery-pack.jpg\" \/>\n\t<meta property=\"og:image:width\" content=\"800\" \/>\n\t<meta property=\"og:image:height\" content=\"800\" \/>\n\t<meta property=\"og:image:type\" content=\"image\/jpeg\" \/>\n<meta name=\"twitter:card\" content=\"summary_large_image\" \/>\n<meta name=\"twitter:label1\" content=\"Tiempo de lectura\" \/>\n\t<meta name=\"twitter:data1\" content=\"2 minutos\" \/>\n<script type=\"application\/ld+json\" class=\"yoast-schema-graph\">{\"@context\":\"https:\\\/\\\/schema.org\",\"@graph\":[{\"@type\":\"WebPage\",\"@id\":\"https:\\\/\\\/www.ahotech.com\\\/product\\\/longest-lasting-battery\\\/\",\"url\":\"https:\\\/\\\/www.ahotech.com\\\/product\\\/longest-lasting-battery\\\/\",\"name\":\"longest lasting battery - Ahotech.com\",\"isPartOf\":{\"@id\":\"https:\\\/\\\/www.ahotech.com\\\/es\\\/#website\"},\"primaryImageOfPage\":{\"@id\":\"https:\\\/\\\/www.ahotech.com\\\/product\\\/longest-lasting-battery\\\/#primaryimage\"},\"image\":{\"@id\":\"https:\\\/\\\/www.ahotech.com\\\/product\\\/longest-lasting-battery\\\/#primaryimage\"},\"thumbnailUrl\":\"https:\\\/\\\/www.ahotech.com\\\/wp-content\\\/uploads\\\/2022\\\/03\\\/long-life-battery-pack.jpg\",\"datePublished\":\"2022-03-07T08:22:00+00:00\",\"dateModified\":\"2022-04-01T05:47:36+00:00\",\"description\":\"Cr123a battery performance parameters (standard value within one year of battery life)\",\"breadcrumb\":{\"@id\":\"https:\\\/\\\/www.ahotech.com\\\/product\\\/longest-lasting-battery\\\/#breadcrumb\"},\"inLanguage\":\"es\",\"potentialAction\":[{\"@type\":\"ReadAction\",\"target\":[\"https:\\\/\\\/www.ahotech.com\\\/product\\\/longest-lasting-battery\\\/\"]}]},{\"@type\":\"ImageObject\",\"inLanguage\":\"es\",\"@id\":\"https:\\\/\\\/www.ahotech.com\\\/product\\\/longest-lasting-battery\\\/#primaryimage\",\"url\":\"https:\\\/\\\/www.ahotech.com\\\/wp-content\\\/uploads\\\/2022\\\/03\\\/long-life-battery-pack.jpg\",\"contentUrl\":\"https:\\\/\\\/www.ahotech.com\\\/wp-content\\\/uploads\\\/2022\\\/03\\\/long-life-battery-pack.jpg\",\"width\":800,\"height\":800,\"caption\":\"long life battery pack\"},{\"@type\":\"BreadcrumbList\",\"@id\":\"https:\\\/\\\/www.ahotech.com\\\/product\\\/longest-lasting-battery\\\/#breadcrumb\",\"itemListElement\":[{\"@type\":\"ListItem\",\"position\":1,\"name\":\"Home\",\"item\":\"https:\\\/\\\/www.ahotech.com\\\/es\\\/\"},{\"@type\":\"ListItem\",\"position\":2,\"name\":\"Store\",\"item\":\"https:\\\/\\\/www.ahotech.com\\\/es\\\/store\\\/\"},{\"@type\":\"ListItem\",\"position\":3,\"name\":\"longest lasting battery\"}]},{\"@type\":\"WebSite\",\"@id\":\"https:\\\/\\\/www.ahotech.com\\\/es\\\/#website\",\"url\":\"https:\\\/\\\/www.ahotech.com\\\/es\\\/\",\"name\":\"Ahotech.com\",\"description\":\"lithium battery manufacturers\",\"publisher\":{\"@id\":\"https:\\\/\\\/www.ahotech.com\\\/es\\\/#organization\"},\"potentialAction\":[{\"@type\":\"SearchAction\",\"target\":{\"@type\":\"EntryPoint\",\"urlTemplate\":\"https:\\\/\\\/www.ahotech.com\\\/es\\\/?s={search_term_string}\"},\"query-input\":{\"@type\":\"PropertyValueSpecification\",\"valueRequired\":true,\"valueName\":\"search_term_string\"}}],\"inLanguage\":\"es\"},{\"@type\":\"Organization\",\"@id\":\"https:\\\/\\\/www.ahotech.com\\\/es\\\/#organization\",\"name\":\"Ahotech.com\",\"url\":\"https:\\\/\\\/www.ahotech.com\\\/es\\\/\",\"logo\":{\"@type\":\"ImageObject\",\"inLanguage\":\"es\",\"@id\":\"https:\\\/\\\/www.ahotech.com\\\/es\\\/#\\\/schema\\\/logo\\\/image\\\/\",\"url\":\"https:\\\/\\\/www.ahotech.com\\\/wp-content\\\/uploads\\\/2021\\\/10\\\/battery-site-logo.jpg\",\"contentUrl\":\"https:\\\/\\\/www.ahotech.com\\\/wp-content\\\/uploads\\\/2021\\\/10\\\/battery-site-logo.jpg\",\"width\":1297,\"height\":465,\"caption\":\"Ahotech.com\"},\"image\":{\"@id\":\"https:\\\/\\\/www.ahotech.com\\\/es\\\/#\\\/schema\\\/logo\\\/image\\\/\"}}]}<\/script>\n<!-- \/ Yoast SEO plugin. -->","yoast_head_json":{"title":"La bater\u00eda m\u00e1s duradera - Ahotech.com","description":"Par\u00e1metros de rendimiento de la bater\u00eda Cr123a (valor est\u00e1ndar dentro de un a\u00f1o de vida \u00fatil de la bater\u00eda)","robots":{"index":"index","follow":"follow","max-snippet":"max-snippet:-1","max-image-preview":"max-image-preview:large","max-video-preview":"max-video-preview:-1"},"canonical":"https:\/\/www.ahotech.com\/es\/producto\/bateria-de-mayor-duracion\/","og_locale":"es_ES","og_type":"article","og_title":"longest lasting battery - Ahotech.com","og_description":"Cr123a battery performance parameters (standard value within one year of battery life)","og_url":"https:\/\/www.ahotech.com\/es\/producto\/bateria-de-mayor-duracion\/","og_site_name":"Ahotech.com","article_modified_time":"2022-04-01T05:47:36+00:00","og_image":[{"width":800,"height":800,"url":"https:\/\/www.ahotech.com\/wp-content\/uploads\/2022\/03\/long-life-battery-pack.jpg","type":"image\/jpeg"}],"twitter_card":"summary_large_image","twitter_misc":{"Tiempo de lectura":"2 minutos"},"schema":{"@context":"https:\/\/schema.org","@graph":[{"@type":"WebPage","@id":"https:\/\/www.ahotech.com\/product\/longest-lasting-battery\/","url":"https:\/\/www.ahotech.com\/product\/longest-lasting-battery\/","name":"La bater\u00eda m\u00e1s duradera - Ahotech.com","isPartOf":{"@id":"https:\/\/www.ahotech.com\/es\/#website"},"primaryImageOfPage":{"@id":"https:\/\/www.ahotech.com\/product\/longest-lasting-battery\/#primaryimage"},"image":{"@id":"https:\/\/www.ahotech.com\/product\/longest-lasting-battery\/#primaryimage"},"thumbnailUrl":"https:\/\/www.ahotech.com\/wp-content\/uploads\/2022\/03\/long-life-battery-pack.jpg","datePublished":"2022-03-07T08:22:00+00:00","dateModified":"2022-04-01T05:47:36+00:00","description":"Par\u00e1metros de rendimiento de la bater\u00eda Cr123a (valor est\u00e1ndar dentro de un a\u00f1o de vida \u00fatil de la bater\u00eda)","breadcrumb":{"@id":"https:\/\/www.ahotech.com\/product\/longest-lasting-battery\/#breadcrumb"},"inLanguage":"es","potentialAction":[{"@type":"ReadAction","target":["https:\/\/www.ahotech.com\/product\/longest-lasting-battery\/"]}]},{"@type":"ImageObject","inLanguage":"es","@id":"https:\/\/www.ahotech.com\/product\/longest-lasting-battery\/#primaryimage","url":"https:\/\/www.ahotech.com\/wp-content\/uploads\/2022\/03\/long-life-battery-pack.jpg","contentUrl":"https:\/\/www.ahotech.com\/wp-content\/uploads\/2022\/03\/long-life-battery-pack.jpg","width":800,"height":800,"caption":"long life battery pack"},{"@type":"BreadcrumbList","@id":"https:\/\/www.ahotech.com\/product\/longest-lasting-battery\/#breadcrumb","itemListElement":[{"@type":"ListItem","position":1,"name":"Home","item":"https:\/\/www.ahotech.com\/es\/"},{"@type":"ListItem","position":2,"name":"Store","item":"https:\/\/www.ahotech.com\/es\/store\/"},{"@type":"ListItem","position":3,"name":"longest lasting battery"}]},{"@type":"WebSite","@id":"https:\/\/www.ahotech.com\/es\/#website","url":"https:\/\/www.ahotech.com\/es\/","name":"Ahotech.com","description":"fabricantes de bater\u00edas de litio","publisher":{"@id":"https:\/\/www.ahotech.com\/es\/#organization"},"potentialAction":[{"@type":"SearchAction","target":{"@type":"EntryPoint","urlTemplate":"https:\/\/www.ahotech.com\/es\/?s={search_term_string}"},"query-input":{"@type":"PropertyValueSpecification","valueRequired":true,"valueName":"search_term_string"}}],"inLanguage":"es"},{"@type":"Organization","@id":"https:\/\/www.ahotech.com\/es\/#organization","name":"Ahotech.com","url":"https:\/\/www.ahotech.com\/es\/","logo":{"@type":"ImageObject","inLanguage":"es","@id":"https:\/\/www.ahotech.com\/es\/#\/schema\/logo\/image\/","url":"https:\/\/www.ahotech.com\/wp-content\/uploads\/2021\/10\/battery-site-logo.jpg","contentUrl":"https:\/\/www.ahotech.com\/wp-content\/uploads\/2021\/10\/battery-site-logo.jpg","width":1297,"height":465,"caption":"Ahotech.com"},"image":{"@id":"https:\/\/www.ahotech.com\/es\/#\/schema\/logo\/image\/"}}]}},"_links":{"self":[{"href":"https:\/\/www.ahotech.com\/es\/wp-json\/wp\/v2\/product\/4459","targetHints":{"allow":["GET"]}}],"collection":[{"href":"https:\/\/www.ahotech.com\/es\/wp-json\/wp\/v2\/product"}],"about":[{"href":"https:\/\/www.ahotech.com\/es\/wp-json\/wp\/v2\/types\/product"}],"version-history":[{"count":5,"href":"https:\/\/www.ahotech.com\/es\/wp-json\/wp\/v2\/product\/4459\/revisions"}],"predecessor-version":[{"id":4675,"href":"https:\/\/www.ahotech.com\/es\/wp-json\/wp\/v2\/product\/4459\/revisions\/4675"}],"wp:featuredmedia":[{"embeddable":true,"href":"https:\/\/www.ahotech.com\/es\/wp-json\/wp\/v2\/media\/4461"}],"wp:attachment":[{"href":"https:\/\/www.ahotech.com\/es\/wp-json\/wp\/v2\/media?parent=4459"}],"wp:term":[{"taxonomy":"product_brand","embeddable":true,"href":"https:\/\/www.ahotech.com\/es\/wp-json\/wp\/v2\/product_brand?post=4459"},{"taxonomy":"product_cat","embeddable":true,"href":"https:\/\/www.ahotech.com\/es\/wp-json\/wp\/v2\/product_cat?post=4459"},{"taxonomy":"product_tag","embeddable":true,"href":"https:\/\/www.ahotech.com\/es\/wp-json\/wp\/v2\/product_tag?post=4459"}],"curies":[{"name":"wp","href":"https:\/\/api.w.org\/{rel}","templated":true}]}}