{"id":4443,"date":"2022-03-06T13:59:19","date_gmt":"2022-03-06T13:59:19","guid":{"rendered":"https:\/\/www.ahotech.com\/?post_type=product&#038;p=4443"},"modified":"2022-03-06T13:59:29","modified_gmt":"2022-03-06T13:59:29","slug":"paquete-de-bateria-para-clima-frio","status":"publish","type":"product","link":"https:\/\/www.ahotech.com\/es\/product\/cold-weather-battery-pack\/","title":{"rendered":"Paquete de bater\u00eda para clima fr\u00edo"},"content":{"rendered":"<p>El paquete de bater\u00eda ER34615-4S2P+HPC15504S pertenece al paquete de bater\u00eda para clima fr\u00edo<\/p>\n<p><a href=\"https:\/\/www.ahotech.com\/es\/producto\/bateria-omnicel-er34615-bateria-de-litio-er34615\/\">ER34615<\/a> y <a href=\"https:\/\/www.ahotech.com\/es\/producto\/hybrid-capacitor-battery-1550\/\">HPC1550<\/a> est\u00e1n conectados en paralelo. <span class=\"tgt\" data-section=\"0\" data-sentence=\"0\" data-group=\"0-0\"> Los dos voltajes son siempre los mismos, la fuente de alimentaci\u00f3n externa, HPC1550 soporta la mayor parte de la salida de corriente;<\/span><span class=\"tgt\" data-section=\"0\" data-sentence=\"1\" data-group=\"0-1\"> Cuando funciona en est\u00e1tico, el voltaje de circuito abierto del ER34615 tiende a aumentar y formar\u00e1 instant\u00e1neamente una diferencia de voltaje con el capacitor, formando una carga, pero esto es solo un momento de un punto de equilibrio.<\/span><span class=\"tgt\" data-section=\"0\" data-sentence=\"2\" data-group=\"0-2\"> De esta manera, el ER aumenta repetidamente el voltaje de todo el paquete de bater\u00edas hasta que el voltaje alcanza 3,66 V y ya no se puede extraer ni equilibrar.<\/span><span class=\"tgt\" data-section=\"0\" data-sentence=\"3\" data-group=\"0-3\"> Antes de que llegue el siguiente pulso, el ER34615 descarga el HPC1550 al voltaje apropiado, ya que la capacidad de descarga del HPC corresponde al voltaje.<\/span><span class=\"tgt\" data-section=\"0\" data-sentence=\"4\" data-group=\"0-4\"> Este ciclo se repite hasta que se agote la capacidad de la bater\u00eda ER para garantizar que la vida \u00fatil de la bater\u00eda y la capacidad de descarga est\u00e9n dentro del rango estimado.<\/span><\/p>\n<p>Caracter\u00edsticas de rendimiento de las bater\u00edas de baja temperatura:<br \/>\nRespuesta r\u00e1pida de voltaje (sin retraso de voltaje)<br \/>\nAlta confiabilidad (soldadura l\u00e1ser, sellado de vidrio a metal, se adapta a ambientes h\u00famedos y previene fugas).<br \/>\nExcelente almacenamiento (10 a\u00f1os)<br \/>\nEl rendimiento del paquete de bater\u00edas est\u00e1 garantizado al final de su vida \u00fatil.<br \/>\nSeguro y confiable, protecci\u00f3n del medio ambiente (UL, UN, IEC, ROHS)<br \/>\nLa baja temperatura puede ser una fuente de alimentaci\u00f3n de carga normal.<\/p>\n<p>&nbsp;<\/p>","protected":false},"excerpt":{"rendered":"<p>Modelo: ER34615-4S2P+HPC15504S<br \/>\nVoltaje: 14,4 V<br \/>\nCapacidad: 38 ah<br \/>\nCorriente m\u00e1xima de pulso: 5 A a temperatura ambiente<br \/>\nRango de temperatura de funcionamiento: -40\u2103 ~ +85\u2103<br \/>\nTasa de ca\u00edda de capacidad promedio anual: \u22641%<br \/>\nTama\u00f1o:<\/p>\n<p><img fetchpriority=\"high\" decoding=\"async\" class=\"alignnone size-medium wp-image-4445\" src=\"https:\/\/www.ahotech.com\/wp-content\/uploads\/2022\/03\/lithium-battery-cold-temperature-300x201.jpg\" alt=\"bater\u00eda de litio a baja temperatura\" width=\"300\" height=\"201\" srcset=\"https:\/\/www.ahotech.com\/wp-content\/uploads\/2022\/03\/lithium-battery-cold-temperature-300x201.jpg 300w, https:\/\/www.ahotech.com\/wp-content\/uploads\/2022\/03\/lithium-battery-cold-temperature-600x402.jpg 600w, https:\/\/www.ahotech.com\/wp-content\/uploads\/2022\/03\/lithium-battery-cold-temperature.jpg 656w\" sizes=\"(max-width: 300px) 100vw, 300px\" \/><img decoding=\"async\" class=\"alignnone size-medium wp-image-4446\" src=\"https:\/\/www.ahotech.com\/wp-content\/uploads\/2022\/03\/ultra-low-temperature-battery-300x281.jpg\" alt=\"bater\u00eda de temperatura ultrabaja\" width=\"300\" height=\"281\" srcset=\"https:\/\/www.ahotech.com\/wp-content\/uploads\/2022\/03\/ultra-low-temperature-battery-300x281.jpg 300w, https:\/\/www.ahotech.com\/wp-content\/uploads\/2022\/03\/ultra-low-temperature-battery.jpg 325w\" sizes=\"(max-width: 300px) 100vw, 300px\" \/><\/p>\n<p>&nbsp;<\/p>\n<p>&nbsp;<\/p>","protected":false},"featured_media":4447,"template":"","meta":{"_acf_changed":false,"site-sidebar-layout":"default","site-content-layout":"default","ast-site-content-layout":"","site-content-style":"default","site-sidebar-style":"default","ast-global-header-display":"","ast-banner-title-visibility":"","ast-main-header-display":"","ast-hfb-above-header-display":"","ast-hfb-below-header-display":"","ast-hfb-mobile-header-display":"","site-post-title":"","ast-breadcrumbs-content":"","ast-featured-img":"","footer-sml-layout":"","theme-transparent-header-meta":"default","adv-header-id-meta":"","stick-header-meta":"","header-above-stick-meta":"","header-main-stick-meta":"","header-below-stick-meta":"","astra-migrate-meta-layouts":"default","ast-page-background-enabled":"default","ast-page-background-meta":{"desktop":{"background-color":"","background-image":"","background-repeat":"repeat","background-position":"center center","background-size":"auto","background-attachment":"scroll","background-type":"","background-media":"","overlay-type":"","overlay-color":"","overlay-opacity":"","overlay-gradient":""},"tablet":{"background-color":"","background-image":"","background-repeat":"repeat","background-position":"center center","background-size":"auto","background-attachment":"scroll","background-type":"","background-media":"","overlay-type":"","overlay-color":"","overlay-opacity":"","overlay-gradient":""},"mobile":{"background-color":"","background-image":"","background-repeat":"repeat","background-position":"center center","background-size":"auto","background-attachment":"scroll","background-type":"","background-media":"","overlay-type":"","overlay-color":"","overlay-opacity":"","overlay-gradient":""}},"ast-content-background-meta":{"desktop":{"background-color":"var(--ast-global-color-5)","background-image":"","background-repeat":"repeat","background-position":"center center","background-size":"auto","background-attachment":"scroll","background-type":"","background-media":"","overlay-type":"","overlay-color":"","overlay-opacity":"","overlay-gradient":""},"tablet":{"background-color":"var(--ast-global-color-5)","background-image":"","background-repeat":"repeat","background-position":"center center","background-size":"auto","background-attachment":"scroll","background-type":"","background-media":"","overlay-type":"","overlay-color":"","overlay-opacity":"","overlay-gradient":""},"mobile":{"background-color":"var(--ast-global-color-5)","background-image":"","background-repeat":"repeat","background-position":"center center","background-size":"auto","background-attachment":"scroll","background-type":"","background-media":"","overlay-type":"","overlay-color":"","overlay-opacity":"","overlay-gradient":""}}},"product_brand":[],"product_cat":[39],"product_tag":[],"class_list":{"0":"post-4443","1":"product","2":"type-product","3":"status-publish","4":"has-post-thumbnail","6":"product_cat-custom-iot-battery-pack","7":"desktop-align-left","8":"tablet-align-left","9":"mobile-align-left","11":"first","12":"instock","13":"shipping-taxable","14":"product-type-simple"},"acf":[],"yoast_head":"<!-- This site is optimized with the Yoast SEO plugin v27.3 - https:\/\/yoast.com\/product\/yoast-seo-wordpress\/ -->\n<title>cold weather battery pack - Ahotech.com<\/title>\n<meta name=\"robots\" content=\"index, follow, max-snippet:-1, max-image-preview:large, max-video-preview:-1\" \/>\n<link rel=\"canonical\" href=\"https:\/\/www.ahotech.com\/es\/producto\/paquete-de-bateria-para-clima-frio\/\" \/>\n<meta property=\"og:locale\" content=\"es_ES\" \/>\n<meta property=\"og:type\" content=\"article\" \/>\n<meta property=\"og:title\" content=\"cold weather battery pack - Ahotech.com\" \/>\n<meta property=\"og:description\" content=\"Model: ER34615-4S2P+HPC15504S Voltage: 14.4 V Capacity: 38 ah Maximum pulse current: 5A at room temperature Operating temperature range: -40\u2103 ~ +85\u2103 Annual average capacity drop rate: \u22641% Size:    &nbsp;  &nbsp;\" \/>\n<meta property=\"og:url\" content=\"https:\/\/www.ahotech.com\/es\/producto\/paquete-de-bateria-para-clima-frio\/\" \/>\n<meta property=\"og:site_name\" content=\"Ahotech.com\" \/>\n<meta property=\"article:modified_time\" content=\"2022-03-06T13:59:29+00:00\" \/>\n<meta property=\"og:image\" content=\"https:\/\/www.ahotech.com\/wp-content\/uploads\/2022\/03\/low-temperature-lithium-ion-battery.jpg\" \/>\n\t<meta property=\"og:image:width\" content=\"800\" \/>\n\t<meta property=\"og:image:height\" content=\"800\" \/>\n\t<meta property=\"og:image:type\" content=\"image\/jpeg\" \/>\n<meta name=\"twitter:card\" content=\"summary_large_image\" \/>\n<meta name=\"twitter:label1\" content=\"Tiempo de lectura\" \/>\n\t<meta name=\"twitter:data1\" content=\"1 minuto\" \/>\n<script type=\"application\/ld+json\" class=\"yoast-schema-graph\">{\"@context\":\"https:\\\/\\\/schema.org\",\"@graph\":[{\"@type\":\"WebPage\",\"@id\":\"https:\\\/\\\/www.ahotech.com\\\/es\\\/product\\\/cold-weather-battery-pack\\\/\",\"url\":\"https:\\\/\\\/www.ahotech.com\\\/es\\\/product\\\/cold-weather-battery-pack\\\/\",\"name\":\"cold weather battery pack - Ahotech.com\",\"isPartOf\":{\"@id\":\"https:\\\/\\\/de.ahotech.com\\\/#website\"},\"primaryImageOfPage\":{\"@id\":\"https:\\\/\\\/www.ahotech.com\\\/es\\\/product\\\/cold-weather-battery-pack\\\/#primaryimage\"},\"image\":{\"@id\":\"https:\\\/\\\/www.ahotech.com\\\/es\\\/product\\\/cold-weather-battery-pack\\\/#primaryimage\"},\"thumbnailUrl\":\"https:\\\/\\\/www.ahotech.com\\\/wp-content\\\/uploads\\\/2022\\\/03\\\/low-temperature-lithium-ion-battery.jpg\",\"datePublished\":\"2022-03-06T13:59:19+00:00\",\"dateModified\":\"2022-03-06T13:59:29+00:00\",\"breadcrumb\":{\"@id\":\"https:\\\/\\\/www.ahotech.com\\\/es\\\/product\\\/cold-weather-battery-pack\\\/#breadcrumb\"},\"inLanguage\":\"es\",\"potentialAction\":[{\"@type\":\"ReadAction\",\"target\":[\"https:\\\/\\\/www.ahotech.com\\\/es\\\/product\\\/cold-weather-battery-pack\\\/\"]}]},{\"@type\":\"ImageObject\",\"inLanguage\":\"es\",\"@id\":\"https:\\\/\\\/www.ahotech.com\\\/es\\\/product\\\/cold-weather-battery-pack\\\/#primaryimage\",\"url\":\"https:\\\/\\\/www.ahotech.com\\\/wp-content\\\/uploads\\\/2022\\\/03\\\/low-temperature-lithium-ion-battery.jpg\",\"contentUrl\":\"https:\\\/\\\/www.ahotech.com\\\/wp-content\\\/uploads\\\/2022\\\/03\\\/low-temperature-lithium-ion-battery.jpg\",\"width\":800,\"height\":800,\"caption\":\"low temperature lithium ion battery\"},{\"@type\":\"BreadcrumbList\",\"@id\":\"https:\\\/\\\/www.ahotech.com\\\/es\\\/product\\\/cold-weather-battery-pack\\\/#breadcrumb\",\"itemListElement\":[{\"@type\":\"ListItem\",\"position\":1,\"name\":\"Home\",\"item\":\"https:\\\/\\\/de.ahotech.com\\\/\"},{\"@type\":\"ListItem\",\"position\":2,\"name\":\"Store\",\"item\":\"https:\\\/\\\/www.ahotech.com\\\/es\\\/store\\\/\"},{\"@type\":\"ListItem\",\"position\":3,\"name\":\"cold weather battery pack\"}]},{\"@type\":\"WebSite\",\"@id\":\"https:\\\/\\\/de.ahotech.com\\\/#website\",\"url\":\"https:\\\/\\\/de.ahotech.com\\\/\",\"name\":\"Ahotech.com\",\"description\":\"lithium battery manufacturers\",\"publisher\":{\"@id\":\"https:\\\/\\\/de.ahotech.com\\\/#organization\"},\"potentialAction\":[{\"@type\":\"SearchAction\",\"target\":{\"@type\":\"EntryPoint\",\"urlTemplate\":\"https:\\\/\\\/de.ahotech.com\\\/?s={search_term_string}\"},\"query-input\":{\"@type\":\"PropertyValueSpecification\",\"valueRequired\":true,\"valueName\":\"search_term_string\"}}],\"inLanguage\":\"es\"},{\"@type\":\"Organization\",\"@id\":\"https:\\\/\\\/de.ahotech.com\\\/#organization\",\"name\":\"Ahotech.com\",\"url\":\"https:\\\/\\\/de.ahotech.com\\\/\",\"logo\":{\"@type\":\"ImageObject\",\"inLanguage\":\"es\",\"@id\":\"https:\\\/\\\/de.ahotech.com\\\/#\\\/schema\\\/logo\\\/image\\\/\",\"url\":\"https:\\\/\\\/www.ahotech.com\\\/wp-content\\\/uploads\\\/2021\\\/10\\\/battery-site-logo.jpg\",\"contentUrl\":\"https:\\\/\\\/www.ahotech.com\\\/wp-content\\\/uploads\\\/2021\\\/10\\\/battery-site-logo.jpg\",\"width\":1297,\"height\":465,\"caption\":\"Ahotech.com\"},\"image\":{\"@id\":\"https:\\\/\\\/de.ahotech.com\\\/#\\\/schema\\\/logo\\\/image\\\/\"}}]}<\/script>\n<!-- \/ Yoast SEO plugin. -->","yoast_head_json":{"title":"Bater\u00eda para clima fr\u00edo - Ahotech.com","robots":{"index":"index","follow":"follow","max-snippet":"max-snippet:-1","max-image-preview":"max-image-preview:large","max-video-preview":"max-video-preview:-1"},"canonical":"https:\/\/www.ahotech.com\/es\/producto\/paquete-de-bateria-para-clima-frio\/","og_locale":"es_ES","og_type":"article","og_title":"cold weather battery pack - Ahotech.com","og_description":"Model: ER34615-4S2P+HPC15504S Voltage: 14.4 V Capacity: 38 ah Maximum pulse current: 5A at room temperature Operating temperature range: -40\u2103 ~ +85\u2103 Annual average capacity drop rate: \u22641% Size:    &nbsp;  &nbsp;","og_url":"https:\/\/www.ahotech.com\/es\/producto\/paquete-de-bateria-para-clima-frio\/","og_site_name":"Ahotech.com","article_modified_time":"2022-03-06T13:59:29+00:00","og_image":[{"width":800,"height":800,"url":"https:\/\/www.ahotech.com\/wp-content\/uploads\/2022\/03\/low-temperature-lithium-ion-battery.jpg","type":"image\/jpeg"}],"twitter_card":"summary_large_image","twitter_misc":{"Tiempo de lectura":"1 minuto"},"schema":{"@context":"https:\/\/schema.org","@graph":[{"@type":"WebPage","@id":"https:\/\/www.ahotech.com\/es\/product\/cold-weather-battery-pack\/","url":"https:\/\/www.ahotech.com\/es\/product\/cold-weather-battery-pack\/","name":"Bater\u00eda para clima fr\u00edo - Ahotech.com","isPartOf":{"@id":"https:\/\/de.ahotech.com\/#website"},"primaryImageOfPage":{"@id":"https:\/\/www.ahotech.com\/es\/product\/cold-weather-battery-pack\/#primaryimage"},"image":{"@id":"https:\/\/www.ahotech.com\/es\/product\/cold-weather-battery-pack\/#primaryimage"},"thumbnailUrl":"https:\/\/www.ahotech.com\/wp-content\/uploads\/2022\/03\/low-temperature-lithium-ion-battery.jpg","datePublished":"2022-03-06T13:59:19+00:00","dateModified":"2022-03-06T13:59:29+00:00","breadcrumb":{"@id":"https:\/\/www.ahotech.com\/es\/product\/cold-weather-battery-pack\/#breadcrumb"},"inLanguage":"es","potentialAction":[{"@type":"ReadAction","target":["https:\/\/www.ahotech.com\/es\/product\/cold-weather-battery-pack\/"]}]},{"@type":"ImageObject","inLanguage":"es","@id":"https:\/\/www.ahotech.com\/es\/product\/cold-weather-battery-pack\/#primaryimage","url":"https:\/\/www.ahotech.com\/wp-content\/uploads\/2022\/03\/low-temperature-lithium-ion-battery.jpg","contentUrl":"https:\/\/www.ahotech.com\/wp-content\/uploads\/2022\/03\/low-temperature-lithium-ion-battery.jpg","width":800,"height":800,"caption":"low temperature lithium ion battery"},{"@type":"BreadcrumbList","@id":"https:\/\/www.ahotech.com\/es\/product\/cold-weather-battery-pack\/#breadcrumb","itemListElement":[{"@type":"ListItem","position":1,"name":"Home","item":"https:\/\/de.ahotech.com\/"},{"@type":"ListItem","position":2,"name":"Store","item":"https:\/\/www.ahotech.com\/es\/store\/"},{"@type":"ListItem","position":3,"name":"cold weather battery pack"}]},{"@type":"WebSite","@id":"https:\/\/de.ahotech.com\/#website","url":"https:\/\/de.ahotech.com\/","name":"Ahotech.com","description":"fabricantes de bater\u00edas de litio","publisher":{"@id":"https:\/\/de.ahotech.com\/#organization"},"potentialAction":[{"@type":"SearchAction","target":{"@type":"EntryPoint","urlTemplate":"https:\/\/de.ahotech.com\/?s={search_term_string}"},"query-input":{"@type":"PropertyValueSpecification","valueRequired":true,"valueName":"search_term_string"}}],"inLanguage":"es"},{"@type":"Organization","@id":"https:\/\/de.ahotech.com\/#organization","name":"Ahotech.com","url":"https:\/\/de.ahotech.com\/","logo":{"@type":"ImageObject","inLanguage":"es","@id":"https:\/\/de.ahotech.com\/#\/schema\/logo\/image\/","url":"https:\/\/www.ahotech.com\/wp-content\/uploads\/2021\/10\/battery-site-logo.jpg","contentUrl":"https:\/\/www.ahotech.com\/wp-content\/uploads\/2021\/10\/battery-site-logo.jpg","width":1297,"height":465,"caption":"Ahotech.com"},"image":{"@id":"https:\/\/de.ahotech.com\/#\/schema\/logo\/image\/"}}]}},"_links":{"self":[{"href":"https:\/\/www.ahotech.com\/es\/wp-json\/wp\/v2\/product\/4443","targetHints":{"allow":["GET"]}}],"collection":[{"href":"https:\/\/www.ahotech.com\/es\/wp-json\/wp\/v2\/product"}],"about":[{"href":"https:\/\/www.ahotech.com\/es\/wp-json\/wp\/v2\/types\/product"}],"version-history":[{"count":1,"href":"https:\/\/www.ahotech.com\/es\/wp-json\/wp\/v2\/product\/4443\/revisions"}],"predecessor-version":[{"id":4451,"href":"https:\/\/www.ahotech.com\/es\/wp-json\/wp\/v2\/product\/4443\/revisions\/4451"}],"wp:featuredmedia":[{"embeddable":true,"href":"https:\/\/www.ahotech.com\/es\/wp-json\/wp\/v2\/media\/4447"}],"wp:attachment":[{"href":"https:\/\/www.ahotech.com\/es\/wp-json\/wp\/v2\/media?parent=4443"}],"wp:term":[{"taxonomy":"product_brand","embeddable":true,"href":"https:\/\/www.ahotech.com\/es\/wp-json\/wp\/v2\/product_brand?post=4443"},{"taxonomy":"product_cat","embeddable":true,"href":"https:\/\/www.ahotech.com\/es\/wp-json\/wp\/v2\/product_cat?post=4443"},{"taxonomy":"product_tag","embeddable":true,"href":"https:\/\/www.ahotech.com\/es\/wp-json\/wp\/v2\/product_tag?post=4443"}],"curies":[{"name":"wp","href":"https:\/\/api.w.org\/{rel}","templated":true}]}}