{"id":4408,"date":"2022-03-04T07:41:20","date_gmt":"2022-03-04T07:41:20","guid":{"rendered":"https:\/\/www.ahotech.com\/?post_type=product&#038;p=4408"},"modified":"2022-03-04T07:41:34","modified_gmt":"2022-03-04T07:41:34","slug":"bateria-de-iones-de-litio-para-energia-solar-de-24-v","status":"publish","type":"product","link":"https:\/\/www.ahotech.com\/es\/product\/lithium-ion-battery-for-solar-24v\/","title":{"rendered":"Bater\u00eda de iones de litio para energ\u00eda solar de 24 V"},"content":{"rendered":"<p class=\"tgt\" data-section=\"0\">Bater\u00eda de iones de litio para energ\u00eda solar de 24 V<\/p>\n<p class=\"tgt\" data-section=\"1\"><span class=\"tgt\" data-section=\"1\" data-sentence=\"0\" data-group=\"1-0\">Sistema de gesti\u00f3n de bater\u00eda BMS integrado, paquete de bater\u00edas con protecci\u00f3n inteligente para garantizar la seguridad del usuario.<\/span><\/p>\n<p class=\"tgt\" data-section=\"2\"><span class=\"tgt\" data-section=\"2\" data-sentence=\"0\" data-group=\"2-0\">Ocho protecciones de seguridad: protecci\u00f3n contra sobrecarga, protecci\u00f3n contra sobrecorriente, protecci\u00f3n contra sobredescarga, protecci\u00f3n de temperatura, funci\u00f3n de prevenci\u00f3n el\u00e9ctrica, equilibrio de voltaje, protecci\u00f3n contra cortocircuitos, protecci\u00f3n de l\u00ednea corta.<\/span><\/p>\n<p class=\"tgt\" data-section=\"3\"><span class=\"tgt\" data-section=\"3\" data-sentence=\"0\" data-group=\"3-0\">Ventaja:<\/span><\/p>\n<p class=\"tgt\" data-section=\"4\"><span class=\"tgt\" data-section=\"4\" data-sentence=\"0\" data-group=\"4-0\">Larga vida \u00fatil: celda de fosfato de hierro y litio de alta calidad, con una vida \u00fatil de hasta m\u00e1s de 2500 ciclos.<\/span><\/p>\n<p class=\"tgt\" data-section=\"5\"><span class=\"tgt\" data-section=\"5\" data-sentence=\"0\" data-group=\"5-0\">Bater\u00eda cuadrada de fosfato de hierro y litio de alta calidad: en comparaci\u00f3n con la bater\u00eda tradicional de plomo-\u00e1cido, tiene una mayor densidad de energ\u00eda y vida \u00fatil, mejor rendimiento el\u00e9ctrico, seguridad, protecci\u00f3n del medio ambiente y no contamina.<\/span><\/p>\n<p class=\"tgt\" data-section=\"6\"><span class=\"tgt\" data-section=\"6\" data-sentence=\"0\" data-group=\"6-0\">Excelente rendimiento el\u00e9ctrico: baja resistencia interna, alto rendimiento de carga y descarga de corriente continua, amplio rango de temperatura de funcionamiento, m\u00e1s pr\u00e1ctico.<\/span><\/p>\n<p class=\"tgt\" data-section=\"7\"><span class=\"tgt\" data-section=\"7\" data-sentence=\"0\" data-group=\"7-0\">Admite m\u00faltiples protocolos de comunicaci\u00f3n: Admite m\u00faltiples protocolos de comunicaci\u00f3n, como RS485, lo que facilita la gesti\u00f3n y el mantenimiento eficientes de la bater\u00eda.<\/span><\/p>\n<p class=\"tgt\" data-section=\"8\"><span class=\"tgt\" data-section=\"8\" data-sentence=\"0\" data-group=\"8-0\">Sistema de gesti\u00f3n de bater\u00eda BMS inteligente: proporciona a la bater\u00eda protecci\u00f3n contra sobrecarga y sobredescarga, protecci\u00f3n contra carga por sobrecorriente, protecci\u00f3n contra altas temperaturas, equilibrio de bater\u00eda, alarma anormal y otras funciones.<\/span><\/p>\n<p class=\"tgt\" data-section=\"9\"><span class=\"tgt\" data-section=\"9\" data-sentence=\"0\" data-group=\"9-0\">Buen desempe\u00f1o de seguridad: en la prueba de desempe\u00f1o de seguridad m\u00e1xima, la bater\u00eda no se dispara, no explota, no tiene fugas y es m\u00e1s segura de usar.<\/span><\/p>\n<p class=\"tgt\" data-section=\"10\"><span class=\"tgt\" data-section=\"10\" data-sentence=\"0\" data-group=\"10-0\">Aplicaci\u00f3n: Generaci\u00f3n de energ\u00eda FOTOVOLTAICA, almacenamiento de energ\u00eda fotovoltaica, estaci\u00f3n base de comunicaciones, fuente de alimentaci\u00f3n de respaldo, etc.<\/span><\/p>\n<p class=\"tgt\" data-section=\"11\"><span class=\"tgt\" data-section=\"11\" data-sentence=\"0\" data-group=\"11-0\">\u00bfPor qu\u00e9 nosotros?<\/span><\/p>\n<p class=\"tgt\" data-section=\"12\"><span class=\"tgt\" data-section=\"12\" data-sentence=\"0\" data-group=\"12-0\">1, tama\u00f1o peque\u00f1o, peso ligero;<\/span><\/p>\n<p class=\"tgt\" data-section=\"13\"><span class=\"tgt\" data-section=\"13\" data-sentence=\"0\" data-group=\"13-0\">2, &gt; 2000 ciclos, rendimiento confiable;<\/span><\/p>\n<p class=\"tgt\" data-section=\"14\"><span class=\"tgt\" data-section=\"14\" data-sentence=\"0\" data-group=\"14-0\">3. Equipado con protocolo de comunicaci\u00f3n BMS perfecto;<\/span><\/p>\n<p class=\"tgt\" data-section=\"15\"><span class=\"tgt\" data-section=\"15\" data-sentence=\"0\" data-group=\"15-0\">4. Instalaci\u00f3n sencilla y f\u00e1cil operaci\u00f3n;<\/span><\/p>\n<p class=\"tgt\" data-section=\"16\"><span class=\"tgt\" data-section=\"16\" data-sentence=\"0\" data-group=\"16-0\">5. Longsing Technology se fund\u00f3 en el a\u00f1o 2000. Fiel a su esp\u00edritu empresarial de pragmatismo, integridad, flexibilidad e innovaci\u00f3n continua, Longsing Technology se ha dedicado a la investigaci\u00f3n, el desarrollo y la aplicaci\u00f3n de la tecnolog\u00eda de bater\u00edas.<\/span><span class=\"tgt\" data-section=\"16\" data-sentence=\"1\" data-group=\"16-1\"> Mediante el desarrollo continuo, la empresa cuenta con una bater\u00eda primaria (<a href=\"https:\/\/www.ahotech.com\/es\/producto\/bateria-omnicel-er26500-bateria-de-litio-er26500\/\">cloruro de sulfurilo y litio<\/a>), bater\u00eda secundaria (<a href=\"https:\/\/www.ahotech.com\/es\/producto\/bateria-de-litio-18650-de-37-v\/\">bater\u00eda recargable de iones de litio<\/a>) investigaci\u00f3n y desarrollo, capacidad de producci\u00f3n.<\/span><span class=\"tgt\" data-section=\"16\" data-sentence=\"2\" data-group=\"16-2\"> Seg\u00fan sus necesidades, podemos proporcionar dise\u00f1o estructural, dise\u00f1o el\u00e9ctrico, dise\u00f1o de simulaci\u00f3n de fluidos, prueba de verificaci\u00f3n de correspondencia profesional BMS, prueba de verificaci\u00f3n y otro soporte t\u00e9cnico.<\/span><\/p>\n<p class=\"tgt\" data-section=\"17\"><span class=\"tgt\" data-section=\"17\" data-sentence=\"0\" data-group=\"17-0\">6, larga vida \u00fatil, bajo costo;<\/span><\/p>","protected":false},"excerpt":{"rendered":"<p class=\"tgt\" data-section=\"0\"><span class=\"tgt\" data-section=\"0\" data-sentence=\"0\" data-group=\"0-0\">C\u00e9lula solar de 24 V y 200 Ah<\/span><\/p>\n<p class=\"tgt\" data-section=\"1\"><span class=\"tgt\" data-section=\"1\" data-sentence=\"0\" data-group=\"1-0\">Tipo de bater\u00eda: bater\u00eda de litio<\/span><\/p>\n<p class=\"tgt\" data-section=\"2\"><span class=\"tgt\" data-section=\"2\" data-sentence=\"0\" data-group=\"2-0\">Modo combinado: 8S<\/span><\/p>\n<p class=\"tgt\" data-section=\"3\"><span class=\"tgt\" data-section=\"3\" data-sentence=\"0\" data-group=\"3-0\">Tensi\u00f3n nominal: 24 V<\/span><\/p>\n<p class=\"tgt\" data-section=\"4\"><span class=\"tgt\" data-section=\"4\" data-sentence=\"0\" data-group=\"4-0\">Capacidad nominal: 200 Ah<\/span><\/p>\n<p class=\"tgt\" data-section=\"5\"><span class=\"tgt\" data-section=\"5\" data-sentence=\"0\" data-group=\"5-0\">Ciclos: 2500<\/span><\/p>\n<p class=\"tgt\" data-section=\"6\"><span class=\"tgt\" data-section=\"6\" data-sentence=\"0\" data-group=\"6-0\">Funci\u00f3n de protecci\u00f3n: con protecci\u00f3n de carga y descarga.<\/span><\/p>\n<p class=\"tgt\" data-section=\"7\"><span class=\"tgt\" data-section=\"7\" data-sentence=\"0\" data-group=\"7-0\">Voltaje de carga: 29,2 V<\/span><\/p>\n<p class=\"tgt\" data-section=\"8\"><span class=\"tgt\" data-section=\"8\" data-sentence=\"0\" data-group=\"8-0\">Voltaje de descarga: 20-29,2 V<\/span><\/p>\n<p class=\"tgt\" data-section=\"9\"><span class=\"tgt\" data-section=\"9\" data-sentence=\"0\" data-group=\"9-0\">Corriente de carga: 20 A<\/span><\/p>\n<p class=\"tgt\" data-section=\"10\"><span class=\"tgt\" data-section=\"10\" data-sentence=\"0\" data-group=\"10-0\">Corriente de descarga: 0,5C<\/span><\/p>\n<p class=\"tgt\" data-section=\"11\"><span class=\"tgt\" data-section=\"11\" data-sentence=\"0\" data-group=\"11-0\">Corriente de descarga continua m\u00e1xima: 200 A<\/span><\/p>\n<p class=\"tgt\" data-section=\"12\"><span class=\"tgt\" data-section=\"12\" data-sentence=\"0\" data-group=\"12-0\">Corriente de carga continua m\u00e1xima: 20 A<\/span><\/p>\n<p class=\"tgt\" data-section=\"13\"><span class=\"tgt\" data-section=\"13\" data-sentence=\"0\" data-group=\"13-0\">Temperatura de carga: temperatura normal<\/span><\/p>\n<p class=\"tgt\" data-section=\"14\"><span class=\"tgt\" data-section=\"14\" data-sentence=\"0\" data-group=\"14-0\">Temperatura de descarga: -20\u00b0~60\u00b0<\/span><\/p>\n<p class=\"tgt\" data-section=\"15\"><span class=\"tgt\" data-section=\"15\" data-sentence=\"0\" data-group=\"15-0\">Serie: Paquete de bater\u00edas de fosfato de hierro y litio<\/span><\/p>","protected":false},"featured_media":4410,"template":"","meta":{"_acf_changed":false,"site-sidebar-layout":"default","site-content-layout":"default","ast-site-content-layout":"","site-content-style":"default","site-sidebar-style":"default","ast-global-header-display":"","ast-banner-title-visibility":"","ast-main-header-display":"","ast-hfb-above-header-display":"","ast-hfb-below-header-display":"","ast-hfb-mobile-header-display":"","site-post-title":"","ast-breadcrumbs-content":"","ast-featured-img":"","footer-sml-layout":"","theme-transparent-header-meta":"default","adv-header-id-meta":"","stick-header-meta":"","header-above-stick-meta":"","header-main-stick-meta":"","header-below-stick-meta":"","astra-migrate-meta-layouts":"default","ast-page-background-enabled":"default","ast-page-background-meta":{"desktop":{"background-color":"","background-image":"","background-repeat":"repeat","background-position":"center center","background-size":"auto","background-attachment":"scroll","background-type":"","background-media":"","overlay-type":"","overlay-color":"","overlay-opacity":"","overlay-gradient":""},"tablet":{"background-color":"","background-image":"","background-repeat":"repeat","background-position":"center center","background-size":"auto","background-attachment":"scroll","background-type":"","background-media":"","overlay-type":"","overlay-color":"","overlay-opacity":"","overlay-gradient":""},"mobile":{"background-color":"","background-image":"","background-repeat":"repeat","background-position":"center center","background-size":"auto","background-attachment":"scroll","background-type":"","background-media":"","overlay-type":"","overlay-color":"","overlay-opacity":"","overlay-gradient":""}},"ast-content-background-meta":{"desktop":{"background-color":"var(--ast-global-color-5)","background-image":"","background-repeat":"repeat","background-position":"center center","background-size":"auto","background-attachment":"scroll","background-type":"","background-media":"","overlay-type":"","overlay-color":"","overlay-opacity":"","overlay-gradient":""},"tablet":{"background-color":"var(--ast-global-color-5)","background-image":"","background-repeat":"repeat","background-position":"center center","background-size":"auto","background-attachment":"scroll","background-type":"","background-media":"","overlay-type":"","overlay-color":"","overlay-opacity":"","overlay-gradient":""},"mobile":{"background-color":"var(--ast-global-color-5)","background-image":"","background-repeat":"repeat","background-position":"center center","background-size":"auto","background-attachment":"scroll","background-type":"","background-media":"","overlay-type":"","overlay-color":"","overlay-opacity":"","overlay-gradient":""}}},"product_brand":[],"product_cat":[40,41],"product_tag":[],"class_list":{"0":"post-4408","1":"product","2":"type-product","3":"status-publish","4":"has-post-thumbnail","6":"product_cat-lifepo4-battery","7":"product_cat-rechargeable-lithium-battery","8":"desktop-align-left","9":"tablet-align-left","10":"mobile-align-left","12":"first","13":"instock","14":"shipping-taxable","15":"product-type-simple"},"acf":[],"yoast_head":"<!-- This site is optimized with the Yoast SEO plugin v27.3 - https:\/\/yoast.com\/product\/yoast-seo-wordpress\/ -->\n<title>lithium ion battery for solar 24V - Ahotech.com<\/title>\n<meta name=\"robots\" content=\"index, follow, max-snippet:-1, max-image-preview:large, max-video-preview:-1\" \/>\n<link rel=\"canonical\" href=\"https:\/\/www.ahotech.com\/es\/producto\/bateria-de-iones-de-litio-para-energia-solar-de-24-v\/\" \/>\n<meta property=\"og:locale\" content=\"es_ES\" \/>\n<meta property=\"og:type\" content=\"article\" \/>\n<meta property=\"og:title\" content=\"lithium ion battery for solar 24V - Ahotech.com\" \/>\n<meta property=\"og:description\" content=\"Solar cell 24V 200AH Battery type: lithium battery Combination mode: 8S Nominal voltage: 24V Nominal capacity: 200AH Cycles: 2500 Protection function: with charge and discharge protection Charging voltage: 29.2V Discharge voltage: 20-29.2V Charging current: 20A Discharge current: 0.5C Maximum continuous discharge current: 200A Maximum continuous charging current: 20A Charging temperature: normal temperature Discharge temperature: -20\u00b0~60\u00b0 Series: Lithium iron phosphate battery pack\" \/>\n<meta property=\"og:url\" content=\"https:\/\/www.ahotech.com\/es\/producto\/bateria-de-iones-de-litio-para-energia-solar-de-24-v\/\" \/>\n<meta property=\"og:site_name\" content=\"Ahotech.com\" \/>\n<meta property=\"article:modified_time\" content=\"2022-03-04T07:41:34+00:00\" \/>\n<meta property=\"og:image\" content=\"https:\/\/de.ahotech.com\/wp-content\/uploads\/2022\/03\/24v-lithium-ion-battery-for-solar.jpg\" \/>\n\t<meta property=\"og:image:width\" content=\"800\" \/>\n\t<meta property=\"og:image:height\" content=\"800\" \/>\n\t<meta property=\"og:image:type\" content=\"image\/jpeg\" \/>\n<meta name=\"twitter:card\" content=\"summary_large_image\" \/>\n<meta name=\"twitter:label1\" content=\"Tiempo de lectura\" \/>\n\t<meta name=\"twitter:data1\" content=\"2 minutos\" \/>\n<script type=\"application\/ld+json\" class=\"yoast-schema-graph\">{\"@context\":\"https:\\\/\\\/schema.org\",\"@graph\":[{\"@type\":\"WebPage\",\"@id\":\"https:\\\/\\\/de.ahotech.com\\\/product\\\/lithium-ionen-akku-fur-24-v-solaranlagen\\\/\",\"url\":\"https:\\\/\\\/de.ahotech.com\\\/product\\\/lithium-ionen-akku-fur-24-v-solaranlagen\\\/\",\"name\":\"lithium ion battery for solar 24V - Ahotech.com\",\"isPartOf\":{\"@id\":\"https:\\\/\\\/de.ahotech.com\\\/#website\"},\"primaryImageOfPage\":{\"@id\":\"https:\\\/\\\/de.ahotech.com\\\/product\\\/lithium-ionen-akku-fur-24-v-solaranlagen\\\/#primaryimage\"},\"image\":{\"@id\":\"https:\\\/\\\/de.ahotech.com\\\/product\\\/lithium-ionen-akku-fur-24-v-solaranlagen\\\/#primaryimage\"},\"thumbnailUrl\":\"https:\\\/\\\/www.ahotech.com\\\/wp-content\\\/uploads\\\/2022\\\/03\\\/24v-lithium-ion-battery-for-solar.jpg\",\"datePublished\":\"2022-03-04T07:41:20+00:00\",\"dateModified\":\"2022-03-04T07:41:34+00:00\",\"breadcrumb\":{\"@id\":\"https:\\\/\\\/de.ahotech.com\\\/product\\\/lithium-ionen-akku-fur-24-v-solaranlagen\\\/#breadcrumb\"},\"inLanguage\":\"es\",\"potentialAction\":[{\"@type\":\"ReadAction\",\"target\":[\"https:\\\/\\\/de.ahotech.com\\\/product\\\/lithium-ionen-akku-fur-24-v-solaranlagen\\\/\"]}]},{\"@type\":\"ImageObject\",\"inLanguage\":\"es\",\"@id\":\"https:\\\/\\\/de.ahotech.com\\\/product\\\/lithium-ionen-akku-fur-24-v-solaranlagen\\\/#primaryimage\",\"url\":\"https:\\\/\\\/www.ahotech.com\\\/wp-content\\\/uploads\\\/2022\\\/03\\\/24v-lithium-ion-battery-for-solar.jpg\",\"contentUrl\":\"https:\\\/\\\/www.ahotech.com\\\/wp-content\\\/uploads\\\/2022\\\/03\\\/24v-lithium-ion-battery-for-solar.jpg\",\"width\":800,\"height\":800,\"caption\":\"24v lithium ion battery for solar\"},{\"@type\":\"BreadcrumbList\",\"@id\":\"https:\\\/\\\/de.ahotech.com\\\/product\\\/lithium-ionen-akku-fur-24-v-solaranlagen\\\/#breadcrumb\",\"itemListElement\":[{\"@type\":\"ListItem\",\"position\":1,\"name\":\"Home\",\"item\":\"https:\\\/\\\/de.ahotech.com\\\/\"},{\"@type\":\"ListItem\",\"position\":2,\"name\":\"Store\",\"item\":\"https:\\\/\\\/www.ahotech.com\\\/ru\\\/%d0%bc%d0%b0%d0%b3%d0%b0%d0%b7%d0%b8%d0%bd\\\/\"},{\"@type\":\"ListItem\",\"position\":3,\"name\":\"lithium ion battery for solar 24V\"}]},{\"@type\":\"WebSite\",\"@id\":\"https:\\\/\\\/de.ahotech.com\\\/#website\",\"url\":\"https:\\\/\\\/de.ahotech.com\\\/\",\"name\":\"Ahotech.com\",\"description\":\"lithium battery manufacturers\",\"publisher\":{\"@id\":\"https:\\\/\\\/de.ahotech.com\\\/#organization\"},\"potentialAction\":[{\"@type\":\"SearchAction\",\"target\":{\"@type\":\"EntryPoint\",\"urlTemplate\":\"https:\\\/\\\/de.ahotech.com\\\/?s={search_term_string}\"},\"query-input\":{\"@type\":\"PropertyValueSpecification\",\"valueRequired\":true,\"valueName\":\"search_term_string\"}}],\"inLanguage\":\"es\"},{\"@type\":\"Organization\",\"@id\":\"https:\\\/\\\/de.ahotech.com\\\/#organization\",\"name\":\"Ahotech.com\",\"url\":\"https:\\\/\\\/de.ahotech.com\\\/\",\"logo\":{\"@type\":\"ImageObject\",\"inLanguage\":\"es\",\"@id\":\"https:\\\/\\\/de.ahotech.com\\\/#\\\/schema\\\/logo\\\/image\\\/\",\"url\":\"https:\\\/\\\/www.ahotech.com\\\/wp-content\\\/uploads\\\/2021\\\/10\\\/battery-site-logo.jpg\",\"contentUrl\":\"https:\\\/\\\/www.ahotech.com\\\/wp-content\\\/uploads\\\/2021\\\/10\\\/battery-site-logo.jpg\",\"width\":1297,\"height\":465,\"caption\":\"Ahotech.com\"},\"image\":{\"@id\":\"https:\\\/\\\/de.ahotech.com\\\/#\\\/schema\\\/logo\\\/image\\\/\"}}]}<\/script>\n<!-- \/ Yoast SEO plugin. -->","yoast_head_json":{"title":"Bater\u00eda de iones de litio para energ\u00eda solar de 24 V - Ahotech.com","robots":{"index":"index","follow":"follow","max-snippet":"max-snippet:-1","max-image-preview":"max-image-preview:large","max-video-preview":"max-video-preview:-1"},"canonical":"https:\/\/www.ahotech.com\/es\/producto\/bateria-de-iones-de-litio-para-energia-solar-de-24-v\/","og_locale":"es_ES","og_type":"article","og_title":"lithium ion battery for solar 24V - Ahotech.com","og_description":"Solar cell 24V 200AH Battery type: lithium battery Combination mode: 8S Nominal voltage: 24V Nominal capacity: 200AH Cycles: 2500 Protection function: with charge and discharge protection Charging voltage: 29.2V Discharge voltage: 20-29.2V Charging current: 20A Discharge current: 0.5C Maximum continuous discharge current: 200A Maximum continuous charging current: 20A Charging temperature: normal temperature Discharge temperature: -20\u00b0~60\u00b0 Series: Lithium iron phosphate battery pack","og_url":"https:\/\/www.ahotech.com\/es\/producto\/bateria-de-iones-de-litio-para-energia-solar-de-24-v\/","og_site_name":"Ahotech.com","article_modified_time":"2022-03-04T07:41:34+00:00","og_image":[{"width":800,"height":800,"url":"https:\/\/de.ahotech.com\/wp-content\/uploads\/2022\/03\/24v-lithium-ion-battery-for-solar.jpg","type":"image\/jpeg"}],"twitter_card":"summary_large_image","twitter_misc":{"Tiempo de lectura":"2 minutos"},"schema":{"@context":"https:\/\/schema.org","@graph":[{"@type":"WebPage","@id":"https:\/\/de.ahotech.com\/product\/lithium-ionen-akku-fur-24-v-solaranlagen\/","url":"https:\/\/de.ahotech.com\/product\/lithium-ionen-akku-fur-24-v-solaranlagen\/","name":"Bater\u00eda de iones de litio para energ\u00eda solar de 24 V - Ahotech.com","isPartOf":{"@id":"https:\/\/de.ahotech.com\/#website"},"primaryImageOfPage":{"@id":"https:\/\/de.ahotech.com\/product\/lithium-ionen-akku-fur-24-v-solaranlagen\/#primaryimage"},"image":{"@id":"https:\/\/de.ahotech.com\/product\/lithium-ionen-akku-fur-24-v-solaranlagen\/#primaryimage"},"thumbnailUrl":"https:\/\/www.ahotech.com\/wp-content\/uploads\/2022\/03\/24v-lithium-ion-battery-for-solar.jpg","datePublished":"2022-03-04T07:41:20+00:00","dateModified":"2022-03-04T07:41:34+00:00","breadcrumb":{"@id":"https:\/\/de.ahotech.com\/product\/lithium-ionen-akku-fur-24-v-solaranlagen\/#breadcrumb"},"inLanguage":"es","potentialAction":[{"@type":"ReadAction","target":["https:\/\/de.ahotech.com\/product\/lithium-ionen-akku-fur-24-v-solaranlagen\/"]}]},{"@type":"ImageObject","inLanguage":"es","@id":"https:\/\/de.ahotech.com\/product\/lithium-ionen-akku-fur-24-v-solaranlagen\/#primaryimage","url":"https:\/\/www.ahotech.com\/wp-content\/uploads\/2022\/03\/24v-lithium-ion-battery-for-solar.jpg","contentUrl":"https:\/\/www.ahotech.com\/wp-content\/uploads\/2022\/03\/24v-lithium-ion-battery-for-solar.jpg","width":800,"height":800,"caption":"24v lithium ion battery for solar"},{"@type":"BreadcrumbList","@id":"https:\/\/de.ahotech.com\/product\/lithium-ionen-akku-fur-24-v-solaranlagen\/#breadcrumb","itemListElement":[{"@type":"ListItem","position":1,"name":"Home","item":"https:\/\/de.ahotech.com\/"},{"@type":"ListItem","position":2,"name":"Store","item":"https:\/\/www.ahotech.com\/ru\/%d0%bc%d0%b0%d0%b3%d0%b0%d0%b7%d0%b8%d0%bd\/"},{"@type":"ListItem","position":3,"name":"lithium ion battery for solar 24V"}]},{"@type":"WebSite","@id":"https:\/\/de.ahotech.com\/#website","url":"https:\/\/de.ahotech.com\/","name":"Ahotech.com","description":"fabricantes de bater\u00edas de litio","publisher":{"@id":"https:\/\/de.ahotech.com\/#organization"},"potentialAction":[{"@type":"SearchAction","target":{"@type":"EntryPoint","urlTemplate":"https:\/\/de.ahotech.com\/?s={search_term_string}"},"query-input":{"@type":"PropertyValueSpecification","valueRequired":true,"valueName":"search_term_string"}}],"inLanguage":"es"},{"@type":"Organization","@id":"https:\/\/de.ahotech.com\/#organization","name":"Ahotech.com","url":"https:\/\/de.ahotech.com\/","logo":{"@type":"ImageObject","inLanguage":"es","@id":"https:\/\/de.ahotech.com\/#\/schema\/logo\/image\/","url":"https:\/\/www.ahotech.com\/wp-content\/uploads\/2021\/10\/battery-site-logo.jpg","contentUrl":"https:\/\/www.ahotech.com\/wp-content\/uploads\/2021\/10\/battery-site-logo.jpg","width":1297,"height":465,"caption":"Ahotech.com"},"image":{"@id":"https:\/\/de.ahotech.com\/#\/schema\/logo\/image\/"}}]}},"_links":{"self":[{"href":"https:\/\/www.ahotech.com\/es\/wp-json\/wp\/v2\/product\/4408","targetHints":{"allow":["GET"]}}],"collection":[{"href":"https:\/\/www.ahotech.com\/es\/wp-json\/wp\/v2\/product"}],"about":[{"href":"https:\/\/www.ahotech.com\/es\/wp-json\/wp\/v2\/types\/product"}],"version-history":[{"count":1,"href":"https:\/\/www.ahotech.com\/es\/wp-json\/wp\/v2\/product\/4408\/revisions"}],"predecessor-version":[{"id":4415,"href":"https:\/\/www.ahotech.com\/es\/wp-json\/wp\/v2\/product\/4408\/revisions\/4415"}],"wp:featuredmedia":[{"embeddable":true,"href":"https:\/\/www.ahotech.com\/es\/wp-json\/wp\/v2\/media\/4410"}],"wp:attachment":[{"href":"https:\/\/www.ahotech.com\/es\/wp-json\/wp\/v2\/media?parent=4408"}],"wp:term":[{"taxonomy":"product_brand","embeddable":true,"href":"https:\/\/www.ahotech.com\/es\/wp-json\/wp\/v2\/product_brand?post=4408"},{"taxonomy":"product_cat","embeddable":true,"href":"https:\/\/www.ahotech.com\/es\/wp-json\/wp\/v2\/product_cat?post=4408"},{"taxonomy":"product_tag","embeddable":true,"href":"https:\/\/www.ahotech.com\/es\/wp-json\/wp\/v2\/product_tag?post=4408"}],"curies":[{"name":"wp","href":"https:\/\/api.w.org\/{rel}","templated":true}]}}