{"id":4367,"date":"2022-03-02T07:23:40","date_gmt":"2022-03-02T07:23:40","guid":{"rendered":"https:\/\/www.ahotech.com\/?post_type=product&#038;p=4367"},"modified":"2022-03-02T07:23:46","modified_gmt":"2022-03-02T07:23:46","slug":"bateria-cr17335","status":"publish","type":"product","link":"https:\/\/www.ahotech.com\/es\/product\/cr17335-battery\/","title":{"rendered":"Bater\u00eda CR17335"},"content":{"rendered":"<p>Par\u00e1metros de rendimiento de la bater\u00eda Cr17335 (valor est\u00e1ndar dentro de un a\u00f1o de vida \u00fatil de la bater\u00eda)<br \/>\nCapacidad nominal: 1500 mAH (capacidad de descarga a 5 mA, +25 \u00b0C, voltaje de terminaci\u00f3n de 2,0 V)<br \/>\nCorriente m\u00e1xima de descarga continua permitida: 700 mA (25 \u00b0C a 2,0 V, hasta una capacidad nominal de 50%)<br \/>\nCapacidad m\u00e1xima de descarga de pulso: 1500 mA (15 segundos, hasta 2,0 V, 25 \u00b0C, 5 mA, profundidad de descarga de 50%)<\/p>\n<p>Caracter\u00edsticas del producto Cr17335 3v:<\/p>\n<p>1. Alto voltaje de mon\u00f3mero: voltaje de circuito abierto 2,8 C ~ 3,2 V<br \/>\n2. Amplio rango de temperatura: se puede utilizar entre -60 \u2103 y 85 \u2103.<br \/>\n3. Alta energ\u00eda espec\u00edfica: la energ\u00eda espec\u00edfica de la bater\u00eda es de hasta 400 Wh\/kg, 600 Wh\/dm\u00b3; alta capacidad, rendimiento estable. El voltaje de descarga es estable sin retraso de voltaje. Puede proporcionar descarga de alta corriente.<br \/>\n4. Buena vida \u00fatil de almacenamiento: tiene caracter\u00edsticas de autodescarga muy bajas, una tasa de autodescarga anual \u22642% y su fabricaci\u00f3n adopta una carcasa de acero inoxidable y una estructura de soldadura herm\u00e9tica sellada de metal y vidrio.<br \/>\n5. Modelo de seguridad libre de contaminaci\u00f3n: no contiene mercurio, cadmio, plomo y otros metales pesados, sin contaminaci\u00f3n ambiental.<br \/>\n6. Buen rendimiento de sellado: la bater\u00eda de cloruro de tionilo est\u00e1 completamente sellada, la tapa de la bater\u00eda est\u00e1 soldada a la carcasa de la bater\u00eda, los electrodos positivo y negativo est\u00e1n aislados y sellados mediante sellado de vidrio y metal, y el orificio de inyecci\u00f3n de l\u00edquido est\u00e1 completamente sellado mediante soldadura de bola de acero.<\/p>\n<p><img fetchpriority=\"high\" decoding=\"async\" class=\"alignnone size-medium wp-image-4372\" src=\"https:\/\/www.ahotech.com\/wp-content\/uploads\/2022\/03\/cr17335-battery-300x300.jpg\" alt=\"Bater\u00eda CR17335\" width=\"300\" height=\"300\" srcset=\"https:\/\/www.ahotech.com\/wp-content\/uploads\/2022\/03\/cr17335-battery-300x300.jpg 300w, https:\/\/www.ahotech.com\/wp-content\/uploads\/2022\/03\/cr17335-battery-150x150.jpg 150w, https:\/\/www.ahotech.com\/wp-content\/uploads\/2022\/03\/cr17335-battery-768x768.jpg 768w, https:\/\/www.ahotech.com\/wp-content\/uploads\/2022\/03\/cr17335-battery-600x600.jpg 600w, https:\/\/www.ahotech.com\/wp-content\/uploads\/2022\/03\/cr17335-battery-100x100.jpg 100w, https:\/\/www.ahotech.com\/wp-content\/uploads\/2022\/03\/cr17335-battery.jpg 800w\" sizes=\"(max-width: 300px) 100vw, 300px\" \/><br \/>\n7. El uso de tecnolog\u00eda de sellado especial, dise\u00f1o de orificio de enfriamiento de seguridad con doble orificio antidisturbios, mejora la estabilidad de la bater\u00eda y brinda m\u00e1s protecci\u00f3n a la bater\u00eda.<\/p>\n<p>8.La bater\u00eda cr17335 es una bater\u00eda desechable, que es diferente de <a href=\"https:\/\/www.ahotech.com\/es\/producto\/bateria-de-litio-de-37-v-21700\/\">Bater\u00edas recargables<\/a>Est\u00e1 prohibido cargar.<\/p>","protected":false},"excerpt":{"rendered":"<p>Modelo del producto: CR17335<br \/>\nTipo: Bater\u00eda primaria de litio y manganeso<br \/>\nModelo IEC: 2\/3A<br \/>\nTensi\u00f3n nominal (V): 3,0<br \/>\nPeso (G): 17<br \/>\nCapacidad nominal\\Corriente (mAh\\mA): 1500mAh\\5<br \/>\nCorriente m\u00e1xima de descarga continua (mA): 1000 mA<br \/>\nCorriente m\u00e1xima de descarga de pulso: 3000 mA<br \/>\nTemperatura de funcionamiento (\u2103): -40~+70<br \/>\nTasa de autodescarga anual (temperatura normal): &lt; 2%<br \/>\nTensi\u00f3n de terminaci\u00f3n (V): 2,0<br \/>\nDimensiones: 17,0 (di\u00e1metro) * 33,5 (altura) mm<\/p>\n<p><img decoding=\"async\" class=\"alignnone size-medium wp-image-4375\" src=\"https:\/\/www.ahotech.com\/wp-content\/uploads\/2022\/03\/batteries-cr17335-size-300x300.jpg\" alt=\"pilas tama\u00f1o cr17335\" width=\"300\" height=\"300\" srcset=\"https:\/\/www.ahotech.com\/wp-content\/uploads\/2022\/03\/batteries-cr17335-size-300x300.jpg 300w, https:\/\/www.ahotech.com\/wp-content\/uploads\/2022\/03\/batteries-cr17335-size-150x150.jpg 150w, https:\/\/www.ahotech.com\/wp-content\/uploads\/2022\/03\/batteries-cr17335-size-768x768.jpg 768w, https:\/\/www.ahotech.com\/wp-content\/uploads\/2022\/03\/batteries-cr17335-size-600x600.jpg 600w, https:\/\/www.ahotech.com\/wp-content\/uploads\/2022\/03\/batteries-cr17335-size-100x100.jpg 100w, https:\/\/www.ahotech.com\/wp-content\/uploads\/2022\/03\/batteries-cr17335-size.jpg 800w\" sizes=\"(max-width: 300px) 100vw, 300px\" \/><\/p>","protected":false},"featured_media":4369,"template":"","meta":{"_acf_changed":false,"site-sidebar-layout":"default","site-content-layout":"default","ast-site-content-layout":"","site-content-style":"default","site-sidebar-style":"default","ast-global-header-display":"","ast-banner-title-visibility":"","ast-main-header-display":"","ast-hfb-above-header-display":"","ast-hfb-below-header-display":"","ast-hfb-mobile-header-display":"","site-post-title":"","ast-breadcrumbs-content":"","ast-featured-img":"","footer-sml-layout":"","theme-transparent-header-meta":"default","adv-header-id-meta":"","stick-header-meta":"","header-above-stick-meta":"","header-main-stick-meta":"","header-below-stick-meta":"","astra-migrate-meta-layouts":"default","ast-page-background-enabled":"default","ast-page-background-meta":{"desktop":{"background-color":"","background-image":"","background-repeat":"repeat","background-position":"center center","background-size":"auto","background-attachment":"scroll","background-type":"","background-media":"","overlay-type":"","overlay-color":"","overlay-opacity":"","overlay-gradient":""},"tablet":{"background-color":"","background-image":"","background-repeat":"repeat","background-position":"center center","background-size":"auto","background-attachment":"scroll","background-type":"","background-media":"","overlay-type":"","overlay-color":"","overlay-opacity":"","overlay-gradient":""},"mobile":{"background-color":"","background-image":"","background-repeat":"repeat","background-position":"center center","background-size":"auto","background-attachment":"scroll","background-type":"","background-media":"","overlay-type":"","overlay-color":"","overlay-opacity":"","overlay-gradient":""}},"ast-content-background-meta":{"desktop":{"background-color":"var(--ast-global-color-5)","background-image":"","background-repeat":"repeat","background-position":"center center","background-size":"auto","background-attachment":"scroll","background-type":"","background-media":"","overlay-type":"","overlay-color":"","overlay-opacity":"","overlay-gradient":""},"tablet":{"background-color":"var(--ast-global-color-5)","background-image":"","background-repeat":"repeat","background-position":"center center","background-size":"auto","background-attachment":"scroll","background-type":"","background-media":"","overlay-type":"","overlay-color":"","overlay-opacity":"","overlay-gradient":""},"mobile":{"background-color":"var(--ast-global-color-5)","background-image":"","background-repeat":"repeat","background-position":"center center","background-size":"auto","background-attachment":"scroll","background-type":"","background-media":"","overlay-type":"","overlay-color":"","overlay-opacity":"","overlay-gradient":""}}},"product_brand":[],"product_cat":[43],"product_tag":[],"class_list":{"0":"post-4367","1":"product","2":"type-product","3":"status-publish","4":"has-post-thumbnail","6":"product_cat-lithium-manganese-battery","7":"desktop-align-left","8":"tablet-align-left","9":"mobile-align-left","11":"first","12":"instock","13":"shipping-taxable","14":"product-type-simple"},"acf":[],"yoast_head":"<!-- This site is optimized with the Yoast SEO plugin v27.3 - https:\/\/yoast.com\/product\/yoast-seo-wordpress\/ -->\n<title>cr17335 battery - Ahotech.com<\/title>\n<meta name=\"robots\" content=\"index, follow, max-snippet:-1, max-image-preview:large, max-video-preview:-1\" \/>\n<link rel=\"canonical\" href=\"https:\/\/www.ahotech.com\/es\/producto\/bateria-cr17335\/\" \/>\n<meta property=\"og:locale\" content=\"es_ES\" \/>\n<meta property=\"og:type\" content=\"article\" \/>\n<meta property=\"og:title\" content=\"cr17335 battery - Ahotech.com\" \/>\n<meta property=\"og:description\" content=\"Product model: CR17335 Type: Primary lithium manganese battery IEC model: 2\/3A Rated voltage (V) : 3.0 Weight (G) : 17 Nominal capacity  Current (mAhmA) : 1500mAh5 Maximum continuous discharge current (mA) : 1000mA Maximum pulse discharge current: 3000mA Operating temperature (\u2103) : -40~+70 Annual self-discharge rate (normal temperature) : &lt; 2% Termination voltage (V) : 2.0 Dimensions: 17.0(diameter) * 33.5(height)mm\" \/>\n<meta property=\"og:url\" content=\"https:\/\/www.ahotech.com\/es\/producto\/bateria-cr17335\/\" \/>\n<meta property=\"og:site_name\" content=\"Ahotech.com\" \/>\n<meta property=\"article:modified_time\" content=\"2022-03-02T07:23:46+00:00\" \/>\n<meta property=\"og:image\" content=\"https:\/\/de.ahotech.com\/wp-content\/uploads\/2022\/03\/cr17335-battery-replacement.jpg\" \/>\n\t<meta property=\"og:image:width\" content=\"800\" \/>\n\t<meta property=\"og:image:height\" content=\"800\" \/>\n\t<meta property=\"og:image:type\" content=\"image\/jpeg\" \/>\n<meta name=\"twitter:card\" content=\"summary_large_image\" \/>\n<meta name=\"twitter:label1\" content=\"Tiempo de lectura\" \/>\n\t<meta name=\"twitter:data1\" content=\"1 minuto\" \/>\n<script type=\"application\/ld+json\" class=\"yoast-schema-graph\">{\"@context\":\"https:\\\/\\\/schema.org\",\"@graph\":[{\"@type\":\"WebPage\",\"@id\":\"https:\\\/\\\/de.ahotech.com\\\/product\\\/cr17335-batterie\\\/\",\"url\":\"https:\\\/\\\/de.ahotech.com\\\/product\\\/cr17335-batterie\\\/\",\"name\":\"cr17335 battery - Ahotech.com\",\"isPartOf\":{\"@id\":\"https:\\\/\\\/www.ahotech.com\\\/es\\\/#website\"},\"primaryImageOfPage\":{\"@id\":\"https:\\\/\\\/de.ahotech.com\\\/product\\\/cr17335-batterie\\\/#primaryimage\"},\"image\":{\"@id\":\"https:\\\/\\\/de.ahotech.com\\\/product\\\/cr17335-batterie\\\/#primaryimage\"},\"thumbnailUrl\":\"https:\\\/\\\/www.ahotech.com\\\/wp-content\\\/uploads\\\/2022\\\/03\\\/cr17335-battery-replacement.jpg\",\"datePublished\":\"2022-03-02T07:23:40+00:00\",\"dateModified\":\"2022-03-02T07:23:46+00:00\",\"breadcrumb\":{\"@id\":\"https:\\\/\\\/de.ahotech.com\\\/product\\\/cr17335-batterie\\\/#breadcrumb\"},\"inLanguage\":\"es\",\"potentialAction\":[{\"@type\":\"ReadAction\",\"target\":[\"https:\\\/\\\/de.ahotech.com\\\/product\\\/cr17335-batterie\\\/\"]}]},{\"@type\":\"ImageObject\",\"inLanguage\":\"es\",\"@id\":\"https:\\\/\\\/de.ahotech.com\\\/product\\\/cr17335-batterie\\\/#primaryimage\",\"url\":\"https:\\\/\\\/www.ahotech.com\\\/wp-content\\\/uploads\\\/2022\\\/03\\\/cr17335-battery-replacement.jpg\",\"contentUrl\":\"https:\\\/\\\/www.ahotech.com\\\/wp-content\\\/uploads\\\/2022\\\/03\\\/cr17335-battery-replacement.jpg\",\"width\":800,\"height\":800,\"caption\":\"cr17335 battery replacement\"},{\"@type\":\"BreadcrumbList\",\"@id\":\"https:\\\/\\\/de.ahotech.com\\\/product\\\/cr17335-batterie\\\/#breadcrumb\",\"itemListElement\":[{\"@type\":\"ListItem\",\"position\":1,\"name\":\"Home\",\"item\":\"https:\\\/\\\/www.ahotech.com\\\/es\\\/\"},{\"@type\":\"ListItem\",\"position\":2,\"name\":\"Store\",\"item\":\"https:\\\/\\\/www.ahotech.com\\\/es\\\/store\\\/\"},{\"@type\":\"ListItem\",\"position\":3,\"name\":\"cr17335 battery\"}]},{\"@type\":\"WebSite\",\"@id\":\"https:\\\/\\\/www.ahotech.com\\\/es\\\/#website\",\"url\":\"https:\\\/\\\/www.ahotech.com\\\/es\\\/\",\"name\":\"Ahotech.com\",\"description\":\"lithium battery manufacturers\",\"publisher\":{\"@id\":\"https:\\\/\\\/www.ahotech.com\\\/es\\\/#organization\"},\"potentialAction\":[{\"@type\":\"SearchAction\",\"target\":{\"@type\":\"EntryPoint\",\"urlTemplate\":\"https:\\\/\\\/www.ahotech.com\\\/es\\\/?s={search_term_string}\"},\"query-input\":{\"@type\":\"PropertyValueSpecification\",\"valueRequired\":true,\"valueName\":\"search_term_string\"}}],\"inLanguage\":\"es\"},{\"@type\":\"Organization\",\"@id\":\"https:\\\/\\\/www.ahotech.com\\\/es\\\/#organization\",\"name\":\"Ahotech.com\",\"url\":\"https:\\\/\\\/www.ahotech.com\\\/es\\\/\",\"logo\":{\"@type\":\"ImageObject\",\"inLanguage\":\"es\",\"@id\":\"https:\\\/\\\/www.ahotech.com\\\/es\\\/#\\\/schema\\\/logo\\\/image\\\/\",\"url\":\"https:\\\/\\\/www.ahotech.com\\\/wp-content\\\/uploads\\\/2021\\\/10\\\/battery-site-logo.jpg\",\"contentUrl\":\"https:\\\/\\\/www.ahotech.com\\\/wp-content\\\/uploads\\\/2021\\\/10\\\/battery-site-logo.jpg\",\"width\":1297,\"height\":465,\"caption\":\"Ahotech.com\"},\"image\":{\"@id\":\"https:\\\/\\\/www.ahotech.com\\\/es\\\/#\\\/schema\\\/logo\\\/image\\\/\"}}]}<\/script>\n<!-- \/ Yoast SEO plugin. -->","yoast_head_json":{"title":"Bater\u00eda CR17335 - Ahotech.com","robots":{"index":"index","follow":"follow","max-snippet":"max-snippet:-1","max-image-preview":"max-image-preview:large","max-video-preview":"max-video-preview:-1"},"canonical":"https:\/\/www.ahotech.com\/es\/producto\/bateria-cr17335\/","og_locale":"es_ES","og_type":"article","og_title":"cr17335 battery - Ahotech.com","og_description":"Product model: CR17335 Type: Primary lithium manganese battery IEC model: 2\/3A Rated voltage (V) : 3.0 Weight (G) : 17 Nominal capacity  Current (mAhmA) : 1500mAh5 Maximum continuous discharge current (mA) : 1000mA Maximum pulse discharge current: 3000mA Operating temperature (\u2103) : -40~+70 Annual self-discharge rate (normal temperature) : &lt; 2% Termination voltage (V) : 2.0 Dimensions: 17.0(diameter) * 33.5(height)mm","og_url":"https:\/\/www.ahotech.com\/es\/producto\/bateria-cr17335\/","og_site_name":"Ahotech.com","article_modified_time":"2022-03-02T07:23:46+00:00","og_image":[{"width":800,"height":800,"url":"https:\/\/de.ahotech.com\/wp-content\/uploads\/2022\/03\/cr17335-battery-replacement.jpg","type":"image\/jpeg"}],"twitter_card":"summary_large_image","twitter_misc":{"Tiempo de lectura":"1 minuto"},"schema":{"@context":"https:\/\/schema.org","@graph":[{"@type":"WebPage","@id":"https:\/\/de.ahotech.com\/product\/cr17335-batterie\/","url":"https:\/\/de.ahotech.com\/product\/cr17335-batterie\/","name":"Bater\u00eda CR17335 - Ahotech.com","isPartOf":{"@id":"https:\/\/www.ahotech.com\/es\/#website"},"primaryImageOfPage":{"@id":"https:\/\/de.ahotech.com\/product\/cr17335-batterie\/#primaryimage"},"image":{"@id":"https:\/\/de.ahotech.com\/product\/cr17335-batterie\/#primaryimage"},"thumbnailUrl":"https:\/\/www.ahotech.com\/wp-content\/uploads\/2022\/03\/cr17335-battery-replacement.jpg","datePublished":"2022-03-02T07:23:40+00:00","dateModified":"2022-03-02T07:23:46+00:00","breadcrumb":{"@id":"https:\/\/de.ahotech.com\/product\/cr17335-batterie\/#breadcrumb"},"inLanguage":"es","potentialAction":[{"@type":"ReadAction","target":["https:\/\/de.ahotech.com\/product\/cr17335-batterie\/"]}]},{"@type":"ImageObject","inLanguage":"es","@id":"https:\/\/de.ahotech.com\/product\/cr17335-batterie\/#primaryimage","url":"https:\/\/www.ahotech.com\/wp-content\/uploads\/2022\/03\/cr17335-battery-replacement.jpg","contentUrl":"https:\/\/www.ahotech.com\/wp-content\/uploads\/2022\/03\/cr17335-battery-replacement.jpg","width":800,"height":800,"caption":"cr17335 battery replacement"},{"@type":"BreadcrumbList","@id":"https:\/\/de.ahotech.com\/product\/cr17335-batterie\/#breadcrumb","itemListElement":[{"@type":"ListItem","position":1,"name":"Home","item":"https:\/\/www.ahotech.com\/es\/"},{"@type":"ListItem","position":2,"name":"Store","item":"https:\/\/www.ahotech.com\/es\/store\/"},{"@type":"ListItem","position":3,"name":"cr17335 battery"}]},{"@type":"WebSite","@id":"https:\/\/www.ahotech.com\/es\/#website","url":"https:\/\/www.ahotech.com\/es\/","name":"Ahotech.com","description":"fabricantes de bater\u00edas de litio","publisher":{"@id":"https:\/\/www.ahotech.com\/es\/#organization"},"potentialAction":[{"@type":"SearchAction","target":{"@type":"EntryPoint","urlTemplate":"https:\/\/www.ahotech.com\/es\/?s={search_term_string}"},"query-input":{"@type":"PropertyValueSpecification","valueRequired":true,"valueName":"search_term_string"}}],"inLanguage":"es"},{"@type":"Organization","@id":"https:\/\/www.ahotech.com\/es\/#organization","name":"Ahotech.com","url":"https:\/\/www.ahotech.com\/es\/","logo":{"@type":"ImageObject","inLanguage":"es","@id":"https:\/\/www.ahotech.com\/es\/#\/schema\/logo\/image\/","url":"https:\/\/www.ahotech.com\/wp-content\/uploads\/2021\/10\/battery-site-logo.jpg","contentUrl":"https:\/\/www.ahotech.com\/wp-content\/uploads\/2021\/10\/battery-site-logo.jpg","width":1297,"height":465,"caption":"Ahotech.com"},"image":{"@id":"https:\/\/www.ahotech.com\/es\/#\/schema\/logo\/image\/"}}]}},"_links":{"self":[{"href":"https:\/\/www.ahotech.com\/es\/wp-json\/wp\/v2\/product\/4367","targetHints":{"allow":["GET"]}}],"collection":[{"href":"https:\/\/www.ahotech.com\/es\/wp-json\/wp\/v2\/product"}],"about":[{"href":"https:\/\/www.ahotech.com\/es\/wp-json\/wp\/v2\/types\/product"}],"version-history":[{"count":1,"href":"https:\/\/www.ahotech.com\/es\/wp-json\/wp\/v2\/product\/4367\/revisions"}],"predecessor-version":[{"id":4376,"href":"https:\/\/www.ahotech.com\/es\/wp-json\/wp\/v2\/product\/4367\/revisions\/4376"}],"wp:featuredmedia":[{"embeddable":true,"href":"https:\/\/www.ahotech.com\/es\/wp-json\/wp\/v2\/media\/4369"}],"wp:attachment":[{"href":"https:\/\/www.ahotech.com\/es\/wp-json\/wp\/v2\/media?parent=4367"}],"wp:term":[{"taxonomy":"product_brand","embeddable":true,"href":"https:\/\/www.ahotech.com\/es\/wp-json\/wp\/v2\/product_brand?post=4367"},{"taxonomy":"product_cat","embeddable":true,"href":"https:\/\/www.ahotech.com\/es\/wp-json\/wp\/v2\/product_cat?post=4367"},{"taxonomy":"product_tag","embeddable":true,"href":"https:\/\/www.ahotech.com\/es\/wp-json\/wp\/v2\/product_tag?post=4367"}],"curies":[{"name":"wp","href":"https:\/\/api.w.org\/{rel}","templated":true}]}}