{"id":4343,"date":"2022-02-28T02:19:15","date_gmt":"2022-02-28T02:19:15","guid":{"rendered":"https:\/\/www.ahotech.com\/?post_type=product&#038;p=4343"},"modified":"2022-04-01T05:45:49","modified_gmt":"2022-04-01T05:45:49","slug":"bateria-cr123a","status":"publish","type":"product","link":"https:\/\/www.ahotech.com\/es\/product\/cr123a-battery\/","title":{"rendered":"Bater\u00eda CR123A"},"content":{"rendered":"<p>Par\u00e1metros de rendimiento de la bater\u00eda Cr123a (valor est\u00e1ndar dentro de un a\u00f1o de vida \u00fatil de la bater\u00eda)<br \/>\nCapacidad nominal: 1300 mAH (capacidad de descarga a 5 mA, +25 \u00b0C, voltaje de terminaci\u00f3n de 2,0 V)<br \/>\nCorriente m\u00e1xima de descarga continua permitida: 1000 mA (25 \u00b0C a 2,0 V, hasta una capacidad nominal de 50%)<br \/>\nCapacidad m\u00e1xima de descarga de pulso: 2500 mA (15 segundos, hasta 2,0 V, 25 \u00b0C, 5 mA, profundidad de descarga de 50%)<br \/>\nCaracter\u00edsticas del producto bater\u00edas Cr123a:<br \/>\n1. Alto voltaje de mon\u00f3mero: voltaje de circuito abierto 2,8 C ~ 3,2 V<br \/>\n2, amplio rango de temperatura: la bater\u00eda de litio cr123a 3v se puede utilizar entre un rango de temperatura de -60 \u2103 a 85 \u2103<br \/>\n3. Alta energ\u00eda espec\u00edfica: la energ\u00eda espec\u00edfica de la bater\u00eda es de hasta 400 Wh\/kg, 600 Wh\/dm\u00b3; alta capacidad, rendimiento estable. El voltaje de descarga es estable sin retraso de voltaje. Puede proporcionar descarga de alta corriente.<br \/>\n4, buena vida \u00fatil de almacenamiento: con caracter\u00edsticas de autodescarga muy bajas, la tasa de autodescarga anual es inferior a 1% y su fabricaci\u00f3n adopta una carcasa de acero inoxidable y una estructura de soldadura herm\u00e9tica con sellado de metal y vidrio.<br \/>\n5, modelo de seguridad libre de contaminaci\u00f3n: no contiene mercurio, cadmio, plomo y otros metales pesados, sin contaminaci\u00f3n ambiental.<br \/>\n6. Buen rendimiento de sellado: la bater\u00eda de cloruro de tionilo est\u00e1 completamente sellada, la tapa de la bater\u00eda est\u00e1 soldada a la carcasa de la bater\u00eda, los electrodos positivo y negativo est\u00e1n aislados y sellados mediante sellado de vidrio y metal, y el orificio de inyecci\u00f3n de l\u00edquido est\u00e1 completamente sellado mediante soldadura de bola de acero.<\/p>\n<p><img fetchpriority=\"high\" decoding=\"async\" class=\"alignnone size-medium wp-image-4346\" src=\"https:\/\/www.ahotech.com\/wp-content\/uploads\/2022\/02\/3v-lithium-battery-cr123a-300x300.jpg\" alt=\"Bater\u00eda de litio de 3 V CR123A\" width=\"300\" height=\"300\" srcset=\"https:\/\/www.ahotech.com\/wp-content\/uploads\/2022\/02\/3v-lithium-battery-cr123a-300x300.jpg 300w, https:\/\/www.ahotech.com\/wp-content\/uploads\/2022\/02\/3v-lithium-battery-cr123a-150x150.jpg 150w, https:\/\/www.ahotech.com\/wp-content\/uploads\/2022\/02\/3v-lithium-battery-cr123a-768x768.jpg 768w, https:\/\/www.ahotech.com\/wp-content\/uploads\/2022\/02\/3v-lithium-battery-cr123a-600x600.jpg 600w, https:\/\/www.ahotech.com\/wp-content\/uploads\/2022\/02\/3v-lithium-battery-cr123a-100x100.jpg 100w, https:\/\/www.ahotech.com\/wp-content\/uploads\/2022\/02\/3v-lithium-battery-cr123a.jpg 800w\" sizes=\"(max-width: 300px) 100vw, 300px\" \/><br \/>\n7, el uso de tecnolog\u00eda de sellado especial, dise\u00f1o de orificio de enfriamiento de seguridad de doble orificio antidisturbios, mejora la estabilidad de la bater\u00eda, para brindar m\u00e1s protecci\u00f3n a la bater\u00eda.<\/p>\n<p>Tipo de aplicaci\u00f3n: medidor de electricidad inteligente, medidor de agua, medidor de gas, calor\u00edmetro, medidor de gas, fuente de alimentaci\u00f3n de reloj, alarma de humo, monitor de temperatura, dispositivo de posicionamiento, etc.<\/p>\n<p><img decoding=\"async\" class=\"alignnone size-medium wp-image-4347\" src=\"https:\/\/www.ahotech.com\/wp-content\/uploads\/2022\/02\/cr123a-batteries-application-300x300.jpg\" alt=\"Aplicaci\u00f3n de bater\u00edas CR123A\" width=\"300\" height=\"300\" srcset=\"https:\/\/www.ahotech.com\/wp-content\/uploads\/2022\/02\/cr123a-batteries-application-300x300.jpg 300w, https:\/\/www.ahotech.com\/wp-content\/uploads\/2022\/02\/cr123a-batteries-application-150x150.jpg 150w, https:\/\/www.ahotech.com\/wp-content\/uploads\/2022\/02\/cr123a-batteries-application-768x768.jpg 768w, https:\/\/www.ahotech.com\/wp-content\/uploads\/2022\/02\/cr123a-batteries-application-600x600.jpg 600w, https:\/\/www.ahotech.com\/wp-content\/uploads\/2022\/02\/cr123a-batteries-application-100x100.jpg 100w, https:\/\/www.ahotech.com\/wp-content\/uploads\/2022\/02\/cr123a-batteries-application.jpg 800w\" sizes=\"(max-width: 300px) 100vw, 300px\" \/><\/p>\n<p>Caracter\u00edstica de descarga de 25 \u2103 de Cr123a<\/p>\n<p><img decoding=\"async\" class=\"alignnone size-medium wp-image-4348\" src=\"https:\/\/www.ahotech.com\/wp-content\/uploads\/2022\/02\/cr123a-batteries-test-data-300x165.png\" alt=\"Datos de prueba de las bater\u00edas CR123A\" width=\"300\" height=\"165\" srcset=\"https:\/\/www.ahotech.com\/wp-content\/uploads\/2022\/02\/cr123a-batteries-test-data-300x165.png 300w, https:\/\/www.ahotech.com\/wp-content\/uploads\/2022\/02\/cr123a-batteries-test-data-768x423.png 768w, https:\/\/www.ahotech.com\/wp-content\/uploads\/2022\/02\/cr123a-batteries-test-data-600x330.png 600w, https:\/\/www.ahotech.com\/wp-content\/uploads\/2022\/02\/cr123a-batteries-test-data.png 979w\" sizes=\"(max-width: 300px) 100vw, 300px\" \/><\/p>\n<p><img loading=\"lazy\" decoding=\"async\" class=\"alignnone size-medium wp-image-4349\" src=\"https:\/\/www.ahotech.com\/wp-content\/uploads\/2022\/02\/cr123a-batteries-test-data1-300x176.png\" alt=\"Datos de prueba de las bater\u00edas CR123A\" width=\"300\" height=\"176\" srcset=\"https:\/\/www.ahotech.com\/wp-content\/uploads\/2022\/02\/cr123a-batteries-test-data1-300x176.png 300w, https:\/\/www.ahotech.com\/wp-content\/uploads\/2022\/02\/cr123a-batteries-test-data1-768x452.png 768w, https:\/\/www.ahotech.com\/wp-content\/uploads\/2022\/02\/cr123a-batteries-test-data1-600x353.png 600w, https:\/\/www.ahotech.com\/wp-content\/uploads\/2022\/02\/cr123a-batteries-test-data1.png 920w\" sizes=\"(max-width: 300px) 100vw, 300px\" \/> <img loading=\"lazy\" decoding=\"async\" class=\"alignnone size-medium wp-image-4350\" src=\"https:\/\/www.ahotech.com\/wp-content\/uploads\/2022\/02\/cr123a-batteries-test-data2-300x172.png\" alt=\"Datos de prueba de las bater\u00edas CR123A\" width=\"300\" height=\"172\" srcset=\"https:\/\/www.ahotech.com\/wp-content\/uploads\/2022\/02\/cr123a-batteries-test-data2-300x172.png 300w, https:\/\/www.ahotech.com\/wp-content\/uploads\/2022\/02\/cr123a-batteries-test-data2-768x441.png 768w, https:\/\/www.ahotech.com\/wp-content\/uploads\/2022\/02\/cr123a-batteries-test-data2-600x344.png 600w, https:\/\/www.ahotech.com\/wp-content\/uploads\/2022\/02\/cr123a-batteries-test-data2.png 901w\" sizes=\"(max-width: 300px) 100vw, 300px\" \/><\/p>\n<p>Nota: La Cr123a es una bater\u00eda desechable. A diferencia de <a href=\"https:\/\/www.ahotech.com\/es\/producto\/bateria-26650\/\">Bater\u00edas de litio recargables<\/a>, est\u00e1 prohibido cargar.<\/p>","protected":false},"excerpt":{"rendered":"<p>Modelo del producto: CR123A<br \/>\nModelo IEC: 2\/3A<br \/>\nTensi\u00f3n nominal (V): 3,0<br \/>\nPeso (G): 17<br \/>\nCapacidad \\ Corriente (mAh\\mA): 1300\\5<br \/>\nCorriente m\u00e1xima de descarga continua (mA): 1000<br \/>\nTemperatura de funcionamiento (\u2103): -40~+70<br \/>\nTensi\u00f3n de terminaci\u00f3n (V): 2,0<br \/>\nTama\u00f1o total: 17*34,5 mm<\/p>\n<p><img loading=\"lazy\" decoding=\"async\" class=\"alignnone size-medium wp-image-4345\" src=\"https:\/\/www.ahotech.com\/wp-content\/uploads\/2022\/02\/cr123a-battery-size-300x300.jpg\" alt=\"tama\u00f1o de la bater\u00eda cr123a\" width=\"300\" height=\"300\" srcset=\"https:\/\/www.ahotech.com\/wp-content\/uploads\/2022\/02\/cr123a-battery-size-300x300.jpg 300w, https:\/\/www.ahotech.com\/wp-content\/uploads\/2022\/02\/cr123a-battery-size-150x150.jpg 150w, https:\/\/www.ahotech.com\/wp-content\/uploads\/2022\/02\/cr123a-battery-size-768x768.jpg 768w, https:\/\/www.ahotech.com\/wp-content\/uploads\/2022\/02\/cr123a-battery-size-600x600.jpg 600w, https:\/\/www.ahotech.com\/wp-content\/uploads\/2022\/02\/cr123a-battery-size-100x100.jpg 100w, https:\/\/www.ahotech.com\/wp-content\/uploads\/2022\/02\/cr123a-battery-size.jpg 800w\" sizes=\"(max-width: 300px) 100vw, 300px\" \/><\/p>","protected":false},"featured_media":4342,"template":"","meta":{"_acf_changed":false,"site-sidebar-layout":"default","site-content-layout":"default","ast-site-content-layout":"","site-content-style":"default","site-sidebar-style":"default","ast-global-header-display":"","ast-banner-title-visibility":"","ast-main-header-display":"","ast-hfb-above-header-display":"","ast-hfb-below-header-display":"","ast-hfb-mobile-header-display":"","site-post-title":"","ast-breadcrumbs-content":"","ast-featured-img":"","footer-sml-layout":"","theme-transparent-header-meta":"default","adv-header-id-meta":"","stick-header-meta":"","header-above-stick-meta":"","header-main-stick-meta":"","header-below-stick-meta":"","astra-migrate-meta-layouts":"default","ast-page-background-enabled":"default","ast-page-background-meta":{"desktop":{"background-color":"","background-image":"","background-repeat":"repeat","background-position":"center center","background-size":"auto","background-attachment":"scroll","background-type":"","background-media":"","overlay-type":"","overlay-color":"","overlay-opacity":"","overlay-gradient":""},"tablet":{"background-color":"","background-image":"","background-repeat":"repeat","background-position":"center center","background-size":"auto","background-attachment":"scroll","background-type":"","background-media":"","overlay-type":"","overlay-color":"","overlay-opacity":"","overlay-gradient":""},"mobile":{"background-color":"","background-image":"","background-repeat":"repeat","background-position":"center center","background-size":"auto","background-attachment":"scroll","background-type":"","background-media":"","overlay-type":"","overlay-color":"","overlay-opacity":"","overlay-gradient":""}},"ast-content-background-meta":{"desktop":{"background-color":"var(--ast-global-color-5)","background-image":"","background-repeat":"repeat","background-position":"center center","background-size":"auto","background-attachment":"scroll","background-type":"","background-media":"","overlay-type":"","overlay-color":"","overlay-opacity":"","overlay-gradient":""},"tablet":{"background-color":"var(--ast-global-color-5)","background-image":"","background-repeat":"repeat","background-position":"center center","background-size":"auto","background-attachment":"scroll","background-type":"","background-media":"","overlay-type":"","overlay-color":"","overlay-opacity":"","overlay-gradient":""},"mobile":{"background-color":"var(--ast-global-color-5)","background-image":"","background-repeat":"repeat","background-position":"center center","background-size":"auto","background-attachment":"scroll","background-type":"","background-media":"","overlay-type":"","overlay-color":"","overlay-opacity":"","overlay-gradient":""}}},"product_brand":[],"product_cat":[43],"product_tag":[],"class_list":{"0":"post-4343","1":"product","2":"type-product","3":"status-publish","4":"has-post-thumbnail","6":"product_cat-lithium-manganese-battery","7":"desktop-align-left","8":"tablet-align-left","9":"mobile-align-left","11":"first","12":"instock","13":"shipping-taxable","14":"product-type-simple"},"acf":[],"yoast_head":"<!-- This site is optimized with the Yoast SEO plugin v27.3 - https:\/\/yoast.com\/product\/yoast-seo-wordpress\/ -->\n<title>cr123a battery - Ahotech.com<\/title>\n<meta name=\"description\" content=\"Cr123a battery performance parameters (standard value within one year of battery life)\" \/>\n<meta name=\"robots\" content=\"index, follow, max-snippet:-1, max-image-preview:large, max-video-preview:-1\" \/>\n<link rel=\"canonical\" href=\"https:\/\/www.ahotech.com\/es\/producto\/bateria-cr123a\/\" \/>\n<meta property=\"og:locale\" content=\"es_ES\" \/>\n<meta property=\"og:type\" content=\"article\" \/>\n<meta property=\"og:title\" content=\"cr123a battery - Ahotech.com\" \/>\n<meta property=\"og:description\" content=\"Cr123a battery performance parameters (standard value within one year of battery life)\" \/>\n<meta property=\"og:url\" content=\"https:\/\/www.ahotech.com\/es\/producto\/bateria-cr123a\/\" \/>\n<meta property=\"og:site_name\" content=\"Ahotech.com\" \/>\n<meta property=\"article:modified_time\" content=\"2022-04-01T05:45:49+00:00\" \/>\n<meta property=\"og:image\" content=\"https:\/\/de.ahotech.com\/wp-content\/uploads\/2022\/02\/cr123a-battery.jpg\" \/>\n\t<meta property=\"og:image:width\" content=\"800\" \/>\n\t<meta property=\"og:image:height\" content=\"800\" \/>\n\t<meta property=\"og:image:type\" content=\"image\/jpeg\" \/>\n<meta name=\"twitter:card\" content=\"summary_large_image\" \/>\n<meta name=\"twitter:label1\" content=\"Tiempo de lectura\" \/>\n\t<meta name=\"twitter:data1\" content=\"3 minutos\" \/>\n<script type=\"application\/ld+json\" class=\"yoast-schema-graph\">{\"@context\":\"https:\\\/\\\/schema.org\",\"@graph\":[{\"@type\":\"WebPage\",\"@id\":\"https:\\\/\\\/de.ahotech.com\\\/product\\\/cr123a-batterie\\\/\",\"url\":\"https:\\\/\\\/de.ahotech.com\\\/product\\\/cr123a-batterie\\\/\",\"name\":\"cr123a battery - Ahotech.com\",\"isPartOf\":{\"@id\":\"https:\\\/\\\/www.ahotech.com\\\/es\\\/#website\"},\"primaryImageOfPage\":{\"@id\":\"https:\\\/\\\/de.ahotech.com\\\/product\\\/cr123a-batterie\\\/#primaryimage\"},\"image\":{\"@id\":\"https:\\\/\\\/de.ahotech.com\\\/product\\\/cr123a-batterie\\\/#primaryimage\"},\"thumbnailUrl\":\"https:\\\/\\\/www.ahotech.com\\\/wp-content\\\/uploads\\\/2022\\\/02\\\/cr123a-battery.jpg\",\"datePublished\":\"2022-02-28T02:19:15+00:00\",\"dateModified\":\"2022-04-01T05:45:49+00:00\",\"description\":\"Cr123a battery performance parameters (standard value within one year of battery life)\",\"breadcrumb\":{\"@id\":\"https:\\\/\\\/de.ahotech.com\\\/product\\\/cr123a-batterie\\\/#breadcrumb\"},\"inLanguage\":\"es\",\"potentialAction\":[{\"@type\":\"ReadAction\",\"target\":[\"https:\\\/\\\/de.ahotech.com\\\/product\\\/cr123a-batterie\\\/\"]}]},{\"@type\":\"ImageObject\",\"inLanguage\":\"es\",\"@id\":\"https:\\\/\\\/de.ahotech.com\\\/product\\\/cr123a-batterie\\\/#primaryimage\",\"url\":\"https:\\\/\\\/www.ahotech.com\\\/wp-content\\\/uploads\\\/2022\\\/02\\\/cr123a-battery.jpg\",\"contentUrl\":\"https:\\\/\\\/www.ahotech.com\\\/wp-content\\\/uploads\\\/2022\\\/02\\\/cr123a-battery.jpg\",\"width\":800,\"height\":800,\"caption\":\"cr123a battery\"},{\"@type\":\"BreadcrumbList\",\"@id\":\"https:\\\/\\\/de.ahotech.com\\\/product\\\/cr123a-batterie\\\/#breadcrumb\",\"itemListElement\":[{\"@type\":\"ListItem\",\"position\":1,\"name\":\"Home\",\"item\":\"https:\\\/\\\/www.ahotech.com\\\/es\\\/\"},{\"@type\":\"ListItem\",\"position\":2,\"name\":\"Store\",\"item\":\"https:\\\/\\\/www.ahotech.com\\\/es\\\/store\\\/\"},{\"@type\":\"ListItem\",\"position\":3,\"name\":\"cr123a battery\"}]},{\"@type\":\"WebSite\",\"@id\":\"https:\\\/\\\/www.ahotech.com\\\/es\\\/#website\",\"url\":\"https:\\\/\\\/www.ahotech.com\\\/es\\\/\",\"name\":\"Ahotech.com\",\"description\":\"lithium battery manufacturers\",\"publisher\":{\"@id\":\"https:\\\/\\\/www.ahotech.com\\\/es\\\/#organization\"},\"potentialAction\":[{\"@type\":\"SearchAction\",\"target\":{\"@type\":\"EntryPoint\",\"urlTemplate\":\"https:\\\/\\\/www.ahotech.com\\\/es\\\/?s={search_term_string}\"},\"query-input\":{\"@type\":\"PropertyValueSpecification\",\"valueRequired\":true,\"valueName\":\"search_term_string\"}}],\"inLanguage\":\"es\"},{\"@type\":\"Organization\",\"@id\":\"https:\\\/\\\/www.ahotech.com\\\/es\\\/#organization\",\"name\":\"Ahotech.com\",\"url\":\"https:\\\/\\\/www.ahotech.com\\\/es\\\/\",\"logo\":{\"@type\":\"ImageObject\",\"inLanguage\":\"es\",\"@id\":\"https:\\\/\\\/www.ahotech.com\\\/es\\\/#\\\/schema\\\/logo\\\/image\\\/\",\"url\":\"https:\\\/\\\/www.ahotech.com\\\/wp-content\\\/uploads\\\/2021\\\/10\\\/battery-site-logo.jpg\",\"contentUrl\":\"https:\\\/\\\/www.ahotech.com\\\/wp-content\\\/uploads\\\/2021\\\/10\\\/battery-site-logo.jpg\",\"width\":1297,\"height\":465,\"caption\":\"Ahotech.com\"},\"image\":{\"@id\":\"https:\\\/\\\/www.ahotech.com\\\/es\\\/#\\\/schema\\\/logo\\\/image\\\/\"}}]}<\/script>\n<!-- \/ Yoast SEO plugin. -->","yoast_head_json":{"title":"Bater\u00eda CR123A - Ahotech.com","description":"Par\u00e1metros de rendimiento de la bater\u00eda Cr123a (valor est\u00e1ndar dentro de un a\u00f1o de vida \u00fatil de la bater\u00eda)","robots":{"index":"index","follow":"follow","max-snippet":"max-snippet:-1","max-image-preview":"max-image-preview:large","max-video-preview":"max-video-preview:-1"},"canonical":"https:\/\/www.ahotech.com\/es\/producto\/bateria-cr123a\/","og_locale":"es_ES","og_type":"article","og_title":"cr123a battery - Ahotech.com","og_description":"Cr123a battery performance parameters (standard value within one year of battery life)","og_url":"https:\/\/www.ahotech.com\/es\/producto\/bateria-cr123a\/","og_site_name":"Ahotech.com","article_modified_time":"2022-04-01T05:45:49+00:00","og_image":[{"width":800,"height":800,"url":"https:\/\/de.ahotech.com\/wp-content\/uploads\/2022\/02\/cr123a-battery.jpg","type":"image\/jpeg"}],"twitter_card":"summary_large_image","twitter_misc":{"Tiempo de lectura":"3 minutos"},"schema":{"@context":"https:\/\/schema.org","@graph":[{"@type":"WebPage","@id":"https:\/\/de.ahotech.com\/product\/cr123a-batterie\/","url":"https:\/\/de.ahotech.com\/product\/cr123a-batterie\/","name":"Bater\u00eda CR123A - Ahotech.com","isPartOf":{"@id":"https:\/\/www.ahotech.com\/es\/#website"},"primaryImageOfPage":{"@id":"https:\/\/de.ahotech.com\/product\/cr123a-batterie\/#primaryimage"},"image":{"@id":"https:\/\/de.ahotech.com\/product\/cr123a-batterie\/#primaryimage"},"thumbnailUrl":"https:\/\/www.ahotech.com\/wp-content\/uploads\/2022\/02\/cr123a-battery.jpg","datePublished":"2022-02-28T02:19:15+00:00","dateModified":"2022-04-01T05:45:49+00:00","description":"Par\u00e1metros de rendimiento de la bater\u00eda Cr123a (valor est\u00e1ndar dentro de un a\u00f1o de vida \u00fatil de la bater\u00eda)","breadcrumb":{"@id":"https:\/\/de.ahotech.com\/product\/cr123a-batterie\/#breadcrumb"},"inLanguage":"es","potentialAction":[{"@type":"ReadAction","target":["https:\/\/de.ahotech.com\/product\/cr123a-batterie\/"]}]},{"@type":"ImageObject","inLanguage":"es","@id":"https:\/\/de.ahotech.com\/product\/cr123a-batterie\/#primaryimage","url":"https:\/\/www.ahotech.com\/wp-content\/uploads\/2022\/02\/cr123a-battery.jpg","contentUrl":"https:\/\/www.ahotech.com\/wp-content\/uploads\/2022\/02\/cr123a-battery.jpg","width":800,"height":800,"caption":"cr123a battery"},{"@type":"BreadcrumbList","@id":"https:\/\/de.ahotech.com\/product\/cr123a-batterie\/#breadcrumb","itemListElement":[{"@type":"ListItem","position":1,"name":"Home","item":"https:\/\/www.ahotech.com\/es\/"},{"@type":"ListItem","position":2,"name":"Store","item":"https:\/\/www.ahotech.com\/es\/store\/"},{"@type":"ListItem","position":3,"name":"cr123a battery"}]},{"@type":"WebSite","@id":"https:\/\/www.ahotech.com\/es\/#website","url":"https:\/\/www.ahotech.com\/es\/","name":"Ahotech.com","description":"fabricantes de bater\u00edas de litio","publisher":{"@id":"https:\/\/www.ahotech.com\/es\/#organization"},"potentialAction":[{"@type":"SearchAction","target":{"@type":"EntryPoint","urlTemplate":"https:\/\/www.ahotech.com\/es\/?s={search_term_string}"},"query-input":{"@type":"PropertyValueSpecification","valueRequired":true,"valueName":"search_term_string"}}],"inLanguage":"es"},{"@type":"Organization","@id":"https:\/\/www.ahotech.com\/es\/#organization","name":"Ahotech.com","url":"https:\/\/www.ahotech.com\/es\/","logo":{"@type":"ImageObject","inLanguage":"es","@id":"https:\/\/www.ahotech.com\/es\/#\/schema\/logo\/image\/","url":"https:\/\/www.ahotech.com\/wp-content\/uploads\/2021\/10\/battery-site-logo.jpg","contentUrl":"https:\/\/www.ahotech.com\/wp-content\/uploads\/2021\/10\/battery-site-logo.jpg","width":1297,"height":465,"caption":"Ahotech.com"},"image":{"@id":"https:\/\/www.ahotech.com\/es\/#\/schema\/logo\/image\/"}}]}},"_links":{"self":[{"href":"https:\/\/www.ahotech.com\/es\/wp-json\/wp\/v2\/product\/4343","targetHints":{"allow":["GET"]}}],"collection":[{"href":"https:\/\/www.ahotech.com\/es\/wp-json\/wp\/v2\/product"}],"about":[{"href":"https:\/\/www.ahotech.com\/es\/wp-json\/wp\/v2\/types\/product"}],"version-history":[{"count":3,"href":"https:\/\/www.ahotech.com\/es\/wp-json\/wp\/v2\/product\/4343\/revisions"}],"predecessor-version":[{"id":4356,"href":"https:\/\/www.ahotech.com\/es\/wp-json\/wp\/v2\/product\/4343\/revisions\/4356"}],"wp:featuredmedia":[{"embeddable":true,"href":"https:\/\/www.ahotech.com\/es\/wp-json\/wp\/v2\/media\/4342"}],"wp:attachment":[{"href":"https:\/\/www.ahotech.com\/es\/wp-json\/wp\/v2\/media?parent=4343"}],"wp:term":[{"taxonomy":"product_brand","embeddable":true,"href":"https:\/\/www.ahotech.com\/es\/wp-json\/wp\/v2\/product_brand?post=4343"},{"taxonomy":"product_cat","embeddable":true,"href":"https:\/\/www.ahotech.com\/es\/wp-json\/wp\/v2\/product_cat?post=4343"},{"taxonomy":"product_tag","embeddable":true,"href":"https:\/\/www.ahotech.com\/es\/wp-json\/wp\/v2\/product_tag?post=4343"}],"curies":[{"name":"wp","href":"https:\/\/api.w.org\/{rel}","templated":true}]}}