{"id":4329,"date":"2022-02-25T06:52:03","date_gmt":"2022-02-25T06:52:03","guid":{"rendered":"https:\/\/www.ahotech.com\/?post_type=product&#038;p=4329"},"modified":"2022-02-25T06:52:05","modified_gmt":"2022-02-25T06:52:05","slug":"bateria-lifepo4-12v-200ah","status":"publish","type":"product","link":"https:\/\/www.ahotech.com\/es\/product\/lifepo4-battery-12v-200ah\/","title":{"rendered":"Bater\u00eda Lifepo4 12v 200ah"},"content":{"rendered":"<p>Bater\u00eda lifepo4 cuadrada de alta calidad de 12v: en comparaci\u00f3n con la bater\u00eda de plomo-\u00e1cido tradicional, tiene una mayor densidad de energ\u00eda y vida \u00fatil del ciclo, mejor rendimiento el\u00e9ctrico, seguridad, protecci\u00f3n del medio ambiente y sin contaminaci\u00f3n.<\/p>\n<p><img fetchpriority=\"high\" decoding=\"async\" class=\"alignnone size-medium wp-image-4334\" src=\"https:\/\/www.ahotech.com\/wp-content\/uploads\/2022\/02\/12v-lithium-ion-battery-pack-300x300.jpg\" alt=\"Paquete de bater\u00edas de iones de litio de 12 V\" width=\"300\" height=\"300\" srcset=\"https:\/\/www.ahotech.com\/wp-content\/uploads\/2022\/02\/12v-lithium-ion-battery-pack-300x300.jpg 300w, https:\/\/www.ahotech.com\/wp-content\/uploads\/2022\/02\/12v-lithium-ion-battery-pack-150x150.jpg 150w, https:\/\/www.ahotech.com\/wp-content\/uploads\/2022\/02\/12v-lithium-ion-battery-pack-768x768.jpg 768w, https:\/\/www.ahotech.com\/wp-content\/uploads\/2022\/02\/12v-lithium-ion-battery-pack-600x600.jpg 600w, https:\/\/www.ahotech.com\/wp-content\/uploads\/2022\/02\/12v-lithium-ion-battery-pack-100x100.jpg 100w, https:\/\/www.ahotech.com\/wp-content\/uploads\/2022\/02\/12v-lithium-ion-battery-pack.jpg 800w\" sizes=\"(max-width: 300px) 100vw, 300px\" \/><br \/>\nExcelente rendimiento el\u00e9ctrico: baja resistencia interna, alto rendimiento de carga y descarga de corriente continua, amplio rango de temperatura de funcionamiento, m\u00e1s pr\u00e1ctico.<\/p>\n<p>Admite m\u00faltiples protocolos de comunicaci\u00f3n: Admite m\u00faltiples protocolos de comunicaci\u00f3n, como RS485, lo que facilita la gesti\u00f3n y el mantenimiento eficientes de la bater\u00eda.<\/p>\n<p>Sistema de gesti\u00f3n de bater\u00eda BMS inteligente: proporciona a la bater\u00eda protecci\u00f3n contra sobrecarga y sobredescarga, protecci\u00f3n contra carga por sobrecorriente, protecci\u00f3n contra altas temperaturas, equilibrio de bater\u00eda, alarma anormal y otras funciones.<\/p>\n<p><img decoding=\"async\" class=\"alignnone size-medium wp-image-4320\" src=\"https:\/\/www.ahotech.com\/wp-content\/uploads\/2022\/02\/The-battery-pack-BMS-300x300.jpg\" alt=\"El paquete de bater\u00edas BMS\" width=\"300\" height=\"300\" srcset=\"https:\/\/www.ahotech.com\/wp-content\/uploads\/2022\/02\/The-battery-pack-BMS-300x300.jpg 300w, https:\/\/www.ahotech.com\/wp-content\/uploads\/2022\/02\/The-battery-pack-BMS-150x150.jpg 150w, https:\/\/www.ahotech.com\/wp-content\/uploads\/2022\/02\/The-battery-pack-BMS-768x768.jpg 768w, https:\/\/www.ahotech.com\/wp-content\/uploads\/2022\/02\/The-battery-pack-BMS-600x600.jpg 600w, https:\/\/www.ahotech.com\/wp-content\/uploads\/2022\/02\/The-battery-pack-BMS-100x100.jpg 100w, https:\/\/www.ahotech.com\/wp-content\/uploads\/2022\/02\/The-battery-pack-BMS.jpg 800w\" sizes=\"(max-width: 300px) 100vw, 300px\" \/><\/p>\n<p>Buen desempe\u00f1o de seguridad: en la prueba de desempe\u00f1o de seguridad m\u00e1xima, la bater\u00eda no se dispara, no explota, no tiene fugas y es m\u00e1s segura de usar.<\/p>\n<p>El proceso de producci\u00f3n de bater\u00edas de litio tiene muchos requisitos, y las marcas que no cumplen con los requisitos pueden presentar riesgos de seguridad. Longsing ha invertido considerablemente en l\u00edneas de producci\u00f3n especializadas.<br \/>\n1, alta automatizaci\u00f3n: equipo de producci\u00f3n altamente automatizado para garantizar la consistencia del rendimiento de la bater\u00eda.<\/p>\n<p><img decoding=\"async\" class=\"alignnone size-medium wp-image-4336\" src=\"https:\/\/www.ahotech.com\/wp-content\/uploads\/2022\/02\/Lithium-iron-phosphate-battery-production-line\uff082\uff09-300x198.png\" alt=\"L\u00ednea de producci\u00f3n de bater\u00edas de fosfato de hierro y litio\" width=\"300\" height=\"198\" srcset=\"https:\/\/www.ahotech.com\/wp-content\/uploads\/2022\/02\/Lithium-iron-phosphate-battery-production-line\uff082\uff09-300x198.png 300w, https:\/\/www.ahotech.com\/wp-content\/uploads\/2022\/02\/Lithium-iron-phosphate-battery-production-line\uff082\uff09-1024x676.png 1024w, https:\/\/www.ahotech.com\/wp-content\/uploads\/2022\/02\/Lithium-iron-phosphate-battery-production-line\uff082\uff09-768x507.png 768w, https:\/\/www.ahotech.com\/wp-content\/uploads\/2022\/02\/Lithium-iron-phosphate-battery-production-line\uff082\uff09-600x396.png 600w, https:\/\/www.ahotech.com\/wp-content\/uploads\/2022\/02\/Lithium-iron-phosphate-battery-production-line\uff082\uff09.png 1167w\" sizes=\"(max-width: 300px) 100vw, 300px\" \/> <img loading=\"lazy\" decoding=\"async\" class=\"alignnone size-medium wp-image-4337\" src=\"https:\/\/www.ahotech.com\/wp-content\/uploads\/2022\/02\/Lithium-iron-phosphate-battery-production-line-300x199.png\" alt=\"L\u00ednea de producci\u00f3n de bater\u00edas de fosfato de hierro y litio\" width=\"300\" height=\"199\" srcset=\"https:\/\/www.ahotech.com\/wp-content\/uploads\/2022\/02\/Lithium-iron-phosphate-battery-production-line-300x199.png 300w, https:\/\/www.ahotech.com\/wp-content\/uploads\/2022\/02\/Lithium-iron-phosphate-battery-production-line-1024x678.png 1024w, https:\/\/www.ahotech.com\/wp-content\/uploads\/2022\/02\/Lithium-iron-phosphate-battery-production-line-768x508.png 768w, https:\/\/www.ahotech.com\/wp-content\/uploads\/2022\/02\/Lithium-iron-phosphate-battery-production-line-600x397.png 600w, https:\/\/www.ahotech.com\/wp-content\/uploads\/2022\/02\/Lithium-iron-phosphate-battery-production-line.png 1151w\" sizes=\"(max-width: 300px) 100vw, 300px\" \/><br \/>\n2, alto rendimiento de seguridad: estructura de carcasa de aluminio cuadrada y placa de cubierta combinada con v\u00e1lvula a prueba de explosiones, sin fugas.<\/p>\n<p><img loading=\"lazy\" decoding=\"async\" class=\"alignnone size-medium wp-image-4338\" src=\"https:\/\/www.ahotech.com\/wp-content\/uploads\/2022\/02\/Lithium-iron-phosphate-battery-housing-300x182.png\" alt=\"Carcasa de bater\u00eda de fosfato de hierro y litio\" width=\"300\" height=\"182\" srcset=\"https:\/\/www.ahotech.com\/wp-content\/uploads\/2022\/02\/Lithium-iron-phosphate-battery-housing-300x182.png 300w, https:\/\/www.ahotech.com\/wp-content\/uploads\/2022\/02\/Lithium-iron-phosphate-battery-housing-1024x622.png 1024w, https:\/\/www.ahotech.com\/wp-content\/uploads\/2022\/02\/Lithium-iron-phosphate-battery-housing-768x467.png 768w, https:\/\/www.ahotech.com\/wp-content\/uploads\/2022\/02\/Lithium-iron-phosphate-battery-housing-600x365.png 600w, https:\/\/www.ahotech.com\/wp-content\/uploads\/2022\/02\/Lithium-iron-phosphate-battery-housing.png 1132w\" sizes=\"(max-width: 300px) 100vw, 300px\" \/><br \/>\n3, alta tasa de descarga: baja resistencia de la bater\u00eda, alta tasa de descarga, plataforma de descarga estable.<br \/>\n4, dise\u00f1o personalizado: la consistencia del producto es alta, se puede enviar con grupo, puede aceptar servicios personalizados.<\/p>\n<p><img loading=\"lazy\" decoding=\"async\" class=\"alignnone size-medium wp-image-4339\" src=\"https:\/\/www.ahotech.com\/wp-content\/uploads\/2022\/02\/Lithium-iron-phosphate-battery-Pack-300x219.png\" alt=\"Paquete de bater\u00edas de fosfato de hierro y litio\" width=\"300\" height=\"219\" srcset=\"https:\/\/www.ahotech.com\/wp-content\/uploads\/2022\/02\/Lithium-iron-phosphate-battery-Pack-300x219.png 300w, https:\/\/www.ahotech.com\/wp-content\/uploads\/2022\/02\/Lithium-iron-phosphate-battery-Pack.png 564w\" sizes=\"(max-width: 300px) 100vw, 300px\" \/><br \/>\n5, ciclo de vida largo<br \/>\n6. Protecci\u00f3n del medio ambiente: gracias a la certificaci\u00f3n del sistema medioambiental ISO14000, los productos cumplen con las instrucciones GB, ONU y ROHS.<br \/>\nAplicaci\u00f3n: Turismo, almacenamiento de energ\u00eda para comunicaciones, coche el\u00e9ctrico, barco.<\/p>","protected":false},"excerpt":{"rendered":"<p>Cel\u00fala<br \/>\nModelo: LP71173207<br \/>\nTipo: Bater\u00eda de fosfato de hierro y litio<br \/>\nCapacidad: 280 Ah<br \/>\nVoltaje nominal: 3,2 V<br \/>\nEst\u00e1ndar del paquete: Diferencia de capacidad \u2264 5%; Diferencia de resistencia \u2264 3 m\u03a9; Desviaci\u00f3n de voltaje \u2264 10 mv<\/p>\n<p>\u00cdndice de paquetes<br \/>\nM\u00e9todo de empaque: 4s1p<br \/>\nCapacidad nominal: 280 AH<br \/>\nVoltaje nominal: 12,8 V<br \/>\nVoltaje de descarga final: 10 V<br \/>\nVoltaje m\u00e1ximo de carga: 14,6 V<br \/>\nCorriente de carga est\u00e1ndar: 56 A<br \/>\nCorriente m\u00e1xima de carga continua: 280 A<br \/>\nCorriente de descarga continua: 140 A<br \/>\nCorriente m\u00e1xima de descarga continua: 280 A<br \/>\nValor de sobrecorriente: 294 A (configurable)<br \/>\nRetardo de protecci\u00f3n contra sobrecorriente: 20 s (configurable)<br \/>\nCondiciones de recuperaci\u00f3n de cortocircuito: Desconecte la carga de recuperaci\u00f3n autom\u00e1tica<br \/>\nProtecci\u00f3n contra cortocircuitos: 200 uS<br \/>\nProtecci\u00f3n de temperatura de carga: 0\u2103 ~ 60\u2103<br \/>\nProtecci\u00f3n de temperatura de descarga: -20\u2103 ~ 60\u2103<br \/>\nVida \u00fatil (duraci\u00f3n o ciclos): Ciclos: m\u00ednimo 5000 Capacidad 80% 1C carga\/descarga<br \/>\nPeso m\u00e1ximo: 21,42 kg (no incluye la carcasa)<br \/>\nTama\u00f1o de la bater\u00eda: Largo: 285,8 \u00b1 3 mm Ancho: 173,8 \u00b1 3 mm Alto: 207,15 \u00b1 3 mm<\/p>","protected":false},"featured_media":4331,"template":"","meta":{"_acf_changed":false,"site-sidebar-layout":"default","site-content-layout":"default","ast-site-content-layout":"","site-content-style":"default","site-sidebar-style":"default","ast-global-header-display":"","ast-banner-title-visibility":"","ast-main-header-display":"","ast-hfb-above-header-display":"","ast-hfb-below-header-display":"","ast-hfb-mobile-header-display":"","site-post-title":"","ast-breadcrumbs-content":"","ast-featured-img":"","footer-sml-layout":"","theme-transparent-header-meta":"default","adv-header-id-meta":"","stick-header-meta":"","header-above-stick-meta":"","header-main-stick-meta":"","header-below-stick-meta":"","astra-migrate-meta-layouts":"default","ast-page-background-enabled":"default","ast-page-background-meta":{"desktop":{"background-color":"","background-image":"","background-repeat":"repeat","background-position":"center center","background-size":"auto","background-attachment":"scroll","background-type":"","background-media":"","overlay-type":"","overlay-color":"","overlay-opacity":"","overlay-gradient":""},"tablet":{"background-color":"","background-image":"","background-repeat":"repeat","background-position":"center center","background-size":"auto","background-attachment":"scroll","background-type":"","background-media":"","overlay-type":"","overlay-color":"","overlay-opacity":"","overlay-gradient":""},"mobile":{"background-color":"","background-image":"","background-repeat":"repeat","background-position":"center center","background-size":"auto","background-attachment":"scroll","background-type":"","background-media":"","overlay-type":"","overlay-color":"","overlay-opacity":"","overlay-gradient":""}},"ast-content-background-meta":{"desktop":{"background-color":"var(--ast-global-color-5)","background-image":"","background-repeat":"repeat","background-position":"center center","background-size":"auto","background-attachment":"scroll","background-type":"","background-media":"","overlay-type":"","overlay-color":"","overlay-opacity":"","overlay-gradient":""},"tablet":{"background-color":"var(--ast-global-color-5)","background-image":"","background-repeat":"repeat","background-position":"center center","background-size":"auto","background-attachment":"scroll","background-type":"","background-media":"","overlay-type":"","overlay-color":"","overlay-opacity":"","overlay-gradient":""},"mobile":{"background-color":"var(--ast-global-color-5)","background-image":"","background-repeat":"repeat","background-position":"center center","background-size":"auto","background-attachment":"scroll","background-type":"","background-media":"","overlay-type":"","overlay-color":"","overlay-opacity":"","overlay-gradient":""}}},"product_brand":[],"product_cat":[40,41],"product_tag":[],"class_list":{"0":"post-4329","1":"product","2":"type-product","3":"status-publish","4":"has-post-thumbnail","6":"product_cat-lifepo4-battery","7":"product_cat-rechargeable-lithium-battery","8":"desktop-align-left","9":"tablet-align-left","10":"mobile-align-left","12":"first","13":"instock","14":"shipping-taxable","15":"product-type-simple"},"acf":[],"yoast_head":"<!-- This site is optimized with the Yoast SEO plugin v27.3 - https:\/\/yoast.com\/product\/yoast-seo-wordpress\/ -->\n<title>lifepo4 battery 12v 200ah - Ahotech.com<\/title>\n<meta name=\"robots\" content=\"index, follow, max-snippet:-1, max-image-preview:large, max-video-preview:-1\" \/>\n<link rel=\"canonical\" href=\"https:\/\/www.ahotech.com\/es\/producto\/bateria-lifepo4-12v-200ah\/\" \/>\n<meta property=\"og:locale\" content=\"es_ES\" \/>\n<meta property=\"og:type\" content=\"article\" \/>\n<meta property=\"og:title\" content=\"lifepo4 battery 12v 200ah - Ahotech.com\" \/>\n<meta property=\"og:description\" content=\"Cell Model\uff1aLP71173207 Type\uff1aLithium Iron Phosphate Battery Capacity\uff1a280Ah Rated Voltage\uff1a3.2V Pack Standard\uff1aCapacity Difference\u22645%\uff1bResistance Difference\u2264 3m\u03a9\uff1bVoltage deviation\u2264 10 mv  Pack Index Pack Method\uff1a4s1p Rated Capacity\uff1a280AH Nominal Voltage\uff1a12.8V End-off Discharge voltage\uff1a10V Max. Charge Voltage\uff1a14.6V Standard Charge Current\uff1a56A Maximum Charge continuous Current\uff1a280A Continuous discharge current\uff1a140A Maximum continuous discharge current\uff1a280A Overcurrent value\uff1a294A\uff08Can be set up\uff09 Overcurrent protection delay\uff1a20S\uff08Can be set up\uff09 Short circuit recovery conditions\uff1aDisconnect the load automatic recovery Short circuit protection\uff1a200uS Charging temperature protection\uff1a0\u2103 ~ 60\u2103 Discharge temperature protection\uff1a-20\u2103 ~ 60\u2103 Lifetime (duration or cycles)\uff1aCycles: minimum 5000 80% capacity 1C charge\/discharge Max Weight \uff1a21.42kg\uff08Does not contain the shell\uff09 Battery size\uff1aL\uff1a285.8\u00b13mm W\uff1a173.8\u00b13mm H\uff1a207.15\u00b13mm\" \/>\n<meta property=\"og:url\" content=\"https:\/\/www.ahotech.com\/es\/producto\/bateria-lifepo4-12v-200ah\/\" \/>\n<meta property=\"og:site_name\" content=\"Ahotech.com\" \/>\n<meta property=\"article:modified_time\" content=\"2022-02-25T06:52:05+00:00\" \/>\n<meta property=\"og:image\" content=\"https:\/\/de.ahotech.com\/wp-content\/uploads\/2022\/02\/12v-lithium-battery-pack-2.jpg\" \/>\n\t<meta property=\"og:image:width\" content=\"800\" \/>\n\t<meta property=\"og:image:height\" content=\"800\" \/>\n\t<meta property=\"og:image:type\" content=\"image\/jpeg\" \/>\n<meta name=\"twitter:card\" content=\"summary_large_image\" \/>\n<meta name=\"twitter:label1\" content=\"Tiempo de lectura\" \/>\n\t<meta name=\"twitter:data1\" content=\"1 minuto\" \/>\n<script type=\"application\/ld+json\" class=\"yoast-schema-graph\">{\"@context\":\"https:\\\/\\\/schema.org\",\"@graph\":[{\"@type\":\"WebPage\",\"@id\":\"https:\\\/\\\/de.ahotech.com\\\/product\\\/lifepo4-akku-12-v-200-ah\\\/\",\"url\":\"https:\\\/\\\/de.ahotech.com\\\/product\\\/lifepo4-akku-12-v-200-ah\\\/\",\"name\":\"lifepo4 battery 12v 200ah - Ahotech.com\",\"isPartOf\":{\"@id\":\"https:\\\/\\\/www.ahotech.com\\\/es\\\/#website\"},\"primaryImageOfPage\":{\"@id\":\"https:\\\/\\\/de.ahotech.com\\\/product\\\/lifepo4-akku-12-v-200-ah\\\/#primaryimage\"},\"image\":{\"@id\":\"https:\\\/\\\/de.ahotech.com\\\/product\\\/lifepo4-akku-12-v-200-ah\\\/#primaryimage\"},\"thumbnailUrl\":\"https:\\\/\\\/www.ahotech.com\\\/wp-content\\\/uploads\\\/2022\\\/02\\\/12v-lithium-battery-pack-2.jpg\",\"datePublished\":\"2022-02-25T06:52:03+00:00\",\"dateModified\":\"2022-02-25T06:52:05+00:00\",\"breadcrumb\":{\"@id\":\"https:\\\/\\\/de.ahotech.com\\\/product\\\/lifepo4-akku-12-v-200-ah\\\/#breadcrumb\"},\"inLanguage\":\"es\",\"potentialAction\":[{\"@type\":\"ReadAction\",\"target\":[\"https:\\\/\\\/de.ahotech.com\\\/product\\\/lifepo4-akku-12-v-200-ah\\\/\"]}]},{\"@type\":\"ImageObject\",\"inLanguage\":\"es\",\"@id\":\"https:\\\/\\\/de.ahotech.com\\\/product\\\/lifepo4-akku-12-v-200-ah\\\/#primaryimage\",\"url\":\"https:\\\/\\\/www.ahotech.com\\\/wp-content\\\/uploads\\\/2022\\\/02\\\/12v-lithium-battery-pack-2.jpg\",\"contentUrl\":\"https:\\\/\\\/www.ahotech.com\\\/wp-content\\\/uploads\\\/2022\\\/02\\\/12v-lithium-battery-pack-2.jpg\",\"width\":800,\"height\":800,\"caption\":\"12v lithium battery pack\"},{\"@type\":\"BreadcrumbList\",\"@id\":\"https:\\\/\\\/de.ahotech.com\\\/product\\\/lifepo4-akku-12-v-200-ah\\\/#breadcrumb\",\"itemListElement\":[{\"@type\":\"ListItem\",\"position\":1,\"name\":\"Home\",\"item\":\"https:\\\/\\\/www.ahotech.com\\\/es\\\/\"},{\"@type\":\"ListItem\",\"position\":2,\"name\":\"Store\",\"item\":\"https:\\\/\\\/www.ahotech.com\\\/es\\\/store\\\/\"},{\"@type\":\"ListItem\",\"position\":3,\"name\":\"lifepo4 battery 12v 200ah\"}]},{\"@type\":\"WebSite\",\"@id\":\"https:\\\/\\\/www.ahotech.com\\\/es\\\/#website\",\"url\":\"https:\\\/\\\/www.ahotech.com\\\/es\\\/\",\"name\":\"Ahotech.com\",\"description\":\"lithium battery manufacturers\",\"publisher\":{\"@id\":\"https:\\\/\\\/www.ahotech.com\\\/es\\\/#organization\"},\"potentialAction\":[{\"@type\":\"SearchAction\",\"target\":{\"@type\":\"EntryPoint\",\"urlTemplate\":\"https:\\\/\\\/www.ahotech.com\\\/es\\\/?s={search_term_string}\"},\"query-input\":{\"@type\":\"PropertyValueSpecification\",\"valueRequired\":true,\"valueName\":\"search_term_string\"}}],\"inLanguage\":\"es\"},{\"@type\":\"Organization\",\"@id\":\"https:\\\/\\\/www.ahotech.com\\\/es\\\/#organization\",\"name\":\"Ahotech.com\",\"url\":\"https:\\\/\\\/www.ahotech.com\\\/es\\\/\",\"logo\":{\"@type\":\"ImageObject\",\"inLanguage\":\"es\",\"@id\":\"https:\\\/\\\/www.ahotech.com\\\/es\\\/#\\\/schema\\\/logo\\\/image\\\/\",\"url\":\"https:\\\/\\\/www.ahotech.com\\\/wp-content\\\/uploads\\\/2021\\\/10\\\/battery-site-logo.jpg\",\"contentUrl\":\"https:\\\/\\\/www.ahotech.com\\\/wp-content\\\/uploads\\\/2021\\\/10\\\/battery-site-logo.jpg\",\"width\":1297,\"height\":465,\"caption\":\"Ahotech.com\"},\"image\":{\"@id\":\"https:\\\/\\\/www.ahotech.com\\\/es\\\/#\\\/schema\\\/logo\\\/image\\\/\"}}]}<\/script>\n<!-- \/ Yoast SEO plugin. -->","yoast_head_json":{"title":"Bater\u00eda Lifepo4 de 12 V y 200 Ah - Ahotech.com","robots":{"index":"index","follow":"follow","max-snippet":"max-snippet:-1","max-image-preview":"max-image-preview:large","max-video-preview":"max-video-preview:-1"},"canonical":"https:\/\/www.ahotech.com\/es\/producto\/bateria-lifepo4-12v-200ah\/","og_locale":"es_ES","og_type":"article","og_title":"lifepo4 battery 12v 200ah - Ahotech.com","og_description":"Cell Model\uff1aLP71173207 Type\uff1aLithium Iron Phosphate Battery Capacity\uff1a280Ah Rated Voltage\uff1a3.2V Pack Standard\uff1aCapacity Difference\u22645%\uff1bResistance Difference\u2264 3m\u03a9\uff1bVoltage deviation\u2264 10 mv  Pack Index Pack Method\uff1a4s1p Rated Capacity\uff1a280AH Nominal Voltage\uff1a12.8V End-off Discharge voltage\uff1a10V Max. Charge Voltage\uff1a14.6V Standard Charge Current\uff1a56A Maximum Charge continuous Current\uff1a280A Continuous discharge current\uff1a140A Maximum continuous discharge current\uff1a280A Overcurrent value\uff1a294A\uff08Can be set up\uff09 Overcurrent protection delay\uff1a20S\uff08Can be set up\uff09 Short circuit recovery conditions\uff1aDisconnect the load automatic recovery Short circuit protection\uff1a200uS Charging temperature protection\uff1a0\u2103 ~ 60\u2103 Discharge temperature protection\uff1a-20\u2103 ~ 60\u2103 Lifetime (duration or cycles)\uff1aCycles: minimum 5000 80% capacity 1C charge\/discharge Max Weight \uff1a21.42kg\uff08Does not contain the shell\uff09 Battery size\uff1aL\uff1a285.8\u00b13mm W\uff1a173.8\u00b13mm H\uff1a207.15\u00b13mm","og_url":"https:\/\/www.ahotech.com\/es\/producto\/bateria-lifepo4-12v-200ah\/","og_site_name":"Ahotech.com","article_modified_time":"2022-02-25T06:52:05+00:00","og_image":[{"width":800,"height":800,"url":"https:\/\/de.ahotech.com\/wp-content\/uploads\/2022\/02\/12v-lithium-battery-pack-2.jpg","type":"image\/jpeg"}],"twitter_card":"summary_large_image","twitter_misc":{"Tiempo de lectura":"1 minuto"},"schema":{"@context":"https:\/\/schema.org","@graph":[{"@type":"WebPage","@id":"https:\/\/de.ahotech.com\/product\/lifepo4-akku-12-v-200-ah\/","url":"https:\/\/de.ahotech.com\/product\/lifepo4-akku-12-v-200-ah\/","name":"Bater\u00eda Lifepo4 de 12 V y 200 Ah - Ahotech.com","isPartOf":{"@id":"https:\/\/www.ahotech.com\/es\/#website"},"primaryImageOfPage":{"@id":"https:\/\/de.ahotech.com\/product\/lifepo4-akku-12-v-200-ah\/#primaryimage"},"image":{"@id":"https:\/\/de.ahotech.com\/product\/lifepo4-akku-12-v-200-ah\/#primaryimage"},"thumbnailUrl":"https:\/\/www.ahotech.com\/wp-content\/uploads\/2022\/02\/12v-lithium-battery-pack-2.jpg","datePublished":"2022-02-25T06:52:03+00:00","dateModified":"2022-02-25T06:52:05+00:00","breadcrumb":{"@id":"https:\/\/de.ahotech.com\/product\/lifepo4-akku-12-v-200-ah\/#breadcrumb"},"inLanguage":"es","potentialAction":[{"@type":"ReadAction","target":["https:\/\/de.ahotech.com\/product\/lifepo4-akku-12-v-200-ah\/"]}]},{"@type":"ImageObject","inLanguage":"es","@id":"https:\/\/de.ahotech.com\/product\/lifepo4-akku-12-v-200-ah\/#primaryimage","url":"https:\/\/www.ahotech.com\/wp-content\/uploads\/2022\/02\/12v-lithium-battery-pack-2.jpg","contentUrl":"https:\/\/www.ahotech.com\/wp-content\/uploads\/2022\/02\/12v-lithium-battery-pack-2.jpg","width":800,"height":800,"caption":"12v lithium battery pack"},{"@type":"BreadcrumbList","@id":"https:\/\/de.ahotech.com\/product\/lifepo4-akku-12-v-200-ah\/#breadcrumb","itemListElement":[{"@type":"ListItem","position":1,"name":"Home","item":"https:\/\/www.ahotech.com\/es\/"},{"@type":"ListItem","position":2,"name":"Store","item":"https:\/\/www.ahotech.com\/es\/store\/"},{"@type":"ListItem","position":3,"name":"lifepo4 battery 12v 200ah"}]},{"@type":"WebSite","@id":"https:\/\/www.ahotech.com\/es\/#website","url":"https:\/\/www.ahotech.com\/es\/","name":"Ahotech.com","description":"fabricantes de bater\u00edas de litio","publisher":{"@id":"https:\/\/www.ahotech.com\/es\/#organization"},"potentialAction":[{"@type":"SearchAction","target":{"@type":"EntryPoint","urlTemplate":"https:\/\/www.ahotech.com\/es\/?s={search_term_string}"},"query-input":{"@type":"PropertyValueSpecification","valueRequired":true,"valueName":"search_term_string"}}],"inLanguage":"es"},{"@type":"Organization","@id":"https:\/\/www.ahotech.com\/es\/#organization","name":"Ahotech.com","url":"https:\/\/www.ahotech.com\/es\/","logo":{"@type":"ImageObject","inLanguage":"es","@id":"https:\/\/www.ahotech.com\/es\/#\/schema\/logo\/image\/","url":"https:\/\/www.ahotech.com\/wp-content\/uploads\/2021\/10\/battery-site-logo.jpg","contentUrl":"https:\/\/www.ahotech.com\/wp-content\/uploads\/2021\/10\/battery-site-logo.jpg","width":1297,"height":465,"caption":"Ahotech.com"},"image":{"@id":"https:\/\/www.ahotech.com\/es\/#\/schema\/logo\/image\/"}}]}},"_links":{"self":[{"href":"https:\/\/www.ahotech.com\/es\/wp-json\/wp\/v2\/product\/4329","targetHints":{"allow":["GET"]}}],"collection":[{"href":"https:\/\/www.ahotech.com\/es\/wp-json\/wp\/v2\/product"}],"about":[{"href":"https:\/\/www.ahotech.com\/es\/wp-json\/wp\/v2\/types\/product"}],"version-history":[{"count":1,"href":"https:\/\/www.ahotech.com\/es\/wp-json\/wp\/v2\/product\/4329\/revisions"}],"predecessor-version":[{"id":4340,"href":"https:\/\/www.ahotech.com\/es\/wp-json\/wp\/v2\/product\/4329\/revisions\/4340"}],"wp:featuredmedia":[{"embeddable":true,"href":"https:\/\/www.ahotech.com\/es\/wp-json\/wp\/v2\/media\/4331"}],"wp:attachment":[{"href":"https:\/\/www.ahotech.com\/es\/wp-json\/wp\/v2\/media?parent=4329"}],"wp:term":[{"taxonomy":"product_brand","embeddable":true,"href":"https:\/\/www.ahotech.com\/es\/wp-json\/wp\/v2\/product_brand?post=4329"},{"taxonomy":"product_cat","embeddable":true,"href":"https:\/\/www.ahotech.com\/es\/wp-json\/wp\/v2\/product_cat?post=4329"},{"taxonomy":"product_tag","embeddable":true,"href":"https:\/\/www.ahotech.com\/es\/wp-json\/wp\/v2\/product_tag?post=4329"}],"curies":[{"name":"wp","href":"https:\/\/api.w.org\/{rel}","templated":true}]}}