{"id":4290,"date":"2022-02-22T04:09:01","date_gmt":"2022-02-22T04:09:01","guid":{"rendered":"https:\/\/www.ahotech.com\/?post_type=product&#038;p=4290"},"modified":"2022-02-22T04:35:19","modified_gmt":"2022-02-22T04:35:19","slug":"bateria-lifepo4-de-12v","status":"publish","type":"product","link":"https:\/\/www.ahotech.com\/es\/product\/lifepo4-battery-12v\/","title":{"rendered":"bater\u00eda lifepo4 de 12v"},"content":{"rendered":"<p class=\"tgt\" data-section=\"1\"><span class=\"tgt\" data-section=\"1\" data-sentence=\"0\" data-group=\"1-0\">Bater\u00eda lifepo4 12v sistema de gesti\u00f3n de bater\u00eda BMS incorporado, cadena de bater\u00eda de protecci\u00f3n inteligente, para garantizar la seguridad del usuario.<\/span><\/p>\n<p class=\"tgt\" data-section=\"2\"><span class=\"tgt\" data-section=\"2\" data-sentence=\"0\" data-group=\"2-0\">Ocho protecciones de seguridad: protecci\u00f3n contra sobrecarga, protecci\u00f3n contra sobrecorriente, protecci\u00f3n contra sobredescarga, protecci\u00f3n de temperatura, funci\u00f3n de prevenci\u00f3n el\u00e9ctrica, equilibrio de voltaje, protecci\u00f3n contra cortocircuitos, protecci\u00f3n de l\u00ednea corta.<\/span><\/p>\n<p data-section=\"2\"><img fetchpriority=\"high\" decoding=\"async\" class=\"alignnone size-medium wp-image-4295\" src=\"https:\/\/www.ahotech.com\/wp-content\/uploads\/2022\/02\/Lithium-iron-phosphate-battery-pack-BMS-300x192.png\" alt=\"Paquete de bater\u00edas de fosfato de hierro y litio BMS\" width=\"300\" height=\"192\" srcset=\"https:\/\/www.ahotech.com\/wp-content\/uploads\/2022\/02\/Lithium-iron-phosphate-battery-pack-BMS-300x192.png 300w, https:\/\/www.ahotech.com\/wp-content\/uploads\/2022\/02\/Lithium-iron-phosphate-battery-pack-BMS.png 358w\" sizes=\"(max-width: 300px) 100vw, 300px\" \/><\/p>\n<p class=\"tgt\" data-section=\"3\"><span class=\"tgt\" data-section=\"3\" data-sentence=\"0\" data-group=\"3-0\">Ventaja:<\/span><\/p>\n<p class=\"tgt\" data-section=\"4\"><span class=\"tgt\" data-section=\"4\" data-sentence=\"0\" data-group=\"4-0\">Larga vida \u00fatil: alta calidad <a href=\"https:\/\/www.ahotech.com\/es\/producto\/bateria-de-fosfato-de-hierro-y-litio-de-32-v\/\">celda de fosfato de hierro y litio<\/a>, ciclo de vida de hasta m\u00e1s de 2000 veces.<\/span><\/p>\n<p class=\"tgt\" data-section=\"5\"><span class=\"tgt\" data-section=\"5\" data-sentence=\"0\" data-group=\"5-0\">Bater\u00eda lifepo4 cuadrada de alta calidad de 12v: en comparaci\u00f3n con la bater\u00eda de plomo-\u00e1cido tradicional, tiene una mayor densidad de energ\u00eda y vida \u00fatil del ciclo, mejor rendimiento el\u00e9ctrico, seguridad, protecci\u00f3n del medio ambiente y sin contaminaci\u00f3n.<\/span><\/p>\n<p class=\"tgt\" data-section=\"6\"><span class=\"tgt\" data-section=\"6\" data-sentence=\"0\" data-group=\"6-0\">Excelente rendimiento el\u00e9ctrico: baja resistencia interna, alto rendimiento de carga y descarga de corriente continua, amplio rango de temperatura de funcionamiento, m\u00e1s pr\u00e1ctico.<\/span><\/p>\n<p class=\"tgt\" data-section=\"7\"><span class=\"tgt\" data-section=\"7\" data-sentence=\"0\" data-group=\"7-0\">Admite m\u00faltiples protocolos de comunicaci\u00f3n: Admite m\u00faltiples protocolos de comunicaci\u00f3n, como RS485, lo que facilita la gesti\u00f3n y el mantenimiento eficientes de la bater\u00eda.<\/span><\/p>\n<p class=\"tgt\" data-section=\"8\"><span class=\"tgt\" data-section=\"8\" data-sentence=\"0\" data-group=\"8-0\">Sistema de gesti\u00f3n de bater\u00eda BMS inteligente: proporciona a la bater\u00eda protecci\u00f3n contra sobrecarga y sobredescarga, protecci\u00f3n contra carga por sobrecorriente, protecci\u00f3n contra altas temperaturas, equilibrio de bater\u00eda, alarma anormal y otras funciones.<\/span><\/p>\n<p class=\"tgt\" data-section=\"9\"><span class=\"tgt\" data-section=\"9\" data-sentence=\"0\" data-group=\"9-0\">Buen desempe\u00f1o de seguridad: en la prueba de desempe\u00f1o de seguridad m\u00e1xima, la bater\u00eda no se dispara, no explota, no tiene fugas y es m\u00e1s segura de usar.<\/span><\/p>\n<p class=\"tgt\" data-section=\"10\"><span class=\"tgt\" data-section=\"10\" data-sentence=\"0\" data-group=\"10-0\">Aplicaci\u00f3n: Generaci\u00f3n de energ\u00eda FOTOVOLTAICA, almacenamiento de energ\u00eda fotovoltaica, estaci\u00f3n base de comunicaciones, fuente de alimentaci\u00f3n de respaldo, etc.<\/span><\/p>\n<p class=\"tgt\" data-section=\"0\"><span class=\"tgt\" data-section=\"0\" data-sentence=\"0\" data-group=\"0-0\">\u00bfPor qu\u00e9 utilizar la bater\u00eda lifepo4 de 12v?<\/span><\/p>\n<p class=\"tgt\" data-section=\"0\"><span class=\"tgt\" data-section=\"0\" data-sentence=\"0\" data-group=\"0-0\">1, tama\u00f1o peque\u00f1o, peso ligero;<\/span><\/p>\n<p class=\"tgt\" data-section=\"1\"><span class=\"tgt\" data-section=\"1\" data-sentence=\"0\" data-group=\"1-0\">2, &gt; 2000 ciclos, rendimiento confiable;<\/span><\/p>\n<p class=\"tgt\" data-section=\"2\"><span class=\"tgt\" data-section=\"2\" data-sentence=\"0\" data-group=\"2-0\">3. Equipado con protocolo de comunicaci\u00f3n BMS perfecto;<\/span><\/p>\n<p class=\"tgt\" data-section=\"3\"><span class=\"tgt\" data-section=\"3\" data-sentence=\"0\" data-group=\"3-0\">4. Instalaci\u00f3n sencilla y f\u00e1cil operaci\u00f3n;<\/span><\/p>\n<p class=\"tgt\" data-section=\"0\"><span class=\"tgt\" data-section=\"0\" data-sentence=\"0\" data-group=\"0-0\">Longsing Technology se fund\u00f3 en 2000. Adhiri\u00e9ndose al esp\u00edritu empresarial de pragmatismo, integridad, flexibilidad e innovaci\u00f3n continua, Longsing Technology se ha comprometido con la investigaci\u00f3n, el desarrollo y la aplicaci\u00f3n de la tecnolog\u00eda de bater\u00edas.<\/span><span class=\"tgt\" data-section=\"0\" data-sentence=\"1\" data-group=\"0-1\"> A trav\u00e9s del desarrollo continuo, la empresa cuenta con una bater\u00eda primaria (cloruro de sulfurilo de litio), bater\u00eda secundaria (bater\u00eda recargable de iones de litio), investigaci\u00f3n y desarrollo, capacidad de producci\u00f3n.<\/span><span class=\"tgt\" data-section=\"0\" data-sentence=\"2\" data-group=\"0-2\"> Seg\u00fan sus necesidades, podemos proporcionar dise\u00f1o estructural, dise\u00f1o el\u00e9ctrico, dise\u00f1o de simulaci\u00f3n de fluidos, prueba de verificaci\u00f3n de correspondencia profesional BMS, prueba de verificaci\u00f3n y otro soporte t\u00e9cnico.<\/span><\/p>\n<p class=\"tgt\" data-section=\"1\"><span class=\"tgt\" data-section=\"1\" data-sentence=\"0\" data-group=\"1-0\">6, larga vida \u00fatil, bajo costo;<\/span><\/p>","protected":false},"excerpt":{"rendered":"<p>Cel\u00fala<br \/>\nModelo: LP27148134<br \/>\nTipo: Bater\u00eda de fosfato de hierro y litio<br \/>\nCapacidad: 40 Ah<br \/>\nVoltaje nominal: 3,2 V<br \/>\nPaquete est\u00e1ndar:<br \/>\nDiferencia de capacidad \u2264 5%; Diferencia de resistencia \u2264 3 m\u03a9; Desviaci\u00f3n de voltaje \u2264 10 mv<\/p>\n<p>\u00cdndice de paquetes<br \/>\nM\u00e9todo de empaque: 5P4S<br \/>\nCapacidad nominal: 200 AH<br \/>\nVoltaje nominal: 12,8 V<br \/>\nVoltaje de descarga final: 8 V<br \/>\nVoltaje m\u00e1ximo de carga: 14,6 V<br \/>\nCorriente de carga est\u00e1ndar: 40 A<br \/>\nCorriente m\u00e1xima de carga continua: 200 A<br \/>\nCorriente de descarga continua: 100 A<br \/>\nCorriente m\u00e1xima de descarga continua: 200 A<br \/>\nCondiciones de recuperaci\u00f3n de cortocircuito: Desconecte la carga de recuperaci\u00f3n autom\u00e1tica<br \/>\nProtecci\u00f3n contra cortocircuitos: 200 uS<br \/>\nProtecci\u00f3n de temperatura de carga: 0\u2103 ~ 60\u2103<br \/>\nProtecci\u00f3n de temperatura de descarga: -20\u2103 ~ 60\u2103<br \/>\nVida \u00fatil (duraci\u00f3n o ciclos): Ciclos: m\u00ednimo 5000 Capacidad 80% 1C carga\/descarga<br \/>\nTama\u00f1o de la bater\u00eda:<br \/>\nLargo: 275 \u00b1 3 mm<br \/>\nAncho: 296 \u00b1 3 mm<br \/>\nAlto: 132,6 \u00b1 3 mm<\/p>","protected":false},"featured_media":4292,"template":"","meta":{"_acf_changed":false,"site-sidebar-layout":"default","site-content-layout":"default","ast-site-content-layout":"","site-content-style":"default","site-sidebar-style":"default","ast-global-header-display":"","ast-banner-title-visibility":"","ast-main-header-display":"","ast-hfb-above-header-display":"","ast-hfb-below-header-display":"","ast-hfb-mobile-header-display":"","site-post-title":"","ast-breadcrumbs-content":"","ast-featured-img":"","footer-sml-layout":"","theme-transparent-header-meta":"default","adv-header-id-meta":"","stick-header-meta":"","header-above-stick-meta":"","header-main-stick-meta":"","header-below-stick-meta":"","astra-migrate-meta-layouts":"default","ast-page-background-enabled":"default","ast-page-background-meta":{"desktop":{"background-color":"","background-image":"","background-repeat":"repeat","background-position":"center center","background-size":"auto","background-attachment":"scroll","background-type":"","background-media":"","overlay-type":"","overlay-color":"","overlay-opacity":"","overlay-gradient":""},"tablet":{"background-color":"","background-image":"","background-repeat":"repeat","background-position":"center center","background-size":"auto","background-attachment":"scroll","background-type":"","background-media":"","overlay-type":"","overlay-color":"","overlay-opacity":"","overlay-gradient":""},"mobile":{"background-color":"","background-image":"","background-repeat":"repeat","background-position":"center center","background-size":"auto","background-attachment":"scroll","background-type":"","background-media":"","overlay-type":"","overlay-color":"","overlay-opacity":"","overlay-gradient":""}},"ast-content-background-meta":{"desktop":{"background-color":"var(--ast-global-color-5)","background-image":"","background-repeat":"repeat","background-position":"center center","background-size":"auto","background-attachment":"scroll","background-type":"","background-media":"","overlay-type":"","overlay-color":"","overlay-opacity":"","overlay-gradient":""},"tablet":{"background-color":"var(--ast-global-color-5)","background-image":"","background-repeat":"repeat","background-position":"center center","background-size":"auto","background-attachment":"scroll","background-type":"","background-media":"","overlay-type":"","overlay-color":"","overlay-opacity":"","overlay-gradient":""},"mobile":{"background-color":"var(--ast-global-color-5)","background-image":"","background-repeat":"repeat","background-position":"center center","background-size":"auto","background-attachment":"scroll","background-type":"","background-media":"","overlay-type":"","overlay-color":"","overlay-opacity":"","overlay-gradient":""}}},"product_brand":[],"product_cat":[40,41],"product_tag":[],"class_list":{"0":"post-4290","1":"product","2":"type-product","3":"status-publish","4":"has-post-thumbnail","6":"product_cat-lifepo4-battery","7":"product_cat-rechargeable-lithium-battery","8":"desktop-align-left","9":"tablet-align-left","10":"mobile-align-left","12":"first","13":"instock","14":"shipping-taxable","15":"product-type-simple"},"acf":[],"yoast_head":"<!-- This site is optimized with the Yoast SEO plugin v27.3 - https:\/\/yoast.com\/product\/yoast-seo-wordpress\/ -->\n<title>lifepo4 battery 12v - Ahotech.com<\/title>\n<meta name=\"robots\" content=\"index, follow, max-snippet:-1, max-image-preview:large, max-video-preview:-1\" \/>\n<link rel=\"canonical\" href=\"https:\/\/www.ahotech.com\/es\/producto\/bateria-lifepo4-de-12v\/\" \/>\n<meta property=\"og:locale\" content=\"es_ES\" \/>\n<meta property=\"og:type\" content=\"article\" \/>\n<meta property=\"og:title\" content=\"lifepo4 battery 12v - Ahotech.com\" \/>\n<meta property=\"og:description\" content=\"Cell Model\uff1aLP27148134 Type\uff1aLithium Iron Phosphate Battery Capacity\uff1a40Ah Rated Voltage\uff1a3.2V Pack Standard\uff1a Capacity Difference\u22645%\uff1bResistance Difference\u2264 3m\u03a9\uff1bVoltage deviation\u2264 10 mv  Pack Index Pack Method\uff1a5P4S Rated Capacity\uff1a200AH Nominal Voltage\uff1a12.8V End-off Discharge voltage\uff1a8V Max. Charge Voltage\uff1a14.6V Standard Charge Current\uff1a40A Maximum Charge continuous Current\uff1a200A Continuous discharge current\uff1a100A Maximum continuous discharge current \uff1a200A Short circuit recovery conditions\uff1aDisconnect the load automatic recovery Short circuit protection\uff1a200uS Charging temperature protection\uff1a0\u2103 ~ 60\u2103 Discharge temperature protection\uff1a-20\u2103 ~ 60\u2103 Lifetime (duration or cycles)\uff1aCycles: minimum 5000 80% capacity 1C charge\/discharge Battery size\uff1a L\uff1a275\u00b13mm W:296\u00b13mm H:132.6\u00b13mm\" \/>\n<meta property=\"og:url\" content=\"https:\/\/www.ahotech.com\/es\/producto\/bateria-lifepo4-de-12v\/\" \/>\n<meta property=\"og:site_name\" content=\"Ahotech.com\" \/>\n<meta property=\"article:modified_time\" content=\"2022-02-22T04:35:19+00:00\" \/>\n<meta property=\"og:image\" content=\"https:\/\/de.ahotech.com\/wp-content\/uploads\/2022\/02\/lifepo4-battery-12v.jpg\" \/>\n\t<meta property=\"og:image:width\" content=\"800\" \/>\n\t<meta property=\"og:image:height\" content=\"800\" \/>\n\t<meta property=\"og:image:type\" content=\"image\/jpeg\" \/>\n<meta name=\"twitter:card\" content=\"summary_large_image\" \/>\n<meta name=\"twitter:label1\" content=\"Tiempo de lectura\" \/>\n\t<meta name=\"twitter:data1\" content=\"2 minutos\" \/>\n<script type=\"application\/ld+json\" class=\"yoast-schema-graph\">{\"@context\":\"https:\\\/\\\/schema.org\",\"@graph\":[{\"@type\":\"WebPage\",\"@id\":\"https:\\\/\\\/de.ahotech.com\\\/product\\\/lifepo4-akku-12-v\\\/\",\"url\":\"https:\\\/\\\/de.ahotech.com\\\/product\\\/lifepo4-akku-12-v\\\/\",\"name\":\"lifepo4 battery 12v - Ahotech.com\",\"isPartOf\":{\"@id\":\"https:\\\/\\\/de.ahotech.com\\\/#website\"},\"primaryImageOfPage\":{\"@id\":\"https:\\\/\\\/de.ahotech.com\\\/product\\\/lifepo4-akku-12-v\\\/#primaryimage\"},\"image\":{\"@id\":\"https:\\\/\\\/de.ahotech.com\\\/product\\\/lifepo4-akku-12-v\\\/#primaryimage\"},\"thumbnailUrl\":\"https:\\\/\\\/www.ahotech.com\\\/wp-content\\\/uploads\\\/2022\\\/02\\\/lifepo4-battery-12v.jpg\",\"datePublished\":\"2022-02-22T04:09:01+00:00\",\"dateModified\":\"2022-02-22T04:35:19+00:00\",\"breadcrumb\":{\"@id\":\"https:\\\/\\\/de.ahotech.com\\\/product\\\/lifepo4-akku-12-v\\\/#breadcrumb\"},\"inLanguage\":\"es\",\"potentialAction\":[{\"@type\":\"ReadAction\",\"target\":[\"https:\\\/\\\/de.ahotech.com\\\/product\\\/lifepo4-akku-12-v\\\/\"]}]},{\"@type\":\"ImageObject\",\"inLanguage\":\"es\",\"@id\":\"https:\\\/\\\/de.ahotech.com\\\/product\\\/lifepo4-akku-12-v\\\/#primaryimage\",\"url\":\"https:\\\/\\\/www.ahotech.com\\\/wp-content\\\/uploads\\\/2022\\\/02\\\/lifepo4-battery-12v.jpg\",\"contentUrl\":\"https:\\\/\\\/www.ahotech.com\\\/wp-content\\\/uploads\\\/2022\\\/02\\\/lifepo4-battery-12v.jpg\",\"width\":800,\"height\":800,\"caption\":\"lifepo4 battery 12v\"},{\"@type\":\"BreadcrumbList\",\"@id\":\"https:\\\/\\\/de.ahotech.com\\\/product\\\/lifepo4-akku-12-v\\\/#breadcrumb\",\"itemListElement\":[{\"@type\":\"ListItem\",\"position\":1,\"name\":\"Home\",\"item\":\"https:\\\/\\\/de.ahotech.com\\\/\"},{\"@type\":\"ListItem\",\"position\":2,\"name\":\"Store\",\"item\":\"https:\\\/\\\/www.ahotech.com\\\/ru\\\/%d0%bc%d0%b0%d0%b3%d0%b0%d0%b7%d0%b8%d0%bd\\\/\"},{\"@type\":\"ListItem\",\"position\":3,\"name\":\"lifepo4 battery 12v\"}]},{\"@type\":\"WebSite\",\"@id\":\"https:\\\/\\\/de.ahotech.com\\\/#website\",\"url\":\"https:\\\/\\\/de.ahotech.com\\\/\",\"name\":\"Ahotech.com\",\"description\":\"lithium battery manufacturers\",\"publisher\":{\"@id\":\"https:\\\/\\\/de.ahotech.com\\\/#organization\"},\"potentialAction\":[{\"@type\":\"SearchAction\",\"target\":{\"@type\":\"EntryPoint\",\"urlTemplate\":\"https:\\\/\\\/de.ahotech.com\\\/?s={search_term_string}\"},\"query-input\":{\"@type\":\"PropertyValueSpecification\",\"valueRequired\":true,\"valueName\":\"search_term_string\"}}],\"inLanguage\":\"es\"},{\"@type\":\"Organization\",\"@id\":\"https:\\\/\\\/de.ahotech.com\\\/#organization\",\"name\":\"Ahotech.com\",\"url\":\"https:\\\/\\\/de.ahotech.com\\\/\",\"logo\":{\"@type\":\"ImageObject\",\"inLanguage\":\"es\",\"@id\":\"https:\\\/\\\/de.ahotech.com\\\/#\\\/schema\\\/logo\\\/image\\\/\",\"url\":\"https:\\\/\\\/www.ahotech.com\\\/wp-content\\\/uploads\\\/2021\\\/10\\\/battery-site-logo.jpg\",\"contentUrl\":\"https:\\\/\\\/www.ahotech.com\\\/wp-content\\\/uploads\\\/2021\\\/10\\\/battery-site-logo.jpg\",\"width\":1297,\"height\":465,\"caption\":\"Ahotech.com\"},\"image\":{\"@id\":\"https:\\\/\\\/de.ahotech.com\\\/#\\\/schema\\\/logo\\\/image\\\/\"}}]}<\/script>\n<!-- \/ Yoast SEO plugin. -->","yoast_head_json":{"title":"Bater\u00eda LifePO4 de 12 V - Ahotech.com","robots":{"index":"index","follow":"follow","max-snippet":"max-snippet:-1","max-image-preview":"max-image-preview:large","max-video-preview":"max-video-preview:-1"},"canonical":"https:\/\/www.ahotech.com\/es\/producto\/bateria-lifepo4-de-12v\/","og_locale":"es_ES","og_type":"article","og_title":"lifepo4 battery 12v - Ahotech.com","og_description":"Cell Model\uff1aLP27148134 Type\uff1aLithium Iron Phosphate Battery Capacity\uff1a40Ah Rated Voltage\uff1a3.2V Pack Standard\uff1a Capacity Difference\u22645%\uff1bResistance Difference\u2264 3m\u03a9\uff1bVoltage deviation\u2264 10 mv  Pack Index Pack Method\uff1a5P4S Rated Capacity\uff1a200AH Nominal Voltage\uff1a12.8V End-off Discharge voltage\uff1a8V Max. Charge Voltage\uff1a14.6V Standard Charge Current\uff1a40A Maximum Charge continuous Current\uff1a200A Continuous discharge current\uff1a100A Maximum continuous discharge current \uff1a200A Short circuit recovery conditions\uff1aDisconnect the load automatic recovery Short circuit protection\uff1a200uS Charging temperature protection\uff1a0\u2103 ~ 60\u2103 Discharge temperature protection\uff1a-20\u2103 ~ 60\u2103 Lifetime (duration or cycles)\uff1aCycles: minimum 5000 80% capacity 1C charge\/discharge Battery size\uff1a L\uff1a275\u00b13mm W:296\u00b13mm H:132.6\u00b13mm","og_url":"https:\/\/www.ahotech.com\/es\/producto\/bateria-lifepo4-de-12v\/","og_site_name":"Ahotech.com","article_modified_time":"2022-02-22T04:35:19+00:00","og_image":[{"width":800,"height":800,"url":"https:\/\/de.ahotech.com\/wp-content\/uploads\/2022\/02\/lifepo4-battery-12v.jpg","type":"image\/jpeg"}],"twitter_card":"summary_large_image","twitter_misc":{"Tiempo de lectura":"2 minutos"},"schema":{"@context":"https:\/\/schema.org","@graph":[{"@type":"WebPage","@id":"https:\/\/de.ahotech.com\/product\/lifepo4-akku-12-v\/","url":"https:\/\/de.ahotech.com\/product\/lifepo4-akku-12-v\/","name":"Bater\u00eda LifePO4 de 12 V - Ahotech.com","isPartOf":{"@id":"https:\/\/de.ahotech.com\/#website"},"primaryImageOfPage":{"@id":"https:\/\/de.ahotech.com\/product\/lifepo4-akku-12-v\/#primaryimage"},"image":{"@id":"https:\/\/de.ahotech.com\/product\/lifepo4-akku-12-v\/#primaryimage"},"thumbnailUrl":"https:\/\/www.ahotech.com\/wp-content\/uploads\/2022\/02\/lifepo4-battery-12v.jpg","datePublished":"2022-02-22T04:09:01+00:00","dateModified":"2022-02-22T04:35:19+00:00","breadcrumb":{"@id":"https:\/\/de.ahotech.com\/product\/lifepo4-akku-12-v\/#breadcrumb"},"inLanguage":"es","potentialAction":[{"@type":"ReadAction","target":["https:\/\/de.ahotech.com\/product\/lifepo4-akku-12-v\/"]}]},{"@type":"ImageObject","inLanguage":"es","@id":"https:\/\/de.ahotech.com\/product\/lifepo4-akku-12-v\/#primaryimage","url":"https:\/\/www.ahotech.com\/wp-content\/uploads\/2022\/02\/lifepo4-battery-12v.jpg","contentUrl":"https:\/\/www.ahotech.com\/wp-content\/uploads\/2022\/02\/lifepo4-battery-12v.jpg","width":800,"height":800,"caption":"lifepo4 battery 12v"},{"@type":"BreadcrumbList","@id":"https:\/\/de.ahotech.com\/product\/lifepo4-akku-12-v\/#breadcrumb","itemListElement":[{"@type":"ListItem","position":1,"name":"Home","item":"https:\/\/de.ahotech.com\/"},{"@type":"ListItem","position":2,"name":"Store","item":"https:\/\/www.ahotech.com\/ru\/%d0%bc%d0%b0%d0%b3%d0%b0%d0%b7%d0%b8%d0%bd\/"},{"@type":"ListItem","position":3,"name":"lifepo4 battery 12v"}]},{"@type":"WebSite","@id":"https:\/\/de.ahotech.com\/#website","url":"https:\/\/de.ahotech.com\/","name":"Ahotech.com","description":"fabricantes de bater\u00edas de litio","publisher":{"@id":"https:\/\/de.ahotech.com\/#organization"},"potentialAction":[{"@type":"SearchAction","target":{"@type":"EntryPoint","urlTemplate":"https:\/\/de.ahotech.com\/?s={search_term_string}"},"query-input":{"@type":"PropertyValueSpecification","valueRequired":true,"valueName":"search_term_string"}}],"inLanguage":"es"},{"@type":"Organization","@id":"https:\/\/de.ahotech.com\/#organization","name":"Ahotech.com","url":"https:\/\/de.ahotech.com\/","logo":{"@type":"ImageObject","inLanguage":"es","@id":"https:\/\/de.ahotech.com\/#\/schema\/logo\/image\/","url":"https:\/\/www.ahotech.com\/wp-content\/uploads\/2021\/10\/battery-site-logo.jpg","contentUrl":"https:\/\/www.ahotech.com\/wp-content\/uploads\/2021\/10\/battery-site-logo.jpg","width":1297,"height":465,"caption":"Ahotech.com"},"image":{"@id":"https:\/\/de.ahotech.com\/#\/schema\/logo\/image\/"}}]}},"_links":{"self":[{"href":"https:\/\/www.ahotech.com\/es\/wp-json\/wp\/v2\/product\/4290","targetHints":{"allow":["GET"]}}],"collection":[{"href":"https:\/\/www.ahotech.com\/es\/wp-json\/wp\/v2\/product"}],"about":[{"href":"https:\/\/www.ahotech.com\/es\/wp-json\/wp\/v2\/types\/product"}],"version-history":[{"count":9,"href":"https:\/\/www.ahotech.com\/es\/wp-json\/wp\/v2\/product\/4290\/revisions"}],"predecessor-version":[{"id":4308,"href":"https:\/\/www.ahotech.com\/es\/wp-json\/wp\/v2\/product\/4290\/revisions\/4308"}],"wp:featuredmedia":[{"embeddable":true,"href":"https:\/\/www.ahotech.com\/es\/wp-json\/wp\/v2\/media\/4292"}],"wp:attachment":[{"href":"https:\/\/www.ahotech.com\/es\/wp-json\/wp\/v2\/media?parent=4290"}],"wp:term":[{"taxonomy":"product_brand","embeddable":true,"href":"https:\/\/www.ahotech.com\/es\/wp-json\/wp\/v2\/product_brand?post=4290"},{"taxonomy":"product_cat","embeddable":true,"href":"https:\/\/www.ahotech.com\/es\/wp-json\/wp\/v2\/product_cat?post=4290"},{"taxonomy":"product_tag","embeddable":true,"href":"https:\/\/www.ahotech.com\/es\/wp-json\/wp\/v2\/product_tag?post=4290"}],"curies":[{"name":"wp","href":"https:\/\/api.w.org\/{rel}","templated":true}]}}