{"id":4272,"date":"2022-02-21T07:50:49","date_gmt":"2022-02-21T07:50:49","guid":{"rendered":"https:\/\/www.ahotech.com\/?post_type=product&#038;p=4272"},"modified":"2022-02-22T03:19:39","modified_gmt":"2022-02-22T03:19:39","slug":"celulas-de-bateria-lifepo4","status":"publish","type":"product","link":"https:\/\/www.ahotech.com\/es\/product\/lifepo4-battery-cells\/","title":{"rendered":"C\u00e9lulas de bater\u00eda Lifepo4"},"content":{"rendered":"<p><a href=\"https:\/\/www.ahotech.com\/es\/producto\/celulas-de-bateria-lifepo4\/\">C\u00e9lulas de bater\u00eda Lifepo4<\/a> Presenta una serie de ventajas \u00fanicas, como alto voltaje de trabajo, alta densidad energ\u00e9tica, larga vida \u00fatil, protecci\u00f3n ambiental ecol\u00f3gica y expansi\u00f3n continua. Tras formar un sistema de almacenamiento de energ\u00eda, puede utilizarse para el almacenamiento de energ\u00eda el\u00e9ctrica a gran escala. El sistema de almacenamiento de energ\u00eda de bater\u00edas de fosfato de hierro y litio consta de un paquete de bater\u00edas de fosfato de hierro y litio, un sistema de gesti\u00f3n de bater\u00edas (BMS), un dispositivo convertidor (rectificador, inversor), un sistema de monitoreo central, un transformador, etc.<\/p>\n<p>Adem\u00e1s, las celdas de bater\u00eda lifepo4 admiten una expansi\u00f3n continua y son ideales para el almacenamiento de energ\u00eda a gran escala. Presentan buenas perspectivas de aplicaci\u00f3n en \u00e1reas como la seguridad en la generaci\u00f3n de energ\u00eda y la conexi\u00f3n a la red de centrales el\u00e9ctricas de energ\u00eda renovable, la regulaci\u00f3n de picos de la red el\u00e9ctrica, las centrales el\u00e9ctricas distribuidas, el suministro de energ\u00eda SAI (UPS), los sistemas de energ\u00eda de emergencia, etc.<\/p>\n<p>Caracter\u00edsticas el\u00e9ctricas<\/p>\n<p>1. Capacidad de descarga a temperatura normal: Tras la carga completa, el experimento puede suspenderse durante 10 minutos; una descarga de 0,5 \u00b0C a 2,5 V permite cinco repeticiones. Cuando el alcance de tres experimentos consecutivos es inferior a 31 TP3T de la capacidad nominal, el experimento puede completarse con antelaci\u00f3n y se puede obtener el valor m\u00e1ximo de los resultados de la prueba.<\/p>\n<p>2. Rendimiento de descarga a diferentes temperaturas: Tras la carga est\u00e1ndar de bater\u00edas normales, estas deben almacenarse al menos 12 horas a una temperatura constante de -20 \u00b0C, -10 \u00b0C, 0 \u00b0C, 10 \u00b0C y 25 \u00b0C, respectivamente, y 5 horas a 60 \u00b0C. A continuaci\u00f3n, descargue con una corriente de 0,5 \u00b0C hasta alcanzar la tensi\u00f3n de terminaci\u00f3n correspondiente. Si la temperatura ambiente es superior a 15 \u00b0C, la tensi\u00f3n de terminaci\u00f3n es de 2,5 V; si es inferior a 15 \u00b0C, es de 2,0 V.<\/p>\n<p>&nbsp;<\/p>","protected":false},"excerpt":{"rendered":"<p>Modelo: 26650-3200mAh-3,2V<br \/>\nCapacidad est\u00e1ndar: 3200 mAh 0,5 C (valor actual de 3200 mA a 1 C)<br \/>\nCapacidad m\u00ednima: 2900 mAh 0,5 C<br \/>\nVoltaje est\u00e1ndar: 3,2 V<br \/>\nResistencia interna alterna: \u226415 m\u03a9<br \/>\nVoltaje de corte: 3,65 \u00b1 0,05 V<br \/>\nCorriente de corte: 0,01 C<br \/>\nCarga de corriente constante hasta 3,65 V a 0,5 C, carga de voltaje constante para detenerse hasta 0,01 C m A.<br \/>\nCorriente m\u00e1xima de carga: 9 A<br \/>\nVoltaje de corte de descarga: 2,5 V<br \/>\nCorriente de descarga est\u00e1ndar: 6 A<br \/>\nCorriente de descarga r\u00e1pida: 15 A. Esta corriente es la m\u00e1xima recomendada para la combinaci\u00f3n de celdas, y el valor espec\u00edfico debe determinarse seg\u00fan la estructura de la combinaci\u00f3n. La corriente m\u00e1xima de funcionamiento se establece a una temperatura que no supere los 60 \u00b0C.<br \/>\nCorriente m\u00e1xima de descarga continua: 32 A. Solo para bater\u00edas individuales.<br \/>\nCorriente de descarga de pulso: 45 A, 5 s<br \/>\nCaracter\u00edstica del ciclo: La capacidad residual no es inferior a 80% de la capacidad nominal a una velocidad de 1C\/3C.<br \/>\n1500 veces\uff08100%DOD\uff09<br \/>\n3000 veces (80%DOD)<br \/>\n5000 veces\uff0850%DOD\uff09<br \/>\nTemperatura de trabajo: Carga: 0 \u2103 \uff5e 55 \u2103 Descarga: -20 \u2103 \uff5e 60 \u2103<br \/>\nTemperatura de almacenamiento: -20\u2103\uff5e55\u2103 Almacenamiento a corto plazo (&lt;3 meses)<\/p>\n<p>tama\u00f1o:<\/p>\n<p><img fetchpriority=\"high\" decoding=\"async\" class=\"alignnone size-medium wp-image-4274\" src=\"https:\/\/www.ahotech.com\/wp-content\/uploads\/2022\/02\/lifepo4-battery-cells-size-300x217.png\" alt=\"Tama\u00f1o de las celdas de la bater\u00eda lifepo4\" width=\"300\" height=\"217\" srcset=\"https:\/\/www.ahotech.com\/wp-content\/uploads\/2022\/02\/lifepo4-battery-cells-size-300x217.png 300w, https:\/\/www.ahotech.com\/wp-content\/uploads\/2022\/02\/lifepo4-battery-cells-size.png 584w\" sizes=\"(max-width: 300px) 100vw, 300px\" \/><\/p>","protected":false},"featured_media":4276,"template":"","meta":{"_acf_changed":false,"site-sidebar-layout":"default","site-content-layout":"default","ast-site-content-layout":"","site-content-style":"default","site-sidebar-style":"default","ast-global-header-display":"","ast-banner-title-visibility":"","ast-main-header-display":"","ast-hfb-above-header-display":"","ast-hfb-below-header-display":"","ast-hfb-mobile-header-display":"","site-post-title":"","ast-breadcrumbs-content":"","ast-featured-img":"","footer-sml-layout":"","theme-transparent-header-meta":"default","adv-header-id-meta":"","stick-header-meta":"","header-above-stick-meta":"","header-main-stick-meta":"","header-below-stick-meta":"","astra-migrate-meta-layouts":"default","ast-page-background-enabled":"default","ast-page-background-meta":{"desktop":{"background-color":"","background-image":"","background-repeat":"repeat","background-position":"center center","background-size":"auto","background-attachment":"scroll","background-type":"","background-media":"","overlay-type":"","overlay-color":"","overlay-opacity":"","overlay-gradient":""},"tablet":{"background-color":"","background-image":"","background-repeat":"repeat","background-position":"center center","background-size":"auto","background-attachment":"scroll","background-type":"","background-media":"","overlay-type":"","overlay-color":"","overlay-opacity":"","overlay-gradient":""},"mobile":{"background-color":"","background-image":"","background-repeat":"repeat","background-position":"center center","background-size":"auto","background-attachment":"scroll","background-type":"","background-media":"","overlay-type":"","overlay-color":"","overlay-opacity":"","overlay-gradient":""}},"ast-content-background-meta":{"desktop":{"background-color":"var(--ast-global-color-5)","background-image":"","background-repeat":"repeat","background-position":"center center","background-size":"auto","background-attachment":"scroll","background-type":"","background-media":"","overlay-type":"","overlay-color":"","overlay-opacity":"","overlay-gradient":""},"tablet":{"background-color":"var(--ast-global-color-5)","background-image":"","background-repeat":"repeat","background-position":"center center","background-size":"auto","background-attachment":"scroll","background-type":"","background-media":"","overlay-type":"","overlay-color":"","overlay-opacity":"","overlay-gradient":""},"mobile":{"background-color":"var(--ast-global-color-5)","background-image":"","background-repeat":"repeat","background-position":"center center","background-size":"auto","background-attachment":"scroll","background-type":"","background-media":"","overlay-type":"","overlay-color":"","overlay-opacity":"","overlay-gradient":""}}},"product_brand":[],"product_cat":[40,41],"product_tag":[],"class_list":{"0":"post-4272","1":"product","2":"type-product","3":"status-publish","4":"has-post-thumbnail","6":"product_cat-lifepo4-battery","7":"product_cat-rechargeable-lithium-battery","8":"desktop-align-left","9":"tablet-align-left","10":"mobile-align-left","12":"first","13":"instock","14":"shipping-taxable","15":"product-type-simple"},"acf":[],"yoast_head":"<!-- This site is optimized with the Yoast SEO plugin v27.3 - https:\/\/yoast.com\/product\/yoast-seo-wordpress\/ -->\n<title>lifepo4 battery cells - Ahotech.com<\/title>\n<meta name=\"robots\" content=\"index, follow, max-snippet:-1, max-image-preview:large, max-video-preview:-1\" \/>\n<link rel=\"canonical\" href=\"https:\/\/www.ahotech.com\/es\/producto\/celulas-de-bateria-lifepo4\/\" \/>\n<meta property=\"og:locale\" content=\"es_ES\" \/>\n<meta property=\"og:type\" content=\"article\" \/>\n<meta property=\"og:title\" content=\"lifepo4 battery cells - Ahotech.com\" \/>\n<meta property=\"og:description\" content=\"Model\uff1a26650-3200mAh-3.2V Standard Capacity\uff1a3200mAh 0.5C,(current value of 3200mA at 1C\uff09 Minimum Capacity\uff1a2900mAh 0.5C Standard Voltage\uff1a3.2 V Alternating Internal Resistance\uff1a\u226415m\u03a9 Cut-off Voltage\uff1a3.65\u00b10.05V Cut-off Current\uff1a0.01C constant-current charge to 3.65V at 0.5C, constant voltage charge to stop until 0.01C m A. Max. Charging Current\uff1a9A Discharge Cut-off Voltage\uff1a2.5V Standard Discharge Current\uff1a6A Fast Discharge Cur\uff1a15A This current is the maximum current recommended for the combination of cells, and the specific value should be determined according to the combination structure. The maximum operating current is set at a temperature not exceeding 60 \u2103. Max. Continuous Discharge Current\uff1a32A Only for singl Pulse Discharge Current\uff1a45A\uff0c5s Cycle Characteristic\uff1aThe residual capacity is no less than 80% of rated capacity at 1C\/3C rate. 1500 times\uff08100%DOD\uff09 3000 times\uff0880%DOD\uff09 5000 times\uff0850%DOD\uff09 Working Temperature\uff1aCharge\uff1a0\u2103\uff5e55\u2103 Discharge\uff1a-20\u2103\uff5e60\u2103 Storage Temperature\uff1a-20\u2103\uff5e55\u2103 Short-term storage (&lt; 3 months\uff09  size:\" \/>\n<meta property=\"og:url\" content=\"https:\/\/www.ahotech.com\/es\/producto\/celulas-de-bateria-lifepo4\/\" \/>\n<meta property=\"og:site_name\" content=\"Ahotech.com\" \/>\n<meta property=\"article:modified_time\" content=\"2022-02-22T03:19:39+00:00\" \/>\n<meta property=\"og:image\" content=\"https:\/\/www.ahotech.com\/wp-content\/uploads\/2022\/02\/lifepo4-battery-1.jpg\" \/>\n\t<meta property=\"og:image:width\" content=\"800\" \/>\n\t<meta property=\"og:image:height\" content=\"800\" \/>\n\t<meta property=\"og:image:type\" content=\"image\/jpeg\" \/>\n<meta name=\"twitter:card\" content=\"summary_large_image\" \/>\n<meta name=\"twitter:label1\" content=\"Tiempo de lectura\" \/>\n\t<meta name=\"twitter:data1\" content=\"2 minutos\" \/>\n<script type=\"application\/ld+json\" class=\"yoast-schema-graph\">{\"@context\":\"https:\\\/\\\/schema.org\",\"@graph\":[{\"@type\":\"WebPage\",\"@id\":\"https:\\\/\\\/www.ahotech.com\\\/sv\\\/product\\\/lifepo4-battery-cells\\\/\",\"url\":\"https:\\\/\\\/www.ahotech.com\\\/sv\\\/product\\\/lifepo4-battery-cells\\\/\",\"name\":\"lifepo4 battery cells - Ahotech.com\",\"isPartOf\":{\"@id\":\"https:\\\/\\\/www.ahotech.com\\\/#website\"},\"primaryImageOfPage\":{\"@id\":\"https:\\\/\\\/www.ahotech.com\\\/sv\\\/product\\\/lifepo4-battery-cells\\\/#primaryimage\"},\"image\":{\"@id\":\"https:\\\/\\\/www.ahotech.com\\\/sv\\\/product\\\/lifepo4-battery-cells\\\/#primaryimage\"},\"thumbnailUrl\":\"https:\\\/\\\/www.ahotech.com\\\/wp-content\\\/uploads\\\/2022\\\/02\\\/lifepo4-battery-1.jpg\",\"datePublished\":\"2022-02-21T07:50:49+00:00\",\"dateModified\":\"2022-02-22T03:19:39+00:00\",\"breadcrumb\":{\"@id\":\"https:\\\/\\\/www.ahotech.com\\\/sv\\\/product\\\/lifepo4-battery-cells\\\/#breadcrumb\"},\"inLanguage\":\"es\",\"potentialAction\":[{\"@type\":\"ReadAction\",\"target\":[\"https:\\\/\\\/www.ahotech.com\\\/sv\\\/product\\\/lifepo4-battery-cells\\\/\"]}]},{\"@type\":\"ImageObject\",\"inLanguage\":\"es\",\"@id\":\"https:\\\/\\\/www.ahotech.com\\\/sv\\\/product\\\/lifepo4-battery-cells\\\/#primaryimage\",\"url\":\"https:\\\/\\\/www.ahotech.com\\\/wp-content\\\/uploads\\\/2022\\\/02\\\/lifepo4-battery-1.jpg\",\"contentUrl\":\"https:\\\/\\\/www.ahotech.com\\\/wp-content\\\/uploads\\\/2022\\\/02\\\/lifepo4-battery-1.jpg\",\"width\":800,\"height\":800,\"caption\":\"lifepo4 battery\"},{\"@type\":\"BreadcrumbList\",\"@id\":\"https:\\\/\\\/www.ahotech.com\\\/sv\\\/product\\\/lifepo4-battery-cells\\\/#breadcrumb\",\"itemListElement\":[{\"@type\":\"ListItem\",\"position\":1,\"name\":\"Home\",\"item\":\"https:\\\/\\\/de.ahotech.com\\\/\"},{\"@type\":\"ListItem\",\"position\":2,\"name\":\"Store\",\"item\":\"https:\\\/\\\/de.ahotech.com\\\/speichern\\\/\"},{\"@type\":\"ListItem\",\"position\":3,\"name\":\"lifepo4 battery cells\"}]},{\"@type\":\"WebSite\",\"@id\":\"https:\\\/\\\/www.ahotech.com\\\/#website\",\"url\":\"https:\\\/\\\/www.ahotech.com\\\/\",\"name\":\"Ahotech.com\",\"description\":\"lithium battery manufacturers\",\"publisher\":{\"@id\":\"https:\\\/\\\/www.ahotech.com\\\/#organization\"},\"potentialAction\":[{\"@type\":\"SearchAction\",\"target\":{\"@type\":\"EntryPoint\",\"urlTemplate\":\"https:\\\/\\\/www.ahotech.com\\\/?s={search_term_string}\"},\"query-input\":{\"@type\":\"PropertyValueSpecification\",\"valueRequired\":true,\"valueName\":\"search_term_string\"}}],\"inLanguage\":\"es\"},{\"@type\":\"Organization\",\"@id\":\"https:\\\/\\\/www.ahotech.com\\\/#organization\",\"name\":\"Ahotech.com\",\"url\":\"https:\\\/\\\/www.ahotech.com\\\/\",\"logo\":{\"@type\":\"ImageObject\",\"inLanguage\":\"es\",\"@id\":\"https:\\\/\\\/www.ahotech.com\\\/#\\\/schema\\\/logo\\\/image\\\/\",\"url\":\"https:\\\/\\\/www.ahotech.com\\\/wp-content\\\/uploads\\\/2021\\\/10\\\/battery-site-logo.jpg\",\"contentUrl\":\"https:\\\/\\\/www.ahotech.com\\\/wp-content\\\/uploads\\\/2021\\\/10\\\/battery-site-logo.jpg\",\"width\":1297,\"height\":465,\"caption\":\"Ahotech.com\"},\"image\":{\"@id\":\"https:\\\/\\\/www.ahotech.com\\\/#\\\/schema\\\/logo\\\/image\\\/\"}}]}<\/script>\n<!-- \/ Yoast SEO plugin. -->","yoast_head_json":{"title":"Celdas de bater\u00eda Lifepo4 - Ahotech.com","robots":{"index":"index","follow":"follow","max-snippet":"max-snippet:-1","max-image-preview":"max-image-preview:large","max-video-preview":"max-video-preview:-1"},"canonical":"https:\/\/www.ahotech.com\/es\/producto\/celulas-de-bateria-lifepo4\/","og_locale":"es_ES","og_type":"article","og_title":"lifepo4 battery cells - Ahotech.com","og_description":"Model\uff1a26650-3200mAh-3.2V Standard Capacity\uff1a3200mAh 0.5C,(current value of 3200mA at 1C\uff09 Minimum Capacity\uff1a2900mAh 0.5C Standard Voltage\uff1a3.2 V Alternating Internal Resistance\uff1a\u226415m\u03a9 Cut-off Voltage\uff1a3.65\u00b10.05V Cut-off Current\uff1a0.01C constant-current charge to 3.65V at 0.5C, constant voltage charge to stop until 0.01C m A. Max. Charging Current\uff1a9A Discharge Cut-off Voltage\uff1a2.5V Standard Discharge Current\uff1a6A Fast Discharge Cur\uff1a15A This current is the maximum current recommended for the combination of cells, and the specific value should be determined according to the combination structure. The maximum operating current is set at a temperature not exceeding 60 \u2103. Max. Continuous Discharge Current\uff1a32A Only for singl Pulse Discharge Current\uff1a45A\uff0c5s Cycle Characteristic\uff1aThe residual capacity is no less than 80% of rated capacity at 1C\/3C rate. 1500 times\uff08100%DOD\uff09 3000 times\uff0880%DOD\uff09 5000 times\uff0850%DOD\uff09 Working Temperature\uff1aCharge\uff1a0\u2103\uff5e55\u2103 Discharge\uff1a-20\u2103\uff5e60\u2103 Storage Temperature\uff1a-20\u2103\uff5e55\u2103 Short-term storage (&lt; 3 months\uff09  size:","og_url":"https:\/\/www.ahotech.com\/es\/producto\/celulas-de-bateria-lifepo4\/","og_site_name":"Ahotech.com","article_modified_time":"2022-02-22T03:19:39+00:00","og_image":[{"width":800,"height":800,"url":"https:\/\/www.ahotech.com\/wp-content\/uploads\/2022\/02\/lifepo4-battery-1.jpg","type":"image\/jpeg"}],"twitter_card":"summary_large_image","twitter_misc":{"Tiempo de lectura":"2 minutos"},"schema":{"@context":"https:\/\/schema.org","@graph":[{"@type":"WebPage","@id":"https:\/\/www.ahotech.com\/sv\/product\/lifepo4-battery-cells\/","url":"https:\/\/www.ahotech.com\/sv\/product\/lifepo4-battery-cells\/","name":"Celdas de bater\u00eda Lifepo4 - Ahotech.com","isPartOf":{"@id":"https:\/\/www.ahotech.com\/#website"},"primaryImageOfPage":{"@id":"https:\/\/www.ahotech.com\/sv\/product\/lifepo4-battery-cells\/#primaryimage"},"image":{"@id":"https:\/\/www.ahotech.com\/sv\/product\/lifepo4-battery-cells\/#primaryimage"},"thumbnailUrl":"https:\/\/www.ahotech.com\/wp-content\/uploads\/2022\/02\/lifepo4-battery-1.jpg","datePublished":"2022-02-21T07:50:49+00:00","dateModified":"2022-02-22T03:19:39+00:00","breadcrumb":{"@id":"https:\/\/www.ahotech.com\/sv\/product\/lifepo4-battery-cells\/#breadcrumb"},"inLanguage":"es","potentialAction":[{"@type":"ReadAction","target":["https:\/\/www.ahotech.com\/sv\/product\/lifepo4-battery-cells\/"]}]},{"@type":"ImageObject","inLanguage":"es","@id":"https:\/\/www.ahotech.com\/sv\/product\/lifepo4-battery-cells\/#primaryimage","url":"https:\/\/www.ahotech.com\/wp-content\/uploads\/2022\/02\/lifepo4-battery-1.jpg","contentUrl":"https:\/\/www.ahotech.com\/wp-content\/uploads\/2022\/02\/lifepo4-battery-1.jpg","width":800,"height":800,"caption":"lifepo4 battery"},{"@type":"BreadcrumbList","@id":"https:\/\/www.ahotech.com\/sv\/product\/lifepo4-battery-cells\/#breadcrumb","itemListElement":[{"@type":"ListItem","position":1,"name":"Home","item":"https:\/\/de.ahotech.com\/"},{"@type":"ListItem","position":2,"name":"Store","item":"https:\/\/de.ahotech.com\/speichern\/"},{"@type":"ListItem","position":3,"name":"lifepo4 battery cells"}]},{"@type":"WebSite","@id":"https:\/\/www.ahotech.com\/#website","url":"https:\/\/www.ahotech.com\/","name":"Ahotech.com","description":"fabricantes de bater\u00edas de litio","publisher":{"@id":"https:\/\/www.ahotech.com\/#organization"},"potentialAction":[{"@type":"SearchAction","target":{"@type":"EntryPoint","urlTemplate":"https:\/\/www.ahotech.com\/?s={search_term_string}"},"query-input":{"@type":"PropertyValueSpecification","valueRequired":true,"valueName":"search_term_string"}}],"inLanguage":"es"},{"@type":"Organization","@id":"https:\/\/www.ahotech.com\/#organization","name":"Ahotech.com","url":"https:\/\/www.ahotech.com\/","logo":{"@type":"ImageObject","inLanguage":"es","@id":"https:\/\/www.ahotech.com\/#\/schema\/logo\/image\/","url":"https:\/\/www.ahotech.com\/wp-content\/uploads\/2021\/10\/battery-site-logo.jpg","contentUrl":"https:\/\/www.ahotech.com\/wp-content\/uploads\/2021\/10\/battery-site-logo.jpg","width":1297,"height":465,"caption":"Ahotech.com"},"image":{"@id":"https:\/\/www.ahotech.com\/#\/schema\/logo\/image\/"}}]}},"_links":{"self":[{"href":"https:\/\/www.ahotech.com\/es\/wp-json\/wp\/v2\/product\/4272","targetHints":{"allow":["GET"]}}],"collection":[{"href":"https:\/\/www.ahotech.com\/es\/wp-json\/wp\/v2\/product"}],"about":[{"href":"https:\/\/www.ahotech.com\/es\/wp-json\/wp\/v2\/types\/product"}],"version-history":[{"count":2,"href":"https:\/\/www.ahotech.com\/es\/wp-json\/wp\/v2\/product\/4272\/revisions"}],"predecessor-version":[{"id":4281,"href":"https:\/\/www.ahotech.com\/es\/wp-json\/wp\/v2\/product\/4272\/revisions\/4281"}],"wp:featuredmedia":[{"embeddable":true,"href":"https:\/\/www.ahotech.com\/es\/wp-json\/wp\/v2\/media\/4276"}],"wp:attachment":[{"href":"https:\/\/www.ahotech.com\/es\/wp-json\/wp\/v2\/media?parent=4272"}],"wp:term":[{"taxonomy":"product_brand","embeddable":true,"href":"https:\/\/www.ahotech.com\/es\/wp-json\/wp\/v2\/product_brand?post=4272"},{"taxonomy":"product_cat","embeddable":true,"href":"https:\/\/www.ahotech.com\/es\/wp-json\/wp\/v2\/product_cat?post=4272"},{"taxonomy":"product_tag","embeddable":true,"href":"https:\/\/www.ahotech.com\/es\/wp-json\/wp\/v2\/product_tag?post=4272"}],"curies":[{"name":"wp","href":"https:\/\/api.w.org\/{rel}","templated":true}]}}