{"id":4259,"date":"2022-02-21T06:52:13","date_gmt":"2022-02-21T06:52:13","guid":{"rendered":"https:\/\/www.ahotech.com\/?post_type=product&#038;p=4259"},"modified":"2022-02-25T06:28:51","modified_gmt":"2022-02-25T06:28:51","slug":"bateria-lifepo4-de-32-v","status":"publish","type":"product","link":"https:\/\/www.ahotech.com\/es\/product\/3-2v-lifepo4-battery\/","title":{"rendered":"Bater\u00eda lifepo4 de 3,2 V"},"content":{"rendered":"<p><a href=\"https:\/\/www.ahotech.com\/es\/producto\/bateria-lifepo4\/\">Bater\u00eda Lifepo4<\/a> Presenta una serie de ventajas \u00fanicas, como alto voltaje de trabajo, alta densidad energ\u00e9tica, larga vida \u00fatil, protecci\u00f3n ambiental ecol\u00f3gica y expansi\u00f3n continua. Tras formar un sistema de almacenamiento de energ\u00eda, puede utilizarse para el almacenamiento de energ\u00eda el\u00e9ctrica a gran escala. El sistema de almacenamiento de energ\u00eda de bater\u00edas de fosfato de hierro y litio consta de un paquete de bater\u00edas de fosfato de hierro y litio, un sistema de gesti\u00f3n de bater\u00edas (BMS), un dispositivo convertidor (rectificador, inversor), un sistema de monitoreo central, un transformador, etc.<\/p>\n<p>Adem\u00e1s, admite una expansi\u00f3n continua y es adecuado para el almacenamiento de energ\u00eda a gran escala. Tiene buenas perspectivas de aplicaci\u00f3n en \u00e1reas como la seguridad de la generaci\u00f3n de energ\u00eda y la conexi\u00f3n a la red de centrales de energ\u00eda renovable, la regulaci\u00f3n de picos de la red el\u00e9ctrica, las centrales el\u00e9ctricas distribuidas, el suministro de energ\u00eda SAI (UPS), los sistemas de energ\u00eda de emergencia, etc.<br \/>\nCurva caracter\u00edstica de la celda de iones de litio 26650-3600 mAh-3,2 V:<\/p>\n<p><img fetchpriority=\"high\" decoding=\"async\" class=\"alignnone size-medium wp-image-4265\" src=\"https:\/\/www.ahotech.com\/wp-content\/uploads\/2022\/02\/lifepo4-battery-Characteristics-Curve--300x175.png\" alt=\"Curva de caracter\u00edsticas de la bater\u00eda lifepo4 \" width=\"300\" height=\"175\" srcset=\"https:\/\/www.ahotech.com\/wp-content\/uploads\/2022\/02\/lifepo4-battery-Characteristics-Curve--300x175.png 300w, https:\/\/www.ahotech.com\/wp-content\/uploads\/2022\/02\/lifepo4-battery-Characteristics-Curve--1024x597.png 1024w, https:\/\/www.ahotech.com\/wp-content\/uploads\/2022\/02\/lifepo4-battery-Characteristics-Curve--768x448.png 768w, https:\/\/www.ahotech.com\/wp-content\/uploads\/2022\/02\/lifepo4-battery-Characteristics-Curve--600x350.png 600w, https:\/\/www.ahotech.com\/wp-content\/uploads\/2022\/02\/lifepo4-battery-Characteristics-Curve-.png 1058w\" sizes=\"(max-width: 300px) 100vw, 300px\" \/><\/p>\n<p>Caracter\u00edsticas el\u00e9ctricas<\/p>\n<p>1. Capacidad de descarga a temperatura normal: Tras la carga completa, el experimento puede suspenderse durante 10 minutos; una descarga de 0,2 \u00b0C a 2,5 V permite cinco repeticiones. Cuando el alcance de tres experimentos consecutivos es inferior a 31 TP3T de la capacidad nominal, el experimento puede completarse con antelaci\u00f3n y se puede obtener el valor m\u00e1ximo de los resultados de la prueba.<\/p>\n<p>2. Rendimiento de descarga a diferentes temperaturas: Tras la carga est\u00e1ndar de bater\u00edas normales, deben almacenarse al menos 12 horas a una temperatura constante de -20 \u00b0C, -10 \u00b0C, 0 \u00b0C, 10 \u00b0C y 25 \u00b0C, respectivamente, y 5 horas a 60 \u00b0C. A continuaci\u00f3n, descargue con una corriente de 0,5 \u00b0C hasta alcanzar la tensi\u00f3n de terminaci\u00f3n correspondiente. Si la temperatura ambiente es superior a 15 \u00b0C, la tensi\u00f3n de terminaci\u00f3n es de 2,5 V; si es inferior a 15 \u00b0C, es de 2,0 V.<\/p>\n<p>&nbsp;<\/p>","protected":false},"excerpt":{"rendered":"<p>Modelo: Celda de iones de litio 26650-3600 mAh-3,2 V<br \/>\nCapacidad est\u00e1ndar: 3600 mAh 0,2 C (valor actual de 3600 mA a 1 C)<br \/>\nCapacidad m\u00ednima: 3550 mAh 0,2<br \/>\nVoltaje est\u00e1ndar: 3,2 V<br \/>\nResistencia interna alterna: \u226425 m\u03a9<br \/>\nCondiciones de carga: Voltaje de corte 3,65 \u00b1 0,05 V Corriente de corte 0,01 C carga de corriente constante a 3,65 V a 0,5 C, carga de voltaje constante para detenerse hasta 0,01 C mA<br \/>\nCorriente m\u00e1xima de carga: 3,6 A<br \/>\nVoltaje de corte de descarga: 2,5 V<br \/>\nCorriente de descarga est\u00e1ndar: 1,8 A<br \/>\nCorriente de descarga r\u00e1pida: 3,6 A. Esta corriente es la m\u00e1xima recomendada para la combinaci\u00f3n de celdas, y el valor espec\u00edfico debe determinarse seg\u00fan la estructura de la combinaci\u00f3n. La corriente m\u00e1xima de funcionamiento se establece a una temperatura que no supere los 60 \u00b0C.<br \/>\nCorriente m\u00e1xima de descarga continua: 10,8 A (solo para celdas individuales)<br \/>\nCorriente de descarga de pulso: 20 A, 5 s<br \/>\nCaracter\u00edstica del ciclo: 2000 veces (100%DOD), 4000 veces (80%DOD), 7000 veces (50%DOD), la capacidad residual no es inferior a 80% de la capacidad nominal a una velocidad de 1C.<\/p>\n<p>Tama\u00f1o de la imagen:<\/p>\n<p><img decoding=\"async\" class=\"alignnone size-medium wp-image-4266\" src=\"https:\/\/www.ahotech.com\/wp-content\/uploads\/2022\/02\/Lithium-iron-phosphate-battery-Size-300x219.png\" alt=\"Tama\u00f1o de la bater\u00eda de fosfato de hierro y litio\" width=\"300\" height=\"219\" srcset=\"https:\/\/www.ahotech.com\/wp-content\/uploads\/2022\/02\/Lithium-iron-phosphate-battery-Size-300x219.png 300w, https:\/\/www.ahotech.com\/wp-content\/uploads\/2022\/02\/Lithium-iron-phosphate-battery-Size.png 572w\" sizes=\"(max-width: 300px) 100vw, 300px\" \/><\/p>\n<p>&nbsp;<\/p>","protected":false},"featured_media":4261,"template":"","meta":{"_acf_changed":false,"site-sidebar-layout":"default","site-content-layout":"default","ast-site-content-layout":"","site-content-style":"default","site-sidebar-style":"default","ast-global-header-display":"","ast-banner-title-visibility":"","ast-main-header-display":"","ast-hfb-above-header-display":"","ast-hfb-below-header-display":"","ast-hfb-mobile-header-display":"","site-post-title":"","ast-breadcrumbs-content":"","ast-featured-img":"","footer-sml-layout":"","theme-transparent-header-meta":"default","adv-header-id-meta":"","stick-header-meta":"","header-above-stick-meta":"","header-main-stick-meta":"","header-below-stick-meta":"","astra-migrate-meta-layouts":"default","ast-page-background-enabled":"default","ast-page-background-meta":{"desktop":{"background-color":"","background-image":"","background-repeat":"repeat","background-position":"center center","background-size":"auto","background-attachment":"scroll","background-type":"","background-media":"","overlay-type":"","overlay-color":"","overlay-opacity":"","overlay-gradient":""},"tablet":{"background-color":"","background-image":"","background-repeat":"repeat","background-position":"center center","background-size":"auto","background-attachment":"scroll","background-type":"","background-media":"","overlay-type":"","overlay-color":"","overlay-opacity":"","overlay-gradient":""},"mobile":{"background-color":"","background-image":"","background-repeat":"repeat","background-position":"center center","background-size":"auto","background-attachment":"scroll","background-type":"","background-media":"","overlay-type":"","overlay-color":"","overlay-opacity":"","overlay-gradient":""}},"ast-content-background-meta":{"desktop":{"background-color":"var(--ast-global-color-5)","background-image":"","background-repeat":"repeat","background-position":"center center","background-size":"auto","background-attachment":"scroll","background-type":"","background-media":"","overlay-type":"","overlay-color":"","overlay-opacity":"","overlay-gradient":""},"tablet":{"background-color":"var(--ast-global-color-5)","background-image":"","background-repeat":"repeat","background-position":"center center","background-size":"auto","background-attachment":"scroll","background-type":"","background-media":"","overlay-type":"","overlay-color":"","overlay-opacity":"","overlay-gradient":""},"mobile":{"background-color":"var(--ast-global-color-5)","background-image":"","background-repeat":"repeat","background-position":"center center","background-size":"auto","background-attachment":"scroll","background-type":"","background-media":"","overlay-type":"","overlay-color":"","overlay-opacity":"","overlay-gradient":""}}},"product_brand":[],"product_cat":[40,41],"product_tag":[],"class_list":{"0":"post-4259","1":"product","2":"type-product","3":"status-publish","4":"has-post-thumbnail","6":"product_cat-lifepo4-battery","7":"product_cat-rechargeable-lithium-battery","8":"desktop-align-left","9":"tablet-align-left","10":"mobile-align-left","12":"first","13":"instock","14":"shipping-taxable","15":"product-type-simple"},"acf":[],"yoast_head":"<!-- This site is optimized with the Yoast SEO plugin v27.3 - https:\/\/yoast.com\/product\/yoast-seo-wordpress\/ -->\n<title>3.2V lifepo4 battery - Ahotech.com<\/title>\n<meta name=\"robots\" content=\"index, follow, max-snippet:-1, max-image-preview:large, max-video-preview:-1\" \/>\n<link rel=\"canonical\" href=\"https:\/\/www.ahotech.com\/es\/producto\/bateria-lifepo4-de-32-v\/\" \/>\n<meta property=\"og:locale\" content=\"es_ES\" \/>\n<meta property=\"og:type\" content=\"article\" \/>\n<meta property=\"og:title\" content=\"3.2V lifepo4 battery - Ahotech.com\" \/>\n<meta property=\"og:description\" content=\"Model\uff1aLithium-ion Cell 26650-3600mAh-3.2V Standard Capacity\uff1a3600mAh 0.2C,( current value of 3600mA at 1C\uff09 Minimum Capacity\uff1a3550mAh 0.2 Standard Voltage\uff1a3.2 V Alternating Internal Resistance\uff1a \u226425m\u03a9 Charge Conditions\uff1aCut-off Voltage 3.65\u00b10.05V Cut-off Current 0.01C constant-current charge to 3.65V at 0.5C, constant voltage charge to stop until 0.01C mA Max. Charging Current\uff1a3.6A Discharge Cut-off Voltage\uff1a2.5V Standard Discharge Current\uff1a1.8A Fast Discharge Curre\uff1a3.6A This current is the maximum current recommended for the combination of cells, and the specific value should be determined according to the combination structure. The maximum operating current is set at a temperature not exceeding 60 \u2103. Max. Continuous Discharge Current: 10.8A Only for single cell Pulse Discharge Current\uff1a20A\uff0c5s Cycle Characteristic\uff1a2000 times\uff08100%DOD\uff09 4000 times\uff0880%DOD\uff09 7000 times\uff0850%DOD\uff09the residual capacity is no less than 80% of rated capacity at 1C rate.  Size picture\uff1a    &nbsp;\" \/>\n<meta property=\"og:url\" content=\"https:\/\/www.ahotech.com\/es\/producto\/bateria-lifepo4-de-32-v\/\" \/>\n<meta property=\"og:site_name\" content=\"Ahotech.com\" \/>\n<meta property=\"article:modified_time\" content=\"2022-02-25T06:28:51+00:00\" \/>\n<meta property=\"og:image\" content=\"https:\/\/www.ahotech.com\/wp-content\/uploads\/2022\/02\/lifepo4-lithium-ion-battery.jpg\" \/>\n\t<meta property=\"og:image:width\" content=\"800\" \/>\n\t<meta property=\"og:image:height\" content=\"800\" \/>\n\t<meta property=\"og:image:type\" content=\"image\/jpeg\" \/>\n<meta name=\"twitter:card\" content=\"summary_large_image\" \/>\n<meta name=\"twitter:label1\" content=\"Tiempo de lectura\" \/>\n\t<meta name=\"twitter:data1\" content=\"2 minutos\" \/>\n<script type=\"application\/ld+json\" class=\"yoast-schema-graph\">{\"@context\":\"https:\\\/\\\/schema.org\",\"@graph\":[{\"@type\":\"WebPage\",\"@id\":\"https:\\\/\\\/www.ahotech.com\\\/es\\\/producto\\\/bateria-lifepo4-de-32-v\\\/\",\"url\":\"https:\\\/\\\/www.ahotech.com\\\/es\\\/producto\\\/bateria-lifepo4-de-32-v\\\/\",\"name\":\"3.2V lifepo4 battery - Ahotech.com\",\"isPartOf\":{\"@id\":\"https:\\\/\\\/www.ahotech.com\\\/es\\\/#website\"},\"primaryImageOfPage\":{\"@id\":\"https:\\\/\\\/www.ahotech.com\\\/es\\\/producto\\\/bateria-lifepo4-de-32-v\\\/#primaryimage\"},\"image\":{\"@id\":\"https:\\\/\\\/www.ahotech.com\\\/es\\\/producto\\\/bateria-lifepo4-de-32-v\\\/#primaryimage\"},\"thumbnailUrl\":\"https:\\\/\\\/www.ahotech.com\\\/wp-content\\\/uploads\\\/2022\\\/02\\\/lifepo4-lithium-ion-battery.jpg\",\"datePublished\":\"2022-02-21T06:52:13+00:00\",\"dateModified\":\"2022-02-25T06:28:51+00:00\",\"breadcrumb\":{\"@id\":\"https:\\\/\\\/www.ahotech.com\\\/es\\\/producto\\\/bateria-lifepo4-de-32-v\\\/#breadcrumb\"},\"inLanguage\":\"es\",\"potentialAction\":[{\"@type\":\"ReadAction\",\"target\":[\"https:\\\/\\\/www.ahotech.com\\\/es\\\/producto\\\/bateria-lifepo4-de-32-v\\\/\"]}]},{\"@type\":\"ImageObject\",\"inLanguage\":\"es\",\"@id\":\"https:\\\/\\\/www.ahotech.com\\\/es\\\/producto\\\/bateria-lifepo4-de-32-v\\\/#primaryimage\",\"url\":\"https:\\\/\\\/www.ahotech.com\\\/wp-content\\\/uploads\\\/2022\\\/02\\\/lifepo4-lithium-ion-battery.jpg\",\"contentUrl\":\"https:\\\/\\\/www.ahotech.com\\\/wp-content\\\/uploads\\\/2022\\\/02\\\/lifepo4-lithium-ion-battery.jpg\",\"width\":800,\"height\":800,\"caption\":\"lifepo4 lithium ion battery\"},{\"@type\":\"BreadcrumbList\",\"@id\":\"https:\\\/\\\/www.ahotech.com\\\/es\\\/producto\\\/bateria-lifepo4-de-32-v\\\/#breadcrumb\",\"itemListElement\":[{\"@type\":\"ListItem\",\"position\":1,\"name\":\"Home\",\"item\":\"https:\\\/\\\/www.ahotech.com\\\/es\\\/\"},{\"@type\":\"ListItem\",\"position\":2,\"name\":\"Store\",\"item\":\"https:\\\/\\\/www.ahotech.com\\\/es\\\/store\\\/\"},{\"@type\":\"ListItem\",\"position\":3,\"name\":\"3.2V lifepo4 battery\"}]},{\"@type\":\"WebSite\",\"@id\":\"https:\\\/\\\/www.ahotech.com\\\/es\\\/#website\",\"url\":\"https:\\\/\\\/www.ahotech.com\\\/es\\\/\",\"name\":\"Ahotech.com\",\"description\":\"lithium battery manufacturers\",\"publisher\":{\"@id\":\"https:\\\/\\\/www.ahotech.com\\\/es\\\/#organization\"},\"potentialAction\":[{\"@type\":\"SearchAction\",\"target\":{\"@type\":\"EntryPoint\",\"urlTemplate\":\"https:\\\/\\\/www.ahotech.com\\\/es\\\/?s={search_term_string}\"},\"query-input\":{\"@type\":\"PropertyValueSpecification\",\"valueRequired\":true,\"valueName\":\"search_term_string\"}}],\"inLanguage\":\"es\"},{\"@type\":\"Organization\",\"@id\":\"https:\\\/\\\/www.ahotech.com\\\/es\\\/#organization\",\"name\":\"Ahotech.com\",\"url\":\"https:\\\/\\\/www.ahotech.com\\\/es\\\/\",\"logo\":{\"@type\":\"ImageObject\",\"inLanguage\":\"es\",\"@id\":\"https:\\\/\\\/www.ahotech.com\\\/es\\\/#\\\/schema\\\/logo\\\/image\\\/\",\"url\":\"https:\\\/\\\/www.ahotech.com\\\/wp-content\\\/uploads\\\/2021\\\/10\\\/battery-site-logo.jpg\",\"contentUrl\":\"https:\\\/\\\/www.ahotech.com\\\/wp-content\\\/uploads\\\/2021\\\/10\\\/battery-site-logo.jpg\",\"width\":1297,\"height\":465,\"caption\":\"Ahotech.com\"},\"image\":{\"@id\":\"https:\\\/\\\/www.ahotech.com\\\/es\\\/#\\\/schema\\\/logo\\\/image\\\/\"}}]}<\/script>\n<!-- \/ Yoast SEO plugin. -->","yoast_head_json":{"title":"Bater\u00eda Lifepo4 de 3,2 V - Ahotech.com","robots":{"index":"index","follow":"follow","max-snippet":"max-snippet:-1","max-image-preview":"max-image-preview:large","max-video-preview":"max-video-preview:-1"},"canonical":"https:\/\/www.ahotech.com\/es\/producto\/bateria-lifepo4-de-32-v\/","og_locale":"es_ES","og_type":"article","og_title":"3.2V lifepo4 battery - Ahotech.com","og_description":"Model\uff1aLithium-ion Cell 26650-3600mAh-3.2V Standard Capacity\uff1a3600mAh 0.2C,( current value of 3600mA at 1C\uff09 Minimum Capacity\uff1a3550mAh 0.2 Standard Voltage\uff1a3.2 V Alternating Internal Resistance\uff1a \u226425m\u03a9 Charge Conditions\uff1aCut-off Voltage 3.65\u00b10.05V Cut-off Current 0.01C constant-current charge to 3.65V at 0.5C, constant voltage charge to stop until 0.01C mA Max. Charging Current\uff1a3.6A Discharge Cut-off Voltage\uff1a2.5V Standard Discharge Current\uff1a1.8A Fast Discharge Curre\uff1a3.6A This current is the maximum current recommended for the combination of cells, and the specific value should be determined according to the combination structure. The maximum operating current is set at a temperature not exceeding 60 \u2103. Max. Continuous Discharge Current: 10.8A Only for single cell Pulse Discharge Current\uff1a20A\uff0c5s Cycle Characteristic\uff1a2000 times\uff08100%DOD\uff09 4000 times\uff0880%DOD\uff09 7000 times\uff0850%DOD\uff09the residual capacity is no less than 80% of rated capacity at 1C rate.  Size picture\uff1a    &nbsp;","og_url":"https:\/\/www.ahotech.com\/es\/producto\/bateria-lifepo4-de-32-v\/","og_site_name":"Ahotech.com","article_modified_time":"2022-02-25T06:28:51+00:00","og_image":[{"width":800,"height":800,"url":"https:\/\/www.ahotech.com\/wp-content\/uploads\/2022\/02\/lifepo4-lithium-ion-battery.jpg","type":"image\/jpeg"}],"twitter_card":"summary_large_image","twitter_misc":{"Tiempo de lectura":"2 minutos"},"schema":{"@context":"https:\/\/schema.org","@graph":[{"@type":"WebPage","@id":"https:\/\/www.ahotech.com\/es\/producto\/bateria-lifepo4-de-32-v\/","url":"https:\/\/www.ahotech.com\/es\/producto\/bateria-lifepo4-de-32-v\/","name":"Bater\u00eda Lifepo4 de 3,2 V - Ahotech.com","isPartOf":{"@id":"https:\/\/www.ahotech.com\/es\/#website"},"primaryImageOfPage":{"@id":"https:\/\/www.ahotech.com\/es\/producto\/bateria-lifepo4-de-32-v\/#primaryimage"},"image":{"@id":"https:\/\/www.ahotech.com\/es\/producto\/bateria-lifepo4-de-32-v\/#primaryimage"},"thumbnailUrl":"https:\/\/www.ahotech.com\/wp-content\/uploads\/2022\/02\/lifepo4-lithium-ion-battery.jpg","datePublished":"2022-02-21T06:52:13+00:00","dateModified":"2022-02-25T06:28:51+00:00","breadcrumb":{"@id":"https:\/\/www.ahotech.com\/es\/producto\/bateria-lifepo4-de-32-v\/#breadcrumb"},"inLanguage":"es","potentialAction":[{"@type":"ReadAction","target":["https:\/\/www.ahotech.com\/es\/producto\/bateria-lifepo4-de-32-v\/"]}]},{"@type":"ImageObject","inLanguage":"es","@id":"https:\/\/www.ahotech.com\/es\/producto\/bateria-lifepo4-de-32-v\/#primaryimage","url":"https:\/\/www.ahotech.com\/wp-content\/uploads\/2022\/02\/lifepo4-lithium-ion-battery.jpg","contentUrl":"https:\/\/www.ahotech.com\/wp-content\/uploads\/2022\/02\/lifepo4-lithium-ion-battery.jpg","width":800,"height":800,"caption":"lifepo4 lithium ion battery"},{"@type":"BreadcrumbList","@id":"https:\/\/www.ahotech.com\/es\/producto\/bateria-lifepo4-de-32-v\/#breadcrumb","itemListElement":[{"@type":"ListItem","position":1,"name":"Home","item":"https:\/\/www.ahotech.com\/es\/"},{"@type":"ListItem","position":2,"name":"Store","item":"https:\/\/www.ahotech.com\/es\/store\/"},{"@type":"ListItem","position":3,"name":"3.2V lifepo4 battery"}]},{"@type":"WebSite","@id":"https:\/\/www.ahotech.com\/es\/#website","url":"https:\/\/www.ahotech.com\/es\/","name":"Ahotech.com","description":"fabricantes de bater\u00edas de litio","publisher":{"@id":"https:\/\/www.ahotech.com\/es\/#organization"},"potentialAction":[{"@type":"SearchAction","target":{"@type":"EntryPoint","urlTemplate":"https:\/\/www.ahotech.com\/es\/?s={search_term_string}"},"query-input":{"@type":"PropertyValueSpecification","valueRequired":true,"valueName":"search_term_string"}}],"inLanguage":"es"},{"@type":"Organization","@id":"https:\/\/www.ahotech.com\/es\/#organization","name":"Ahotech.com","url":"https:\/\/www.ahotech.com\/es\/","logo":{"@type":"ImageObject","inLanguage":"es","@id":"https:\/\/www.ahotech.com\/es\/#\/schema\/logo\/image\/","url":"https:\/\/www.ahotech.com\/wp-content\/uploads\/2021\/10\/battery-site-logo.jpg","contentUrl":"https:\/\/www.ahotech.com\/wp-content\/uploads\/2021\/10\/battery-site-logo.jpg","width":1297,"height":465,"caption":"Ahotech.com"},"image":{"@id":"https:\/\/www.ahotech.com\/es\/#\/schema\/logo\/image\/"}}]}},"_links":{"self":[{"href":"https:\/\/www.ahotech.com\/es\/wp-json\/wp\/v2\/product\/4259","targetHints":{"allow":["GET"]}}],"collection":[{"href":"https:\/\/www.ahotech.com\/es\/wp-json\/wp\/v2\/product"}],"about":[{"href":"https:\/\/www.ahotech.com\/es\/wp-json\/wp\/v2\/types\/product"}],"version-history":[{"count":4,"href":"https:\/\/www.ahotech.com\/es\/wp-json\/wp\/v2\/product\/4259\/revisions"}],"predecessor-version":[{"id":4328,"href":"https:\/\/www.ahotech.com\/es\/wp-json\/wp\/v2\/product\/4259\/revisions\/4328"}],"wp:featuredmedia":[{"embeddable":true,"href":"https:\/\/www.ahotech.com\/es\/wp-json\/wp\/v2\/media\/4261"}],"wp:attachment":[{"href":"https:\/\/www.ahotech.com\/es\/wp-json\/wp\/v2\/media?parent=4259"}],"wp:term":[{"taxonomy":"product_brand","embeddable":true,"href":"https:\/\/www.ahotech.com\/es\/wp-json\/wp\/v2\/product_brand?post=4259"},{"taxonomy":"product_cat","embeddable":true,"href":"https:\/\/www.ahotech.com\/es\/wp-json\/wp\/v2\/product_cat?post=4259"},{"taxonomy":"product_tag","embeddable":true,"href":"https:\/\/www.ahotech.com\/es\/wp-json\/wp\/v2\/product_tag?post=4259"}],"curies":[{"name":"wp","href":"https:\/\/api.w.org\/{rel}","templated":true}]}}