{"id":4135,"date":"2021-12-23T09:07:45","date_gmt":"2021-12-23T09:07:45","guid":{"rendered":"https:\/\/www.ahotech.com\/?post_type=product&#038;p=4135"},"modified":"2021-12-27T03:18:16","modified_gmt":"2021-12-27T03:18:16","slug":"bateria-de-litio-recargable-26650","status":"publish","type":"product","link":"https:\/\/www.ahotech.com\/es\/product\/rechargeable-lithium-battery-26650\/","title":{"rendered":"Bater\u00eda de litio recargable 26650"},"content":{"rendered":"<p>Bater\u00eda de litio recargable 26650<\/p>\n<p>Bater\u00eda de litio de alta capacidad, alta seguridad, resistencia interna, larga vida \u00fatil y alta calidad utilizada en todo tipo de equipos de combinaci\u00f3n de energ\u00eda;<\/p>\n<p>V\u00e1lvula de seguridad de autocomprobaci\u00f3n completa, a prueba de explosiones y fugas, utilizando un dise\u00f1o secundario a prueba de explosiones de inspecci\u00f3n completa, uso seguro y asegurado;<\/p>\n<p>Baja autodescarga, almacenamiento a largo plazo, utilizando tecnolog\u00eda de electricidad de bloqueo inteligente LSD, &quot;Baja autodescarga&quot; abreviatura de LSD, es decir, despu\u00e9s de una baja autodescarga completa, a\u00fan puede ahorrar alrededor de 85% de la cantidad el\u00e9ctrica, reducir efectivamente la p\u00e9rdida natural de cantidad el\u00e9ctrica.<\/p>\n<p>Reciclaje, protecci\u00f3n ambiental positiva, ahorro de energ\u00eda y protecci\u00f3n del medio ambiente, puede realizar un ciclo de carga de aproximadamente 1200 veces.<\/p>\n<p>Caja de acero niquelado, anticorrosi\u00f3n y brillante, tapa de electrodo positivo para mejorar la eficiencia de carga.<\/p>\n<p><img fetchpriority=\"high\" decoding=\"async\" class=\"alignnone size-medium wp-image-4142\" src=\"https:\/\/www.ahotech.com\/wp-content\/uploads\/2021\/12\/Rechargeable-lithium-battery-300x300.jpg\" alt=\"\" width=\"300\" height=\"300\" srcset=\"https:\/\/www.ahotech.com\/wp-content\/uploads\/2021\/12\/Rechargeable-lithium-battery-300x300.jpg 300w, https:\/\/www.ahotech.com\/wp-content\/uploads\/2021\/12\/Rechargeable-lithium-battery-150x150.jpg 150w, https:\/\/www.ahotech.com\/wp-content\/uploads\/2021\/12\/Rechargeable-lithium-battery-768x768.jpg 768w, https:\/\/www.ahotech.com\/wp-content\/uploads\/2021\/12\/Rechargeable-lithium-battery-600x600.jpg 600w, https:\/\/www.ahotech.com\/wp-content\/uploads\/2021\/12\/Rechargeable-lithium-battery-100x100.jpg 100w, https:\/\/www.ahotech.com\/wp-content\/uploads\/2021\/12\/Rechargeable-lithium-battery.jpg 800w\" sizes=\"(max-width: 300px) 100vw, 300px\" \/><\/p>\n<p>La celda se puede utilizar sola o el paquete de bater\u00edas se puede personalizar seg\u00fan los requisitos de voltaje y capacidad del cliente.<\/p>","protected":false},"excerpt":{"rendered":"<p>Modelo del producto: 26650<\/p>\n<p>Voltaje: 3,7 V<\/p>\n<p>Capacidad: 5500 mAh<\/p>\n<p>Temperatura de funcionamiento: -20\u00b0+60\u00b0<\/p>\n<p>Altura: 65 mm<\/p>\n<p>Di\u00e1metro: 26 mm<\/p>\n<p>Nota: Puede personalizar diferentes paquetes de bater\u00edas con diferentes voltajes, como 12 V y 24 V.<\/p>","protected":false},"featured_media":4137,"template":"","meta":{"_acf_changed":false,"site-sidebar-layout":"default","site-content-layout":"default","ast-site-content-layout":"","site-content-style":"default","site-sidebar-style":"default","ast-global-header-display":"","ast-banner-title-visibility":"","ast-main-header-display":"","ast-hfb-above-header-display":"","ast-hfb-below-header-display":"","ast-hfb-mobile-header-display":"","site-post-title":"","ast-breadcrumbs-content":"","ast-featured-img":"","footer-sml-layout":"","theme-transparent-header-meta":"default","adv-header-id-meta":"","stick-header-meta":"","header-above-stick-meta":"","header-main-stick-meta":"","header-below-stick-meta":"","astra-migrate-meta-layouts":"default","ast-page-background-enabled":"default","ast-page-background-meta":{"desktop":{"background-color":"","background-image":"","background-repeat":"repeat","background-position":"center center","background-size":"auto","background-attachment":"scroll","background-type":"","background-media":"","overlay-type":"","overlay-color":"","overlay-opacity":"","overlay-gradient":""},"tablet":{"background-color":"","background-image":"","background-repeat":"repeat","background-position":"center center","background-size":"auto","background-attachment":"scroll","background-type":"","background-media":"","overlay-type":"","overlay-color":"","overlay-opacity":"","overlay-gradient":""},"mobile":{"background-color":"","background-image":"","background-repeat":"repeat","background-position":"center center","background-size":"auto","background-attachment":"scroll","background-type":"","background-media":"","overlay-type":"","overlay-color":"","overlay-opacity":"","overlay-gradient":""}},"ast-content-background-meta":{"desktop":{"background-color":"var(--ast-global-color-5)","background-image":"","background-repeat":"repeat","background-position":"center center","background-size":"auto","background-attachment":"scroll","background-type":"","background-media":"","overlay-type":"","overlay-color":"","overlay-opacity":"","overlay-gradient":""},"tablet":{"background-color":"var(--ast-global-color-5)","background-image":"","background-repeat":"repeat","background-position":"center center","background-size":"auto","background-attachment":"scroll","background-type":"","background-media":"","overlay-type":"","overlay-color":"","overlay-opacity":"","overlay-gradient":""},"mobile":{"background-color":"var(--ast-global-color-5)","background-image":"","background-repeat":"repeat","background-position":"center center","background-size":"auto","background-attachment":"scroll","background-type":"","background-media":"","overlay-type":"","overlay-color":"","overlay-opacity":"","overlay-gradient":""}}},"product_brand":[],"product_cat":[41],"product_tag":[],"class_list":{"0":"post-4135","1":"product","2":"type-product","3":"status-publish","4":"has-post-thumbnail","6":"product_cat-rechargeable-lithium-battery","7":"desktop-align-left","8":"tablet-align-left","9":"mobile-align-left","11":"first","12":"instock","13":"shipping-taxable","14":"product-type-simple"},"acf":[],"yoast_head":"<!-- This site is optimized with the Yoast SEO plugin v27.3 - https:\/\/yoast.com\/product\/yoast-seo-wordpress\/ -->\n<title>Rechargeable lithium battery 26650 - Ahotech.com<\/title>\n<meta name=\"robots\" content=\"index, follow, max-snippet:-1, max-image-preview:large, max-video-preview:-1\" \/>\n<link rel=\"canonical\" href=\"https:\/\/www.ahotech.com\/es\/producto\/bateria-de-litio-recargable-26650\/\" \/>\n<meta property=\"og:locale\" content=\"es_ES\" \/>\n<meta property=\"og:type\" content=\"article\" \/>\n<meta property=\"og:title\" content=\"Rechargeable lithium battery 26650 - Ahotech.com\" \/>\n<meta property=\"og:description\" content=\"Product Model: 26650  Voltage: 3.7 V  Capacity: 5500 mah  Operating temperature: -20\u00b0+60\u00b0  Height: 65 mm  Diameter: 26 mm  Note: You can customize different battery packs with different voltages such as 12V and 24V\" \/>\n<meta property=\"og:url\" content=\"https:\/\/www.ahotech.com\/es\/producto\/bateria-de-litio-recargable-26650\/\" \/>\n<meta property=\"og:site_name\" content=\"Ahotech.com\" \/>\n<meta property=\"article:modified_time\" content=\"2021-12-27T03:18:16+00:00\" \/>\n<meta property=\"og:image\" content=\"https:\/\/www.ahotech.com\/wp-content\/uploads\/2021\/12\/Rechargeable-lithium-battery-26650\uff081\uff09.jpg\" \/>\n\t<meta property=\"og:image:width\" content=\"800\" \/>\n\t<meta property=\"og:image:height\" content=\"800\" \/>\n\t<meta property=\"og:image:type\" content=\"image\/jpeg\" \/>\n<meta name=\"twitter:card\" content=\"summary_large_image\" \/>\n<meta name=\"twitter:label1\" content=\"Tiempo de lectura\" \/>\n\t<meta name=\"twitter:data1\" content=\"1 minuto\" \/>\n<script type=\"application\/ld+json\" class=\"yoast-schema-graph\">{\"@context\":\"https:\\\/\\\/schema.org\",\"@graph\":[{\"@type\":\"WebPage\",\"@id\":\"https:\\\/\\\/www.ahotech.com\\\/ru\\\/%d0%bf%d1%80%d0%be%d0%b4%d1%83%d0%ba%d1%82\\\/%d0%bf%d0%b5%d1%80%d0%b5%d0%b7%d0%b0%d1%80%d1%8f%d0%b6%d0%b0%d0%b5%d0%bc%d0%b0%d1%8f-%d0%bb%d0%b8%d1%82%d0%b8%d0%b5%d0%b2%d0%b0%d1%8f-%d0%b1%d0%b0%d1%82%d0%b0%d1%80%d0%b5%d1%8f-26650\\\/\",\"url\":\"https:\\\/\\\/www.ahotech.com\\\/ru\\\/%d0%bf%d1%80%d0%be%d0%b4%d1%83%d0%ba%d1%82\\\/%d0%bf%d0%b5%d1%80%d0%b5%d0%b7%d0%b0%d1%80%d1%8f%d0%b6%d0%b0%d0%b5%d0%bc%d0%b0%d1%8f-%d0%bb%d0%b8%d1%82%d0%b8%d0%b5%d0%b2%d0%b0%d1%8f-%d0%b1%d0%b0%d1%82%d0%b0%d1%80%d0%b5%d1%8f-26650\\\/\",\"name\":\"Rechargeable lithium battery 26650 - Ahotech.com\",\"isPartOf\":{\"@id\":\"https:\\\/\\\/www.ahotech.com\\\/es\\\/#website\"},\"primaryImageOfPage\":{\"@id\":\"https:\\\/\\\/www.ahotech.com\\\/ru\\\/%d0%bf%d1%80%d0%be%d0%b4%d1%83%d0%ba%d1%82\\\/%d0%bf%d0%b5%d1%80%d0%b5%d0%b7%d0%b0%d1%80%d1%8f%d0%b6%d0%b0%d0%b5%d0%bc%d0%b0%d1%8f-%d0%bb%d0%b8%d1%82%d0%b8%d0%b5%d0%b2%d0%b0%d1%8f-%d0%b1%d0%b0%d1%82%d0%b0%d1%80%d0%b5%d1%8f-26650\\\/#primaryimage\"},\"image\":{\"@id\":\"https:\\\/\\\/www.ahotech.com\\\/ru\\\/%d0%bf%d1%80%d0%be%d0%b4%d1%83%d0%ba%d1%82\\\/%d0%bf%d0%b5%d1%80%d0%b5%d0%b7%d0%b0%d1%80%d1%8f%d0%b6%d0%b0%d0%b5%d0%bc%d0%b0%d1%8f-%d0%bb%d0%b8%d1%82%d0%b8%d0%b5%d0%b2%d0%b0%d1%8f-%d0%b1%d0%b0%d1%82%d0%b0%d1%80%d0%b5%d1%8f-26650\\\/#primaryimage\"},\"thumbnailUrl\":\"https:\\\/\\\/www.ahotech.com\\\/wp-content\\\/uploads\\\/2021\\\/12\\\/Rechargeable-lithium-battery-26650\uff081\uff09.jpg\",\"datePublished\":\"2021-12-23T09:07:45+00:00\",\"dateModified\":\"2021-12-27T03:18:16+00:00\",\"breadcrumb\":{\"@id\":\"https:\\\/\\\/www.ahotech.com\\\/ru\\\/%d0%bf%d1%80%d0%be%d0%b4%d1%83%d0%ba%d1%82\\\/%d0%bf%d0%b5%d1%80%d0%b5%d0%b7%d0%b0%d1%80%d1%8f%d0%b6%d0%b0%d0%b5%d0%bc%d0%b0%d1%8f-%d0%bb%d0%b8%d1%82%d0%b8%d0%b5%d0%b2%d0%b0%d1%8f-%d0%b1%d0%b0%d1%82%d0%b0%d1%80%d0%b5%d1%8f-26650\\\/#breadcrumb\"},\"inLanguage\":\"es\",\"potentialAction\":[{\"@type\":\"ReadAction\",\"target\":[\"https:\\\/\\\/www.ahotech.com\\\/ru\\\/%d0%bf%d1%80%d0%be%d0%b4%d1%83%d0%ba%d1%82\\\/%d0%bf%d0%b5%d1%80%d0%b5%d0%b7%d0%b0%d1%80%d1%8f%d0%b6%d0%b0%d0%b5%d0%bc%d0%b0%d1%8f-%d0%bb%d0%b8%d1%82%d0%b8%d0%b5%d0%b2%d0%b0%d1%8f-%d0%b1%d0%b0%d1%82%d0%b0%d1%80%d0%b5%d1%8f-26650\\\/\"]}]},{\"@type\":\"ImageObject\",\"inLanguage\":\"es\",\"@id\":\"https:\\\/\\\/www.ahotech.com\\\/ru\\\/%d0%bf%d1%80%d0%be%d0%b4%d1%83%d0%ba%d1%82\\\/%d0%bf%d0%b5%d1%80%d0%b5%d0%b7%d0%b0%d1%80%d1%8f%d0%b6%d0%b0%d0%b5%d0%bc%d0%b0%d1%8f-%d0%bb%d0%b8%d1%82%d0%b8%d0%b5%d0%b2%d0%b0%d1%8f-%d0%b1%d0%b0%d1%82%d0%b0%d1%80%d0%b5%d1%8f-26650\\\/#primaryimage\",\"url\":\"https:\\\/\\\/www.ahotech.com\\\/wp-content\\\/uploads\\\/2021\\\/12\\\/Rechargeable-lithium-battery-26650\uff081\uff09.jpg\",\"contentUrl\":\"https:\\\/\\\/www.ahotech.com\\\/wp-content\\\/uploads\\\/2021\\\/12\\\/Rechargeable-lithium-battery-26650\uff081\uff09.jpg\",\"width\":800,\"height\":800,\"caption\":\"Rechargeable lithium battery 26650\uff081\uff09\"},{\"@type\":\"BreadcrumbList\",\"@id\":\"https:\\\/\\\/www.ahotech.com\\\/ru\\\/%d0%bf%d1%80%d0%be%d0%b4%d1%83%d0%ba%d1%82\\\/%d0%bf%d0%b5%d1%80%d0%b5%d0%b7%d0%b0%d1%80%d1%8f%d0%b6%d0%b0%d0%b5%d0%bc%d0%b0%d1%8f-%d0%bb%d0%b8%d1%82%d0%b8%d0%b5%d0%b2%d0%b0%d1%8f-%d0%b1%d0%b0%d1%82%d0%b0%d1%80%d0%b5%d1%8f-26650\\\/#breadcrumb\",\"itemListElement\":[{\"@type\":\"ListItem\",\"position\":1,\"name\":\"Home\",\"item\":\"https:\\\/\\\/www.ahotech.com\\\/es\\\/\"},{\"@type\":\"ListItem\",\"position\":2,\"name\":\"Store\",\"item\":\"https:\\\/\\\/www.ahotech.com\\\/es\\\/store\\\/\"},{\"@type\":\"ListItem\",\"position\":3,\"name\":\"Rechargeable lithium battery 26650\"}]},{\"@type\":\"WebSite\",\"@id\":\"https:\\\/\\\/www.ahotech.com\\\/es\\\/#website\",\"url\":\"https:\\\/\\\/www.ahotech.com\\\/es\\\/\",\"name\":\"Ahotech.com\",\"description\":\"lithium battery manufacturers\",\"publisher\":{\"@id\":\"https:\\\/\\\/www.ahotech.com\\\/es\\\/#organization\"},\"potentialAction\":[{\"@type\":\"SearchAction\",\"target\":{\"@type\":\"EntryPoint\",\"urlTemplate\":\"https:\\\/\\\/www.ahotech.com\\\/es\\\/?s={search_term_string}\"},\"query-input\":{\"@type\":\"PropertyValueSpecification\",\"valueRequired\":true,\"valueName\":\"search_term_string\"}}],\"inLanguage\":\"es\"},{\"@type\":\"Organization\",\"@id\":\"https:\\\/\\\/www.ahotech.com\\\/es\\\/#organization\",\"name\":\"Ahotech.com\",\"url\":\"https:\\\/\\\/www.ahotech.com\\\/es\\\/\",\"logo\":{\"@type\":\"ImageObject\",\"inLanguage\":\"es\",\"@id\":\"https:\\\/\\\/www.ahotech.com\\\/es\\\/#\\\/schema\\\/logo\\\/image\\\/\",\"url\":\"https:\\\/\\\/www.ahotech.com\\\/wp-content\\\/uploads\\\/2021\\\/10\\\/battery-site-logo.jpg\",\"contentUrl\":\"https:\\\/\\\/www.ahotech.com\\\/wp-content\\\/uploads\\\/2021\\\/10\\\/battery-site-logo.jpg\",\"width\":1297,\"height\":465,\"caption\":\"Ahotech.com\"},\"image\":{\"@id\":\"https:\\\/\\\/www.ahotech.com\\\/es\\\/#\\\/schema\\\/logo\\\/image\\\/\"}}]}<\/script>\n<!-- \/ Yoast SEO plugin. -->","yoast_head_json":{"title":"Bater\u00eda de litio recargable 26650 - Ahotech.com","robots":{"index":"index","follow":"follow","max-snippet":"max-snippet:-1","max-image-preview":"max-image-preview:large","max-video-preview":"max-video-preview:-1"},"canonical":"https:\/\/www.ahotech.com\/es\/producto\/bateria-de-litio-recargable-26650\/","og_locale":"es_ES","og_type":"article","og_title":"Rechargeable lithium battery 26650 - Ahotech.com","og_description":"Product Model: 26650  Voltage: 3.7 V  Capacity: 5500 mah  Operating temperature: -20\u00b0+60\u00b0  Height: 65 mm  Diameter: 26 mm  Note: You can customize different battery packs with different voltages such as 12V and 24V","og_url":"https:\/\/www.ahotech.com\/es\/producto\/bateria-de-litio-recargable-26650\/","og_site_name":"Ahotech.com","article_modified_time":"2021-12-27T03:18:16+00:00","og_image":[{"width":800,"height":800,"url":"https:\/\/www.ahotech.com\/wp-content\/uploads\/2021\/12\/Rechargeable-lithium-battery-26650\uff081\uff09.jpg","type":"image\/jpeg"}],"twitter_card":"summary_large_image","twitter_misc":{"Tiempo de lectura":"1 minuto"},"schema":{"@context":"https:\/\/schema.org","@graph":[{"@type":"WebPage","@id":"https:\/\/www.ahotech.com\/ru\/%d0%bf%d1%80%d0%be%d0%b4%d1%83%d0%ba%d1%82\/%d0%bf%d0%b5%d1%80%d0%b5%d0%b7%d0%b0%d1%80%d1%8f%d0%b6%d0%b0%d0%b5%d0%bc%d0%b0%d1%8f-%d0%bb%d0%b8%d1%82%d0%b8%d0%b5%d0%b2%d0%b0%d1%8f-%d0%b1%d0%b0%d1%82%d0%b0%d1%80%d0%b5%d1%8f-26650\/","url":"https:\/\/www.ahotech.com\/ru\/%d0%bf%d1%80%d0%be%d0%b4%d1%83%d0%ba%d1%82\/%d0%bf%d0%b5%d1%80%d0%b5%d0%b7%d0%b0%d1%80%d1%8f%d0%b6%d0%b0%d0%b5%d0%bc%d0%b0%d1%8f-%d0%bb%d0%b8%d1%82%d0%b8%d0%b5%d0%b2%d0%b0%d1%8f-%d0%b1%d0%b0%d1%82%d0%b0%d1%80%d0%b5%d1%8f-26650\/","name":"Bater\u00eda de litio recargable 26650 - Ahotech.com","isPartOf":{"@id":"https:\/\/www.ahotech.com\/es\/#website"},"primaryImageOfPage":{"@id":"https:\/\/www.ahotech.com\/ru\/%d0%bf%d1%80%d0%be%d0%b4%d1%83%d0%ba%d1%82\/%d0%bf%d0%b5%d1%80%d0%b5%d0%b7%d0%b0%d1%80%d1%8f%d0%b6%d0%b0%d0%b5%d0%bc%d0%b0%d1%8f-%d0%bb%d0%b8%d1%82%d0%b8%d0%b5%d0%b2%d0%b0%d1%8f-%d0%b1%d0%b0%d1%82%d0%b0%d1%80%d0%b5%d1%8f-26650\/#primaryimage"},"image":{"@id":"https:\/\/www.ahotech.com\/ru\/%d0%bf%d1%80%d0%be%d0%b4%d1%83%d0%ba%d1%82\/%d0%bf%d0%b5%d1%80%d0%b5%d0%b7%d0%b0%d1%80%d1%8f%d0%b6%d0%b0%d0%b5%d0%bc%d0%b0%d1%8f-%d0%bb%d0%b8%d1%82%d0%b8%d0%b5%d0%b2%d0%b0%d1%8f-%d0%b1%d0%b0%d1%82%d0%b0%d1%80%d0%b5%d1%8f-26650\/#primaryimage"},"thumbnailUrl":"https:\/\/www.ahotech.com\/wp-content\/uploads\/2021\/12\/Rechargeable-lithium-battery-26650\uff081\uff09.jpg","datePublished":"2021-12-23T09:07:45+00:00","dateModified":"2021-12-27T03:18:16+00:00","breadcrumb":{"@id":"https:\/\/www.ahotech.com\/ru\/%d0%bf%d1%80%d0%be%d0%b4%d1%83%d0%ba%d1%82\/%d0%bf%d0%b5%d1%80%d0%b5%d0%b7%d0%b0%d1%80%d1%8f%d0%b6%d0%b0%d0%b5%d0%bc%d0%b0%d1%8f-%d0%bb%d0%b8%d1%82%d0%b8%d0%b5%d0%b2%d0%b0%d1%8f-%d0%b1%d0%b0%d1%82%d0%b0%d1%80%d0%b5%d1%8f-26650\/#breadcrumb"},"inLanguage":"es","potentialAction":[{"@type":"ReadAction","target":["https:\/\/www.ahotech.com\/ru\/%d0%bf%d1%80%d0%be%d0%b4%d1%83%d0%ba%d1%82\/%d0%bf%d0%b5%d1%80%d0%b5%d0%b7%d0%b0%d1%80%d1%8f%d0%b6%d0%b0%d0%b5%d0%bc%d0%b0%d1%8f-%d0%bb%d0%b8%d1%82%d0%b8%d0%b5%d0%b2%d0%b0%d1%8f-%d0%b1%d0%b0%d1%82%d0%b0%d1%80%d0%b5%d1%8f-26650\/"]}]},{"@type":"ImageObject","inLanguage":"es","@id":"https:\/\/www.ahotech.com\/ru\/%d0%bf%d1%80%d0%be%d0%b4%d1%83%d0%ba%d1%82\/%d0%bf%d0%b5%d1%80%d0%b5%d0%b7%d0%b0%d1%80%d1%8f%d0%b6%d0%b0%d0%b5%d0%bc%d0%b0%d1%8f-%d0%bb%d0%b8%d1%82%d0%b8%d0%b5%d0%b2%d0%b0%d1%8f-%d0%b1%d0%b0%d1%82%d0%b0%d1%80%d0%b5%d1%8f-26650\/#primaryimage","url":"https:\/\/www.ahotech.com\/wp-content\/uploads\/2021\/12\/Rechargeable-lithium-battery-26650\uff081\uff09.jpg","contentUrl":"https:\/\/www.ahotech.com\/wp-content\/uploads\/2021\/12\/Rechargeable-lithium-battery-26650\uff081\uff09.jpg","width":800,"height":800,"caption":"Rechargeable lithium battery 26650\uff081\uff09"},{"@type":"BreadcrumbList","@id":"https:\/\/www.ahotech.com\/ru\/%d0%bf%d1%80%d0%be%d0%b4%d1%83%d0%ba%d1%82\/%d0%bf%d0%b5%d1%80%d0%b5%d0%b7%d0%b0%d1%80%d1%8f%d0%b6%d0%b0%d0%b5%d0%bc%d0%b0%d1%8f-%d0%bb%d0%b8%d1%82%d0%b8%d0%b5%d0%b2%d0%b0%d1%8f-%d0%b1%d0%b0%d1%82%d0%b0%d1%80%d0%b5%d1%8f-26650\/#breadcrumb","itemListElement":[{"@type":"ListItem","position":1,"name":"Home","item":"https:\/\/www.ahotech.com\/es\/"},{"@type":"ListItem","position":2,"name":"Store","item":"https:\/\/www.ahotech.com\/es\/store\/"},{"@type":"ListItem","position":3,"name":"Rechargeable lithium battery 26650"}]},{"@type":"WebSite","@id":"https:\/\/www.ahotech.com\/es\/#website","url":"https:\/\/www.ahotech.com\/es\/","name":"Ahotech.com","description":"fabricantes de bater\u00edas de litio","publisher":{"@id":"https:\/\/www.ahotech.com\/es\/#organization"},"potentialAction":[{"@type":"SearchAction","target":{"@type":"EntryPoint","urlTemplate":"https:\/\/www.ahotech.com\/es\/?s={search_term_string}"},"query-input":{"@type":"PropertyValueSpecification","valueRequired":true,"valueName":"search_term_string"}}],"inLanguage":"es"},{"@type":"Organization","@id":"https:\/\/www.ahotech.com\/es\/#organization","name":"Ahotech.com","url":"https:\/\/www.ahotech.com\/es\/","logo":{"@type":"ImageObject","inLanguage":"es","@id":"https:\/\/www.ahotech.com\/es\/#\/schema\/logo\/image\/","url":"https:\/\/www.ahotech.com\/wp-content\/uploads\/2021\/10\/battery-site-logo.jpg","contentUrl":"https:\/\/www.ahotech.com\/wp-content\/uploads\/2021\/10\/battery-site-logo.jpg","width":1297,"height":465,"caption":"Ahotech.com"},"image":{"@id":"https:\/\/www.ahotech.com\/es\/#\/schema\/logo\/image\/"}}]}},"_links":{"self":[{"href":"https:\/\/www.ahotech.com\/es\/wp-json\/wp\/v2\/product\/4135","targetHints":{"allow":["GET"]}}],"collection":[{"href":"https:\/\/www.ahotech.com\/es\/wp-json\/wp\/v2\/product"}],"about":[{"href":"https:\/\/www.ahotech.com\/es\/wp-json\/wp\/v2\/types\/product"}],"version-history":[{"count":4,"href":"https:\/\/www.ahotech.com\/es\/wp-json\/wp\/v2\/product\/4135\/revisions"}],"predecessor-version":[{"id":4162,"href":"https:\/\/www.ahotech.com\/es\/wp-json\/wp\/v2\/product\/4135\/revisions\/4162"}],"wp:featuredmedia":[{"embeddable":true,"href":"https:\/\/www.ahotech.com\/es\/wp-json\/wp\/v2\/media\/4137"}],"wp:attachment":[{"href":"https:\/\/www.ahotech.com\/es\/wp-json\/wp\/v2\/media?parent=4135"}],"wp:term":[{"taxonomy":"product_brand","embeddable":true,"href":"https:\/\/www.ahotech.com\/es\/wp-json\/wp\/v2\/product_brand?post=4135"},{"taxonomy":"product_cat","embeddable":true,"href":"https:\/\/www.ahotech.com\/es\/wp-json\/wp\/v2\/product_cat?post=4135"},{"taxonomy":"product_tag","embeddable":true,"href":"https:\/\/www.ahotech.com\/es\/wp-json\/wp\/v2\/product_tag?post=4135"}],"curies":[{"name":"wp","href":"https:\/\/api.w.org\/{rel}","templated":true}]}}