{"id":3881,"date":"2021-11-27T07:26:00","date_gmt":"2021-11-27T07:26:00","guid":{"rendered":"https:\/\/www.ahotech.com\/?post_type=product&#038;p=3881"},"modified":"2021-11-29T08:28:40","modified_gmt":"2021-11-29T08:28:40","slug":"bateria-iot-personalizada-er26500hpc1520","status":"publish","type":"product","link":"https:\/\/www.ahotech.com\/es\/product\/custom-iot-battery-pack-er26500hpc1520\/","title":{"rendered":"Paquete de bater\u00edas IoT personalizado ER26500+HPC1520"},"content":{"rendered":"<p>El ER26500 est\u00e1 en paralelo con el HPC1520 para formar un paquete de bater\u00edas IoT con alta capacidad de corriente pulsada, voltaje de carga estable (sin retraso de voltaje) y puede soportar entornos de temperatura extrema.<\/p>\n<p>Como tecnolog\u00eda de comunicaci\u00f3n emergente en el \u00e1mbito del Internet de las Cosas (IoT), NB-IoT es una nueva tecnolog\u00eda de comunicaci\u00f3n celular de banda estrecha LPWAN (Red de \u00c1rea Amplia de Bajo Consumo). Ofrece amplia cobertura, bajo consumo de energ\u00eda, bajo coste, gran capacidad de conexi\u00f3n y alta seguridad. Es adecuada para servicios de Internet de las Cosas multiterminal de larga distancia, baja velocidad y bajo consumo de energ\u00eda, y ofrece una amplia gama de aplicaciones.<\/p>\n<p>La gesti\u00f3n inteligente de la energ\u00eda es la direcci\u00f3n de desarrollo del futuro control de la energ\u00eda urbana, la bater\u00eda de litio tradicional o las bater\u00edas de cloruro de tionilo de litio, debido a la alta tasa de fuga o el retraso de la bater\u00eda realmente pueden satisfacer los requisitos del medidor inteligente, los productos de la serie IOT de amplia temperatura, alta capacidad, gran corriente de pulso, baja tasa de autodescarga, satisfaciendo completamente los requisitos de los medidores inteligentes en red de contenido.<\/p>\n<p><img decoding=\"async\" class=\"alignnone size-medium wp-image-3924\" src=\"https:\/\/www.ahotech.com\/wp-content\/uploads\/2021\/11\/battery-and-capacitor-in-series-300x143.png\" alt=\"bater\u00eda y condensador en serie\" width=\"300\" height=\"143\" srcset=\"https:\/\/www.ahotech.com\/wp-content\/uploads\/2021\/11\/battery-and-capacitor-in-series-300x143.png 300w, https:\/\/www.ahotech.com\/wp-content\/uploads\/2021\/11\/battery-and-capacitor-in-series-768x366.png 768w, https:\/\/www.ahotech.com\/wp-content\/uploads\/2021\/11\/battery-and-capacitor-in-series-600x286.png 600w, https:\/\/www.ahotech.com\/wp-content\/uploads\/2021\/11\/battery-and-capacitor-in-series.png 939w\" sizes=\"(max-width: 300px) 100vw, 300px\" \/><\/p>\n<p>Industria de aplicaci\u00f3n: medidor de agua, medidor de gas, tapa de registro inteligente, ciudad inteligente<\/p>\n<p>El modelo de bater\u00eda com\u00fanmente utilizado del medidor de agua inteligente es ER26500+HPC1520, que puede usarse durante 6+1 a\u00f1os.<\/p>\n<p>La estructura del dibujo es la siguiente:<\/p>\n<p><img fetchpriority=\"high\" decoding=\"async\" class=\"alignnone size-medium wp-image-3923\" src=\"https:\/\/www.ahotech.com\/wp-content\/uploads\/2021\/11\/capacitor-and-battery-combination-ER26500HPC1520-300x213.png\" alt=\"Combinaci\u00f3n de condensador y bater\u00eda ER26500+HPC1520\" width=\"300\" height=\"213\" srcset=\"https:\/\/www.ahotech.com\/wp-content\/uploads\/2021\/11\/capacitor-and-battery-combination-ER26500HPC1520-300x213.png 300w, https:\/\/www.ahotech.com\/wp-content\/uploads\/2021\/11\/capacitor-and-battery-combination-ER26500HPC1520-768x546.png 768w, https:\/\/www.ahotech.com\/wp-content\/uploads\/2021\/11\/capacitor-and-battery-combination-ER26500HPC1520-600x427.png 600w, https:\/\/www.ahotech.com\/wp-content\/uploads\/2021\/11\/capacitor-and-battery-combination-ER26500HPC1520.png 901w\" sizes=\"(max-width: 300px) 100vw, 300px\" \/><\/p>","protected":false},"excerpt":{"rendered":"<p>Capacidad efectiva nominal: 8,5 AH<\/p>\n<p>Voltaje nominal: 3,66 V<\/p>\n<p>Voltaje de carga (@5 ohmios): \u22653,2 V<\/p>\n<p>Corriente de pulso m\u00e1xima (@1S, @3,0V): 1A<\/p>\n<p>Tasa de ca\u00edda de capacidad promedio anual: \u22641%<\/p>\n<p>Rango de temperatura de funcionamiento: -40\u2103 ~ +85\u2103<\/p>\n<p>Industria de aplicaci\u00f3n: medidor de agua, medidor de gas, tapa de registro inteligente, ciudad inteligente<\/p>\n<p>Tama\u00f1o de procesamiento superior: altura: 67 mm di\u00e1metro: 27 mm<\/p>\n<p>Tama\u00f1o de procesamiento lateral: altura: 52 mm ancho 41 mm espesor 26 mm<\/p>\n<p>&nbsp;<\/p>\n<p>&nbsp;<\/p>","protected":false},"featured_media":3883,"template":"","meta":{"_acf_changed":false,"site-sidebar-layout":"default","site-content-layout":"default","ast-site-content-layout":"","site-content-style":"default","site-sidebar-style":"default","ast-global-header-display":"","ast-banner-title-visibility":"","ast-main-header-display":"","ast-hfb-above-header-display":"","ast-hfb-below-header-display":"","ast-hfb-mobile-header-display":"","site-post-title":"","ast-breadcrumbs-content":"","ast-featured-img":"","footer-sml-layout":"","theme-transparent-header-meta":"default","adv-header-id-meta":"","stick-header-meta":"","header-above-stick-meta":"","header-main-stick-meta":"","header-below-stick-meta":"","astra-migrate-meta-layouts":"default","ast-page-background-enabled":"default","ast-page-background-meta":{"desktop":{"background-color":"","background-image":"","background-repeat":"repeat","background-position":"center center","background-size":"auto","background-attachment":"scroll","background-type":"","background-media":"","overlay-type":"","overlay-color":"","overlay-opacity":"","overlay-gradient":""},"tablet":{"background-color":"","background-image":"","background-repeat":"repeat","background-position":"center center","background-size":"auto","background-attachment":"scroll","background-type":"","background-media":"","overlay-type":"","overlay-color":"","overlay-opacity":"","overlay-gradient":""},"mobile":{"background-color":"","background-image":"","background-repeat":"repeat","background-position":"center center","background-size":"auto","background-attachment":"scroll","background-type":"","background-media":"","overlay-type":"","overlay-color":"","overlay-opacity":"","overlay-gradient":""}},"ast-content-background-meta":{"desktop":{"background-color":"var(--ast-global-color-5)","background-image":"","background-repeat":"repeat","background-position":"center center","background-size":"auto","background-attachment":"scroll","background-type":"","background-media":"","overlay-type":"","overlay-color":"","overlay-opacity":"","overlay-gradient":""},"tablet":{"background-color":"var(--ast-global-color-5)","background-image":"","background-repeat":"repeat","background-position":"center center","background-size":"auto","background-attachment":"scroll","background-type":"","background-media":"","overlay-type":"","overlay-color":"","overlay-opacity":"","overlay-gradient":""},"mobile":{"background-color":"var(--ast-global-color-5)","background-image":"","background-repeat":"repeat","background-position":"center center","background-size":"auto","background-attachment":"scroll","background-type":"","background-media":"","overlay-type":"","overlay-color":"","overlay-opacity":"","overlay-gradient":""}}},"product_brand":[],"product_cat":[39],"product_tag":[],"class_list":{"0":"post-3881","1":"product","2":"type-product","3":"status-publish","4":"has-post-thumbnail","6":"product_cat-custom-iot-battery-pack","7":"desktop-align-left","8":"tablet-align-left","9":"mobile-align-left","11":"first","12":"instock","13":"shipping-taxable","14":"product-type-simple"},"acf":[],"yoast_head":"<!-- This site is optimized with the Yoast SEO plugin v27.3 - https:\/\/yoast.com\/product\/yoast-seo-wordpress\/ -->\n<title>Custom IoT battery pack ER26500+HPC1520 - Ahotech.com<\/title>\n<meta name=\"robots\" content=\"index, follow, max-snippet:-1, max-image-preview:large, max-video-preview:-1\" \/>\n<link rel=\"canonical\" href=\"https:\/\/www.ahotech.com\/es\/producto\/bateria-iot-personalizada-er26500hpc1520\/\" \/>\n<meta property=\"og:locale\" content=\"es_ES\" \/>\n<meta property=\"og:type\" content=\"article\" \/>\n<meta property=\"og:title\" content=\"Custom IoT battery pack ER26500+HPC1520 - Ahotech.com\" \/>\n<meta property=\"og:description\" content=\"Nominal effective capacity:8.5AH  Nominal voltage: 3.66V  Load voltage (@5 ohms) : \u22653.2V  Maximum pulse current (@1S, @3.0V) : 1A  Annual average capacity drop rate: \u22641%  Operating temperature range: -40\u2103 ~ +85\u2103  Application industry: water meter, gas meter, smart manhole cover, smart city  Overhead processing size: height: 67mm diameter: 27mm  Side processing size: height: 52mm width 41mm thickness 26mm  &nbsp;  &nbsp;\" \/>\n<meta property=\"og:url\" content=\"https:\/\/www.ahotech.com\/es\/producto\/bateria-iot-personalizada-er26500hpc1520\/\" \/>\n<meta property=\"og:site_name\" content=\"Ahotech.com\" \/>\n<meta property=\"article:modified_time\" content=\"2021-11-29T08:28:40+00:00\" \/>\n<meta property=\"og:image\" content=\"https:\/\/de.ahotech.com\/wp-content\/uploads\/2021\/11\/best-batteries-for-outdoor-weather-station.jpg\" \/>\n\t<meta property=\"og:image:width\" content=\"800\" \/>\n\t<meta property=\"og:image:height\" content=\"800\" \/>\n\t<meta property=\"og:image:type\" content=\"image\/jpeg\" \/>\n<meta name=\"twitter:card\" content=\"summary_large_image\" \/>\n<meta name=\"twitter:label1\" content=\"Tiempo de lectura\" \/>\n\t<meta name=\"twitter:data1\" content=\"1 minuto\" \/>\n<script type=\"application\/ld+json\" class=\"yoast-schema-graph\">{\"@context\":\"https:\\\/\\\/schema.org\",\"@graph\":[{\"@type\":\"WebPage\",\"@id\":\"https:\\\/\\\/de.ahotech.com\\\/product\\\/kundenspezifischer-iot-akkupack-er26500hpc1520\\\/\",\"url\":\"https:\\\/\\\/de.ahotech.com\\\/product\\\/kundenspezifischer-iot-akkupack-er26500hpc1520\\\/\",\"name\":\"Custom IoT battery pack ER26500+HPC1520 - Ahotech.com\",\"isPartOf\":{\"@id\":\"https:\\\/\\\/www.ahotech.com\\\/es\\\/#website\"},\"primaryImageOfPage\":{\"@id\":\"https:\\\/\\\/de.ahotech.com\\\/product\\\/kundenspezifischer-iot-akkupack-er26500hpc1520\\\/#primaryimage\"},\"image\":{\"@id\":\"https:\\\/\\\/de.ahotech.com\\\/product\\\/kundenspezifischer-iot-akkupack-er26500hpc1520\\\/#primaryimage\"},\"thumbnailUrl\":\"https:\\\/\\\/www.ahotech.com\\\/wp-content\\\/uploads\\\/2021\\\/11\\\/best-batteries-for-outdoor-weather-station.jpg\",\"datePublished\":\"2021-11-27T07:26:00+00:00\",\"dateModified\":\"2021-11-29T08:28:40+00:00\",\"breadcrumb\":{\"@id\":\"https:\\\/\\\/de.ahotech.com\\\/product\\\/kundenspezifischer-iot-akkupack-er26500hpc1520\\\/#breadcrumb\"},\"inLanguage\":\"es\",\"potentialAction\":[{\"@type\":\"ReadAction\",\"target\":[\"https:\\\/\\\/de.ahotech.com\\\/product\\\/kundenspezifischer-iot-akkupack-er26500hpc1520\\\/\"]}]},{\"@type\":\"ImageObject\",\"inLanguage\":\"es\",\"@id\":\"https:\\\/\\\/de.ahotech.com\\\/product\\\/kundenspezifischer-iot-akkupack-er26500hpc1520\\\/#primaryimage\",\"url\":\"https:\\\/\\\/www.ahotech.com\\\/wp-content\\\/uploads\\\/2021\\\/11\\\/best-batteries-for-outdoor-weather-station.jpg\",\"contentUrl\":\"https:\\\/\\\/www.ahotech.com\\\/wp-content\\\/uploads\\\/2021\\\/11\\\/best-batteries-for-outdoor-weather-station.jpg\",\"width\":800,\"height\":800,\"caption\":\"best batteries for outdoor weather station\"},{\"@type\":\"BreadcrumbList\",\"@id\":\"https:\\\/\\\/de.ahotech.com\\\/product\\\/kundenspezifischer-iot-akkupack-er26500hpc1520\\\/#breadcrumb\",\"itemListElement\":[{\"@type\":\"ListItem\",\"position\":1,\"name\":\"Home\",\"item\":\"https:\\\/\\\/de.ahotech.com\\\/\"},{\"@type\":\"ListItem\",\"position\":2,\"name\":\"Store\",\"item\":\"https:\\\/\\\/de.ahotech.com\\\/speichern\\\/\"},{\"@type\":\"ListItem\",\"position\":3,\"name\":\"Custom IoT battery pack ER26500+HPC1520\"}]},{\"@type\":\"WebSite\",\"@id\":\"https:\\\/\\\/www.ahotech.com\\\/es\\\/#website\",\"url\":\"https:\\\/\\\/www.ahotech.com\\\/es\\\/\",\"name\":\"Ahotech.com\",\"description\":\"lithium battery manufacturers\",\"publisher\":{\"@id\":\"https:\\\/\\\/www.ahotech.com\\\/es\\\/#organization\"},\"potentialAction\":[{\"@type\":\"SearchAction\",\"target\":{\"@type\":\"EntryPoint\",\"urlTemplate\":\"https:\\\/\\\/www.ahotech.com\\\/es\\\/?s={search_term_string}\"},\"query-input\":{\"@type\":\"PropertyValueSpecification\",\"valueRequired\":true,\"valueName\":\"search_term_string\"}}],\"inLanguage\":\"es\"},{\"@type\":\"Organization\",\"@id\":\"https:\\\/\\\/www.ahotech.com\\\/es\\\/#organization\",\"name\":\"Ahotech.com\",\"url\":\"https:\\\/\\\/www.ahotech.com\\\/es\\\/\",\"logo\":{\"@type\":\"ImageObject\",\"inLanguage\":\"es\",\"@id\":\"https:\\\/\\\/www.ahotech.com\\\/es\\\/#\\\/schema\\\/logo\\\/image\\\/\",\"url\":\"https:\\\/\\\/www.ahotech.com\\\/wp-content\\\/uploads\\\/2021\\\/10\\\/battery-site-logo.jpg\",\"contentUrl\":\"https:\\\/\\\/www.ahotech.com\\\/wp-content\\\/uploads\\\/2021\\\/10\\\/battery-site-logo.jpg\",\"width\":1297,\"height\":465,\"caption\":\"Ahotech.com\"},\"image\":{\"@id\":\"https:\\\/\\\/www.ahotech.com\\\/es\\\/#\\\/schema\\\/logo\\\/image\\\/\"}}]}<\/script>\n<!-- \/ Yoast SEO plugin. -->","yoast_head_json":{"title":"Paquete de bater\u00edas IoT personalizado ER26500+HPC1520 - Ahotech.com","robots":{"index":"index","follow":"follow","max-snippet":"max-snippet:-1","max-image-preview":"max-image-preview:large","max-video-preview":"max-video-preview:-1"},"canonical":"https:\/\/www.ahotech.com\/es\/producto\/bateria-iot-personalizada-er26500hpc1520\/","og_locale":"es_ES","og_type":"article","og_title":"Custom IoT battery pack ER26500+HPC1520 - Ahotech.com","og_description":"Nominal effective capacity:8.5AH  Nominal voltage: 3.66V  Load voltage (@5 ohms) : \u22653.2V  Maximum pulse current (@1S, @3.0V) : 1A  Annual average capacity drop rate: \u22641%  Operating temperature range: -40\u2103 ~ +85\u2103  Application industry: water meter, gas meter, smart manhole cover, smart city  Overhead processing size: height: 67mm diameter: 27mm  Side processing size: height: 52mm width 41mm thickness 26mm  &nbsp;  &nbsp;","og_url":"https:\/\/www.ahotech.com\/es\/producto\/bateria-iot-personalizada-er26500hpc1520\/","og_site_name":"Ahotech.com","article_modified_time":"2021-11-29T08:28:40+00:00","og_image":[{"width":800,"height":800,"url":"https:\/\/de.ahotech.com\/wp-content\/uploads\/2021\/11\/best-batteries-for-outdoor-weather-station.jpg","type":"image\/jpeg"}],"twitter_card":"summary_large_image","twitter_misc":{"Tiempo de lectura":"1 minuto"},"schema":{"@context":"https:\/\/schema.org","@graph":[{"@type":"WebPage","@id":"https:\/\/de.ahotech.com\/product\/kundenspezifischer-iot-akkupack-er26500hpc1520\/","url":"https:\/\/de.ahotech.com\/product\/kundenspezifischer-iot-akkupack-er26500hpc1520\/","name":"Paquete de bater\u00edas IoT personalizado ER26500+HPC1520 - Ahotech.com","isPartOf":{"@id":"https:\/\/www.ahotech.com\/es\/#website"},"primaryImageOfPage":{"@id":"https:\/\/de.ahotech.com\/product\/kundenspezifischer-iot-akkupack-er26500hpc1520\/#primaryimage"},"image":{"@id":"https:\/\/de.ahotech.com\/product\/kundenspezifischer-iot-akkupack-er26500hpc1520\/#primaryimage"},"thumbnailUrl":"https:\/\/www.ahotech.com\/wp-content\/uploads\/2021\/11\/best-batteries-for-outdoor-weather-station.jpg","datePublished":"2021-11-27T07:26:00+00:00","dateModified":"2021-11-29T08:28:40+00:00","breadcrumb":{"@id":"https:\/\/de.ahotech.com\/product\/kundenspezifischer-iot-akkupack-er26500hpc1520\/#breadcrumb"},"inLanguage":"es","potentialAction":[{"@type":"ReadAction","target":["https:\/\/de.ahotech.com\/product\/kundenspezifischer-iot-akkupack-er26500hpc1520\/"]}]},{"@type":"ImageObject","inLanguage":"es","@id":"https:\/\/de.ahotech.com\/product\/kundenspezifischer-iot-akkupack-er26500hpc1520\/#primaryimage","url":"https:\/\/www.ahotech.com\/wp-content\/uploads\/2021\/11\/best-batteries-for-outdoor-weather-station.jpg","contentUrl":"https:\/\/www.ahotech.com\/wp-content\/uploads\/2021\/11\/best-batteries-for-outdoor-weather-station.jpg","width":800,"height":800,"caption":"best batteries for outdoor weather station"},{"@type":"BreadcrumbList","@id":"https:\/\/de.ahotech.com\/product\/kundenspezifischer-iot-akkupack-er26500hpc1520\/#breadcrumb","itemListElement":[{"@type":"ListItem","position":1,"name":"Home","item":"https:\/\/de.ahotech.com\/"},{"@type":"ListItem","position":2,"name":"Store","item":"https:\/\/de.ahotech.com\/speichern\/"},{"@type":"ListItem","position":3,"name":"Custom IoT battery pack ER26500+HPC1520"}]},{"@type":"WebSite","@id":"https:\/\/www.ahotech.com\/es\/#website","url":"https:\/\/www.ahotech.com\/es\/","name":"Ahotech.com","description":"fabricantes de bater\u00edas de litio","publisher":{"@id":"https:\/\/www.ahotech.com\/es\/#organization"},"potentialAction":[{"@type":"SearchAction","target":{"@type":"EntryPoint","urlTemplate":"https:\/\/www.ahotech.com\/es\/?s={search_term_string}"},"query-input":{"@type":"PropertyValueSpecification","valueRequired":true,"valueName":"search_term_string"}}],"inLanguage":"es"},{"@type":"Organization","@id":"https:\/\/www.ahotech.com\/es\/#organization","name":"Ahotech.com","url":"https:\/\/www.ahotech.com\/es\/","logo":{"@type":"ImageObject","inLanguage":"es","@id":"https:\/\/www.ahotech.com\/es\/#\/schema\/logo\/image\/","url":"https:\/\/www.ahotech.com\/wp-content\/uploads\/2021\/10\/battery-site-logo.jpg","contentUrl":"https:\/\/www.ahotech.com\/wp-content\/uploads\/2021\/10\/battery-site-logo.jpg","width":1297,"height":465,"caption":"Ahotech.com"},"image":{"@id":"https:\/\/www.ahotech.com\/es\/#\/schema\/logo\/image\/"}}]}},"_links":{"self":[{"href":"https:\/\/www.ahotech.com\/es\/wp-json\/wp\/v2\/product\/3881","targetHints":{"allow":["GET"]}}],"collection":[{"href":"https:\/\/www.ahotech.com\/es\/wp-json\/wp\/v2\/product"}],"about":[{"href":"https:\/\/www.ahotech.com\/es\/wp-json\/wp\/v2\/types\/product"}],"version-history":[{"count":4,"href":"https:\/\/www.ahotech.com\/es\/wp-json\/wp\/v2\/product\/3881\/revisions"}],"predecessor-version":[{"id":3926,"href":"https:\/\/www.ahotech.com\/es\/wp-json\/wp\/v2\/product\/3881\/revisions\/3926"}],"wp:featuredmedia":[{"embeddable":true,"href":"https:\/\/www.ahotech.com\/es\/wp-json\/wp\/v2\/media\/3883"}],"wp:attachment":[{"href":"https:\/\/www.ahotech.com\/es\/wp-json\/wp\/v2\/media?parent=3881"}],"wp:term":[{"taxonomy":"product_brand","embeddable":true,"href":"https:\/\/www.ahotech.com\/es\/wp-json\/wp\/v2\/product_brand?post=3881"},{"taxonomy":"product_cat","embeddable":true,"href":"https:\/\/www.ahotech.com\/es\/wp-json\/wp\/v2\/product_cat?post=3881"},{"taxonomy":"product_tag","embeddable":true,"href":"https:\/\/www.ahotech.com\/es\/wp-json\/wp\/v2\/product_tag?post=3881"}],"curies":[{"name":"wp","href":"https:\/\/api.w.org\/{rel}","templated":true}]}}