{"id":3488,"date":"2021-10-23T16:06:37","date_gmt":"2021-10-23T16:06:37","guid":{"rendered":"https:\/\/www.ahotech.com\/?post_type=product&#038;p=3488"},"modified":"2025-05-26T21:11:32","modified_gmt":"2025-05-26T21:11:32","slug":"bateria-de-condensador-hibrido-1550-tadiran-1550-hlc-1550","status":"publish","type":"product","link":"https:\/\/www.ahotech.com\/es\/product\/hybrid-capacitor-battery-1550-tadiran-1550-hlc-1550\/","title":{"rendered":"Bater\u00eda de condensador h\u00edbrido 1550, tadiran 1550, hlc 1550"},"content":{"rendered":"<p>La bater\u00eda de condensador h\u00edbrido HPC 1550 es una alternativa a la bater\u00eda Tadiran 1550, hlc 1550, la llamamos condensador de pulso h\u00edbrido (HPC), es un tipo de bater\u00eda recargable, se utilizan como condensador en el paquete de bater\u00edas IOT, donde se conectan en paralelo a la bobina tipo <a href=\"https:\/\/www.ahotech.com\/es\/categoria-producto\/bateria-de-cloruro-de-tionilo-y-litio-li-socl2\/\">bater\u00eda de cloruro de tionilo y litio (LiSOCl2)<\/a>, como resultado de hacer una <span class=\"___SText_jyp83-red-team\" data-ui-name=\"Link.Text\">Bater\u00eda de larga duraci\u00f3n.<\/span> Los HPC tienen baja impedancia y pueden generar pulsos de alta corriente. Nuestro paquete de bater\u00edas para IoT proporcionar\u00e1 la m\u00e1xima energ\u00eda y densidad de potencia para diferentes tipos de aplicaciones de IoT.<\/p>\n<p>Las celdas HPC 1550 se pueden recargar usando energ\u00eda de CC o combinarse con sistemas solares fotovoltaicos u otros dispositivos de recolecci\u00f3n de energ\u00eda para brindar energ\u00eda confiable a largo plazo; es una soluci\u00f3n m\u00e1s asequible que Tadiran 1550.<\/p>\n<div style=\"width: 960px;\" class=\"wp-video\"><video class=\"wp-video-shortcode\" id=\"video-3488-1\" width=\"960\" height=\"540\" preload=\"metadata\" controls=\"controls\"><source type=\"video\/mp4\" src=\"https:\/\/www.ahotech.com\/wp-content\/uploads\/2021\/10\/hybrid-capacitor-battery-1550.mp4?_=1\" \/><a href=\"https:\/\/www.ahotech.com\/wp-content\/uploads\/2021\/10\/hybrid-capacitor-battery-1550.mp4\">https:\/\/www.ahotech.com\/wp-content\/uploads\/2021\/10\/hybrid-capacitor-battery-1550.mp4<\/a><\/video><\/div>\n<table class=\"tablesaw table-striped table-bordered table-hover tablesaw-sortable tablesaw-swipe\" width=\"1365\" cellspacing=\"0\" cellpadding=\"0\" data-tablesaw-mode=\"swipe\" data-tablesaw-sortable=\"\">\n<tbody>\n<tr class=\"firstRow\">\n<td width=\"156\" height=\"56\">N\u00famero de modelo<\/td>\n<td width=\"128\">Tensi\u00f3n m\u00e1xima de carga<\/td>\n<td width=\"149\">Corriente de carga nominal<\/td>\n<td width=\"121\">Corriente de descarga nominal<\/td>\n<td width=\"121\">Corriente m\u00e1xima de descarga continua<\/td>\n<td width=\"91\">Capacidad m\u00e1xima<\/td>\n<td width=\"97\">Capacidad de 3,67 V<\/td>\n<td width=\"113\">Capacidad de 3,90 V<\/td>\n<td width=\"97\">Descarga de voltaje<\/td>\n<td width=\"81\">Resistencia<\/td>\n<td width=\"104\">Temperatura de trabajo<\/td>\n<td width=\"105\">Dimensi\u00f3n externa m\u00e1xima (mm)<\/td>\n<\/tr>\n<tr>\n<td height=\"21\"><a href=\"https:\/\/www.ahotech.com\/es\/producto\/bateria-de-condensador-hibrido-1020\/\" target=\"_blank\" rel=\"noopener\">HPC1020<\/a><\/td>\n<td>4,1 V<\/td>\n<td>8 mA<\/td>\n<td>150 mA<\/td>\n<td>750 mA<\/td>\n<td>36 mAh<\/td>\n<td>10 mAh<\/td>\n<td>28 mAh<\/td>\n<td>2,5 V<\/td>\n<td>\u2264300 m\u03a9<\/td>\n<td>-40\u2103~+85\u2103<\/td>\n<td>10\u00d720<\/td>\n<\/tr>\n<tr>\n<td height=\"21\"><a href=\"https:\/\/www.ahotech.com\/es\/producto\/bateria-de-condensador-hibrido-1520\/\" target=\"_blank\" rel=\"noopener\">HPC1520<\/a><\/td>\n<td>4,1 V<\/td>\n<td>20 mA<\/td>\n<td>500 mA<\/td>\n<td>2000 mA<\/td>\n<td>80 mAh<\/td>\n<td>40 mAh<\/td>\n<td>60 mAh<\/td>\n<td>2,5 V<\/td>\n<td>\u2264160 m\u03a9<\/td>\n<td>-40\u2103~+85\u2103<\/td>\n<td>15\u00d720<\/td>\n<\/tr>\n<tr>\n<td height=\"21\"><a href=\"https:\/\/www.ahotech.com\/es\/producto\/bateria-de-condensador-hibrido-1530\/\" target=\"_blank\" rel=\"noopener\">HPC1530<\/a><\/td>\n<td>4,1 V<\/td>\n<td>50 mA<\/td>\n<td>800 mA<\/td>\n<td>3000 mA<\/td>\n<td>180 mAh<\/td>\n<td>70 mAh<\/td>\n<td>150 mAh<\/td>\n<td>2,5 V<\/td>\n<td>\u2264110 m\u03a9<\/td>\n<td>-40\u2103~+85\u2103<\/td>\n<td>15\u00d730<\/td>\n<\/tr>\n<tr>\n<td height=\"21\"><a href=\"https:\/\/www.ahotech.com\/es\/producto\/hybrid-capacitor-battery-1550\/\" target=\"_blank\" rel=\"noopener\">HPC1550<\/a><\/td>\n<td>4,1 V<\/td>\n<td>100 mA<\/td>\n<td>2000 mA<\/td>\n<td>5000 mA<\/td>\n<td>450 mAh<\/td>\n<td>175 mAh<\/td>\n<td>350 mAh<\/td>\n<td>2,5 V<\/td>\n<td>\u226460 m\u03a9<\/td>\n<td>-40\u2103~+85\u2103<\/td>\n<td>15\u00d750<\/td>\n<\/tr>\n<\/tbody>\n<\/table>\n<h4>Caracter\u00edsticas de la bater\u00eda de condensador h\u00edbrido HPC1550:<\/h4>\n<ul>\n<li>Excelente vida \u00fatil (10 a\u00f1os a temperatura ambiente).<\/li>\n<li>Ideal para descargas de baja corriente.<\/li>\n<li>Amplio rango de temperatura de -40 \u2103 a +85 \u2103<\/li>\n<li>Baja autodescarga (1% o menos por a\u00f1o)<\/li>\n<\/ul>\n<h4>Aplicaciones de la bater\u00eda de condensador h\u00edbrido HPC1550<\/h4>\n<p>Contadores de agua, Contadores de gas, Contadores de kilovatios por hora, Contadores de embalaje electr\u00f3nico, Relojes de tiempo real para PC, Equipos m\u00e9dicos, Respaldo de memoria CMOS<\/p>\n<p>&nbsp;<\/p>\n<p>Nuestro <strong>Bater\u00eda de condensador h\u00edbrido<\/strong> Cumplen con los est\u00e1ndares UL1642, IEC62133, UN38.3 y RoHs.<\/p>","protected":false},"excerpt":{"rendered":"<p><strong>N\u00famero de modelo:<\/strong> HPC 1550<\/p>\n<p><strong>Voltaje m\u00e1ximo de carga:<\/strong> 4,1 V<\/p>\n<p><strong>Corriente de carga nominal:<\/strong> 100 mA<\/p>\n<p><strong>Corriente de descarga nominal:<\/strong> 2000 mA<\/p>\n<p><strong>Corriente m\u00e1xima de descarga continua:<\/strong> 5000 mA<\/p>\n<p><strong>Capacidad m\u00e1xima:<\/strong> 450 mAh<\/p>\n<p><strong>Capacidad de 3,67 V:<\/strong> 175 mAh<\/p>\n<p><strong>Capacidad de 3,90 V:<\/strong> 350 mAh<\/p>\n<p><strong>Voltaje de descarga:<\/strong>2,5 V<\/p>\n<p><strong>Resistencia:<\/strong> \u226460 m\u03a9<\/p>\n<p><strong>Temperatura de trabajo:<\/strong> -40\u2103~+85\u2103<\/p>\n<p><strong>Dimensi\u00f3n externa m\u00e1xima (mm):<\/strong> 15*50<\/p>","protected":false},"featured_media":3491,"template":"","meta":{"_acf_changed":false,"site-sidebar-layout":"default","site-content-layout":"default","ast-site-content-layout":"","site-content-style":"default","site-sidebar-style":"default","ast-global-header-display":"","ast-banner-title-visibility":"","ast-main-header-display":"","ast-hfb-above-header-display":"","ast-hfb-below-header-display":"","ast-hfb-mobile-header-display":"","site-post-title":"","ast-breadcrumbs-content":"","ast-featured-img":"","footer-sml-layout":"","theme-transparent-header-meta":"default","adv-header-id-meta":"","stick-header-meta":"","header-above-stick-meta":"","header-main-stick-meta":"","header-below-stick-meta":"","astra-migrate-meta-layouts":"default","ast-page-background-enabled":"default","ast-page-background-meta":{"desktop":{"background-color":"","background-image":"","background-repeat":"repeat","background-position":"center center","background-size":"auto","background-attachment":"scroll","background-type":"","background-media":"","overlay-type":"","overlay-color":"","overlay-opacity":"","overlay-gradient":""},"tablet":{"background-color":"","background-image":"","background-repeat":"repeat","background-position":"center center","background-size":"auto","background-attachment":"scroll","background-type":"","background-media":"","overlay-type":"","overlay-color":"","overlay-opacity":"","overlay-gradient":""},"mobile":{"background-color":"","background-image":"","background-repeat":"repeat","background-position":"center center","background-size":"auto","background-attachment":"scroll","background-type":"","background-media":"","overlay-type":"","overlay-color":"","overlay-opacity":"","overlay-gradient":""}},"ast-content-background-meta":{"desktop":{"background-color":"var(--ast-global-color-5)","background-image":"","background-repeat":"repeat","background-position":"center center","background-size":"auto","background-attachment":"scroll","background-type":"","background-media":"","overlay-type":"","overlay-color":"","overlay-opacity":"","overlay-gradient":""},"tablet":{"background-color":"var(--ast-global-color-5)","background-image":"","background-repeat":"repeat","background-position":"center center","background-size":"auto","background-attachment":"scroll","background-type":"","background-media":"","overlay-type":"","overlay-color":"","overlay-opacity":"","overlay-gradient":""},"mobile":{"background-color":"var(--ast-global-color-5)","background-image":"","background-repeat":"repeat","background-position":"center center","background-size":"auto","background-attachment":"scroll","background-type":"","background-media":"","overlay-type":"","overlay-color":"","overlay-opacity":"","overlay-gradient":""}}},"product_brand":[],"product_cat":[34],"product_tag":[],"class_list":{"0":"post-3488","1":"product","2":"type-product","3":"status-publish","4":"has-post-thumbnail","6":"product_cat-hybrid-pulse-capacitor","7":"desktop-align-left","8":"tablet-align-left","9":"mobile-align-left","11":"first","12":"instock","13":"shipping-taxable","14":"product-type-simple"},"acf":[],"yoast_head":"<!-- This site is optimized with the Yoast SEO plugin v27.3 - https:\/\/yoast.com\/product\/yoast-seo-wordpress\/ -->\n<title>Hybrid capacitor battery 1550, tadiran 1550, hlc 1550 - Ahotech.com<\/title>\n<meta name=\"description\" content=\"Hybrid capacitor battery 1550, an alternative to tadiran 1550, also referd as hlc 1550, hlc battery wholesale directly from manufacture!\" \/>\n<meta name=\"robots\" content=\"index, follow, max-snippet:-1, max-image-preview:large, max-video-preview:-1\" \/>\n<link rel=\"canonical\" href=\"https:\/\/www.ahotech.com\/es\/producto\/bateria-de-condensador-hibrido-1550-tadiran-1550-hlc-1550\/\" \/>\n<meta property=\"og:locale\" content=\"es_ES\" \/>\n<meta property=\"og:type\" content=\"article\" \/>\n<meta property=\"og:title\" content=\"Hybrid capacitor battery 1550, tadiran 1550, hlc 1550 - Ahotech.com\" \/>\n<meta property=\"og:description\" content=\"Hybrid capacitor battery 1550, an alternative to tadiran 1550, also referd as hlc 1550, hlc battery wholesale directly from manufacture!\" \/>\n<meta property=\"og:url\" content=\"https:\/\/www.ahotech.com\/es\/producto\/bateria-de-condensador-hibrido-1550-tadiran-1550-hlc-1550\/\" \/>\n<meta property=\"og:site_name\" content=\"Ahotech.com\" \/>\n<meta property=\"article:modified_time\" content=\"2025-05-26T21:11:32+00:00\" \/>\n<meta property=\"og:image\" content=\"https:\/\/www.ahotech.com\/wp-content\/uploads\/2021\/10\/hybrid-capacitor-battery-1550-3.jpg\" \/>\n\t<meta property=\"og:image:width\" content=\"800\" \/>\n\t<meta property=\"og:image:height\" content=\"800\" \/>\n\t<meta property=\"og:image:type\" content=\"image\/jpeg\" \/>\n<meta name=\"twitter:card\" content=\"summary_large_image\" \/>\n<meta name=\"twitter:label1\" content=\"Tiempo de lectura\" \/>\n\t<meta name=\"twitter:data1\" content=\"2 minutos\" \/>\n<script type=\"application\/ld+json\" class=\"yoast-schema-graph\">{\"@context\":\"https:\\\/\\\/schema.org\",\"@graph\":[{\"@type\":\"WebPage\",\"@id\":\"https:\\\/\\\/www.ahotech.com\\\/product\\\/hybrid-capacitor-battery-1550-tadiran-1550-hlc-1550\\\/\",\"url\":\"https:\\\/\\\/www.ahotech.com\\\/product\\\/hybrid-capacitor-battery-1550-tadiran-1550-hlc-1550\\\/\",\"name\":\"Hybrid capacitor battery 1550, tadiran 1550, hlc 1550 - Ahotech.com\",\"isPartOf\":{\"@id\":\"https:\\\/\\\/www.ahotech.com\\\/#website\"},\"primaryImageOfPage\":{\"@id\":\"https:\\\/\\\/www.ahotech.com\\\/product\\\/hybrid-capacitor-battery-1550-tadiran-1550-hlc-1550\\\/#primaryimage\"},\"image\":{\"@id\":\"https:\\\/\\\/www.ahotech.com\\\/product\\\/hybrid-capacitor-battery-1550-tadiran-1550-hlc-1550\\\/#primaryimage\"},\"thumbnailUrl\":\"https:\\\/\\\/www.ahotech.com\\\/wp-content\\\/uploads\\\/2021\\\/10\\\/hybrid-capacitor-battery-1550-3.jpg\",\"datePublished\":\"2021-10-23T16:06:37+00:00\",\"dateModified\":\"2025-05-26T21:11:32+00:00\",\"description\":\"Hybrid capacitor battery 1550, an alternative to tadiran 1550, also referd as hlc 1550, hlc battery wholesale directly from manufacture!\",\"breadcrumb\":{\"@id\":\"https:\\\/\\\/www.ahotech.com\\\/product\\\/hybrid-capacitor-battery-1550-tadiran-1550-hlc-1550\\\/#breadcrumb\"},\"inLanguage\":\"es\",\"potentialAction\":[{\"@type\":\"ReadAction\",\"target\":[\"https:\\\/\\\/www.ahotech.com\\\/product\\\/hybrid-capacitor-battery-1550-tadiran-1550-hlc-1550\\\/\"]}]},{\"@type\":\"ImageObject\",\"inLanguage\":\"es\",\"@id\":\"https:\\\/\\\/www.ahotech.com\\\/product\\\/hybrid-capacitor-battery-1550-tadiran-1550-hlc-1550\\\/#primaryimage\",\"url\":\"https:\\\/\\\/www.ahotech.com\\\/wp-content\\\/uploads\\\/2021\\\/10\\\/hybrid-capacitor-battery-1550-3.jpg\",\"contentUrl\":\"https:\\\/\\\/www.ahotech.com\\\/wp-content\\\/uploads\\\/2021\\\/10\\\/hybrid-capacitor-battery-1550-3.jpg\",\"width\":800,\"height\":800,\"caption\":\"hybrid capacitor battery\"},{\"@type\":\"BreadcrumbList\",\"@id\":\"https:\\\/\\\/www.ahotech.com\\\/product\\\/hybrid-capacitor-battery-1550-tadiran-1550-hlc-1550\\\/#breadcrumb\",\"itemListElement\":[{\"@type\":\"ListItem\",\"position\":1,\"name\":\"Home\",\"item\":\"https:\\\/\\\/de.ahotech.com\\\/\"},{\"@type\":\"ListItem\",\"position\":2,\"name\":\"Store\",\"item\":\"https:\\\/\\\/de.ahotech.com\\\/speichern\\\/\"},{\"@type\":\"ListItem\",\"position\":3,\"name\":\"Hybrid capacitor battery 1550, tadiran 1550, hlc 1550\"}]},{\"@type\":\"WebSite\",\"@id\":\"https:\\\/\\\/www.ahotech.com\\\/#website\",\"url\":\"https:\\\/\\\/www.ahotech.com\\\/\",\"name\":\"Ahotech.com\",\"description\":\"lithium battery manufacturers\",\"publisher\":{\"@id\":\"https:\\\/\\\/www.ahotech.com\\\/#organization\"},\"potentialAction\":[{\"@type\":\"SearchAction\",\"target\":{\"@type\":\"EntryPoint\",\"urlTemplate\":\"https:\\\/\\\/www.ahotech.com\\\/?s={search_term_string}\"},\"query-input\":{\"@type\":\"PropertyValueSpecification\",\"valueRequired\":true,\"valueName\":\"search_term_string\"}}],\"inLanguage\":\"es\"},{\"@type\":\"Organization\",\"@id\":\"https:\\\/\\\/www.ahotech.com\\\/#organization\",\"name\":\"Ahotech.com\",\"url\":\"https:\\\/\\\/www.ahotech.com\\\/\",\"logo\":{\"@type\":\"ImageObject\",\"inLanguage\":\"es\",\"@id\":\"https:\\\/\\\/www.ahotech.com\\\/#\\\/schema\\\/logo\\\/image\\\/\",\"url\":\"https:\\\/\\\/www.ahotech.com\\\/wp-content\\\/uploads\\\/2021\\\/10\\\/battery-site-logo.jpg\",\"contentUrl\":\"https:\\\/\\\/www.ahotech.com\\\/wp-content\\\/uploads\\\/2021\\\/10\\\/battery-site-logo.jpg\",\"width\":1297,\"height\":465,\"caption\":\"Ahotech.com\"},\"image\":{\"@id\":\"https:\\\/\\\/www.ahotech.com\\\/#\\\/schema\\\/logo\\\/image\\\/\"}}]}<\/script>\n<!-- \/ Yoast SEO plugin. -->","yoast_head_json":{"title":"Bater\u00eda de condensador h\u00edbrido 1550, tadiran 1550, hlc 1550 - Ahotech.com","description":"Bater\u00eda de condensador h\u00edbrido 1550, una alternativa a tadiran 1550, tambi\u00e9n conocida como hlc 1550, \u00a1bater\u00eda hlc al por mayor directamente del fabricante!","robots":{"index":"index","follow":"follow","max-snippet":"max-snippet:-1","max-image-preview":"max-image-preview:large","max-video-preview":"max-video-preview:-1"},"canonical":"https:\/\/www.ahotech.com\/es\/producto\/bateria-de-condensador-hibrido-1550-tadiran-1550-hlc-1550\/","og_locale":"es_ES","og_type":"article","og_title":"Hybrid capacitor battery 1550, tadiran 1550, hlc 1550 - Ahotech.com","og_description":"Hybrid capacitor battery 1550, an alternative to tadiran 1550, also referd as hlc 1550, hlc battery wholesale directly from manufacture!","og_url":"https:\/\/www.ahotech.com\/es\/producto\/bateria-de-condensador-hibrido-1550-tadiran-1550-hlc-1550\/","og_site_name":"Ahotech.com","article_modified_time":"2025-05-26T21:11:32+00:00","og_image":[{"width":800,"height":800,"url":"https:\/\/www.ahotech.com\/wp-content\/uploads\/2021\/10\/hybrid-capacitor-battery-1550-3.jpg","type":"image\/jpeg"}],"twitter_card":"summary_large_image","twitter_misc":{"Tiempo de lectura":"2 minutos"},"schema":{"@context":"https:\/\/schema.org","@graph":[{"@type":"WebPage","@id":"https:\/\/www.ahotech.com\/product\/hybrid-capacitor-battery-1550-tadiran-1550-hlc-1550\/","url":"https:\/\/www.ahotech.com\/product\/hybrid-capacitor-battery-1550-tadiran-1550-hlc-1550\/","name":"Bater\u00eda de condensador h\u00edbrido 1550, tadiran 1550, hlc 1550 - Ahotech.com","isPartOf":{"@id":"https:\/\/www.ahotech.com\/#website"},"primaryImageOfPage":{"@id":"https:\/\/www.ahotech.com\/product\/hybrid-capacitor-battery-1550-tadiran-1550-hlc-1550\/#primaryimage"},"image":{"@id":"https:\/\/www.ahotech.com\/product\/hybrid-capacitor-battery-1550-tadiran-1550-hlc-1550\/#primaryimage"},"thumbnailUrl":"https:\/\/www.ahotech.com\/wp-content\/uploads\/2021\/10\/hybrid-capacitor-battery-1550-3.jpg","datePublished":"2021-10-23T16:06:37+00:00","dateModified":"2025-05-26T21:11:32+00:00","description":"Bater\u00eda de condensador h\u00edbrido 1550, una alternativa a tadiran 1550, tambi\u00e9n conocida como hlc 1550, \u00a1bater\u00eda hlc al por mayor directamente del fabricante!","breadcrumb":{"@id":"https:\/\/www.ahotech.com\/product\/hybrid-capacitor-battery-1550-tadiran-1550-hlc-1550\/#breadcrumb"},"inLanguage":"es","potentialAction":[{"@type":"ReadAction","target":["https:\/\/www.ahotech.com\/product\/hybrid-capacitor-battery-1550-tadiran-1550-hlc-1550\/"]}]},{"@type":"ImageObject","inLanguage":"es","@id":"https:\/\/www.ahotech.com\/product\/hybrid-capacitor-battery-1550-tadiran-1550-hlc-1550\/#primaryimage","url":"https:\/\/www.ahotech.com\/wp-content\/uploads\/2021\/10\/hybrid-capacitor-battery-1550-3.jpg","contentUrl":"https:\/\/www.ahotech.com\/wp-content\/uploads\/2021\/10\/hybrid-capacitor-battery-1550-3.jpg","width":800,"height":800,"caption":"hybrid capacitor battery"},{"@type":"BreadcrumbList","@id":"https:\/\/www.ahotech.com\/product\/hybrid-capacitor-battery-1550-tadiran-1550-hlc-1550\/#breadcrumb","itemListElement":[{"@type":"ListItem","position":1,"name":"Home","item":"https:\/\/de.ahotech.com\/"},{"@type":"ListItem","position":2,"name":"Store","item":"https:\/\/de.ahotech.com\/speichern\/"},{"@type":"ListItem","position":3,"name":"Hybrid capacitor battery 1550, tadiran 1550, hlc 1550"}]},{"@type":"WebSite","@id":"https:\/\/www.ahotech.com\/#website","url":"https:\/\/www.ahotech.com\/","name":"Ahotech.com","description":"fabricantes de bater\u00edas de litio","publisher":{"@id":"https:\/\/www.ahotech.com\/#organization"},"potentialAction":[{"@type":"SearchAction","target":{"@type":"EntryPoint","urlTemplate":"https:\/\/www.ahotech.com\/?s={search_term_string}"},"query-input":{"@type":"PropertyValueSpecification","valueRequired":true,"valueName":"search_term_string"}}],"inLanguage":"es"},{"@type":"Organization","@id":"https:\/\/www.ahotech.com\/#organization","name":"Ahotech.com","url":"https:\/\/www.ahotech.com\/","logo":{"@type":"ImageObject","inLanguage":"es","@id":"https:\/\/www.ahotech.com\/#\/schema\/logo\/image\/","url":"https:\/\/www.ahotech.com\/wp-content\/uploads\/2021\/10\/battery-site-logo.jpg","contentUrl":"https:\/\/www.ahotech.com\/wp-content\/uploads\/2021\/10\/battery-site-logo.jpg","width":1297,"height":465,"caption":"Ahotech.com"},"image":{"@id":"https:\/\/www.ahotech.com\/#\/schema\/logo\/image\/"}}]}},"_links":{"self":[{"href":"https:\/\/www.ahotech.com\/es\/wp-json\/wp\/v2\/product\/3488","targetHints":{"allow":["GET"]}}],"collection":[{"href":"https:\/\/www.ahotech.com\/es\/wp-json\/wp\/v2\/product"}],"about":[{"href":"https:\/\/www.ahotech.com\/es\/wp-json\/wp\/v2\/types\/product"}],"version-history":[{"count":7,"href":"https:\/\/www.ahotech.com\/es\/wp-json\/wp\/v2\/product\/3488\/revisions"}],"predecessor-version":[{"id":4511,"href":"https:\/\/www.ahotech.com\/es\/wp-json\/wp\/v2\/product\/3488\/revisions\/4511"}],"wp:featuredmedia":[{"embeddable":true,"href":"https:\/\/www.ahotech.com\/es\/wp-json\/wp\/v2\/media\/3491"}],"wp:attachment":[{"href":"https:\/\/www.ahotech.com\/es\/wp-json\/wp\/v2\/media?parent=3488"}],"wp:term":[{"taxonomy":"product_brand","embeddable":true,"href":"https:\/\/www.ahotech.com\/es\/wp-json\/wp\/v2\/product_brand?post=3488"},{"taxonomy":"product_cat","embeddable":true,"href":"https:\/\/www.ahotech.com\/es\/wp-json\/wp\/v2\/product_cat?post=3488"},{"taxonomy":"product_tag","embeddable":true,"href":"https:\/\/www.ahotech.com\/es\/wp-json\/wp\/v2\/product_tag?post=3488"}],"curies":[{"name":"wp","href":"https:\/\/api.w.org\/{rel}","templated":true}]}}