{"id":3993,"date":"2021-12-06T02:19:09","date_gmt":"2021-12-06T02:19:09","guid":{"rendered":"https:\/\/www.ahotech.com\/?page_id=3993"},"modified":"2021-12-06T02:19:10","modified_gmt":"2021-12-06T02:19:10","slug":"robot-de-manipulacion-inteligente-agv","status":"publish","type":"page","link":"https:\/\/www.ahotech.com\/es\/agv-intelligent-handling-robot\/","title":{"rendered":"Robot de manipulaci\u00f3n inteligente AGV"},"content":{"rendered":"<p>En los talleres de producci\u00f3n de la mayor\u00eda de las pymes, la automatizaci\u00f3n de la producci\u00f3n ha madurado gradualmente, pero la log\u00edstica y el transporte tambi\u00e9n dependen principalmente de la mano de obra. Ante el aumento del coste del empleo y la grave escasez de mano de obra joven y de mediana edad en la industria manufacturera, reemplazar a los humanos por robots para la log\u00edstica y el transporte se ha convertido en una importante v\u00eda para que las empresas mejoren su eficiencia productiva.<\/p>\n\n\n\n<figure class=\"wp-block-image size-full\"><img fetchpriority=\"high\" decoding=\"async\" width=\"556\" height=\"479\" src=\"https:\/\/www.ahotech.com\/wp-content\/uploads\/2021\/11\/AGV-intelligent-handling-robot.jpg\" alt=\"Robot de manipulaci\u00f3n inteligente AGV\" class=\"wp-image-3775\" srcset=\"https:\/\/www.ahotech.com\/wp-content\/uploads\/2021\/11\/AGV-intelligent-handling-robot.jpg 556w, https:\/\/www.ahotech.com\/wp-content\/uploads\/2021\/11\/AGV-intelligent-handling-robot-300x258.jpg 300w\" sizes=\"(max-width: 556px) 100vw, 556px\" \/><\/figure>\n\n\n\n<p>Ventajas de la aplicaci\u00f3n de AGV<\/p>\n\n\n\n<p>1\u3001Como veh\u00edculo de transporte de nueva generaci\u00f3n, el AGV reemplaza la manipulaci\u00f3n manual y reduce la tasa de errores humanos.<\/p>\n\n\n\n<p>2\u3001La transmisi\u00f3n autom\u00e1tica AGV reduce el tiempo de espera y mejora la eficiencia del transporte.<\/p>\n\n\n\n<p>3\u3001Manejo inteligente de AGV, puede escanear autom\u00e1ticamente el c\u00f3digo para identificar cada necesidad de transferir el material, el material se transportar\u00e1 autom\u00e1ticamente al lugar designado<\/p>\n\n\n\n<p>4. El sistema de gesti\u00f3n AGV incluye funciones de gesti\u00f3n del tr\u00e1fico, lo que reduce los riesgos de seguridad.<\/p>\n\n\n\n<p>Por supuesto, para que el robot funcione de manera ideal, el desarrollo de la tecnolog\u00eda de bater\u00eda de litio del robot AGV inteligente tambi\u00e9n es una parte importante, despu\u00e9s de todo, la bater\u00eda es la fuente de energ\u00eda principal del trabajo del robot inteligente.<\/p>\n\n\n\n<p>Tipo de bater\u00eda del robot AGV inteligente<\/p>\n\n\n\n<p>Las bater\u00edas de los robots AGV inteligentes se dividen principalmente en bater\u00edas de plomo-\u00e1cido, bater\u00edas de n\u00edquel-hidruro met\u00e1lico y bater\u00edas de litio. Estas bater\u00edas se dividen en bater\u00edas cil\u00edndricas de acero, bater\u00edas de fosfato de hierro y litio, bater\u00edas de litio convencionales y bater\u00edas de pol\u00edmero de litio de alto rendimiento. Debido a la alta tasa de descarga y a los requisitos de protecci\u00f3n ambiental, las bater\u00edas de plomo-\u00e1cido se est\u00e1n retirando gradualmente del mercado, y las bater\u00edas de litio y de n\u00edquel-hidruro met\u00e1lico son m\u00e1s ventajosas. En cuanto a las bater\u00edas de n\u00edquel-hidruro met\u00e1lico y de litio, la tasa de descarga de estas \u00faltimas no es muy alta, por lo que, en descargas de alta potencia, la tasa de descarga de las bater\u00edas de litio es inferior. Sin embargo, el bajo costo de las bater\u00edas de n\u00edquel-hidruro met\u00e1lico es una ventaja competitiva.<\/p>\n\n\n\n<figure class=\"wp-block-image size-full\"><img decoding=\"async\" width=\"800\" height=\"800\" src=\"https:\/\/www.ahotech.com\/wp-content\/uploads\/2021\/12\/lithium-ion-rv-battery.jpg\" alt=\"\" class=\"wp-image-3995\" srcset=\"https:\/\/www.ahotech.com\/wp-content\/uploads\/2021\/12\/lithium-ion-rv-battery.jpg 800w, https:\/\/www.ahotech.com\/wp-content\/uploads\/2021\/12\/lithium-ion-rv-battery-300x300.jpg 300w, https:\/\/www.ahotech.com\/wp-content\/uploads\/2021\/12\/lithium-ion-rv-battery-150x150.jpg 150w, https:\/\/www.ahotech.com\/wp-content\/uploads\/2021\/12\/lithium-ion-rv-battery-768x768.jpg 768w, https:\/\/www.ahotech.com\/wp-content\/uploads\/2021\/12\/lithium-ion-rv-battery-600x600.jpg 600w, https:\/\/www.ahotech.com\/wp-content\/uploads\/2021\/12\/lithium-ion-rv-battery-100x100.jpg 100w\" sizes=\"(max-width: 800px) 100vw, 800px\" \/><\/figure>\n\n\n\n<p>El robot inteligente que transporta mercanc\u00edas generalmente utiliza una bater\u00eda de litio de 48 V, mientras que otros tienen voltajes de 36 V, 52 V y 72 V. Dado que la bater\u00eda es un dato relativamente real, no suele tener un objetivo virtual. La capacitancia de la bater\u00eda var\u00eda, lo que depende del uso y de los cambios en los datos, como el aumento de la resistencia interna, lo que reduce la capacidad efectiva. Por supuesto, la capacidad de la bater\u00eda se ajusta seg\u00fan los requisitos de operaci\u00f3n. La capacidad de una bater\u00eda de tama\u00f1o mediano suele ser de unos 80 Ah. El tama\u00f1o de la bater\u00eda depende de las necesidades espec\u00edficas de los clientes.<\/p>\n\n\n\n<p>La bater\u00eda de litio del robot de manipulaci\u00f3n de carga inteligente como un tipo de energ\u00eda de bater\u00eda de litio, por lo que el uso actual es m\u00e1s potencia de la bater\u00eda de litio 18650 y la bater\u00eda de fosfato de hierro y litio.<\/p>","protected":false},"excerpt":{"rendered":"<p>In the production workshop of most small and medium-sized enterprises, part of the production automation level has been gradually mature, but in the workshop logistics and transportation also mainly rely on manpower to solve. With the increasing cost of employment and the serious shortage of young and middle-aged labor force in the manufacturing industry, it [&hellip;]<\/p>\n","protected":false},"author":1,"featured_media":0,"parent":0,"menu_order":0,"comment_status":"closed","ping_status":"closed","template":"","meta":{"_acf_changed":false,"site-sidebar-layout":"default","site-content-layout":"","ast-site-content-layout":"","site-content-style":"default","site-sidebar-style":"default","ast-global-header-display":"","ast-banner-title-visibility":"","ast-main-header-display":"","ast-hfb-above-header-display":"","ast-hfb-below-header-display":"","ast-hfb-mobile-header-display":"","site-post-title":"","ast-breadcrumbs-content":"","ast-featured-img":"","footer-sml-layout":"","theme-transparent-header-meta":"","adv-header-id-meta":"","stick-header-meta":"","header-above-stick-meta":"","header-main-stick-meta":"","header-below-stick-meta":"","astra-migrate-meta-layouts":"default","ast-page-background-enabled":"default","ast-page-background-meta":{"desktop":{"background-color":"","background-image":"","background-repeat":"repeat","background-position":"center center","background-size":"auto","background-attachment":"scroll","background-type":"","background-media":"","overlay-type":"","overlay-color":"","overlay-opacity":"","overlay-gradient":""},"tablet":{"background-color":"","background-image":"","background-repeat":"repeat","background-position":"center center","background-size":"auto","background-attachment":"scroll","background-type":"","background-media":"","overlay-type":"","overlay-color":"","overlay-opacity":"","overlay-gradient":""},"mobile":{"background-color":"","background-image":"","background-repeat":"repeat","background-position":"center center","background-size":"auto","background-attachment":"scroll","background-type":"","background-media":"","overlay-type":"","overlay-color":"","overlay-opacity":"","overlay-gradient":""}},"ast-content-background-meta":{"desktop":{"background-color":"var(--ast-global-color-5)","background-image":"","background-repeat":"repeat","background-position":"center center","background-size":"auto","background-attachment":"scroll","background-type":"","background-media":"","overlay-type":"","overlay-color":"","overlay-opacity":"","overlay-gradient":""},"tablet":{"background-color":"var(--ast-global-color-5)","background-image":"","background-repeat":"repeat","background-position":"center center","background-size":"auto","background-attachment":"scroll","background-type":"","background-media":"","overlay-type":"","overlay-color":"","overlay-opacity":"","overlay-gradient":""},"mobile":{"background-color":"var(--ast-global-color-5)","background-image":"","background-repeat":"repeat","background-position":"center center","background-size":"auto","background-attachment":"scroll","background-type":"","background-media":"","overlay-type":"","overlay-color":"","overlay-opacity":"","overlay-gradient":""}},"footnotes":""},"class_list":["post-3993","page","type-page","status-publish","hentry"],"acf":[],"yoast_head":"<!-- This site is optimized with the Yoast SEO plugin v27.3 - https:\/\/yoast.com\/product\/yoast-seo-wordpress\/ -->\n<title>AGV intelligent handling robot - Ahotech.com<\/title>\n<meta name=\"robots\" content=\"index, follow, max-snippet:-1, max-image-preview:large, max-video-preview:-1\" \/>\n<link rel=\"canonical\" href=\"https:\/\/www.ahotech.com\/es\/robot-de-manipulacion-inteligente-agv\/\" \/>\n<meta property=\"og:locale\" content=\"es_ES\" \/>\n<meta property=\"og:type\" content=\"article\" \/>\n<meta property=\"og:title\" content=\"AGV intelligent handling robot - Ahotech.com\" \/>\n<meta property=\"og:description\" content=\"In the production workshop of most small and medium-sized enterprises, part of the production automation level has been gradually mature, but in the workshop logistics and transportation also mainly rely on manpower to solve. With the increasing cost of employment and the serious shortage of young and middle-aged labor force in the manufacturing industry, it [&hellip;]\" \/>\n<meta property=\"og:url\" content=\"https:\/\/www.ahotech.com\/es\/robot-de-manipulacion-inteligente-agv\/\" \/>\n<meta property=\"og:site_name\" content=\"Ahotech.com\" \/>\n<meta property=\"article:modified_time\" content=\"2021-12-06T02:19:10+00:00\" \/>\n<meta property=\"og:image\" content=\"https:\/\/www.ahotech.com\/wp-content\/uploads\/2021\/11\/AGV-intelligent-handling-robot.jpg\" \/>\n<meta name=\"twitter:card\" content=\"summary_large_image\" \/>\n<meta name=\"twitter:label1\" content=\"Tiempo de lectura\" \/>\n\t<meta name=\"twitter:data1\" content=\"3 minutos\" \/>\n<script type=\"application\/ld+json\" class=\"yoast-schema-graph\">{\"@context\":\"https:\\\/\\\/schema.org\",\"@graph\":[{\"@type\":\"WebPage\",\"@id\":\"https:\\\/\\\/de.ahotech.com\\\/agv-intelligenter-handhabungsroboter\\\/\",\"url\":\"https:\\\/\\\/de.ahotech.com\\\/agv-intelligenter-handhabungsroboter\\\/\",\"name\":\"AGV intelligent handling robot - Ahotech.com\",\"isPartOf\":{\"@id\":\"https:\\\/\\\/www.ahotech.com\\\/es\\\/#website\"},\"primaryImageOfPage\":{\"@id\":\"https:\\\/\\\/de.ahotech.com\\\/agv-intelligenter-handhabungsroboter\\\/#primaryimage\"},\"image\":{\"@id\":\"https:\\\/\\\/de.ahotech.com\\\/agv-intelligenter-handhabungsroboter\\\/#primaryimage\"},\"thumbnailUrl\":\"https:\\\/\\\/www.ahotech.com\\\/wp-content\\\/uploads\\\/2021\\\/11\\\/AGV-intelligent-handling-robot.jpg\",\"datePublished\":\"2021-12-06T02:19:09+00:00\",\"dateModified\":\"2021-12-06T02:19:10+00:00\",\"breadcrumb\":{\"@id\":\"https:\\\/\\\/de.ahotech.com\\\/agv-intelligenter-handhabungsroboter\\\/#breadcrumb\"},\"inLanguage\":\"es\",\"potentialAction\":[{\"@type\":\"ReadAction\",\"target\":[\"https:\\\/\\\/de.ahotech.com\\\/agv-intelligenter-handhabungsroboter\\\/\"]}]},{\"@type\":\"ImageObject\",\"inLanguage\":\"es\",\"@id\":\"https:\\\/\\\/de.ahotech.com\\\/agv-intelligenter-handhabungsroboter\\\/#primaryimage\",\"url\":\"https:\\\/\\\/www.ahotech.com\\\/wp-content\\\/uploads\\\/2021\\\/11\\\/AGV-intelligent-handling-robot.jpg\",\"contentUrl\":\"https:\\\/\\\/www.ahotech.com\\\/wp-content\\\/uploads\\\/2021\\\/11\\\/AGV-intelligent-handling-robot.jpg\"},{\"@type\":\"BreadcrumbList\",\"@id\":\"https:\\\/\\\/de.ahotech.com\\\/agv-intelligenter-handhabungsroboter\\\/#breadcrumb\",\"itemListElement\":[{\"@type\":\"ListItem\",\"position\":1,\"name\":\"Home\",\"item\":\"https:\\\/\\\/de.ahotech.com\\\/\"},{\"@type\":\"ListItem\",\"position\":2,\"name\":\"AGV intelligent handling robot\"}]},{\"@type\":\"WebSite\",\"@id\":\"https:\\\/\\\/www.ahotech.com\\\/es\\\/#website\",\"url\":\"https:\\\/\\\/www.ahotech.com\\\/es\\\/\",\"name\":\"Ahotech.com\",\"description\":\"lithium battery manufacturers\",\"publisher\":{\"@id\":\"https:\\\/\\\/www.ahotech.com\\\/es\\\/#organization\"},\"potentialAction\":[{\"@type\":\"SearchAction\",\"target\":{\"@type\":\"EntryPoint\",\"urlTemplate\":\"https:\\\/\\\/www.ahotech.com\\\/es\\\/?s={search_term_string}\"},\"query-input\":{\"@type\":\"PropertyValueSpecification\",\"valueRequired\":true,\"valueName\":\"search_term_string\"}}],\"inLanguage\":\"es\"},{\"@type\":\"Organization\",\"@id\":\"https:\\\/\\\/www.ahotech.com\\\/es\\\/#organization\",\"name\":\"Ahotech.com\",\"url\":\"https:\\\/\\\/www.ahotech.com\\\/es\\\/\",\"logo\":{\"@type\":\"ImageObject\",\"inLanguage\":\"es\",\"@id\":\"https:\\\/\\\/www.ahotech.com\\\/es\\\/#\\\/schema\\\/logo\\\/image\\\/\",\"url\":\"https:\\\/\\\/www.ahotech.com\\\/wp-content\\\/uploads\\\/2021\\\/10\\\/battery-site-logo.jpg\",\"contentUrl\":\"https:\\\/\\\/www.ahotech.com\\\/wp-content\\\/uploads\\\/2021\\\/10\\\/battery-site-logo.jpg\",\"width\":1297,\"height\":465,\"caption\":\"Ahotech.com\"},\"image\":{\"@id\":\"https:\\\/\\\/www.ahotech.com\\\/es\\\/#\\\/schema\\\/logo\\\/image\\\/\"}}]}<\/script>\n<!-- \/ Yoast SEO plugin. -->","yoast_head_json":{"title":"Robot de manipulaci\u00f3n inteligente AGV - Ahotech.com","robots":{"index":"index","follow":"follow","max-snippet":"max-snippet:-1","max-image-preview":"max-image-preview:large","max-video-preview":"max-video-preview:-1"},"canonical":"https:\/\/www.ahotech.com\/es\/robot-de-manipulacion-inteligente-agv\/","og_locale":"es_ES","og_type":"article","og_title":"AGV intelligent handling robot - Ahotech.com","og_description":"In the production workshop of most small and medium-sized enterprises, part of the production automation level has been gradually mature, but in the workshop logistics and transportation also mainly rely on manpower to solve. With the increasing cost of employment and the serious shortage of young and middle-aged labor force in the manufacturing industry, it [&hellip;]","og_url":"https:\/\/www.ahotech.com\/es\/robot-de-manipulacion-inteligente-agv\/","og_site_name":"Ahotech.com","article_modified_time":"2021-12-06T02:19:10+00:00","og_image":[{"url":"https:\/\/www.ahotech.com\/wp-content\/uploads\/2021\/11\/AGV-intelligent-handling-robot.jpg","type":"","width":"","height":""}],"twitter_card":"summary_large_image","twitter_misc":{"Tiempo de lectura":"3 minutos"},"schema":{"@context":"https:\/\/schema.org","@graph":[{"@type":"WebPage","@id":"https:\/\/de.ahotech.com\/agv-intelligenter-handhabungsroboter\/","url":"https:\/\/de.ahotech.com\/agv-intelligenter-handhabungsroboter\/","name":"Robot de manipulaci\u00f3n inteligente AGV - Ahotech.com","isPartOf":{"@id":"https:\/\/www.ahotech.com\/es\/#website"},"primaryImageOfPage":{"@id":"https:\/\/de.ahotech.com\/agv-intelligenter-handhabungsroboter\/#primaryimage"},"image":{"@id":"https:\/\/de.ahotech.com\/agv-intelligenter-handhabungsroboter\/#primaryimage"},"thumbnailUrl":"https:\/\/www.ahotech.com\/wp-content\/uploads\/2021\/11\/AGV-intelligent-handling-robot.jpg","datePublished":"2021-12-06T02:19:09+00:00","dateModified":"2021-12-06T02:19:10+00:00","breadcrumb":{"@id":"https:\/\/de.ahotech.com\/agv-intelligenter-handhabungsroboter\/#breadcrumb"},"inLanguage":"es","potentialAction":[{"@type":"ReadAction","target":["https:\/\/de.ahotech.com\/agv-intelligenter-handhabungsroboter\/"]}]},{"@type":"ImageObject","inLanguage":"es","@id":"https:\/\/de.ahotech.com\/agv-intelligenter-handhabungsroboter\/#primaryimage","url":"https:\/\/www.ahotech.com\/wp-content\/uploads\/2021\/11\/AGV-intelligent-handling-robot.jpg","contentUrl":"https:\/\/www.ahotech.com\/wp-content\/uploads\/2021\/11\/AGV-intelligent-handling-robot.jpg"},{"@type":"BreadcrumbList","@id":"https:\/\/de.ahotech.com\/agv-intelligenter-handhabungsroboter\/#breadcrumb","itemListElement":[{"@type":"ListItem","position":1,"name":"Home","item":"https:\/\/de.ahotech.com\/"},{"@type":"ListItem","position":2,"name":"AGV intelligent handling robot"}]},{"@type":"WebSite","@id":"https:\/\/www.ahotech.com\/es\/#website","url":"https:\/\/www.ahotech.com\/es\/","name":"Ahotech.com","description":"fabricantes de bater\u00edas de litio","publisher":{"@id":"https:\/\/www.ahotech.com\/es\/#organization"},"potentialAction":[{"@type":"SearchAction","target":{"@type":"EntryPoint","urlTemplate":"https:\/\/www.ahotech.com\/es\/?s={search_term_string}"},"query-input":{"@type":"PropertyValueSpecification","valueRequired":true,"valueName":"search_term_string"}}],"inLanguage":"es"},{"@type":"Organization","@id":"https:\/\/www.ahotech.com\/es\/#organization","name":"Ahotech.com","url":"https:\/\/www.ahotech.com\/es\/","logo":{"@type":"ImageObject","inLanguage":"es","@id":"https:\/\/www.ahotech.com\/es\/#\/schema\/logo\/image\/","url":"https:\/\/www.ahotech.com\/wp-content\/uploads\/2021\/10\/battery-site-logo.jpg","contentUrl":"https:\/\/www.ahotech.com\/wp-content\/uploads\/2021\/10\/battery-site-logo.jpg","width":1297,"height":465,"caption":"Ahotech.com"},"image":{"@id":"https:\/\/www.ahotech.com\/es\/#\/schema\/logo\/image\/"}}]}},"_links":{"self":[{"href":"https:\/\/www.ahotech.com\/es\/wp-json\/wp\/v2\/pages\/3993","targetHints":{"allow":["GET"]}}],"collection":[{"href":"https:\/\/www.ahotech.com\/es\/wp-json\/wp\/v2\/pages"}],"about":[{"href":"https:\/\/www.ahotech.com\/es\/wp-json\/wp\/v2\/types\/page"}],"author":[{"embeddable":true,"href":"https:\/\/www.ahotech.com\/es\/wp-json\/wp\/v2\/users\/1"}],"replies":[{"embeddable":true,"href":"https:\/\/www.ahotech.com\/es\/wp-json\/wp\/v2\/comments?post=3993"}],"version-history":[{"count":1,"href":"https:\/\/www.ahotech.com\/es\/wp-json\/wp\/v2\/pages\/3993\/revisions"}],"predecessor-version":[{"id":3996,"href":"https:\/\/www.ahotech.com\/es\/wp-json\/wp\/v2\/pages\/3993\/revisions\/3996"}],"wp:attachment":[{"href":"https:\/\/www.ahotech.com\/es\/wp-json\/wp\/v2\/media?parent=3993"}],"curies":[{"name":"wp","href":"https:\/\/api.w.org\/{rel}","templated":true}]}}