{"id":4619,"date":"2022-03-22T05:31:58","date_gmt":"2022-03-22T05:31:58","guid":{"rendered":"https:\/\/www.ahotech.com\/?post_type=product&#038;p=4619"},"modified":"2022-03-22T05:32:05","modified_gmt":"2022-03-22T05:32:05","slug":"superkondensator","status":"publish","type":"product","link":"https:\/\/www.ahotech.com\/da\/product\/supercapacitor\/","title":{"rendered":"superkondensator"},"content":{"rendered":"<p><span class=\"tgt\" data-section=\"0\" data-sentence=\"0\" data-group=\"0-0\">Longsing Technologies har udviklet og produceret prim\u00e6re batterier,<a href=\"https:\/\/www.ahotech.com\/da\/produkt\/omnicel-er34615-batteri-er34615-litiumbatteri\/\">lithiumthionylchlorid<\/a> og superkondensator, genopladelige lithium-ion-batterier.<\/span><span class=\"tgt\" data-section=\"0\" data-sentence=\"1\" data-group=\"0-1\"> Virksomheder, der i de senere \u00e5r har v\u00e6ret afh\u00e6ngige af moderselskabet i Hong Kong, har aktivt samarbejdet med internationale forskningsinstitutioner og med succes udviklet et IoT-batteri med bred temperatur, superkondensator parallelforbindelse af lithiumthionylchlorid-batterier. Batteriet kan fungere stabilt i temperaturintervallet 40 \u2103 til + 85 \u2103. <a href=\"https:\/\/www.ahotech.com\/da\/produkt\/3-stk-7v-18650-litiumbatteri\/\">litium-ion-batteri<\/a> og lithiumthionylchlorid-batteriteknologiflaskehals og ans\u00f8ger om mere end 30 opfindelsespatenter.<\/span><span class=\"tgt\" data-section=\"0\" data-sentence=\"2\" data-group=\"0-2\"> Vi vil forts\u00e6tte med at innovere og udvikle nye produkter for at im\u00f8dekomme behovene i den fremtidige udvikling af Internet of Things-teknologien.<\/span><span class=\"tgt\" data-section=\"0\" data-sentence=\"3\" data-group=\"0-3\"> S\u00e5som intelligent transport, containerintelligente systemer, GPS-positioneringssystem, havbundspositionering, logistik og transportsystemer.<\/span><\/p>\n<p>Superkondensatorspecifikationer:<\/p>\n<p class=\"tgt\" data-section=\"0\"><span class=\"tgt\" data-section=\"0\" data-sentence=\"0\" data-group=\"0-0\">Driftstemperatur: -40 \u2103 ~ +85 \u2103<\/span><\/p>\n<p class=\"tgt\" data-section=\"1\"><span class=\"tgt\" data-section=\"1\" data-sentence=\"0\" data-group=\"1-0\">H\u00f8j str\u00f8mpulskapacitet: maksimal str\u00f8m op til 15A<\/span><\/p>\n<p class=\"tgt\" data-section=\"2\"><span class=\"tgt\" data-section=\"2\" data-sentence=\"0\" data-group=\"2-0\">Lav \u00e5rlig selvafladningshastighed:<\/span><span class=\"tgt\" data-section=\"2\" data-sentence=\"1\" data-group=\"2-1\"> 1% \/<\/span><\/p>\n<p class=\"tgt\" data-section=\"3\"><span class=\"tgt\" data-section=\"3\" data-sentence=\"0\" data-group=\"3-0\">Superlang levetid: 5000 100%DOD cyklusser<\/span><\/p>\n<p class=\"tgt\" data-section=\"4\"><span class=\"tgt\" data-section=\"4\" data-sentence=\"0\" data-group=\"4-0\">Lang levetid: mere end 10 \u00e5r (l\u00e6ngere end levetiden for elektrisk udstyr)<\/span><\/p>\n<p class=\"tgt\" data-section=\"5\"><span class=\"tgt\" data-section=\"5\" data-sentence=\"0\" data-group=\"5-0\">Opladning og afladning ved ekstreme temperaturer<\/span><\/p>\n<p class=\"tgt\" data-section=\"6\"><span class=\"tgt\" data-section=\"6\" data-sentence=\"0\" data-group=\"6-0\">Lasersvejset fuldforseglingsteknologi sikrer ingen l\u00e6kage under ekstreme forhold<\/span><\/p>\n<p class=\"tgt\" data-section=\"7\"><span class=\"tgt\" data-section=\"7\" data-sentence=\"0\" data-group=\"7-0\">Milj\u00f8beskyttelse gr\u00f8n ny energi<\/span><\/p>\n<p data-section=\"7\"><span class=\"tgt\" data-section=\"0\" data-sentence=\"0\" data-group=\"0-0\">Milit\u00e6r monteringsproces for h\u00f8jpulsstr\u00f8msbatteripakker: Longsing er fremstillet i n\u00f8je overensstemmelse med milit\u00e6rteknologi. F\u00f8r montering er det n\u00f8dvendigt at v\u00e6lge ultrakondensatorer med ensartet sp\u00e6nding og indre modstand for at kontrollere batteripakkens ensartethed og stabilitet og dermed undg\u00e5 ustabil ydeevne for\u00e5rsaget af inkonsekvent tilstand af et enkelt batteri under brug af ultrakondensatorbatteripakken.<\/span><span class=\"tgt\" data-section=\"0\" data-sentence=\"1\" data-group=\"0-1\"> Lansen kontrollerer n\u00f8je kvaliteten af hver gruppe af ultrakondensatorer f\u00f8r forsendelse, s\u00e5som: belastningssp\u00e6nding, tomgangssp\u00e6nding, batteriets indre modstand og andre kvalitetskontroller.<\/span><\/p>\n<p data-section=\"7\">Hvis din enhed har brug for st\u00f8rre str\u00f8m til at uploade kommunikationsdata til baggrunden, kan du bruge den lange r\u00e6kke af videnskab og teknologi inden for superkondensatorprodukter. Hvis du \u00f8nsker, at udstyrets levetid skal v\u00e6re l\u00e6ngere, kan lithiumthionylchloridbatteriet og superkondensatorbatteriet HPC monteres sammen. Dette kan f\u00e5 dit udstyr til at holde l\u00e6ngere, opretholde store str\u00f8mpulser, sp\u00e6ndingsstabilitet, lav temperatur og 40\u00b0 stor str\u00f8mafladning.<\/p>","protected":false},"excerpt":{"rendered":"<p class=\"tgt\" data-section=\"0\"><span class=\"tgt\" data-section=\"0\" data-sentence=\"0\" data-group=\"0-0\">Produktmodel: HPC1550-2S3P<\/span><\/p>\n<p class=\"tgt\" data-section=\"1\"><span class=\"tgt\" data-section=\"1\" data-sentence=\"0\" data-group=\"1-0\">Nominel sp\u00e6nding (V): 8V<\/span><\/p>\n<p class=\"tgt\" data-section=\"2\"><span class=\"tgt\" data-section=\"2\" data-sentence=\"0\" data-group=\"2-0\">Nominel kapacitet: 1500mAh<\/span><\/p>\n<p class=\"tgt\" data-section=\"3\"><span class=\"tgt\" data-section=\"3\" data-sentence=\"0\" data-group=\"3-0\">Maksimal pulsstr\u00f8m (A): 3A<\/span><\/p>\n<p class=\"tgt\" data-section=\"4\"><span class=\"tgt\" data-section=\"4\" data-sentence=\"0\" data-group=\"4-0\">Driftstemperatur: -40\u00b0 C til +85\u00b0 C<\/span><\/p>\n<p class=\"tgt\" data-section=\"5\"><span class=\"tgt\" data-section=\"5\" data-sentence=\"0\" data-group=\"5-0\">Termineringssp\u00e6nding (V): 2,5V<\/span><\/p>\n<p class=\"tgt\" data-section=\"6\"><span class=\"tgt\" data-section=\"6\" data-sentence=\"0\" data-group=\"6-0\">\u00c5rlig selvafladningshastighed: &lt; 1%<\/span><\/p>","protected":false},"featured_media":4621,"template":"","meta":{"_acf_changed":false,"site-sidebar-layout":"default","site-content-layout":"default","ast-site-content-layout":"","site-content-style":"default","site-sidebar-style":"default","ast-global-header-display":"","ast-banner-title-visibility":"","ast-main-header-display":"","ast-hfb-above-header-display":"","ast-hfb-below-header-display":"","ast-hfb-mobile-header-display":"","site-post-title":"","ast-breadcrumbs-content":"","ast-featured-img":"","footer-sml-layout":"","theme-transparent-header-meta":"default","adv-header-id-meta":"","stick-header-meta":"","header-above-stick-meta":"","header-main-stick-meta":"","header-below-stick-meta":"","astra-migrate-meta-layouts":"default","ast-page-background-enabled":"default","ast-page-background-meta":{"desktop":{"background-color":"","background-image":"","background-repeat":"repeat","background-position":"center center","background-size":"auto","background-attachment":"scroll","background-type":"","background-media":"","overlay-type":"","overlay-color":"","overlay-opacity":"","overlay-gradient":""},"tablet":{"background-color":"","background-image":"","background-repeat":"repeat","background-position":"center center","background-size":"auto","background-attachment":"scroll","background-type":"","background-media":"","overlay-type":"","overlay-color":"","overlay-opacity":"","overlay-gradient":""},"mobile":{"background-color":"","background-image":"","background-repeat":"repeat","background-position":"center center","background-size":"auto","background-attachment":"scroll","background-type":"","background-media":"","overlay-type":"","overlay-color":"","overlay-opacity":"","overlay-gradient":""}},"ast-content-background-meta":{"desktop":{"background-color":"var(--ast-global-color-5)","background-image":"","background-repeat":"repeat","background-position":"center center","background-size":"auto","background-attachment":"scroll","background-type":"","background-media":"","overlay-type":"","overlay-color":"","overlay-opacity":"","overlay-gradient":""},"tablet":{"background-color":"var(--ast-global-color-5)","background-image":"","background-repeat":"repeat","background-position":"center center","background-size":"auto","background-attachment":"scroll","background-type":"","background-media":"","overlay-type":"","overlay-color":"","overlay-opacity":"","overlay-gradient":""},"mobile":{"background-color":"var(--ast-global-color-5)","background-image":"","background-repeat":"repeat","background-position":"center center","background-size":"auto","background-attachment":"scroll","background-type":"","background-media":"","overlay-type":"","overlay-color":"","overlay-opacity":"","overlay-gradient":""}}},"product_brand":[],"product_cat":[39],"product_tag":[],"class_list":{"0":"post-4619","1":"product","2":"type-product","3":"status-publish","4":"has-post-thumbnail","6":"product_cat-custom-iot-battery-pack","7":"desktop-align-left","8":"tablet-align-left","9":"mobile-align-left","11":"first","12":"instock","13":"shipping-taxable","14":"product-type-simple"},"acf":[],"yoast_head":"<!-- This site is optimized with the Yoast SEO plugin v27.3 - https:\/\/yoast.com\/product\/yoast-seo-wordpress\/ -->\n<title>supercapacitor - Ahotech.com<\/title>\n<meta name=\"description\" content=\"Longsing produces supercapacitors with market leading performance, our fast lead times and customised solutions set Longsing apart.\" \/>\n<meta name=\"robots\" content=\"index, follow, max-snippet:-1, max-image-preview:large, max-video-preview:-1\" \/>\n<link rel=\"canonical\" href=\"https:\/\/www.ahotech.com\/da\/produkt\/superkondensator\/\" \/>\n<meta property=\"og:locale\" content=\"da_DK\" \/>\n<meta property=\"og:type\" content=\"article\" \/>\n<meta property=\"og:title\" content=\"supercapacitor - Ahotech.com\" \/>\n<meta property=\"og:description\" content=\"Longsing produces supercapacitors with market leading performance, our fast lead times and customised solutions set Longsing apart.\" \/>\n<meta property=\"og:url\" content=\"https:\/\/www.ahotech.com\/da\/produkt\/superkondensator\/\" \/>\n<meta property=\"og:site_name\" content=\"Ahotech.com\" \/>\n<meta property=\"article:modified_time\" content=\"2022-03-22T05:32:05+00:00\" \/>\n<meta property=\"og:image\" content=\"https:\/\/www.ahotech.com\/wp-content\/uploads\/2022\/03\/supercapacitor-battery.jpg\" \/>\n\t<meta property=\"og:image:width\" content=\"800\" \/>\n\t<meta property=\"og:image:height\" content=\"800\" \/>\n\t<meta property=\"og:image:type\" content=\"image\/jpeg\" \/>\n<meta name=\"twitter:card\" content=\"summary_large_image\" \/>\n<meta name=\"twitter:label1\" content=\"Estimeret l\u00e6setid\" \/>\n\t<meta name=\"twitter:data1\" content=\"2 minutter\" \/>\n<script type=\"application\/ld+json\" class=\"yoast-schema-graph\">{\"@context\":\"https:\\\/\\\/schema.org\",\"@graph\":[{\"@type\":\"WebPage\",\"@id\":\"https:\\\/\\\/www.ahotech.com\\\/et\\\/toode\\\/superkondensaator\\\/\",\"url\":\"https:\\\/\\\/www.ahotech.com\\\/et\\\/toode\\\/superkondensaator\\\/\",\"name\":\"supercapacitor - Ahotech.com\",\"isPartOf\":{\"@id\":\"https:\\\/\\\/www.ahotech.com\\\/es\\\/#website\"},\"primaryImageOfPage\":{\"@id\":\"https:\\\/\\\/www.ahotech.com\\\/et\\\/toode\\\/superkondensaator\\\/#primaryimage\"},\"image\":{\"@id\":\"https:\\\/\\\/www.ahotech.com\\\/et\\\/toode\\\/superkondensaator\\\/#primaryimage\"},\"thumbnailUrl\":\"https:\\\/\\\/www.ahotech.com\\\/wp-content\\\/uploads\\\/2022\\\/03\\\/supercapacitor-battery.jpg\",\"datePublished\":\"2022-03-22T05:31:58+00:00\",\"dateModified\":\"2022-03-22T05:32:05+00:00\",\"description\":\"Longsing produces supercapacitors with market leading performance, our fast lead times and customised solutions set Longsing apart.\",\"breadcrumb\":{\"@id\":\"https:\\\/\\\/www.ahotech.com\\\/et\\\/toode\\\/superkondensaator\\\/#breadcrumb\"},\"inLanguage\":\"da-DK\",\"potentialAction\":[{\"@type\":\"ReadAction\",\"target\":[\"https:\\\/\\\/www.ahotech.com\\\/et\\\/toode\\\/superkondensaator\\\/\"]}]},{\"@type\":\"ImageObject\",\"inLanguage\":\"da-DK\",\"@id\":\"https:\\\/\\\/www.ahotech.com\\\/et\\\/toode\\\/superkondensaator\\\/#primaryimage\",\"url\":\"https:\\\/\\\/www.ahotech.com\\\/wp-content\\\/uploads\\\/2022\\\/03\\\/supercapacitor-battery.jpg\",\"contentUrl\":\"https:\\\/\\\/www.ahotech.com\\\/wp-content\\\/uploads\\\/2022\\\/03\\\/supercapacitor-battery.jpg\",\"width\":800,\"height\":800,\"caption\":\"supercapacitor battery\"},{\"@type\":\"BreadcrumbList\",\"@id\":\"https:\\\/\\\/www.ahotech.com\\\/et\\\/toode\\\/superkondensaator\\\/#breadcrumb\",\"itemListElement\":[{\"@type\":\"ListItem\",\"position\":1,\"name\":\"Home\",\"item\":\"https:\\\/\\\/www.ahotech.com\\\/es\\\/\"},{\"@type\":\"ListItem\",\"position\":2,\"name\":\"Store\",\"item\":\"https:\\\/\\\/www.ahotech.com\\\/es\\\/store\\\/\"},{\"@type\":\"ListItem\",\"position\":3,\"name\":\"supercapacitor\"}]},{\"@type\":\"WebSite\",\"@id\":\"https:\\\/\\\/www.ahotech.com\\\/es\\\/#website\",\"url\":\"https:\\\/\\\/www.ahotech.com\\\/es\\\/\",\"name\":\"Ahotech.com\",\"description\":\"lithium battery manufacturers\",\"publisher\":{\"@id\":\"https:\\\/\\\/www.ahotech.com\\\/es\\\/#organization\"},\"potentialAction\":[{\"@type\":\"SearchAction\",\"target\":{\"@type\":\"EntryPoint\",\"urlTemplate\":\"https:\\\/\\\/www.ahotech.com\\\/es\\\/?s={search_term_string}\"},\"query-input\":{\"@type\":\"PropertyValueSpecification\",\"valueRequired\":true,\"valueName\":\"search_term_string\"}}],\"inLanguage\":\"da-DK\"},{\"@type\":\"Organization\",\"@id\":\"https:\\\/\\\/www.ahotech.com\\\/es\\\/#organization\",\"name\":\"Ahotech.com\",\"url\":\"https:\\\/\\\/www.ahotech.com\\\/es\\\/\",\"logo\":{\"@type\":\"ImageObject\",\"inLanguage\":\"da-DK\",\"@id\":\"https:\\\/\\\/www.ahotech.com\\\/es\\\/#\\\/schema\\\/logo\\\/image\\\/\",\"url\":\"https:\\\/\\\/www.ahotech.com\\\/wp-content\\\/uploads\\\/2021\\\/10\\\/battery-site-logo.jpg\",\"contentUrl\":\"https:\\\/\\\/www.ahotech.com\\\/wp-content\\\/uploads\\\/2021\\\/10\\\/battery-site-logo.jpg\",\"width\":1297,\"height\":465,\"caption\":\"Ahotech.com\"},\"image\":{\"@id\":\"https:\\\/\\\/www.ahotech.com\\\/es\\\/#\\\/schema\\\/logo\\\/image\\\/\"}}]}<\/script>\n<!-- \/ Yoast SEO plugin. -->","yoast_head_json":{"title":"superkondensator - Ahotech.com","description":"Longsing producerer superkondensatorer med markedsledende ydeevne, vores hurtige leveringstider og skr\u00e6ddersyede l\u00f8sninger adskiller Longsing fra andre.","robots":{"index":"index","follow":"follow","max-snippet":"max-snippet:-1","max-image-preview":"max-image-preview:large","max-video-preview":"max-video-preview:-1"},"canonical":"https:\/\/www.ahotech.com\/da\/produkt\/superkondensator\/","og_locale":"da_DK","og_type":"article","og_title":"supercapacitor - Ahotech.com","og_description":"Longsing produces supercapacitors with market leading performance, our fast lead times and customised solutions set Longsing apart.","og_url":"https:\/\/www.ahotech.com\/da\/produkt\/superkondensator\/","og_site_name":"Ahotech.com","article_modified_time":"2022-03-22T05:32:05+00:00","og_image":[{"width":800,"height":800,"url":"https:\/\/www.ahotech.com\/wp-content\/uploads\/2022\/03\/supercapacitor-battery.jpg","type":"image\/jpeg"}],"twitter_card":"summary_large_image","twitter_misc":{"Estimeret l\u00e6setid":"2 minutter"},"schema":{"@context":"https:\/\/schema.org","@graph":[{"@type":"WebPage","@id":"https:\/\/www.ahotech.com\/et\/toode\/superkondensaator\/","url":"https:\/\/www.ahotech.com\/et\/toode\/superkondensaator\/","name":"superkondensator - Ahotech.com","isPartOf":{"@id":"https:\/\/www.ahotech.com\/es\/#website"},"primaryImageOfPage":{"@id":"https:\/\/www.ahotech.com\/et\/toode\/superkondensaator\/#primaryimage"},"image":{"@id":"https:\/\/www.ahotech.com\/et\/toode\/superkondensaator\/#primaryimage"},"thumbnailUrl":"https:\/\/www.ahotech.com\/wp-content\/uploads\/2022\/03\/supercapacitor-battery.jpg","datePublished":"2022-03-22T05:31:58+00:00","dateModified":"2022-03-22T05:32:05+00:00","description":"Longsing producerer superkondensatorer med markedsledende ydeevne, vores hurtige leveringstider og skr\u00e6ddersyede l\u00f8sninger adskiller Longsing fra andre.","breadcrumb":{"@id":"https:\/\/www.ahotech.com\/et\/toode\/superkondensaator\/#breadcrumb"},"inLanguage":"da-DK","potentialAction":[{"@type":"ReadAction","target":["https:\/\/www.ahotech.com\/et\/toode\/superkondensaator\/"]}]},{"@type":"ImageObject","inLanguage":"da-DK","@id":"https:\/\/www.ahotech.com\/et\/toode\/superkondensaator\/#primaryimage","url":"https:\/\/www.ahotech.com\/wp-content\/uploads\/2022\/03\/supercapacitor-battery.jpg","contentUrl":"https:\/\/www.ahotech.com\/wp-content\/uploads\/2022\/03\/supercapacitor-battery.jpg","width":800,"height":800,"caption":"supercapacitor battery"},{"@type":"BreadcrumbList","@id":"https:\/\/www.ahotech.com\/et\/toode\/superkondensaator\/#breadcrumb","itemListElement":[{"@type":"ListItem","position":1,"name":"Home","item":"https:\/\/www.ahotech.com\/es\/"},{"@type":"ListItem","position":2,"name":"Store","item":"https:\/\/www.ahotech.com\/es\/store\/"},{"@type":"ListItem","position":3,"name":"supercapacitor"}]},{"@type":"WebSite","@id":"https:\/\/www.ahotech.com\/es\/#website","url":"https:\/\/www.ahotech.com\/es\/","name":"Ahotech.com","description":"producenter af litiumbatterier","publisher":{"@id":"https:\/\/www.ahotech.com\/es\/#organization"},"potentialAction":[{"@type":"SearchAction","target":{"@type":"EntryPoint","urlTemplate":"https:\/\/www.ahotech.com\/es\/?s={search_term_string}"},"query-input":{"@type":"PropertyValueSpecification","valueRequired":true,"valueName":"search_term_string"}}],"inLanguage":"da-DK"},{"@type":"Organization","@id":"https:\/\/www.ahotech.com\/es\/#organization","name":"Ahotech.com","url":"https:\/\/www.ahotech.com\/es\/","logo":{"@type":"ImageObject","inLanguage":"da-DK","@id":"https:\/\/www.ahotech.com\/es\/#\/schema\/logo\/image\/","url":"https:\/\/www.ahotech.com\/wp-content\/uploads\/2021\/10\/battery-site-logo.jpg","contentUrl":"https:\/\/www.ahotech.com\/wp-content\/uploads\/2021\/10\/battery-site-logo.jpg","width":1297,"height":465,"caption":"Ahotech.com"},"image":{"@id":"https:\/\/www.ahotech.com\/es\/#\/schema\/logo\/image\/"}}]}},"_links":{"self":[{"href":"https:\/\/www.ahotech.com\/da\/wp-json\/wp\/v2\/product\/4619","targetHints":{"allow":["GET"]}}],"collection":[{"href":"https:\/\/www.ahotech.com\/da\/wp-json\/wp\/v2\/product"}],"about":[{"href":"https:\/\/www.ahotech.com\/da\/wp-json\/wp\/v2\/types\/product"}],"version-history":[{"count":1,"href":"https:\/\/www.ahotech.com\/da\/wp-json\/wp\/v2\/product\/4619\/revisions"}],"predecessor-version":[{"id":4624,"href":"https:\/\/www.ahotech.com\/da\/wp-json\/wp\/v2\/product\/4619\/revisions\/4624"}],"wp:featuredmedia":[{"embeddable":true,"href":"https:\/\/www.ahotech.com\/da\/wp-json\/wp\/v2\/media\/4621"}],"wp:attachment":[{"href":"https:\/\/www.ahotech.com\/da\/wp-json\/wp\/v2\/media?parent=4619"}],"wp:term":[{"taxonomy":"product_brand","embeddable":true,"href":"https:\/\/www.ahotech.com\/da\/wp-json\/wp\/v2\/product_brand?post=4619"},{"taxonomy":"product_cat","embeddable":true,"href":"https:\/\/www.ahotech.com\/da\/wp-json\/wp\/v2\/product_cat?post=4619"},{"taxonomy":"product_tag","embeddable":true,"href":"https:\/\/www.ahotech.com\/da\/wp-json\/wp\/v2\/product_tag?post=4619"}],"curies":[{"name":"wp","href":"https:\/\/api.w.org\/{rel}","templated":true}]}}